{"id":6922,"date":"2022-08-24T03:44:13","date_gmt":"2022-08-24T03:44:13","guid":{"rendered":"https:\/\/feiasofi.net\/?page_id=26"},"modified":"2026-02-03T10:34:46","modified_gmt":"2026-02-03T10:34:46","slug":"our-services-2","status":"publish","type":"page","link":"https:\/\/feiasofi.net\/?page_id=6922","title":{"rendered":"Otros enlaces"},"content":{"rendered":"\t\t<div data-elementor-type=\"wp-page\" data-elementor-id=\"6922\" class=\"elementor elementor-6922\">\n\t\t\t\t<div class=\"elementor-element elementor-element-a7c0af4 e-flex e-con-boxed e-con e-parent\" data-id=\"a7c0af4\" data-element_type=\"container\" data-e-type=\"container\">\n\t\t\t\t\t<div class=\"e-con-inner\">\n\t\t<div class=\"elementor-element elementor-element-6bc64d3 e-con-full e-flex e-con e-child\" data-id=\"6bc64d3\" data-element_type=\"container\" data-e-type=\"container\">\n\t\t\t\t<div class=\"elementor-element elementor-element-dee0efe elementor-widget__width-initial elementor-widget elementor-widget-text-editor\" data-id=\"dee0efe\" data-element_type=\"widget\" data-e-type=\"widget\" data-widget_type=\"text-editor.default\">\n\t\t\t\t<div class=\"elementor-widget-container\">\n\t\t\t\t\t\t\t\t\t<div class=\"first\"><h3 class=\"page-header item-title\"><a href=\"https:\/\/feiasofi.net\/?page_id=8033\">Sociedades de F\u00edsica miembros de la FEIASOFI<\/a>\u00a0<span class=\"badge badge-info tip hasTooltip\" title=\"\" data-original-title=\"Enlaces en categor\u00edas\">17<\/span><\/h3><\/div><div><h3 class=\"page-header item-title\"><a href=\"https:\/\/feiasofi.net\/?page_id=8045\">Otras Sociedades de F\u00edsica<\/a>\u00a0<span class=\"badge badge-info tip hasTooltip\" title=\"\" data-original-title=\"Enlaces en categor\u00edas\">12<\/span><\/h3><\/div><div><h3 class=\"page-header item-title\"><a href=\"https:\/\/feiasofi.net\/?page_id=8056\">Instituciones y Administraciones P\u00fablicas<\/a>\u00a0<span class=\"badge badge-info tip hasTooltip\" title=\"\" data-original-title=\"Enlaces en categor\u00edas\">11<\/span><\/h3><\/div><div><h3 class=\"page-header item-title\"><a href=\"https:\/\/feiasofi.net\/?page_id=8073\">Centros educativos y de investigaci\u00f3n en el mundo<\/a>\u00a0<span class=\"badge badge-info tip hasTooltip\" title=\"\" data-original-title=\"Enlaces en categor\u00edas\">12<\/span><\/h3><\/div><div><h3 class=\"page-header item-title\"><a href=\"https:\/\/feiasofi.net\/?page_id=8082\">Actualidad e Informaci\u00f3n sobre F\u00edsica<\/a> 3<\/h3><\/div><div><h3 class=\"page-header item-title\"><a href=\"https:\/\/feiasofi.net\/?page_id=8092\">Publicaciones, editoriales y librer\u00edas<\/a>\u00a0<span class=\"badge badge-info tip hasTooltip\" title=\"\" data-original-title=\"Enlaces en categor\u00edas\">12<\/span><\/h3><\/div><div><h3 class=\"page-header item-title\"><a href=\"https:\/\/feiasofi.net\/?page_id=8101\">Herramientas y recursos en Internet<\/a> 4<\/h3><\/div><div><h3 class=\"page-header item-title\"><a href=\"https:\/\/feiasofi.net\/?page_id=8111\">F\u00edsica de base<\/a>\u00a0<span class=\"badge badge-info tip hasTooltip\" title=\"\" data-original-title=\"Enlaces en categor\u00edas\">1<\/span><\/h3><\/div><div><h3 class=\"page-header item-title\"><a href=\"https:\/\/feiasofi.net\/?page_id=8120\">Temas educativos<\/a>\u00a0<span class=\"badge badge-info tip hasTooltip\" title=\"\" data-original-title=\"Enlaces en categor\u00edas\">3<\/span><\/h3><\/div><div><h3 class=\"page-header item-title\"><a href=\"https:\/\/feiasofi.net\/?page_id=8129\">Cursos de inter\u00e9s en F\u00edsica avanzada<\/a> 2<\/h3><\/div><div><h3 class=\"page-header item-title\"><a href=\"https:\/\/feiasofi.net\/?page_id=8138\">Publicaciones completas en Internet sobre F\u00edsica<\/a>\u00a0<span class=\"badge badge-info tip hasTooltip\" title=\"\" data-original-title=\"Enlaces en categor\u00edas\">9<\/span><\/h3><\/div><div class=\"last\"><h3 class=\"page-header item-title\"><a href=\"https:\/\/feiasofi.net\/?page_id=8147\">Fundaciones<\/a>\u00a0<span class=\"badge badge-info tip hasTooltip\" title=\"\" data-original-title=\"Enlaces en categor\u00edas\">11<\/span><\/h3><\/div>\t\t\t\t\t\t\t\t<\/div>\n\t\t\t\t<\/div>\n\t\t\t\t<\/div>\n\t\t<div class=\"elementor-element elementor-element-995e22a e-con-full e-flex e-con e-child\" data-id=\"995e22a\" data-element_type=\"container\" data-e-type=\"container\">\n\t\t\t\t<div class=\"elementor-element elementor-element-be2ece2 elementor-widget__width-initial elementor-widget elementor-widget-image\" data-id=\"be2ece2\" data-element_type=\"widget\" data-e-type=\"widget\" data-widget_type=\"image.default\">\n\t\t\t\t<div class=\"elementor-widget-container\">\n\t\t\t\t\t\t\t\t\t\t\t\t\t\t\t<img fetchpriority=\"high\" decoding=\"async\" width=\"722\" height=\"1024\" src=\"https:\/\/feiasofi.net\/wp-content\/uploads\/2025\/05\/astronomer-154978_1280.png\" class=\"attachment-large size-large wp-image-8160\" alt=\"\" \/>\t\t\t\t\t\t\t\t\t\t\t\t\t\t\t<\/div>\n\t\t\t\t<\/div>\n\t\t\t\t<\/div>\n\t\t\t\t\t<\/div>\n\t\t\t\t<\/div>\n\t\t<div class=\"elementor-element elementor-element-def1f6b e-flex e-con-boxed e-con e-parent\" data-id=\"def1f6b\" data-element_type=\"container\" data-e-type=\"container\">\n\t\t\t\t\t<div class=\"e-con-inner\">\n\t\t\t\t\t<\/div>\n\t\t\t\t<\/div>\n\t\t<div class=\"elementor-element elementor-element-54c6a30 e-flex e-con-boxed e-con e-parent\" data-id=\"54c6a30\" data-element_type=\"container\" data-e-type=\"container\">\n\t\t\t\t\t<div class=\"e-con-inner\">\n\t\t\t\t\t<\/div>\n\t\t\t\t<\/div>\n\t\t\t\t<\/div>\n\t\t","protected":false},"excerpt":{"rendered":"<p>Sociedades de F\u00edsica miembros de la FEIASOFI\u00a017 Otras Sociedades de F\u00edsica\u00a012 Instituciones y Administraciones P\u00fablicas\u00a011 Centros educativos y de investigaci\u00f3n en el mundo\u00a012 Actualidad e Informaci\u00f3n sobre F\u00edsica 3 Publicaciones, editoriales y librer\u00edas\u00a012 Herramientas y recursos en Internet 4 F\u00edsica de base\u00a01 Temas educativos\u00a03 Cursos de inter\u00e9s en F\u00edsica avanzada 2 Publicaciones completas en Internet [&hellip;]<\/p>\n","protected":false},"author":1,"featured_media":0,"parent":0,"menu_order":0,"comment_status":"closed","ping_status":"closed","template":"elementor_header_footer","meta":{"footnotes":""},"class_list":["post-6922","page","type-page","status-publish","hentry"],"yoast_head":"<!-- This site is optimized with the Yoast SEO plugin v27.1.1 - https:\/\/yoast.com\/product\/yoast-seo-wordpress\/ -->\n<title>Otros enlaces - Feiasofi<\/title>\n<meta name=\"robots\" content=\"index, follow, max-snippet:-1, max-image-preview:large, max-video-preview:-1\" \/>\n<link rel=\"canonical\" href=\"https:\/\/feiasofi.net\/?page_id=6922\" \/>\n<meta property=\"og:locale\" content=\"es_ES\" \/>\n<meta property=\"og:type\" content=\"article\" \/>\n<meta property=\"og:title\" content=\"Otros enlaces - Feiasofi\" \/>\n<meta property=\"og:description\" content=\"Sociedades de F\u00edsica miembros de la FEIASOFI\u00a017 Otras Sociedades de F\u00edsica\u00a012 Instituciones y Administraciones P\u00fablicas\u00a011 Centros educativos y de investigaci\u00f3n en el mundo\u00a012 Actualidad e Informaci\u00f3n sobre F\u00edsica 3 Publicaciones, editoriales y librer\u00edas\u00a012 Herramientas y recursos en Internet 4 F\u00edsica de base\u00a01 Temas educativos\u00a03 Cursos de inter\u00e9s en F\u00edsica avanzada 2 Publicaciones completas en Internet [&hellip;]\" \/>\n<meta property=\"og:url\" content=\"https:\/\/feiasofi.net\/?page_id=6922\" \/>\n<meta property=\"og:site_name\" content=\"Feiasofi\" \/>\n<meta property=\"article:modified_time\" content=\"2026-02-03T10:34:46+00:00\" \/>\n<meta property=\"og:image\" content=\"https:\/\/feiasofi.net\/wp-content\/uploads\/2025\/05\/astronomer-154978_1280.png\" \/>\n\t<meta property=\"og:image:width\" content=\"903\" \/>\n\t<meta property=\"og:image:height\" content=\"1280\" \/>\n\t<meta property=\"og:image:type\" content=\"image\/png\" \/>\n<meta name=\"twitter:card\" content=\"summary_large_image\" \/>\n<meta name=\"twitter:label1\" content=\"Tiempo de lectura\" \/>\n\t<meta name=\"twitter:data1\" content=\"1 minuto\" \/>\n<script type=\"application\/ld+json\" class=\"yoast-schema-graph\">{\"@context\":\"https:\/\/schema.org\",\"@graph\":[{\"@type\":\"WebPage\",\"@id\":\"https:\/\/feiasofi.net\/?page_id=6922\",\"url\":\"https:\/\/feiasofi.net\/?page_id=6922\",\"name\":\"Otros enlaces - Feiasofi\",\"isPartOf\":{\"@id\":\"https:\/\/feiasofi.net\/#website\"},\"primaryImageOfPage\":{\"@id\":\"https:\/\/feiasofi.net\/?page_id=6922#primaryimage\"},\"image\":{\"@id\":\"https:\/\/feiasofi.net\/?page_id=6922#primaryimage\"},\"thumbnailUrl\":\"https:\/\/feiasofi.net\/wp-content\/uploads\/2025\/05\/astronomer-154978_1280.png\",\"datePublished\":\"2022-08-24T03:44:13+00:00\",\"dateModified\":\"2026-02-03T10:34:46+00:00\",\"breadcrumb\":{\"@id\":\"https:\/\/feiasofi.net\/?page_id=6922#breadcrumb\"},\"inLanguage\":\"es\",\"potentialAction\":[{\"@type\":\"ReadAction\",\"target\":[\"https:\/\/feiasofi.net\/?page_id=6922\"]}]},{\"@type\":\"ImageObject\",\"inLanguage\":\"es\",\"@id\":\"https:\/\/feiasofi.net\/?page_id=6922#primaryimage\",\"url\":\"https:\/\/feiasofi.net\/wp-content\/uploads\/2025\/05\/astronomer-154978_1280.png\",\"contentUrl\":\"https:\/\/feiasofi.net\/wp-content\/uploads\/2025\/05\/astronomer-154978_1280.png\",\"width\":903,\"height\":1280},{\"@type\":\"BreadcrumbList\",\"@id\":\"https:\/\/feiasofi.net\/?page_id=6922#breadcrumb\",\"itemListElement\":[{\"@type\":\"ListItem\",\"position\":1,\"name\":\"Portada\",\"item\":\"https:\/\/feiasofi.net\/\"},{\"@type\":\"ListItem\",\"position\":2,\"name\":\"Otros enlaces\"}]},{\"@type\":\"WebSite\",\"@id\":\"https:\/\/feiasofi.net\/#website\",\"url\":\"https:\/\/feiasofi.net\/\",\"name\":\"Feiasofi\",\"description\":\"\",\"potentialAction\":[{\"@type\":\"SearchAction\",\"target\":{\"@type\":\"EntryPoint\",\"urlTemplate\":\"https:\/\/feiasofi.net\/?s={search_term_string}\"},\"query-input\":{\"@type\":\"PropertyValueSpecification\",\"valueRequired\":true,\"valueName\":\"search_term_string\"}}],\"inLanguage\":\"es\"}]}<\/script>\n<!-- \/ Yoast SEO plugin. -->","yoast_head_json":{"title":"Otros enlaces - Feiasofi","robots":{"index":"index","follow":"follow","max-snippet":"max-snippet:-1","max-image-preview":"max-image-preview:large","max-video-preview":"max-video-preview:-1"},"canonical":"https:\/\/feiasofi.net\/?page_id=6922","og_locale":"es_ES","og_type":"article","og_title":"Otros enlaces - Feiasofi","og_description":"Sociedades de F\u00edsica miembros de la FEIASOFI\u00a017 Otras Sociedades de F\u00edsica\u00a012 Instituciones y Administraciones P\u00fablicas\u00a011 Centros educativos y de investigaci\u00f3n en el mundo\u00a012 Actualidad e Informaci\u00f3n sobre F\u00edsica 3 Publicaciones, editoriales y librer\u00edas\u00a012 Herramientas y recursos en Internet 4 F\u00edsica de base\u00a01 Temas educativos\u00a03 Cursos de inter\u00e9s en F\u00edsica avanzada 2 Publicaciones completas en Internet [&hellip;]","og_url":"https:\/\/feiasofi.net\/?page_id=6922","og_site_name":"Feiasofi","article_modified_time":"2026-02-03T10:34:46+00:00","og_image":[{"width":903,"height":1280,"url":"https:\/\/feiasofi.net\/wp-content\/uploads\/2025\/05\/astronomer-154978_1280.png","type":"image\/png"}],"twitter_card":"summary_large_image","twitter_misc":{"Tiempo de lectura":"1 minuto"},"schema":{"@context":"https:\/\/schema.org","@graph":[{"@type":"WebPage","@id":"https:\/\/feiasofi.net\/?page_id=6922","url":"https:\/\/feiasofi.net\/?page_id=6922","name":"Otros enlaces - Feiasofi","isPartOf":{"@id":"https:\/\/feiasofi.net\/#website"},"primaryImageOfPage":{"@id":"https:\/\/feiasofi.net\/?page_id=6922#primaryimage"},"image":{"@id":"https:\/\/feiasofi.net\/?page_id=6922#primaryimage"},"thumbnailUrl":"https:\/\/feiasofi.net\/wp-content\/uploads\/2025\/05\/astronomer-154978_1280.png","datePublished":"2022-08-24T03:44:13+00:00","dateModified":"2026-02-03T10:34:46+00:00","breadcrumb":{"@id":"https:\/\/feiasofi.net\/?page_id=6922#breadcrumb"},"inLanguage":"es","potentialAction":[{"@type":"ReadAction","target":["https:\/\/feiasofi.net\/?page_id=6922"]}]},{"@type":"ImageObject","inLanguage":"es","@id":"https:\/\/feiasofi.net\/?page_id=6922#primaryimage","url":"https:\/\/feiasofi.net\/wp-content\/uploads\/2025\/05\/astronomer-154978_1280.png","contentUrl":"https:\/\/feiasofi.net\/wp-content\/uploads\/2025\/05\/astronomer-154978_1280.png","width":903,"height":1280},{"@type":"BreadcrumbList","@id":"https:\/\/feiasofi.net\/?page_id=6922#breadcrumb","itemListElement":[{"@type":"ListItem","position":1,"name":"Portada","item":"https:\/\/feiasofi.net\/"},{"@type":"ListItem","position":2,"name":"Otros enlaces"}]},{"@type":"WebSite","@id":"https:\/\/feiasofi.net\/#website","url":"https:\/\/feiasofi.net\/","name":"Feiasofi","description":"","potentialAction":[{"@type":"SearchAction","target":{"@type":"EntryPoint","urlTemplate":"https:\/\/feiasofi.net\/?s={search_term_string}"},"query-input":{"@type":"PropertyValueSpecification","valueRequired":true,"valueName":"search_term_string"}}],"inLanguage":"es"}]}},"_links":{"self":[{"href":"https:\/\/feiasofi.net\/index.php?rest_route=\/wp\/v2\/pages\/6922","targetHints":{"allow":["GET"]}}],"collection":[{"href":"https:\/\/feiasofi.net\/index.php?rest_route=\/wp\/v2\/pages"}],"about":[{"href":"https:\/\/feiasofi.net\/index.php?rest_route=\/wp\/v2\/types\/page"}],"author":[{"embeddable":true,"href":"https:\/\/feiasofi.net\/index.php?rest_route=\/wp\/v2\/users\/1"}],"replies":[{"embeddable":true,"href":"https:\/\/feiasofi.net\/index.php?rest_route=%2Fwp%2Fv2%2Fcomments&post=6922"}],"version-history":[{"count":35,"href":"https:\/\/feiasofi.net\/index.php?rest_route=\/wp\/v2\/pages\/6922\/revisions"}],"predecessor-version":[{"id":9150,"href":"https:\/\/feiasofi.net\/index.php?rest_route=\/wp\/v2\/pages\/6922\/revisions\/9150"}],"wp:attachment":[{"href":"https:\/\/feiasofi.net\/index.php?rest_route=%2Fwp%2Fv2%2Fmedia&parent=6922"}],"curies":[{"name":"wp","href":"https:\/\/api.w.org\/{rel}","templated":true}]}}