{"id":7130,"date":"2025-04-10T13:16:10","date_gmt":"2025-04-10T13:16:10","guid":{"rendered":"https:\/\/feiasofi.net\/?page_id=7130"},"modified":"2025-06-24T11:12:56","modified_gmt":"2025-06-24T11:12:56","slug":"historia-de-la-feiasofi","status":"publish","type":"page","link":"https:\/\/feiasofi.net\/?page_id=7130","title":{"rendered":"Historia de la Feiasofi"},"content":{"rendered":"\t\t<div data-elementor-type=\"wp-page\" data-elementor-id=\"7130\" class=\"elementor elementor-7130\">\n\t\t\t\t<div class=\"elementor-element elementor-element-796e769 e-flex e-con-boxed e-con e-parent\" data-id=\"796e769\" data-element_type=\"container\" data-e-type=\"container\">\n\t\t\t\t\t<div class=\"e-con-inner\">\n\t\t\t\t<div class=\"elementor-element elementor-element-3236323 elementor-widget elementor-widget-heading\" data-id=\"3236323\" data-element_type=\"widget\" data-e-type=\"widget\" data-widget_type=\"heading.default\">\n\t\t\t\t<div class=\"elementor-widget-container\">\n\t\t\t\t\t<h1 class=\"elementor-heading-title elementor-size-default\">Historia de la FEIASOFI<\/h1>\t\t\t\t<\/div>\n\t\t\t\t<\/div>\n\t\t\t\t\t<\/div>\n\t\t\t\t<\/div>\n\t\t<div class=\"elementor-element elementor-element-59a5859 e-flex e-con-boxed e-con e-parent\" data-id=\"59a5859\" data-element_type=\"container\" data-e-type=\"container\">\n\t\t\t\t\t<div class=\"e-con-inner\">\n\t\t<div class=\"elementor-element elementor-element-0e5c05b e-con-full e-flex e-con e-child\" data-id=\"0e5c05b\" data-element_type=\"container\" data-e-type=\"container\">\n\t\t\t\t<div class=\"elementor-element elementor-element-8eedba7 elementor-widget elementor-widget-image\" data-id=\"8eedba7\" data-element_type=\"widget\" data-e-type=\"widget\" data-widget_type=\"image.default\">\n\t\t\t\t<div class=\"elementor-widget-container\">\n\t\t\t\t\t\t\t\t\t\t\t\t\t\t\t<img decoding=\"async\" width=\"150\" height=\"199\" src=\"https:\/\/feiasofi.net\/wp-content\/uploads\/2025\/04\/ruisf.jpg\" class=\"attachment-large size-large wp-image-7794\" alt=\"\" \/>\t\t\t\t\t\t\t\t\t\t\t\t\t\t\t<\/div>\n\t\t\t\t<\/div>\n\t\t\t\t<\/div>\n\t\t<div class=\"elementor-element elementor-element-ba5fe7d e-con-full e-flex e-con e-child\" data-id=\"ba5fe7d\" data-element_type=\"container\" data-e-type=\"container\">\n\t\t\t\t<div class=\"elementor-element elementor-element-247fd38d elementor-widget elementor-widget-text-editor\" data-id=\"247fd38d\" data-element_type=\"widget\" data-e-type=\"widget\" data-widget_type=\"text-editor.default\">\n\t\t\t\t<div class=\"elementor-widget-container\">\n\t\t\t\t\t\t\t\t\t<p>La Uni\u00f3n Iberoamericana de Sociedades de F\u00edsica nace en la Habana en el a\u00f1o 1996 gracias a un acuerdo firmado por la FELASOFI, la Sociedad Portuguesa de F\u00edsica y la Real Sociedad Espa\u00f1ola de F\u00edsica. Este acuerdo fue firmado por los presidentes de las tres Instituciones. Ya en el a\u00f1o siguiente en Cartagena de Indias (Colombia) en la reuni\u00f3n anual del Consejo directivo de la FELASOFI participaron los otros dos miembros de la UISF, es decir Espa\u00f1a y Portugal. La presencia de estas dos sociedades potenciaba el intercambio de cient\u00edficos y aumentaba la organizaci\u00f3n de actividades de las que ya ven\u00eda realizando la FELASOFI.<\/p>\n<p><!-- \/wp:paragraph --><!-- wp:paragraph --><\/p>\n<p><!-- \/wp:paragraph --><!-- wp:paragraph --><\/p>\n<p>\u00a0<\/p>\n<p><!-- \/wp:paragraph --><!-- wp:paragraph --><\/p>\n<p><!-- \/wp:paragraph --><\/p>\t\t\t\t\t\t\t\t<\/div>\n\t\t\t\t<\/div>\n\t\t\t\t<\/div>\n\t\t\t\t\t<\/div>\n\t\t\t\t<\/div>\n\t\t<div class=\"elementor-element elementor-element-57606a5f e-flex e-con-boxed e-con e-parent\" data-id=\"57606a5f\" data-element_type=\"container\" data-e-type=\"container\">\n\t\t\t\t\t<div class=\"e-con-inner\">\n\t\t\t\t<div class=\"elementor-element elementor-element-7616fac elementor-widget elementor-widget-text-editor\" data-id=\"7616fac\" data-element_type=\"widget\" data-e-type=\"widget\" data-widget_type=\"text-editor.default\">\n\t\t\t\t<div class=\"elementor-widget-container\">\n\t\t\t\t\t\t\t\t\t<p>La siguiente reuni\u00f3n se celebr\u00f3 el a\u00f1o 1998 en Cuernavaca (M\u00e9xico) donde tambi\u00e9n particip\u00f3 como invitada la sociedad Americana de F\u00edsica (APS). Siendo en 1999 la UISF invitada por la APS para participar en los actos conmemorativos del centenario de esta sociedad en Atlanta (USA).<\/p>\n<p>En el a\u00f1o 2000 la reuni\u00f3n de la FELASOFI y de la UISF se celebr\u00f3 en El Escorial (Espa\u00f1a) donde participaron adem\u00e1s diversas entidades espa\u00f1olas como el Colegio de F\u00edsicos de Espa\u00f1a y el organismo iberoamericano con sede en Madrid, CYTED.<\/p>\n<p>En el a\u00f1o 2001 se celebr\u00f3 la reuni\u00f3n en Morelia (M\u00e9xico) y la reuni\u00f3n que se deber\u00eda celebrar en el a\u00f1o 2002 se celebr\u00f3 en el inicio del 2003 en Caxambu (Brasil). Siendo la \u00faltima reuni\u00f3n la de Madrid en diciembre del 2003.<\/p>\n<p>En todas estas reuniones, adem\u00e1s de presentar las diferentes sociedades sus actividades se planificaron una serie de escuelas, talleres, congresos en la regi\u00f3n iberoamericana y se potenciaron los intercambios entre cient\u00edficos y educadores de los diferentes pa\u00edses.<\/p>\n<p>En la \u00faltima reuni\u00f3n como se puede ver anteriormente se han tomado una serie de decisiones muy importantes como es la publicaci\u00f3n del\u00a0<a href=\"http:\/\/calima.univalle.edu.co\/feiasofi\/libro-blanco-SPF.pdf\" target=\"_blank\" rel=\"noreferrer noopener\">libro blanco de las sociedades iberoamericanas de f\u00edsica<\/a>\u00a0y por primera vez despu\u00e9s de varias discusiones en los a\u00f1os precedentes se ha tomado la decisi\u00f3n de publicar una\u00a0<a href=\"https:\/\/www.feiasofi.net\/index.php\/component\/content\/?task=category&amp;sectionid=7&amp;id=23&amp;Itemid=40\">revista iberoamericana de f\u00edsica<\/a>\u00a0que ser\u00e1 el comienzo de una pol\u00edtica editorial conjunta de la UISF.<\/p>\n<p>Para la pr\u00f3xima reuni\u00f3n se piensa discutir los estatutos que regir\u00e1n la vida de esta Uni\u00f3n.<\/p>\n<p>El primero de octubre del a\u00f1o 2005 en La Plata (Argentina) fueron acordados los\u00a0estatutos por los representantes de las sociedades de F\u00edsica de varios pa\u00edses iberoamericanos,\u00a0 <a href=\"https:\/\/feiasofi.net\/wp-content\/uploads\/2025\/06\/Estatutos-FEiASOFI.pdf\">ratific\u00e1ndose por las juntas directivas de las sociedades miembro en Lisboa, el 12 de septiembre del a\u00f1o 2008<\/a>. Se acord\u00f3 tambi\u00e9n cambiar el nombre de UISF por Federaci\u00f3n Iberoamericana de Sociedades de F\u00edsica (FEIASOFI).<\/p>\t\t\t\t\t\t\t\t<\/div>\n\t\t\t\t<\/div>\n\t\t\t\t\t<\/div>\n\t\t\t\t<\/div>\n\t\t\t\t<\/div>\n\t\t","protected":false},"excerpt":{"rendered":"<p>Historia de la FEIASOFI La Uni\u00f3n Iberoamericana de Sociedades de F\u00edsica nace en la Habana en el a\u00f1o 1996 gracias a un acuerdo firmado por la FELASOFI, la Sociedad Portuguesa de F\u00edsica y la Real Sociedad Espa\u00f1ola de F\u00edsica. Este acuerdo fue firmado por los presidentes de las tres Instituciones. Ya en el a\u00f1o siguiente [&hellip;]<\/p>\n","protected":false},"author":1,"featured_media":0,"parent":0,"menu_order":0,"comment_status":"closed","ping_status":"closed","template":"elementor_header_footer","meta":{"footnotes":""},"class_list":["post-7130","page","type-page","status-publish","hentry"],"yoast_head":"<!-- This site is optimized with the Yoast SEO plugin v27.1.1 - https:\/\/yoast.com\/product\/yoast-seo-wordpress\/ -->\n<title>Historia de la Feiasofi - Feiasofi<\/title>\n<meta name=\"robots\" content=\"index, follow, max-snippet:-1, max-image-preview:large, max-video-preview:-1\" \/>\n<link rel=\"canonical\" href=\"https:\/\/feiasofi.net\/?page_id=7130\" \/>\n<meta property=\"og:locale\" content=\"es_ES\" \/>\n<meta property=\"og:type\" content=\"article\" \/>\n<meta property=\"og:title\" content=\"Historia de la Feiasofi - Feiasofi\" \/>\n<meta property=\"og:description\" content=\"Historia de la FEIASOFI La Uni\u00f3n Iberoamericana de Sociedades de F\u00edsica nace en la Habana en el a\u00f1o 1996 gracias a un acuerdo firmado por la FELASOFI, la Sociedad Portuguesa de F\u00edsica y la Real Sociedad Espa\u00f1ola de F\u00edsica. Este acuerdo fue firmado por los presidentes de las tres Instituciones. Ya en el a\u00f1o siguiente [&hellip;]\" \/>\n<meta property=\"og:url\" content=\"https:\/\/feiasofi.net\/?page_id=7130\" \/>\n<meta property=\"og:site_name\" content=\"Feiasofi\" \/>\n<meta property=\"article:modified_time\" content=\"2025-06-24T11:12:56+00:00\" \/>\n<meta property=\"og:image\" content=\"https:\/\/feiasofi.net\/wp-content\/uploads\/2025\/04\/ruisf.jpg\" \/>\n\t<meta property=\"og:image:width\" content=\"150\" \/>\n\t<meta property=\"og:image:height\" content=\"199\" \/>\n\t<meta property=\"og:image:type\" content=\"image\/jpeg\" \/>\n<meta name=\"twitter:card\" content=\"summary_large_image\" \/>\n<meta name=\"twitter:label1\" content=\"Tiempo de lectura\" \/>\n\t<meta name=\"twitter:data1\" content=\"3 minutos\" \/>\n<script type=\"application\/ld+json\" class=\"yoast-schema-graph\">{\"@context\":\"https:\/\/schema.org\",\"@graph\":[{\"@type\":\"WebPage\",\"@id\":\"https:\/\/feiasofi.net\/?page_id=7130\",\"url\":\"https:\/\/feiasofi.net\/?page_id=7130\",\"name\":\"Historia de la Feiasofi - Feiasofi\",\"isPartOf\":{\"@id\":\"https:\/\/feiasofi.net\/#website\"},\"primaryImageOfPage\":{\"@id\":\"https:\/\/feiasofi.net\/?page_id=7130#primaryimage\"},\"image\":{\"@id\":\"https:\/\/feiasofi.net\/?page_id=7130#primaryimage\"},\"thumbnailUrl\":\"https:\/\/feiasofi.net\/wp-content\/uploads\/2025\/04\/ruisf.jpg\",\"datePublished\":\"2025-04-10T13:16:10+00:00\",\"dateModified\":\"2025-06-24T11:12:56+00:00\",\"breadcrumb\":{\"@id\":\"https:\/\/feiasofi.net\/?page_id=7130#breadcrumb\"},\"inLanguage\":\"es\",\"potentialAction\":[{\"@type\":\"ReadAction\",\"target\":[\"https:\/\/feiasofi.net\/?page_id=7130\"]}]},{\"@type\":\"ImageObject\",\"inLanguage\":\"es\",\"@id\":\"https:\/\/feiasofi.net\/?page_id=7130#primaryimage\",\"url\":\"https:\/\/feiasofi.net\/wp-content\/uploads\/2025\/04\/ruisf.jpg\",\"contentUrl\":\"https:\/\/feiasofi.net\/wp-content\/uploads\/2025\/04\/ruisf.jpg\",\"width\":150,\"height\":199},{\"@type\":\"BreadcrumbList\",\"@id\":\"https:\/\/feiasofi.net\/?page_id=7130#breadcrumb\",\"itemListElement\":[{\"@type\":\"ListItem\",\"position\":1,\"name\":\"Portada\",\"item\":\"https:\/\/feiasofi.net\/\"},{\"@type\":\"ListItem\",\"position\":2,\"name\":\"Historia de la Feiasofi\"}]},{\"@type\":\"WebSite\",\"@id\":\"https:\/\/feiasofi.net\/#website\",\"url\":\"https:\/\/feiasofi.net\/\",\"name\":\"Feiasofi\",\"description\":\"\",\"potentialAction\":[{\"@type\":\"SearchAction\",\"target\":{\"@type\":\"EntryPoint\",\"urlTemplate\":\"https:\/\/feiasofi.net\/?s={search_term_string}\"},\"query-input\":{\"@type\":\"PropertyValueSpecification\",\"valueRequired\":true,\"valueName\":\"search_term_string\"}}],\"inLanguage\":\"es\"}]}<\/script>\n<!-- \/ Yoast SEO plugin. -->","yoast_head_json":{"title":"Historia de la Feiasofi - Feiasofi","robots":{"index":"index","follow":"follow","max-snippet":"max-snippet:-1","max-image-preview":"max-image-preview:large","max-video-preview":"max-video-preview:-1"},"canonical":"https:\/\/feiasofi.net\/?page_id=7130","og_locale":"es_ES","og_type":"article","og_title":"Historia de la Feiasofi - Feiasofi","og_description":"Historia de la FEIASOFI La Uni\u00f3n Iberoamericana de Sociedades de F\u00edsica nace en la Habana en el a\u00f1o 1996 gracias a un acuerdo firmado por la FELASOFI, la Sociedad Portuguesa de F\u00edsica y la Real Sociedad Espa\u00f1ola de F\u00edsica. Este acuerdo fue firmado por los presidentes de las tres Instituciones. Ya en el a\u00f1o siguiente [&hellip;]","og_url":"https:\/\/feiasofi.net\/?page_id=7130","og_site_name":"Feiasofi","article_modified_time":"2025-06-24T11:12:56+00:00","og_image":[{"width":150,"height":199,"url":"https:\/\/feiasofi.net\/wp-content\/uploads\/2025\/04\/ruisf.jpg","type":"image\/jpeg"}],"twitter_card":"summary_large_image","twitter_misc":{"Tiempo de lectura":"3 minutos"},"schema":{"@context":"https:\/\/schema.org","@graph":[{"@type":"WebPage","@id":"https:\/\/feiasofi.net\/?page_id=7130","url":"https:\/\/feiasofi.net\/?page_id=7130","name":"Historia de la Feiasofi - Feiasofi","isPartOf":{"@id":"https:\/\/feiasofi.net\/#website"},"primaryImageOfPage":{"@id":"https:\/\/feiasofi.net\/?page_id=7130#primaryimage"},"image":{"@id":"https:\/\/feiasofi.net\/?page_id=7130#primaryimage"},"thumbnailUrl":"https:\/\/feiasofi.net\/wp-content\/uploads\/2025\/04\/ruisf.jpg","datePublished":"2025-04-10T13:16:10+00:00","dateModified":"2025-06-24T11:12:56+00:00","breadcrumb":{"@id":"https:\/\/feiasofi.net\/?page_id=7130#breadcrumb"},"inLanguage":"es","potentialAction":[{"@type":"ReadAction","target":["https:\/\/feiasofi.net\/?page_id=7130"]}]},{"@type":"ImageObject","inLanguage":"es","@id":"https:\/\/feiasofi.net\/?page_id=7130#primaryimage","url":"https:\/\/feiasofi.net\/wp-content\/uploads\/2025\/04\/ruisf.jpg","contentUrl":"https:\/\/feiasofi.net\/wp-content\/uploads\/2025\/04\/ruisf.jpg","width":150,"height":199},{"@type":"BreadcrumbList","@id":"https:\/\/feiasofi.net\/?page_id=7130#breadcrumb","itemListElement":[{"@type":"ListItem","position":1,"name":"Portada","item":"https:\/\/feiasofi.net\/"},{"@type":"ListItem","position":2,"name":"Historia de la Feiasofi"}]},{"@type":"WebSite","@id":"https:\/\/feiasofi.net\/#website","url":"https:\/\/feiasofi.net\/","name":"Feiasofi","description":"","potentialAction":[{"@type":"SearchAction","target":{"@type":"EntryPoint","urlTemplate":"https:\/\/feiasofi.net\/?s={search_term_string}"},"query-input":{"@type":"PropertyValueSpecification","valueRequired":true,"valueName":"search_term_string"}}],"inLanguage":"es"}]}},"_links":{"self":[{"href":"https:\/\/feiasofi.net\/index.php?rest_route=\/wp\/v2\/pages\/7130","targetHints":{"allow":["GET"]}}],"collection":[{"href":"https:\/\/feiasofi.net\/index.php?rest_route=\/wp\/v2\/pages"}],"about":[{"href":"https:\/\/feiasofi.net\/index.php?rest_route=\/wp\/v2\/types\/page"}],"author":[{"embeddable":true,"href":"https:\/\/feiasofi.net\/index.php?rest_route=\/wp\/v2\/users\/1"}],"replies":[{"embeddable":true,"href":"https:\/\/feiasofi.net\/index.php?rest_route=%2Fwp%2Fv2%2Fcomments&post=7130"}],"version-history":[{"count":43,"href":"https:\/\/feiasofi.net\/index.php?rest_route=\/wp\/v2\/pages\/7130\/revisions"}],"predecessor-version":[{"id":8938,"href":"https:\/\/feiasofi.net\/index.php?rest_route=\/wp\/v2\/pages\/7130\/revisions\/8938"}],"wp:attachment":[{"href":"https:\/\/feiasofi.net\/index.php?rest_route=%2Fwp%2Fv2%2Fmedia&parent=7130"}],"curies":[{"name":"wp","href":"https:\/\/api.w.org\/{rel}","templated":true}]}}