{"id":7176,"date":"2025-04-10T13:43:23","date_gmt":"2025-04-10T13:43:23","guid":{"rendered":"https:\/\/feiasofi.net\/?page_id=7176"},"modified":"2026-01-23T12:42:59","modified_gmt":"2026-01-23T12:42:59","slug":"contacta-con-nosotros","status":"publish","type":"page","link":"https:\/\/feiasofi.net\/?page_id=7176","title":{"rendered":"Contacta con nosotros"},"content":{"rendered":"\t\t<div data-elementor-type=\"wp-page\" data-elementor-id=\"7176\" class=\"elementor elementor-7176\">\n\t\t\t\t<div class=\"elementor-element elementor-element-25e4406 e-flex e-con-boxed e-con e-parent\" data-id=\"25e4406\" data-element_type=\"container\" data-e-type=\"container\">\n\t\t\t\t\t<div class=\"e-con-inner\">\n\t\t\t\t<div class=\"elementor-element elementor-element-56875b1 elementor-widget elementor-widget-text-editor\" data-id=\"56875b1\" data-element_type=\"widget\" data-e-type=\"widget\" data-widget_type=\"text-editor.default\">\n\t\t\t\t<div class=\"elementor-widget-container\">\n\t\t\t\t\t\t\t\t\t<p>Completa el siguiente formulario para contactar con nosotros.<\/p>\t\t\t\t\t\t\t\t<\/div>\n\t\t\t\t<\/div>\n\t\t\t\t\t<\/div>\n\t\t\t\t<\/div>\n\t\t<div class=\"elementor-element elementor-element-c23d3f5 e-flex e-con-boxed e-con e-parent\" data-id=\"c23d3f5\" data-element_type=\"container\" data-e-type=\"container\">\n\t\t\t\t\t<div class=\"e-con-inner\">\n\t\t<div class=\"elementor-element elementor-element-725ed11 e-con-full e-flex e-con e-child\" data-id=\"725ed11\" data-element_type=\"container\" data-e-type=\"container\">\n\t\t\t\t<div class=\"elementor-element elementor-element-a24ac1b elementor-widget__width-initial elementor-widget elementor-widget-image\" data-id=\"a24ac1b\" data-element_type=\"widget\" data-e-type=\"widget\" data-widget_type=\"image.default\">\n\t\t\t\t<div class=\"elementor-widget-container\">\n\t\t\t\t\t\t\t\t\t\t\t\t\t\t\t<img fetchpriority=\"high\" decoding=\"async\" width=\"800\" height=\"800\" src=\"https:\/\/feiasofi.net\/wp-content\/uploads\/2025\/05\/atom-1341364_1280.png\" class=\"attachment-large size-large wp-image-8164\" alt=\"\" \/>\t\t\t\t\t\t\t\t\t\t\t\t\t\t\t<\/div>\n\t\t\t\t<\/div>\n\t\t\t\t<\/div>\n\t\t<div class=\"elementor-element elementor-element-d9f790d e-con-full e-flex e-con e-child\" data-id=\"d9f790d\" data-element_type=\"container\" data-e-type=\"container\">\n\t\t\t\t<div class=\"elementor-element elementor-element-5c91466 elementor-widget elementor-widget-shortcode\" data-id=\"5c91466\" data-element_type=\"widget\" data-e-type=\"widget\" data-widget_type=\"shortcode.default\">\n\t\t\t\t<div class=\"elementor-widget-container\">\n\t\t\t\t\t\t\t<div class=\"elementor-shortcode\">\n<div class=\"wpcf7 no-js\" id=\"wpcf7-f7175-o1\" lang=\"es-ES\" dir=\"ltr\" data-wpcf7-id=\"7175\">\n<div class=\"screen-reader-response\"><p role=\"status\" aria-live=\"polite\" aria-atomic=\"true\"><\/p> <ul><\/ul><\/div>\n<form action=\"\/index.php?rest_route=%2Fwp%2Fv2%2Fpages%2F7176#wpcf7-f7175-o1\" method=\"post\" class=\"wpcf7-form init\" aria-label=\"Formulario de contacto\" novalidate=\"novalidate\" data-status=\"init\">\n<fieldset class=\"hidden-fields-container\"><input type=\"hidden\" name=\"_wpcf7\" value=\"7175\" \/><input type=\"hidden\" name=\"_wpcf7_version\" value=\"6.1.5\" \/><input type=\"hidden\" name=\"_wpcf7_locale\" value=\"es_ES\" \/><input type=\"hidden\" name=\"_wpcf7_unit_tag\" value=\"wpcf7-f7175-o1\" \/><input type=\"hidden\" name=\"_wpcf7_container_post\" value=\"0\" \/><input type=\"hidden\" name=\"_wpcf7_posted_data_hash\" value=\"\" \/>\n<\/fieldset>\n<p><label> Tu nombre<br \/>\n<span class=\"wpcf7-form-control-wrap\" data-name=\"your-name\"><input size=\"40\" maxlength=\"400\" class=\"wpcf7-form-control wpcf7-text wpcf7-validates-as-required\" autocomplete=\"name\" aria-required=\"true\" aria-invalid=\"false\" value=\"\" type=\"text\" name=\"your-name\" \/><\/span> <\/label>\n<\/p>\n<p><label> Tu correo electr\u00f3nico<br \/>\n<span class=\"wpcf7-form-control-wrap\" data-name=\"your-email\"><input size=\"40\" maxlength=\"400\" class=\"wpcf7-form-control wpcf7-email wpcf7-validates-as-required wpcf7-text wpcf7-validates-as-email\" autocomplete=\"email\" aria-required=\"true\" aria-invalid=\"false\" value=\"\" type=\"email\" name=\"your-email\" \/><\/span> <\/label>\n<\/p>\n<p><label> Asunto<br \/>\n<span class=\"wpcf7-form-control-wrap\" data-name=\"your-subject\"><input size=\"40\" maxlength=\"400\" class=\"wpcf7-form-control wpcf7-text wpcf7-validates-as-required\" aria-required=\"true\" aria-invalid=\"false\" value=\"\" type=\"text\" name=\"your-subject\" \/><\/span> <\/label>\n<\/p>\n<p><label> Tu mensaje (opcional)<br \/>\n<span class=\"wpcf7-form-control-wrap\" data-name=\"your-message\"><textarea cols=\"40\" rows=\"10\" maxlength=\"2000\" class=\"wpcf7-form-control wpcf7-textarea\" aria-invalid=\"false\" name=\"your-message\"><\/textarea><\/span> <\/label>\n<\/p>\n<p><input class=\"wpcf7-form-control wpcf7-submit has-spinner\" type=\"submit\" value=\"Enviar\" \/>\n<\/p><div class=\"wpcf7-response-output\" aria-hidden=\"true\"><\/div>\n<\/form>\n<\/div>\n<\/div>\n\t\t\t\t\t\t<\/div>\n\t\t\t\t<\/div>\n\t\t\t\t<\/div>\n\t\t<div class=\"elementor-element elementor-element-6b7fa38 e-con-full e-flex e-con e-child\" data-id=\"6b7fa38\" data-element_type=\"container\" data-e-type=\"container\">\n\t\t\t\t<div class=\"elementor-element elementor-element-38f7563 elementor-widget elementor-widget-image\" data-id=\"38f7563\" data-element_type=\"widget\" data-e-type=\"widget\" data-widget_type=\"image.default\">\n\t\t\t\t<div class=\"elementor-widget-container\">\n\t\t\t\t\t\t\t\t\t\t\t\t\t\t\t<img decoding=\"async\" width=\"800\" height=\"800\" src=\"https:\/\/feiasofi.net\/wp-content\/uploads\/2025\/05\/atom-7247864_1280.png\" class=\"attachment-large size-large wp-image-8165\" alt=\"\" \/>\t\t\t\t\t\t\t\t\t\t\t\t\t\t\t<\/div>\n\t\t\t\t<\/div>\n\t\t\t\t<\/div>\n\t\t\t\t\t<\/div>\n\t\t\t\t<\/div>\n\t\t<div class=\"elementor-element elementor-element-9e0eb18 e-flex e-con-boxed e-con e-parent\" data-id=\"9e0eb18\" data-element_type=\"container\" data-e-type=\"container\">\n\t\t\t\t\t<div class=\"e-con-inner\">\n\t\t<div class=\"elementor-element elementor-element-56c6d21 e-con-full e-flex e-con e-child\" data-id=\"56c6d21\" data-element_type=\"container\" data-e-type=\"container\">\n\t\t\t\t<\/div>\n\t\t<div class=\"elementor-element elementor-element-52a4b13 e-con-full e-flex e-con e-child\" data-id=\"52a4b13\" data-element_type=\"container\" data-e-type=\"container\">\n\t\t\t\t<div class=\"elementor-element elementor-element-c6bbf66 elementor-widget__width-initial elementor-widget elementor-widget-text-editor\" data-id=\"c6bbf66\" data-element_type=\"widget\" data-e-type=\"widget\" data-widget_type=\"text-editor.default\">\n\t\t\t\t<div class=\"elementor-widget-container\">\n\t\t\t\t\t\t\t\t\t<p class=\"contact-position\"><strong>Secretar\u00eda Administrativa<\/strong><\/p><div class=\"contact-address\"><address><span class=\"contact-street\">Real Sociedad Espa\u00f1ola de F\u00edsica<br \/>Facultad de Ciencias F\u00edsicas<br \/>Universidad Complutense de Madrid<br \/>Avda. Complutense, s\/n<br \/>28040 Madrid (Espa\u00f1a)<\/span><\/address><\/div><div class=\"contact-contactinfo\"><p><span class=\"contact-telephone\">+34 91 394 4350 \/ 4359<\/span><\/p><table border=\"0\" width=\"602\" align=\"center\"><tbody><tr><td align=\"left\" valign=\"top\" width=\"337\"><p><strong><i>HORARIO DE SECRETAR\u00cdA:<\/i><\/strong><\/p><p><b><i>Lunes, martes, mi\u00e9rcoles y jueves:<span class=\"apple-converted-space\">\u00a0<\/span><\/i><\/b><i>de 8:30 h a 17:30 h<\/i><\/p><p><b><i>Viernes:<span class=\"apple-converted-space\">\u00a0<\/span><\/i><\/b><i>de 8:30 h a 14:00 h.<\/i><\/p><p><i><strong>Horario mes de julio:<\/strong>\u00a0de 8:30 h a 14:00 h.\u00a0<\/i><\/p><p><strong><i>Horario\u00a0preferente\u00a0de atenci\u00f3n telef\u00f3nica y personal en la Secretar\u00eda de la RSEF<\/i><\/strong>:\u00a0<strong>de 9.30h. a 11.00h.<\/strong><\/p><\/td><\/tr><\/tbody><\/table><p><strong>Secretar\u00eda y Administraci\u00f3n:<br \/><\/strong>Concepci\u00f3n Zocar<br \/>Cristian Mar\u00edn<\/p><\/div>\t\t\t\t\t\t\t\t<\/div>\n\t\t\t\t<\/div>\n\t\t\t\t<\/div>\n\t\t<div class=\"elementor-element elementor-element-8fdf3b1 e-con-full e-flex e-con e-child\" data-id=\"8fdf3b1\" data-element_type=\"container\" data-e-type=\"container\">\n\t\t\t\t<\/div>\n\t\t\t\t\t<\/div>\n\t\t\t\t<\/div>\n\t\t<div class=\"elementor-element elementor-element-9d1ac69 e-con-full e-flex e-con e-parent\" data-id=\"9d1ac69\" data-element_type=\"container\" data-e-type=\"container\">\n\t\t\t\t<\/div>\n\t\t\t\t<\/div>\n\t\t","protected":false},"excerpt":{"rendered":"<p>Completa el siguiente formulario para contactar con nosotros. Secretar\u00eda Administrativa Real Sociedad Espa\u00f1ola de F\u00edsicaFacultad de Ciencias F\u00edsicasUniversidad Complutense de MadridAvda. Complutense, s\/n28040 Madrid (Espa\u00f1a) +34 91 394 4350 \/ 4359 HORARIO DE SECRETAR\u00cdA: Lunes, martes, mi\u00e9rcoles y jueves:\u00a0de 8:30 h a 17:30 h Viernes:\u00a0de 8:30 h a 14:00 h. Horario mes de julio:\u00a0de 8:30 [&hellip;]<\/p>\n","protected":false},"author":1,"featured_media":0,"parent":0,"menu_order":0,"comment_status":"closed","ping_status":"closed","template":"elementor_header_footer","meta":{"footnotes":""},"class_list":["post-7176","page","type-page","status-publish","hentry"],"yoast_head":"<!-- This site is optimized with the Yoast SEO plugin v27.1.1 - https:\/\/yoast.com\/product\/yoast-seo-wordpress\/ -->\n<title>Contacta con nosotros - Feiasofi<\/title>\n<meta name=\"robots\" content=\"index, follow, max-snippet:-1, max-image-preview:large, max-video-preview:-1\" \/>\n<link rel=\"canonical\" href=\"https:\/\/feiasofi.net\/?page_id=7176\" \/>\n<meta property=\"og:locale\" content=\"es_ES\" \/>\n<meta property=\"og:type\" content=\"article\" \/>\n<meta property=\"og:title\" content=\"Contacta con nosotros - Feiasofi\" \/>\n<meta property=\"og:description\" content=\"Completa el siguiente formulario para contactar con nosotros. Secretar\u00eda Administrativa Real Sociedad Espa\u00f1ola de F\u00edsicaFacultad de Ciencias F\u00edsicasUniversidad Complutense de MadridAvda. Complutense, s\/n28040 Madrid (Espa\u00f1a) +34 91 394 4350 \/ 4359 HORARIO DE SECRETAR\u00cdA: Lunes, martes, mi\u00e9rcoles y jueves:\u00a0de 8:30 h a 17:30 h Viernes:\u00a0de 8:30 h a 14:00 h. Horario mes de julio:\u00a0de 8:30 [&hellip;]\" \/>\n<meta property=\"og:url\" content=\"https:\/\/feiasofi.net\/?page_id=7176\" \/>\n<meta property=\"og:site_name\" content=\"Feiasofi\" \/>\n<meta property=\"article:modified_time\" content=\"2026-01-23T12:42:59+00:00\" \/>\n<meta property=\"og:image\" content=\"https:\/\/feiasofi.net\/wp-content\/uploads\/2025\/05\/atom-1341364_1280.png\" \/>\n\t<meta property=\"og:image:width\" content=\"1280\" \/>\n\t<meta property=\"og:image:height\" content=\"1280\" \/>\n\t<meta property=\"og:image:type\" content=\"image\/png\" \/>\n<meta name=\"twitter:card\" content=\"summary_large_image\" \/>\n<meta name=\"twitter:label1\" content=\"Tiempo de lectura\" \/>\n\t<meta name=\"twitter:data1\" content=\"1 minuto\" \/>\n<script type=\"application\/ld+json\" class=\"yoast-schema-graph\">{\"@context\":\"https:\/\/schema.org\",\"@graph\":[{\"@type\":\"WebPage\",\"@id\":\"https:\/\/feiasofi.net\/?page_id=7176\",\"url\":\"https:\/\/feiasofi.net\/?page_id=7176\",\"name\":\"Contacta con nosotros - Feiasofi\",\"isPartOf\":{\"@id\":\"https:\/\/feiasofi.net\/#website\"},\"primaryImageOfPage\":{\"@id\":\"https:\/\/feiasofi.net\/?page_id=7176#primaryimage\"},\"image\":{\"@id\":\"https:\/\/feiasofi.net\/?page_id=7176#primaryimage\"},\"thumbnailUrl\":\"https:\/\/feiasofi.net\/wp-content\/uploads\/2025\/05\/atom-1341364_1280.png\",\"datePublished\":\"2025-04-10T13:43:23+00:00\",\"dateModified\":\"2026-01-23T12:42:59+00:00\",\"breadcrumb\":{\"@id\":\"https:\/\/feiasofi.net\/?page_id=7176#breadcrumb\"},\"inLanguage\":\"es\",\"potentialAction\":[{\"@type\":\"ReadAction\",\"target\":[\"https:\/\/feiasofi.net\/?page_id=7176\"]}]},{\"@type\":\"ImageObject\",\"inLanguage\":\"es\",\"@id\":\"https:\/\/feiasofi.net\/?page_id=7176#primaryimage\",\"url\":\"https:\/\/feiasofi.net\/wp-content\/uploads\/2025\/05\/atom-1341364_1280.png\",\"contentUrl\":\"https:\/\/feiasofi.net\/wp-content\/uploads\/2025\/05\/atom-1341364_1280.png\",\"width\":1280,\"height\":1280},{\"@type\":\"BreadcrumbList\",\"@id\":\"https:\/\/feiasofi.net\/?page_id=7176#breadcrumb\",\"itemListElement\":[{\"@type\":\"ListItem\",\"position\":1,\"name\":\"Portada\",\"item\":\"https:\/\/feiasofi.net\/\"},{\"@type\":\"ListItem\",\"position\":2,\"name\":\"Contacta con nosotros\"}]},{\"@type\":\"WebSite\",\"@id\":\"https:\/\/feiasofi.net\/#website\",\"url\":\"https:\/\/feiasofi.net\/\",\"name\":\"Feiasofi\",\"description\":\"\",\"potentialAction\":[{\"@type\":\"SearchAction\",\"target\":{\"@type\":\"EntryPoint\",\"urlTemplate\":\"https:\/\/feiasofi.net\/?s={search_term_string}\"},\"query-input\":{\"@type\":\"PropertyValueSpecification\",\"valueRequired\":true,\"valueName\":\"search_term_string\"}}],\"inLanguage\":\"es\"}]}<\/script>\n<!-- \/ Yoast SEO plugin. -->","yoast_head_json":{"title":"Contacta con nosotros - Feiasofi","robots":{"index":"index","follow":"follow","max-snippet":"max-snippet:-1","max-image-preview":"max-image-preview:large","max-video-preview":"max-video-preview:-1"},"canonical":"https:\/\/feiasofi.net\/?page_id=7176","og_locale":"es_ES","og_type":"article","og_title":"Contacta con nosotros - Feiasofi","og_description":"Completa el siguiente formulario para contactar con nosotros. Secretar\u00eda Administrativa Real Sociedad Espa\u00f1ola de F\u00edsicaFacultad de Ciencias F\u00edsicasUniversidad Complutense de MadridAvda. Complutense, s\/n28040 Madrid (Espa\u00f1a) +34 91 394 4350 \/ 4359 HORARIO DE SECRETAR\u00cdA: Lunes, martes, mi\u00e9rcoles y jueves:\u00a0de 8:30 h a 17:30 h Viernes:\u00a0de 8:30 h a 14:00 h. Horario mes de julio:\u00a0de 8:30 [&hellip;]","og_url":"https:\/\/feiasofi.net\/?page_id=7176","og_site_name":"Feiasofi","article_modified_time":"2026-01-23T12:42:59+00:00","og_image":[{"width":1280,"height":1280,"url":"https:\/\/feiasofi.net\/wp-content\/uploads\/2025\/05\/atom-1341364_1280.png","type":"image\/png"}],"twitter_card":"summary_large_image","twitter_misc":{"Tiempo de lectura":"1 minuto"},"schema":{"@context":"https:\/\/schema.org","@graph":[{"@type":"WebPage","@id":"https:\/\/feiasofi.net\/?page_id=7176","url":"https:\/\/feiasofi.net\/?page_id=7176","name":"Contacta con nosotros - Feiasofi","isPartOf":{"@id":"https:\/\/feiasofi.net\/#website"},"primaryImageOfPage":{"@id":"https:\/\/feiasofi.net\/?page_id=7176#primaryimage"},"image":{"@id":"https:\/\/feiasofi.net\/?page_id=7176#primaryimage"},"thumbnailUrl":"https:\/\/feiasofi.net\/wp-content\/uploads\/2025\/05\/atom-1341364_1280.png","datePublished":"2025-04-10T13:43:23+00:00","dateModified":"2026-01-23T12:42:59+00:00","breadcrumb":{"@id":"https:\/\/feiasofi.net\/?page_id=7176#breadcrumb"},"inLanguage":"es","potentialAction":[{"@type":"ReadAction","target":["https:\/\/feiasofi.net\/?page_id=7176"]}]},{"@type":"ImageObject","inLanguage":"es","@id":"https:\/\/feiasofi.net\/?page_id=7176#primaryimage","url":"https:\/\/feiasofi.net\/wp-content\/uploads\/2025\/05\/atom-1341364_1280.png","contentUrl":"https:\/\/feiasofi.net\/wp-content\/uploads\/2025\/05\/atom-1341364_1280.png","width":1280,"height":1280},{"@type":"BreadcrumbList","@id":"https:\/\/feiasofi.net\/?page_id=7176#breadcrumb","itemListElement":[{"@type":"ListItem","position":1,"name":"Portada","item":"https:\/\/feiasofi.net\/"},{"@type":"ListItem","position":2,"name":"Contacta con nosotros"}]},{"@type":"WebSite","@id":"https:\/\/feiasofi.net\/#website","url":"https:\/\/feiasofi.net\/","name":"Feiasofi","description":"","potentialAction":[{"@type":"SearchAction","target":{"@type":"EntryPoint","urlTemplate":"https:\/\/feiasofi.net\/?s={search_term_string}"},"query-input":{"@type":"PropertyValueSpecification","valueRequired":true,"valueName":"search_term_string"}}],"inLanguage":"es"}]}},"_links":{"self":[{"href":"https:\/\/feiasofi.net\/index.php?rest_route=\/wp\/v2\/pages\/7176","targetHints":{"allow":["GET"]}}],"collection":[{"href":"https:\/\/feiasofi.net\/index.php?rest_route=\/wp\/v2\/pages"}],"about":[{"href":"https:\/\/feiasofi.net\/index.php?rest_route=\/wp\/v2\/types\/page"}],"author":[{"embeddable":true,"href":"https:\/\/feiasofi.net\/index.php?rest_route=\/wp\/v2\/users\/1"}],"replies":[{"embeddable":true,"href":"https:\/\/feiasofi.net\/index.php?rest_route=%2Fwp%2Fv2%2Fcomments&post=7176"}],"version-history":[{"count":29,"href":"https:\/\/feiasofi.net\/index.php?rest_route=\/wp\/v2\/pages\/7176\/revisions"}],"predecessor-version":[{"id":9131,"href":"https:\/\/feiasofi.net\/index.php?rest_route=\/wp\/v2\/pages\/7176\/revisions\/9131"}],"wp:attachment":[{"href":"https:\/\/feiasofi.net\/index.php?rest_route=%2Fwp%2Fv2%2Fmedia&parent=7176"}],"curies":[{"name":"wp","href":"https:\/\/api.w.org\/{rel}","templated":true}]}}