{"id":7225,"date":"2025-04-10T14:47:34","date_gmt":"2025-04-10T14:47:34","guid":{"rendered":"https:\/\/feiasofi.net\/?page_id=7225"},"modified":"2025-11-26T16:08:13","modified_gmt":"2025-11-26T16:08:13","slug":"junta-directiva","status":"publish","type":"page","link":"https:\/\/feiasofi.net\/?page_id=7225","title":{"rendered":"Junta Directiva"},"content":{"rendered":"\t\t<div data-elementor-type=\"wp-page\" data-elementor-id=\"7225\" class=\"elementor elementor-7225\">\n\t\t\t\t<div class=\"elementor-element elementor-element-1425ac8 e-flex e-con-boxed e-con e-parent\" data-id=\"1425ac8\" data-element_type=\"container\" data-e-type=\"container\">\n\t\t\t\t\t<div class=\"e-con-inner\">\n\t\t\t\t<div class=\"elementor-element elementor-element-45c3f46 elementor-widget elementor-widget-heading\" data-id=\"45c3f46\" data-element_type=\"widget\" data-e-type=\"widget\" data-widget_type=\"heading.default\">\n\t\t\t\t<div class=\"elementor-widget-container\">\n\t\t\t\t\t<h1 class=\"elementor-heading-title elementor-size-default\">Junta Directiva<\/h1>\t\t\t\t<\/div>\n\t\t\t\t<\/div>\n\t\t\t\t\t<\/div>\n\t\t\t\t<\/div>\n\t\t<div class=\"elementor-element elementor-element-6199bb9 e-grid e-con-boxed e-con e-parent\" data-id=\"6199bb9\" data-element_type=\"container\" data-e-type=\"container\">\n\t\t\t\t\t<div class=\"e-con-inner\">\n\t\t\t\t<div class=\"elementor-element elementor-element-4dce45b elementor-widget elementor-widget-heading\" data-id=\"4dce45b\" data-element_type=\"widget\" data-e-type=\"widget\" data-widget_type=\"heading.default\">\n\t\t\t\t<div class=\"elementor-widget-container\">\n\t\t\t\t\t<h2 class=\"elementor-heading-title elementor-size-default\"><br>Presidente: <br>Dr. Omar Osenda (Presidente de la Asociaci\u00f3n de F\u00edsica Argentina)<\/h2>\t\t\t\t<\/div>\n\t\t\t\t<\/div>\n\t\t\t\t<div class=\"elementor-element elementor-element-e9f28a1 elementor-widget elementor-widget-image\" data-id=\"e9f28a1\" data-element_type=\"widget\" data-e-type=\"widget\" data-widget_type=\"image.default\">\n\t\t\t\t<div class=\"elementor-widget-container\">\n\t\t\t\t\t\t\t\t\t\t\t\t\t\t\t<img fetchpriority=\"high\" decoding=\"async\" width=\"225\" height=\"225\" src=\"https:\/\/feiasofi.net\/wp-content\/uploads\/2025\/05\/omar_osenda.jpg\" class=\"attachment-large size-large wp-image-8868\" alt=\"\" \/>\t\t\t\t\t\t\t\t\t\t\t\t\t\t\t<\/div>\n\t\t\t\t<\/div>\n\t\t\t\t<div class=\"elementor-element elementor-element-c44ec33 elementor-widget elementor-widget-text-editor\" data-id=\"c44ec33\" data-element_type=\"widget\" data-e-type=\"widget\" data-widget_type=\"text-editor.default\">\n\t\t\t\t<div class=\"elementor-widget-container\">\n\t\t\t\t\t\t\t\t\t<p>Facultad de Matematica, Astonomia, Fisica y Computacion,\u00a0<a href=\"https:\/\/scholar.google.com\/citations?view_op=view_org&amp;hl=en&amp;org=4185556619858628831\" target=\"_blank\" rel=\"noopener\" data-saferedirecturl=\"https:\/\/www.google.com\/url?q=https:\/\/scholar.google.com\/citations?view_op%3Dview_org%26hl%3Den%26org%3D4185556619858628831&amp;source=gmail&amp;ust=1747293548173000&amp;usg=AOvVaw3BYPG5rmoyw7PzNX5XW4p-\">Universidad Nacional de Cordoba<\/a>\u00a0&#8211; IFEG Consejo Nacional de Investigaciones<br \/>Cient\u00edficas y T\u00e9cnicas. Argentin<\/p><p>Email: omar dot osenda at unc dot edu dot ar<span id=\"cloak3cb33d3d6921eb07f5ef9b2dbe9abf3c\"><\/span><\/p>\t\t\t\t\t\t\t\t<\/div>\n\t\t\t\t<\/div>\n\t\t\t\t<div class=\"elementor-element elementor-element-af50fc7 elementor-widget elementor-widget-heading\" data-id=\"af50fc7\" data-element_type=\"widget\" data-e-type=\"widget\" data-widget_type=\"heading.default\">\n\t\t\t\t<div class=\"elementor-widget-container\">\n\t\t\t\t\t<h2 class=\"elementor-heading-title elementor-size-default\"><br>Vice-Presidente: <br>Dr. Leopoldo Soto Norabuena (Presidente de la Sociedad Chilena de F\u00edsica)<\/h2>\t\t\t\t<\/div>\n\t\t\t\t<\/div>\n\t\t\t\t<div class=\"elementor-element elementor-element-11b4571 elementor-widget elementor-widget-image\" data-id=\"11b4571\" data-element_type=\"widget\" data-e-type=\"widget\" data-widget_type=\"image.default\">\n\t\t\t\t<div class=\"elementor-widget-container\">\n\t\t\t\t\t\t\t\t\t\t\t\t\t\t\t<img decoding=\"async\" width=\"304\" height=\"350\" src=\"https:\/\/feiasofi.net\/wp-content\/uploads\/2025\/05\/pc.jpg\" class=\"attachment-large size-large wp-image-8902\" alt=\"\" \/>\t\t\t\t\t\t\t\t\t\t\t\t\t\t\t<\/div>\n\t\t\t\t<\/div>\n\t\t\t\t<div class=\"elementor-element elementor-element-88c5252 elementor-widget elementor-widget-text-editor\" data-id=\"88c5252\" data-element_type=\"widget\" data-e-type=\"widget\" data-widget_type=\"text-editor.default\">\n\t\t\t\t<div class=\"elementor-widget-container\">\n\t\t\t\t\t\t\t\t\t<p>Escuela de Ingenier\u00eda, Pontificia Universidad Cat\u00f3lica de Chile<\/p><p>Email: leopoldo dot soto at cchen dot cl<\/p>\t\t\t\t\t\t\t\t<\/div>\n\t\t\t\t<\/div>\n\t\t\t\t\t<\/div>\n\t\t\t\t<\/div>\n\t\t<div class=\"elementor-element elementor-element-fd8bba4 e-grid e-con-boxed e-con e-parent\" data-id=\"fd8bba4\" data-element_type=\"container\" data-e-type=\"container\">\n\t\t\t\t\t<div class=\"e-con-inner\">\n\t\t\t\t<div class=\"elementor-element elementor-element-7130960 elementor-widget elementor-widget-heading\" data-id=\"7130960\" data-element_type=\"widget\" data-e-type=\"widget\" data-widget_type=\"heading.default\">\n\t\t\t\t<div class=\"elementor-widget-container\">\n\t\t\t\t\t<h2 class=\"elementor-heading-title elementor-size-default\"><br>Tesorero:  <br>Luis Vi\u00f1a Liste (Presidente de la Real Sociedad Espa\u00f1ola de F\u00edsica)<\/h2>\t\t\t\t<\/div>\n\t\t\t\t<\/div>\n\t\t\t\t<div class=\"elementor-element elementor-element-ba187e6 elementor-widget elementor-widget-image\" data-id=\"ba187e6\" data-element_type=\"widget\" data-e-type=\"widget\" data-widget_type=\"image.default\">\n\t\t\t\t<div class=\"elementor-widget-container\">\n\t\t\t\t\t\t\t\t\t\t\t\t\t\t\t<img decoding=\"async\" width=\"237\" height=\"258\" src=\"https:\/\/feiasofi.net\/wp-content\/uploads\/2025\/04\/LuisVia.png\" class=\"attachment-large size-large wp-image-7229\" alt=\"\" \/>\t\t\t\t\t\t\t\t\t\t\t\t\t\t\t<\/div>\n\t\t\t\t<\/div>\n\t\t\t\t<div class=\"elementor-element elementor-element-82862dc elementor-widget elementor-widget-text-editor\" data-id=\"82862dc\" data-element_type=\"widget\" data-e-type=\"widget\" data-widget_type=\"text-editor.default\">\n\t\t\t\t<div class=\"elementor-widget-container\">\n\t\t\t\t\t\t\t\t\t<p>\u00a0<\/p><p>Departamento de F\u00edsica de Materiales, C-IV, 510 Facultad de F\u00edsica. Universidad Aut\u00f3noma de Madrid\u00a0 \u00a0 \u00a0 \u00a0 \u00a0 \u00a0 \u00a0 \u00a0 \u00a0 \u00a0 \u00a0 \u00a0 \u00a0 \u00a0 \u00a0 \u00a0 \u00a0 \u00a0 \u00a0 \u00a0 \u00a0 \u00a0 \u00a0 \u00a0 \u00a0 \u00a0 \u00a0 \u00a0 \u00a0 \u00a0 \u00a0 \u00a0 \u00a0 \u00a0 \u00a0 \u00a0 \u00a0 \u00a0 \u00a0 \u00a0 \u00a0 \u00a0 \u00a028019 Cantoblanco (Madrid) Espa\u00f1a\u00a0 \u00a0 \u00a0 \u00a0 \u00a0 \u00a0 \u00a0 \u00a0 \u00a0 \u00a0 \u00a0 \u00a0 \u00a0 E-mail:\u00a0<span id=\"cloak4bc62befe17dccb8b46276a4a57825c0\">luis dot vina at uam dot es<\/span><\/p>\t\t\t\t\t\t\t\t<\/div>\n\t\t\t\t<\/div>\n\t\t\t\t<div class=\"elementor-element elementor-element-dd815b8 elementor-widget elementor-widget-heading\" data-id=\"dd815b8\" data-element_type=\"widget\" data-e-type=\"widget\" data-widget_type=\"heading.default\">\n\t\t\t\t<div class=\"elementor-widget-container\">\n\t\t\t\t\t<h2 class=\"elementor-heading-title elementor-size-default\">Vocal: <br>Dr. Rodrigo Barbosa Capaz<br>(Presidente de la Sociedad Brasilera de F\u00edsica)<\/h2>\t\t\t\t<\/div>\n\t\t\t\t<\/div>\n\t\t\t\t<div class=\"elementor-element elementor-element-f200e6d elementor-widget elementor-widget-image\" data-id=\"f200e6d\" data-element_type=\"widget\" data-e-type=\"widget\" data-widget_type=\"image.default\">\n\t\t\t\t<div class=\"elementor-widget-container\">\n\t\t\t\t\t\t\t\t\t\t\t\t\t\t\t<img loading=\"lazy\" decoding=\"async\" width=\"480\" height=\"723\" src=\"https:\/\/feiasofi.net\/wp-content\/uploads\/2025\/05\/Rodrigo-Barbosa-Capaz.jpg\" class=\"attachment-large size-large wp-image-8869\" alt=\"\" \/>\t\t\t\t\t\t\t\t\t\t\t\t\t\t\t<\/div>\n\t\t\t\t<\/div>\n\t\t\t\t<div class=\"elementor-element elementor-element-03c9aa0 elementor-widget elementor-widget-text-editor\" data-id=\"03c9aa0\" data-element_type=\"widget\" data-e-type=\"widget\" data-widget_type=\"text-editor.default\">\n\t\t\t\t<div class=\"elementor-widget-container\">\n\t\t\t\t\t\t\t\t\t<p>Instituto de F\u00edsica, Universidade Federal do Rio de Janeiro, Brasil<\/p><p>Email: rodrigo dot capaz at lnnano dot cnpem dot br<\/p>\t\t\t\t\t\t\t\t<\/div>\n\t\t\t\t<\/div>\n\t\t\t\t<div class=\"elementor-element elementor-element-c26806d elementor-widget elementor-widget-heading\" data-id=\"c26806d\" data-element_type=\"widget\" data-e-type=\"widget\" data-widget_type=\"heading.default\">\n\t\t\t\t<div class=\"elementor-widget-container\">\n\t\t\t\t\t<h2 class=\"elementor-heading-title elementor-size-default\">Vocal: <br>Dr. Jos\u00e9 Ant\u00f3nio Paix\u00e3o (Sociedad Portuguesa de F\u00edsica)<\/h2>\t\t\t\t<\/div>\n\t\t\t\t<\/div>\n\t\t\t\t<div class=\"elementor-element elementor-element-29d2331 elementor-widget elementor-widget-image\" data-id=\"29d2331\" data-element_type=\"widget\" data-e-type=\"widget\" data-widget_type=\"image.default\">\n\t\t\t\t<div class=\"elementor-widget-container\">\n\t\t\t\t\t\t\t\t\t\t\t\t\t\t\t<img loading=\"lazy\" decoding=\"async\" width=\"800\" height=\"592\" src=\"https:\/\/feiasofi.net\/wp-content\/uploads\/2025\/05\/prt.jpg\" class=\"attachment-large size-large wp-image-8870\" alt=\"\" \/>\t\t\t\t\t\t\t\t\t\t\t\t\t\t\t<\/div>\n\t\t\t\t<\/div>\n\t\t\t\t<div class=\"elementor-element elementor-element-a3d17a4 elementor-widget elementor-widget-text-editor\" data-id=\"a3d17a4\" data-element_type=\"widget\" data-e-type=\"widget\" data-widget_type=\"text-editor.default\">\n\t\t\t\t<div class=\"elementor-widget-container\">\n\t\t\t\t\t\t\t\t\t<p>Department of Physics, University of Coimbra, Portugal<\/p><p>Email: jap at uc dot pt<\/p>\t\t\t\t\t\t\t\t<\/div>\n\t\t\t\t<\/div>\n\t\t\t\t<div class=\"elementor-element elementor-element-8ad78e6 elementor-widget elementor-widget-heading\" data-id=\"8ad78e6\" data-element_type=\"widget\" data-e-type=\"widget\" data-widget_type=\"heading.default\">\n\t\t\t\t<div class=\"elementor-widget-container\">\n\t\t\t\t\t<h2 class=\"elementor-heading-title elementor-size-default\">Vocal:<br>Dra. Sof\u00eda Fabr\u00e9 (Presidenta de la Sociedad Uruguaya de F\u00edsica)<\/h2>\t\t\t\t<\/div>\n\t\t\t\t<\/div>\n\t\t\t\t<div class=\"elementor-element elementor-element-8f2b0fd elementor-widget elementor-widget-image\" data-id=\"8f2b0fd\" data-element_type=\"widget\" data-e-type=\"widget\" data-widget_type=\"image.default\">\n\t\t\t\t<div class=\"elementor-widget-container\">\n\t\t\t\t\t\t\t\t\t\t\t\t\t\t\t<img loading=\"lazy\" decoding=\"async\" width=\"220\" height=\"232\" src=\"https:\/\/feiasofi.net\/wp-content\/uploads\/2025\/05\/sofia.png\" class=\"attachment-large size-large wp-image-8884\" alt=\"\" \/>\t\t\t\t\t\t\t\t\t\t\t\t\t\t\t<\/div>\n\t\t\t\t<\/div>\n\t\t\t\t<div class=\"elementor-element elementor-element-0fd3f9c elementor-widget elementor-widget-text-editor\" data-id=\"0fd3f9c\" data-element_type=\"widget\" data-e-type=\"widget\" data-widget_type=\"text-editor.default\">\n\t\t\t\t<div class=\"elementor-widget-container\">\n\t\t\t\t\t\t\t\t\t<p>Instituto de F\u00edsica, Universidad de la Rep\u00fablica de Uruguay<\/p><p>Email: sofia dot favre at fcien dot edu dot uy<\/p>\t\t\t\t\t\t\t\t<\/div>\n\t\t\t\t<\/div>\n\t\t\t\t\t<\/div>\n\t\t\t\t<\/div>\n\t\t<div class=\"elementor-element elementor-element-ec7b733 e-grid e-con-boxed e-con e-parent\" data-id=\"ec7b733\" data-element_type=\"container\" data-e-type=\"container\">\n\t\t\t\t\t<div class=\"e-con-inner\">\n\t\t\t\t<div class=\"elementor-element elementor-element-cc89b24 elementor-widget elementor-widget-heading\" data-id=\"cc89b24\" data-element_type=\"widget\" data-e-type=\"widget\" data-widget_type=\"heading.default\">\n\t\t\t\t<div class=\"elementor-widget-container\">\n\t\t\t\t\t<h2 class=\"elementor-heading-title elementor-size-default\"><br>Presidenta saliente: Mar\u00eda S\u00e1nchez Colina<\/h2>\t\t\t\t<\/div>\n\t\t\t\t<\/div>\n\t\t\t\t<div class=\"elementor-element elementor-element-44343ec elementor-widget elementor-widget-image\" data-id=\"44343ec\" data-element_type=\"widget\" data-e-type=\"widget\" data-widget_type=\"image.default\">\n\t\t\t\t<div class=\"elementor-widget-container\">\n\t\t\t\t\t\t\t\t\t\t\t\t\t\t\t<img loading=\"lazy\" decoding=\"async\" width=\"231\" height=\"238\" src=\"https:\/\/feiasofi.net\/wp-content\/uploads\/2025\/04\/presidenta.png\" class=\"attachment-large size-large wp-image-7227\" alt=\"\" \/>\t\t\t\t\t\t\t\t\t\t\t\t\t\t\t<\/div>\n\t\t\t\t<\/div>\n\t\t\t\t<div class=\"elementor-element elementor-element-69c189b elementor-widget elementor-widget-text-editor\" data-id=\"69c189b\" data-element_type=\"widget\" data-e-type=\"widget\" data-widget_type=\"text-editor.default\">\n\t\t\t\t<div class=\"elementor-widget-container\">\n\t\t\t\t\t\t\t\t\t<p>\u00a0<\/p><p>Facultad de F\u00edsica<br \/>Universidad de La Habana \u2013 Cuba\u00a0<br \/>Email:\u00a0<span id=\"cloak3cb33d3d6921eb07f5ef9b2dbe9abf3c\">maruchy at fisica dot uh dot cu<\/span><\/p>\t\t\t\t\t\t\t\t<\/div>\n\t\t\t\t<\/div>\n\t\t\t\t\t<\/div>\n\t\t\t\t<\/div>\n\t\t<div class=\"elementor-element elementor-element-a16fbc4 e-flex e-con-boxed e-con e-parent\" data-id=\"a16fbc4\" data-element_type=\"container\" data-e-type=\"container\">\n\t\t\t\t\t<div class=\"e-con-inner\">\n\t\t\t\t\t<\/div>\n\t\t\t\t<\/div>\n\t\t\t\t<\/div>\n\t\t","protected":false},"excerpt":{"rendered":"<p>Junta Directiva Presidente: Dr. Omar Osenda (Presidente de la Asociaci\u00f3n de F\u00edsica Argentina) Facultad de Matematica, Astonomia, Fisica y Computacion,\u00a0Universidad Nacional de Cordoba\u00a0&#8211; IFEG Consejo Nacional de InvestigacionesCient\u00edficas y T\u00e9cnicas. Argentin Email: omar dot osenda at unc dot edu dot ar Vice-Presidente: Dr. Leopoldo Soto Norabuena (Presidente de la Sociedad Chilena de F\u00edsica) Escuela de [&hellip;]<\/p>\n","protected":false},"author":1,"featured_media":0,"parent":0,"menu_order":0,"comment_status":"closed","ping_status":"closed","template":"elementor_header_footer","meta":{"footnotes":""},"class_list":["post-7225","page","type-page","status-publish","hentry"],"yoast_head":"<!-- This site is optimized with the Yoast SEO plugin v27.1.1 - https:\/\/yoast.com\/product\/yoast-seo-wordpress\/ -->\n<title>Junta Directiva - Feiasofi<\/title>\n<meta name=\"robots\" content=\"index, follow, max-snippet:-1, max-image-preview:large, max-video-preview:-1\" \/>\n<link rel=\"canonical\" href=\"https:\/\/feiasofi.net\/?page_id=7225\" \/>\n<meta property=\"og:locale\" content=\"es_ES\" \/>\n<meta property=\"og:type\" content=\"article\" \/>\n<meta property=\"og:title\" content=\"Junta Directiva - Feiasofi\" \/>\n<meta property=\"og:description\" content=\"Junta Directiva Presidente: Dr. Omar Osenda (Presidente de la Asociaci\u00f3n de F\u00edsica Argentina) Facultad de Matematica, Astonomia, Fisica y Computacion,\u00a0Universidad Nacional de Cordoba\u00a0&#8211; IFEG Consejo Nacional de InvestigacionesCient\u00edficas y T\u00e9cnicas. Argentin Email: omar dot osenda at unc dot edu dot ar Vice-Presidente: Dr. Leopoldo Soto Norabuena (Presidente de la Sociedad Chilena de F\u00edsica) Escuela de [&hellip;]\" \/>\n<meta property=\"og:url\" content=\"https:\/\/feiasofi.net\/?page_id=7225\" \/>\n<meta property=\"og:site_name\" content=\"Feiasofi\" \/>\n<meta property=\"article:modified_time\" content=\"2025-11-26T16:08:13+00:00\" \/>\n<meta property=\"og:image\" content=\"https:\/\/feiasofi.net\/wp-content\/uploads\/2025\/05\/omar_osenda.jpg\" \/>\n\t<meta property=\"og:image:width\" content=\"225\" \/>\n\t<meta property=\"og:image:height\" content=\"225\" \/>\n\t<meta property=\"og:image:type\" content=\"image\/jpeg\" \/>\n<meta name=\"twitter:card\" content=\"summary_large_image\" \/>\n<meta name=\"twitter:label1\" content=\"Tiempo de lectura\" \/>\n\t<meta name=\"twitter:data1\" content=\"3 minutos\" \/>\n<script type=\"application\/ld+json\" class=\"yoast-schema-graph\">{\"@context\":\"https:\/\/schema.org\",\"@graph\":[{\"@type\":\"WebPage\",\"@id\":\"https:\/\/feiasofi.net\/?page_id=7225\",\"url\":\"https:\/\/feiasofi.net\/?page_id=7225\",\"name\":\"Junta Directiva - Feiasofi\",\"isPartOf\":{\"@id\":\"https:\/\/feiasofi.net\/#website\"},\"primaryImageOfPage\":{\"@id\":\"https:\/\/feiasofi.net\/?page_id=7225#primaryimage\"},\"image\":{\"@id\":\"https:\/\/feiasofi.net\/?page_id=7225#primaryimage\"},\"thumbnailUrl\":\"https:\/\/feiasofi.net\/wp-content\/uploads\/2025\/05\/omar_osenda.jpg\",\"datePublished\":\"2025-04-10T14:47:34+00:00\",\"dateModified\":\"2025-11-26T16:08:13+00:00\",\"breadcrumb\":{\"@id\":\"https:\/\/feiasofi.net\/?page_id=7225#breadcrumb\"},\"inLanguage\":\"es\",\"potentialAction\":[{\"@type\":\"ReadAction\",\"target\":[\"https:\/\/feiasofi.net\/?page_id=7225\"]}]},{\"@type\":\"ImageObject\",\"inLanguage\":\"es\",\"@id\":\"https:\/\/feiasofi.net\/?page_id=7225#primaryimage\",\"url\":\"https:\/\/feiasofi.net\/wp-content\/uploads\/2025\/05\/omar_osenda.jpg\",\"contentUrl\":\"https:\/\/feiasofi.net\/wp-content\/uploads\/2025\/05\/omar_osenda.jpg\",\"width\":225,\"height\":225},{\"@type\":\"BreadcrumbList\",\"@id\":\"https:\/\/feiasofi.net\/?page_id=7225#breadcrumb\",\"itemListElement\":[{\"@type\":\"ListItem\",\"position\":1,\"name\":\"Portada\",\"item\":\"https:\/\/feiasofi.net\/\"},{\"@type\":\"ListItem\",\"position\":2,\"name\":\"Junta Directiva\"}]},{\"@type\":\"WebSite\",\"@id\":\"https:\/\/feiasofi.net\/#website\",\"url\":\"https:\/\/feiasofi.net\/\",\"name\":\"Feiasofi\",\"description\":\"\",\"potentialAction\":[{\"@type\":\"SearchAction\",\"target\":{\"@type\":\"EntryPoint\",\"urlTemplate\":\"https:\/\/feiasofi.net\/?s={search_term_string}\"},\"query-input\":{\"@type\":\"PropertyValueSpecification\",\"valueRequired\":true,\"valueName\":\"search_term_string\"}}],\"inLanguage\":\"es\"}]}<\/script>\n<!-- \/ Yoast SEO plugin. -->","yoast_head_json":{"title":"Junta Directiva - Feiasofi","robots":{"index":"index","follow":"follow","max-snippet":"max-snippet:-1","max-image-preview":"max-image-preview:large","max-video-preview":"max-video-preview:-1"},"canonical":"https:\/\/feiasofi.net\/?page_id=7225","og_locale":"es_ES","og_type":"article","og_title":"Junta Directiva - Feiasofi","og_description":"Junta Directiva Presidente: Dr. Omar Osenda (Presidente de la Asociaci\u00f3n de F\u00edsica Argentina) Facultad de Matematica, Astonomia, Fisica y Computacion,\u00a0Universidad Nacional de Cordoba\u00a0&#8211; IFEG Consejo Nacional de InvestigacionesCient\u00edficas y T\u00e9cnicas. Argentin Email: omar dot osenda at unc dot edu dot ar Vice-Presidente: Dr. Leopoldo Soto Norabuena (Presidente de la Sociedad Chilena de F\u00edsica) Escuela de [&hellip;]","og_url":"https:\/\/feiasofi.net\/?page_id=7225","og_site_name":"Feiasofi","article_modified_time":"2025-11-26T16:08:13+00:00","og_image":[{"width":225,"height":225,"url":"https:\/\/feiasofi.net\/wp-content\/uploads\/2025\/05\/omar_osenda.jpg","type":"image\/jpeg"}],"twitter_card":"summary_large_image","twitter_misc":{"Tiempo de lectura":"3 minutos"},"schema":{"@context":"https:\/\/schema.org","@graph":[{"@type":"WebPage","@id":"https:\/\/feiasofi.net\/?page_id=7225","url":"https:\/\/feiasofi.net\/?page_id=7225","name":"Junta Directiva - Feiasofi","isPartOf":{"@id":"https:\/\/feiasofi.net\/#website"},"primaryImageOfPage":{"@id":"https:\/\/feiasofi.net\/?page_id=7225#primaryimage"},"image":{"@id":"https:\/\/feiasofi.net\/?page_id=7225#primaryimage"},"thumbnailUrl":"https:\/\/feiasofi.net\/wp-content\/uploads\/2025\/05\/omar_osenda.jpg","datePublished":"2025-04-10T14:47:34+00:00","dateModified":"2025-11-26T16:08:13+00:00","breadcrumb":{"@id":"https:\/\/feiasofi.net\/?page_id=7225#breadcrumb"},"inLanguage":"es","potentialAction":[{"@type":"ReadAction","target":["https:\/\/feiasofi.net\/?page_id=7225"]}]},{"@type":"ImageObject","inLanguage":"es","@id":"https:\/\/feiasofi.net\/?page_id=7225#primaryimage","url":"https:\/\/feiasofi.net\/wp-content\/uploads\/2025\/05\/omar_osenda.jpg","contentUrl":"https:\/\/feiasofi.net\/wp-content\/uploads\/2025\/05\/omar_osenda.jpg","width":225,"height":225},{"@type":"BreadcrumbList","@id":"https:\/\/feiasofi.net\/?page_id=7225#breadcrumb","itemListElement":[{"@type":"ListItem","position":1,"name":"Portada","item":"https:\/\/feiasofi.net\/"},{"@type":"ListItem","position":2,"name":"Junta Directiva"}]},{"@type":"WebSite","@id":"https:\/\/feiasofi.net\/#website","url":"https:\/\/feiasofi.net\/","name":"Feiasofi","description":"","potentialAction":[{"@type":"SearchAction","target":{"@type":"EntryPoint","urlTemplate":"https:\/\/feiasofi.net\/?s={search_term_string}"},"query-input":{"@type":"PropertyValueSpecification","valueRequired":true,"valueName":"search_term_string"}}],"inLanguage":"es"}]}},"_links":{"self":[{"href":"https:\/\/feiasofi.net\/index.php?rest_route=\/wp\/v2\/pages\/7225","targetHints":{"allow":["GET"]}}],"collection":[{"href":"https:\/\/feiasofi.net\/index.php?rest_route=\/wp\/v2\/pages"}],"about":[{"href":"https:\/\/feiasofi.net\/index.php?rest_route=\/wp\/v2\/types\/page"}],"author":[{"embeddable":true,"href":"https:\/\/feiasofi.net\/index.php?rest_route=\/wp\/v2\/users\/1"}],"replies":[{"embeddable":true,"href":"https:\/\/feiasofi.net\/index.php?rest_route=%2Fwp%2Fv2%2Fcomments&post=7225"}],"version-history":[{"count":31,"href":"https:\/\/feiasofi.net\/index.php?rest_route=\/wp\/v2\/pages\/7225\/revisions"}],"predecessor-version":[{"id":9069,"href":"https:\/\/feiasofi.net\/index.php?rest_route=\/wp\/v2\/pages\/7225\/revisions\/9069"}],"wp:attachment":[{"href":"https:\/\/feiasofi.net\/index.php?rest_route=%2Fwp%2Fv2%2Fmedia&parent=7225"}],"curies":[{"name":"wp","href":"https:\/\/api.w.org\/{rel}","templated":true}]}}