{"id":7276,"date":"2025-04-21T08:46:50","date_gmt":"2025-04-21T08:46:50","guid":{"rendered":"https:\/\/feiasofi.net\/?page_id=7276"},"modified":"2025-05-12T14:36:37","modified_gmt":"2025-05-12T14:36:37","slug":"paises-miembros","status":"publish","type":"page","link":"https:\/\/feiasofi.net\/?page_id=7276","title":{"rendered":"Pa\u00edses Miembros"},"content":{"rendered":"\t\t<div data-elementor-type=\"wp-page\" data-elementor-id=\"7276\" class=\"elementor elementor-7276\">\n\t\t\t\t<div class=\"elementor-element elementor-element-e3b8cb7 e-flex e-con-boxed e-con e-parent\" data-id=\"e3b8cb7\" data-element_type=\"container\" data-e-type=\"container\">\n\t\t\t\t\t<div class=\"e-con-inner\">\n\t\t\t\t<div class=\"elementor-element elementor-element-f1a086f elementor-widget elementor-widget-heading\" data-id=\"f1a086f\" data-element_type=\"widget\" data-e-type=\"widget\" data-widget_type=\"heading.default\">\n\t\t\t\t<div class=\"elementor-widget-container\">\n\t\t\t\t\t<h2 class=\"elementor-heading-title elementor-size-default\">Pa\u00edses Miembros<\/h2>\t\t\t\t<\/div>\n\t\t\t\t<\/div>\n\t\t\t\t<div class=\"elementor-element elementor-element-2a7c26a elementor-widget elementor-widget-text-editor\" data-id=\"2a7c26a\" data-element_type=\"widget\" data-e-type=\"widget\" data-widget_type=\"text-editor.default\">\n\t\t\t\t<div class=\"elementor-widget-container\">\n\t\t\t\t\t\t\t\t\t<p>Relaci\u00f3n de todos los pa\u00edses y sus respectivas sociedades de F\u00edsica integrantes de la <strong>Federaci\u00f3n Iberoamericana de Sociedades de F\u00edsica<\/strong>.<\/p><p>\u00a0<\/p>\t\t\t\t\t\t\t\t<\/div>\n\t\t\t\t<\/div>\n\t\t\t\t\t<\/div>\n\t\t\t\t<\/div>\n\t\t<div class=\"elementor-element elementor-element-8f8f813 e-flex e-con-boxed e-con e-parent\" data-id=\"8f8f813\" data-element_type=\"container\" data-e-type=\"container\">\n\t\t\t\t\t<div class=\"e-con-inner\">\n\t\t<div class=\"elementor-element elementor-element-31cdce4 e-con-full e-flex e-con e-child\" data-id=\"31cdce4\" data-element_type=\"container\" data-e-type=\"container\">\n\t\t\t\t<div class=\"elementor-element elementor-element-74b7f86 elementor-widget elementor-widget-image\" data-id=\"74b7f86\" data-element_type=\"widget\" data-e-type=\"widget\" data-widget_type=\"image.default\">\n\t\t\t\t<div class=\"elementor-widget-container\">\n\t\t\t\t\t\t\t\t\t\t\t\t\t\t\t<img fetchpriority=\"high\" decoding=\"async\" width=\"562\" height=\"1024\" src=\"https:\/\/feiasofi.net\/wp-content\/uploads\/2025\/05\/planet-2026998_1280-1.png\" class=\"attachment-large size-large wp-image-8169\" alt=\"\" \/>\t\t\t\t\t\t\t\t\t\t\t\t\t\t\t<\/div>\n\t\t\t\t<\/div>\n\t\t\t\t<\/div>\n\t\t<div class=\"elementor-element elementor-element-02f9a37 e-con-full e-flex e-con e-child\" data-id=\"02f9a37\" data-element_type=\"container\" data-e-type=\"container\">\n\t\t\t\t<div class=\"elementor-element elementor-element-af2a339 elementor-widget__width-initial elementor-widget elementor-widget-text-editor\" data-id=\"af2a339\" data-element_type=\"widget\" data-e-type=\"widget\" data-widget_type=\"text-editor.default\">\n\t\t\t\t<div class=\"elementor-widget-container\">\n\t\t\t\t\t\t\t\t\t<table width=\"293\"><tbody><tr><td width=\"289\"><p style=\"text-align: center;\"><a href=\"https:\/\/feiasofi.net\/?page_id=7289\">Centro Latinoamericano de F\u00edsica (CLAF)<\/a><\/p><\/td><\/tr><tr><td width=\"289\"><p style=\"text-align: center;\"><a href=\"https:\/\/feiasofi.net\/?page_id=7303\">Asociaci\u00f3n Paraguaya de F\u00edsicos<\/a><\/p><\/td><\/tr><tr><td width=\"289\"><p style=\"text-align: center;\"><a href=\"https:\/\/feiasofi.net\/?page_id=7310\">Asociaci\u00f3n de F\u00edsica Argentina<\/a><\/p><\/td><\/tr><tr><td width=\"289\"><p style=\"text-align: center;\"><a href=\"https:\/\/feiasofi.net\/?page_id=7325\">Sociedad Boliviana de F\u00edsica<\/a><\/p><\/td><\/tr><tr><td width=\"289\"><p style=\"text-align: center;\"><a href=\"https:\/\/feiasofi.net\/?page_id=7335\">Sociedad Brasilera de F\u00edsica<\/a><\/p><\/td><\/tr><tr><td width=\"289\"><p style=\"text-align: center;\"><a href=\"https:\/\/feiasofi.net\/?page_id=7345\">Sociedad Colombiana de F\u00edsica<\/a><\/p><\/td><\/tr><tr><td width=\"289\"><p style=\"text-align: center;\"><a href=\"https:\/\/feiasofi.net\/?page_id=7364\">Colegio de F\u00edsicos de Costa Rica<\/a><\/p><\/td><\/tr><tr><td width=\"289\"><p style=\"text-align: center;\"><a href=\"https:\/\/feiasofi.net\/?page_id=7374\">Sociedad Cubana de F\u00edsica<\/a><\/p><\/td><\/tr><tr><td width=\"289\"><p style=\"text-align: center;\"><a href=\"https:\/\/feiasofi.net\/?page_id=7384\">Sociedad Chilena de F\u00edsica<\/a><\/p><\/td><\/tr><tr><td width=\"289\"><p style=\"text-align: center;\"><a href=\"https:\/\/feiasofi.net\/?page_id=7394\">Sociedad Ecuatoriana de F\u00edsica<\/a><\/p><\/td><\/tr><tr><td width=\"289\"><p style=\"text-align: center;\"><a href=\"https:\/\/feiasofi.net\/?page_id=8575\">Real Sociedad Espa\u00f1ola de F\u00edsica<\/a><\/p><\/td><\/tr><tr><td width=\"289\"><p style=\"text-align: center;\"><a href=\"https:\/\/feiasofi.net\/?page_id=8586\">Asociaci\u00f3n Guatemalteca de F\u00edsica<\/a><\/p><\/td><\/tr><tr><td width=\"289\"><p style=\"text-align: center;\"><a href=\"https:\/\/feiasofi.net\/?page_id=8593\">Sociedad Hondure\u00f1a de F\u00edsica<\/a><\/p><\/td><\/tr><tr><td width=\"289\"><p style=\"text-align: center;\"><a href=\"https:\/\/feiasofi.net\/?page_id=8613\">Sociedad Mexicana de F\u00edsica<\/a><\/p><\/td><\/tr><tr><td width=\"289\"><p style=\"text-align: center;\"><a href=\"https:\/\/feiasofi.net\/?page_id=8618\">Asociaci\u00f3n de F\u00edsicos Nicarag\u00fcenses<\/a><\/p><\/td><\/tr><tr><td width=\"289\"><p style=\"text-align: center;\"><a href=\"https:\/\/feiasofi.net\/?page_id=8631\">Asociaci\u00f3n Salvadore\u00f1a de F\u00edsica<\/a><\/p><\/td><\/tr><tr><td width=\"289\"><p style=\"text-align: center;\"><a href=\"https:\/\/feiasofi.net\/?page_id=8641\">Sociedad Paname\u00f1a de F\u00edsica<\/a><\/p><\/td><\/tr><tr><td width=\"289\"><p style=\"text-align: center;\"><a href=\"https:\/\/feiasofi.net\/?page_id=8648\">Sociedad Peruana de F\u00edsica<\/a><\/p><\/td><\/tr><tr><td width=\"289\"><p style=\"text-align: center;\"><a href=\"https:\/\/feiasofi.net\/?page_id=8658\">Sociedad Portuguesa de F\u00edsica<\/a><\/p><\/td><\/tr><tr><td width=\"289\"><p style=\"text-align: center;\"><a href=\"https:\/\/feiasofi.net\/?page_id=8671\">Sociedad Dominicana de F\u00edsica<\/a><\/p><\/td><\/tr><tr><td width=\"289\"><p style=\"text-align: center;\"><a href=\"https:\/\/feiasofi.net\/?page_id=8681\">Sociedad Uruguaya de F\u00edsica<\/a><\/p><\/td><\/tr><tr><td width=\"289\"><p style=\"text-align: center;\"><a href=\"https:\/\/feiasofi.net\/?page_id=8692\">Sociedad Venezolana de F\u00edsica<\/a><\/p><\/td><\/tr><tr><td width=\"289\"><p style=\"text-align: center;\"><a href=\"https:\/\/feiasofi.net\/?page_id=8702\">Sociedad Centroamericana y del Caribe de F\u00edsica<\/a><\/p><\/td><\/tr><\/tbody><\/table>\t\t\t\t\t\t\t\t<\/div>\n\t\t\t\t<\/div>\n\t\t\t\t<\/div>\n\t\t<div class=\"elementor-element elementor-element-b796790 e-con-full e-flex e-con e-child\" data-id=\"b796790\" data-element_type=\"container\" data-e-type=\"container\">\n\t\t\t\t<div class=\"elementor-element elementor-element-c9d4f28 elementor-widget elementor-widget-image\" data-id=\"c9d4f28\" data-element_type=\"widget\" data-e-type=\"widget\" data-widget_type=\"image.default\">\n\t\t\t\t<div class=\"elementor-widget-container\">\n\t\t\t\t\t\t\t\t\t\t\t\t\t\t\t<img decoding=\"async\" width=\"800\" height=\"800\" src=\"https:\/\/feiasofi.net\/wp-content\/uploads\/2025\/05\/satellite-6811254_1280.png\" class=\"attachment-large size-large wp-image-8170\" alt=\"\" \/>\t\t\t\t\t\t\t\t\t\t\t\t\t\t\t<\/div>\n\t\t\t\t<\/div>\n\t\t\t\t<\/div>\n\t\t\t\t\t<\/div>\n\t\t\t\t<\/div>\n\t\t<div class=\"elementor-element elementor-element-cb6266a e-flex e-con-boxed e-con e-parent\" data-id=\"cb6266a\" data-element_type=\"container\" data-e-type=\"container\">\n\t\t\t\t\t<div class=\"e-con-inner\">\n\t\t\t\t\t<\/div>\n\t\t\t\t<\/div>\n\t\t\t\t<\/div>\n\t\t","protected":false},"excerpt":{"rendered":"<p>Pa\u00edses Miembros Relaci\u00f3n de todos los pa\u00edses y sus respectivas sociedades de F\u00edsica integrantes de la Federaci\u00f3n Iberoamericana de Sociedades de F\u00edsica. \u00a0 Centro Latinoamericano de F\u00edsica (CLAF) Asociaci\u00f3n Paraguaya de F\u00edsicos Asociaci\u00f3n de F\u00edsica Argentina Sociedad Boliviana de F\u00edsica Sociedad Brasilera de F\u00edsica Sociedad Colombiana de F\u00edsica Colegio de F\u00edsicos de Costa Rica Sociedad [&hellip;]<\/p>\n","protected":false},"author":1,"featured_media":0,"parent":0,"menu_order":0,"comment_status":"closed","ping_status":"closed","template":"elementor_header_footer","meta":{"footnotes":""},"class_list":["post-7276","page","type-page","status-publish","hentry"],"yoast_head":"<!-- This site is optimized with the Yoast SEO plugin v27.1.1 - https:\/\/yoast.com\/product\/yoast-seo-wordpress\/ -->\n<title>Pa\u00edses Miembros - Feiasofi<\/title>\n<meta name=\"robots\" content=\"index, follow, max-snippet:-1, max-image-preview:large, max-video-preview:-1\" \/>\n<link rel=\"canonical\" href=\"https:\/\/feiasofi.net\/?page_id=7276\" \/>\n<meta property=\"og:locale\" content=\"es_ES\" \/>\n<meta property=\"og:type\" content=\"article\" \/>\n<meta property=\"og:title\" content=\"Pa\u00edses Miembros - Feiasofi\" \/>\n<meta property=\"og:description\" content=\"Pa\u00edses Miembros Relaci\u00f3n de todos los pa\u00edses y sus respectivas sociedades de F\u00edsica integrantes de la Federaci\u00f3n Iberoamericana de Sociedades de F\u00edsica. \u00a0 Centro Latinoamericano de F\u00edsica (CLAF) Asociaci\u00f3n Paraguaya de F\u00edsicos Asociaci\u00f3n de F\u00edsica Argentina Sociedad Boliviana de F\u00edsica Sociedad Brasilera de F\u00edsica Sociedad Colombiana de F\u00edsica Colegio de F\u00edsicos de Costa Rica Sociedad [&hellip;]\" \/>\n<meta property=\"og:url\" content=\"https:\/\/feiasofi.net\/?page_id=7276\" \/>\n<meta property=\"og:site_name\" content=\"Feiasofi\" \/>\n<meta property=\"article:modified_time\" content=\"2025-05-12T14:36:37+00:00\" \/>\n<meta property=\"og:image\" content=\"https:\/\/feiasofi.net\/wp-content\/uploads\/2025\/05\/planet-2026998_1280-1.png\" \/>\n\t<meta property=\"og:image:width\" content=\"703\" \/>\n\t<meta property=\"og:image:height\" content=\"1280\" \/>\n\t<meta property=\"og:image:type\" content=\"image\/png\" \/>\n<meta name=\"twitter:card\" content=\"summary_large_image\" \/>\n<meta name=\"twitter:label1\" content=\"Tiempo de lectura\" \/>\n\t<meta name=\"twitter:data1\" content=\"1 minuto\" \/>\n<script type=\"application\/ld+json\" class=\"yoast-schema-graph\">{\"@context\":\"https:\/\/schema.org\",\"@graph\":[{\"@type\":\"WebPage\",\"@id\":\"https:\/\/feiasofi.net\/?page_id=7276\",\"url\":\"https:\/\/feiasofi.net\/?page_id=7276\",\"name\":\"Pa\u00edses Miembros - Feiasofi\",\"isPartOf\":{\"@id\":\"https:\/\/feiasofi.net\/#website\"},\"primaryImageOfPage\":{\"@id\":\"https:\/\/feiasofi.net\/?page_id=7276#primaryimage\"},\"image\":{\"@id\":\"https:\/\/feiasofi.net\/?page_id=7276#primaryimage\"},\"thumbnailUrl\":\"https:\/\/feiasofi.net\/wp-content\/uploads\/2025\/05\/planet-2026998_1280-1.png\",\"datePublished\":\"2025-04-21T08:46:50+00:00\",\"dateModified\":\"2025-05-12T14:36:37+00:00\",\"breadcrumb\":{\"@id\":\"https:\/\/feiasofi.net\/?page_id=7276#breadcrumb\"},\"inLanguage\":\"es\",\"potentialAction\":[{\"@type\":\"ReadAction\",\"target\":[\"https:\/\/feiasofi.net\/?page_id=7276\"]}]},{\"@type\":\"ImageObject\",\"inLanguage\":\"es\",\"@id\":\"https:\/\/feiasofi.net\/?page_id=7276#primaryimage\",\"url\":\"https:\/\/feiasofi.net\/wp-content\/uploads\/2025\/05\/planet-2026998_1280-1.png\",\"contentUrl\":\"https:\/\/feiasofi.net\/wp-content\/uploads\/2025\/05\/planet-2026998_1280-1.png\",\"width\":703,\"height\":1280},{\"@type\":\"BreadcrumbList\",\"@id\":\"https:\/\/feiasofi.net\/?page_id=7276#breadcrumb\",\"itemListElement\":[{\"@type\":\"ListItem\",\"position\":1,\"name\":\"Portada\",\"item\":\"https:\/\/feiasofi.net\/\"},{\"@type\":\"ListItem\",\"position\":2,\"name\":\"Pa\u00edses Miembros\"}]},{\"@type\":\"WebSite\",\"@id\":\"https:\/\/feiasofi.net\/#website\",\"url\":\"https:\/\/feiasofi.net\/\",\"name\":\"Feiasofi\",\"description\":\"\",\"potentialAction\":[{\"@type\":\"SearchAction\",\"target\":{\"@type\":\"EntryPoint\",\"urlTemplate\":\"https:\/\/feiasofi.net\/?s={search_term_string}\"},\"query-input\":{\"@type\":\"PropertyValueSpecification\",\"valueRequired\":true,\"valueName\":\"search_term_string\"}}],\"inLanguage\":\"es\"}]}<\/script>\n<!-- \/ Yoast SEO plugin. -->","yoast_head_json":{"title":"Pa\u00edses Miembros - Feiasofi","robots":{"index":"index","follow":"follow","max-snippet":"max-snippet:-1","max-image-preview":"max-image-preview:large","max-video-preview":"max-video-preview:-1"},"canonical":"https:\/\/feiasofi.net\/?page_id=7276","og_locale":"es_ES","og_type":"article","og_title":"Pa\u00edses Miembros - Feiasofi","og_description":"Pa\u00edses Miembros Relaci\u00f3n de todos los pa\u00edses y sus respectivas sociedades de F\u00edsica integrantes de la Federaci\u00f3n Iberoamericana de Sociedades de F\u00edsica. \u00a0 Centro Latinoamericano de F\u00edsica (CLAF) Asociaci\u00f3n Paraguaya de F\u00edsicos Asociaci\u00f3n de F\u00edsica Argentina Sociedad Boliviana de F\u00edsica Sociedad Brasilera de F\u00edsica Sociedad Colombiana de F\u00edsica Colegio de F\u00edsicos de Costa Rica Sociedad [&hellip;]","og_url":"https:\/\/feiasofi.net\/?page_id=7276","og_site_name":"Feiasofi","article_modified_time":"2025-05-12T14:36:37+00:00","og_image":[{"width":703,"height":1280,"url":"https:\/\/feiasofi.net\/wp-content\/uploads\/2025\/05\/planet-2026998_1280-1.png","type":"image\/png"}],"twitter_card":"summary_large_image","twitter_misc":{"Tiempo de lectura":"1 minuto"},"schema":{"@context":"https:\/\/schema.org","@graph":[{"@type":"WebPage","@id":"https:\/\/feiasofi.net\/?page_id=7276","url":"https:\/\/feiasofi.net\/?page_id=7276","name":"Pa\u00edses Miembros - Feiasofi","isPartOf":{"@id":"https:\/\/feiasofi.net\/#website"},"primaryImageOfPage":{"@id":"https:\/\/feiasofi.net\/?page_id=7276#primaryimage"},"image":{"@id":"https:\/\/feiasofi.net\/?page_id=7276#primaryimage"},"thumbnailUrl":"https:\/\/feiasofi.net\/wp-content\/uploads\/2025\/05\/planet-2026998_1280-1.png","datePublished":"2025-04-21T08:46:50+00:00","dateModified":"2025-05-12T14:36:37+00:00","breadcrumb":{"@id":"https:\/\/feiasofi.net\/?page_id=7276#breadcrumb"},"inLanguage":"es","potentialAction":[{"@type":"ReadAction","target":["https:\/\/feiasofi.net\/?page_id=7276"]}]},{"@type":"ImageObject","inLanguage":"es","@id":"https:\/\/feiasofi.net\/?page_id=7276#primaryimage","url":"https:\/\/feiasofi.net\/wp-content\/uploads\/2025\/05\/planet-2026998_1280-1.png","contentUrl":"https:\/\/feiasofi.net\/wp-content\/uploads\/2025\/05\/planet-2026998_1280-1.png","width":703,"height":1280},{"@type":"BreadcrumbList","@id":"https:\/\/feiasofi.net\/?page_id=7276#breadcrumb","itemListElement":[{"@type":"ListItem","position":1,"name":"Portada","item":"https:\/\/feiasofi.net\/"},{"@type":"ListItem","position":2,"name":"Pa\u00edses Miembros"}]},{"@type":"WebSite","@id":"https:\/\/feiasofi.net\/#website","url":"https:\/\/feiasofi.net\/","name":"Feiasofi","description":"","potentialAction":[{"@type":"SearchAction","target":{"@type":"EntryPoint","urlTemplate":"https:\/\/feiasofi.net\/?s={search_term_string}"},"query-input":{"@type":"PropertyValueSpecification","valueRequired":true,"valueName":"search_term_string"}}],"inLanguage":"es"}]}},"_links":{"self":[{"href":"https:\/\/feiasofi.net\/index.php?rest_route=\/wp\/v2\/pages\/7276","targetHints":{"allow":["GET"]}}],"collection":[{"href":"https:\/\/feiasofi.net\/index.php?rest_route=\/wp\/v2\/pages"}],"about":[{"href":"https:\/\/feiasofi.net\/index.php?rest_route=\/wp\/v2\/types\/page"}],"author":[{"embeddable":true,"href":"https:\/\/feiasofi.net\/index.php?rest_route=\/wp\/v2\/users\/1"}],"replies":[{"embeddable":true,"href":"https:\/\/feiasofi.net\/index.php?rest_route=%2Fwp%2Fv2%2Fcomments&post=7276"}],"version-history":[{"count":22,"href":"https:\/\/feiasofi.net\/index.php?rest_route=\/wp\/v2\/pages\/7276\/revisions"}],"predecessor-version":[{"id":8713,"href":"https:\/\/feiasofi.net\/index.php?rest_route=\/wp\/v2\/pages\/7276\/revisions\/8713"}],"wp:attachment":[{"href":"https:\/\/feiasofi.net\/index.php?rest_route=%2Fwp%2Fv2%2Fmedia&parent=7276"}],"curies":[{"name":"wp","href":"https:\/\/api.w.org\/{rel}","templated":true}]}}