{"id":7289,"date":"2025-04-21T10:17:08","date_gmt":"2025-04-21T10:17:08","guid":{"rendered":"https:\/\/feiasofi.net\/?page_id=7289"},"modified":"2025-11-26T16:09:20","modified_gmt":"2025-11-26T16:09:20","slug":"centro-latinoamericano-de-fisica-claf","status":"publish","type":"page","link":"https:\/\/feiasofi.net\/?page_id=7289","title":{"rendered":"Centro Latinoamericano de F\u00edsica (CLAF)"},"content":{"rendered":"\t\t<div data-elementor-type=\"wp-page\" data-elementor-id=\"7289\" class=\"elementor elementor-7289\">\n\t\t\t\t<div class=\"elementor-element elementor-element-b8a09be e-flex e-con-boxed e-con e-parent\" data-id=\"b8a09be\" data-element_type=\"container\" data-e-type=\"container\">\n\t\t\t\t\t<div class=\"e-con-inner\">\n\t\t\t\t<div class=\"elementor-element elementor-element-00f42b9 elementor-widget elementor-widget-heading\" data-id=\"00f42b9\" data-element_type=\"widget\" data-e-type=\"widget\" data-widget_type=\"heading.default\">\n\t\t\t\t<div class=\"elementor-widget-container\">\n\t\t\t\t\t<h2 class=\"elementor-heading-title elementor-size-default\">Centro Latinoamericano de F\u00edsica (CLAF)<\/h2>\t\t\t\t<\/div>\n\t\t\t\t<\/div>\n\t\t\t\t\t<\/div>\n\t\t\t\t<\/div>\n\t\t<div class=\"elementor-element elementor-element-61e1395 e-flex e-con-boxed e-con e-parent\" data-id=\"61e1395\" data-element_type=\"container\" data-e-type=\"container\">\n\t\t\t\t\t<div class=\"e-con-inner\">\n\t\t<div class=\"elementor-element elementor-element-6812a62 e-con-full e-flex e-con e-child\" data-id=\"6812a62\" data-element_type=\"container\" data-e-type=\"container\">\n\t\t\t\t<div class=\"elementor-element elementor-element-df00529 elementor-widget elementor-widget-image\" data-id=\"df00529\" data-element_type=\"widget\" data-e-type=\"widget\" data-widget_type=\"image.default\">\n\t\t\t\t<div class=\"elementor-widget-container\">\n\t\t\t\t\t\t\t\t\t\t\t\t\t\t\t<img decoding=\"async\" width=\"57\" height=\"60\" src=\"https:\/\/feiasofi.net\/wp-content\/uploads\/2025\/04\/l_flag_claf.gif\" class=\"attachment-large size-large wp-image-7291\" alt=\"\" \/>\t\t\t\t\t\t\t\t\t\t\t\t\t\t\t<\/div>\n\t\t\t\t<\/div>\n\t\t\t\t<\/div>\n\t\t<div class=\"elementor-element elementor-element-fb616be e-con-full e-flex e-con e-child\" data-id=\"fb616be\" data-element_type=\"container\" data-e-type=\"container\">\n\t\t\t\t<div class=\"elementor-element elementor-element-fc9bdae elementor-widget elementor-widget-text-editor\" data-id=\"fc9bdae\" data-element_type=\"widget\" data-e-type=\"widget\" data-widget_type=\"text-editor.default\">\n\t\t\t\t<div class=\"elementor-widget-container\">\n\t\t\t\t\t\t\t\t\t<p><strong>Presidente<\/strong>: Carlos Trallero-Giner<br \/><strong>Email<\/strong>:\u00a0<span id=\"cloak1da8afd11b68100bcd2c668793d32b7f\">claf at cbpf dot br<\/span><br \/><strong>Web<\/strong>:\u00a0<a href=\"http:\/\/www.claf-fisica.org\/\">http:\/\/www.claf-fisica.org\/<\/a><\/p>\t\t\t\t\t\t\t\t<\/div>\n\t\t\t\t<\/div>\n\t\t\t\t<\/div>\n\t\t\t\t\t<\/div>\n\t\t\t\t<\/div>\n\t\t<div class=\"elementor-element elementor-element-92158aa e-flex e-con-boxed e-con e-parent\" data-id=\"92158aa\" data-element_type=\"container\" data-e-type=\"container\">\n\t\t\t\t\t<div class=\"e-con-inner\">\n\t\t\t\t<div class=\"elementor-element elementor-element-2084277 elementor-widget elementor-widget-text-editor\" data-id=\"2084277\" data-element_type=\"widget\" data-e-type=\"widget\" data-widget_type=\"text-editor.default\">\n\t\t\t\t<div class=\"elementor-widget-container\">\n\t\t\t\t\t\t\t\t\t<p>El Centro Latinoamericano de F\u00edsica (CLAF) es un organismo internacional que tiene por objetivo promover y coordinar esfuerzos para el desarrollo de la F\u00edsica en Am\u00e9rica Latina.<br \/><br \/>El CLAF fue creado el 26 de marzo de 1962, durante una reuni\u00f3n en Rio de Janeiro, promovida por la UNESCO y por el gobierno brasile\u00f1o con la participaci\u00f3n de veinte pa\u00edses latinoamericanos.<br \/><br \/>Firmaron la iniciativa que instituy\u00f3 el CLAF: Argentina, Bolivia, Brasil, Colombia, Costa Rica, Cuba, Chile, Ecuador, El Salvador, Guatemala, Hait\u00ed, Honduras, M\u00e9xico, Nicaragua, Panam\u00e1, Paraguay, Per\u00fa, Rep\u00fablica Dominicana, Uruguay y Venezuela.<br \/><br \/>Ratificaron el acuerdo de su creaci\u00f3n: Argentina, Bolivia, Brasil, Chile, Colombia, Costa Rica, Cuba, Ecuador, M\u00e9xico, Nicaragua, Per\u00fa, Paraguay, Uruguay y Venezuela, que son as\u00ed los actuales Estados Miembros del CLAF.<br \/><br \/>El CLAF mantiene relaciones especiales con varios organismos internacionales: como la UNESCO, tanto con la oficina en Paris como con la oficina en Uruguay; con el International Centre for Theoretical Physics (ICTP), de Trieste, \u00f3rgano de la UNESCO, con el que tiene adem\u00e1s un acuerdo de colaboraci\u00f3n para pa\u00edses de menor desarollo relativo y becas de doctorado cooperativo; con el Joint Institute of Nuclear Research (JINR), de Dubna, de cuyo Consejo Cient\u00edfico el director del CLAF forma parte, habiendo comenzado un programa de becas, y con el CERN de Ginebra con el cual se organizan escuelas de f\u00edsica latinoamericanas.<br \/><br \/>La sede central del CLAF est\u00e1 localizada en el Centro Brasileiro de Pesquisas F\u00edsicas (CBPF) en Rio de Janeiro.<\/p>\t\t\t\t\t\t\t\t<\/div>\n\t\t\t\t<\/div>\n\t\t\t\t\t<\/div>\n\t\t\t\t<\/div>\n\t\t\t\t<\/div>\n\t\t","protected":false},"excerpt":{"rendered":"<p>Centro Latinoamericano de F\u00edsica (CLAF) Presidente: Carlos Trallero-GinerEmail:\u00a0claf at cbpf dot brWeb:\u00a0http:\/\/www.claf-fisica.org\/ El Centro Latinoamericano de F\u00edsica (CLAF) es un organismo internacional que tiene por objetivo promover y coordinar esfuerzos para el desarrollo de la F\u00edsica en Am\u00e9rica Latina. El CLAF fue creado el 26 de marzo de 1962, durante una reuni\u00f3n en Rio de [&hellip;]<\/p>\n","protected":false},"author":1,"featured_media":0,"parent":0,"menu_order":0,"comment_status":"closed","ping_status":"closed","template":"elementor_header_footer","meta":{"footnotes":""},"class_list":["post-7289","page","type-page","status-publish","hentry"],"yoast_head":"<!-- This site is optimized with the Yoast SEO plugin v27.1.1 - https:\/\/yoast.com\/product\/yoast-seo-wordpress\/ -->\n<title>Centro Latinoamericano de F\u00edsica (CLAF) - Feiasofi<\/title>\n<meta name=\"robots\" content=\"index, follow, max-snippet:-1, max-image-preview:large, max-video-preview:-1\" \/>\n<link rel=\"canonical\" href=\"https:\/\/feiasofi.net\/?page_id=7289\" \/>\n<meta property=\"og:locale\" content=\"es_ES\" \/>\n<meta property=\"og:type\" content=\"article\" \/>\n<meta property=\"og:title\" content=\"Centro Latinoamericano de F\u00edsica (CLAF) - Feiasofi\" \/>\n<meta property=\"og:description\" content=\"Centro Latinoamericano de F\u00edsica (CLAF) Presidente: Carlos Trallero-GinerEmail:\u00a0claf at cbpf dot brWeb:\u00a0http:\/\/www.claf-fisica.org\/ El Centro Latinoamericano de F\u00edsica (CLAF) es un organismo internacional que tiene por objetivo promover y coordinar esfuerzos para el desarrollo de la F\u00edsica en Am\u00e9rica Latina. El CLAF fue creado el 26 de marzo de 1962, durante una reuni\u00f3n en Rio de [&hellip;]\" \/>\n<meta property=\"og:url\" content=\"https:\/\/feiasofi.net\/?page_id=7289\" \/>\n<meta property=\"og:site_name\" content=\"Feiasofi\" \/>\n<meta property=\"article:modified_time\" content=\"2025-11-26T16:09:20+00:00\" \/>\n<meta property=\"og:image\" content=\"https:\/\/feiasofi.net\/wp-content\/uploads\/2025\/04\/l_flag_claf.gif\" \/>\n\t<meta property=\"og:image:width\" content=\"57\" \/>\n\t<meta property=\"og:image:height\" content=\"60\" \/>\n\t<meta property=\"og:image:type\" content=\"image\/gif\" \/>\n<meta name=\"twitter:card\" content=\"summary_large_image\" \/>\n<meta name=\"twitter:label1\" content=\"Tiempo de lectura\" \/>\n\t<meta name=\"twitter:data1\" content=\"2 minutos\" \/>\n<script type=\"application\/ld+json\" class=\"yoast-schema-graph\">{\"@context\":\"https:\/\/schema.org\",\"@graph\":[{\"@type\":\"WebPage\",\"@id\":\"https:\/\/feiasofi.net\/?page_id=7289\",\"url\":\"https:\/\/feiasofi.net\/?page_id=7289\",\"name\":\"Centro Latinoamericano de F\u00edsica (CLAF) - Feiasofi\",\"isPartOf\":{\"@id\":\"https:\/\/feiasofi.net\/#website\"},\"primaryImageOfPage\":{\"@id\":\"https:\/\/feiasofi.net\/?page_id=7289#primaryimage\"},\"image\":{\"@id\":\"https:\/\/feiasofi.net\/?page_id=7289#primaryimage\"},\"thumbnailUrl\":\"https:\/\/feiasofi.net\/wp-content\/uploads\/2025\/04\/l_flag_claf.gif\",\"datePublished\":\"2025-04-21T10:17:08+00:00\",\"dateModified\":\"2025-11-26T16:09:20+00:00\",\"breadcrumb\":{\"@id\":\"https:\/\/feiasofi.net\/?page_id=7289#breadcrumb\"},\"inLanguage\":\"es\",\"potentialAction\":[{\"@type\":\"ReadAction\",\"target\":[\"https:\/\/feiasofi.net\/?page_id=7289\"]}]},{\"@type\":\"ImageObject\",\"inLanguage\":\"es\",\"@id\":\"https:\/\/feiasofi.net\/?page_id=7289#primaryimage\",\"url\":\"https:\/\/feiasofi.net\/wp-content\/uploads\/2025\/04\/l_flag_claf.gif\",\"contentUrl\":\"https:\/\/feiasofi.net\/wp-content\/uploads\/2025\/04\/l_flag_claf.gif\",\"width\":57,\"height\":60},{\"@type\":\"BreadcrumbList\",\"@id\":\"https:\/\/feiasofi.net\/?page_id=7289#breadcrumb\",\"itemListElement\":[{\"@type\":\"ListItem\",\"position\":1,\"name\":\"Portada\",\"item\":\"https:\/\/feiasofi.net\/\"},{\"@type\":\"ListItem\",\"position\":2,\"name\":\"Centro Latinoamericano de F\u00edsica (CLAF)\"}]},{\"@type\":\"WebSite\",\"@id\":\"https:\/\/feiasofi.net\/#website\",\"url\":\"https:\/\/feiasofi.net\/\",\"name\":\"Feiasofi\",\"description\":\"\",\"potentialAction\":[{\"@type\":\"SearchAction\",\"target\":{\"@type\":\"EntryPoint\",\"urlTemplate\":\"https:\/\/feiasofi.net\/?s={search_term_string}\"},\"query-input\":{\"@type\":\"PropertyValueSpecification\",\"valueRequired\":true,\"valueName\":\"search_term_string\"}}],\"inLanguage\":\"es\"}]}<\/script>\n<!-- \/ Yoast SEO plugin. -->","yoast_head_json":{"title":"Centro Latinoamericano de F\u00edsica (CLAF) - Feiasofi","robots":{"index":"index","follow":"follow","max-snippet":"max-snippet:-1","max-image-preview":"max-image-preview:large","max-video-preview":"max-video-preview:-1"},"canonical":"https:\/\/feiasofi.net\/?page_id=7289","og_locale":"es_ES","og_type":"article","og_title":"Centro Latinoamericano de F\u00edsica (CLAF) - Feiasofi","og_description":"Centro Latinoamericano de F\u00edsica (CLAF) Presidente: Carlos Trallero-GinerEmail:\u00a0claf at cbpf dot brWeb:\u00a0http:\/\/www.claf-fisica.org\/ El Centro Latinoamericano de F\u00edsica (CLAF) es un organismo internacional que tiene por objetivo promover y coordinar esfuerzos para el desarrollo de la F\u00edsica en Am\u00e9rica Latina. El CLAF fue creado el 26 de marzo de 1962, durante una reuni\u00f3n en Rio de [&hellip;]","og_url":"https:\/\/feiasofi.net\/?page_id=7289","og_site_name":"Feiasofi","article_modified_time":"2025-11-26T16:09:20+00:00","og_image":[{"width":57,"height":60,"url":"https:\/\/feiasofi.net\/wp-content\/uploads\/2025\/04\/l_flag_claf.gif","type":"image\/gif"}],"twitter_card":"summary_large_image","twitter_misc":{"Tiempo de lectura":"2 minutos"},"schema":{"@context":"https:\/\/schema.org","@graph":[{"@type":"WebPage","@id":"https:\/\/feiasofi.net\/?page_id=7289","url":"https:\/\/feiasofi.net\/?page_id=7289","name":"Centro Latinoamericano de F\u00edsica (CLAF) - Feiasofi","isPartOf":{"@id":"https:\/\/feiasofi.net\/#website"},"primaryImageOfPage":{"@id":"https:\/\/feiasofi.net\/?page_id=7289#primaryimage"},"image":{"@id":"https:\/\/feiasofi.net\/?page_id=7289#primaryimage"},"thumbnailUrl":"https:\/\/feiasofi.net\/wp-content\/uploads\/2025\/04\/l_flag_claf.gif","datePublished":"2025-04-21T10:17:08+00:00","dateModified":"2025-11-26T16:09:20+00:00","breadcrumb":{"@id":"https:\/\/feiasofi.net\/?page_id=7289#breadcrumb"},"inLanguage":"es","potentialAction":[{"@type":"ReadAction","target":["https:\/\/feiasofi.net\/?page_id=7289"]}]},{"@type":"ImageObject","inLanguage":"es","@id":"https:\/\/feiasofi.net\/?page_id=7289#primaryimage","url":"https:\/\/feiasofi.net\/wp-content\/uploads\/2025\/04\/l_flag_claf.gif","contentUrl":"https:\/\/feiasofi.net\/wp-content\/uploads\/2025\/04\/l_flag_claf.gif","width":57,"height":60},{"@type":"BreadcrumbList","@id":"https:\/\/feiasofi.net\/?page_id=7289#breadcrumb","itemListElement":[{"@type":"ListItem","position":1,"name":"Portada","item":"https:\/\/feiasofi.net\/"},{"@type":"ListItem","position":2,"name":"Centro Latinoamericano de F\u00edsica (CLAF)"}]},{"@type":"WebSite","@id":"https:\/\/feiasofi.net\/#website","url":"https:\/\/feiasofi.net\/","name":"Feiasofi","description":"","potentialAction":[{"@type":"SearchAction","target":{"@type":"EntryPoint","urlTemplate":"https:\/\/feiasofi.net\/?s={search_term_string}"},"query-input":{"@type":"PropertyValueSpecification","valueRequired":true,"valueName":"search_term_string"}}],"inLanguage":"es"}]}},"_links":{"self":[{"href":"https:\/\/feiasofi.net\/index.php?rest_route=\/wp\/v2\/pages\/7289","targetHints":{"allow":["GET"]}}],"collection":[{"href":"https:\/\/feiasofi.net\/index.php?rest_route=\/wp\/v2\/pages"}],"about":[{"href":"https:\/\/feiasofi.net\/index.php?rest_route=\/wp\/v2\/types\/page"}],"author":[{"embeddable":true,"href":"https:\/\/feiasofi.net\/index.php?rest_route=\/wp\/v2\/users\/1"}],"replies":[{"embeddable":true,"href":"https:\/\/feiasofi.net\/index.php?rest_route=%2Fwp%2Fv2%2Fcomments&post=7289"}],"version-history":[{"count":13,"href":"https:\/\/feiasofi.net\/index.php?rest_route=\/wp\/v2\/pages\/7289\/revisions"}],"predecessor-version":[{"id":9072,"href":"https:\/\/feiasofi.net\/index.php?rest_route=\/wp\/v2\/pages\/7289\/revisions\/9072"}],"wp:attachment":[{"href":"https:\/\/feiasofi.net\/index.php?rest_route=%2Fwp%2Fv2%2Fmedia&parent=7289"}],"curies":[{"name":"wp","href":"https:\/\/api.w.org\/{rel}","templated":true}]}}