{"id":7303,"date":"2025-04-21T14:04:57","date_gmt":"2025-04-21T14:04:57","guid":{"rendered":"https:\/\/feiasofi.net\/?page_id=7303"},"modified":"2025-11-26T16:10:50","modified_gmt":"2025-11-26T16:10:50","slug":"asociacion-paraguaya-de-fisicos","status":"publish","type":"page","link":"https:\/\/feiasofi.net\/?page_id=7303","title":{"rendered":"Asociaci\u00f3n Paraguaya de F\u00edsicos"},"content":{"rendered":"\t\t<div data-elementor-type=\"wp-page\" data-elementor-id=\"7303\" class=\"elementor elementor-7303\">\n\t\t\t\t<div class=\"elementor-element elementor-element-40c2615 e-flex e-con-boxed e-con e-parent\" data-id=\"40c2615\" data-element_type=\"container\" data-e-type=\"container\">\n\t\t\t\t\t<div class=\"e-con-inner\">\n\t\t\t\t<div class=\"elementor-element elementor-element-19cfbc8 elementor-widget elementor-widget-heading\" data-id=\"19cfbc8\" data-element_type=\"widget\" data-e-type=\"widget\" data-widget_type=\"heading.default\">\n\t\t\t\t<div class=\"elementor-widget-container\">\n\t\t\t\t\t<h2 class=\"elementor-heading-title elementor-size-default\">Asociaci\u00f3n Paraguaya de F\u00edsicos<\/h2>\t\t\t\t<\/div>\n\t\t\t\t<\/div>\n\t\t\t\t\t<\/div>\n\t\t\t\t<\/div>\n\t\t<div class=\"elementor-element elementor-element-c299b71 e-flex e-con-boxed e-con e-parent\" data-id=\"c299b71\" data-element_type=\"container\" data-e-type=\"container\">\n\t\t\t\t\t<div class=\"e-con-inner\">\n\t\t<div class=\"elementor-element elementor-element-f877a1b e-con-full e-flex e-con e-child\" data-id=\"f877a1b\" data-element_type=\"container\" data-e-type=\"container\">\n\t\t\t\t<div class=\"elementor-element elementor-element-4541258 elementor-widget elementor-widget-image\" data-id=\"4541258\" data-element_type=\"widget\" data-e-type=\"widget\" data-widget_type=\"image.default\">\n\t\t\t\t<div class=\"elementor-widget-container\">\n\t\t\t\t\t\t\t\t\t\t\t\t\t\t\t<img decoding=\"async\" width=\"90\" height=\"60\" src=\"https:\/\/feiasofi.net\/wp-content\/uploads\/2025\/04\/l_flag_paraguay.gif\" class=\"attachment-large size-large wp-image-7305\" alt=\"\" \/>\t\t\t\t\t\t\t\t\t\t\t\t\t\t\t<\/div>\n\t\t\t\t<\/div>\n\t\t\t\t<\/div>\n\t\t<div class=\"elementor-element elementor-element-7c229a8 e-con-full e-flex e-con e-child\" data-id=\"7c229a8\" data-element_type=\"container\" data-e-type=\"container\">\n\t\t\t\t<div class=\"elementor-element elementor-element-307ce8c elementor-widget elementor-widget-text-editor\" data-id=\"307ce8c\" data-element_type=\"widget\" data-e-type=\"widget\" data-widget_type=\"text-editor.default\">\n\t\t\t\t<div class=\"elementor-widget-container\">\n\t\t\t\t\t\t\t\t\t<p><strong>Presidente<\/strong>: Vincent Figueres<br \/><strong>e-mail:\u00a0<\/strong><span id=\"cloak9084733e98d38dd49835970b2ef07ce5\">afp at facen dot una dot py<\/span><\/p><p><strong>e-mail alternativo:\u00a0<span id=\"cloak48d2e81303450bbef8cc75c10674790e\"><a href=\"mailto:vfigueres@facen.una.py\">vfigueres at facen dot una dot py<\/a><\/span><br \/><\/strong><\/p>\t\t\t\t\t\t\t\t<\/div>\n\t\t\t\t<\/div>\n\t\t\t\t<\/div>\n\t\t\t\t\t<\/div>\n\t\t\t\t<\/div>\n\t\t<div class=\"elementor-element elementor-element-189c40d e-flex e-con-boxed e-con e-parent\" data-id=\"189c40d\" data-element_type=\"container\" data-e-type=\"container\">\n\t\t\t\t\t<div class=\"e-con-inner\">\n\t\t\t\t<div class=\"elementor-element elementor-element-5c36d0c elementor-widget elementor-widget-text-editor\" data-id=\"5c36d0c\" data-element_type=\"widget\" data-e-type=\"widget\" data-widget_type=\"text-editor.default\">\n\t\t\t\t<div class=\"elementor-widget-container\">\n\t\t\t\t\t\t\t\t\t<p><strong>Web<\/strong>: En construcci\u00f3n<\/p>\t\t\t\t\t\t\t\t<\/div>\n\t\t\t\t<\/div>\n\t\t\t\t\t<\/div>\n\t\t\t\t<\/div>\n\t\t\t\t<\/div>\n\t\t","protected":false},"excerpt":{"rendered":"<p>Asociaci\u00f3n Paraguaya de F\u00edsicos Presidente: Vincent Figuerese-mail:\u00a0afp at facen dot una dot py e-mail alternativo:\u00a0vfigueres at facen dot una dot py Web: En construcci\u00f3n<\/p>\n","protected":false},"author":1,"featured_media":0,"parent":0,"menu_order":0,"comment_status":"closed","ping_status":"closed","template":"elementor_header_footer","meta":{"footnotes":""},"class_list":["post-7303","page","type-page","status-publish","hentry"],"yoast_head":"<!-- This site is optimized with the Yoast SEO plugin v27.1.1 - https:\/\/yoast.com\/product\/yoast-seo-wordpress\/ -->\n<title>Asociaci\u00f3n Paraguaya de F\u00edsicos - Feiasofi<\/title>\n<meta name=\"robots\" content=\"index, follow, max-snippet:-1, max-image-preview:large, max-video-preview:-1\" \/>\n<link rel=\"canonical\" href=\"https:\/\/feiasofi.net\/?page_id=7303\" \/>\n<meta property=\"og:locale\" content=\"es_ES\" \/>\n<meta property=\"og:type\" content=\"article\" \/>\n<meta property=\"og:title\" content=\"Asociaci\u00f3n Paraguaya de F\u00edsicos - Feiasofi\" \/>\n<meta property=\"og:description\" content=\"Asociaci\u00f3n Paraguaya de F\u00edsicos Presidente: Vincent Figuerese-mail:\u00a0afp at facen dot una dot py e-mail alternativo:\u00a0vfigueres at facen dot una dot py Web: En construcci\u00f3n\" \/>\n<meta property=\"og:url\" content=\"https:\/\/feiasofi.net\/?page_id=7303\" \/>\n<meta property=\"og:site_name\" content=\"Feiasofi\" \/>\n<meta property=\"article:modified_time\" content=\"2025-11-26T16:10:50+00:00\" \/>\n<meta property=\"og:image\" content=\"https:\/\/feiasofi.net\/wp-content\/uploads\/2025\/04\/l_flag_paraguay.gif\" \/>\n\t<meta property=\"og:image:width\" content=\"90\" \/>\n\t<meta property=\"og:image:height\" content=\"60\" \/>\n\t<meta property=\"og:image:type\" content=\"image\/gif\" \/>\n<meta name=\"twitter:card\" content=\"summary_large_image\" \/>\n<meta name=\"twitter:label1\" content=\"Tiempo de lectura\" \/>\n\t<meta name=\"twitter:data1\" content=\"1 minuto\" \/>\n<script type=\"application\/ld+json\" class=\"yoast-schema-graph\">{\"@context\":\"https:\/\/schema.org\",\"@graph\":[{\"@type\":\"WebPage\",\"@id\":\"https:\/\/feiasofi.net\/?page_id=7303\",\"url\":\"https:\/\/feiasofi.net\/?page_id=7303\",\"name\":\"Asociaci\u00f3n Paraguaya de F\u00edsicos - Feiasofi\",\"isPartOf\":{\"@id\":\"https:\/\/feiasofi.net\/#website\"},\"primaryImageOfPage\":{\"@id\":\"https:\/\/feiasofi.net\/?page_id=7303#primaryimage\"},\"image\":{\"@id\":\"https:\/\/feiasofi.net\/?page_id=7303#primaryimage\"},\"thumbnailUrl\":\"https:\/\/feiasofi.net\/wp-content\/uploads\/2025\/04\/l_flag_paraguay.gif\",\"datePublished\":\"2025-04-21T14:04:57+00:00\",\"dateModified\":\"2025-11-26T16:10:50+00:00\",\"breadcrumb\":{\"@id\":\"https:\/\/feiasofi.net\/?page_id=7303#breadcrumb\"},\"inLanguage\":\"es\",\"potentialAction\":[{\"@type\":\"ReadAction\",\"target\":[\"https:\/\/feiasofi.net\/?page_id=7303\"]}]},{\"@type\":\"ImageObject\",\"inLanguage\":\"es\",\"@id\":\"https:\/\/feiasofi.net\/?page_id=7303#primaryimage\",\"url\":\"https:\/\/feiasofi.net\/wp-content\/uploads\/2025\/04\/l_flag_paraguay.gif\",\"contentUrl\":\"https:\/\/feiasofi.net\/wp-content\/uploads\/2025\/04\/l_flag_paraguay.gif\",\"width\":90,\"height\":60},{\"@type\":\"BreadcrumbList\",\"@id\":\"https:\/\/feiasofi.net\/?page_id=7303#breadcrumb\",\"itemListElement\":[{\"@type\":\"ListItem\",\"position\":1,\"name\":\"Portada\",\"item\":\"https:\/\/feiasofi.net\/\"},{\"@type\":\"ListItem\",\"position\":2,\"name\":\"Asociaci\u00f3n Paraguaya de F\u00edsicos\"}]},{\"@type\":\"WebSite\",\"@id\":\"https:\/\/feiasofi.net\/#website\",\"url\":\"https:\/\/feiasofi.net\/\",\"name\":\"Feiasofi\",\"description\":\"\",\"potentialAction\":[{\"@type\":\"SearchAction\",\"target\":{\"@type\":\"EntryPoint\",\"urlTemplate\":\"https:\/\/feiasofi.net\/?s={search_term_string}\"},\"query-input\":{\"@type\":\"PropertyValueSpecification\",\"valueRequired\":true,\"valueName\":\"search_term_string\"}}],\"inLanguage\":\"es\"}]}<\/script>\n<!-- \/ Yoast SEO plugin. -->","yoast_head_json":{"title":"Asociaci\u00f3n Paraguaya de F\u00edsicos - Feiasofi","robots":{"index":"index","follow":"follow","max-snippet":"max-snippet:-1","max-image-preview":"max-image-preview:large","max-video-preview":"max-video-preview:-1"},"canonical":"https:\/\/feiasofi.net\/?page_id=7303","og_locale":"es_ES","og_type":"article","og_title":"Asociaci\u00f3n Paraguaya de F\u00edsicos - Feiasofi","og_description":"Asociaci\u00f3n Paraguaya de F\u00edsicos Presidente: Vincent Figuerese-mail:\u00a0afp at facen dot una dot py e-mail alternativo:\u00a0vfigueres at facen dot una dot py Web: En construcci\u00f3n","og_url":"https:\/\/feiasofi.net\/?page_id=7303","og_site_name":"Feiasofi","article_modified_time":"2025-11-26T16:10:50+00:00","og_image":[{"width":90,"height":60,"url":"https:\/\/feiasofi.net\/wp-content\/uploads\/2025\/04\/l_flag_paraguay.gif","type":"image\/gif"}],"twitter_card":"summary_large_image","twitter_misc":{"Tiempo de lectura":"1 minuto"},"schema":{"@context":"https:\/\/schema.org","@graph":[{"@type":"WebPage","@id":"https:\/\/feiasofi.net\/?page_id=7303","url":"https:\/\/feiasofi.net\/?page_id=7303","name":"Asociaci\u00f3n Paraguaya de F\u00edsicos - Feiasofi","isPartOf":{"@id":"https:\/\/feiasofi.net\/#website"},"primaryImageOfPage":{"@id":"https:\/\/feiasofi.net\/?page_id=7303#primaryimage"},"image":{"@id":"https:\/\/feiasofi.net\/?page_id=7303#primaryimage"},"thumbnailUrl":"https:\/\/feiasofi.net\/wp-content\/uploads\/2025\/04\/l_flag_paraguay.gif","datePublished":"2025-04-21T14:04:57+00:00","dateModified":"2025-11-26T16:10:50+00:00","breadcrumb":{"@id":"https:\/\/feiasofi.net\/?page_id=7303#breadcrumb"},"inLanguage":"es","potentialAction":[{"@type":"ReadAction","target":["https:\/\/feiasofi.net\/?page_id=7303"]}]},{"@type":"ImageObject","inLanguage":"es","@id":"https:\/\/feiasofi.net\/?page_id=7303#primaryimage","url":"https:\/\/feiasofi.net\/wp-content\/uploads\/2025\/04\/l_flag_paraguay.gif","contentUrl":"https:\/\/feiasofi.net\/wp-content\/uploads\/2025\/04\/l_flag_paraguay.gif","width":90,"height":60},{"@type":"BreadcrumbList","@id":"https:\/\/feiasofi.net\/?page_id=7303#breadcrumb","itemListElement":[{"@type":"ListItem","position":1,"name":"Portada","item":"https:\/\/feiasofi.net\/"},{"@type":"ListItem","position":2,"name":"Asociaci\u00f3n Paraguaya de F\u00edsicos"}]},{"@type":"WebSite","@id":"https:\/\/feiasofi.net\/#website","url":"https:\/\/feiasofi.net\/","name":"Feiasofi","description":"","potentialAction":[{"@type":"SearchAction","target":{"@type":"EntryPoint","urlTemplate":"https:\/\/feiasofi.net\/?s={search_term_string}"},"query-input":{"@type":"PropertyValueSpecification","valueRequired":true,"valueName":"search_term_string"}}],"inLanguage":"es"}]}},"_links":{"self":[{"href":"https:\/\/feiasofi.net\/index.php?rest_route=\/wp\/v2\/pages\/7303","targetHints":{"allow":["GET"]}}],"collection":[{"href":"https:\/\/feiasofi.net\/index.php?rest_route=\/wp\/v2\/pages"}],"about":[{"href":"https:\/\/feiasofi.net\/index.php?rest_route=\/wp\/v2\/types\/page"}],"author":[{"embeddable":true,"href":"https:\/\/feiasofi.net\/index.php?rest_route=\/wp\/v2\/users\/1"}],"replies":[{"embeddable":true,"href":"https:\/\/feiasofi.net\/index.php?rest_route=%2Fwp%2Fv2%2Fcomments&post=7303"}],"version-history":[{"count":13,"href":"https:\/\/feiasofi.net\/index.php?rest_route=\/wp\/v2\/pages\/7303\/revisions"}],"predecessor-version":[{"id":9075,"href":"https:\/\/feiasofi.net\/index.php?rest_route=\/wp\/v2\/pages\/7303\/revisions\/9075"}],"wp:attachment":[{"href":"https:\/\/feiasofi.net\/index.php?rest_route=%2Fwp%2Fv2%2Fmedia&parent=7303"}],"curies":[{"name":"wp","href":"https:\/\/api.w.org\/{rel}","templated":true}]}}