{"id":7310,"date":"2025-04-21T14:07:38","date_gmt":"2025-04-21T14:07:38","guid":{"rendered":"https:\/\/feiasofi.net\/?page_id=7310"},"modified":"2025-11-26T16:11:48","modified_gmt":"2025-11-26T16:11:48","slug":"asociacion-de-fisica-de-argentina","status":"publish","type":"page","link":"https:\/\/feiasofi.net\/?page_id=7310","title":{"rendered":"Asociaci\u00f3n de F\u00edsica de Argentina"},"content":{"rendered":"\t\t<div data-elementor-type=\"wp-page\" data-elementor-id=\"7310\" class=\"elementor elementor-7310\">\n\t\t\t\t<div class=\"elementor-element elementor-element-88a695b e-flex e-con-boxed e-con e-parent\" data-id=\"88a695b\" data-element_type=\"container\" data-e-type=\"container\">\n\t\t\t\t\t<div class=\"e-con-inner\">\n\t\t\t\t<div class=\"elementor-element elementor-element-bc40a98 elementor-widget elementor-widget-heading\" data-id=\"bc40a98\" data-element_type=\"widget\" data-e-type=\"widget\" data-widget_type=\"heading.default\">\n\t\t\t\t<div class=\"elementor-widget-container\">\n\t\t\t\t\t<h2 class=\"elementor-heading-title elementor-size-default\">Asociaci\u00f3n de F\u00edsica Argentina<\/h2>\t\t\t\t<\/div>\n\t\t\t\t<\/div>\n\t\t\t\t\t<\/div>\n\t\t\t\t<\/div>\n\t\t<div class=\"elementor-element elementor-element-bcc794c e-flex e-con-boxed e-con e-parent\" data-id=\"bcc794c\" data-element_type=\"container\" data-e-type=\"container\">\n\t\t\t\t\t<div class=\"e-con-inner\">\n\t\t<div class=\"elementor-element elementor-element-c1e3f01 e-con-full e-flex e-con e-child\" data-id=\"c1e3f01\" data-element_type=\"container\" data-e-type=\"container\">\n\t\t\t\t<div class=\"elementor-element elementor-element-85e62ae elementor-widget elementor-widget-image\" data-id=\"85e62ae\" data-element_type=\"widget\" data-e-type=\"widget\" data-widget_type=\"image.default\">\n\t\t\t\t<div class=\"elementor-widget-container\">\n\t\t\t\t\t\t\t\t\t\t\t\t\t\t\t<img decoding=\"async\" width=\"120\" height=\"60\" src=\"https:\/\/feiasofi.net\/wp-content\/uploads\/2025\/04\/l_flag_argentina.gif\" class=\"attachment-large size-large wp-image-7312\" alt=\"\" \/>\t\t\t\t\t\t\t\t\t\t\t\t\t\t\t<\/div>\n\t\t\t\t<\/div>\n\t\t\t\t<\/div>\n\t\t<div class=\"elementor-element elementor-element-329da29 e-con-full e-flex e-con e-child\" data-id=\"329da29\" data-element_type=\"container\" data-e-type=\"container\">\n\t\t\t\t<div class=\"elementor-element elementor-element-e0fcb9b elementor-widget elementor-widget-text-editor\" data-id=\"e0fcb9b\" data-element_type=\"widget\" data-e-type=\"widget\" data-widget_type=\"text-editor.default\">\n\t\t\t\t<div class=\"elementor-widget-container\">\n\t\t\t\t\t\t\t\t\t<p><strong>Presidente<\/strong>: Omar Osenda<br \/><strong>Email<\/strong>:<span id=\"cloak22e23c5be7eb75ddf3903214dcfe8b33\"><a href=\"mailto:omar.osenda@unc.edu.ar\">omar dot osenda at unc dot edu dot ar<\/a><\/span><br \/><strong>Secretar\u00eda<\/strong>:\u00a0<span id=\"cloak0f7888e471182069c5a643fdfa5591a3\"><a href=\"mailto:secretaria@fisica.org.ar\">secretaria at fisica dot org dot ar<\/a><\/span><br \/><strong>Web<\/strong>:\u00a0<a href=\"http:\/\/www.fisica.org.ar\/\">http:\/\/www.fisica.org.ar<\/a><\/p>\t\t\t\t\t\t\t\t<\/div>\n\t\t\t\t<\/div>\n\t\t\t\t<\/div>\n\t\t\t\t\t<\/div>\n\t\t\t\t<\/div>\n\t\t<div class=\"elementor-element elementor-element-2eaa5ba e-flex e-con-boxed e-con e-parent\" data-id=\"2eaa5ba\" data-element_type=\"container\" data-e-type=\"container\">\n\t\t\t\t\t<div class=\"e-con-inner\">\n\t\t\t\t<div class=\"elementor-element elementor-element-ee3decd elementor-widget elementor-widget-text-editor\" data-id=\"ee3decd\" data-element_type=\"widget\" data-e-type=\"widget\" data-widget_type=\"text-editor.default\">\n\t\t\t\t<div class=\"elementor-widget-container\">\n\t\t\t\t\t\t\t\t\t<p>La\u00a0<strong>Asociaci\u00f3n F\u00edsica Argentina<\/strong>\u00a0nuclea institucionalmente a los f\u00edsicos argentinos que trabajan en el pa\u00eds o en el exterior. Tal como se expone en el Articulo 2 de su Estatuto, Sus objetivos originales son:<\/p><blockquote><p><em>\u00abFomentar el desarrollo de la investigaci\u00f3n cient\u00edfica pura y aplicada en el campo de la F\u00edsica, promover el mejoramiento de la ensa\u00f1anza de esa disciplina en todos los niveles, divulgar su conocimiento y procurar la jerarquizaci\u00f3n de la profesi\u00f3n del F\u00edsico.\u00bb<br \/>\u00a0<\/em><\/p><\/blockquote><p>Desde Agosto de 1944 hasta el dia de hoy, la AFA viene trabajando en pos de este objetivo y este sitio es un esfuerzo mas en este sentido. Aqui hemos volcado informaci\u00f3n de interes, no solo para los asociados, sino tambi\u00e9n para todos aquellos que de una forma u otra se interesan por el desarrollo de la actividad cient\u00edfica en el pa\u00eds.<\/p><p><em><strong><a href=\"https:\/\/www.feiasofi.net\/images\/PDF\/AFA.pdf\">Poster de la Asociaci\u00f3n de F\u00edsica Argentina (Reuni\u00f3n de La Habana, 2018)<\/a><\/strong><\/em><\/p>\t\t\t\t\t\t\t\t<\/div>\n\t\t\t\t<\/div>\n\t\t\t\t\t<\/div>\n\t\t\t\t<\/div>\n\t\t\t\t<\/div>\n\t\t","protected":false},"excerpt":{"rendered":"<p>Asociaci\u00f3n de F\u00edsica Argentina Presidente: Omar OsendaEmail:omar dot osenda at unc dot edu dot arSecretar\u00eda:\u00a0secretaria at fisica dot org dot arWeb:\u00a0http:\/\/www.fisica.org.ar La\u00a0Asociaci\u00f3n F\u00edsica Argentina\u00a0nuclea institucionalmente a los f\u00edsicos argentinos que trabajan en el pa\u00eds o en el exterior. Tal como se expone en el Articulo 2 de su Estatuto, Sus objetivos originales son: \u00abFomentar el [&hellip;]<\/p>\n","protected":false},"author":1,"featured_media":0,"parent":0,"menu_order":0,"comment_status":"closed","ping_status":"closed","template":"elementor_header_footer","meta":{"footnotes":""},"class_list":["post-7310","page","type-page","status-publish","hentry"],"yoast_head":"<!-- This site is optimized with the Yoast SEO plugin v27.1.1 - https:\/\/yoast.com\/product\/yoast-seo-wordpress\/ -->\n<title>Asociaci\u00f3n de F\u00edsica de Argentina - Feiasofi<\/title>\n<meta name=\"robots\" content=\"index, follow, max-snippet:-1, max-image-preview:large, max-video-preview:-1\" \/>\n<link rel=\"canonical\" href=\"https:\/\/feiasofi.net\/?page_id=7310\" \/>\n<meta property=\"og:locale\" content=\"es_ES\" \/>\n<meta property=\"og:type\" content=\"article\" \/>\n<meta property=\"og:title\" content=\"Asociaci\u00f3n de F\u00edsica de Argentina - Feiasofi\" \/>\n<meta property=\"og:description\" content=\"Asociaci\u00f3n de F\u00edsica Argentina Presidente: Omar OsendaEmail:omar dot osenda at unc dot edu dot arSecretar\u00eda:\u00a0secretaria at fisica dot org dot arWeb:\u00a0http:\/\/www.fisica.org.ar La\u00a0Asociaci\u00f3n F\u00edsica Argentina\u00a0nuclea institucionalmente a los f\u00edsicos argentinos que trabajan en el pa\u00eds o en el exterior. Tal como se expone en el Articulo 2 de su Estatuto, Sus objetivos originales son: \u00abFomentar el [&hellip;]\" \/>\n<meta property=\"og:url\" content=\"https:\/\/feiasofi.net\/?page_id=7310\" \/>\n<meta property=\"og:site_name\" content=\"Feiasofi\" \/>\n<meta property=\"article:modified_time\" content=\"2025-11-26T16:11:48+00:00\" \/>\n<meta property=\"og:image\" content=\"https:\/\/feiasofi.net\/wp-content\/uploads\/2025\/04\/l_flag_argentina.gif\" \/>\n\t<meta property=\"og:image:width\" content=\"120\" \/>\n\t<meta property=\"og:image:height\" content=\"60\" \/>\n\t<meta property=\"og:image:type\" content=\"image\/gif\" \/>\n<meta name=\"twitter:card\" content=\"summary_large_image\" \/>\n<meta name=\"twitter:label1\" content=\"Tiempo de lectura\" \/>\n\t<meta name=\"twitter:data1\" content=\"1 minuto\" \/>\n<script type=\"application\/ld+json\" class=\"yoast-schema-graph\">{\"@context\":\"https:\/\/schema.org\",\"@graph\":[{\"@type\":\"WebPage\",\"@id\":\"https:\/\/feiasofi.net\/?page_id=7310\",\"url\":\"https:\/\/feiasofi.net\/?page_id=7310\",\"name\":\"Asociaci\u00f3n de F\u00edsica de Argentina - Feiasofi\",\"isPartOf\":{\"@id\":\"https:\/\/feiasofi.net\/#website\"},\"primaryImageOfPage\":{\"@id\":\"https:\/\/feiasofi.net\/?page_id=7310#primaryimage\"},\"image\":{\"@id\":\"https:\/\/feiasofi.net\/?page_id=7310#primaryimage\"},\"thumbnailUrl\":\"https:\/\/feiasofi.net\/wp-content\/uploads\/2025\/04\/l_flag_argentina.gif\",\"datePublished\":\"2025-04-21T14:07:38+00:00\",\"dateModified\":\"2025-11-26T16:11:48+00:00\",\"breadcrumb\":{\"@id\":\"https:\/\/feiasofi.net\/?page_id=7310#breadcrumb\"},\"inLanguage\":\"es\",\"potentialAction\":[{\"@type\":\"ReadAction\",\"target\":[\"https:\/\/feiasofi.net\/?page_id=7310\"]}]},{\"@type\":\"ImageObject\",\"inLanguage\":\"es\",\"@id\":\"https:\/\/feiasofi.net\/?page_id=7310#primaryimage\",\"url\":\"https:\/\/feiasofi.net\/wp-content\/uploads\/2025\/04\/l_flag_argentina.gif\",\"contentUrl\":\"https:\/\/feiasofi.net\/wp-content\/uploads\/2025\/04\/l_flag_argentina.gif\",\"width\":120,\"height\":60},{\"@type\":\"BreadcrumbList\",\"@id\":\"https:\/\/feiasofi.net\/?page_id=7310#breadcrumb\",\"itemListElement\":[{\"@type\":\"ListItem\",\"position\":1,\"name\":\"Portada\",\"item\":\"https:\/\/feiasofi.net\/\"},{\"@type\":\"ListItem\",\"position\":2,\"name\":\"Asociaci\u00f3n de F\u00edsica de Argentina\"}]},{\"@type\":\"WebSite\",\"@id\":\"https:\/\/feiasofi.net\/#website\",\"url\":\"https:\/\/feiasofi.net\/\",\"name\":\"Feiasofi\",\"description\":\"\",\"potentialAction\":[{\"@type\":\"SearchAction\",\"target\":{\"@type\":\"EntryPoint\",\"urlTemplate\":\"https:\/\/feiasofi.net\/?s={search_term_string}\"},\"query-input\":{\"@type\":\"PropertyValueSpecification\",\"valueRequired\":true,\"valueName\":\"search_term_string\"}}],\"inLanguage\":\"es\"}]}<\/script>\n<!-- \/ Yoast SEO plugin. -->","yoast_head_json":{"title":"Asociaci\u00f3n de F\u00edsica de Argentina - Feiasofi","robots":{"index":"index","follow":"follow","max-snippet":"max-snippet:-1","max-image-preview":"max-image-preview:large","max-video-preview":"max-video-preview:-1"},"canonical":"https:\/\/feiasofi.net\/?page_id=7310","og_locale":"es_ES","og_type":"article","og_title":"Asociaci\u00f3n de F\u00edsica de Argentina - Feiasofi","og_description":"Asociaci\u00f3n de F\u00edsica Argentina Presidente: Omar OsendaEmail:omar dot osenda at unc dot edu dot arSecretar\u00eda:\u00a0secretaria at fisica dot org dot arWeb:\u00a0http:\/\/www.fisica.org.ar La\u00a0Asociaci\u00f3n F\u00edsica Argentina\u00a0nuclea institucionalmente a los f\u00edsicos argentinos que trabajan en el pa\u00eds o en el exterior. Tal como se expone en el Articulo 2 de su Estatuto, Sus objetivos originales son: \u00abFomentar el [&hellip;]","og_url":"https:\/\/feiasofi.net\/?page_id=7310","og_site_name":"Feiasofi","article_modified_time":"2025-11-26T16:11:48+00:00","og_image":[{"width":120,"height":60,"url":"https:\/\/feiasofi.net\/wp-content\/uploads\/2025\/04\/l_flag_argentina.gif","type":"image\/gif"}],"twitter_card":"summary_large_image","twitter_misc":{"Tiempo de lectura":"1 minuto"},"schema":{"@context":"https:\/\/schema.org","@graph":[{"@type":"WebPage","@id":"https:\/\/feiasofi.net\/?page_id=7310","url":"https:\/\/feiasofi.net\/?page_id=7310","name":"Asociaci\u00f3n de F\u00edsica de Argentina - Feiasofi","isPartOf":{"@id":"https:\/\/feiasofi.net\/#website"},"primaryImageOfPage":{"@id":"https:\/\/feiasofi.net\/?page_id=7310#primaryimage"},"image":{"@id":"https:\/\/feiasofi.net\/?page_id=7310#primaryimage"},"thumbnailUrl":"https:\/\/feiasofi.net\/wp-content\/uploads\/2025\/04\/l_flag_argentina.gif","datePublished":"2025-04-21T14:07:38+00:00","dateModified":"2025-11-26T16:11:48+00:00","breadcrumb":{"@id":"https:\/\/feiasofi.net\/?page_id=7310#breadcrumb"},"inLanguage":"es","potentialAction":[{"@type":"ReadAction","target":["https:\/\/feiasofi.net\/?page_id=7310"]}]},{"@type":"ImageObject","inLanguage":"es","@id":"https:\/\/feiasofi.net\/?page_id=7310#primaryimage","url":"https:\/\/feiasofi.net\/wp-content\/uploads\/2025\/04\/l_flag_argentina.gif","contentUrl":"https:\/\/feiasofi.net\/wp-content\/uploads\/2025\/04\/l_flag_argentina.gif","width":120,"height":60},{"@type":"BreadcrumbList","@id":"https:\/\/feiasofi.net\/?page_id=7310#breadcrumb","itemListElement":[{"@type":"ListItem","position":1,"name":"Portada","item":"https:\/\/feiasofi.net\/"},{"@type":"ListItem","position":2,"name":"Asociaci\u00f3n de F\u00edsica de Argentina"}]},{"@type":"WebSite","@id":"https:\/\/feiasofi.net\/#website","url":"https:\/\/feiasofi.net\/","name":"Feiasofi","description":"","potentialAction":[{"@type":"SearchAction","target":{"@type":"EntryPoint","urlTemplate":"https:\/\/feiasofi.net\/?s={search_term_string}"},"query-input":{"@type":"PropertyValueSpecification","valueRequired":true,"valueName":"search_term_string"}}],"inLanguage":"es"}]}},"_links":{"self":[{"href":"https:\/\/feiasofi.net\/index.php?rest_route=\/wp\/v2\/pages\/7310","targetHints":{"allow":["GET"]}}],"collection":[{"href":"https:\/\/feiasofi.net\/index.php?rest_route=\/wp\/v2\/pages"}],"about":[{"href":"https:\/\/feiasofi.net\/index.php?rest_route=\/wp\/v2\/types\/page"}],"author":[{"embeddable":true,"href":"https:\/\/feiasofi.net\/index.php?rest_route=\/wp\/v2\/users\/1"}],"replies":[{"embeddable":true,"href":"https:\/\/feiasofi.net\/index.php?rest_route=%2Fwp%2Fv2%2Fcomments&post=7310"}],"version-history":[{"count":13,"href":"https:\/\/feiasofi.net\/index.php?rest_route=\/wp\/v2\/pages\/7310\/revisions"}],"predecessor-version":[{"id":9078,"href":"https:\/\/feiasofi.net\/index.php?rest_route=\/wp\/v2\/pages\/7310\/revisions\/9078"}],"wp:attachment":[{"href":"https:\/\/feiasofi.net\/index.php?rest_route=%2Fwp%2Fv2%2Fmedia&parent=7310"}],"curies":[{"name":"wp","href":"https:\/\/api.w.org\/{rel}","templated":true}]}}