{"id":7325,"date":"2025-04-21T14:54:07","date_gmt":"2025-04-21T14:54:07","guid":{"rendered":"https:\/\/feiasofi.net\/?page_id=7325"},"modified":"2025-11-26T16:12:17","modified_gmt":"2025-11-26T16:12:17","slug":"sociedad-boliviana-de-fisica","status":"publish","type":"page","link":"https:\/\/feiasofi.net\/?page_id=7325","title":{"rendered":"Sociedad Boliviana de F\u00edsica"},"content":{"rendered":"\t\t<div data-elementor-type=\"wp-page\" data-elementor-id=\"7325\" class=\"elementor elementor-7325\">\n\t\t\t\t<div class=\"elementor-element elementor-element-b49fcc8 e-flex e-con-boxed e-con e-parent\" data-id=\"b49fcc8\" data-element_type=\"container\" data-e-type=\"container\">\n\t\t\t\t\t<div class=\"e-con-inner\">\n\t\t\t\t<div class=\"elementor-element elementor-element-d76dd19 elementor-widget elementor-widget-heading\" data-id=\"d76dd19\" data-element_type=\"widget\" data-e-type=\"widget\" data-widget_type=\"heading.default\">\n\t\t\t\t<div class=\"elementor-widget-container\">\n\t\t\t\t\t<h2 class=\"elementor-heading-title elementor-size-default\">Sociedad Boliviana de F\u00edsica<\/h2>\t\t\t\t<\/div>\n\t\t\t\t<\/div>\n\t\t\t\t\t<\/div>\n\t\t\t\t<\/div>\n\t\t<div class=\"elementor-element elementor-element-58205b6 e-flex e-con-boxed e-con e-parent\" data-id=\"58205b6\" data-element_type=\"container\" data-e-type=\"container\">\n\t\t\t\t\t<div class=\"e-con-inner\">\n\t\t<div class=\"elementor-element elementor-element-d425156 e-con-full e-flex e-con e-child\" data-id=\"d425156\" data-element_type=\"container\" data-e-type=\"container\">\n\t\t\t\t<div class=\"elementor-element elementor-element-32113d4 elementor-widget elementor-widget-image\" data-id=\"32113d4\" data-element_type=\"widget\" data-e-type=\"widget\" data-widget_type=\"image.default\">\n\t\t\t\t<div class=\"elementor-widget-container\">\n\t\t\t\t\t\t\t\t\t\t\t\t\t\t\t<img decoding=\"async\" width=\"90\" height=\"60\" src=\"https:\/\/feiasofi.net\/wp-content\/uploads\/2025\/04\/l_flag_bolivia.gif\" class=\"attachment-large size-large wp-image-7327\" alt=\"\" \/>\t\t\t\t\t\t\t\t\t\t\t\t\t\t\t<\/div>\n\t\t\t\t<\/div>\n\t\t\t\t<\/div>\n\t\t<div class=\"elementor-element elementor-element-40d5a59 e-con-full e-flex e-con e-child\" data-id=\"40d5a59\" data-element_type=\"container\" data-e-type=\"container\">\n\t\t\t\t<div class=\"elementor-element elementor-element-2b3ea11 elementor-widget elementor-widget-text-editor\" data-id=\"2b3ea11\" data-element_type=\"widget\" data-e-type=\"widget\" data-widget_type=\"text-editor.default\">\n\t\t\t\t<div class=\"elementor-widget-container\">\n\t\t\t\t\t\t\t\t\t<p><strong>Presidente<\/strong>:\u00a0Mirko Raljevic<br \/><strong>email<\/strong>:\u00a0<span id=\"cloak823a492915b8e743db71452f9373bf7c\"><a href=\"mailto:mraljevic@fiumsa.edu.bo\">mraljevic at fiumsa dot edu dot bo<\/a><\/span><br \/><strong>Web<\/strong>:\u00a0<a href=\"http:\/\/www.fiumsa.edu.bo\/sobofi\">Sociedad Boliviana de F\u00edsica<\/a><\/p>\t\t\t\t\t\t\t\t<\/div>\n\t\t\t\t<\/div>\n\t\t\t\t<\/div>\n\t\t\t\t\t<\/div>\n\t\t\t\t<\/div>\n\t\t<div class=\"elementor-element elementor-element-ed41bc7 e-flex e-con-boxed e-con e-parent\" data-id=\"ed41bc7\" data-element_type=\"container\" data-e-type=\"container\">\n\t\t\t\t\t<div class=\"e-con-inner\">\n\t\t\t\t<div class=\"elementor-element elementor-element-c34b443 elementor-widget elementor-widget-text-editor\" data-id=\"c34b443\" data-element_type=\"widget\" data-e-type=\"widget\" data-widget_type=\"text-editor.default\">\n\t\t\t\t<div class=\"elementor-widget-container\">\n\t\t\t\t\t\t\t\t\t<p>\u00a0Los objetivos de la\u00a0<strong><em>SOBOFI\u00a0<\/em><\/strong>, son:<\/p><ol><li>Contribuir al progreso cient\u00edfico y tecnol\u00f3gico del pa\u00eds, tanto en el conocimiento mismo como en la aplicaci\u00f3n de la F\u00edsica en todos sus aspectos;<\/li><li>Fomentar el conocimiento en el \u00e1mbito p\u00fablico de la importancia de la F\u00edsica en el desarrollo del pa\u00eds y de las actividades de formaci\u00f3n en esta disciplina;<\/li><li>Fomentar y difundir el conocimiento de la F\u00edsica como disciplina en los colegios y escuelas, as\u00ed como en otros centros de instrucci\u00f3n;<\/li><li>Organizar y difundir la Olimpiada Boliviana de F\u00edsica (\u00a0<strong>OBF\u00a0<\/strong>), como forma de est\u00edmulo del estudio de la F\u00edsica a nivel de los colegios secundarios del pa\u00eds;<\/li><li>Representar a Bolivia en todos los eventos internacionales relacionados con la F\u00edsica y en particular en las diferentes Olimpiadas de F\u00edsica;<\/li><li>Elevar los padrones de la \u00e9tica profesional, de la educaci\u00f3n cient\u00edfica y tecnol\u00f3gica;<\/li><li>Estimular las investigaciones cient\u00edficas y tecnol\u00f3gicas promoviendo y difundiendo, de forma amplia los avances y logros de la F\u00edsica, en todas sus especialidades;<\/li><li>Actuar como centro de informaci\u00f3n en F\u00edsica, coordinar y dar publicidad a las actividades de las filiales regionales y de especialidad;<\/li><li>Promover, difundir y orientar publicaciones relacionadas con la F\u00edsica, en particular de la Revista Boliviana de F\u00edsica (\u00a0<strong>RBF\u00a0<\/strong>);<\/li><li>Asegurar un \u00e1mbito de encuentro y discusi\u00f3n entre cient\u00edficos, docentes, estudiantes y profesionales afines, mediante la organizaci\u00f3n de eventos cient\u00edficos, y en particular, la Reuni\u00f3n Nacional de la\u00a0<strong><em>SOBOFI\u00a0<\/em><\/strong><em>;<br \/><\/em><\/li><li>Facilitar el intercambio de informaci\u00f3n y de puntos de vista sobre la F\u00edsica y la importancia de \u00e9sta \u00faltima, dentro de la pol\u00edtica cient\u00edfica nacional;<\/li><li>Mantener intercambio con otras sociedades cient\u00edficas y culturales, as\u00ed como industrias, nacionales e internacionales, principalmente aquellas que se dedican a las actividades relacionadas con los m\u00e9todos, t\u00e9cnicas o aplicaciones de la F\u00edsica;<\/li><li>Otorgar premios, distinciones y reconocimientos en el \u00e1mbito de las actividades de docencia e investigaci\u00f3n de sus miembros;<\/li><li>Organizar cualquier otro evento y aprobar cualquier otra actividad que est\u00e9 encaminada a la consecuci\u00f3n de los anteriores objetivos.<\/li><\/ol>\t\t\t\t\t\t\t\t<\/div>\n\t\t\t\t<\/div>\n\t\t\t\t\t<\/div>\n\t\t\t\t<\/div>\n\t\t\t\t<\/div>\n\t\t","protected":false},"excerpt":{"rendered":"<p>Sociedad Boliviana de F\u00edsica Presidente:\u00a0Mirko Raljevicemail:\u00a0mraljevic at fiumsa dot edu dot boWeb:\u00a0Sociedad Boliviana de F\u00edsica \u00a0Los objetivos de la\u00a0SOBOFI\u00a0, son: Contribuir al progreso cient\u00edfico y tecnol\u00f3gico del pa\u00eds, tanto en el conocimiento mismo como en la aplicaci\u00f3n de la F\u00edsica en todos sus aspectos; Fomentar el conocimiento en el \u00e1mbito p\u00fablico de la importancia de [&hellip;]<\/p>\n","protected":false},"author":1,"featured_media":0,"parent":0,"menu_order":0,"comment_status":"closed","ping_status":"closed","template":"elementor_header_footer","meta":{"footnotes":""},"class_list":["post-7325","page","type-page","status-publish","hentry"],"yoast_head":"<!-- This site is optimized with the Yoast SEO plugin v27.1.1 - https:\/\/yoast.com\/product\/yoast-seo-wordpress\/ -->\n<title>Sociedad Boliviana de F\u00edsica - Feiasofi<\/title>\n<meta name=\"robots\" content=\"index, follow, max-snippet:-1, max-image-preview:large, max-video-preview:-1\" \/>\n<link rel=\"canonical\" href=\"https:\/\/feiasofi.net\/?page_id=7325\" \/>\n<meta property=\"og:locale\" content=\"es_ES\" \/>\n<meta property=\"og:type\" content=\"article\" \/>\n<meta property=\"og:title\" content=\"Sociedad Boliviana de F\u00edsica - Feiasofi\" \/>\n<meta property=\"og:description\" content=\"Sociedad Boliviana de F\u00edsica Presidente:\u00a0Mirko Raljevicemail:\u00a0mraljevic at fiumsa dot edu dot boWeb:\u00a0Sociedad Boliviana de F\u00edsica \u00a0Los objetivos de la\u00a0SOBOFI\u00a0, son: Contribuir al progreso cient\u00edfico y tecnol\u00f3gico del pa\u00eds, tanto en el conocimiento mismo como en la aplicaci\u00f3n de la F\u00edsica en todos sus aspectos; Fomentar el conocimiento en el \u00e1mbito p\u00fablico de la importancia de [&hellip;]\" \/>\n<meta property=\"og:url\" content=\"https:\/\/feiasofi.net\/?page_id=7325\" \/>\n<meta property=\"og:site_name\" content=\"Feiasofi\" \/>\n<meta property=\"article:modified_time\" content=\"2025-11-26T16:12:17+00:00\" \/>\n<meta property=\"og:image\" content=\"https:\/\/feiasofi.net\/wp-content\/uploads\/2025\/04\/l_flag_bolivia.gif\" \/>\n\t<meta property=\"og:image:width\" content=\"90\" \/>\n\t<meta property=\"og:image:height\" content=\"60\" \/>\n\t<meta property=\"og:image:type\" content=\"image\/gif\" \/>\n<meta name=\"twitter:card\" content=\"summary_large_image\" \/>\n<meta name=\"twitter:label1\" content=\"Tiempo de lectura\" \/>\n\t<meta name=\"twitter:data1\" content=\"2 minutos\" \/>\n<script type=\"application\/ld+json\" class=\"yoast-schema-graph\">{\"@context\":\"https:\/\/schema.org\",\"@graph\":[{\"@type\":\"WebPage\",\"@id\":\"https:\/\/feiasofi.net\/?page_id=7325\",\"url\":\"https:\/\/feiasofi.net\/?page_id=7325\",\"name\":\"Sociedad Boliviana de F\u00edsica - Feiasofi\",\"isPartOf\":{\"@id\":\"https:\/\/feiasofi.net\/#website\"},\"primaryImageOfPage\":{\"@id\":\"https:\/\/feiasofi.net\/?page_id=7325#primaryimage\"},\"image\":{\"@id\":\"https:\/\/feiasofi.net\/?page_id=7325#primaryimage\"},\"thumbnailUrl\":\"https:\/\/feiasofi.net\/wp-content\/uploads\/2025\/04\/l_flag_bolivia.gif\",\"datePublished\":\"2025-04-21T14:54:07+00:00\",\"dateModified\":\"2025-11-26T16:12:17+00:00\",\"breadcrumb\":{\"@id\":\"https:\/\/feiasofi.net\/?page_id=7325#breadcrumb\"},\"inLanguage\":\"es\",\"potentialAction\":[{\"@type\":\"ReadAction\",\"target\":[\"https:\/\/feiasofi.net\/?page_id=7325\"]}]},{\"@type\":\"ImageObject\",\"inLanguage\":\"es\",\"@id\":\"https:\/\/feiasofi.net\/?page_id=7325#primaryimage\",\"url\":\"https:\/\/feiasofi.net\/wp-content\/uploads\/2025\/04\/l_flag_bolivia.gif\",\"contentUrl\":\"https:\/\/feiasofi.net\/wp-content\/uploads\/2025\/04\/l_flag_bolivia.gif\",\"width\":90,\"height\":60},{\"@type\":\"BreadcrumbList\",\"@id\":\"https:\/\/feiasofi.net\/?page_id=7325#breadcrumb\",\"itemListElement\":[{\"@type\":\"ListItem\",\"position\":1,\"name\":\"Portada\",\"item\":\"https:\/\/feiasofi.net\/\"},{\"@type\":\"ListItem\",\"position\":2,\"name\":\"Sociedad Boliviana de F\u00edsica\"}]},{\"@type\":\"WebSite\",\"@id\":\"https:\/\/feiasofi.net\/#website\",\"url\":\"https:\/\/feiasofi.net\/\",\"name\":\"Feiasofi\",\"description\":\"\",\"potentialAction\":[{\"@type\":\"SearchAction\",\"target\":{\"@type\":\"EntryPoint\",\"urlTemplate\":\"https:\/\/feiasofi.net\/?s={search_term_string}\"},\"query-input\":{\"@type\":\"PropertyValueSpecification\",\"valueRequired\":true,\"valueName\":\"search_term_string\"}}],\"inLanguage\":\"es\"}]}<\/script>\n<!-- \/ Yoast SEO plugin. -->","yoast_head_json":{"title":"Sociedad Boliviana de F\u00edsica - Feiasofi","robots":{"index":"index","follow":"follow","max-snippet":"max-snippet:-1","max-image-preview":"max-image-preview:large","max-video-preview":"max-video-preview:-1"},"canonical":"https:\/\/feiasofi.net\/?page_id=7325","og_locale":"es_ES","og_type":"article","og_title":"Sociedad Boliviana de F\u00edsica - Feiasofi","og_description":"Sociedad Boliviana de F\u00edsica Presidente:\u00a0Mirko Raljevicemail:\u00a0mraljevic at fiumsa dot edu dot boWeb:\u00a0Sociedad Boliviana de F\u00edsica \u00a0Los objetivos de la\u00a0SOBOFI\u00a0, son: Contribuir al progreso cient\u00edfico y tecnol\u00f3gico del pa\u00eds, tanto en el conocimiento mismo como en la aplicaci\u00f3n de la F\u00edsica en todos sus aspectos; Fomentar el conocimiento en el \u00e1mbito p\u00fablico de la importancia de [&hellip;]","og_url":"https:\/\/feiasofi.net\/?page_id=7325","og_site_name":"Feiasofi","article_modified_time":"2025-11-26T16:12:17+00:00","og_image":[{"width":90,"height":60,"url":"https:\/\/feiasofi.net\/wp-content\/uploads\/2025\/04\/l_flag_bolivia.gif","type":"image\/gif"}],"twitter_card":"summary_large_image","twitter_misc":{"Tiempo de lectura":"2 minutos"},"schema":{"@context":"https:\/\/schema.org","@graph":[{"@type":"WebPage","@id":"https:\/\/feiasofi.net\/?page_id=7325","url":"https:\/\/feiasofi.net\/?page_id=7325","name":"Sociedad Boliviana de F\u00edsica - Feiasofi","isPartOf":{"@id":"https:\/\/feiasofi.net\/#website"},"primaryImageOfPage":{"@id":"https:\/\/feiasofi.net\/?page_id=7325#primaryimage"},"image":{"@id":"https:\/\/feiasofi.net\/?page_id=7325#primaryimage"},"thumbnailUrl":"https:\/\/feiasofi.net\/wp-content\/uploads\/2025\/04\/l_flag_bolivia.gif","datePublished":"2025-04-21T14:54:07+00:00","dateModified":"2025-11-26T16:12:17+00:00","breadcrumb":{"@id":"https:\/\/feiasofi.net\/?page_id=7325#breadcrumb"},"inLanguage":"es","potentialAction":[{"@type":"ReadAction","target":["https:\/\/feiasofi.net\/?page_id=7325"]}]},{"@type":"ImageObject","inLanguage":"es","@id":"https:\/\/feiasofi.net\/?page_id=7325#primaryimage","url":"https:\/\/feiasofi.net\/wp-content\/uploads\/2025\/04\/l_flag_bolivia.gif","contentUrl":"https:\/\/feiasofi.net\/wp-content\/uploads\/2025\/04\/l_flag_bolivia.gif","width":90,"height":60},{"@type":"BreadcrumbList","@id":"https:\/\/feiasofi.net\/?page_id=7325#breadcrumb","itemListElement":[{"@type":"ListItem","position":1,"name":"Portada","item":"https:\/\/feiasofi.net\/"},{"@type":"ListItem","position":2,"name":"Sociedad Boliviana de F\u00edsica"}]},{"@type":"WebSite","@id":"https:\/\/feiasofi.net\/#website","url":"https:\/\/feiasofi.net\/","name":"Feiasofi","description":"","potentialAction":[{"@type":"SearchAction","target":{"@type":"EntryPoint","urlTemplate":"https:\/\/feiasofi.net\/?s={search_term_string}"},"query-input":{"@type":"PropertyValueSpecification","valueRequired":true,"valueName":"search_term_string"}}],"inLanguage":"es"}]}},"_links":{"self":[{"href":"https:\/\/feiasofi.net\/index.php?rest_route=\/wp\/v2\/pages\/7325","targetHints":{"allow":["GET"]}}],"collection":[{"href":"https:\/\/feiasofi.net\/index.php?rest_route=\/wp\/v2\/pages"}],"about":[{"href":"https:\/\/feiasofi.net\/index.php?rest_route=\/wp\/v2\/types\/page"}],"author":[{"embeddable":true,"href":"https:\/\/feiasofi.net\/index.php?rest_route=\/wp\/v2\/users\/1"}],"replies":[{"embeddable":true,"href":"https:\/\/feiasofi.net\/index.php?rest_route=%2Fwp%2Fv2%2Fcomments&post=7325"}],"version-history":[{"count":10,"href":"https:\/\/feiasofi.net\/index.php?rest_route=\/wp\/v2\/pages\/7325\/revisions"}],"predecessor-version":[{"id":9081,"href":"https:\/\/feiasofi.net\/index.php?rest_route=\/wp\/v2\/pages\/7325\/revisions\/9081"}],"wp:attachment":[{"href":"https:\/\/feiasofi.net\/index.php?rest_route=%2Fwp%2Fv2%2Fmedia&parent=7325"}],"curies":[{"name":"wp","href":"https:\/\/api.w.org\/{rel}","templated":true}]}}