{"id":7335,"date":"2025-04-21T14:59:22","date_gmt":"2025-04-21T14:59:22","guid":{"rendered":"https:\/\/feiasofi.net\/?page_id=7335"},"modified":"2025-04-21T15:02:16","modified_gmt":"2025-04-21T15:02:16","slug":"sociedad-brasilera-de-fisica","status":"publish","type":"page","link":"https:\/\/feiasofi.net\/?page_id=7335","title":{"rendered":"Sociedad Brasilera de F\u00edsica"},"content":{"rendered":"\t\t<div data-elementor-type=\"wp-page\" data-elementor-id=\"7335\" class=\"elementor elementor-7335\">\n\t\t\t\t<div class=\"elementor-element elementor-element-3a5f0a8 e-flex e-con-boxed e-con e-parent\" data-id=\"3a5f0a8\" data-element_type=\"container\" data-e-type=\"container\">\n\t\t\t\t\t<div class=\"e-con-inner\">\n\t\t\t\t<div class=\"elementor-element elementor-element-deca445 elementor-widget elementor-widget-heading\" data-id=\"deca445\" data-element_type=\"widget\" data-e-type=\"widget\" data-widget_type=\"heading.default\">\n\t\t\t\t<div class=\"elementor-widget-container\">\n\t\t\t\t\t<h2 class=\"elementor-heading-title elementor-size-default\">Sociedad Brasilera de F\u00edsica<\/h2>\t\t\t\t<\/div>\n\t\t\t\t<\/div>\n\t\t\t\t\t<\/div>\n\t\t\t\t<\/div>\n\t\t<div class=\"elementor-element elementor-element-a981b29 e-flex e-con-boxed e-con e-parent\" data-id=\"a981b29\" data-element_type=\"container\" data-e-type=\"container\">\n\t\t\t\t\t<div class=\"e-con-inner\">\n\t\t<div class=\"elementor-element elementor-element-f049670 e-con-full e-flex e-con e-child\" data-id=\"f049670\" data-element_type=\"container\" data-e-type=\"container\">\n\t\t\t\t<div class=\"elementor-element elementor-element-3b273de elementor-widget elementor-widget-image\" data-id=\"3b273de\" data-element_type=\"widget\" data-e-type=\"widget\" data-widget_type=\"image.default\">\n\t\t\t\t<div class=\"elementor-widget-container\">\n\t\t\t\t\t\t\t\t\t\t\t\t\t\t\t<img decoding=\"async\" width=\"90\" height=\"60\" src=\"https:\/\/feiasofi.net\/wp-content\/uploads\/2025\/04\/l_flag_brazil.gif\" class=\"attachment-large size-large wp-image-7337\" alt=\"\" \/>\t\t\t\t\t\t\t\t\t\t\t\t\t\t\t<\/div>\n\t\t\t\t<\/div>\n\t\t\t\t<\/div>\n\t\t<div class=\"elementor-element elementor-element-3f8122c e-con-full e-flex e-con e-child\" data-id=\"3f8122c\" data-element_type=\"container\" data-e-type=\"container\">\n\t\t\t\t<div class=\"elementor-element elementor-element-ddf2756 elementor-widget elementor-widget-text-editor\" data-id=\"ddf2756\" data-element_type=\"widget\" data-e-type=\"widget\" data-widget_type=\"text-editor.default\">\n\t\t\t\t<div class=\"elementor-widget-container\">\n\t\t\t\t\t\t\t\t\t<p><code><strong>Presidente<\/strong>:\u00a0Rodrigo B. Capaz (CNPEM, UFRJ)<\/code><\/p><p><code><strong>Vicepresidente<\/strong>:<br \/><\/code><\/p><p><code><strong>Tesorero<\/strong>: Gustavo Dalpi\u00e1n (UFABC)<\/code><\/p><p><code><strong>Secretario General<\/strong>: Susana de Souza Lalic (UFS)<strong><br \/><\/strong><\/code><\/p><p><code><strong>Secretaria<\/strong>: Caio Henrique Lewenkopf (UFF)<\/code><\/p><p><code><strong>Secretaria Ense\u00f1anza:\u00a0<\/strong>Katemari Rosa (UFBa<\/code>) \u00a0\u00a0\u00a0\u00a0\u00a0\u00a0\u00a0\u00a0\u00a0\u00a0\u00a0\u00a0\u00a0\u00a0\u00a0\u00a0<\/p><p><strong>Web<\/strong>:\u00a0<a href=\"http:\/\/www.sbfisica.org.br\/\">http:\/\/www.sbfisica.org.br<\/a><\/p>\t\t\t\t\t\t\t\t<\/div>\n\t\t\t\t<\/div>\n\t\t\t\t<\/div>\n\t\t\t\t\t<\/div>\n\t\t\t\t<\/div>\n\t\t<div class=\"elementor-element elementor-element-c81711f e-flex e-con-boxed e-con e-parent\" data-id=\"c81711f\" data-element_type=\"container\" data-e-type=\"container\">\n\t\t\t\t\t<div class=\"e-con-inner\">\n\t\t\t\t<div class=\"elementor-element elementor-element-f8deb40 elementor-widget elementor-widget-text-editor\" data-id=\"f8deb40\" data-element_type=\"widget\" data-e-type=\"widget\" data-widget_type=\"text-editor.default\">\n\t\t\t\t<div class=\"elementor-widget-container\">\n\t\t\t\t\t\t\t\t\t<p>A Sociedade Brasileira de F\u00edsica foi criada durante a XVIII Reuni\u00e3o Anual da Sociedade Brasileira para o Progresso da Ci\u00eancia (SBPC) que teve lugar em Blumenau, Santa Catarina. O ato de funda\u00e7\u00e3o ocorreu no dia 14 de julho de 1966 no sal\u00e3o da Biblioteca Municipal Fritz Muller. Os participantes desta Assembl\u00e9ia, dentre os quais pesquisadores, professores de segundo grau e estudantes de f\u00edsica, foram convocados para a mesma atrav\u00e9s de carta individual enviada a todos os s\u00f3cios do setor de f\u00edsica da SBPC.<br \/><br \/>Presidiu a reuni\u00e3o o Prof. Jos\u00e9 Goldemberg, secret\u00e1rio da Comiss\u00e3o de F\u00edsica da XVIII Reuni\u00e3o da SBPC. Durante a Assembl\u00e9ia foi lido e aprovado o ante-projeto de Estatuto para a Sociedade Brasileira de F\u00edsica. Este projeto fora elaborado por uma comiss\u00e3o de f\u00edsicos designada para tanto durante a XVI Reuni\u00e3o da SBPC ocorrida em Ribeir\u00e3o Preto, SP, em 1964<\/p>\t\t\t\t\t\t\t\t<\/div>\n\t\t\t\t<\/div>\n\t\t\t\t\t<\/div>\n\t\t\t\t<\/div>\n\t\t\t\t<\/div>\n\t\t","protected":false},"excerpt":{"rendered":"<p>Sociedad Brasilera de F\u00edsica Presidente:\u00a0Rodrigo B. Capaz (CNPEM, UFRJ) Vicepresidente: Tesorero: Gustavo Dalpi\u00e1n (UFABC) Secretario General: Susana de Souza Lalic (UFS) Secretaria: Caio Henrique Lewenkopf (UFF) Secretaria Ense\u00f1anza:\u00a0Katemari Rosa (UFBa) \u00a0\u00a0\u00a0\u00a0\u00a0\u00a0\u00a0\u00a0\u00a0\u00a0\u00a0\u00a0\u00a0\u00a0\u00a0\u00a0 Web:\u00a0http:\/\/www.sbfisica.org.br A Sociedade Brasileira de F\u00edsica foi criada durante a XVIII Reuni\u00e3o Anual da Sociedade Brasileira para o Progresso da Ci\u00eancia (SBPC) que teve [&hellip;]<\/p>\n","protected":false},"author":1,"featured_media":0,"parent":0,"menu_order":0,"comment_status":"closed","ping_status":"closed","template":"elementor_header_footer","meta":{"footnotes":""},"class_list":["post-7335","page","type-page","status-publish","hentry"],"yoast_head":"<!-- This site is optimized with the Yoast SEO plugin v27.1.1 - https:\/\/yoast.com\/product\/yoast-seo-wordpress\/ -->\n<title>Sociedad Brasilera de F\u00edsica - Feiasofi<\/title>\n<meta name=\"robots\" content=\"index, follow, max-snippet:-1, max-image-preview:large, max-video-preview:-1\" \/>\n<link rel=\"canonical\" href=\"https:\/\/feiasofi.net\/?page_id=7335\" \/>\n<meta property=\"og:locale\" content=\"es_ES\" \/>\n<meta property=\"og:type\" content=\"article\" \/>\n<meta property=\"og:title\" content=\"Sociedad Brasilera de F\u00edsica - Feiasofi\" \/>\n<meta property=\"og:description\" content=\"Sociedad Brasilera de F\u00edsica Presidente:\u00a0Rodrigo B. Capaz (CNPEM, UFRJ) Vicepresidente: Tesorero: Gustavo Dalpi\u00e1n (UFABC) Secretario General: Susana de Souza Lalic (UFS) Secretaria: Caio Henrique Lewenkopf (UFF) Secretaria Ense\u00f1anza:\u00a0Katemari Rosa (UFBa) \u00a0\u00a0\u00a0\u00a0\u00a0\u00a0\u00a0\u00a0\u00a0\u00a0\u00a0\u00a0\u00a0\u00a0\u00a0\u00a0 Web:\u00a0http:\/\/www.sbfisica.org.br A Sociedade Brasileira de F\u00edsica foi criada durante a XVIII Reuni\u00e3o Anual da Sociedade Brasileira para o Progresso da Ci\u00eancia (SBPC) que teve [&hellip;]\" \/>\n<meta property=\"og:url\" content=\"https:\/\/feiasofi.net\/?page_id=7335\" \/>\n<meta property=\"og:site_name\" content=\"Feiasofi\" \/>\n<meta property=\"article:modified_time\" content=\"2025-04-21T15:02:16+00:00\" \/>\n<meta property=\"og:image\" content=\"https:\/\/feiasofi.net\/wp-content\/uploads\/2025\/04\/l_flag_brazil.gif\" \/>\n\t<meta property=\"og:image:width\" content=\"90\" \/>\n\t<meta property=\"og:image:height\" content=\"60\" \/>\n\t<meta property=\"og:image:type\" content=\"image\/gif\" \/>\n<meta name=\"twitter:card\" content=\"summary_large_image\" \/>\n<meta name=\"twitter:label1\" content=\"Tiempo de lectura\" \/>\n\t<meta name=\"twitter:data1\" content=\"1 minuto\" \/>\n<script type=\"application\/ld+json\" class=\"yoast-schema-graph\">{\"@context\":\"https:\/\/schema.org\",\"@graph\":[{\"@type\":\"WebPage\",\"@id\":\"https:\/\/feiasofi.net\/?page_id=7335\",\"url\":\"https:\/\/feiasofi.net\/?page_id=7335\",\"name\":\"Sociedad Brasilera de F\u00edsica - Feiasofi\",\"isPartOf\":{\"@id\":\"https:\/\/feiasofi.net\/#website\"},\"primaryImageOfPage\":{\"@id\":\"https:\/\/feiasofi.net\/?page_id=7335#primaryimage\"},\"image\":{\"@id\":\"https:\/\/feiasofi.net\/?page_id=7335#primaryimage\"},\"thumbnailUrl\":\"https:\/\/feiasofi.net\/wp-content\/uploads\/2025\/04\/l_flag_brazil.gif\",\"datePublished\":\"2025-04-21T14:59:22+00:00\",\"dateModified\":\"2025-04-21T15:02:16+00:00\",\"breadcrumb\":{\"@id\":\"https:\/\/feiasofi.net\/?page_id=7335#breadcrumb\"},\"inLanguage\":\"es\",\"potentialAction\":[{\"@type\":\"ReadAction\",\"target\":[\"https:\/\/feiasofi.net\/?page_id=7335\"]}]},{\"@type\":\"ImageObject\",\"inLanguage\":\"es\",\"@id\":\"https:\/\/feiasofi.net\/?page_id=7335#primaryimage\",\"url\":\"https:\/\/feiasofi.net\/wp-content\/uploads\/2025\/04\/l_flag_brazil.gif\",\"contentUrl\":\"https:\/\/feiasofi.net\/wp-content\/uploads\/2025\/04\/l_flag_brazil.gif\",\"width\":90,\"height\":60},{\"@type\":\"BreadcrumbList\",\"@id\":\"https:\/\/feiasofi.net\/?page_id=7335#breadcrumb\",\"itemListElement\":[{\"@type\":\"ListItem\",\"position\":1,\"name\":\"Portada\",\"item\":\"https:\/\/feiasofi.net\/\"},{\"@type\":\"ListItem\",\"position\":2,\"name\":\"Sociedad Brasilera de F\u00edsica\"}]},{\"@type\":\"WebSite\",\"@id\":\"https:\/\/feiasofi.net\/#website\",\"url\":\"https:\/\/feiasofi.net\/\",\"name\":\"Feiasofi\",\"description\":\"\",\"potentialAction\":[{\"@type\":\"SearchAction\",\"target\":{\"@type\":\"EntryPoint\",\"urlTemplate\":\"https:\/\/feiasofi.net\/?s={search_term_string}\"},\"query-input\":{\"@type\":\"PropertyValueSpecification\",\"valueRequired\":true,\"valueName\":\"search_term_string\"}}],\"inLanguage\":\"es\"}]}<\/script>\n<!-- \/ Yoast SEO plugin. -->","yoast_head_json":{"title":"Sociedad Brasilera de F\u00edsica - Feiasofi","robots":{"index":"index","follow":"follow","max-snippet":"max-snippet:-1","max-image-preview":"max-image-preview:large","max-video-preview":"max-video-preview:-1"},"canonical":"https:\/\/feiasofi.net\/?page_id=7335","og_locale":"es_ES","og_type":"article","og_title":"Sociedad Brasilera de F\u00edsica - Feiasofi","og_description":"Sociedad Brasilera de F\u00edsica Presidente:\u00a0Rodrigo B. Capaz (CNPEM, UFRJ) Vicepresidente: Tesorero: Gustavo Dalpi\u00e1n (UFABC) Secretario General: Susana de Souza Lalic (UFS) Secretaria: Caio Henrique Lewenkopf (UFF) Secretaria Ense\u00f1anza:\u00a0Katemari Rosa (UFBa) \u00a0\u00a0\u00a0\u00a0\u00a0\u00a0\u00a0\u00a0\u00a0\u00a0\u00a0\u00a0\u00a0\u00a0\u00a0\u00a0 Web:\u00a0http:\/\/www.sbfisica.org.br A Sociedade Brasileira de F\u00edsica foi criada durante a XVIII Reuni\u00e3o Anual da Sociedade Brasileira para o Progresso da Ci\u00eancia (SBPC) que teve [&hellip;]","og_url":"https:\/\/feiasofi.net\/?page_id=7335","og_site_name":"Feiasofi","article_modified_time":"2025-04-21T15:02:16+00:00","og_image":[{"width":90,"height":60,"url":"https:\/\/feiasofi.net\/wp-content\/uploads\/2025\/04\/l_flag_brazil.gif","type":"image\/gif"}],"twitter_card":"summary_large_image","twitter_misc":{"Tiempo de lectura":"1 minuto"},"schema":{"@context":"https:\/\/schema.org","@graph":[{"@type":"WebPage","@id":"https:\/\/feiasofi.net\/?page_id=7335","url":"https:\/\/feiasofi.net\/?page_id=7335","name":"Sociedad Brasilera de F\u00edsica - Feiasofi","isPartOf":{"@id":"https:\/\/feiasofi.net\/#website"},"primaryImageOfPage":{"@id":"https:\/\/feiasofi.net\/?page_id=7335#primaryimage"},"image":{"@id":"https:\/\/feiasofi.net\/?page_id=7335#primaryimage"},"thumbnailUrl":"https:\/\/feiasofi.net\/wp-content\/uploads\/2025\/04\/l_flag_brazil.gif","datePublished":"2025-04-21T14:59:22+00:00","dateModified":"2025-04-21T15:02:16+00:00","breadcrumb":{"@id":"https:\/\/feiasofi.net\/?page_id=7335#breadcrumb"},"inLanguage":"es","potentialAction":[{"@type":"ReadAction","target":["https:\/\/feiasofi.net\/?page_id=7335"]}]},{"@type":"ImageObject","inLanguage":"es","@id":"https:\/\/feiasofi.net\/?page_id=7335#primaryimage","url":"https:\/\/feiasofi.net\/wp-content\/uploads\/2025\/04\/l_flag_brazil.gif","contentUrl":"https:\/\/feiasofi.net\/wp-content\/uploads\/2025\/04\/l_flag_brazil.gif","width":90,"height":60},{"@type":"BreadcrumbList","@id":"https:\/\/feiasofi.net\/?page_id=7335#breadcrumb","itemListElement":[{"@type":"ListItem","position":1,"name":"Portada","item":"https:\/\/feiasofi.net\/"},{"@type":"ListItem","position":2,"name":"Sociedad Brasilera de F\u00edsica"}]},{"@type":"WebSite","@id":"https:\/\/feiasofi.net\/#website","url":"https:\/\/feiasofi.net\/","name":"Feiasofi","description":"","potentialAction":[{"@type":"SearchAction","target":{"@type":"EntryPoint","urlTemplate":"https:\/\/feiasofi.net\/?s={search_term_string}"},"query-input":{"@type":"PropertyValueSpecification","valueRequired":true,"valueName":"search_term_string"}}],"inLanguage":"es"}]}},"_links":{"self":[{"href":"https:\/\/feiasofi.net\/index.php?rest_route=\/wp\/v2\/pages\/7335","targetHints":{"allow":["GET"]}}],"collection":[{"href":"https:\/\/feiasofi.net\/index.php?rest_route=\/wp\/v2\/pages"}],"about":[{"href":"https:\/\/feiasofi.net\/index.php?rest_route=\/wp\/v2\/types\/page"}],"author":[{"embeddable":true,"href":"https:\/\/feiasofi.net\/index.php?rest_route=\/wp\/v2\/users\/1"}],"replies":[{"embeddable":true,"href":"https:\/\/feiasofi.net\/index.php?rest_route=%2Fwp%2Fv2%2Fcomments&post=7335"}],"version-history":[{"count":7,"href":"https:\/\/feiasofi.net\/index.php?rest_route=\/wp\/v2\/pages\/7335\/revisions"}],"predecessor-version":[{"id":7344,"href":"https:\/\/feiasofi.net\/index.php?rest_route=\/wp\/v2\/pages\/7335\/revisions\/7344"}],"wp:attachment":[{"href":"https:\/\/feiasofi.net\/index.php?rest_route=%2Fwp%2Fv2%2Fmedia&parent=7335"}],"curies":[{"name":"wp","href":"https:\/\/api.w.org\/{rel}","templated":true}]}}