{"id":7345,"date":"2025-04-21T15:10:53","date_gmt":"2025-04-21T15:10:53","guid":{"rendered":"https:\/\/feiasofi.net\/?page_id=7345"},"modified":"2025-11-26T16:13:22","modified_gmt":"2025-11-26T16:13:22","slug":"sociedad-colombiana-de-fisica","status":"publish","type":"page","link":"https:\/\/feiasofi.net\/?page_id=7345","title":{"rendered":"Sociedad Colombiana de F\u00edsica"},"content":{"rendered":"\t\t<div data-elementor-type=\"wp-page\" data-elementor-id=\"7345\" class=\"elementor elementor-7345\">\n\t\t\t\t<div class=\"elementor-element elementor-element-fd2129c e-flex e-con-boxed e-con e-parent\" data-id=\"fd2129c\" data-element_type=\"container\" data-e-type=\"container\">\n\t\t\t\t\t<div class=\"e-con-inner\">\n\t\t\t\t<div class=\"elementor-element elementor-element-d3a3ed7 elementor-widget elementor-widget-heading\" data-id=\"d3a3ed7\" data-element_type=\"widget\" data-e-type=\"widget\" data-widget_type=\"heading.default\">\n\t\t\t\t<div class=\"elementor-widget-container\">\n\t\t\t\t\t<h2 class=\"elementor-heading-title elementor-size-default\">Sociedad Colombiana de F\u00edsica<\/h2>\t\t\t\t<\/div>\n\t\t\t\t<\/div>\n\t\t\t\t\t<\/div>\n\t\t\t\t<\/div>\n\t\t<div class=\"elementor-element elementor-element-0c0cf48 e-flex e-con-boxed e-con e-parent\" data-id=\"0c0cf48\" data-element_type=\"container\" data-e-type=\"container\">\n\t\t\t\t\t<div class=\"e-con-inner\">\n\t\t<div class=\"elementor-element elementor-element-84d8697 e-con-full e-flex e-con e-child\" data-id=\"84d8697\" data-element_type=\"container\" data-e-type=\"container\">\n\t\t\t\t<div class=\"elementor-element elementor-element-3584418 elementor-widget elementor-widget-image\" data-id=\"3584418\" data-element_type=\"widget\" data-e-type=\"widget\" data-widget_type=\"image.default\">\n\t\t\t\t<div class=\"elementor-widget-container\">\n\t\t\t\t\t\t\t\t\t\t\t\t\t\t\t<img decoding=\"async\" width=\"90\" height=\"60\" src=\"https:\/\/feiasofi.net\/wp-content\/uploads\/2025\/04\/l_flag_colombia.gif\" class=\"attachment-large size-large wp-image-7356\" alt=\"\" \/>\t\t\t\t\t\t\t\t\t\t\t\t\t\t\t<\/div>\n\t\t\t\t<\/div>\n\t\t\t\t<\/div>\n\t\t<div class=\"elementor-element elementor-element-70246bf e-con-full e-flex e-con e-child\" data-id=\"70246bf\" data-element_type=\"container\" data-e-type=\"container\">\n\t\t\t\t<div class=\"elementor-element elementor-element-236f6ff elementor-widget elementor-widget-text-editor\" data-id=\"236f6ff\" data-element_type=\"widget\" data-e-type=\"widget\" data-widget_type=\"text-editor.default\">\n\t\t\t\t<div class=\"elementor-widget-container\">\n\t\t\t\t\t\t\t\t\t<p><strong>Presidente<\/strong>:\u00a0Hernando Ariza Calder\u00f3n<br \/><strong>email<\/strong>:\u00a0<span id=\"cloake3cedb8f74da58eca11f2fc6e3929423\"><a href=\"mailto:heariza@uniquindio.edu.co\">heariza at uniquindio dot edu dot co<\/a><\/span><br \/><strong>Web<\/strong>:\u00a0<a href=\"http:\/\/www.scf.com.co\/\">Sociedad Colombiana de F\u00edsica<\/a><\/p>\t\t\t\t\t\t\t\t<\/div>\n\t\t\t\t<\/div>\n\t\t\t\t<\/div>\n\t\t\t\t\t<\/div>\n\t\t\t\t<\/div>\n\t\t<div class=\"elementor-element elementor-element-7cbcc0a e-flex e-con-boxed e-con e-parent\" data-id=\"7cbcc0a\" data-element_type=\"container\" data-e-type=\"container\">\n\t\t\t\t\t<div class=\"e-con-inner\">\n\t\t\t\t<div class=\"elementor-element elementor-element-31377d3 elementor-widget elementor-widget-text-editor\" data-id=\"31377d3\" data-element_type=\"widget\" data-e-type=\"widget\" data-widget_type=\"text-editor.default\">\n\t\t\t\t<div class=\"elementor-widget-container\">\n\t\t\t\t\t\t\t\t\t<p>\u00a0La Sociedad Colombiana de F\u00edsica en su lustro el pasado Octubre 27 de 2005,en la Asamblea General de Delegatarios adelantada en el Sal\u00f3n Magdalena, Universidad del Atl\u00e1ntico, eligi\u00f3 la nueva junta directiva vigente para el periodo Oct 28 de 2005 a octubre 28 de 2007 , la cual asumi\u00f3 con el compromiso de promover la f\u00edsica en Colombia y abanderar los eventos de car\u00e1cter acad\u00e9mico que se adelantaran durante este periodo a a la vez que servir\u00e1n de aopoyo a los diferentes investigativos para la coordinaci\u00f3n de la colaboraci\u00f3n disponible de recursos y equipos.<\/p>\t\t\t\t\t\t\t\t<\/div>\n\t\t\t\t<\/div>\n\t\t\t\t\t<\/div>\n\t\t\t\t<\/div>\n\t\t\t\t<\/div>\n\t\t","protected":false},"excerpt":{"rendered":"<p>Sociedad Colombiana de F\u00edsica Presidente:\u00a0Hernando Ariza Calder\u00f3nemail:\u00a0heariza at uniquindio dot edu dot coWeb:\u00a0Sociedad Colombiana de F\u00edsica \u00a0La Sociedad Colombiana de F\u00edsica en su lustro el pasado Octubre 27 de 2005,en la Asamblea General de Delegatarios adelantada en el Sal\u00f3n Magdalena, Universidad del Atl\u00e1ntico, eligi\u00f3 la nueva junta directiva vigente para el periodo Oct 28 de [&hellip;]<\/p>\n","protected":false},"author":1,"featured_media":0,"parent":0,"menu_order":0,"comment_status":"closed","ping_status":"closed","template":"elementor_header_footer","meta":{"footnotes":""},"class_list":["post-7345","page","type-page","status-publish","hentry"],"yoast_head":"<!-- This site is optimized with the Yoast SEO plugin v27.1.1 - https:\/\/yoast.com\/product\/yoast-seo-wordpress\/ -->\n<title>Sociedad Colombiana de F\u00edsica - Feiasofi<\/title>\n<meta name=\"robots\" content=\"index, follow, max-snippet:-1, max-image-preview:large, max-video-preview:-1\" \/>\n<link rel=\"canonical\" href=\"https:\/\/feiasofi.net\/?page_id=7345\" \/>\n<meta property=\"og:locale\" content=\"es_ES\" \/>\n<meta property=\"og:type\" content=\"article\" \/>\n<meta property=\"og:title\" content=\"Sociedad Colombiana de F\u00edsica - Feiasofi\" \/>\n<meta property=\"og:description\" content=\"Sociedad Colombiana de F\u00edsica Presidente:\u00a0Hernando Ariza Calder\u00f3nemail:\u00a0heariza at uniquindio dot edu dot coWeb:\u00a0Sociedad Colombiana de F\u00edsica \u00a0La Sociedad Colombiana de F\u00edsica en su lustro el pasado Octubre 27 de 2005,en la Asamblea General de Delegatarios adelantada en el Sal\u00f3n Magdalena, Universidad del Atl\u00e1ntico, eligi\u00f3 la nueva junta directiva vigente para el periodo Oct 28 de [&hellip;]\" \/>\n<meta property=\"og:url\" content=\"https:\/\/feiasofi.net\/?page_id=7345\" \/>\n<meta property=\"og:site_name\" content=\"Feiasofi\" \/>\n<meta property=\"article:modified_time\" content=\"2025-11-26T16:13:22+00:00\" \/>\n<meta property=\"og:image\" content=\"https:\/\/feiasofi.net\/wp-content\/uploads\/2025\/04\/l_flag_colombia.gif\" \/>\n\t<meta property=\"og:image:width\" content=\"90\" \/>\n\t<meta property=\"og:image:height\" content=\"60\" \/>\n\t<meta property=\"og:image:type\" content=\"image\/gif\" \/>\n<meta name=\"twitter:card\" content=\"summary_large_image\" \/>\n<meta name=\"twitter:label1\" content=\"Tiempo de lectura\" \/>\n\t<meta name=\"twitter:data1\" content=\"1 minuto\" \/>\n<script type=\"application\/ld+json\" class=\"yoast-schema-graph\">{\"@context\":\"https:\/\/schema.org\",\"@graph\":[{\"@type\":\"WebPage\",\"@id\":\"https:\/\/feiasofi.net\/?page_id=7345\",\"url\":\"https:\/\/feiasofi.net\/?page_id=7345\",\"name\":\"Sociedad Colombiana de F\u00edsica - Feiasofi\",\"isPartOf\":{\"@id\":\"https:\/\/feiasofi.net\/#website\"},\"primaryImageOfPage\":{\"@id\":\"https:\/\/feiasofi.net\/?page_id=7345#primaryimage\"},\"image\":{\"@id\":\"https:\/\/feiasofi.net\/?page_id=7345#primaryimage\"},\"thumbnailUrl\":\"https:\/\/feiasofi.net\/wp-content\/uploads\/2025\/04\/l_flag_colombia.gif\",\"datePublished\":\"2025-04-21T15:10:53+00:00\",\"dateModified\":\"2025-11-26T16:13:22+00:00\",\"breadcrumb\":{\"@id\":\"https:\/\/feiasofi.net\/?page_id=7345#breadcrumb\"},\"inLanguage\":\"es\",\"potentialAction\":[{\"@type\":\"ReadAction\",\"target\":[\"https:\/\/feiasofi.net\/?page_id=7345\"]}]},{\"@type\":\"ImageObject\",\"inLanguage\":\"es\",\"@id\":\"https:\/\/feiasofi.net\/?page_id=7345#primaryimage\",\"url\":\"https:\/\/feiasofi.net\/wp-content\/uploads\/2025\/04\/l_flag_colombia.gif\",\"contentUrl\":\"https:\/\/feiasofi.net\/wp-content\/uploads\/2025\/04\/l_flag_colombia.gif\",\"width\":90,\"height\":60},{\"@type\":\"BreadcrumbList\",\"@id\":\"https:\/\/feiasofi.net\/?page_id=7345#breadcrumb\",\"itemListElement\":[{\"@type\":\"ListItem\",\"position\":1,\"name\":\"Portada\",\"item\":\"https:\/\/feiasofi.net\/\"},{\"@type\":\"ListItem\",\"position\":2,\"name\":\"Sociedad Colombiana de F\u00edsica\"}]},{\"@type\":\"WebSite\",\"@id\":\"https:\/\/feiasofi.net\/#website\",\"url\":\"https:\/\/feiasofi.net\/\",\"name\":\"Feiasofi\",\"description\":\"\",\"potentialAction\":[{\"@type\":\"SearchAction\",\"target\":{\"@type\":\"EntryPoint\",\"urlTemplate\":\"https:\/\/feiasofi.net\/?s={search_term_string}\"},\"query-input\":{\"@type\":\"PropertyValueSpecification\",\"valueRequired\":true,\"valueName\":\"search_term_string\"}}],\"inLanguage\":\"es\"}]}<\/script>\n<!-- \/ Yoast SEO plugin. -->","yoast_head_json":{"title":"Sociedad Colombiana de F\u00edsica - Feiasofi","robots":{"index":"index","follow":"follow","max-snippet":"max-snippet:-1","max-image-preview":"max-image-preview:large","max-video-preview":"max-video-preview:-1"},"canonical":"https:\/\/feiasofi.net\/?page_id=7345","og_locale":"es_ES","og_type":"article","og_title":"Sociedad Colombiana de F\u00edsica - Feiasofi","og_description":"Sociedad Colombiana de F\u00edsica Presidente:\u00a0Hernando Ariza Calder\u00f3nemail:\u00a0heariza at uniquindio dot edu dot coWeb:\u00a0Sociedad Colombiana de F\u00edsica \u00a0La Sociedad Colombiana de F\u00edsica en su lustro el pasado Octubre 27 de 2005,en la Asamblea General de Delegatarios adelantada en el Sal\u00f3n Magdalena, Universidad del Atl\u00e1ntico, eligi\u00f3 la nueva junta directiva vigente para el periodo Oct 28 de [&hellip;]","og_url":"https:\/\/feiasofi.net\/?page_id=7345","og_site_name":"Feiasofi","article_modified_time":"2025-11-26T16:13:22+00:00","og_image":[{"width":90,"height":60,"url":"https:\/\/feiasofi.net\/wp-content\/uploads\/2025\/04\/l_flag_colombia.gif","type":"image\/gif"}],"twitter_card":"summary_large_image","twitter_misc":{"Tiempo de lectura":"1 minuto"},"schema":{"@context":"https:\/\/schema.org","@graph":[{"@type":"WebPage","@id":"https:\/\/feiasofi.net\/?page_id=7345","url":"https:\/\/feiasofi.net\/?page_id=7345","name":"Sociedad Colombiana de F\u00edsica - Feiasofi","isPartOf":{"@id":"https:\/\/feiasofi.net\/#website"},"primaryImageOfPage":{"@id":"https:\/\/feiasofi.net\/?page_id=7345#primaryimage"},"image":{"@id":"https:\/\/feiasofi.net\/?page_id=7345#primaryimage"},"thumbnailUrl":"https:\/\/feiasofi.net\/wp-content\/uploads\/2025\/04\/l_flag_colombia.gif","datePublished":"2025-04-21T15:10:53+00:00","dateModified":"2025-11-26T16:13:22+00:00","breadcrumb":{"@id":"https:\/\/feiasofi.net\/?page_id=7345#breadcrumb"},"inLanguage":"es","potentialAction":[{"@type":"ReadAction","target":["https:\/\/feiasofi.net\/?page_id=7345"]}]},{"@type":"ImageObject","inLanguage":"es","@id":"https:\/\/feiasofi.net\/?page_id=7345#primaryimage","url":"https:\/\/feiasofi.net\/wp-content\/uploads\/2025\/04\/l_flag_colombia.gif","contentUrl":"https:\/\/feiasofi.net\/wp-content\/uploads\/2025\/04\/l_flag_colombia.gif","width":90,"height":60},{"@type":"BreadcrumbList","@id":"https:\/\/feiasofi.net\/?page_id=7345#breadcrumb","itemListElement":[{"@type":"ListItem","position":1,"name":"Portada","item":"https:\/\/feiasofi.net\/"},{"@type":"ListItem","position":2,"name":"Sociedad Colombiana de F\u00edsica"}]},{"@type":"WebSite","@id":"https:\/\/feiasofi.net\/#website","url":"https:\/\/feiasofi.net\/","name":"Feiasofi","description":"","potentialAction":[{"@type":"SearchAction","target":{"@type":"EntryPoint","urlTemplate":"https:\/\/feiasofi.net\/?s={search_term_string}"},"query-input":{"@type":"PropertyValueSpecification","valueRequired":true,"valueName":"search_term_string"}}],"inLanguage":"es"}]}},"_links":{"self":[{"href":"https:\/\/feiasofi.net\/index.php?rest_route=\/wp\/v2\/pages\/7345","targetHints":{"allow":["GET"]}}],"collection":[{"href":"https:\/\/feiasofi.net\/index.php?rest_route=\/wp\/v2\/pages"}],"about":[{"href":"https:\/\/feiasofi.net\/index.php?rest_route=\/wp\/v2\/types\/page"}],"author":[{"embeddable":true,"href":"https:\/\/feiasofi.net\/index.php?rest_route=\/wp\/v2\/users\/1"}],"replies":[{"embeddable":true,"href":"https:\/\/feiasofi.net\/index.php?rest_route=%2Fwp%2Fv2%2Fcomments&post=7345"}],"version-history":[{"count":10,"href":"https:\/\/feiasofi.net\/index.php?rest_route=\/wp\/v2\/pages\/7345\/revisions"}],"predecessor-version":[{"id":9084,"href":"https:\/\/feiasofi.net\/index.php?rest_route=\/wp\/v2\/pages\/7345\/revisions\/9084"}],"wp:attachment":[{"href":"https:\/\/feiasofi.net\/index.php?rest_route=%2Fwp%2Fv2%2Fmedia&parent=7345"}],"curies":[{"name":"wp","href":"https:\/\/api.w.org\/{rel}","templated":true}]}}