{"id":7364,"date":"2025-04-21T15:15:06","date_gmt":"2025-04-21T15:15:06","guid":{"rendered":"https:\/\/feiasofi.net\/?page_id=7364"},"modified":"2025-11-26T16:14:06","modified_gmt":"2025-11-26T16:14:06","slug":"colegio-de-fisicos-de-costa-rica","status":"publish","type":"page","link":"https:\/\/feiasofi.net\/?page_id=7364","title":{"rendered":"Colegio de F\u00edsicos de Costa Rica"},"content":{"rendered":"\t\t<div data-elementor-type=\"wp-page\" data-elementor-id=\"7364\" class=\"elementor elementor-7364\">\n\t\t\t\t<div class=\"elementor-element elementor-element-cb46e36 e-flex e-con-boxed e-con e-parent\" data-id=\"cb46e36\" data-element_type=\"container\" data-e-type=\"container\">\n\t\t\t\t\t<div class=\"e-con-inner\">\n\t\t\t\t<div class=\"elementor-element elementor-element-0e95b9b elementor-widget elementor-widget-heading\" data-id=\"0e95b9b\" data-element_type=\"widget\" data-e-type=\"widget\" data-widget_type=\"heading.default\">\n\t\t\t\t<div class=\"elementor-widget-container\">\n\t\t\t\t\t<h2 class=\"elementor-heading-title elementor-size-default\">Colegio de F\u00edsicos de Costa Rica<\/h2>\t\t\t\t<\/div>\n\t\t\t\t<\/div>\n\t\t\t\t\t<\/div>\n\t\t\t\t<\/div>\n\t\t<div class=\"elementor-element elementor-element-12ae39b e-flex e-con-boxed e-con e-parent\" data-id=\"12ae39b\" data-element_type=\"container\" data-e-type=\"container\">\n\t\t\t\t\t<div class=\"e-con-inner\">\n\t\t<div class=\"elementor-element elementor-element-2330ab2 e-con-full e-flex e-con e-child\" data-id=\"2330ab2\" data-element_type=\"container\" data-e-type=\"container\">\n\t\t\t\t<div class=\"elementor-element elementor-element-43734a9 elementor-widget elementor-widget-image\" data-id=\"43734a9\" data-element_type=\"widget\" data-e-type=\"widget\" data-widget_type=\"image.default\">\n\t\t\t\t<div class=\"elementor-widget-container\">\n\t\t\t\t\t\t\t\t\t\t\t\t\t\t\t<img decoding=\"async\" width=\"100\" height=\"60\" src=\"https:\/\/feiasofi.net\/wp-content\/uploads\/2025\/04\/l_flag_costa_rica.gif\" class=\"attachment-large size-large wp-image-7366\" alt=\"\" \/>\t\t\t\t\t\t\t\t\t\t\t\t\t\t\t<\/div>\n\t\t\t\t<\/div>\n\t\t\t\t<\/div>\n\t\t<div class=\"elementor-element elementor-element-2e5f123 e-con-full e-flex e-con e-child\" data-id=\"2e5f123\" data-element_type=\"container\" data-e-type=\"container\">\n\t\t\t\t<div class=\"elementor-element elementor-element-710ec0c elementor-widget elementor-widget-text-editor\" data-id=\"710ec0c\" data-element_type=\"widget\" data-e-type=\"widget\" data-widget_type=\"text-editor.default\">\n\t\t\t\t<div class=\"elementor-widget-container\">\n\t\t\t\t\t\t\t\t\t<p><strong>Presidente<\/strong>: Dr.Erick Mora Ram\u00edrez<br \/><strong>email<\/strong>:\u00a0<span class=\"gI\"><span data-hovercard-id=\"&lt;a href=\"><span id=\"cloak16fc59e6616c52c0172d258ba3e2ac8e\">erick dot mora at ucr dot ac dot cr<\/span><\/span><\/span><br \/><strong>Web<\/strong>:\u00a0<a href=\"http:\/\/colegiodefisicosdecostarica.org\/\">Colegio de F\u00edsicos de Costa Rica<\/a><\/p>\t\t\t\t\t\t\t\t<\/div>\n\t\t\t\t<\/div>\n\t\t\t\t<\/div>\n\t\t\t\t\t<\/div>\n\t\t\t\t<\/div>\n\t\t<div class=\"elementor-element elementor-element-583e28c e-flex e-con-boxed e-con e-parent\" data-id=\"583e28c\" data-element_type=\"container\" data-e-type=\"container\">\n\t\t\t\t\t<div class=\"e-con-inner\">\n\t\t\t\t<div class=\"elementor-element elementor-element-1b1daf5 elementor-widget elementor-widget-text-editor\" data-id=\"1b1daf5\" data-element_type=\"widget\" data-e-type=\"widget\" data-widget_type=\"text-editor.default\">\n\t\t\t\t<div class=\"elementor-widget-container\">\n\t\t\t\t\t\t\t\t\t<p align=\"&quot;justify&quot;\">Las finalidades principales del Colegio de F\u00edsicos de Costa Rica son:<\/p><ol><li>Promover el progreso de los f\u00edsicos.<\/li><li>Colaborar en el desarrollo de la f\u00edsica con las instituciones de educaci\u00f3n superior, los institutos, los centros de investigaci\u00f3n en esa ciencia y otras instituciones educativas.<\/li><li>Opinar sobre materias de su competencia, cuando sea consultado.<\/li><li>Fomentar y defender el ejercicio de las profesiones derivadas de la f\u00edsica.<\/li><li>Defender los derechos de sus miembros y realizar las gestiones necesarias para su estabilidad econ\u00f3mica.<\/li><li>Gestionar y otorgar la protecci\u00f3n profesional que demanden sus miembros.<\/li><li>Tutelar los derechos y los intereses leg\u00edtimos de quienes contraten los servicios de los profesionales miembros del Colegio, en relaci\u00f3n con las actividades, los actos o las omisiones que los f\u00edsicos realicen o dejen de realizar, en el ejercicio de su profesi\u00f3n, sin perjuicio de las responsabilidades civiles o penales en que puedan incurrir.<\/li><\/ol>\t\t\t\t\t\t\t\t<\/div>\n\t\t\t\t<\/div>\n\t\t\t\t\t<\/div>\n\t\t\t\t<\/div>\n\t\t\t\t<\/div>\n\t\t","protected":false},"excerpt":{"rendered":"<p>Colegio de F\u00edsicos de Costa Rica Presidente: Dr.Erick Mora Ram\u00edrezemail:\u00a0erick dot mora at ucr dot ac dot crWeb:\u00a0Colegio de F\u00edsicos de Costa Rica Las finalidades principales del Colegio de F\u00edsicos de Costa Rica son: Promover el progreso de los f\u00edsicos. Colaborar en el desarrollo de la f\u00edsica con las instituciones de educaci\u00f3n superior, los institutos, [&hellip;]<\/p>\n","protected":false},"author":1,"featured_media":0,"parent":0,"menu_order":0,"comment_status":"closed","ping_status":"closed","template":"elementor_header_footer","meta":{"footnotes":""},"class_list":["post-7364","page","type-page","status-publish","hentry"],"yoast_head":"<!-- This site is optimized with the Yoast SEO plugin v27.1.1 - https:\/\/yoast.com\/product\/yoast-seo-wordpress\/ -->\n<title>Colegio de F\u00edsicos de Costa Rica - Feiasofi<\/title>\n<meta name=\"robots\" content=\"index, follow, max-snippet:-1, max-image-preview:large, max-video-preview:-1\" \/>\n<link rel=\"canonical\" href=\"https:\/\/feiasofi.net\/?page_id=7364\" \/>\n<meta property=\"og:locale\" content=\"es_ES\" \/>\n<meta property=\"og:type\" content=\"article\" \/>\n<meta property=\"og:title\" content=\"Colegio de F\u00edsicos de Costa Rica - Feiasofi\" \/>\n<meta property=\"og:description\" content=\"Colegio de F\u00edsicos de Costa Rica Presidente: Dr.Erick Mora Ram\u00edrezemail:\u00a0erick dot mora at ucr dot ac dot crWeb:\u00a0Colegio de F\u00edsicos de Costa Rica Las finalidades principales del Colegio de F\u00edsicos de Costa Rica son: Promover el progreso de los f\u00edsicos. Colaborar en el desarrollo de la f\u00edsica con las instituciones de educaci\u00f3n superior, los institutos, [&hellip;]\" \/>\n<meta property=\"og:url\" content=\"https:\/\/feiasofi.net\/?page_id=7364\" \/>\n<meta property=\"og:site_name\" content=\"Feiasofi\" \/>\n<meta property=\"article:modified_time\" content=\"2025-11-26T16:14:06+00:00\" \/>\n<meta property=\"og:image\" content=\"https:\/\/feiasofi.net\/wp-content\/uploads\/2025\/04\/l_flag_costa_rica.gif\" \/>\n\t<meta property=\"og:image:width\" content=\"100\" \/>\n\t<meta property=\"og:image:height\" content=\"60\" \/>\n\t<meta property=\"og:image:type\" content=\"image\/gif\" \/>\n<meta name=\"twitter:card\" content=\"summary_large_image\" \/>\n<meta name=\"twitter:label1\" content=\"Tiempo de lectura\" \/>\n\t<meta name=\"twitter:data1\" content=\"1 minuto\" \/>\n<script type=\"application\/ld+json\" class=\"yoast-schema-graph\">{\"@context\":\"https:\/\/schema.org\",\"@graph\":[{\"@type\":\"WebPage\",\"@id\":\"https:\/\/feiasofi.net\/?page_id=7364\",\"url\":\"https:\/\/feiasofi.net\/?page_id=7364\",\"name\":\"Colegio de F\u00edsicos de Costa Rica - Feiasofi\",\"isPartOf\":{\"@id\":\"https:\/\/feiasofi.net\/#website\"},\"primaryImageOfPage\":{\"@id\":\"https:\/\/feiasofi.net\/?page_id=7364#primaryimage\"},\"image\":{\"@id\":\"https:\/\/feiasofi.net\/?page_id=7364#primaryimage\"},\"thumbnailUrl\":\"https:\/\/feiasofi.net\/wp-content\/uploads\/2025\/04\/l_flag_costa_rica.gif\",\"datePublished\":\"2025-04-21T15:15:06+00:00\",\"dateModified\":\"2025-11-26T16:14:06+00:00\",\"breadcrumb\":{\"@id\":\"https:\/\/feiasofi.net\/?page_id=7364#breadcrumb\"},\"inLanguage\":\"es\",\"potentialAction\":[{\"@type\":\"ReadAction\",\"target\":[\"https:\/\/feiasofi.net\/?page_id=7364\"]}]},{\"@type\":\"ImageObject\",\"inLanguage\":\"es\",\"@id\":\"https:\/\/feiasofi.net\/?page_id=7364#primaryimage\",\"url\":\"https:\/\/feiasofi.net\/wp-content\/uploads\/2025\/04\/l_flag_costa_rica.gif\",\"contentUrl\":\"https:\/\/feiasofi.net\/wp-content\/uploads\/2025\/04\/l_flag_costa_rica.gif\",\"width\":100,\"height\":60},{\"@type\":\"BreadcrumbList\",\"@id\":\"https:\/\/feiasofi.net\/?page_id=7364#breadcrumb\",\"itemListElement\":[{\"@type\":\"ListItem\",\"position\":1,\"name\":\"Portada\",\"item\":\"https:\/\/feiasofi.net\/\"},{\"@type\":\"ListItem\",\"position\":2,\"name\":\"Colegio de F\u00edsicos de Costa Rica\"}]},{\"@type\":\"WebSite\",\"@id\":\"https:\/\/feiasofi.net\/#website\",\"url\":\"https:\/\/feiasofi.net\/\",\"name\":\"Feiasofi\",\"description\":\"\",\"potentialAction\":[{\"@type\":\"SearchAction\",\"target\":{\"@type\":\"EntryPoint\",\"urlTemplate\":\"https:\/\/feiasofi.net\/?s={search_term_string}\"},\"query-input\":{\"@type\":\"PropertyValueSpecification\",\"valueRequired\":true,\"valueName\":\"search_term_string\"}}],\"inLanguage\":\"es\"}]}<\/script>\n<!-- \/ Yoast SEO plugin. -->","yoast_head_json":{"title":"Colegio de F\u00edsicos de Costa Rica - Feiasofi","robots":{"index":"index","follow":"follow","max-snippet":"max-snippet:-1","max-image-preview":"max-image-preview:large","max-video-preview":"max-video-preview:-1"},"canonical":"https:\/\/feiasofi.net\/?page_id=7364","og_locale":"es_ES","og_type":"article","og_title":"Colegio de F\u00edsicos de Costa Rica - Feiasofi","og_description":"Colegio de F\u00edsicos de Costa Rica Presidente: Dr.Erick Mora Ram\u00edrezemail:\u00a0erick dot mora at ucr dot ac dot crWeb:\u00a0Colegio de F\u00edsicos de Costa Rica Las finalidades principales del Colegio de F\u00edsicos de Costa Rica son: Promover el progreso de los f\u00edsicos. Colaborar en el desarrollo de la f\u00edsica con las instituciones de educaci\u00f3n superior, los institutos, [&hellip;]","og_url":"https:\/\/feiasofi.net\/?page_id=7364","og_site_name":"Feiasofi","article_modified_time":"2025-11-26T16:14:06+00:00","og_image":[{"width":100,"height":60,"url":"https:\/\/feiasofi.net\/wp-content\/uploads\/2025\/04\/l_flag_costa_rica.gif","type":"image\/gif"}],"twitter_card":"summary_large_image","twitter_misc":{"Tiempo de lectura":"1 minuto"},"schema":{"@context":"https:\/\/schema.org","@graph":[{"@type":"WebPage","@id":"https:\/\/feiasofi.net\/?page_id=7364","url":"https:\/\/feiasofi.net\/?page_id=7364","name":"Colegio de F\u00edsicos de Costa Rica - Feiasofi","isPartOf":{"@id":"https:\/\/feiasofi.net\/#website"},"primaryImageOfPage":{"@id":"https:\/\/feiasofi.net\/?page_id=7364#primaryimage"},"image":{"@id":"https:\/\/feiasofi.net\/?page_id=7364#primaryimage"},"thumbnailUrl":"https:\/\/feiasofi.net\/wp-content\/uploads\/2025\/04\/l_flag_costa_rica.gif","datePublished":"2025-04-21T15:15:06+00:00","dateModified":"2025-11-26T16:14:06+00:00","breadcrumb":{"@id":"https:\/\/feiasofi.net\/?page_id=7364#breadcrumb"},"inLanguage":"es","potentialAction":[{"@type":"ReadAction","target":["https:\/\/feiasofi.net\/?page_id=7364"]}]},{"@type":"ImageObject","inLanguage":"es","@id":"https:\/\/feiasofi.net\/?page_id=7364#primaryimage","url":"https:\/\/feiasofi.net\/wp-content\/uploads\/2025\/04\/l_flag_costa_rica.gif","contentUrl":"https:\/\/feiasofi.net\/wp-content\/uploads\/2025\/04\/l_flag_costa_rica.gif","width":100,"height":60},{"@type":"BreadcrumbList","@id":"https:\/\/feiasofi.net\/?page_id=7364#breadcrumb","itemListElement":[{"@type":"ListItem","position":1,"name":"Portada","item":"https:\/\/feiasofi.net\/"},{"@type":"ListItem","position":2,"name":"Colegio de F\u00edsicos de Costa Rica"}]},{"@type":"WebSite","@id":"https:\/\/feiasofi.net\/#website","url":"https:\/\/feiasofi.net\/","name":"Feiasofi","description":"","potentialAction":[{"@type":"SearchAction","target":{"@type":"EntryPoint","urlTemplate":"https:\/\/feiasofi.net\/?s={search_term_string}"},"query-input":{"@type":"PropertyValueSpecification","valueRequired":true,"valueName":"search_term_string"}}],"inLanguage":"es"}]}},"_links":{"self":[{"href":"https:\/\/feiasofi.net\/index.php?rest_route=\/wp\/v2\/pages\/7364","targetHints":{"allow":["GET"]}}],"collection":[{"href":"https:\/\/feiasofi.net\/index.php?rest_route=\/wp\/v2\/pages"}],"about":[{"href":"https:\/\/feiasofi.net\/index.php?rest_route=\/wp\/v2\/types\/page"}],"author":[{"embeddable":true,"href":"https:\/\/feiasofi.net\/index.php?rest_route=\/wp\/v2\/users\/1"}],"replies":[{"embeddable":true,"href":"https:\/\/feiasofi.net\/index.php?rest_route=%2Fwp%2Fv2%2Fcomments&post=7364"}],"version-history":[{"count":10,"href":"https:\/\/feiasofi.net\/index.php?rest_route=\/wp\/v2\/pages\/7364\/revisions"}],"predecessor-version":[{"id":9087,"href":"https:\/\/feiasofi.net\/index.php?rest_route=\/wp\/v2\/pages\/7364\/revisions\/9087"}],"wp:attachment":[{"href":"https:\/\/feiasofi.net\/index.php?rest_route=%2Fwp%2Fv2%2Fmedia&parent=7364"}],"curies":[{"name":"wp","href":"https:\/\/api.w.org\/{rel}","templated":true}]}}