{"id":7384,"date":"2025-04-21T15:28:21","date_gmt":"2025-04-21T15:28:21","guid":{"rendered":"https:\/\/feiasofi.net\/?page_id=7384"},"modified":"2025-11-26T16:15:07","modified_gmt":"2025-11-26T16:15:07","slug":"sociedad-chilena-de-fisica","status":"publish","type":"page","link":"https:\/\/feiasofi.net\/?page_id=7384","title":{"rendered":"Sociedad Chilena de F\u00edsica"},"content":{"rendered":"\t\t<div data-elementor-type=\"wp-page\" data-elementor-id=\"7384\" class=\"elementor elementor-7384\">\n\t\t\t\t<div class=\"elementor-element elementor-element-a9dc2e0 e-flex e-con-boxed e-con e-parent\" data-id=\"a9dc2e0\" data-element_type=\"container\" data-e-type=\"container\">\n\t\t\t\t\t<div class=\"e-con-inner\">\n\t\t\t\t<div class=\"elementor-element elementor-element-27a5e03 elementor-widget elementor-widget-heading\" data-id=\"27a5e03\" data-element_type=\"widget\" data-e-type=\"widget\" data-widget_type=\"heading.default\">\n\t\t\t\t<div class=\"elementor-widget-container\">\n\t\t\t\t\t<h2 class=\"elementor-heading-title elementor-size-default\">Sociedad Chilena de F\u00edsica<\/h2>\t\t\t\t<\/div>\n\t\t\t\t<\/div>\n\t\t\t\t\t<\/div>\n\t\t\t\t<\/div>\n\t\t<div class=\"elementor-element elementor-element-3497bf7 e-flex e-con-boxed e-con e-parent\" data-id=\"3497bf7\" data-element_type=\"container\" data-e-type=\"container\">\n\t\t\t\t\t<div class=\"e-con-inner\">\n\t\t<div class=\"elementor-element elementor-element-d5be078 e-con-full e-flex e-con e-child\" data-id=\"d5be078\" data-element_type=\"container\" data-e-type=\"container\">\n\t\t\t\t<div class=\"elementor-element elementor-element-e1c4a3b elementor-widget elementor-widget-image\" data-id=\"e1c4a3b\" data-element_type=\"widget\" data-e-type=\"widget\" data-widget_type=\"image.default\">\n\t\t\t\t<div class=\"elementor-widget-container\">\n\t\t\t\t\t\t\t\t\t\t\t\t\t\t\t<img decoding=\"async\" width=\"90\" height=\"60\" src=\"https:\/\/feiasofi.net\/wp-content\/uploads\/2025\/04\/l_flag_chile.gif\" class=\"attachment-large size-large wp-image-7386\" alt=\"\" \/>\t\t\t\t\t\t\t\t\t\t\t\t\t\t\t<\/div>\n\t\t\t\t<\/div>\n\t\t\t\t<\/div>\n\t\t<div class=\"elementor-element elementor-element-0a0079d e-con-full e-flex e-con e-child\" data-id=\"0a0079d\" data-element_type=\"container\" data-e-type=\"container\">\n\t\t\t\t<div class=\"elementor-element elementor-element-7d50a2a elementor-widget elementor-widget-text-editor\" data-id=\"7d50a2a\" data-element_type=\"widget\" data-e-type=\"widget\" data-widget_type=\"text-editor.default\">\n\t\t\t\t<div class=\"elementor-widget-container\">\n\t\t\t\t\t\t\t\t\t<p><strong>Presidente<\/strong>: Leopoldo Alejandro Soto Norambuena<\/p><p><strong>Email: <\/strong>leopoldo dot soto at cchen dot c<br \/><strong>Web<\/strong>:\u00a0<a href=\"https:\/\/sochifi.cl\/\">Sociedad Chile de F\u00edsica<\/a><\/p>\t\t\t\t\t\t\t\t<\/div>\n\t\t\t\t<\/div>\n\t\t\t\t<\/div>\n\t\t\t\t\t<\/div>\n\t\t\t\t<\/div>\n\t\t<div class=\"elementor-element elementor-element-5ad89fc e-flex e-con-boxed e-con e-parent\" data-id=\"5ad89fc\" data-element_type=\"container\" data-e-type=\"container\">\n\t\t\t\t\t<div class=\"e-con-inner\">\n\t\t\t\t<div class=\"elementor-element elementor-element-55b9a12 elementor-widget elementor-widget-text-editor\" data-id=\"55b9a12\" data-element_type=\"widget\" data-e-type=\"widget\" data-widget_type=\"text-editor.default\">\n\t\t\t\t<div class=\"elementor-widget-container\">\n\t\t\t\t\t\t\t\t\t<p>Dr. Leopoldo Soto, Secretario General, Comisi\u00f3n Chilena de Energ\u00eda Nuclear.<br \/>Dr. Rodrigo Aros, Tesorero, Universidad Andr\u00e9s Bello.<br \/>Dr. Rafael Correa, Director, Universidad Tecnol\u00f3gica Metropolitana.<br \/>Dr. Luis Roa, Director, Universidad de Concepci\u00f3n.<\/p><p>El 9 de diciembre de 1965 apareci\u00f3 en el Diario Oficial\u00a0 el Decreto 26.310, con el que se cre\u00f3 la Sociedad\u00a0Chilena de F\u00edsica.\u00a0 En su primer art\u00edculo se lee: \u00abCr\u00e9ase una persona jur\u00eddica de derecho privado, que se regir\u00e1 por lo dispuesto en el en el T\u00edtulo XXXIII del Libro I del C\u00f3digo Civil, el Decreto 5850, de 1952, reglamentario de la concesi\u00f3n de personalidad jur\u00eddica y los presentes estatutos, denominada &#8216;Sociedad Chilena de F\u00edsica&#8217;, en adelante &#8216;SOCHIFI&#8217;, de duraci\u00f3n indefinida y con plena capacidad para adquirir derechos y contraer obligaciones. Su domicilio ser\u00e1 la ciudad de Santiago.<\/p>\t\t\t\t\t\t\t\t<\/div>\n\t\t\t\t<\/div>\n\t\t\t\t\t<\/div>\n\t\t\t\t<\/div>\n\t\t\t\t<\/div>\n\t\t","protected":false},"excerpt":{"rendered":"<p>Sociedad Chilena de F\u00edsica Presidente: Leopoldo Alejandro Soto Norambuena Email: leopoldo dot soto at cchen dot cWeb:\u00a0Sociedad Chile de F\u00edsica Dr. Leopoldo Soto, Secretario General, Comisi\u00f3n Chilena de Energ\u00eda Nuclear.Dr. Rodrigo Aros, Tesorero, Universidad Andr\u00e9s Bello.Dr. Rafael Correa, Director, Universidad Tecnol\u00f3gica Metropolitana.Dr. Luis Roa, Director, Universidad de Concepci\u00f3n. El 9 de diciembre de 1965 apareci\u00f3 [&hellip;]<\/p>\n","protected":false},"author":1,"featured_media":0,"parent":0,"menu_order":0,"comment_status":"closed","ping_status":"closed","template":"elementor_header_footer","meta":{"footnotes":""},"class_list":["post-7384","page","type-page","status-publish","hentry"],"yoast_head":"<!-- This site is optimized with the Yoast SEO plugin v27.1.1 - https:\/\/yoast.com\/product\/yoast-seo-wordpress\/ -->\n<title>Sociedad Chilena de F\u00edsica - Feiasofi<\/title>\n<meta name=\"robots\" content=\"index, follow, max-snippet:-1, max-image-preview:large, max-video-preview:-1\" \/>\n<link rel=\"canonical\" href=\"https:\/\/feiasofi.net\/?page_id=7384\" \/>\n<meta property=\"og:locale\" content=\"es_ES\" \/>\n<meta property=\"og:type\" content=\"article\" \/>\n<meta property=\"og:title\" content=\"Sociedad Chilena de F\u00edsica - Feiasofi\" \/>\n<meta property=\"og:description\" content=\"Sociedad Chilena de F\u00edsica Presidente: Leopoldo Alejandro Soto Norambuena Email: leopoldo dot soto at cchen dot cWeb:\u00a0Sociedad Chile de F\u00edsica Dr. Leopoldo Soto, Secretario General, Comisi\u00f3n Chilena de Energ\u00eda Nuclear.Dr. Rodrigo Aros, Tesorero, Universidad Andr\u00e9s Bello.Dr. Rafael Correa, Director, Universidad Tecnol\u00f3gica Metropolitana.Dr. Luis Roa, Director, Universidad de Concepci\u00f3n. El 9 de diciembre de 1965 apareci\u00f3 [&hellip;]\" \/>\n<meta property=\"og:url\" content=\"https:\/\/feiasofi.net\/?page_id=7384\" \/>\n<meta property=\"og:site_name\" content=\"Feiasofi\" \/>\n<meta property=\"article:modified_time\" content=\"2025-11-26T16:15:07+00:00\" \/>\n<meta property=\"og:image\" content=\"https:\/\/feiasofi.net\/wp-content\/uploads\/2025\/04\/l_flag_chile.gif\" \/>\n\t<meta property=\"og:image:width\" content=\"90\" \/>\n\t<meta property=\"og:image:height\" content=\"60\" \/>\n\t<meta property=\"og:image:type\" content=\"image\/gif\" \/>\n<meta name=\"twitter:card\" content=\"summary_large_image\" \/>\n<meta name=\"twitter:label1\" content=\"Tiempo de lectura\" \/>\n\t<meta name=\"twitter:data1\" content=\"1 minuto\" \/>\n<script type=\"application\/ld+json\" class=\"yoast-schema-graph\">{\"@context\":\"https:\/\/schema.org\",\"@graph\":[{\"@type\":\"WebPage\",\"@id\":\"https:\/\/feiasofi.net\/?page_id=7384\",\"url\":\"https:\/\/feiasofi.net\/?page_id=7384\",\"name\":\"Sociedad Chilena de F\u00edsica - Feiasofi\",\"isPartOf\":{\"@id\":\"https:\/\/feiasofi.net\/#website\"},\"primaryImageOfPage\":{\"@id\":\"https:\/\/feiasofi.net\/?page_id=7384#primaryimage\"},\"image\":{\"@id\":\"https:\/\/feiasofi.net\/?page_id=7384#primaryimage\"},\"thumbnailUrl\":\"https:\/\/feiasofi.net\/wp-content\/uploads\/2025\/04\/l_flag_chile.gif\",\"datePublished\":\"2025-04-21T15:28:21+00:00\",\"dateModified\":\"2025-11-26T16:15:07+00:00\",\"breadcrumb\":{\"@id\":\"https:\/\/feiasofi.net\/?page_id=7384#breadcrumb\"},\"inLanguage\":\"es\",\"potentialAction\":[{\"@type\":\"ReadAction\",\"target\":[\"https:\/\/feiasofi.net\/?page_id=7384\"]}]},{\"@type\":\"ImageObject\",\"inLanguage\":\"es\",\"@id\":\"https:\/\/feiasofi.net\/?page_id=7384#primaryimage\",\"url\":\"https:\/\/feiasofi.net\/wp-content\/uploads\/2025\/04\/l_flag_chile.gif\",\"contentUrl\":\"https:\/\/feiasofi.net\/wp-content\/uploads\/2025\/04\/l_flag_chile.gif\",\"width\":90,\"height\":60},{\"@type\":\"BreadcrumbList\",\"@id\":\"https:\/\/feiasofi.net\/?page_id=7384#breadcrumb\",\"itemListElement\":[{\"@type\":\"ListItem\",\"position\":1,\"name\":\"Portada\",\"item\":\"https:\/\/feiasofi.net\/\"},{\"@type\":\"ListItem\",\"position\":2,\"name\":\"Sociedad Chilena de F\u00edsica\"}]},{\"@type\":\"WebSite\",\"@id\":\"https:\/\/feiasofi.net\/#website\",\"url\":\"https:\/\/feiasofi.net\/\",\"name\":\"Feiasofi\",\"description\":\"\",\"potentialAction\":[{\"@type\":\"SearchAction\",\"target\":{\"@type\":\"EntryPoint\",\"urlTemplate\":\"https:\/\/feiasofi.net\/?s={search_term_string}\"},\"query-input\":{\"@type\":\"PropertyValueSpecification\",\"valueRequired\":true,\"valueName\":\"search_term_string\"}}],\"inLanguage\":\"es\"}]}<\/script>\n<!-- \/ Yoast SEO plugin. -->","yoast_head_json":{"title":"Sociedad Chilena de F\u00edsica - Feiasofi","robots":{"index":"index","follow":"follow","max-snippet":"max-snippet:-1","max-image-preview":"max-image-preview:large","max-video-preview":"max-video-preview:-1"},"canonical":"https:\/\/feiasofi.net\/?page_id=7384","og_locale":"es_ES","og_type":"article","og_title":"Sociedad Chilena de F\u00edsica - Feiasofi","og_description":"Sociedad Chilena de F\u00edsica Presidente: Leopoldo Alejandro Soto Norambuena Email: leopoldo dot soto at cchen dot cWeb:\u00a0Sociedad Chile de F\u00edsica Dr. Leopoldo Soto, Secretario General, Comisi\u00f3n Chilena de Energ\u00eda Nuclear.Dr. Rodrigo Aros, Tesorero, Universidad Andr\u00e9s Bello.Dr. Rafael Correa, Director, Universidad Tecnol\u00f3gica Metropolitana.Dr. Luis Roa, Director, Universidad de Concepci\u00f3n. El 9 de diciembre de 1965 apareci\u00f3 [&hellip;]","og_url":"https:\/\/feiasofi.net\/?page_id=7384","og_site_name":"Feiasofi","article_modified_time":"2025-11-26T16:15:07+00:00","og_image":[{"width":90,"height":60,"url":"https:\/\/feiasofi.net\/wp-content\/uploads\/2025\/04\/l_flag_chile.gif","type":"image\/gif"}],"twitter_card":"summary_large_image","twitter_misc":{"Tiempo de lectura":"1 minuto"},"schema":{"@context":"https:\/\/schema.org","@graph":[{"@type":"WebPage","@id":"https:\/\/feiasofi.net\/?page_id=7384","url":"https:\/\/feiasofi.net\/?page_id=7384","name":"Sociedad Chilena de F\u00edsica - Feiasofi","isPartOf":{"@id":"https:\/\/feiasofi.net\/#website"},"primaryImageOfPage":{"@id":"https:\/\/feiasofi.net\/?page_id=7384#primaryimage"},"image":{"@id":"https:\/\/feiasofi.net\/?page_id=7384#primaryimage"},"thumbnailUrl":"https:\/\/feiasofi.net\/wp-content\/uploads\/2025\/04\/l_flag_chile.gif","datePublished":"2025-04-21T15:28:21+00:00","dateModified":"2025-11-26T16:15:07+00:00","breadcrumb":{"@id":"https:\/\/feiasofi.net\/?page_id=7384#breadcrumb"},"inLanguage":"es","potentialAction":[{"@type":"ReadAction","target":["https:\/\/feiasofi.net\/?page_id=7384"]}]},{"@type":"ImageObject","inLanguage":"es","@id":"https:\/\/feiasofi.net\/?page_id=7384#primaryimage","url":"https:\/\/feiasofi.net\/wp-content\/uploads\/2025\/04\/l_flag_chile.gif","contentUrl":"https:\/\/feiasofi.net\/wp-content\/uploads\/2025\/04\/l_flag_chile.gif","width":90,"height":60},{"@type":"BreadcrumbList","@id":"https:\/\/feiasofi.net\/?page_id=7384#breadcrumb","itemListElement":[{"@type":"ListItem","position":1,"name":"Portada","item":"https:\/\/feiasofi.net\/"},{"@type":"ListItem","position":2,"name":"Sociedad Chilena de F\u00edsica"}]},{"@type":"WebSite","@id":"https:\/\/feiasofi.net\/#website","url":"https:\/\/feiasofi.net\/","name":"Feiasofi","description":"","potentialAction":[{"@type":"SearchAction","target":{"@type":"EntryPoint","urlTemplate":"https:\/\/feiasofi.net\/?s={search_term_string}"},"query-input":{"@type":"PropertyValueSpecification","valueRequired":true,"valueName":"search_term_string"}}],"inLanguage":"es"}]}},"_links":{"self":[{"href":"https:\/\/feiasofi.net\/index.php?rest_route=\/wp\/v2\/pages\/7384","targetHints":{"allow":["GET"]}}],"collection":[{"href":"https:\/\/feiasofi.net\/index.php?rest_route=\/wp\/v2\/pages"}],"about":[{"href":"https:\/\/feiasofi.net\/index.php?rest_route=\/wp\/v2\/types\/page"}],"author":[{"embeddable":true,"href":"https:\/\/feiasofi.net\/index.php?rest_route=\/wp\/v2\/users\/1"}],"replies":[{"embeddable":true,"href":"https:\/\/feiasofi.net\/index.php?rest_route=%2Fwp%2Fv2%2Fcomments&post=7384"}],"version-history":[{"count":13,"href":"https:\/\/feiasofi.net\/index.php?rest_route=\/wp\/v2\/pages\/7384\/revisions"}],"predecessor-version":[{"id":9093,"href":"https:\/\/feiasofi.net\/index.php?rest_route=\/wp\/v2\/pages\/7384\/revisions\/9093"}],"wp:attachment":[{"href":"https:\/\/feiasofi.net\/index.php?rest_route=%2Fwp%2Fv2%2Fmedia&parent=7384"}],"curies":[{"name":"wp","href":"https:\/\/api.w.org\/{rel}","templated":true}]}}