{"id":7407,"date":"2025-04-21T16:57:14","date_gmt":"2025-04-21T16:57:14","guid":{"rendered":"https:\/\/feiasofi.net\/?page_id=7407"},"modified":"2025-05-06T12:45:36","modified_gmt":"2025-05-06T12:45:36","slug":"divisiones","status":"publish","type":"page","link":"https:\/\/feiasofi.net\/?page_id=7407","title":{"rendered":"Divisiones"},"content":{"rendered":"\t\t<div data-elementor-type=\"wp-page\" data-elementor-id=\"7407\" class=\"elementor elementor-7407\">\n\t\t\t\t<div class=\"elementor-element elementor-element-fbd6579 e-flex e-con-boxed e-con e-parent\" data-id=\"fbd6579\" data-element_type=\"container\" data-e-type=\"container\">\n\t\t\t\t\t<div class=\"e-con-inner\">\n\t\t\t\t<div class=\"elementor-element elementor-element-8ee32d4 elementor-widget elementor-widget-heading\" data-id=\"8ee32d4\" data-element_type=\"widget\" data-e-type=\"widget\" data-widget_type=\"heading.default\">\n\t\t\t\t<div class=\"elementor-widget-container\">\n\t\t\t\t\t<h2 class=\"elementor-heading-title elementor-size-default\">Divisiones de la FEIASOFI<\/h2>\t\t\t\t<\/div>\n\t\t\t\t<\/div>\n\t\t\t\t\t<\/div>\n\t\t\t\t<\/div>\n\t\t<div class=\"elementor-element elementor-element-d24a654 e-flex e-con-boxed e-con e-parent\" data-id=\"d24a654\" data-element_type=\"container\" data-e-type=\"container\">\n\t\t\t\t\t<div class=\"e-con-inner\">\n\t\t\t\t<div class=\"elementor-element elementor-element-42a61e3 elementor-widget elementor-widget-text-editor\" data-id=\"42a61e3\" data-element_type=\"widget\" data-e-type=\"widget\" data-widget_type=\"text-editor.default\">\n\t\t\t\t<div class=\"elementor-widget-container\">\n\t\t\t\t\t\t\t\t\t<p>Informaci\u00f3n sobre las divisiones organizadas en el seno de la FEIASOFI sobre diferentes aspectos de la F\u00edsica<\/p><p>Selecciona una de las siguientes categor\u00edas para acceder al contenido, estructura y actividades de cada divisi\u00f3n.<\/p>\t\t\t\t\t\t\t\t<\/div>\n\t\t\t\t<\/div>\n\t\t\t\t\t<\/div>\n\t\t\t\t<\/div>\n\t\t<div class=\"elementor-element elementor-element-cdbfe8b e-flex e-con-boxed e-con e-parent\" data-id=\"cdbfe8b\" data-element_type=\"container\" data-e-type=\"container\">\n\t\t\t\t\t<div class=\"e-con-inner\">\n\t\t\t\t<div class=\"elementor-element elementor-element-427e219 elementor-widget__width-initial elementor-widget elementor-widget-text-editor\" data-id=\"427e219\" data-element_type=\"widget\" data-e-type=\"widget\" data-widget_type=\"text-editor.default\">\n\t\t\t\t<div class=\"elementor-widget-container\">\n\t\t\t\t\t\t\t\t\t<table width=\"781\"><tbody><tr><td><p style=\"text-align: center;\"><a href=\"https:\/\/feiasofi.net\/?page_id=7458\">Divisi\u00f3n de Educaci\u00f3n<\/a><\/p><\/td><\/tr><tr><td><p style=\"text-align: center;\"><a href=\"https:\/\/feiasofi.net\/?page_id=7514\">Divisi\u00f3n de F\u00edsica At\u00f3mica, Molecular y de Agregados<\/a><\/p><\/td><\/tr><tr><td><p style=\"text-align: center;\"><a href=\"https:\/\/feiasofi.net\/?page_id=7523\">Divisi\u00f3n de F\u00edsica de Materia Condensada<\/a><\/p><\/td><\/tr><tr><td><p style=\"text-align: center;\"><a href=\"https:\/\/feiasofi.net\/?page_id=7532\">Divisi\u00f3n de F\u00edsica No-lineal y Estad\u00edstica<\/a><\/p><\/td><\/tr><\/tbody><\/table>\t\t\t\t\t\t\t\t<\/div>\n\t\t\t\t<\/div>\n\t\t\t\t\t<\/div>\n\t\t\t\t<\/div>\n\t\t<div class=\"elementor-element elementor-element-213d40a e-flex e-con-boxed e-con e-parent\" data-id=\"213d40a\" data-element_type=\"container\" data-e-type=\"container\">\n\t\t\t\t\t<div class=\"e-con-inner\">\n\t\t\t\t<div class=\"elementor-element elementor-element-50ba484 elementor-widget elementor-widget-image\" data-id=\"50ba484\" data-element_type=\"widget\" data-e-type=\"widget\" data-widget_type=\"image.default\">\n\t\t\t\t<div class=\"elementor-widget-container\">\n\t\t\t\t\t\t\t\t\t\t\t\t\t\t\t<img fetchpriority=\"high\" decoding=\"async\" width=\"800\" height=\"400\" src=\"https:\/\/feiasofi.net\/wp-content\/uploads\/2025\/05\/space-7307385_1280.png\" class=\"attachment-large size-large wp-image-8174\" alt=\"\" \/>\t\t\t\t\t\t\t\t\t\t\t\t\t\t\t<\/div>\n\t\t\t\t<\/div>\n\t\t\t\t\t<\/div>\n\t\t\t\t<\/div>\n\t\t\t\t<\/div>\n\t\t","protected":false},"excerpt":{"rendered":"<p>Divisiones de la FEIASOFI Informaci\u00f3n sobre las divisiones organizadas en el seno de la FEIASOFI sobre diferentes aspectos de la F\u00edsica Selecciona una de las siguientes categor\u00edas para acceder al contenido, estructura y actividades de cada divisi\u00f3n. Divisi\u00f3n de Educaci\u00f3n Divisi\u00f3n de F\u00edsica At\u00f3mica, Molecular y de Agregados Divisi\u00f3n de F\u00edsica de Materia Condensada Divisi\u00f3n [&hellip;]<\/p>\n","protected":false},"author":1,"featured_media":0,"parent":0,"menu_order":0,"comment_status":"closed","ping_status":"closed","template":"elementor_header_footer","meta":{"footnotes":""},"class_list":["post-7407","page","type-page","status-publish","hentry"],"yoast_head":"<!-- This site is optimized with the Yoast SEO plugin v27.1.1 - https:\/\/yoast.com\/product\/yoast-seo-wordpress\/ -->\n<title>Divisiones - Feiasofi<\/title>\n<meta name=\"robots\" content=\"index, follow, max-snippet:-1, max-image-preview:large, max-video-preview:-1\" \/>\n<link rel=\"canonical\" href=\"https:\/\/feiasofi.net\/?page_id=7407\" \/>\n<meta property=\"og:locale\" content=\"es_ES\" \/>\n<meta property=\"og:type\" content=\"article\" \/>\n<meta property=\"og:title\" content=\"Divisiones - Feiasofi\" \/>\n<meta property=\"og:description\" content=\"Divisiones de la FEIASOFI Informaci\u00f3n sobre las divisiones organizadas en el seno de la FEIASOFI sobre diferentes aspectos de la F\u00edsica Selecciona una de las siguientes categor\u00edas para acceder al contenido, estructura y actividades de cada divisi\u00f3n. Divisi\u00f3n de Educaci\u00f3n Divisi\u00f3n de F\u00edsica At\u00f3mica, Molecular y de Agregados Divisi\u00f3n de F\u00edsica de Materia Condensada Divisi\u00f3n [&hellip;]\" \/>\n<meta property=\"og:url\" content=\"https:\/\/feiasofi.net\/?page_id=7407\" \/>\n<meta property=\"og:site_name\" content=\"Feiasofi\" \/>\n<meta property=\"article:modified_time\" content=\"2025-05-06T12:45:36+00:00\" \/>\n<meta property=\"og:image\" content=\"https:\/\/feiasofi.net\/wp-content\/uploads\/2025\/05\/space-7307385_1280.png\" \/>\n<meta name=\"twitter:card\" content=\"summary_large_image\" \/>\n<meta name=\"twitter:label1\" content=\"Tiempo de lectura\" \/>\n\t<meta name=\"twitter:data1\" content=\"1 minuto\" \/>\n<script type=\"application\/ld+json\" class=\"yoast-schema-graph\">{\"@context\":\"https:\/\/schema.org\",\"@graph\":[{\"@type\":\"WebPage\",\"@id\":\"https:\/\/feiasofi.net\/?page_id=7407\",\"url\":\"https:\/\/feiasofi.net\/?page_id=7407\",\"name\":\"Divisiones - Feiasofi\",\"isPartOf\":{\"@id\":\"https:\/\/feiasofi.net\/#website\"},\"primaryImageOfPage\":{\"@id\":\"https:\/\/feiasofi.net\/?page_id=7407#primaryimage\"},\"image\":{\"@id\":\"https:\/\/feiasofi.net\/?page_id=7407#primaryimage\"},\"thumbnailUrl\":\"https:\/\/feiasofi.net\/wp-content\/uploads\/2025\/05\/space-7307385_1280.png\",\"datePublished\":\"2025-04-21T16:57:14+00:00\",\"dateModified\":\"2025-05-06T12:45:36+00:00\",\"breadcrumb\":{\"@id\":\"https:\/\/feiasofi.net\/?page_id=7407#breadcrumb\"},\"inLanguage\":\"es\",\"potentialAction\":[{\"@type\":\"ReadAction\",\"target\":[\"https:\/\/feiasofi.net\/?page_id=7407\"]}]},{\"@type\":\"ImageObject\",\"inLanguage\":\"es\",\"@id\":\"https:\/\/feiasofi.net\/?page_id=7407#primaryimage\",\"url\":\"https:\/\/feiasofi.net\/wp-content\/uploads\/2025\/05\/space-7307385_1280.png\",\"contentUrl\":\"https:\/\/feiasofi.net\/wp-content\/uploads\/2025\/05\/space-7307385_1280.png\",\"width\":1280,\"height\":640},{\"@type\":\"BreadcrumbList\",\"@id\":\"https:\/\/feiasofi.net\/?page_id=7407#breadcrumb\",\"itemListElement\":[{\"@type\":\"ListItem\",\"position\":1,\"name\":\"Portada\",\"item\":\"https:\/\/feiasofi.net\/\"},{\"@type\":\"ListItem\",\"position\":2,\"name\":\"Divisiones\"}]},{\"@type\":\"WebSite\",\"@id\":\"https:\/\/feiasofi.net\/#website\",\"url\":\"https:\/\/feiasofi.net\/\",\"name\":\"Feiasofi\",\"description\":\"\",\"potentialAction\":[{\"@type\":\"SearchAction\",\"target\":{\"@type\":\"EntryPoint\",\"urlTemplate\":\"https:\/\/feiasofi.net\/?s={search_term_string}\"},\"query-input\":{\"@type\":\"PropertyValueSpecification\",\"valueRequired\":true,\"valueName\":\"search_term_string\"}}],\"inLanguage\":\"es\"}]}<\/script>\n<!-- \/ Yoast SEO plugin. -->","yoast_head_json":{"title":"Divisiones - Feiasofi","robots":{"index":"index","follow":"follow","max-snippet":"max-snippet:-1","max-image-preview":"max-image-preview:large","max-video-preview":"max-video-preview:-1"},"canonical":"https:\/\/feiasofi.net\/?page_id=7407","og_locale":"es_ES","og_type":"article","og_title":"Divisiones - Feiasofi","og_description":"Divisiones de la FEIASOFI Informaci\u00f3n sobre las divisiones organizadas en el seno de la FEIASOFI sobre diferentes aspectos de la F\u00edsica Selecciona una de las siguientes categor\u00edas para acceder al contenido, estructura y actividades de cada divisi\u00f3n. Divisi\u00f3n de Educaci\u00f3n Divisi\u00f3n de F\u00edsica At\u00f3mica, Molecular y de Agregados Divisi\u00f3n de F\u00edsica de Materia Condensada Divisi\u00f3n [&hellip;]","og_url":"https:\/\/feiasofi.net\/?page_id=7407","og_site_name":"Feiasofi","article_modified_time":"2025-05-06T12:45:36+00:00","og_image":[{"url":"https:\/\/feiasofi.net\/wp-content\/uploads\/2025\/05\/space-7307385_1280.png","type":"","width":"","height":""}],"twitter_card":"summary_large_image","twitter_misc":{"Tiempo de lectura":"1 minuto"},"schema":{"@context":"https:\/\/schema.org","@graph":[{"@type":"WebPage","@id":"https:\/\/feiasofi.net\/?page_id=7407","url":"https:\/\/feiasofi.net\/?page_id=7407","name":"Divisiones - Feiasofi","isPartOf":{"@id":"https:\/\/feiasofi.net\/#website"},"primaryImageOfPage":{"@id":"https:\/\/feiasofi.net\/?page_id=7407#primaryimage"},"image":{"@id":"https:\/\/feiasofi.net\/?page_id=7407#primaryimage"},"thumbnailUrl":"https:\/\/feiasofi.net\/wp-content\/uploads\/2025\/05\/space-7307385_1280.png","datePublished":"2025-04-21T16:57:14+00:00","dateModified":"2025-05-06T12:45:36+00:00","breadcrumb":{"@id":"https:\/\/feiasofi.net\/?page_id=7407#breadcrumb"},"inLanguage":"es","potentialAction":[{"@type":"ReadAction","target":["https:\/\/feiasofi.net\/?page_id=7407"]}]},{"@type":"ImageObject","inLanguage":"es","@id":"https:\/\/feiasofi.net\/?page_id=7407#primaryimage","url":"https:\/\/feiasofi.net\/wp-content\/uploads\/2025\/05\/space-7307385_1280.png","contentUrl":"https:\/\/feiasofi.net\/wp-content\/uploads\/2025\/05\/space-7307385_1280.png","width":1280,"height":640},{"@type":"BreadcrumbList","@id":"https:\/\/feiasofi.net\/?page_id=7407#breadcrumb","itemListElement":[{"@type":"ListItem","position":1,"name":"Portada","item":"https:\/\/feiasofi.net\/"},{"@type":"ListItem","position":2,"name":"Divisiones"}]},{"@type":"WebSite","@id":"https:\/\/feiasofi.net\/#website","url":"https:\/\/feiasofi.net\/","name":"Feiasofi","description":"","potentialAction":[{"@type":"SearchAction","target":{"@type":"EntryPoint","urlTemplate":"https:\/\/feiasofi.net\/?s={search_term_string}"},"query-input":{"@type":"PropertyValueSpecification","valueRequired":true,"valueName":"search_term_string"}}],"inLanguage":"es"}]}},"_links":{"self":[{"href":"https:\/\/feiasofi.net\/index.php?rest_route=\/wp\/v2\/pages\/7407","targetHints":{"allow":["GET"]}}],"collection":[{"href":"https:\/\/feiasofi.net\/index.php?rest_route=\/wp\/v2\/pages"}],"about":[{"href":"https:\/\/feiasofi.net\/index.php?rest_route=\/wp\/v2\/types\/page"}],"author":[{"embeddable":true,"href":"https:\/\/feiasofi.net\/index.php?rest_route=\/wp\/v2\/users\/1"}],"replies":[{"embeddable":true,"href":"https:\/\/feiasofi.net\/index.php?rest_route=%2Fwp%2Fv2%2Fcomments&post=7407"}],"version-history":[{"count":19,"href":"https:\/\/feiasofi.net\/index.php?rest_route=\/wp\/v2\/pages\/7407\/revisions"}],"predecessor-version":[{"id":8177,"href":"https:\/\/feiasofi.net\/index.php?rest_route=\/wp\/v2\/pages\/7407\/revisions\/8177"}],"wp:attachment":[{"href":"https:\/\/feiasofi.net\/index.php?rest_route=%2Fwp%2Fv2%2Fmedia&parent=7407"}],"curies":[{"name":"wp","href":"https:\/\/api.w.org\/{rel}","templated":true}]}}