{"id":7416,"date":"2025-04-21T17:21:48","date_gmt":"2025-04-21T17:21:48","guid":{"rendered":"https:\/\/feiasofi.net\/?page_id=7416"},"modified":"2025-05-28T07:04:17","modified_gmt":"2025-05-28T07:04:17","slug":"reuniones-y-actas","status":"publish","type":"page","link":"https:\/\/feiasofi.net\/?page_id=7416","title":{"rendered":"Reuniones y Actas"},"content":{"rendered":"\t\t<div data-elementor-type=\"wp-page\" data-elementor-id=\"7416\" class=\"elementor elementor-7416\">\n\t\t\t\t<div class=\"elementor-element elementor-element-434a65f e-flex e-con-boxed e-con e-parent\" data-id=\"434a65f\" data-element_type=\"container\" data-e-type=\"container\">\n\t\t\t\t\t<div class=\"e-con-inner\">\n\t\t\t\t<div class=\"elementor-element elementor-element-1372c8e elementor-widget elementor-widget-heading\" data-id=\"1372c8e\" data-element_type=\"widget\" data-e-type=\"widget\" data-widget_type=\"heading.default\">\n\t\t\t\t<div class=\"elementor-widget-container\">\n\t\t\t\t\t<h2 class=\"elementor-heading-title elementor-size-default\">Actas de reuniones<\/h2>\t\t\t\t<\/div>\n\t\t\t\t<\/div>\n\t\t\t\t\t<\/div>\n\t\t\t\t<\/div>\n\t\t<div class=\"elementor-element elementor-element-2fda74f e-flex e-con-boxed e-con e-parent\" data-id=\"2fda74f\" data-element_type=\"container\" data-e-type=\"container\">\n\t\t\t\t\t<div class=\"e-con-inner\">\n\t\t\t\t<div class=\"elementor-element elementor-element-cb0ff5e elementor-widget elementor-widget-text-editor\" data-id=\"cb0ff5e\" data-element_type=\"widget\" data-e-type=\"widget\" data-widget_type=\"text-editor.default\">\n\t\t\t\t<div class=\"elementor-widget-container\">\n\t\t\t\t\t\t\t\t\t<p>En este apartado podr\u00e1s encontrar todas las actas de las reuniones celebradas por la Federaci\u00f3n Iberoamericana de Sociedades de F\u00edsica en los distintos pa\u00edses que forman parte de ella.<\/p><p>Haz clic en el t\u00edtulo de las actas enunciadas abajo para acceder al contenido \u00edntegro de las mismas.<\/p>\t\t\t\t\t\t\t\t<\/div>\n\t\t\t\t<\/div>\n\t\t\t\t\t<\/div>\n\t\t\t\t<\/div>\n\t\t<div class=\"elementor-element elementor-element-8b0b300 e-flex e-con-boxed e-con e-parent\" data-id=\"8b0b300\" data-element_type=\"container\" data-e-type=\"container\">\n\t\t\t\t\t<div class=\"e-con-inner\">\n\t\t\t\t\t<\/div>\n\t\t\t\t<\/div>\n\t\t<div class=\"elementor-element elementor-element-2a7ee1c e-con-full e-flex e-con e-parent\" data-id=\"2a7ee1c\" data-element_type=\"container\" data-e-type=\"container\">\n\t\t\t\t<div class=\"elementor-element elementor-element-88698fc elementor-widget elementor-widget-text-editor\" data-id=\"88698fc\" data-element_type=\"widget\" data-e-type=\"widget\" data-widget_type=\"text-editor.default\">\n\t\t\t\t<div class=\"elementor-widget-container\">\n\t\t\t\t\t\t\t\t\t<table width=\"675\"><tbody><tr><td><p style=\"text-align: center;\"><a href=\"https:\/\/feiasofi.net\/?page_id=7574\">Acta de la X Asamblea General de la Federaci\u00f3n Iberoamericana de Sociedades de F\u00edsica FEIASOFI<\/a><\/p><\/td><\/tr><tr><td><p style=\"text-align: center;\"><a href=\"https:\/\/feiasofi.net\/?page_id=7583\">Acta de la IX Asamblea General de la Federaci\u00f3n Iberoamericana de Sociedades de F\u00edsica<\/a><\/p><\/td><\/tr><tr><td><p style=\"text-align: center;\"><a href=\"https:\/\/feiasofi.net\/?page_id=7592\">Acta de la IX Asamblea de FEIASOFI (2021)<\/a><\/p><\/td><\/tr><tr><td><p style=\"text-align: center;\"><a style=\"background-color: #ffffff; color: #210f04; border-bottom: 0.8px solid #210f04; outline: none;\" href=\"https:\/\/feiasofi.net\/?page_id=7619\">Acta de la VIII Asamblea de FEIASOFI (2019)<\/a><\/p><\/td><\/tr><tr><td><p style=\"text-align: center;\"><a style=\"background-color: #ffffff; color: #452103; border-bottom: 0.64px solid #210f04;\" href=\"https:\/\/feiasofi.net\/?page_id=7646\">Noticia publicada sobre la VIII Asamblea General FEIASOFI, Zaragoza (Espa\u00f1a) julio 2019<\/a><\/p><\/td><\/tr><tr><td><p style=\"text-align: center;\"><a style=\"background-color: #ffffff; color: #452103; border-bottom: 0.64px solid #210f04;\" href=\"https:\/\/feiasofi.net\/?page_id=7610\">Acta de la VII Asamblea de FEIASOFI (2018)<\/a><\/p><\/td><\/tr><tr><td><p style=\"text-align: center;\"><a style=\"background-color: #ffffff; color: #452103; border-bottom: 0.8px solid #210f04;\" href=\"https:\/\/feiasofi.net\/?page_id=7601\">Acta de la VI Asamblea de FEIASOFI (2015)<\/a><\/p><\/td><\/tr><tr><td><p style=\"text-align: center;\"><a style=\"background-color: #ffffff; color: #452103; border-bottom: 0.64px solid #210f04;\" href=\"https:\/\/feiasofi.net\/?page_id=7628\">Acta de las elecciones de FEIASOFI (2014)<\/a><\/p><\/td><\/tr><tr><td><p style=\"text-align: center;\"><a style=\"background-color: #ffffff; color: #452103; border-bottom: 0.64px solid #210f04;\" href=\"https:\/\/feiasofi.net\/?page_id=7637\">Acta de la V Asamblea FEIASOFI (2014)<\/a><\/p><\/td><\/tr><tr><td><p style=\"text-align: center;\"><a href=\"https:\/\/feiasofi.net\/?page_id=7657\">Anuncio de la V Asamblea General de la FEIASOFI y 3er Congreso Internacional de Metrolog\u00eda Mec\u00e1nica (2014)<\/a><\/p><\/td><\/tr><\/tbody><\/table>\t\t\t\t\t\t\t\t<\/div>\n\t\t\t\t<\/div>\n\t\t\t\t<\/div>\n\t\t<div class=\"elementor-element elementor-element-89716b0 e-flex e-con-boxed e-con e-parent\" data-id=\"89716b0\" data-element_type=\"container\" data-e-type=\"container\">\n\t\t\t\t\t<div class=\"e-con-inner\">\n\t\t\t\t\t<\/div>\n\t\t\t\t<\/div>\n\t\t\t\t<\/div>\n\t\t","protected":false},"excerpt":{"rendered":"<p>Actas de reuniones En este apartado podr\u00e1s encontrar todas las actas de las reuniones celebradas por la Federaci\u00f3n Iberoamericana de Sociedades de F\u00edsica en los distintos pa\u00edses que forman parte de ella. Haz clic en el t\u00edtulo de las actas enunciadas abajo para acceder al contenido \u00edntegro de las mismas. Acta de la X Asamblea [&hellip;]<\/p>\n","protected":false},"author":1,"featured_media":0,"parent":0,"menu_order":0,"comment_status":"closed","ping_status":"closed","template":"elementor_header_footer","meta":{"footnotes":""},"class_list":["post-7416","page","type-page","status-publish","hentry"],"yoast_head":"<!-- This site is optimized with the Yoast SEO plugin v27.1.1 - https:\/\/yoast.com\/product\/yoast-seo-wordpress\/ -->\n<title>Reuniones y Actas - Feiasofi<\/title>\n<meta name=\"robots\" content=\"index, follow, max-snippet:-1, max-image-preview:large, max-video-preview:-1\" \/>\n<link rel=\"canonical\" href=\"https:\/\/feiasofi.net\/?page_id=7416\" \/>\n<meta property=\"og:locale\" content=\"es_ES\" \/>\n<meta property=\"og:type\" content=\"article\" \/>\n<meta property=\"og:title\" content=\"Reuniones y Actas - Feiasofi\" \/>\n<meta property=\"og:description\" content=\"Actas de reuniones En este apartado podr\u00e1s encontrar todas las actas de las reuniones celebradas por la Federaci\u00f3n Iberoamericana de Sociedades de F\u00edsica en los distintos pa\u00edses que forman parte de ella. Haz clic en el t\u00edtulo de las actas enunciadas abajo para acceder al contenido \u00edntegro de las mismas. Acta de la X Asamblea [&hellip;]\" \/>\n<meta property=\"og:url\" content=\"https:\/\/feiasofi.net\/?page_id=7416\" \/>\n<meta property=\"og:site_name\" content=\"Feiasofi\" \/>\n<meta property=\"article:modified_time\" content=\"2025-05-28T07:04:17+00:00\" \/>\n<meta name=\"twitter:card\" content=\"summary_large_image\" \/>\n<meta name=\"twitter:label1\" content=\"Tiempo de lectura\" \/>\n\t<meta name=\"twitter:data1\" content=\"1 minuto\" \/>\n<script type=\"application\/ld+json\" class=\"yoast-schema-graph\">{\"@context\":\"https:\/\/schema.org\",\"@graph\":[{\"@type\":\"WebPage\",\"@id\":\"https:\/\/feiasofi.net\/?page_id=7416\",\"url\":\"https:\/\/feiasofi.net\/?page_id=7416\",\"name\":\"Reuniones y Actas - Feiasofi\",\"isPartOf\":{\"@id\":\"https:\/\/feiasofi.net\/#website\"},\"datePublished\":\"2025-04-21T17:21:48+00:00\",\"dateModified\":\"2025-05-28T07:04:17+00:00\",\"breadcrumb\":{\"@id\":\"https:\/\/feiasofi.net\/?page_id=7416#breadcrumb\"},\"inLanguage\":\"es\",\"potentialAction\":[{\"@type\":\"ReadAction\",\"target\":[\"https:\/\/feiasofi.net\/?page_id=7416\"]}]},{\"@type\":\"BreadcrumbList\",\"@id\":\"https:\/\/feiasofi.net\/?page_id=7416#breadcrumb\",\"itemListElement\":[{\"@type\":\"ListItem\",\"position\":1,\"name\":\"Portada\",\"item\":\"https:\/\/feiasofi.net\/\"},{\"@type\":\"ListItem\",\"position\":2,\"name\":\"Reuniones y Actas\"}]},{\"@type\":\"WebSite\",\"@id\":\"https:\/\/feiasofi.net\/#website\",\"url\":\"https:\/\/feiasofi.net\/\",\"name\":\"Feiasofi\",\"description\":\"\",\"potentialAction\":[{\"@type\":\"SearchAction\",\"target\":{\"@type\":\"EntryPoint\",\"urlTemplate\":\"https:\/\/feiasofi.net\/?s={search_term_string}\"},\"query-input\":{\"@type\":\"PropertyValueSpecification\",\"valueRequired\":true,\"valueName\":\"search_term_string\"}}],\"inLanguage\":\"es\"}]}<\/script>\n<!-- \/ Yoast SEO plugin. -->","yoast_head_json":{"title":"Reuniones y Actas - Feiasofi","robots":{"index":"index","follow":"follow","max-snippet":"max-snippet:-1","max-image-preview":"max-image-preview:large","max-video-preview":"max-video-preview:-1"},"canonical":"https:\/\/feiasofi.net\/?page_id=7416","og_locale":"es_ES","og_type":"article","og_title":"Reuniones y Actas - Feiasofi","og_description":"Actas de reuniones En este apartado podr\u00e1s encontrar todas las actas de las reuniones celebradas por la Federaci\u00f3n Iberoamericana de Sociedades de F\u00edsica en los distintos pa\u00edses que forman parte de ella. Haz clic en el t\u00edtulo de las actas enunciadas abajo para acceder al contenido \u00edntegro de las mismas. Acta de la X Asamblea [&hellip;]","og_url":"https:\/\/feiasofi.net\/?page_id=7416","og_site_name":"Feiasofi","article_modified_time":"2025-05-28T07:04:17+00:00","twitter_card":"summary_large_image","twitter_misc":{"Tiempo de lectura":"1 minuto"},"schema":{"@context":"https:\/\/schema.org","@graph":[{"@type":"WebPage","@id":"https:\/\/feiasofi.net\/?page_id=7416","url":"https:\/\/feiasofi.net\/?page_id=7416","name":"Reuniones y Actas - Feiasofi","isPartOf":{"@id":"https:\/\/feiasofi.net\/#website"},"datePublished":"2025-04-21T17:21:48+00:00","dateModified":"2025-05-28T07:04:17+00:00","breadcrumb":{"@id":"https:\/\/feiasofi.net\/?page_id=7416#breadcrumb"},"inLanguage":"es","potentialAction":[{"@type":"ReadAction","target":["https:\/\/feiasofi.net\/?page_id=7416"]}]},{"@type":"BreadcrumbList","@id":"https:\/\/feiasofi.net\/?page_id=7416#breadcrumb","itemListElement":[{"@type":"ListItem","position":1,"name":"Portada","item":"https:\/\/feiasofi.net\/"},{"@type":"ListItem","position":2,"name":"Reuniones y Actas"}]},{"@type":"WebSite","@id":"https:\/\/feiasofi.net\/#website","url":"https:\/\/feiasofi.net\/","name":"Feiasofi","description":"","potentialAction":[{"@type":"SearchAction","target":{"@type":"EntryPoint","urlTemplate":"https:\/\/feiasofi.net\/?s={search_term_string}"},"query-input":{"@type":"PropertyValueSpecification","valueRequired":true,"valueName":"search_term_string"}}],"inLanguage":"es"}]}},"_links":{"self":[{"href":"https:\/\/feiasofi.net\/index.php?rest_route=\/wp\/v2\/pages\/7416","targetHints":{"allow":["GET"]}}],"collection":[{"href":"https:\/\/feiasofi.net\/index.php?rest_route=\/wp\/v2\/pages"}],"about":[{"href":"https:\/\/feiasofi.net\/index.php?rest_route=\/wp\/v2\/types\/page"}],"author":[{"embeddable":true,"href":"https:\/\/feiasofi.net\/index.php?rest_route=\/wp\/v2\/users\/1"}],"replies":[{"embeddable":true,"href":"https:\/\/feiasofi.net\/index.php?rest_route=%2Fwp%2Fv2%2Fcomments&post=7416"}],"version-history":[{"count":22,"href":"https:\/\/feiasofi.net\/index.php?rest_route=\/wp\/v2\/pages\/7416\/revisions"}],"predecessor-version":[{"id":8927,"href":"https:\/\/feiasofi.net\/index.php?rest_route=\/wp\/v2\/pages\/7416\/revisions\/8927"}],"wp:attachment":[{"href":"https:\/\/feiasofi.net\/index.php?rest_route=%2Fwp%2Fv2%2Fmedia&parent=7416"}],"curies":[{"name":"wp","href":"https:\/\/api.w.org\/{rel}","templated":true}]}}