{"id":7425,"date":"2025-04-21T17:25:49","date_gmt":"2025-04-21T17:25:49","guid":{"rendered":"https:\/\/feiasofi.net\/?page_id=7425"},"modified":"2025-05-06T12:48:35","modified_gmt":"2025-05-06T12:48:35","slug":"publicaciones","status":"publish","type":"page","link":"https:\/\/feiasofi.net\/?page_id=7425","title":{"rendered":"Publicaciones"},"content":{"rendered":"\t\t<div data-elementor-type=\"wp-page\" data-elementor-id=\"7425\" class=\"elementor elementor-7425\">\n\t\t\t\t<div class=\"elementor-element elementor-element-ccb3003 e-flex e-con-boxed e-con e-parent\" data-id=\"ccb3003\" data-element_type=\"container\" data-e-type=\"container\">\n\t\t\t\t\t<div class=\"e-con-inner\">\n\t\t\t\t<div class=\"elementor-element elementor-element-426cb79 elementor-widget elementor-widget-heading\" data-id=\"426cb79\" data-element_type=\"widget\" data-e-type=\"widget\" data-widget_type=\"heading.default\">\n\t\t\t\t<div class=\"elementor-widget-container\">\n\t\t\t\t\t<h2 class=\"elementor-heading-title elementor-size-default\">Publicaciones<\/h2>\t\t\t\t<\/div>\n\t\t\t\t<\/div>\n\t\t\t\t\t<\/div>\n\t\t\t\t<\/div>\n\t\t<div class=\"elementor-element elementor-element-05415f1 e-flex e-con-boxed e-con e-parent\" data-id=\"05415f1\" data-element_type=\"container\" data-e-type=\"container\">\n\t\t\t\t\t<div class=\"e-con-inner\">\n\t\t\t\t<div class=\"elementor-element elementor-element-c37b0f0 elementor-widget elementor-widget-text-editor\" data-id=\"c37b0f0\" data-element_type=\"widget\" data-e-type=\"widget\" data-widget_type=\"text-editor.default\">\n\t\t\t\t<div class=\"elementor-widget-container\">\n\t\t\t\t\t\t\t\t\t<p>\u00cdndices y contenidos en formato PDF de los n\u00fameros publicados de la Revista de la Uni\u00f3n Iberoamericana de F\u00edsica desde el a\u00f1o 2005 hasta la fecha.<\/p>\t\t\t\t\t\t\t\t<\/div>\n\t\t\t\t<\/div>\n\t\t\t\t\t<\/div>\n\t\t\t\t<\/div>\n\t\t<div class=\"elementor-element elementor-element-a0f3d77 e-flex e-con-boxed e-con e-parent\" data-id=\"a0f3d77\" data-element_type=\"container\" data-e-type=\"container\">\n\t\t\t\t\t<div class=\"e-con-inner\">\n\t\t<div class=\"elementor-element elementor-element-4709f3f e-con-full e-flex e-con e-child\" data-id=\"4709f3f\" data-element_type=\"container\" data-e-type=\"container\">\n\t\t\t\t<div class=\"elementor-element elementor-element-0a041fa elementor-widget elementor-widget-image\" data-id=\"0a041fa\" data-element_type=\"widget\" data-e-type=\"widget\" data-widget_type=\"image.default\">\n\t\t\t\t<div class=\"elementor-widget-container\">\n\t\t\t\t\t\t\t\t\t\t\t\t\t\t\t<img fetchpriority=\"high\" decoding=\"async\" width=\"512\" height=\"1024\" src=\"https:\/\/feiasofi.net\/wp-content\/uploads\/2025\/05\/temperature-305750_1280.png\" class=\"attachment-large size-large wp-image-8183\" alt=\"\" \/>\t\t\t\t\t\t\t\t\t\t\t\t\t\t\t<\/div>\n\t\t\t\t<\/div>\n\t\t\t\t<\/div>\n\t\t<div class=\"elementor-element elementor-element-4b147d5 e-con-full e-flex e-con e-child\" data-id=\"4b147d5\" data-element_type=\"container\" data-e-type=\"container\">\n\t\t\t\t<div class=\"elementor-element elementor-element-06aa4a4 elementor-widget elementor-widget-text-editor\" data-id=\"06aa4a4\" data-element_type=\"widget\" data-e-type=\"widget\" data-widget_type=\"text-editor.default\">\n\t\t\t\t<div class=\"elementor-widget-container\">\n\t\t\t\t\t\t\t\t\t<table width=\"781\"><tbody><tr><td><p style=\"text-align: center;\"><a href=\"https:\/\/feiasofi.net\/?page_id=7673\">En las Fronteras de la Materia Condensada VII \u2013 FCM2024<\/a><\/p><\/td><\/tr><tr><td><p style=\"text-align: center;\"><a href=\"https:\/\/feiasofi.net\/?page_id=7698\">Revista de la UISF. N\u00famero 6\/1 Septiembre 2010<\/a><\/p><\/td><\/tr><tr><td><p style=\"text-align: center;\"><a href=\"https:\/\/feiasofi.net\/?page_id=7713\">Revista de la UISF. N\u00famero 5\/1 Mayo 2009<\/a><\/p><\/td><\/tr><tr><td><p style=\"text-align: center;\"><a href=\"https:\/\/feiasofi.net\/?page_id=7766\">Revista de la UISF. N\u00famero 4\/1 Julio 2008<\/a><\/p><\/td><\/tr><tr><td><p style=\"text-align: center;\"><a href=\"https:\/\/feiasofi.net\/?page_id=7776\">Libro de Res\u00famenes de la 92\u00aa Reuni\u00f3n de la Asociaci\u00f3n de F\u00edsica Argentina<\/a><\/p><\/td><\/tr><tr><td><p style=\"text-align: center;\"><a href=\"https:\/\/feiasofi.net\/?page_id=7801\">Revista de la UISF. N\u00famero 3\/1 Julio 2007<\/a><\/p><\/td><\/tr><tr><td><p style=\"text-align: center;\"><a href=\"https:\/\/feiasofi.net\/?page_id=7832\">Revista de la UISF. N\u00famero 2\/1 Noviembre 2006<\/a><\/p><\/td><\/tr><tr><td><p style=\"text-align: center;\"><a href=\"https:\/\/feiasofi.net\/?page_id=7868\">Revista de la UISF. N\u00famero 1\/1 Enero 2005<\/a><\/p><\/td><\/tr><\/tbody><\/table>\t\t\t\t\t\t\t\t<\/div>\n\t\t\t\t<\/div>\n\t\t\t\t<\/div>\n\t\t<div class=\"elementor-element elementor-element-682e5cc e-con-full e-flex e-con e-child\" data-id=\"682e5cc\" data-element_type=\"container\" data-e-type=\"container\">\n\t\t\t\t<div class=\"elementor-element elementor-element-ec78904 elementor-widget elementor-widget-image\" data-id=\"ec78904\" data-element_type=\"widget\" data-e-type=\"widget\" data-widget_type=\"image.default\">\n\t\t\t\t<div class=\"elementor-widget-container\">\n\t\t\t\t\t\t\t\t\t\t\t\t\t\t\t<img decoding=\"async\" width=\"674\" height=\"1024\" src=\"https:\/\/feiasofi.net\/wp-content\/uploads\/2025\/05\/anemometer-2027023_1280.png\" class=\"attachment-large size-large wp-image-8182\" alt=\"\" \/>\t\t\t\t\t\t\t\t\t\t\t\t\t\t\t<\/div>\n\t\t\t\t<\/div>\n\t\t\t\t<\/div>\n\t\t\t\t\t<\/div>\n\t\t\t\t<\/div>\n\t\t<div class=\"elementor-element elementor-element-edd3f32 e-con-full e-flex e-con e-parent\" data-id=\"edd3f32\" data-element_type=\"container\" data-e-type=\"container\">\n\t\t\t\t<\/div>\n\t\t<div class=\"elementor-element elementor-element-0246401 e-flex e-con-boxed e-con e-parent\" data-id=\"0246401\" data-element_type=\"container\" data-e-type=\"container\">\n\t\t\t\t\t<div class=\"e-con-inner\">\n\t\t\t\t\t<\/div>\n\t\t\t\t<\/div>\n\t\t\t\t<\/div>\n\t\t","protected":false},"excerpt":{"rendered":"<p>Publicaciones \u00cdndices y contenidos en formato PDF de los n\u00fameros publicados de la Revista de la Uni\u00f3n Iberoamericana de F\u00edsica desde el a\u00f1o 2005 hasta la fecha. En las Fronteras de la Materia Condensada VII \u2013 FCM2024 Revista de la UISF. N\u00famero 6\/1 Septiembre 2010 Revista de la UISF. N\u00famero 5\/1 Mayo 2009 Revista de [&hellip;]<\/p>\n","protected":false},"author":1,"featured_media":0,"parent":0,"menu_order":0,"comment_status":"closed","ping_status":"closed","template":"elementor_header_footer","meta":{"footnotes":""},"class_list":["post-7425","page","type-page","status-publish","hentry"],"yoast_head":"<!-- This site is optimized with the Yoast SEO plugin v27.1.1 - https:\/\/yoast.com\/product\/yoast-seo-wordpress\/ -->\n<title>Publicaciones - Feiasofi<\/title>\n<meta name=\"robots\" content=\"index, follow, max-snippet:-1, max-image-preview:large, max-video-preview:-1\" \/>\n<link rel=\"canonical\" href=\"https:\/\/feiasofi.net\/?page_id=7425\" \/>\n<meta property=\"og:locale\" content=\"es_ES\" \/>\n<meta property=\"og:type\" content=\"article\" \/>\n<meta property=\"og:title\" content=\"Publicaciones - Feiasofi\" \/>\n<meta property=\"og:description\" content=\"Publicaciones \u00cdndices y contenidos en formato PDF de los n\u00fameros publicados de la Revista de la Uni\u00f3n Iberoamericana de F\u00edsica desde el a\u00f1o 2005 hasta la fecha. En las Fronteras de la Materia Condensada VII \u2013 FCM2024 Revista de la UISF. N\u00famero 6\/1 Septiembre 2010 Revista de la UISF. N\u00famero 5\/1 Mayo 2009 Revista de [&hellip;]\" \/>\n<meta property=\"og:url\" content=\"https:\/\/feiasofi.net\/?page_id=7425\" \/>\n<meta property=\"og:site_name\" content=\"Feiasofi\" \/>\n<meta property=\"article:modified_time\" content=\"2025-05-06T12:48:35+00:00\" \/>\n<meta property=\"og:image\" content=\"https:\/\/feiasofi.net\/wp-content\/uploads\/2025\/05\/temperature-305750_1280.png\" \/>\n<meta name=\"twitter:card\" content=\"summary_large_image\" \/>\n<meta name=\"twitter:label1\" content=\"Tiempo de lectura\" \/>\n\t<meta name=\"twitter:data1\" content=\"1 minuto\" \/>\n<script type=\"application\/ld+json\" class=\"yoast-schema-graph\">{\"@context\":\"https:\/\/schema.org\",\"@graph\":[{\"@type\":\"WebPage\",\"@id\":\"https:\/\/feiasofi.net\/?page_id=7425\",\"url\":\"https:\/\/feiasofi.net\/?page_id=7425\",\"name\":\"Publicaciones - Feiasofi\",\"isPartOf\":{\"@id\":\"https:\/\/feiasofi.net\/#website\"},\"primaryImageOfPage\":{\"@id\":\"https:\/\/feiasofi.net\/?page_id=7425#primaryimage\"},\"image\":{\"@id\":\"https:\/\/feiasofi.net\/?page_id=7425#primaryimage\"},\"thumbnailUrl\":\"https:\/\/feiasofi.net\/wp-content\/uploads\/2025\/05\/temperature-305750_1280.png\",\"datePublished\":\"2025-04-21T17:25:49+00:00\",\"dateModified\":\"2025-05-06T12:48:35+00:00\",\"breadcrumb\":{\"@id\":\"https:\/\/feiasofi.net\/?page_id=7425#breadcrumb\"},\"inLanguage\":\"es\",\"potentialAction\":[{\"@type\":\"ReadAction\",\"target\":[\"https:\/\/feiasofi.net\/?page_id=7425\"]}]},{\"@type\":\"ImageObject\",\"inLanguage\":\"es\",\"@id\":\"https:\/\/feiasofi.net\/?page_id=7425#primaryimage\",\"url\":\"https:\/\/feiasofi.net\/wp-content\/uploads\/2025\/05\/temperature-305750_1280.png\",\"contentUrl\":\"https:\/\/feiasofi.net\/wp-content\/uploads\/2025\/05\/temperature-305750_1280.png\",\"width\":640,\"height\":1280},{\"@type\":\"BreadcrumbList\",\"@id\":\"https:\/\/feiasofi.net\/?page_id=7425#breadcrumb\",\"itemListElement\":[{\"@type\":\"ListItem\",\"position\":1,\"name\":\"Portada\",\"item\":\"https:\/\/feiasofi.net\/\"},{\"@type\":\"ListItem\",\"position\":2,\"name\":\"Publicaciones\"}]},{\"@type\":\"WebSite\",\"@id\":\"https:\/\/feiasofi.net\/#website\",\"url\":\"https:\/\/feiasofi.net\/\",\"name\":\"Feiasofi\",\"description\":\"\",\"potentialAction\":[{\"@type\":\"SearchAction\",\"target\":{\"@type\":\"EntryPoint\",\"urlTemplate\":\"https:\/\/feiasofi.net\/?s={search_term_string}\"},\"query-input\":{\"@type\":\"PropertyValueSpecification\",\"valueRequired\":true,\"valueName\":\"search_term_string\"}}],\"inLanguage\":\"es\"}]}<\/script>\n<!-- \/ Yoast SEO plugin. -->","yoast_head_json":{"title":"Publicaciones - Feiasofi","robots":{"index":"index","follow":"follow","max-snippet":"max-snippet:-1","max-image-preview":"max-image-preview:large","max-video-preview":"max-video-preview:-1"},"canonical":"https:\/\/feiasofi.net\/?page_id=7425","og_locale":"es_ES","og_type":"article","og_title":"Publicaciones - Feiasofi","og_description":"Publicaciones \u00cdndices y contenidos en formato PDF de los n\u00fameros publicados de la Revista de la Uni\u00f3n Iberoamericana de F\u00edsica desde el a\u00f1o 2005 hasta la fecha. En las Fronteras de la Materia Condensada VII \u2013 FCM2024 Revista de la UISF. N\u00famero 6\/1 Septiembre 2010 Revista de la UISF. N\u00famero 5\/1 Mayo 2009 Revista de [&hellip;]","og_url":"https:\/\/feiasofi.net\/?page_id=7425","og_site_name":"Feiasofi","article_modified_time":"2025-05-06T12:48:35+00:00","og_image":[{"url":"https:\/\/feiasofi.net\/wp-content\/uploads\/2025\/05\/temperature-305750_1280.png","type":"","width":"","height":""}],"twitter_card":"summary_large_image","twitter_misc":{"Tiempo de lectura":"1 minuto"},"schema":{"@context":"https:\/\/schema.org","@graph":[{"@type":"WebPage","@id":"https:\/\/feiasofi.net\/?page_id=7425","url":"https:\/\/feiasofi.net\/?page_id=7425","name":"Publicaciones - Feiasofi","isPartOf":{"@id":"https:\/\/feiasofi.net\/#website"},"primaryImageOfPage":{"@id":"https:\/\/feiasofi.net\/?page_id=7425#primaryimage"},"image":{"@id":"https:\/\/feiasofi.net\/?page_id=7425#primaryimage"},"thumbnailUrl":"https:\/\/feiasofi.net\/wp-content\/uploads\/2025\/05\/temperature-305750_1280.png","datePublished":"2025-04-21T17:25:49+00:00","dateModified":"2025-05-06T12:48:35+00:00","breadcrumb":{"@id":"https:\/\/feiasofi.net\/?page_id=7425#breadcrumb"},"inLanguage":"es","potentialAction":[{"@type":"ReadAction","target":["https:\/\/feiasofi.net\/?page_id=7425"]}]},{"@type":"ImageObject","inLanguage":"es","@id":"https:\/\/feiasofi.net\/?page_id=7425#primaryimage","url":"https:\/\/feiasofi.net\/wp-content\/uploads\/2025\/05\/temperature-305750_1280.png","contentUrl":"https:\/\/feiasofi.net\/wp-content\/uploads\/2025\/05\/temperature-305750_1280.png","width":640,"height":1280},{"@type":"BreadcrumbList","@id":"https:\/\/feiasofi.net\/?page_id=7425#breadcrumb","itemListElement":[{"@type":"ListItem","position":1,"name":"Portada","item":"https:\/\/feiasofi.net\/"},{"@type":"ListItem","position":2,"name":"Publicaciones"}]},{"@type":"WebSite","@id":"https:\/\/feiasofi.net\/#website","url":"https:\/\/feiasofi.net\/","name":"Feiasofi","description":"","potentialAction":[{"@type":"SearchAction","target":{"@type":"EntryPoint","urlTemplate":"https:\/\/feiasofi.net\/?s={search_term_string}"},"query-input":{"@type":"PropertyValueSpecification","valueRequired":true,"valueName":"search_term_string"}}],"inLanguage":"es"}]}},"_links":{"self":[{"href":"https:\/\/feiasofi.net\/index.php?rest_route=\/wp\/v2\/pages\/7425","targetHints":{"allow":["GET"]}}],"collection":[{"href":"https:\/\/feiasofi.net\/index.php?rest_route=\/wp\/v2\/pages"}],"about":[{"href":"https:\/\/feiasofi.net\/index.php?rest_route=\/wp\/v2\/types\/page"}],"author":[{"embeddable":true,"href":"https:\/\/feiasofi.net\/index.php?rest_route=\/wp\/v2\/users\/1"}],"replies":[{"embeddable":true,"href":"https:\/\/feiasofi.net\/index.php?rest_route=%2Fwp%2Fv2%2Fcomments&post=7425"}],"version-history":[{"count":37,"href":"https:\/\/feiasofi.net\/index.php?rest_route=\/wp\/v2\/pages\/7425\/revisions"}],"predecessor-version":[{"id":8186,"href":"https:\/\/feiasofi.net\/index.php?rest_route=\/wp\/v2\/pages\/7425\/revisions\/8186"}],"wp:attachment":[{"href":"https:\/\/feiasofi.net\/index.php?rest_route=%2Fwp%2Fv2%2Fmedia&parent=7425"}],"curies":[{"name":"wp","href":"https:\/\/api.w.org\/{rel}","templated":true}]}}