{"id":7434,"date":"2025-04-21T17:31:17","date_gmt":"2025-04-21T17:31:17","guid":{"rendered":"https:\/\/feiasofi.net\/?page_id=7434"},"modified":"2025-04-25T10:50:04","modified_gmt":"2025-04-25T10:50:04","slug":"empleo-y-becas-de-formacion","status":"publish","type":"page","link":"https:\/\/feiasofi.net\/?page_id=7434","title":{"rendered":"Empleo y Becas de Formaci\u00f3n"},"content":{"rendered":"\t\t<div data-elementor-type=\"wp-page\" data-elementor-id=\"7434\" class=\"elementor elementor-7434\">\n\t\t\t\t<div class=\"elementor-element elementor-element-0bfe6a5 e-flex e-con-boxed e-con e-parent\" data-id=\"0bfe6a5\" data-element_type=\"container\" data-e-type=\"container\">\n\t\t\t\t\t<div class=\"e-con-inner\">\n\t\t\t\t<div class=\"elementor-element elementor-element-f44bcbe elementor-widget elementor-widget-heading\" data-id=\"f44bcbe\" data-element_type=\"widget\" data-e-type=\"widget\" data-widget_type=\"heading.default\">\n\t\t\t\t<div class=\"elementor-widget-container\">\n\t\t\t\t\t<h2 class=\"elementor-heading-title elementor-size-default\">Ofertas de Empleo y Becas de Formaci\u00f3n<\/h2>\t\t\t\t<\/div>\n\t\t\t\t<\/div>\n\t\t\t\t\t<\/div>\n\t\t\t\t<\/div>\n\t\t<div class=\"elementor-element elementor-element-f783341 e-flex e-con-boxed e-con e-parent\" data-id=\"f783341\" data-element_type=\"container\" data-e-type=\"container\">\n\t\t\t\t\t<div class=\"e-con-inner\">\n\t\t\t\t<div class=\"elementor-element elementor-element-16eccc2 elementor-widget elementor-widget-text-editor\" data-id=\"16eccc2\" data-element_type=\"widget\" data-e-type=\"widget\" data-widget_type=\"text-editor.default\">\n\t\t\t\t<div class=\"elementor-widget-container\">\n\t\t\t\t\t\t\t\t\t<p>A continuaci\u00f3n puedes acceder a las convocatorias de Becas de formaci\u00f3n y empleo m\u00e1s recientes.<\/p>\t\t\t\t\t\t\t\t<\/div>\n\t\t\t\t<\/div>\n\t\t\t\t\t<\/div>\n\t\t\t\t<\/div>\n\t\t<div class=\"elementor-element elementor-element-af0279b e-flex e-con-boxed e-con e-parent\" data-id=\"af0279b\" data-element_type=\"container\" data-e-type=\"container\">\n\t\t\t\t\t<div class=\"e-con-inner\">\n\t\t\t\t<div class=\"elementor-element elementor-element-1986ee9 elementor-widget elementor-widget-text-editor\" data-id=\"1986ee9\" data-element_type=\"widget\" data-e-type=\"widget\" data-widget_type=\"text-editor.default\">\n\t\t\t\t<div class=\"elementor-widget-container\">\n\t\t\t\t\t\t\t\t\t<p>Actualmente no hay ofertas de empleo ni becas disponibles.<\/p>\t\t\t\t\t\t\t\t<\/div>\n\t\t\t\t<\/div>\n\t\t\t\t\t<\/div>\n\t\t\t\t<\/div>\n\t\t\t\t<\/div>\n\t\t","protected":false},"excerpt":{"rendered":"<p>Ofertas de Empleo y Becas de Formaci\u00f3n A continuaci\u00f3n puedes acceder a las convocatorias de Becas de formaci\u00f3n y empleo m\u00e1s recientes. Actualmente no hay ofertas de empleo ni becas disponibles.<\/p>\n","protected":false},"author":1,"featured_media":0,"parent":0,"menu_order":0,"comment_status":"closed","ping_status":"closed","template":"elementor_header_footer","meta":{"footnotes":""},"class_list":["post-7434","page","type-page","status-publish","hentry"],"yoast_head":"<!-- This site is optimized with the Yoast SEO plugin v27.1.1 - https:\/\/yoast.com\/product\/yoast-seo-wordpress\/ -->\n<title>Empleo y Becas de Formaci\u00f3n - Feiasofi<\/title>\n<meta name=\"robots\" content=\"index, follow, max-snippet:-1, max-image-preview:large, max-video-preview:-1\" \/>\n<link rel=\"canonical\" href=\"https:\/\/feiasofi.net\/?page_id=7434\" \/>\n<meta property=\"og:locale\" content=\"es_ES\" \/>\n<meta property=\"og:type\" content=\"article\" \/>\n<meta property=\"og:title\" content=\"Empleo y Becas de Formaci\u00f3n - Feiasofi\" \/>\n<meta property=\"og:description\" content=\"Ofertas de Empleo y Becas de Formaci\u00f3n A continuaci\u00f3n puedes acceder a las convocatorias de Becas de formaci\u00f3n y empleo m\u00e1s recientes. Actualmente no hay ofertas de empleo ni becas disponibles.\" \/>\n<meta property=\"og:url\" content=\"https:\/\/feiasofi.net\/?page_id=7434\" \/>\n<meta property=\"og:site_name\" content=\"Feiasofi\" \/>\n<meta property=\"article:modified_time\" content=\"2025-04-25T10:50:04+00:00\" \/>\n<meta name=\"twitter:card\" content=\"summary_large_image\" \/>\n<meta name=\"twitter:label1\" content=\"Tiempo de lectura\" \/>\n\t<meta name=\"twitter:data1\" content=\"1 minuto\" \/>\n<script type=\"application\/ld+json\" class=\"yoast-schema-graph\">{\"@context\":\"https:\/\/schema.org\",\"@graph\":[{\"@type\":\"WebPage\",\"@id\":\"https:\/\/feiasofi.net\/?page_id=7434\",\"url\":\"https:\/\/feiasofi.net\/?page_id=7434\",\"name\":\"Empleo y Becas de Formaci\u00f3n - Feiasofi\",\"isPartOf\":{\"@id\":\"https:\/\/feiasofi.net\/#website\"},\"datePublished\":\"2025-04-21T17:31:17+00:00\",\"dateModified\":\"2025-04-25T10:50:04+00:00\",\"breadcrumb\":{\"@id\":\"https:\/\/feiasofi.net\/?page_id=7434#breadcrumb\"},\"inLanguage\":\"es\",\"potentialAction\":[{\"@type\":\"ReadAction\",\"target\":[\"https:\/\/feiasofi.net\/?page_id=7434\"]}]},{\"@type\":\"BreadcrumbList\",\"@id\":\"https:\/\/feiasofi.net\/?page_id=7434#breadcrumb\",\"itemListElement\":[{\"@type\":\"ListItem\",\"position\":1,\"name\":\"Portada\",\"item\":\"https:\/\/feiasofi.net\/\"},{\"@type\":\"ListItem\",\"position\":2,\"name\":\"Empleo y Becas de Formaci\u00f3n\"}]},{\"@type\":\"WebSite\",\"@id\":\"https:\/\/feiasofi.net\/#website\",\"url\":\"https:\/\/feiasofi.net\/\",\"name\":\"Feiasofi\",\"description\":\"\",\"potentialAction\":[{\"@type\":\"SearchAction\",\"target\":{\"@type\":\"EntryPoint\",\"urlTemplate\":\"https:\/\/feiasofi.net\/?s={search_term_string}\"},\"query-input\":{\"@type\":\"PropertyValueSpecification\",\"valueRequired\":true,\"valueName\":\"search_term_string\"}}],\"inLanguage\":\"es\"}]}<\/script>\n<!-- \/ Yoast SEO plugin. -->","yoast_head_json":{"title":"Empleo y Becas de Formaci\u00f3n - Feiasofi","robots":{"index":"index","follow":"follow","max-snippet":"max-snippet:-1","max-image-preview":"max-image-preview:large","max-video-preview":"max-video-preview:-1"},"canonical":"https:\/\/feiasofi.net\/?page_id=7434","og_locale":"es_ES","og_type":"article","og_title":"Empleo y Becas de Formaci\u00f3n - Feiasofi","og_description":"Ofertas de Empleo y Becas de Formaci\u00f3n A continuaci\u00f3n puedes acceder a las convocatorias de Becas de formaci\u00f3n y empleo m\u00e1s recientes. Actualmente no hay ofertas de empleo ni becas disponibles.","og_url":"https:\/\/feiasofi.net\/?page_id=7434","og_site_name":"Feiasofi","article_modified_time":"2025-04-25T10:50:04+00:00","twitter_card":"summary_large_image","twitter_misc":{"Tiempo de lectura":"1 minuto"},"schema":{"@context":"https:\/\/schema.org","@graph":[{"@type":"WebPage","@id":"https:\/\/feiasofi.net\/?page_id=7434","url":"https:\/\/feiasofi.net\/?page_id=7434","name":"Empleo y Becas de Formaci\u00f3n - Feiasofi","isPartOf":{"@id":"https:\/\/feiasofi.net\/#website"},"datePublished":"2025-04-21T17:31:17+00:00","dateModified":"2025-04-25T10:50:04+00:00","breadcrumb":{"@id":"https:\/\/feiasofi.net\/?page_id=7434#breadcrumb"},"inLanguage":"es","potentialAction":[{"@type":"ReadAction","target":["https:\/\/feiasofi.net\/?page_id=7434"]}]},{"@type":"BreadcrumbList","@id":"https:\/\/feiasofi.net\/?page_id=7434#breadcrumb","itemListElement":[{"@type":"ListItem","position":1,"name":"Portada","item":"https:\/\/feiasofi.net\/"},{"@type":"ListItem","position":2,"name":"Empleo y Becas de Formaci\u00f3n"}]},{"@type":"WebSite","@id":"https:\/\/feiasofi.net\/#website","url":"https:\/\/feiasofi.net\/","name":"Feiasofi","description":"","potentialAction":[{"@type":"SearchAction","target":{"@type":"EntryPoint","urlTemplate":"https:\/\/feiasofi.net\/?s={search_term_string}"},"query-input":{"@type":"PropertyValueSpecification","valueRequired":true,"valueName":"search_term_string"}}],"inLanguage":"es"}]}},"_links":{"self":[{"href":"https:\/\/feiasofi.net\/index.php?rest_route=\/wp\/v2\/pages\/7434","targetHints":{"allow":["GET"]}}],"collection":[{"href":"https:\/\/feiasofi.net\/index.php?rest_route=\/wp\/v2\/pages"}],"about":[{"href":"https:\/\/feiasofi.net\/index.php?rest_route=\/wp\/v2\/types\/page"}],"author":[{"embeddable":true,"href":"https:\/\/feiasofi.net\/index.php?rest_route=\/wp\/v2\/users\/1"}],"replies":[{"embeddable":true,"href":"https:\/\/feiasofi.net\/index.php?rest_route=%2Fwp%2Fv2%2Fcomments&post=7434"}],"version-history":[{"count":13,"href":"https:\/\/feiasofi.net\/index.php?rest_route=\/wp\/v2\/pages\/7434\/revisions"}],"predecessor-version":[{"id":8012,"href":"https:\/\/feiasofi.net\/index.php?rest_route=\/wp\/v2\/pages\/7434\/revisions\/8012"}],"wp:attachment":[{"href":"https:\/\/feiasofi.net\/index.php?rest_route=%2Fwp%2Fv2%2Fmedia&parent=7434"}],"curies":[{"name":"wp","href":"https:\/\/api.w.org\/{rel}","templated":true}]}}