{"id":7523,"date":"2025-04-23T07:18:01","date_gmt":"2025-04-23T07:18:01","guid":{"rendered":"https:\/\/feiasofi.net\/?page_id=7523"},"modified":"2025-04-23T07:30:38","modified_gmt":"2025-04-23T07:30:38","slug":"division-de-fisica-de-la-materia-condensada","status":"publish","type":"page","link":"https:\/\/feiasofi.net\/?page_id=7523","title":{"rendered":"Divisi\u00f3n de F\u00edsica de Materia Condensada"},"content":{"rendered":"\t\t<div data-elementor-type=\"wp-page\" data-elementor-id=\"7523\" class=\"elementor elementor-7523\">\n\t\t\t\t<div class=\"elementor-element elementor-element-f53699d e-flex e-con-boxed e-con e-parent\" data-id=\"f53699d\" data-element_type=\"container\" data-e-type=\"container\">\n\t\t\t\t\t<div class=\"e-con-inner\">\n\t\t\t\t<div class=\"elementor-element elementor-element-eb421d9 elementor-widget elementor-widget-heading\" data-id=\"eb421d9\" data-element_type=\"widget\" data-e-type=\"widget\" data-widget_type=\"heading.default\">\n\t\t\t\t<div class=\"elementor-widget-container\">\n\t\t\t\t\t<h2 class=\"elementor-heading-title elementor-size-default\">Divisi\u00f3n de F\u00edsica de Materia Condensada<\/h2>\t\t\t\t<\/div>\n\t\t\t\t<\/div>\n\t\t\t\t\t<\/div>\n\t\t\t\t<\/div>\n\t\t<div class=\"elementor-element elementor-element-2131f97 e-flex e-con-boxed e-con e-parent\" data-id=\"2131f97\" data-element_type=\"container\" data-e-type=\"container\">\n\t\t\t\t\t<div class=\"e-con-inner\">\n\t\t\t\t<div class=\"elementor-element elementor-element-2d3590f elementor-widget elementor-widget-text-editor\" data-id=\"2d3590f\" data-element_type=\"widget\" data-e-type=\"widget\" data-widget_type=\"text-editor.default\">\n\t\t\t\t<div class=\"elementor-widget-container\">\n\t\t\t\t\t\t\t\t\t<p>La\u00a0<strong>Divisi\u00f3n de F\u00edsica de Materia Condensada de la Federaci\u00f3n Iberoamericana de Sociedades de F\u00edsica<\/strong>\u00a0tiene como principales objetivos\u00a0la creaci\u00f3n de un \u00e1mbito para la discusi\u00f3n de cuestiones relacionadas con las tareas de Investigaci\u00f3n y Desarrollo en el \u00e1rea de la F\u00edsica de la Materia Condensada y fomentar el establecimiento de nexos entre investigadores miembros de la Divisi\u00f3n con intereses afines para la optimizaci\u00f3n de recursos humanos, acad\u00e9micos y materiales.<\/p>\t\t\t\t\t\t\t\t<\/div>\n\t\t\t\t<\/div>\n\t\t\t\t\t<\/div>\n\t\t\t\t<\/div>\n\t\t<div class=\"elementor-element elementor-element-539f54b e-flex e-con-boxed e-con e-parent\" data-id=\"539f54b\" data-element_type=\"container\" data-e-type=\"container\">\n\t\t\t\t\t<div class=\"e-con-inner\">\n\t\t\t\t<div class=\"elementor-element elementor-element-1f9f6cc elementor-widget elementor-widget-text-editor\" data-id=\"1f9f6cc\" data-element_type=\"widget\" data-e-type=\"widget\" data-widget_type=\"text-editor.default\">\n\t\t\t\t<div class=\"elementor-widget-container\">\n\t\t\t\t\t\t\t\t\t<p><strong>Formulario de Registro en la Divisi\u00f3n de F\u00edsica de Materia Condensada de la Federaci\u00f3n Iberoamericana de Sociedades de F\u00edsica<\/strong><\/p>\t\t\t\t\t\t\t\t<\/div>\n\t\t\t\t<\/div>\n\t\t\t\t\t<\/div>\n\t\t\t\t<\/div>\n\t\t<div class=\"elementor-element elementor-element-965b41b e-flex e-con-boxed e-con e-parent\" data-id=\"965b41b\" data-element_type=\"container\" data-e-type=\"container\">\n\t\t\t\t\t<div class=\"e-con-inner\">\n\t\t\t\t<div class=\"elementor-element elementor-element-620325d elementor-widget elementor-widget-shortcode\" data-id=\"620325d\" data-element_type=\"widget\" data-e-type=\"widget\" data-widget_type=\"shortcode.default\">\n\t\t\t\t<div class=\"elementor-widget-container\">\n\t\t\t\t\t\t\t<div class=\"elementor-shortcode\">\t<style id=\"wpforms-css-vars-7465\">\n\t\t\t\t#wpforms-7465 {\n\t\t\t\t\n\t\t\t}\n\t\t\t<\/style><div class=\"wpforms-container wpforms-container-full wpforms-render-modern\" id=\"wpforms-7465\"><form id=\"wpforms-form-7465\" class=\"wpforms-validate wpforms-form wpforms-ajax-form\" data-formid=\"7465\" method=\"post\" enctype=\"multipart\/form-data\" action=\"\/index.php?rest_route=%2Fwp%2Fv2%2Fpages%2F7523\" data-token=\"1cc78bbe57a126bb4db8bbbf5b9b83ce\" data-token-time=\"1778075087\"><noscript class=\"wpforms-error-noscript\">Por favor, activa JavaScript en tu navegador para completar este formulario.<\/noscript><div id=\"wpforms-error-noscript\" style=\"display: none;\">Por favor, activa JavaScript en tu navegador para completar este formulario.<\/div><div class=\"wpforms-field-container\"><div id=\"wpforms-7465-field_1-container\" class=\"wpforms-field wpforms-field-text\" data-field-id=\"1\"><label class=\"wpforms-field-label\" for=\"wpforms-7465-field_1\">Fecha (dd\/mm\/aaaa) <span class=\"wpforms-required-label\" aria-hidden=\"true\">*<\/span><\/label><input type=\"text\" id=\"wpforms-7465-field_1\" class=\"wpforms-field-medium wpforms-field-required\" name=\"wpforms[fields][1]\" placeholder=\"dd\/mm\/aaaa\" aria-errormessage=\"wpforms-7465-field_1-error\" aria-describedby=\"wpforms-7465-field_1-description\" required><div id=\"wpforms-7465-field_1-description\" class=\"wpforms-field-description\">\n<\/div><\/div>\t\t<div id=\"wpforms-7465-field_5-container\"\n\t\t\tclass=\"wpforms-field wpforms-field-text\"\n\t\t\tdata-field-type=\"text\"\n\t\t\tdata-field-id=\"5\"\n\t\t\t>\n\t\t\t<label class=\"wpforms-field-label\" for=\"wpforms-7465-field_5\" >Nombre Otro (dd\/mm\/aaaa)<\/label>\n\t\t\t<input type=\"text\" id=\"wpforms-7465-field_5\" class=\"wpforms-field-medium\" name=\"wpforms[fields][5]\" >\n\t\t<\/div>\n\t\t<div id=\"wpforms-7465-field_2-container\" class=\"wpforms-field wpforms-field-name\" data-field-id=\"2\"><fieldset><legend class=\"wpforms-field-label\">Nombre <span class=\"wpforms-required-label\" aria-hidden=\"true\">*<\/span><\/legend><div class=\"wpforms-field-row wpforms-field-medium\"><div class=\"wpforms-field-row-block wpforms-first wpforms-one-half\"><input type=\"text\" id=\"wpforms-7465-field_2\" class=\"wpforms-field-name-first wpforms-field-required\" name=\"wpforms[fields][2][first]\" aria-errormessage=\"wpforms-7465-field_2-error\" required><label for=\"wpforms-7465-field_2\" class=\"wpforms-field-sublabel after\">Nombre<\/label><\/div><div class=\"wpforms-field-row-block wpforms-one-half\"><input type=\"text\" id=\"wpforms-7465-field_2-last\" class=\"wpforms-field-name-last wpforms-field-required\" name=\"wpforms[fields][2][last]\" aria-errormessage=\"wpforms-7465-field_2-last-error\" required><label for=\"wpforms-7465-field_2-last\" class=\"wpforms-field-sublabel after\">Apellidos<\/label><\/div><\/div><\/fieldset><\/div><div id=\"wpforms-7465-field_3-container\" class=\"wpforms-field wpforms-field-text\" data-field-id=\"3\"><label class=\"wpforms-field-label\" for=\"wpforms-7465-field_3\">Sociedad <span class=\"wpforms-required-label\" aria-hidden=\"true\">*<\/span><\/label><input type=\"text\" id=\"wpforms-7465-field_3\" class=\"wpforms-field-medium wpforms-field-required\" name=\"wpforms[fields][3]\" aria-errormessage=\"wpforms-7465-field_3-error\" required><\/div><div id=\"wpforms-7465-field_4-container\" class=\"wpforms-field wpforms-field-text\" data-field-id=\"4\"><label class=\"wpforms-field-label\" for=\"wpforms-7465-field_4\">C\u00f3digo Postal <span class=\"wpforms-required-label\" aria-hidden=\"true\">*<\/span><\/label><input type=\"text\" id=\"wpforms-7465-field_4\" class=\"wpforms-field-medium wpforms-field-required\" name=\"wpforms[fields][4]\" aria-errormessage=\"wpforms-7465-field_4-error\" required><\/div><div id=\"wpforms-7465-field_6-container\" class=\"wpforms-field wpforms-field-email\" data-field-id=\"6\"><label class=\"wpforms-field-label\" for=\"wpforms-7465-field_6\">Correo electr\u00f3nico <span class=\"wpforms-required-label\" aria-hidden=\"true\">*<\/span><\/label><input type=\"email\" id=\"wpforms-7465-field_6\" class=\"wpforms-field-medium wpforms-field-required\" name=\"wpforms[fields][6]\" spellcheck=\"false\" aria-errormessage=\"wpforms-7465-field_6-error\" required><\/div><div id=\"wpforms-7465-field_7-container\" class=\"wpforms-field wpforms-field-text\" data-field-id=\"7\"><label class=\"wpforms-field-label\" for=\"wpforms-7465-field_7\">Tel\u00e9fono Trabajo <span class=\"wpforms-required-label\" aria-hidden=\"true\">*<\/span><\/label><input type=\"text\" id=\"wpforms-7465-field_7\" class=\"wpforms-field-medium wpforms-field-required\" name=\"wpforms[fields][7]\" aria-errormessage=\"wpforms-7465-field_7-error\" required><\/div><div id=\"wpforms-7465-field_8-container\" class=\"wpforms-field wpforms-field-text\" data-field-id=\"8\"><label class=\"wpforms-field-label\" for=\"wpforms-7465-field_8\">Otro Tel\u00e9fono<\/label><input type=\"text\" id=\"wpforms-7465-field_8\" class=\"wpforms-field-medium\" name=\"wpforms[fields][8]\" aria-errormessage=\"wpforms-7465-field_8-error\" ><\/div><div id=\"wpforms-7465-field_9-container\" class=\"wpforms-field wpforms-field-textarea\" data-field-id=\"9\"><label class=\"wpforms-field-label\" for=\"wpforms-7465-field_9\">Comentarios<\/label><textarea id=\"wpforms-7465-field_9\" class=\"wpforms-field-medium\" name=\"wpforms[fields][9]\" aria-errormessage=\"wpforms-7465-field_9-error\" ><\/textarea><\/div><script>\n\t\t\t\t( function() {\n\t\t\t\t\tconst style = document.createElement( 'style' );\n\t\t\t\t\tstyle.appendChild( document.createTextNode( '#wpforms-7465-field_5-container { position: absolute !important; overflow: hidden !important; display: inline !important; height: 1px !important; width: 1px !important; z-index: -1000 !important; padding: 0 !important; } #wpforms-7465-field_5-container input { visibility: hidden; } #wpforms-conversational-form-page #wpforms-7465-field_5-container label { counter-increment: none; }' ) );\n\t\t\t\t\tdocument.head.appendChild( style );\n\t\t\t\t\tdocument.currentScript?.remove();\n\t\t\t\t} )();\n\t\t\t<\/script><\/div><!-- .wpforms-field-container --><div class=\"wpforms-submit-container\" ><input type=\"hidden\" name=\"wpforms[id]\" value=\"7465\"><input type=\"hidden\" name=\"page_title\" value=\"\"><input type=\"hidden\" name=\"page_url\" value=\"https:\/\/feiasofi.net\/index.php?rest_route=\/wp\/v2\/pages\/7523\"><input type=\"hidden\" name=\"url_referer\" value=\"\"><button type=\"submit\" name=\"wpforms[submit]\" id=\"wpforms-submit-7465\" class=\"wpforms-submit\" data-alt-text=\"Enviando...\" data-submit-text=\"Enviar\" aria-live=\"assertive\" value=\"wpforms-submit\">Enviar<\/button><img decoding=\"async\" src=\"https:\/\/feiasofi.net\/wp-content\/plugins\/wpforms-lite\/assets\/images\/submit-spin.svg\" class=\"wpforms-submit-spinner\" style=\"display: none;\" width=\"26\" height=\"26\" alt=\"Cargando\"><\/div><\/form><\/div>  <!-- .wpforms-container --><\/div>\n\t\t\t\t\t\t<\/div>\n\t\t\t\t<\/div>\n\t\t\t\t\t<\/div>\n\t\t\t\t<\/div>\n\t\t\t\t<\/div>\n\t\t","protected":false},"excerpt":{"rendered":"<p>Divisi\u00f3n de F\u00edsica de Materia Condensada La\u00a0Divisi\u00f3n de F\u00edsica de Materia Condensada de la Federaci\u00f3n Iberoamericana de Sociedades de F\u00edsica\u00a0tiene como principales objetivos\u00a0la creaci\u00f3n de un \u00e1mbito para la discusi\u00f3n de cuestiones relacionadas con las tareas de Investigaci\u00f3n y Desarrollo en el \u00e1rea de la F\u00edsica de la Materia Condensada y fomentar el establecimiento de [&hellip;]<\/p>\n","protected":false},"author":1,"featured_media":0,"parent":0,"menu_order":0,"comment_status":"closed","ping_status":"closed","template":"elementor_header_footer","meta":{"footnotes":""},"class_list":["post-7523","page","type-page","status-publish","hentry"],"yoast_head":"<!-- This site is optimized with the Yoast SEO plugin v27.1.1 - https:\/\/yoast.com\/product\/yoast-seo-wordpress\/ -->\n<title>Divisi\u00f3n de F\u00edsica de Materia Condensada - Feiasofi<\/title>\n<meta name=\"robots\" content=\"index, follow, max-snippet:-1, max-image-preview:large, max-video-preview:-1\" \/>\n<link rel=\"canonical\" href=\"https:\/\/feiasofi.net\/?page_id=7523\" \/>\n<meta property=\"og:locale\" content=\"es_ES\" \/>\n<meta property=\"og:type\" content=\"article\" \/>\n<meta property=\"og:title\" content=\"Divisi\u00f3n de F\u00edsica de Materia Condensada - Feiasofi\" \/>\n<meta property=\"og:description\" content=\"Divisi\u00f3n de F\u00edsica de Materia Condensada La\u00a0Divisi\u00f3n de F\u00edsica de Materia Condensada de la Federaci\u00f3n Iberoamericana de Sociedades de F\u00edsica\u00a0tiene como principales objetivos\u00a0la creaci\u00f3n de un \u00e1mbito para la discusi\u00f3n de cuestiones relacionadas con las tareas de Investigaci\u00f3n y Desarrollo en el \u00e1rea de la F\u00edsica de la Materia Condensada y fomentar el establecimiento de [&hellip;]\" \/>\n<meta property=\"og:url\" content=\"https:\/\/feiasofi.net\/?page_id=7523\" \/>\n<meta property=\"og:site_name\" content=\"Feiasofi\" \/>\n<meta property=\"article:modified_time\" content=\"2025-04-23T07:30:38+00:00\" \/>\n<meta name=\"twitter:card\" content=\"summary_large_image\" \/>\n<meta name=\"twitter:label1\" content=\"Tiempo de lectura\" \/>\n\t<meta name=\"twitter:data1\" content=\"1 minuto\" \/>\n<script type=\"application\/ld+json\" class=\"yoast-schema-graph\">{\"@context\":\"https:\/\/schema.org\",\"@graph\":[{\"@type\":\"WebPage\",\"@id\":\"https:\/\/feiasofi.net\/?page_id=7523\",\"url\":\"https:\/\/feiasofi.net\/?page_id=7523\",\"name\":\"Divisi\u00f3n de F\u00edsica de Materia Condensada - Feiasofi\",\"isPartOf\":{\"@id\":\"https:\/\/feiasofi.net\/#website\"},\"datePublished\":\"2025-04-23T07:18:01+00:00\",\"dateModified\":\"2025-04-23T07:30:38+00:00\",\"breadcrumb\":{\"@id\":\"https:\/\/feiasofi.net\/?page_id=7523#breadcrumb\"},\"inLanguage\":\"es\",\"potentialAction\":[{\"@type\":\"ReadAction\",\"target\":[\"https:\/\/feiasofi.net\/?page_id=7523\"]}]},{\"@type\":\"BreadcrumbList\",\"@id\":\"https:\/\/feiasofi.net\/?page_id=7523#breadcrumb\",\"itemListElement\":[{\"@type\":\"ListItem\",\"position\":1,\"name\":\"Portada\",\"item\":\"https:\/\/feiasofi.net\/\"},{\"@type\":\"ListItem\",\"position\":2,\"name\":\"Divisi\u00f3n de F\u00edsica de Materia Condensada\"}]},{\"@type\":\"WebSite\",\"@id\":\"https:\/\/feiasofi.net\/#website\",\"url\":\"https:\/\/feiasofi.net\/\",\"name\":\"Feiasofi\",\"description\":\"\",\"potentialAction\":[{\"@type\":\"SearchAction\",\"target\":{\"@type\":\"EntryPoint\",\"urlTemplate\":\"https:\/\/feiasofi.net\/?s={search_term_string}\"},\"query-input\":{\"@type\":\"PropertyValueSpecification\",\"valueRequired\":true,\"valueName\":\"search_term_string\"}}],\"inLanguage\":\"es\"}]}<\/script>\n<!-- \/ Yoast SEO plugin. -->","yoast_head_json":{"title":"Divisi\u00f3n de F\u00edsica de Materia Condensada - Feiasofi","robots":{"index":"index","follow":"follow","max-snippet":"max-snippet:-1","max-image-preview":"max-image-preview:large","max-video-preview":"max-video-preview:-1"},"canonical":"https:\/\/feiasofi.net\/?page_id=7523","og_locale":"es_ES","og_type":"article","og_title":"Divisi\u00f3n de F\u00edsica de Materia Condensada - Feiasofi","og_description":"Divisi\u00f3n de F\u00edsica de Materia Condensada La\u00a0Divisi\u00f3n de F\u00edsica de Materia Condensada de la Federaci\u00f3n Iberoamericana de Sociedades de F\u00edsica\u00a0tiene como principales objetivos\u00a0la creaci\u00f3n de un \u00e1mbito para la discusi\u00f3n de cuestiones relacionadas con las tareas de Investigaci\u00f3n y Desarrollo en el \u00e1rea de la F\u00edsica de la Materia Condensada y fomentar el establecimiento de [&hellip;]","og_url":"https:\/\/feiasofi.net\/?page_id=7523","og_site_name":"Feiasofi","article_modified_time":"2025-04-23T07:30:38+00:00","twitter_card":"summary_large_image","twitter_misc":{"Tiempo de lectura":"1 minuto"},"schema":{"@context":"https:\/\/schema.org","@graph":[{"@type":"WebPage","@id":"https:\/\/feiasofi.net\/?page_id=7523","url":"https:\/\/feiasofi.net\/?page_id=7523","name":"Divisi\u00f3n de F\u00edsica de Materia Condensada - Feiasofi","isPartOf":{"@id":"https:\/\/feiasofi.net\/#website"},"datePublished":"2025-04-23T07:18:01+00:00","dateModified":"2025-04-23T07:30:38+00:00","breadcrumb":{"@id":"https:\/\/feiasofi.net\/?page_id=7523#breadcrumb"},"inLanguage":"es","potentialAction":[{"@type":"ReadAction","target":["https:\/\/feiasofi.net\/?page_id=7523"]}]},{"@type":"BreadcrumbList","@id":"https:\/\/feiasofi.net\/?page_id=7523#breadcrumb","itemListElement":[{"@type":"ListItem","position":1,"name":"Portada","item":"https:\/\/feiasofi.net\/"},{"@type":"ListItem","position":2,"name":"Divisi\u00f3n de F\u00edsica de Materia Condensada"}]},{"@type":"WebSite","@id":"https:\/\/feiasofi.net\/#website","url":"https:\/\/feiasofi.net\/","name":"Feiasofi","description":"","potentialAction":[{"@type":"SearchAction","target":{"@type":"EntryPoint","urlTemplate":"https:\/\/feiasofi.net\/?s={search_term_string}"},"query-input":{"@type":"PropertyValueSpecification","valueRequired":true,"valueName":"search_term_string"}}],"inLanguage":"es"}]}},"_links":{"self":[{"href":"https:\/\/feiasofi.net\/index.php?rest_route=\/wp\/v2\/pages\/7523","targetHints":{"allow":["GET"]}}],"collection":[{"href":"https:\/\/feiasofi.net\/index.php?rest_route=\/wp\/v2\/pages"}],"about":[{"href":"https:\/\/feiasofi.net\/index.php?rest_route=\/wp\/v2\/types\/page"}],"author":[{"embeddable":true,"href":"https:\/\/feiasofi.net\/index.php?rest_route=\/wp\/v2\/users\/1"}],"replies":[{"embeddable":true,"href":"https:\/\/feiasofi.net\/index.php?rest_route=%2Fwp%2Fv2%2Fcomments&post=7523"}],"version-history":[{"count":11,"href":"https:\/\/feiasofi.net\/index.php?rest_route=\/wp\/v2\/pages\/7523\/revisions"}],"predecessor-version":[{"id":7547,"href":"https:\/\/feiasofi.net\/index.php?rest_route=\/wp\/v2\/pages\/7523\/revisions\/7547"}],"wp:attachment":[{"href":"https:\/\/feiasofi.net\/index.php?rest_route=%2Fwp%2Fv2%2Fmedia&parent=7523"}],"curies":[{"name":"wp","href":"https:\/\/api.w.org\/{rel}","templated":true}]}}