{"id":7574,"date":"2025-04-23T08:04:06","date_gmt":"2025-04-23T08:04:06","guid":{"rendered":"https:\/\/feiasofi.net\/?page_id=7574"},"modified":"2025-04-23T08:05:34","modified_gmt":"2025-04-23T08:05:34","slug":"acta-de-la-x-asamblea-general-de-la-federacion-iberoamericana-de-sociedades-de-fisica-feiasofi","status":"publish","type":"page","link":"https:\/\/feiasofi.net\/?page_id=7574","title":{"rendered":"Acta de la X Asamblea General de la Federaci\u00f3n Iberoamericana de Sociedades de F\u00edsica FEIASOFI"},"content":{"rendered":"\t\t<div data-elementor-type=\"wp-page\" data-elementor-id=\"7574\" class=\"elementor elementor-7574\">\n\t\t\t\t<div class=\"elementor-element elementor-element-2467b60 e-flex e-con-boxed e-con e-parent\" data-id=\"2467b60\" data-element_type=\"container\" data-e-type=\"container\">\n\t\t\t\t\t<div class=\"e-con-inner\">\n\t\t\t\t<div class=\"elementor-element elementor-element-3f68b7c elementor-widget elementor-widget-heading\" data-id=\"3f68b7c\" data-element_type=\"widget\" data-e-type=\"widget\" data-widget_type=\"heading.default\">\n\t\t\t\t<div class=\"elementor-widget-container\">\n\t\t\t\t\t<h2 class=\"elementor-heading-title elementor-size-default\">Acta de la X Asamblea General de la Federaci\u00f3n Iberoamericana de Sociedades de F\u00edsica FEIASOFI<\/h2>\t\t\t\t<\/div>\n\t\t\t\t<\/div>\n\t\t\t\t\t<\/div>\n\t\t\t\t<\/div>\n\t\t<div class=\"elementor-element elementor-element-3817716 e-flex e-con-boxed e-con e-parent\" data-id=\"3817716\" data-element_type=\"container\" data-e-type=\"container\">\n\t\t\t\t\t<div class=\"e-con-inner\">\n\t\t\t\t<div class=\"elementor-element elementor-element-d11bd8e elementor-widget elementor-widget-text-editor\" data-id=\"d11bd8e\" data-element_type=\"widget\" data-e-type=\"widget\" data-widget_type=\"text-editor.default\">\n\t\t\t\t<div class=\"elementor-widget-container\">\n\t\t\t\t\t\t\t\t\t<p>Acta de la X Asamblea General de la<\/p><p>Federaci\u00f3n Iberoamericana de Sociedades de F\u00edsica FEIASOFI<br \/>Lugar: Instituto de Matem\u00e1tica Aplicada. Universidad de San Luis, Argentina, 16 y 17<\/p><p>de septiembre de 2024<\/p><p>Participantes<br \/>1. Dra. Mar\u00eda S\u00e1nchez. Presidente FEIASOFI y presidente Sociedad Cubana de<br \/>F\u00edsica<br \/>2. Dr. Nabil Kawas. Vicepresidente FEIASOFI y presidente Sociedad Hondure\u00f1a<br \/>3. Dr. Luis Vi\u00f1a Liste. Tesorero FEIASOFI y presidente Real Sociedad Espa\u00f1ola<br \/>de F\u00edsica.<br \/>4. Dr. Arturo Marti. Presidente saliente FEIASOFI<br \/>5. Dr. Omar Osenda. Presidente Asociaci\u00f3n F\u00edsica Argentina<br \/>6. Dr. Rodrigo Barbosa Capaz. Presidente Sociedad Brasilera de F\u00edsica<br \/>7. Dr. Leopoldo Soto Norambuena. Presidente Sociedad Chilena de F\u00edsica<br \/>8. Dr. Paul S\u00e1nchez. Presidente Sociedad Ecuatoriana de F\u00edsica<br \/>9. Dr. Jos\u00e9 Ant\u00f3nio Paix\u00e3o. Presidente Sociedad Portuguesa de F\u00edsica (en l\u00ednea)<br \/>10. Dr. Ricardo Faccio. Vicepresidente Sociedad Uruguaya de F\u00edsica<br \/>11. Dr. Jorge Stephany. Presidente Sociedad Venezolana de F\u00edsica (en l\u00ednea)<br \/>Invitados<br \/>1. Ana Maria Cetto. Instituto de F\u00edsica. UNAM (Presentadora ante UNESCO de la<br \/>propuesta de declaraci\u00f3n del 2025, A\u00f1o Internacional de la Ciencia y la<br \/>Tecnolog\u00eda Cu\u00e1nticas.<br \/>2. Young-Kee Kim. Presidente American Physical Society (APS)<br \/>3. Luis Felipe Rodr\u00edguez. Director Centro Mesoamericano de F\u00edsica Te\u00f3rica<br \/>(MCTP)<br \/>4. David McDade. Senior Manager IoP Publishing<br \/>5. Jessica MacDonald Senior Publisher. IoP Publishing<br \/>6. Silvina Ponce Dawson, presidente designada de la Uni\u00f3n Internacional de F\u00edsica<br \/>Pura y Aplicada (IUPAP)<\/p><p>Sesi\u00f3n I. Lunes 16 (9:00 -13:00)<br \/>Agenda<br \/>1. Informe de la Presidenta.<br \/>2. Informe de Finanzas.<br \/>3. Presentaci\u00f3n de las sociedades miembro de FEIASOFI<br \/>Desarrollo de la Asamblea<br \/>El Rector de la Universidad Nacional de San Luis, V\u00edctor Mori\u00f1igo y Marcela Printista,<br \/>decana de la Facultad de Ciencias F\u00edsico Matem\u00e1ticas y Naturales, dieron la bienvenida<br \/>a los participantes. En la ceremonia participaron, adem\u00e1s: Felix Nieto, ex rector de la<br \/>UNSL, el presidente del Comit\u00e9 Organizador del Congreso de la Asociaci\u00f3n F\u00edsica<\/p><p>Argentina, Paulo Centres, Jos\u00e9 Ram\u00edrez Pastor expresidente de FEIASOFI y Hugo<br \/>Velasco, director del Instituto de Matem\u00e1tica aplicada de la UNSL sesiono la asamblea.<br \/>1. La presidenta, Mar\u00eda Sanchez, hizo una presentaci\u00f3n que incluy\u00f3 una breve<br \/>historia de FEIASOFI, las caracter\u00edsticas distintivas de la asociaci\u00f3n entre las que<br \/>destacan la heterogeneidad de las Asociaciones integrantes en cuanto a<br \/>membres\u00edas, y la diferencias en el desarrollo de los recursos humanos y materiales<br \/>en el campo de la F\u00edsica en los pa\u00edses integrantes. Destac\u00f3 a su vez las<br \/>problem\u00e1ticas comunes, como la falta y\/o inestabilidad en las fuentes de<br \/>financiaci\u00f3n para la investigaci\u00f3n, el \u00e9xodo de profesionales formados dentro y<br \/>fuera de la regi\u00f3n. Exhortando a incrementar la colaboraci\u00f3n e intercambio<br \/>intrarregional. Entre las actividades desarrolladas destac\u00f3 el Apoyo a las<br \/>Olimpiadas Iberoamericanas de F\u00edsica (OibF) asociaci\u00f3n a la que FEIASOFI paga<br \/>la p\u00e1gina web, la contribuci\u00f3n a la divulgaci\u00f3n y promoci\u00f3n de las actividades de<br \/>cada organizaci\u00f3n y las tres ediciones de la Olimpiada Latinoamericana<br \/>Universitaria de F\u00edsica (OLUF) desarrolladas en 2017, 2018 y 2019 en las que han<br \/>participado estudiantes de universidades de: Argentina, Bolivia, Brasil, Colombia,<br \/>Cuba, El Salvador, Guatemala, M\u00e9xico, Per\u00fa, Belize, Costa Rica y Venezuela.<br \/>2. El tesorero, Luis Vi\u00f1a Liste, present\u00f3 un Informe del estado de las finanzas en el<br \/>que destaca que en el \u00faltimo a\u00f1o se ha logrado que una buena parte de las<br \/>asociaciones est\u00e9n al d\u00eda en el pago de sus cuotas societarias.<br \/>3. Los participantes de: Argentina, Brasil, Cuba, Chile, Ecuador, Espa\u00f1a, Portugal y<br \/>Uruguay hicieron presentaciones de sus asociaciones. Se acord\u00f3 colgarlas en la<br \/>p\u00e1gina de FEIASOFI.<br \/>A partir de las presentaciones donde se evidencias problemas similares, varios de<br \/>los participantes e invitados insistieron en la necesidad de crear una agencia para<br \/>financiar la ciencia en Latinoam\u00e9rica similar a la Agencia europea. Han existido<br \/>iniciativas en este sentido, como el foro de rectores de Am\u00e9rica Latina, el Espacio<br \/>Latinoamericano y Caribe\u00f1o de Educaci\u00f3n Superior (ENLACES) ver sitio<br \/>https:\/\/cres2018mas5.org\/enlaces-es\/ o el Latin American Strategy Forum for<br \/>Research Infrastructure (LASFRI) este \u00faltimo, una iniciativa de Fernando<br \/>Quevedo director del ICTP de Trieste. Es importante retomar esto para lograr que<br \/>los organismos latinoamericanos de financiaci\u00f3n de la investigaci\u00f3n compartan y<br \/>elaborar estrategias comunes en materia de infraestructuras de investigaci\u00f3n.<br \/>[<a href=\"https:\/\/cres2018mas5.org\/enlaces-es\/\">https:\/\/cres2018mas5.org\/enlaces-es\/<\/a>](<br \/>Se se\u00f1al\u00f3 tambi\u00e9n la necesidad de estrechar v\u00ednculos entre FEIASOFI y<br \/>asociaciones afines como el CLAF y la International Association of Physics<br \/>Students (IAPS) en la que a\u00fan hay pa\u00edses de la regi\u00f3n no tienen cap\u00edtulos de<br \/>estudiantes.<br \/>SESION II. Lunes 16 (14:30-17:00)<br \/>Agenda<br \/>1. Presentaci\u00f3n del Laboratorio Nacional de Nanotecnolog\u00eda (LNNano) Campinas,<br \/>Brasil. Dr. Rodrigo Barbosa Capaz, director.<\/p><p>2. Presentaci\u00f3n Centro Mesoamericano de F\u00edsica Te\u00f3rica (MCTP) M\u00e9xico, Dr. Luis<br \/>Felipe Rodr\u00edguez, director (en l\u00ednea)<br \/>3. Presentaci\u00f3n American Physical Society (APS), Dr. Young-Kee Kim, Presidente<br \/>de la APS (en l\u00ednea).<br \/>4. Presentaci\u00f3n IoP Publishing. David Mcdade. Senior Manager (Publishing) IoP<br \/>5. Presentaci\u00f3n A\u00f1o Internacional de la Ciencia y la Tecnolog\u00eda Cu\u00e1nticas. Dra. Ana<br \/>Mar\u00eda Cetto. Instituto de F\u00edsica, UNAM, M\u00e9xico. Comit\u00e9 Ejecutivo del IYQ 2025<br \/>(en l\u00ednea)<br \/>Esta sesi\u00f3n ten\u00eda como objetivo explorar posibilidades para estimular el intercambio y la<br \/>cooperaci\u00f3n interregional para lo que se invit\u00f3 a los Directores del LLNano de Brasil y<br \/>del MCTP de M\u00e9xico quienes expusieron las facilidades y programas disponibles para<br \/>investigadores y estudiantes de posgrado de la regi\u00f3n en estos centros.<br \/>Los directivos de IoP informaron de las diferentes becas y programas de apoyo que<br \/>ofrecen y se valor\u00f3 la posibilidad de establecer alg\u00fan v\u00ednculo directo con las revisas de<br \/>f\u00edsica de la regi\u00f3n, para lo que se acord\u00f3 organizar un encuentro entre IoP y los editores<br \/>de nuestras revistas.<br \/>La Presidenta de la Sociedad Americana de f\u00edsica present\u00f3 los programas y posibilidades<br \/>de colaboraci\u00f3n con las sociedades de AL.<br \/>Ana maria Cetto hizo una presentaci\u00f3n sobre la designaci\u00f3n del a\u00f1o 2025 como a\u00f1o de la<br \/>ciencia y tecnolog\u00edas cu\u00e1nticas, relat\u00f3 los esfuerzos realizados por varios pa\u00edses para<br \/>lograr esto. Esta decisi\u00f3n representa un reconocimiento a la comunidad cient\u00edfica y pone<br \/>a la ciencia y a la tecnolog\u00eda cu\u00e1nticas en la agenda internacional. En la celebraci\u00f3n hay<br \/>espacio para que todas las entidades involucradas en ciencia, tecnolog\u00eda e innovaci\u00f3n en<br \/>cada pa\u00eds, participen y se beneficien. Explic\u00f3 como se est\u00e1 organizado la celebraci\u00f3n y la<br \/>propuesta de creaci\u00f3n de un Nodo Nacional en cada pa\u00eds.<br \/>SESION III. Martes 17 (9:00-13:00)<br \/>Los presidentes participaron el Acto de Inauguraci\u00f3n de la 109a Reuni\u00f3n de la Asociaci\u00f3n<br \/>Argentina de F\u00edsica y las conferencias plenarias planificadas. Auditorio M. L\u00f3pez de la<br \/>UNSL.<br \/>SESION IV. Martes (14:30 \u2013 17:00)<br \/>Agenda.<br \/>1. Definici\u00f3n de Acciones de FEIASOFI 2025-2026.<br \/>2. Acciones por el IYQ 2025.<br \/>3. Elecci\u00f3n autoridades de FEIASOFI para el per\u00edodo 2025-2026<br \/>1. Se insisti\u00f3 en la importancia de que divulgar los eventos y noticias de las distintas<br \/>a asociaciones en la web de FEIASOFI. Se acord\u00f3 organizar una Reuni\u00f3n<br \/>Editores Revistas latinoamericanas de F\u00edsica\/IoP en busca de acuerdos y<br \/>patrocinios que faciliten una mayor visibilidad a estas publicaciones.<br \/>Se debati\u00f3 la importancia de mantener la Olimpiada Iberoamericana de f\u00edsica<br \/>(OIbF) que este a\u00f1o se suspendi\u00f3 por falta de financiamiento. Se decidi\u00f3 que<\/p><p>FEIASOFI contin\u00fae financiando el sitio web de la OIbF y adem\u00e1s costee la<br \/>fabricaci\u00f3n de las medallas en la que aparezca el logo de FEIASOFI de esta forma<br \/>aumentar nuestra visibilidad y apoyo a esta actividad. Se sugiri\u00f3 valorar la<br \/>posibilidad de realizar la OiBF de manera simult\u00e1nea en varias sedes por regiones,<br \/>lo que reducir\u00eda los costes de traslado a aun sola sede. Se acord\u00f3 trasmitir estas<br \/>propuestas al secretariado de la OIbF que se re\u00fane la pr\u00f3xima semana.<br \/>2. Actividades por el IYQ2025.<br \/>\u2022 Se acord\u00f3 realizar un evento simultaneo con participaci\u00f3n de todas las<br \/>asociaciones miembros de FEIASOFI el pr\u00f3ximo d\u00eda internacional de la cu\u00e1ntica<br \/>(14\/4\/2025). Se contactar\u00e1 a Yasser Omar, coordinador del Grupo World<br \/>Quantum Day para ver la posibilidad de utilizar la p\u00e1gina y recursos del ellos para<br \/>este evento, Ver enlace:\u00a0<a href=\"https:\/\/worldquantumday.org\/\">https:\/\/worldquantumday.org<\/a><br \/>\u2022 Convocar un Concurso de videos (mudo)<br \/>\u2022 Cada pa\u00eds escribir\u00e1 un Art\u00edculo, para un n\u00famero especial de la Revista Brasile\u00f1a<br \/>de Ense\u00f1anza de la F\u00edsica sobre el desarrollo de la Mec\u00e1nica Cu\u00e1ntica en AL.<br \/>Se eligi\u00f3 la junta directiva para el periodo 2025-2026 que qued\u00f3 integrada por:<br \/>Presidente: Dr. Omar Osenda. Argentina.<br \/>Vicepresidente: Dr. Leopoldo Soto Norabuena. Chile.<br \/>Tesorero: Dr. Luis Vi\u00f1a Liste. Espa\u00f1a.<br \/>Vocal: Dr. Rodrigo Barbosa Capaz. Brasil<br \/>Vocal: Dr. Jos\u00e9 Ant\u00f3nio Paix\u00e3o. Portugal<br \/>Vocal: Dra. Sof\u00eda Fabr\u00e9. Uruguay.<br \/>Presidente saliente: Dra. Mar\u00eda S\u00e1nchez Colina. Cuba.<\/p><p>Relaci\u00f3n de Acuerdos de la Asamblea<br \/>1. Poner en el sitio web de FEIASOFI las presentaciones que hicieron los<br \/>participantes en la Asamblea.<br \/>2. FEIASOFI continuar\u00e1 financiando el sitio web de la OIbF y adem\u00e1s costear\u00e1 en<br \/>lo adelante las medallas de estas competencias.<br \/>3. Organizar una Reuni\u00f3n, Editores Revistas latinoamericanas de F\u00edsica\/IoP<br \/>3. Actividades por el IYQ2025.<br \/>\u2022 Realizar un evento con participaci\u00f3n de todas las asociaciones miembros de<br \/>FEIASOFI el pr\u00f3ximo d\u00eda 14\/4\/2025, D\u00eda internacional de la cu\u00e1ntica.<br \/>\u2022 Convocar un Concurso de videos (mudo)<br \/>\u2022 Cada pa\u00eds escribir\u00e1 un art\u00edculo, para un n\u00famero especial de la Revista Brasile\u00f1a<br \/>de Ense\u00f1anza de la F\u00edsica sobre el desarrollo de la Mec\u00e1nica Cu\u00e1ntica en AL.<\/p>\t\t\t\t\t\t\t\t<\/div>\n\t\t\t\t<\/div>\n\t\t\t\t\t<\/div>\n\t\t\t\t<\/div>\n\t\t\t\t<\/div>\n\t\t","protected":false},"excerpt":{"rendered":"<p>Acta de la X Asamblea General de la Federaci\u00f3n Iberoamericana de Sociedades de F\u00edsica FEIASOFI Acta de la X Asamblea General de la Federaci\u00f3n Iberoamericana de Sociedades de F\u00edsica FEIASOFILugar: Instituto de Matem\u00e1tica Aplicada. Universidad de San Luis, Argentina, 16 y 17 de septiembre de 2024 Participantes1. Dra. Mar\u00eda S\u00e1nchez. Presidente FEIASOFI y presidente Sociedad [&hellip;]<\/p>\n","protected":false},"author":1,"featured_media":0,"parent":0,"menu_order":0,"comment_status":"closed","ping_status":"closed","template":"elementor_header_footer","meta":{"footnotes":""},"class_list":["post-7574","page","type-page","status-publish","hentry"],"yoast_head":"<!-- This site is optimized with the Yoast SEO plugin v27.1.1 - https:\/\/yoast.com\/product\/yoast-seo-wordpress\/ -->\n<title>Acta de la X Asamblea General de la Federaci\u00f3n Iberoamericana de Sociedades de F\u00edsica FEIASOFI - Feiasofi<\/title>\n<meta name=\"robots\" content=\"index, follow, max-snippet:-1, max-image-preview:large, max-video-preview:-1\" \/>\n<link rel=\"canonical\" href=\"https:\/\/feiasofi.net\/?page_id=7574\" \/>\n<meta property=\"og:locale\" content=\"es_ES\" \/>\n<meta property=\"og:type\" content=\"article\" \/>\n<meta property=\"og:title\" content=\"Acta de la X Asamblea General de la Federaci\u00f3n Iberoamericana de Sociedades de F\u00edsica FEIASOFI - Feiasofi\" \/>\n<meta property=\"og:description\" content=\"Acta de la X Asamblea General de la Federaci\u00f3n Iberoamericana de Sociedades de F\u00edsica FEIASOFI Acta de la X Asamblea General de la Federaci\u00f3n Iberoamericana de Sociedades de F\u00edsica FEIASOFILugar: Instituto de Matem\u00e1tica Aplicada. Universidad de San Luis, Argentina, 16 y 17 de septiembre de 2024 Participantes1. Dra. Mar\u00eda S\u00e1nchez. Presidente FEIASOFI y presidente Sociedad [&hellip;]\" \/>\n<meta property=\"og:url\" content=\"https:\/\/feiasofi.net\/?page_id=7574\" \/>\n<meta property=\"og:site_name\" content=\"Feiasofi\" \/>\n<meta property=\"article:modified_time\" content=\"2025-04-23T08:05:34+00:00\" \/>\n<meta name=\"twitter:card\" content=\"summary_large_image\" \/>\n<meta name=\"twitter:label1\" content=\"Tiempo de lectura\" \/>\n\t<meta name=\"twitter:data1\" content=\"7 minutos\" \/>\n<script type=\"application\/ld+json\" class=\"yoast-schema-graph\">{\"@context\":\"https:\/\/schema.org\",\"@graph\":[{\"@type\":\"WebPage\",\"@id\":\"https:\/\/feiasofi.net\/?page_id=7574\",\"url\":\"https:\/\/feiasofi.net\/?page_id=7574\",\"name\":\"Acta de la X Asamblea General de la Federaci\u00f3n Iberoamericana de Sociedades de F\u00edsica FEIASOFI - Feiasofi\",\"isPartOf\":{\"@id\":\"https:\/\/feiasofi.net\/#website\"},\"datePublished\":\"2025-04-23T08:04:06+00:00\",\"dateModified\":\"2025-04-23T08:05:34+00:00\",\"breadcrumb\":{\"@id\":\"https:\/\/feiasofi.net\/?page_id=7574#breadcrumb\"},\"inLanguage\":\"es\",\"potentialAction\":[{\"@type\":\"ReadAction\",\"target\":[\"https:\/\/feiasofi.net\/?page_id=7574\"]}]},{\"@type\":\"BreadcrumbList\",\"@id\":\"https:\/\/feiasofi.net\/?page_id=7574#breadcrumb\",\"itemListElement\":[{\"@type\":\"ListItem\",\"position\":1,\"name\":\"Portada\",\"item\":\"https:\/\/feiasofi.net\/\"},{\"@type\":\"ListItem\",\"position\":2,\"name\":\"Acta de la X Asamblea General de la Federaci\u00f3n Iberoamericana de Sociedades de F\u00edsica FEIASOFI\"}]},{\"@type\":\"WebSite\",\"@id\":\"https:\/\/feiasofi.net\/#website\",\"url\":\"https:\/\/feiasofi.net\/\",\"name\":\"Feiasofi\",\"description\":\"\",\"potentialAction\":[{\"@type\":\"SearchAction\",\"target\":{\"@type\":\"EntryPoint\",\"urlTemplate\":\"https:\/\/feiasofi.net\/?s={search_term_string}\"},\"query-input\":{\"@type\":\"PropertyValueSpecification\",\"valueRequired\":true,\"valueName\":\"search_term_string\"}}],\"inLanguage\":\"es\"}]}<\/script>\n<!-- \/ Yoast SEO plugin. -->","yoast_head_json":{"title":"Acta de la X Asamblea General de la Federaci\u00f3n Iberoamericana de Sociedades de F\u00edsica FEIASOFI - Feiasofi","robots":{"index":"index","follow":"follow","max-snippet":"max-snippet:-1","max-image-preview":"max-image-preview:large","max-video-preview":"max-video-preview:-1"},"canonical":"https:\/\/feiasofi.net\/?page_id=7574","og_locale":"es_ES","og_type":"article","og_title":"Acta de la X Asamblea General de la Federaci\u00f3n Iberoamericana de Sociedades de F\u00edsica FEIASOFI - Feiasofi","og_description":"Acta de la X Asamblea General de la Federaci\u00f3n Iberoamericana de Sociedades de F\u00edsica FEIASOFI Acta de la X Asamblea General de la Federaci\u00f3n Iberoamericana de Sociedades de F\u00edsica FEIASOFILugar: Instituto de Matem\u00e1tica Aplicada. Universidad de San Luis, Argentina, 16 y 17 de septiembre de 2024 Participantes1. Dra. Mar\u00eda S\u00e1nchez. Presidente FEIASOFI y presidente Sociedad [&hellip;]","og_url":"https:\/\/feiasofi.net\/?page_id=7574","og_site_name":"Feiasofi","article_modified_time":"2025-04-23T08:05:34+00:00","twitter_card":"summary_large_image","twitter_misc":{"Tiempo de lectura":"7 minutos"},"schema":{"@context":"https:\/\/schema.org","@graph":[{"@type":"WebPage","@id":"https:\/\/feiasofi.net\/?page_id=7574","url":"https:\/\/feiasofi.net\/?page_id=7574","name":"Acta de la X Asamblea General de la Federaci\u00f3n Iberoamericana de Sociedades de F\u00edsica FEIASOFI - Feiasofi","isPartOf":{"@id":"https:\/\/feiasofi.net\/#website"},"datePublished":"2025-04-23T08:04:06+00:00","dateModified":"2025-04-23T08:05:34+00:00","breadcrumb":{"@id":"https:\/\/feiasofi.net\/?page_id=7574#breadcrumb"},"inLanguage":"es","potentialAction":[{"@type":"ReadAction","target":["https:\/\/feiasofi.net\/?page_id=7574"]}]},{"@type":"BreadcrumbList","@id":"https:\/\/feiasofi.net\/?page_id=7574#breadcrumb","itemListElement":[{"@type":"ListItem","position":1,"name":"Portada","item":"https:\/\/feiasofi.net\/"},{"@type":"ListItem","position":2,"name":"Acta de la X Asamblea General de la Federaci\u00f3n Iberoamericana de Sociedades de F\u00edsica FEIASOFI"}]},{"@type":"WebSite","@id":"https:\/\/feiasofi.net\/#website","url":"https:\/\/feiasofi.net\/","name":"Feiasofi","description":"","potentialAction":[{"@type":"SearchAction","target":{"@type":"EntryPoint","urlTemplate":"https:\/\/feiasofi.net\/?s={search_term_string}"},"query-input":{"@type":"PropertyValueSpecification","valueRequired":true,"valueName":"search_term_string"}}],"inLanguage":"es"}]}},"_links":{"self":[{"href":"https:\/\/feiasofi.net\/index.php?rest_route=\/wp\/v2\/pages\/7574","targetHints":{"allow":["GET"]}}],"collection":[{"href":"https:\/\/feiasofi.net\/index.php?rest_route=\/wp\/v2\/pages"}],"about":[{"href":"https:\/\/feiasofi.net\/index.php?rest_route=\/wp\/v2\/types\/page"}],"author":[{"embeddable":true,"href":"https:\/\/feiasofi.net\/index.php?rest_route=\/wp\/v2\/users\/1"}],"replies":[{"embeddable":true,"href":"https:\/\/feiasofi.net\/index.php?rest_route=%2Fwp%2Fv2%2Fcomments&post=7574"}],"version-history":[{"count":7,"href":"https:\/\/feiasofi.net\/index.php?rest_route=\/wp\/v2\/pages\/7574\/revisions"}],"predecessor-version":[{"id":7582,"href":"https:\/\/feiasofi.net\/index.php?rest_route=\/wp\/v2\/pages\/7574\/revisions\/7582"}],"wp:attachment":[{"href":"https:\/\/feiasofi.net\/index.php?rest_route=%2Fwp%2Fv2%2Fmedia&parent=7574"}],"curies":[{"name":"wp","href":"https:\/\/api.w.org\/{rel}","templated":true}]}}