{"id":7592,"date":"2025-04-23T08:10:42","date_gmt":"2025-04-23T08:10:42","guid":{"rendered":"https:\/\/feiasofi.net\/?page_id=7592"},"modified":"2025-05-27T15:46:38","modified_gmt":"2025-05-27T15:46:38","slug":"acta-de-la-ix-asamblea-de-feiasofi-2021","status":"publish","type":"page","link":"https:\/\/feiasofi.net\/?page_id=7592","title":{"rendered":"Acta de la IX Asamblea de FEIASOFI (2021)"},"content":{"rendered":"\t\t<div data-elementor-type=\"wp-page\" data-elementor-id=\"7592\" class=\"elementor elementor-7592\">\n\t\t\t\t<div class=\"elementor-element elementor-element-579875d e-flex e-con-boxed e-con e-parent\" data-id=\"579875d\" data-element_type=\"container\" data-e-type=\"container\">\n\t\t\t\t\t<div class=\"e-con-inner\">\n\t\t\t\t<div class=\"elementor-element elementor-element-14899da elementor-widget elementor-widget-heading\" data-id=\"14899da\" data-element_type=\"widget\" data-e-type=\"widget\" data-widget_type=\"heading.default\">\n\t\t\t\t<div class=\"elementor-widget-container\">\n\t\t\t\t\t<h2 class=\"elementor-heading-title elementor-size-default\">Acta de la IX Asamblea de FEIASOFI (2021)<\/h2>\t\t\t\t<\/div>\n\t\t\t\t<\/div>\n\t\t\t\t\t<\/div>\n\t\t\t\t<\/div>\n\t\t<div class=\"elementor-element elementor-element-ec580b5 e-flex e-con-boxed e-con e-parent\" data-id=\"ec580b5\" data-element_type=\"container\" data-e-type=\"container\">\n\t\t\t\t\t<div class=\"e-con-inner\">\n\t\t\t\t<div class=\"elementor-element elementor-element-4c2d836 elementor-widget elementor-widget-text-editor\" data-id=\"4c2d836\" data-element_type=\"widget\" data-e-type=\"widget\" data-widget_type=\"text-editor.default\">\n\t\t\t\t<div class=\"elementor-widget-container\">\n\t\t\t\t\t\t\t\t\t<p>El pasado 8 de Febrero de 2021 se realiz\u00f3, por videoconferencia la IX Asamblea General de la Federaci\u00f3n Iberoamericana de Sociedades de F\u00edsica (FEIASOFI).<\/p><p>En la reuni\u00f3n participaron representantes de las asociaciones de F\u00edsica de: Argentina, Brasil, Costa Rica, Cuba, Chile, Espa\u00f1a, Guatemala, Honduras, Nicaragua, Portugal, Rep\u00fablica Dominicana, Uruguay y Venezuela.<\/p><p>Dado que entre los objetivos de FEIASOFI est\u00e1 el de fortalecer los v\u00ednculos de cooperaci\u00f3n no solo entre las sociedades de fisica en Iberoam\u00e9rica, sino con otras asociaciones cient\u00edficas regionales e internacionales, participaron como invitados en la asamblea el Dr. Luis Huerta, director del Centro Latinoamericano de F\u00edsica (CLAF), la Dra. Silvina Ponce Dawson, presidente electa de la Uni\u00f3n Internacional de F\u00edsica Pura y Aplicada (IUPAP) y el Dr. Carlito Lariucci, miembro del secretariado permanente de las Olimpiadas Iberoamericanas de F\u00edsica (OIbF).<\/p><p>Los participantes expusieron la situaci\u00f3n de la pandemia por COVID-19 y las medidas adoptadas para mitigarla en cada pa\u00eds, haciendo \u00e9nfasis en lo relacionado con la educaci\u00f3n. En general, en este \u00e1mbito se han suspendido las clases presenciales en casi todos los niveles de ense\u00f1anza dando lugar al despliegue de variadas modalidades de aprendizaje a distancia (con mayor o menor uso de la tecnolog\u00eda). En la reuni\u00f3n se acord\u00f3 dar continuidad a este intercambio para advertir las consecuencias que estas medidas tendr\u00e1n sobre la educaci\u00f3n a corto y mediano plazo, y compartir experiencias que nos ayuden a enfrentar estos problemas de la mejor manera posible.<\/p><p>La Dra. Silvina Ponce Dawson, presidente electa IUPAP hizo una presentaci\u00f3n sobre el funcionamiento de esta organizaci\u00f3n, y manifest\u00f3 su intenci\u00f3n de estrechar los v\u00ednculos con FEIASOFI.<br \/>Los participantes reconocieron la necesidad de que FEIASOFI se involucre y tenga una mayor participaci\u00f3n en la organizaci\u00f3n de las Olimpiadas Iberoamericanas de F\u00edsica.<\/p><p>El Dr. Jos\u00e9 Adolfo de Azc\u00e1rraga presidente de la Real Sociedad Espa\u00f1ola de F\u00edsica (RSEF), propuso promover la cooperaci\u00f3n entre las revistas de f\u00edsica de los pa\u00edses miembros y puso a disposici\u00f3n de FEIASOFI algunos art\u00edculos publicados en la Revista de la RSEF ya sea para divulgaros en la p\u00e1gina web de FEIASOFI o publicarlos en las revistas de otras sociedades interesadas.<\/p><p>Por \u00faltimo, se eligi\u00f3 la junta directiva para el periodo 2018-2020 que qued\u00f3 integrada por: la Dra. Mar\u00eda S\u00e1nchez Colina de Cuba como Presidente, el Dr. Nabil Kawas de Honduras como Vicepresidente, el Dr. Jos\u00e9 Adolfo de Azc\u00e1rraga de Espa\u00f1a como Tesorero, como Vocal la Dra. Cecilia Stari de Uruguay y como Presidente saliente el Dr. Arturo Mart\u00ed de Uruguay.<\/p><p>Se reconoci\u00f3 el trabajo realizado por la directiva actual y se despidi\u00f3 al Dr. Antonio Ramirez Pastor que hasta ahora fungi\u00f3 como presidente saliente de la organizaci\u00f3n.<\/p>\t\t\t\t\t\t\t\t<\/div>\n\t\t\t\t<\/div>\n\t\t\t\t\t<\/div>\n\t\t\t\t<\/div>\n\t\t<div class=\"elementor-element elementor-element-68f2d10 e-flex e-con-boxed e-con e-parent\" data-id=\"68f2d10\" data-element_type=\"container\" data-e-type=\"container\">\n\t\t\t\t\t<div class=\"e-con-inner\">\n\t\t\t\t\t<\/div>\n\t\t\t\t<\/div>\n\t\t<div class=\"elementor-element elementor-element-871b8fb e-flex e-con-boxed e-con e-parent\" data-id=\"871b8fb\" data-element_type=\"container\" data-e-type=\"container\">\n\t\t\t\t\t<div class=\"e-con-inner\">\n\t\t\t\t<div class=\"elementor-element elementor-element-36ae79b elementor-widget elementor-widget-image\" data-id=\"36ae79b\" data-element_type=\"widget\" data-e-type=\"widget\" data-widget_type=\"image.default\">\n\t\t\t\t<div class=\"elementor-widget-container\">\n\t\t\t\t\t\t\t\t\t\t\t\t\t\t\t<img decoding=\"async\" src=\"https:\/\/feiasofi.net\/wp-content\/plugins\/elementor\/assets\/images\/placeholder.png\" title=\"\" alt=\"\" loading=\"lazy\" \/>\t\t\t\t\t\t\t\t\t\t\t\t\t\t\t<\/div>\n\t\t\t\t<\/div>\n\t\t\t\t\t<\/div>\n\t\t\t\t<\/div>\n\t\t<div class=\"elementor-element elementor-element-79cad79 e-flex e-con-boxed e-con e-parent\" data-id=\"79cad79\" data-element_type=\"container\" data-e-type=\"container\">\n\t\t\t\t\t<div class=\"e-con-inner\">\n\t\t\t\t<div class=\"elementor-element elementor-element-f5f0597 elementor-widget elementor-widget-heading\" data-id=\"f5f0597\" data-element_type=\"widget\" data-e-type=\"widget\" data-widget_type=\"heading.default\">\n\t\t\t\t<div class=\"elementor-widget-container\">\n\t\t\t\t\t<h2 class=\"elementor-heading-title elementor-size-default\">A\u00f1ade aqu\u00ed tu texto de cabecera<\/h2>\t\t\t\t<\/div>\n\t\t\t\t<\/div>\n\t\t\t\t\t<\/div>\n\t\t\t\t<\/div>\n\t\t\t\t<\/div>\n\t\t","protected":false},"excerpt":{"rendered":"<p>Acta de la IX Asamblea de FEIASOFI (2021) El pasado 8 de Febrero de 2021 se realiz\u00f3, por videoconferencia la IX Asamblea General de la Federaci\u00f3n Iberoamericana de Sociedades de F\u00edsica (FEIASOFI). En la reuni\u00f3n participaron representantes de las asociaciones de F\u00edsica de: Argentina, Brasil, Costa Rica, Cuba, Chile, Espa\u00f1a, Guatemala, Honduras, Nicaragua, Portugal, Rep\u00fablica [&hellip;]<\/p>\n","protected":false},"author":1,"featured_media":0,"parent":0,"menu_order":0,"comment_status":"closed","ping_status":"closed","template":"elementor_header_footer","meta":{"footnotes":""},"class_list":["post-7592","page","type-page","status-publish","hentry"],"yoast_head":"<!-- This site is optimized with the Yoast SEO plugin v27.1.1 - https:\/\/yoast.com\/product\/yoast-seo-wordpress\/ -->\n<title>Acta de la IX Asamblea de FEIASOFI (2021) - Feiasofi<\/title>\n<meta name=\"robots\" content=\"index, follow, max-snippet:-1, max-image-preview:large, max-video-preview:-1\" \/>\n<link rel=\"canonical\" href=\"https:\/\/feiasofi.net\/?page_id=7592\" \/>\n<meta property=\"og:locale\" content=\"es_ES\" \/>\n<meta property=\"og:type\" content=\"article\" \/>\n<meta property=\"og:title\" content=\"Acta de la IX Asamblea de FEIASOFI (2021) - Feiasofi\" \/>\n<meta property=\"og:description\" content=\"Acta de la IX Asamblea de FEIASOFI (2021) El pasado 8 de Febrero de 2021 se realiz\u00f3, por videoconferencia la IX Asamblea General de la Federaci\u00f3n Iberoamericana de Sociedades de F\u00edsica (FEIASOFI). En la reuni\u00f3n participaron representantes de las asociaciones de F\u00edsica de: Argentina, Brasil, Costa Rica, Cuba, Chile, Espa\u00f1a, Guatemala, Honduras, Nicaragua, Portugal, Rep\u00fablica [&hellip;]\" \/>\n<meta property=\"og:url\" content=\"https:\/\/feiasofi.net\/?page_id=7592\" \/>\n<meta property=\"og:site_name\" content=\"Feiasofi\" \/>\n<meta property=\"article:modified_time\" content=\"2025-05-27T15:46:38+00:00\" \/>\n<meta property=\"og:image\" content=\"https:\/\/feiasofi.net\/wp-content\/plugins\/elementor\/assets\/images\/placeholder.png\" \/>\n<meta name=\"twitter:card\" content=\"summary_large_image\" \/>\n<meta name=\"twitter:label1\" content=\"Tiempo de lectura\" \/>\n\t<meta name=\"twitter:data1\" content=\"3 minutos\" \/>\n<script type=\"application\/ld+json\" class=\"yoast-schema-graph\">{\"@context\":\"https:\/\/schema.org\",\"@graph\":[{\"@type\":\"WebPage\",\"@id\":\"https:\/\/feiasofi.net\/?page_id=7592\",\"url\":\"https:\/\/feiasofi.net\/?page_id=7592\",\"name\":\"Acta de la IX Asamblea de FEIASOFI (2021) - Feiasofi\",\"isPartOf\":{\"@id\":\"https:\/\/feiasofi.net\/#website\"},\"primaryImageOfPage\":{\"@id\":\"https:\/\/feiasofi.net\/?page_id=7592#primaryimage\"},\"image\":{\"@id\":\"https:\/\/feiasofi.net\/?page_id=7592#primaryimage\"},\"thumbnailUrl\":\"https:\/\/feiasofi.net\/wp-content\/plugins\/elementor\/assets\/images\/placeholder.png\",\"datePublished\":\"2025-04-23T08:10:42+00:00\",\"dateModified\":\"2025-05-27T15:46:38+00:00\",\"breadcrumb\":{\"@id\":\"https:\/\/feiasofi.net\/?page_id=7592#breadcrumb\"},\"inLanguage\":\"es\",\"potentialAction\":[{\"@type\":\"ReadAction\",\"target\":[\"https:\/\/feiasofi.net\/?page_id=7592\"]}]},{\"@type\":\"ImageObject\",\"inLanguage\":\"es\",\"@id\":\"https:\/\/feiasofi.net\/?page_id=7592#primaryimage\",\"url\":\"https:\/\/feiasofi.net\/wp-content\/plugins\/elementor\/assets\/images\/placeholder.png\",\"contentUrl\":\"https:\/\/feiasofi.net\/wp-content\/plugins\/elementor\/assets\/images\/placeholder.png\"},{\"@type\":\"BreadcrumbList\",\"@id\":\"https:\/\/feiasofi.net\/?page_id=7592#breadcrumb\",\"itemListElement\":[{\"@type\":\"ListItem\",\"position\":1,\"name\":\"Portada\",\"item\":\"https:\/\/feiasofi.net\/\"},{\"@type\":\"ListItem\",\"position\":2,\"name\":\"Acta de la IX Asamblea de FEIASOFI (2021)\"}]},{\"@type\":\"WebSite\",\"@id\":\"https:\/\/feiasofi.net\/#website\",\"url\":\"https:\/\/feiasofi.net\/\",\"name\":\"Feiasofi\",\"description\":\"\",\"potentialAction\":[{\"@type\":\"SearchAction\",\"target\":{\"@type\":\"EntryPoint\",\"urlTemplate\":\"https:\/\/feiasofi.net\/?s={search_term_string}\"},\"query-input\":{\"@type\":\"PropertyValueSpecification\",\"valueRequired\":true,\"valueName\":\"search_term_string\"}}],\"inLanguage\":\"es\"}]}<\/script>\n<!-- \/ Yoast SEO plugin. -->","yoast_head_json":{"title":"Acta de la IX Asamblea de FEIASOFI (2021) - Feiasofi","robots":{"index":"index","follow":"follow","max-snippet":"max-snippet:-1","max-image-preview":"max-image-preview:large","max-video-preview":"max-video-preview:-1"},"canonical":"https:\/\/feiasofi.net\/?page_id=7592","og_locale":"es_ES","og_type":"article","og_title":"Acta de la IX Asamblea de FEIASOFI (2021) - Feiasofi","og_description":"Acta de la IX Asamblea de FEIASOFI (2021) El pasado 8 de Febrero de 2021 se realiz\u00f3, por videoconferencia la IX Asamblea General de la Federaci\u00f3n Iberoamericana de Sociedades de F\u00edsica (FEIASOFI). En la reuni\u00f3n participaron representantes de las asociaciones de F\u00edsica de: Argentina, Brasil, Costa Rica, Cuba, Chile, Espa\u00f1a, Guatemala, Honduras, Nicaragua, Portugal, Rep\u00fablica [&hellip;]","og_url":"https:\/\/feiasofi.net\/?page_id=7592","og_site_name":"Feiasofi","article_modified_time":"2025-05-27T15:46:38+00:00","og_image":[{"url":"https:\/\/feiasofi.net\/wp-content\/plugins\/elementor\/assets\/images\/placeholder.png","type":"","width":"","height":""}],"twitter_card":"summary_large_image","twitter_misc":{"Tiempo de lectura":"3 minutos"},"schema":{"@context":"https:\/\/schema.org","@graph":[{"@type":"WebPage","@id":"https:\/\/feiasofi.net\/?page_id=7592","url":"https:\/\/feiasofi.net\/?page_id=7592","name":"Acta de la IX Asamblea de FEIASOFI (2021) - Feiasofi","isPartOf":{"@id":"https:\/\/feiasofi.net\/#website"},"primaryImageOfPage":{"@id":"https:\/\/feiasofi.net\/?page_id=7592#primaryimage"},"image":{"@id":"https:\/\/feiasofi.net\/?page_id=7592#primaryimage"},"thumbnailUrl":"https:\/\/feiasofi.net\/wp-content\/plugins\/elementor\/assets\/images\/placeholder.png","datePublished":"2025-04-23T08:10:42+00:00","dateModified":"2025-05-27T15:46:38+00:00","breadcrumb":{"@id":"https:\/\/feiasofi.net\/?page_id=7592#breadcrumb"},"inLanguage":"es","potentialAction":[{"@type":"ReadAction","target":["https:\/\/feiasofi.net\/?page_id=7592"]}]},{"@type":"ImageObject","inLanguage":"es","@id":"https:\/\/feiasofi.net\/?page_id=7592#primaryimage","url":"https:\/\/feiasofi.net\/wp-content\/plugins\/elementor\/assets\/images\/placeholder.png","contentUrl":"https:\/\/feiasofi.net\/wp-content\/plugins\/elementor\/assets\/images\/placeholder.png"},{"@type":"BreadcrumbList","@id":"https:\/\/feiasofi.net\/?page_id=7592#breadcrumb","itemListElement":[{"@type":"ListItem","position":1,"name":"Portada","item":"https:\/\/feiasofi.net\/"},{"@type":"ListItem","position":2,"name":"Acta de la IX Asamblea de FEIASOFI (2021)"}]},{"@type":"WebSite","@id":"https:\/\/feiasofi.net\/#website","url":"https:\/\/feiasofi.net\/","name":"Feiasofi","description":"","potentialAction":[{"@type":"SearchAction","target":{"@type":"EntryPoint","urlTemplate":"https:\/\/feiasofi.net\/?s={search_term_string}"},"query-input":{"@type":"PropertyValueSpecification","valueRequired":true,"valueName":"search_term_string"}}],"inLanguage":"es"}]}},"_links":{"self":[{"href":"https:\/\/feiasofi.net\/index.php?rest_route=\/wp\/v2\/pages\/7592","targetHints":{"allow":["GET"]}}],"collection":[{"href":"https:\/\/feiasofi.net\/index.php?rest_route=\/wp\/v2\/pages"}],"about":[{"href":"https:\/\/feiasofi.net\/index.php?rest_route=\/wp\/v2\/types\/page"}],"author":[{"embeddable":true,"href":"https:\/\/feiasofi.net\/index.php?rest_route=\/wp\/v2\/users\/1"}],"replies":[{"embeddable":true,"href":"https:\/\/feiasofi.net\/index.php?rest_route=%2Fwp%2Fv2%2Fcomments&post=7592"}],"version-history":[{"count":10,"href":"https:\/\/feiasofi.net\/index.php?rest_route=\/wp\/v2\/pages\/7592\/revisions"}],"predecessor-version":[{"id":8924,"href":"https:\/\/feiasofi.net\/index.php?rest_route=\/wp\/v2\/pages\/7592\/revisions\/8924"}],"wp:attachment":[{"href":"https:\/\/feiasofi.net\/index.php?rest_route=%2Fwp%2Fv2%2Fmedia&parent=7592"}],"curies":[{"name":"wp","href":"https:\/\/api.w.org\/{rel}","templated":true}]}}