{"id":7610,"date":"2025-04-23T08:16:16","date_gmt":"2025-04-23T08:16:16","guid":{"rendered":"https:\/\/feiasofi.net\/?page_id=7610"},"modified":"2025-04-23T08:17:44","modified_gmt":"2025-04-23T08:17:44","slug":"acta-de-la-vii-asamblea-de-feiasofi-2018","status":"publish","type":"page","link":"https:\/\/feiasofi.net\/?page_id=7610","title":{"rendered":"Acta de la VII Asamblea de FEIASOFI (2018)"},"content":{"rendered":"\t\t<div data-elementor-type=\"wp-page\" data-elementor-id=\"7610\" class=\"elementor elementor-7610\">\n\t\t\t\t<div class=\"elementor-element elementor-element-7cd3d9f e-flex e-con-boxed e-con e-parent\" data-id=\"7cd3d9f\" data-element_type=\"container\" data-e-type=\"container\">\n\t\t\t\t\t<div class=\"e-con-inner\">\n\t\t\t\t<div class=\"elementor-element elementor-element-8090a72 elementor-widget elementor-widget-heading\" data-id=\"8090a72\" data-element_type=\"widget\" data-e-type=\"widget\" data-widget_type=\"heading.default\">\n\t\t\t\t<div class=\"elementor-widget-container\">\n\t\t\t\t\t<h2 class=\"elementor-heading-title elementor-size-default\">Acta de la VII Asamblea de FEIASOFI (2018)<\/h2>\t\t\t\t<\/div>\n\t\t\t\t<\/div>\n\t\t\t\t\t<\/div>\n\t\t\t\t<\/div>\n\t\t<div class=\"elementor-element elementor-element-c1c5ac7 e-flex e-con-boxed e-con e-parent\" data-id=\"c1c5ac7\" data-element_type=\"container\" data-e-type=\"container\">\n\t\t\t\t\t<div class=\"e-con-inner\">\n\t\t\t\t<div class=\"elementor-element elementor-element-29b180d elementor-widget elementor-widget-text-editor\" data-id=\"29b180d\" data-element_type=\"widget\" data-e-type=\"widget\" data-widget_type=\"text-editor.default\">\n\t\t\t\t<div class=\"elementor-widget-container\">\n\t\t\t\t\t\t\t\t\t<h1 class=\"western\" lang=\"es-ES\"><strong>Acta de la VII Asamblea General<\/strong><\/h1><h1 class=\"western\" lang=\"es-AR\"><strong>15 y 16 de Febrero de 2018<br \/>La Habana, Cuba<\/strong><\/h1><h1 class=\"western\" lang=\"es-AR\">\u201c<span lang=\"es-ES\"><em><strong>conmemorando los 100 a\u00f1os de la Reforma Universitaria de C\u00f3rdoba\u201d<\/strong><\/em><\/span><\/h1><p class=\"western\" lang=\"es-AR\"><strong>Lugar<\/strong>: Edificio \u201cEnrique Jos\u00e9 Varona\u201d, Universidad de La Habana, Cuba.<\/p><p class=\"western\" lang=\"es-AR\"><strong>Sociedades presentes:<\/strong><\/p><ul><li><p class=\"western\" lang=\"es-AR\">Argentina<\/p><\/li><li><p class=\"western\" lang=\"es-AR\">Brasil<\/p><\/li><li><p class=\"western\" lang=\"es-AR\">Colombia<\/p><\/li><li><p class=\"western\" lang=\"es-AR\">Cuba<\/p><\/li><li><p class=\"western\" lang=\"es-AR\">Chile<\/p><\/li><li><p class=\"western\" lang=\"es-AR\">El Salvador<\/p><\/li><li><p class=\"western\" lang=\"es-AR\">Espa\u00f1a<\/p><\/li><li><p class=\"western\" lang=\"es-AR\">Honduras<\/p><\/li><li><p class=\"western\" lang=\"es-AR\">M\u00e9xico<\/p><\/li><li><p class=\"western\" lang=\"es-AR\">Uruguay<\/p><\/li><\/ul><p class=\"western\" lang=\"es-AR\"><br \/><strong>Sociedades excusadas:<\/strong>Bolivia, Costa Rica, Ecuador, Guatemala, Nicaragua, Panam\u00e1, Paraguay, Per\u00fa, Rep\u00fablica Dominicana, Venezuela.<\/p><p class=\"western\" lang=\"es-AR\"><br \/><strong>Invitad<\/strong><strong>os<\/strong>: el director de Centro Latinoamericano de F\u00edsica (CLAF), directivos de la Sociedad Americana de F\u00edsica (APS), el director del Instituto de Energ\u00edas Renovables (IER) de la UNAM, M\u00e9xico y el Dr. Francisco Tamarit, designado por la UNESCO coordinador general de la conferencia regional de educaci\u00f3n superior para Am\u00e9rica Latina y el Caribe (CRES 2018). El Dr. Tamarit fue rector de la Universidad de C\u00f3rdoba, Argentina y presidente de la Asociaci\u00f3n Argentina de F\u00edsica.<\/p><p class=\"western\" lang=\"es-AR\">\u00a0<\/p><p class=\"western\" lang=\"es-AR\"><strong>Dia jueves 15 de febrero<\/strong><\/p><p class=\"western\" lang=\"es-AR\">\u00a0<\/p><p class=\"western\" lang=\"es-AR\"><strong>Acto de apertura:<\/strong>La inauguraci\u00f3n se celebr\u00f3 con la ceremonia \u201c40 a\u00f1os de la Sociedad Cubana de F\u00edsica\u201d en el Aula Magna de la Universidad de La Habana y cont\u00f3 con la participaci\u00f3n del presidente de la Academia de Ciencias de Cuba, Dr. Cs. Luis Vel\u00e1zquez P\u00e9rez. En el acto se entregaron reconocimientos a los anteriores presidentes de la Sociedad Cubana de F\u00edsica y a asociaciones hom\u00f3logas como, la Sociedad Mexicana de F\u00edsica (SMF) y la APS por el apoyo brindado a la comunidad de f\u00edsicos cubanos. Especial reconocimiento recibi\u00f3 el CLAF por el apoyo sostenido que ha ofrecido al desarrollo de la F\u00edsica en Cuba.<\/p><p class=\"western\" lang=\"es-AR\">\u00a0<\/p><p class=\"western\" lang=\"es-AR\">1. El presidente Dr. Antonio Ram\u00edrez presenta el Informe de lo actuado.<\/p><p class=\"western\" lang=\"es-AR\">2. Presentaci\u00f3n de las sociedades asistentes miembros de FEIAFOFI, cada una de las sociedades presentes expuso brevemente la situaci\u00f3n actual de la respectiva sociedad.<\/p><p class=\"western\" lang=\"es-AR\">3. El Dr. Carlos Trallero, Director de Centro Latino-Americano de F\u00edsica (CLAF) present\u00f3 un resumen de los proyectos en marcha.<\/p><p class=\"western\" lang=\"es-AR\">4. La Dra. Kate Kirby, Directora Ejecutiva APS realiz\u00f3 una breve presentaci\u00f3n de la American Physical Society (APS) y de las relaciones con Iberoamerica.<\/p><p class=\"western\" lang=\"es-AR\">5. El Dr. Antonio del R\u00edo expuso un resumen de las actividades que lleva adelante la Unidad CLAF Energ\u00edas Renovables.<\/p><p class=\"western\" lang=\"es-AR\">6. Conferencia \u201cLa educaci\u00f3n superior como un bien social a cien a\u00f1osde la reforma\u201d, Dr. Francisco A. Tamarit, Coordinador General de la Conferencia Regional de Educaci\u00f3n Superior para Am\u00e9rica Latina y el Caribe CRES 2018.<\/p><p class=\"western\" lang=\"es-AR\">\u00a0<\/p><p class=\"western\" lang=\"es-AR\">\u00a0<\/p><p class=\"western\" lang=\"es-AR\">\u00a0<\/p><p class=\"western\" lang=\"es-AR\">\u00a0<\/p><p class=\"western\" lang=\"es-AR\"><strong>Dia viernes 16 de febrero<\/strong><\/p><p class=\"western\" lang=\"es-AR\">\u00a0<\/p><p class=\"western\" lang=\"es-AR\">7. Financiamiento de FEIASOFI y Cuotas societarias. En la reuni\u00f3n se hicieron importantes compromisos para fortalecer el papel de la FEIASOFI en la regi\u00f3n para lo que se firm\u00f3 un acuerdo de reciprocidad de derechos para los miembros de las asociaciones de los pa\u00edses integrantes. Se adopt\u00f3 un nuevo criterio para el pago de las cuotas de membres\u00eda. Se establecen las siguientes tres categor\u00edas para el pago de cuotas:<\/p><p class=\"western\" lang=\"es-AR\">Sociedades del orden de 100 socios \u2192 300 d\u00f3lares anuales<\/p><p class=\"western\" lang=\"es-AR\">Sociedades del orden de mil socios \u2192 1000 d\u00f3lares anuales<\/p><p class=\"western\" lang=\"es-AR\">Sociedades de 2 mil socios en adelante \u2192 2000 d\u00f3lares anuales<\/p><p class=\"western\" lang=\"es-AR\">8. Divisiones tem\u00e1ticas. Se eval\u00faa que el funcionamiento no ha sido bueno hasta el momento. Hubo varios intentos que tuvieron poca actividad. Se evaluan alternativas y se propone dejar este tema para m\u00e1s adelante y re formularlo en las pr\u00f3ximas reuniones.<\/p><p class=\"western\" lang=\"es-AR\">9. Definici\u00f3n de regiones dentro de FEIASOFI. Se resuelve establecer regiones que en el futuro ser\u00e1n encargadas de hacer la reuni\u00f3n bianual de FEIASOFI en forma rotativa. Estas reuniones podr\u00edan ser coincidentes con el congreso de alguna de las asociaciones de los pa\u00edses miembros.<\/p><p class=\"western\" lang=\"es-AR\">* Cono Sur (Argentina, Brasil, Chile, Paraguay, Uruguay)<\/p><p class=\"western\" lang=\"es-AR\">* Regi\u00f3n Andina (Bolivia, Per\u00fa, Ecuador, Colombia, Venezuela)<\/p><p class=\"western\" lang=\"es-AR\">* M\u00e9xico y Am\u00e9rica Central (Panam\u00e1, Costa Rica, El Salvador, Honduras, Nicaragua, Guatemala, Cuba, Rep\u00fablica Dominicana, Cuba, M\u00e9xico)<\/p><p class=\"western\" lang=\"es-AR\">* Europa (Espa\u00f1a y Portugal)<\/p><p class=\"western\" lang=\"es-AR\">\u00a0<\/p><p class=\"western\" lang=\"es-AR\">10. Acciones de FEIASOFI: Auspicio y relevamiento de eventos internacionales (congresos, escuelas, etc.). Se propone crear un mecanismo para otorgar auspicios a reuniones cient\u00edficas con mecanismos similares a las IUPAP. Este mecanismo podr\u00eda servir para apoyar actividades en regiones menos desarrolladas. Tambi\u00e9n se propone utilizar una intranet para gerenciar reuniones.<\/p><p class=\"western\" lang=\"es-AR\">\u00a0<\/p><p class=\"western\" lang=\"es-AR\">11. Olimpiadas de F\u00edsica. Se resolv\u00edo retomar el apoyo a la organizaci\u00f3n de la Olimpiada Iberoamericana de F\u00edsica y coauspiciar la reci\u00e9n creada Olimpiada Latinoamericana de F\u00edsica (OLUF).<\/p><p class=\"western\" lang=\"es-AR\">\u00a0<\/p><p class=\"western\" lang=\"es-AR\">12. Medios de difusi\u00f3n. Se resuelve mantener y profundizar la presencia en redes sociales. Asimismo se decidi\u00f3 editar un bolet\u00edn de noticias trimestral, y estudiar la posibilidad de editar un nuevo libro blanco.<\/p><p class=\"western\" lang=\"es-AR\">\u00a0<\/p><p class=\"western\" lang=\"es-AR\">13. Relaciones con otras sociedades. Se resuelve establecer o ahondar los contactos con IOP, APS, EPS y CLAF.<\/p><p class=\"western\" lang=\"es-AR\">14. Se propone reunir a los editores de las revistas de las sociedades miembro. Queda el tema planteado para la pr\u00f3xima reuni\u00f3n.<\/p><p class=\"western\" lang=\"es-AR\">\u00a0<\/p><p class=\"western\" lang=\"es-AR\">15. Se eligi\u00f3 la junta directiva para el periodo 2018-2020 que qued\u00f3 integrada por:<\/p><ul><li><p class=\"western\" lang=\"es-AR\">Presidente: Dr. Arturo Mart\u00ed (Uruguay)<\/p><\/li><li><p class=\"western\" lang=\"es-AR\">Vicepresidente: Dra. Mar\u00eda S\u00e1nchez Colina (Cuba)<\/p><\/li><li><p class=\"western\" lang=\"es-AR\">Tesorero: Dr. Jos\u00e9 Adolfo de Azcarraga (Espa\u00f1a)<\/p><\/li><li><p class=\"western\" lang=\"es-AR\">Secretario: Dr. Dar\u00edo N\u00fa\u00f1ez (M\u00e9xico)<\/p><\/li><li><p class=\"western\" lang=\"es-AR\">Vocal: Dr. Marcos Pimenta (Brasil)<\/p><\/li><li><p class=\"western\" lang=\"es-AR\">Vocal: Dr. Hernando Ariza (Colombia)<\/p><\/li><li><p class=\"western\" lang=\"es-AR\">Presidente saliente: Dr. Antonio J. Ram\u00edrez Pastor (Argentina).<\/p><\/li><\/ul>\t\t\t\t\t\t\t\t<\/div>\n\t\t\t\t<\/div>\n\t\t\t\t\t<\/div>\n\t\t\t\t<\/div>\n\t\t\t\t<\/div>\n\t\t","protected":false},"excerpt":{"rendered":"<p>Acta de la VII Asamblea de FEIASOFI (2018) Acta de la VII Asamblea General 15 y 16 de Febrero de 2018La Habana, Cuba \u201cconmemorando los 100 a\u00f1os de la Reforma Universitaria de C\u00f3rdoba\u201d Lugar: Edificio \u201cEnrique Jos\u00e9 Varona\u201d, Universidad de La Habana, Cuba. Sociedades presentes: Argentina Brasil Colombia Cuba Chile El Salvador Espa\u00f1a Honduras M\u00e9xico [&hellip;]<\/p>\n","protected":false},"author":1,"featured_media":0,"parent":0,"menu_order":0,"comment_status":"closed","ping_status":"closed","template":"elementor_header_footer","meta":{"footnotes":""},"class_list":["post-7610","page","type-page","status-publish","hentry"],"yoast_head":"<!-- This site is optimized with the Yoast SEO plugin v27.1.1 - https:\/\/yoast.com\/product\/yoast-seo-wordpress\/ -->\n<title>Acta de la VII Asamblea de FEIASOFI (2018) - Feiasofi<\/title>\n<meta name=\"robots\" content=\"index, follow, max-snippet:-1, max-image-preview:large, max-video-preview:-1\" \/>\n<link rel=\"canonical\" href=\"https:\/\/feiasofi.net\/?page_id=7610\" \/>\n<meta property=\"og:locale\" content=\"es_ES\" \/>\n<meta property=\"og:type\" content=\"article\" \/>\n<meta property=\"og:title\" content=\"Acta de la VII Asamblea de FEIASOFI (2018) - Feiasofi\" \/>\n<meta property=\"og:description\" content=\"Acta de la VII Asamblea de FEIASOFI (2018) Acta de la VII Asamblea General 15 y 16 de Febrero de 2018La Habana, Cuba \u201cconmemorando los 100 a\u00f1os de la Reforma Universitaria de C\u00f3rdoba\u201d Lugar: Edificio \u201cEnrique Jos\u00e9 Varona\u201d, Universidad de La Habana, Cuba. Sociedades presentes: Argentina Brasil Colombia Cuba Chile El Salvador Espa\u00f1a Honduras M\u00e9xico [&hellip;]\" \/>\n<meta property=\"og:url\" content=\"https:\/\/feiasofi.net\/?page_id=7610\" \/>\n<meta property=\"og:site_name\" content=\"Feiasofi\" \/>\n<meta property=\"article:modified_time\" content=\"2025-04-23T08:17:44+00:00\" \/>\n<meta name=\"twitter:card\" content=\"summary_large_image\" \/>\n<meta name=\"twitter:label1\" content=\"Tiempo de lectura\" \/>\n\t<meta name=\"twitter:data1\" content=\"4 minutos\" \/>\n<script type=\"application\/ld+json\" class=\"yoast-schema-graph\">{\"@context\":\"https:\/\/schema.org\",\"@graph\":[{\"@type\":\"WebPage\",\"@id\":\"https:\/\/feiasofi.net\/?page_id=7610\",\"url\":\"https:\/\/feiasofi.net\/?page_id=7610\",\"name\":\"Acta de la VII Asamblea de FEIASOFI (2018) - Feiasofi\",\"isPartOf\":{\"@id\":\"https:\/\/feiasofi.net\/#website\"},\"datePublished\":\"2025-04-23T08:16:16+00:00\",\"dateModified\":\"2025-04-23T08:17:44+00:00\",\"breadcrumb\":{\"@id\":\"https:\/\/feiasofi.net\/?page_id=7610#breadcrumb\"},\"inLanguage\":\"es\",\"potentialAction\":[{\"@type\":\"ReadAction\",\"target\":[\"https:\/\/feiasofi.net\/?page_id=7610\"]}]},{\"@type\":\"BreadcrumbList\",\"@id\":\"https:\/\/feiasofi.net\/?page_id=7610#breadcrumb\",\"itemListElement\":[{\"@type\":\"ListItem\",\"position\":1,\"name\":\"Portada\",\"item\":\"https:\/\/feiasofi.net\/\"},{\"@type\":\"ListItem\",\"position\":2,\"name\":\"Acta de la VII Asamblea de FEIASOFI (2018)\"}]},{\"@type\":\"WebSite\",\"@id\":\"https:\/\/feiasofi.net\/#website\",\"url\":\"https:\/\/feiasofi.net\/\",\"name\":\"Feiasofi\",\"description\":\"\",\"potentialAction\":[{\"@type\":\"SearchAction\",\"target\":{\"@type\":\"EntryPoint\",\"urlTemplate\":\"https:\/\/feiasofi.net\/?s={search_term_string}\"},\"query-input\":{\"@type\":\"PropertyValueSpecification\",\"valueRequired\":true,\"valueName\":\"search_term_string\"}}],\"inLanguage\":\"es\"}]}<\/script>\n<!-- \/ Yoast SEO plugin. -->","yoast_head_json":{"title":"Acta de la VII Asamblea de FEIASOFI (2018) - Feiasofi","robots":{"index":"index","follow":"follow","max-snippet":"max-snippet:-1","max-image-preview":"max-image-preview:large","max-video-preview":"max-video-preview:-1"},"canonical":"https:\/\/feiasofi.net\/?page_id=7610","og_locale":"es_ES","og_type":"article","og_title":"Acta de la VII Asamblea de FEIASOFI (2018) - Feiasofi","og_description":"Acta de la VII Asamblea de FEIASOFI (2018) Acta de la VII Asamblea General 15 y 16 de Febrero de 2018La Habana, Cuba \u201cconmemorando los 100 a\u00f1os de la Reforma Universitaria de C\u00f3rdoba\u201d Lugar: Edificio \u201cEnrique Jos\u00e9 Varona\u201d, Universidad de La Habana, Cuba. Sociedades presentes: Argentina Brasil Colombia Cuba Chile El Salvador Espa\u00f1a Honduras M\u00e9xico [&hellip;]","og_url":"https:\/\/feiasofi.net\/?page_id=7610","og_site_name":"Feiasofi","article_modified_time":"2025-04-23T08:17:44+00:00","twitter_card":"summary_large_image","twitter_misc":{"Tiempo de lectura":"4 minutos"},"schema":{"@context":"https:\/\/schema.org","@graph":[{"@type":"WebPage","@id":"https:\/\/feiasofi.net\/?page_id=7610","url":"https:\/\/feiasofi.net\/?page_id=7610","name":"Acta de la VII Asamblea de FEIASOFI (2018) - Feiasofi","isPartOf":{"@id":"https:\/\/feiasofi.net\/#website"},"datePublished":"2025-04-23T08:16:16+00:00","dateModified":"2025-04-23T08:17:44+00:00","breadcrumb":{"@id":"https:\/\/feiasofi.net\/?page_id=7610#breadcrumb"},"inLanguage":"es","potentialAction":[{"@type":"ReadAction","target":["https:\/\/feiasofi.net\/?page_id=7610"]}]},{"@type":"BreadcrumbList","@id":"https:\/\/feiasofi.net\/?page_id=7610#breadcrumb","itemListElement":[{"@type":"ListItem","position":1,"name":"Portada","item":"https:\/\/feiasofi.net\/"},{"@type":"ListItem","position":2,"name":"Acta de la VII Asamblea de FEIASOFI (2018)"}]},{"@type":"WebSite","@id":"https:\/\/feiasofi.net\/#website","url":"https:\/\/feiasofi.net\/","name":"Feiasofi","description":"","potentialAction":[{"@type":"SearchAction","target":{"@type":"EntryPoint","urlTemplate":"https:\/\/feiasofi.net\/?s={search_term_string}"},"query-input":{"@type":"PropertyValueSpecification","valueRequired":true,"valueName":"search_term_string"}}],"inLanguage":"es"}]}},"_links":{"self":[{"href":"https:\/\/feiasofi.net\/index.php?rest_route=\/wp\/v2\/pages\/7610","targetHints":{"allow":["GET"]}}],"collection":[{"href":"https:\/\/feiasofi.net\/index.php?rest_route=\/wp\/v2\/pages"}],"about":[{"href":"https:\/\/feiasofi.net\/index.php?rest_route=\/wp\/v2\/types\/page"}],"author":[{"embeddable":true,"href":"https:\/\/feiasofi.net\/index.php?rest_route=\/wp\/v2\/users\/1"}],"replies":[{"embeddable":true,"href":"https:\/\/feiasofi.net\/index.php?rest_route=%2Fwp%2Fv2%2Fcomments&post=7610"}],"version-history":[{"count":7,"href":"https:\/\/feiasofi.net\/index.php?rest_route=\/wp\/v2\/pages\/7610\/revisions"}],"predecessor-version":[{"id":7618,"href":"https:\/\/feiasofi.net\/index.php?rest_route=\/wp\/v2\/pages\/7610\/revisions\/7618"}],"wp:attachment":[{"href":"https:\/\/feiasofi.net\/index.php?rest_route=%2Fwp%2Fv2%2Fmedia&parent=7610"}],"curies":[{"name":"wp","href":"https:\/\/api.w.org\/{rel}","templated":true}]}}