{"id":7628,"date":"2025-04-23T08:22:04","date_gmt":"2025-04-23T08:22:04","guid":{"rendered":"https:\/\/feiasofi.net\/?page_id=7628"},"modified":"2025-04-23T08:23:16","modified_gmt":"2025-04-23T08:23:16","slug":"acta-de-las-elecciones-de-feiasofi-2014","status":"publish","type":"page","link":"https:\/\/feiasofi.net\/?page_id=7628","title":{"rendered":"Acta de las elecciones de FEIASOFI (2014)"},"content":{"rendered":"\t\t<div data-elementor-type=\"wp-page\" data-elementor-id=\"7628\" class=\"elementor elementor-7628\">\n\t\t\t\t<div class=\"elementor-element elementor-element-f74eeda e-flex e-con-boxed e-con e-parent\" data-id=\"f74eeda\" data-element_type=\"container\" data-e-type=\"container\">\n\t\t\t\t\t<div class=\"e-con-inner\">\n\t\t\t\t<div class=\"elementor-element elementor-element-c868e20 elementor-widget elementor-widget-heading\" data-id=\"c868e20\" data-element_type=\"widget\" data-e-type=\"widget\" data-widget_type=\"heading.default\">\n\t\t\t\t<div class=\"elementor-widget-container\">\n\t\t\t\t\t<h2 class=\"elementor-heading-title elementor-size-default\">Acta de las elecciones de FEIASOFI (2014)<\/h2>\t\t\t\t<\/div>\n\t\t\t\t<\/div>\n\t\t\t\t\t<\/div>\n\t\t\t\t<\/div>\n\t\t<div class=\"elementor-element elementor-element-ab791b2 e-flex e-con-boxed e-con e-parent\" data-id=\"ab791b2\" data-element_type=\"container\" data-e-type=\"container\">\n\t\t\t\t\t<div class=\"e-con-inner\">\n\t\t\t\t<div class=\"elementor-element elementor-element-2ad1749 elementor-widget elementor-widget-text-editor\" data-id=\"2ad1749\" data-element_type=\"widget\" data-e-type=\"widget\" data-widget_type=\"text-editor.default\">\n\t\t\t\t<div class=\"elementor-widget-container\">\n\t\t\t\t\t\t\t\t\t<p class=\"western\" lang=\"pt-BR\"><span lang=\"es-ES-u-co-trad\">Siendo la hora catorce con veinte minutos del d\u00eda quince de octubre de dos mil catorce, en el sal\u00f3n del centro de convenciones FAURGS, Gramado, Rio Grande Del Sul, Brasil, comienza la reuni\u00f3n de elecci\u00f3n de autoridades para el periodo 2014-2016 de la Federaci\u00f3n Iberoamericana de Sociedades de F\u00edsica (FEIASOFI).<\/span><\/p><p class=\"western\" lang=\"pt-BR\"><span lang=\"es-ES-u-co-trad\">Preside la sesi\u00f3n el Dr. Humberto Brandi y adem\u00e1s se encuentran presentes Carlos Gonz\u00e1lez, Paraguay; Antonio Jos\u00e9 Ramirez Pastor, Argentina; Eduardo Fausto, Ecuador; Fabiola Ar\u00e9valo Reyes, Chile; Gerardo Jos\u00e9 Padilla V\u00edquez, Costa Rica; Ricardo Galv\u00e3o, Brasil; \u00cdtalo Carlos Bove Vanzulli, Uruguay; Jorge Luis N\u00fa\u00f1ez, Panam\u00e1; Jos\u00e9 Herman Mu\u00f1oz, Colombia; Juan Evertsz, Rep\u00fablica Dominicana; Mar\u00eda S\u00e1nchez Colina, Cuba; Mirko Raljevic, Bolivia y\u00a0<\/span><span lang=\"es-ES-u-co-trad\">Pablo H\u00e9ctor Rivera<\/span><span lang=\"es-ES-u-co-trad\">, Per\u00fa. Los representantes de Venezuela, Espa\u00f1a y Portugal justificaron su inasistencia a la reuni\u00f3n.<\/span><\/p><p class=\"western\" lang=\"pt-BR\"><span lang=\"es-ES-u-co-trad\">El presidente Humberto Brandi abre la discusi\u00f3n pidiendo la sugerencia de nombres para los nuevos miembros del comit\u00e9 ejecutivo y haciendo su propia propuesta: Antonio Jos\u00e9 Ramirez Pastor para presidente y Ricardo Galv\u00e3o para secretario o tesorero. Los presentes se suman a la discusi\u00f3n, de la cual resulta por unanimidad la siguiente lista de autoridades de FEIASOFI para el periodo 2014-2016.<\/span><\/p><p class=\"western\" lang=\"pt-BR\"><span lang=\"es-ES-u-co-trad\">Presidente: Antonio Jos\u00e9 Ramirez Pastor (Argentina).<\/span><\/p><p class=\"western\" lang=\"pt-BR\"><span lang=\"es-ES-u-co-trad\">Vice-presidente: Gerardo Jos\u00e9 Padilla V\u00edquez (Costa Rica).<\/span><\/p><p class=\"western\" lang=\"pt-BR\"><span lang=\"es-ES-u-co-trad\">Secretaria: Mar\u00eda S\u00e1nchez Colina (Cuba).<\/span><\/p><p class=\"western\" lang=\"pt-BR\"><span lang=\"es-ES-u-co-trad\">Tesorero Ricardo Galv\u00e3o (Brasil).<\/span><\/p><p class=\"western\" lang=\"pt-BR\"><span lang=\"es-ES-u-co-trad\">Primer vocal: Pablo H\u00e9ctor Rivera (Per\u00fa).<\/span><\/p><p class=\"western\" lang=\"pt-BR\"><span lang=\"es-ES-u-co-trad\">Segundo vocal: Abierto, con la recomendaci\u00f3n de que sea M\u00e9xico o Espa\u00f1a.<\/span><\/p><p class=\"western\" lang=\"pt-BR\"><span lang=\"es-ES-u-co-trad\">A las diecis\u00e9is horas y cincuenta minutos Antonio Jos\u00e9 toma posesi\u00f3n como presidente de FEIASOFI y, juntamente con Gerardo, agradece a todos por la confianza recibida. A continuaci\u00f3n se abre un corto pero fruct\u00edfero intercambio de ideas en donde surgen varias propuestas. Entre ellas, Antonio Jos\u00e9 propone que las reuniones de FEIASOFI sean rotativas entre los diferentes pa\u00edses que participan de la federaci\u00f3n, y que las mismas sean acompa\u00f1adas por invitados en \u00e1reas de inter\u00e9s como educaci\u00f3n y metrolog\u00eda. Tomando esta propuesta, Eduardo Fausto ofrece que la pr\u00f3xima reuni\u00f3n correspondiente al a\u00f1o 2016 se lleve a cabo en Ecuador, junto a un evento cient\u00edfico en un \u00e1rea de la f\u00edsica a determinar. Humberto retoma la discusi\u00f3n del d\u00eda anterior relacionada a la revista de la federaci\u00f3n, y se decide delegar a Gerardo Padilla para que junto a Gerardo Delgado y \u00c1ngel Rubio analicen alternativas de publicaci\u00f3n y elaboren una plantilla destinada a autores que deseen publicar en la revista. Fabiola se refiere a la importancia de que todas las sociedades tengan una p\u00e1gina web y compromete su ayuda en este tema a Paraguay, Ecuador y Rep\u00fablica Dominicana, quienes no poseen esta herramienta de comunicaci\u00f3n. Finalmente, Humberto informa a Antonio Jos\u00e9 sobre algunas actividades protocolares a realizarse en los pr\u00f3ximos d\u00edas y a las que FEIASOFI ha sido invitada.<\/span><\/p><p class=\"western\" lang=\"es-ES-u-co-trad\">Siendo la hora diecisiete con cuatro minutos se da por finalizada la reuni\u00f3n.<\/p>\t\t\t\t\t\t\t\t<\/div>\n\t\t\t\t<\/div>\n\t\t\t\t\t<\/div>\n\t\t\t\t<\/div>\n\t\t\t\t<\/div>\n\t\t","protected":false},"excerpt":{"rendered":"<p>Acta de las elecciones de FEIASOFI (2014) Siendo la hora catorce con veinte minutos del d\u00eda quince de octubre de dos mil catorce, en el sal\u00f3n del centro de convenciones FAURGS, Gramado, Rio Grande Del Sul, Brasil, comienza la reuni\u00f3n de elecci\u00f3n de autoridades para el periodo 2014-2016 de la Federaci\u00f3n Iberoamericana de Sociedades de [&hellip;]<\/p>\n","protected":false},"author":1,"featured_media":0,"parent":0,"menu_order":0,"comment_status":"closed","ping_status":"closed","template":"elementor_header_footer","meta":{"footnotes":""},"class_list":["post-7628","page","type-page","status-publish","hentry"],"yoast_head":"<!-- This site is optimized with the Yoast SEO plugin v27.1.1 - https:\/\/yoast.com\/product\/yoast-seo-wordpress\/ -->\n<title>Acta de las elecciones de FEIASOFI (2014) - Feiasofi<\/title>\n<meta name=\"robots\" content=\"index, follow, max-snippet:-1, max-image-preview:large, max-video-preview:-1\" \/>\n<link rel=\"canonical\" href=\"https:\/\/feiasofi.net\/?page_id=7628\" \/>\n<meta property=\"og:locale\" content=\"es_ES\" \/>\n<meta property=\"og:type\" content=\"article\" \/>\n<meta property=\"og:title\" content=\"Acta de las elecciones de FEIASOFI (2014) - Feiasofi\" \/>\n<meta property=\"og:description\" content=\"Acta de las elecciones de FEIASOFI (2014) Siendo la hora catorce con veinte minutos del d\u00eda quince de octubre de dos mil catorce, en el sal\u00f3n del centro de convenciones FAURGS, Gramado, Rio Grande Del Sul, Brasil, comienza la reuni\u00f3n de elecci\u00f3n de autoridades para el periodo 2014-2016 de la Federaci\u00f3n Iberoamericana de Sociedades de [&hellip;]\" \/>\n<meta property=\"og:url\" content=\"https:\/\/feiasofi.net\/?page_id=7628\" \/>\n<meta property=\"og:site_name\" content=\"Feiasofi\" \/>\n<meta property=\"article:modified_time\" content=\"2025-04-23T08:23:16+00:00\" \/>\n<meta name=\"twitter:card\" content=\"summary_large_image\" \/>\n<meta name=\"twitter:label1\" content=\"Tiempo de lectura\" \/>\n\t<meta name=\"twitter:data1\" content=\"3 minutos\" \/>\n<script type=\"application\/ld+json\" class=\"yoast-schema-graph\">{\"@context\":\"https:\/\/schema.org\",\"@graph\":[{\"@type\":\"WebPage\",\"@id\":\"https:\/\/feiasofi.net\/?page_id=7628\",\"url\":\"https:\/\/feiasofi.net\/?page_id=7628\",\"name\":\"Acta de las elecciones de FEIASOFI (2014) - Feiasofi\",\"isPartOf\":{\"@id\":\"https:\/\/feiasofi.net\/#website\"},\"datePublished\":\"2025-04-23T08:22:04+00:00\",\"dateModified\":\"2025-04-23T08:23:16+00:00\",\"breadcrumb\":{\"@id\":\"https:\/\/feiasofi.net\/?page_id=7628#breadcrumb\"},\"inLanguage\":\"es\",\"potentialAction\":[{\"@type\":\"ReadAction\",\"target\":[\"https:\/\/feiasofi.net\/?page_id=7628\"]}]},{\"@type\":\"BreadcrumbList\",\"@id\":\"https:\/\/feiasofi.net\/?page_id=7628#breadcrumb\",\"itemListElement\":[{\"@type\":\"ListItem\",\"position\":1,\"name\":\"Portada\",\"item\":\"https:\/\/feiasofi.net\/\"},{\"@type\":\"ListItem\",\"position\":2,\"name\":\"Acta de las elecciones de FEIASOFI (2014)\"}]},{\"@type\":\"WebSite\",\"@id\":\"https:\/\/feiasofi.net\/#website\",\"url\":\"https:\/\/feiasofi.net\/\",\"name\":\"Feiasofi\",\"description\":\"\",\"potentialAction\":[{\"@type\":\"SearchAction\",\"target\":{\"@type\":\"EntryPoint\",\"urlTemplate\":\"https:\/\/feiasofi.net\/?s={search_term_string}\"},\"query-input\":{\"@type\":\"PropertyValueSpecification\",\"valueRequired\":true,\"valueName\":\"search_term_string\"}}],\"inLanguage\":\"es\"}]}<\/script>\n<!-- \/ Yoast SEO plugin. -->","yoast_head_json":{"title":"Acta de las elecciones de FEIASOFI (2014) - Feiasofi","robots":{"index":"index","follow":"follow","max-snippet":"max-snippet:-1","max-image-preview":"max-image-preview:large","max-video-preview":"max-video-preview:-1"},"canonical":"https:\/\/feiasofi.net\/?page_id=7628","og_locale":"es_ES","og_type":"article","og_title":"Acta de las elecciones de FEIASOFI (2014) - Feiasofi","og_description":"Acta de las elecciones de FEIASOFI (2014) Siendo la hora catorce con veinte minutos del d\u00eda quince de octubre de dos mil catorce, en el sal\u00f3n del centro de convenciones FAURGS, Gramado, Rio Grande Del Sul, Brasil, comienza la reuni\u00f3n de elecci\u00f3n de autoridades para el periodo 2014-2016 de la Federaci\u00f3n Iberoamericana de Sociedades de [&hellip;]","og_url":"https:\/\/feiasofi.net\/?page_id=7628","og_site_name":"Feiasofi","article_modified_time":"2025-04-23T08:23:16+00:00","twitter_card":"summary_large_image","twitter_misc":{"Tiempo de lectura":"3 minutos"},"schema":{"@context":"https:\/\/schema.org","@graph":[{"@type":"WebPage","@id":"https:\/\/feiasofi.net\/?page_id=7628","url":"https:\/\/feiasofi.net\/?page_id=7628","name":"Acta de las elecciones de FEIASOFI (2014) - Feiasofi","isPartOf":{"@id":"https:\/\/feiasofi.net\/#website"},"datePublished":"2025-04-23T08:22:04+00:00","dateModified":"2025-04-23T08:23:16+00:00","breadcrumb":{"@id":"https:\/\/feiasofi.net\/?page_id=7628#breadcrumb"},"inLanguage":"es","potentialAction":[{"@type":"ReadAction","target":["https:\/\/feiasofi.net\/?page_id=7628"]}]},{"@type":"BreadcrumbList","@id":"https:\/\/feiasofi.net\/?page_id=7628#breadcrumb","itemListElement":[{"@type":"ListItem","position":1,"name":"Portada","item":"https:\/\/feiasofi.net\/"},{"@type":"ListItem","position":2,"name":"Acta de las elecciones de FEIASOFI (2014)"}]},{"@type":"WebSite","@id":"https:\/\/feiasofi.net\/#website","url":"https:\/\/feiasofi.net\/","name":"Feiasofi","description":"","potentialAction":[{"@type":"SearchAction","target":{"@type":"EntryPoint","urlTemplate":"https:\/\/feiasofi.net\/?s={search_term_string}"},"query-input":{"@type":"PropertyValueSpecification","valueRequired":true,"valueName":"search_term_string"}}],"inLanguage":"es"}]}},"_links":{"self":[{"href":"https:\/\/feiasofi.net\/index.php?rest_route=\/wp\/v2\/pages\/7628","targetHints":{"allow":["GET"]}}],"collection":[{"href":"https:\/\/feiasofi.net\/index.php?rest_route=\/wp\/v2\/pages"}],"about":[{"href":"https:\/\/feiasofi.net\/index.php?rest_route=\/wp\/v2\/types\/page"}],"author":[{"embeddable":true,"href":"https:\/\/feiasofi.net\/index.php?rest_route=\/wp\/v2\/users\/1"}],"replies":[{"embeddable":true,"href":"https:\/\/feiasofi.net\/index.php?rest_route=%2Fwp%2Fv2%2Fcomments&post=7628"}],"version-history":[{"count":7,"href":"https:\/\/feiasofi.net\/index.php?rest_route=\/wp\/v2\/pages\/7628\/revisions"}],"predecessor-version":[{"id":7636,"href":"https:\/\/feiasofi.net\/index.php?rest_route=\/wp\/v2\/pages\/7628\/revisions\/7636"}],"wp:attachment":[{"href":"https:\/\/feiasofi.net\/index.php?rest_route=%2Fwp%2Fv2%2Fmedia&parent=7628"}],"curies":[{"name":"wp","href":"https:\/\/api.w.org\/{rel}","templated":true}]}}