{"id":7637,"date":"2025-04-23T08:23:55","date_gmt":"2025-04-23T08:23:55","guid":{"rendered":"https:\/\/feiasofi.net\/?page_id=7637"},"modified":"2025-04-23T08:25:34","modified_gmt":"2025-04-23T08:25:34","slug":"acta-de-la-v-asamblea-feiasofi-2014","status":"publish","type":"page","link":"https:\/\/feiasofi.net\/?page_id=7637","title":{"rendered":"Acta de la V Asamblea FEIASOFI (2014)"},"content":{"rendered":"\t\t<div data-elementor-type=\"wp-page\" data-elementor-id=\"7637\" class=\"elementor elementor-7637\">\n\t\t\t\t<div class=\"elementor-element elementor-element-26b8ee6 e-flex e-con-boxed e-con e-parent\" data-id=\"26b8ee6\" data-element_type=\"container\" data-e-type=\"container\">\n\t\t\t\t\t<div class=\"e-con-inner\">\n\t\t\t\t<div class=\"elementor-element elementor-element-960cea0 elementor-widget elementor-widget-heading\" data-id=\"960cea0\" data-element_type=\"widget\" data-e-type=\"widget\" data-widget_type=\"heading.default\">\n\t\t\t\t<div class=\"elementor-widget-container\">\n\t\t\t\t\t<h2 class=\"elementor-heading-title elementor-size-default\">Acta de la V Asamblea FEIASOFI (2014)<\/h2>\t\t\t\t<\/div>\n\t\t\t\t<\/div>\n\t\t\t\t\t<\/div>\n\t\t\t\t<\/div>\n\t\t<div class=\"elementor-element elementor-element-629353a e-flex e-con-boxed e-con e-parent\" data-id=\"629353a\" data-element_type=\"container\" data-e-type=\"container\">\n\t\t\t\t\t<div class=\"e-con-inner\">\n\t\t\t\t<div class=\"elementor-element elementor-element-3bd48f9 elementor-widget elementor-widget-text-editor\" data-id=\"3bd48f9\" data-element_type=\"widget\" data-e-type=\"widget\" data-widget_type=\"text-editor.default\">\n\t\t\t\t<div class=\"elementor-widget-container\">\n\t\t\t\t\t\t\t\t\t<p class=\"western\" lang=\"pt-BR\"><span lang=\"es-ES-u-co-trad\">Siendo la hora trece con veinte minutos del d\u00eda catorce de octubre de dos mil catorce, en el sal\u00f3n del centro de convenciones FAURGS, Gramado, Rio Grande Del Sul, Brasil, da comienzo la V Asamblea General de la Federaci\u00f3n Iberoamericana de Sociedades de F\u00edsica (FEIASOFI) presidida por el Dr. Humberto Brandi.<\/span><\/p><p class=\"western\" lang=\"pt-BR\"><span lang=\"es-ES-u-co-trad\">La reuni\u00f3n se inicia con la presentaci\u00f3n de todos los miembros asistentes: Carlos Gonz\u00e1lez, Paraguay; Claudia Mazzeo, Karina Bastida, Joaqu\u00edn Vald\u00e9s y Antonio Jos\u00e9 Ramirez Pastor, Argentina; Eduardo Fausto, Ecuador; Fabiola Ar\u00e9valo Reyes, Chile; Gerardo Jos\u00e9 Padilla V\u00edquez, Costa Rica; Humberto Brandi, Brasil; \u00cdtalo Carlos Bove Vanzulli, Uruguay; Jorge Luis N\u00fa\u00f1ez, Panam\u00e1; Jos\u00e9 Herman Mu\u00f1oz, Colombia; Juan Evertsz, Rep\u00fablica Dominicana; Ysabel Reyes Ponce y Mar\u00eda S\u00e1nchez Colina, Cuba; Mirko Raljevic, Bolivia y\u00a0<\/span><span lang=\"es-ES-u-co-trad\">Pablo H\u00e9ctor Rivera<\/span><span lang=\"es-ES-u-co-trad\">, Per\u00fa. Adem\u00e1s de comunicar su nombre y lugar de trabajo, los participantes realizan una breve descripci\u00f3n sobre la historia y estado actual de la instituci\u00f3n que representan.<\/span><\/p><p class=\"western\" lang=\"pt-BR\"><span lang=\"es-ES-u-co-trad\">A continuaci\u00f3n, Humberto se refiere a la FEIASOFI y consulta a cada uno de los miembros de la asamblea sobre las acciones que deber\u00edan realizarse a corto plazo-mediano plazo desde la sociedad. Carlos piensa que debe lograse una mayor visibilidad. Para Jos\u00e9 Evertsz es un problema la presentaci\u00f3n f\u00edsica de la sociedad. Gerardo V\u00edquez cree que se puede hacer mucho m\u00e1s por los proyectos. Jos\u00e9 Mu\u00f1oz piensa que la federaci\u00f3n debe ser m\u00e1s activa. Fabiola manifiesta la importancia de la difusi\u00f3n de la metrolog\u00eda asociada a la FEIASOFI y su inter\u00e9s en participar de las olimpiadas de f\u00edsica. Mar\u00eda Colina plantea el problema de la formaci\u00f3n de los profesores de ense\u00f1anza media, y propone acciones tendientes a la preparaci\u00f3n de los mismos. Mirko Raljevic sostiene que deben expandirse las actividades de FEIASOFI con cursos, encuentros, etc., no restringi\u00e9ndose solamente a las reuniones de presidentes. La realizaci\u00f3n de este tipo de actividades, sostiene Mirko, fortalecer\u00eda la presencia de FEIASOFI en los distintos pa\u00edses e invitar\u00eda a una mayor participaci\u00f3n por parte de los j\u00f3venes. Antonio Jos\u00e9 manifiesta su preocupaci\u00f3n, y la de toda la comunidad que representa, respecto de la existencia de dos federaciones de sociedades de f\u00edsica en el \u00e1mbito de Latinoam\u00e9rica, proponiendo medidas inmediatas de acercamiento entre ambas sociedades. Adem\u00e1s, plantea la necesidad de distribuir tareas y responsabilidades entre todos los miembros de la Asamblea, a fin de ampliar la base de acciones a realizar y evitar que las actividades de FEIASOFI queden restringidas a la labor de su presidente, en este caso Humberto. Jorge Luis manifiesta la absoluta disposici\u00f3n para apoyar a FEIASOFI en todas sus actividades. Eduardo Fausto expresa que la sociedad tiene que hacer cosas m\u00e1s creativas y formar comisiones que hagan tareas concretas. Adem\u00e1s, considera la necesidad de tener una revista t\u00e9cnica-cient\u00edfica sobre la carrera de f\u00edsica, poni\u00e9ndose a disposici\u00f3n para colaborar en este punto.\u00a0<\/span><span lang=\"es-ES-u-co-trad\">Humberto Brandi propone algunas ideas como por ejemplo el reaseguro de los miembros de FEIASOFI a trav\u00e9s de alg\u00fan banco. Parte del dinero aportado podr\u00eda ir a la sociedad. Esta experiencia se ha realizado con \u00e9xito en la SBF (Brasil). Tambi\u00e9n manifiesta la oportunidad de adherir la metrolog\u00eda al PROSUL mediante la presentaci\u00f3n de un proyecto, tema sobre el cual informa haber conversado ya con\u00a0<\/span><span lang=\"es-ES-u-co-trad\">Am\u00e9rico Trist\u00e3o Bernardes<\/span><span lang=\"es-ES-u-co-trad\">.\u00a0<\/span><span lang=\"es-ES-u-co-trad\">Pablo plantea la posibilidad de un programa de movilidad de estudiantes de f\u00edsica coordinado por la FEIASOFI.<\/span><span lang=\"es-ES-u-co-trad\">\u00cdtalo sostiene que debemos trabajar para lograr la participaci\u00f3n de M\u00e9xico en la FEIASOFI.<\/span><span lang=\"es-ES-u-co-trad\">Fabiola se refiere a la p\u00e1gina web de la FEIASOFI y a la necesidad de implementar cambios en la misma. Humberto propone avanzar sobre este punto mediante el contacto con \u00c1ngel Rubio, quien es el encargado espa\u00f1ol de la p\u00e1gina. Surge en la reuni\u00f3n el<\/span><span lang=\"es-ES-u-co-trad\">\u00a0tema del estado de la revista de la federaci\u00f3n, pero dados los temas a tratar, se decide postergar esta discusi\u00f3n para el d\u00eda siguiente.<\/span><\/p><p class=\"western\" lang=\"pt-BR\"><span lang=\"es-ES-u-co-trad\">El pr\u00f3ximo punto abordado por la Asamblea fue el estado financiero de la sociedad. Humberto informa que hasta hoy la FEIASOFI recibi\u00f3 ayuda de Espa\u00f1a, Brasil y Portugal y que tiene en caja la suma\u00a0<\/span><span lang=\"es-ES-u-co-trad\">\u20ac<\/span><span lang=\"es-ES-u-co-trad\">17.982,00 euros. \u00cdtalo se ofreci\u00f3 a revisar los principales aspectos del estatuto sobre las finanzas, a fin de avanzar en la regularizaci\u00f3n del pago de las cuotas societarias por parte de las sociedades integrantes de FEIASOFI. Humberto pidi\u00f3 la consulta al Dr. Ra\u00fal Grigera sobre este tema, dada la experiencia de Ra\u00fal como tesorero durante los \u00faltimos a\u00f1os. Adem\u00e1s, el representante de Uruguay se compromete a gestionar el posible establecimiento de la sede de FEIASOFI en su pa\u00eds. Carlos se ofrece para realizar una consulta similar en Paraguay. Humberto toma nuevamente la palabra para informar que a su criterio hay dinero en caja para establecer apoyo a posibles proyectos de la sociedad, y que esto se ver\u00e1 fortalecido con la elecci\u00f3n de nuevas autoridades, entre ellas, de un nuevo tesorero. Carlos pide especial atenci\u00f3n entre los posibles proyectos a financiar para las olimpiadas de f\u00edsica.<\/span><\/p><p class=\"western\" lang=\"pt-BR\"><span lang=\"es-ES-u-co-trad\">Siendo la hora diecisiete con cuarenta y cuatro minutos se da por finalizada la reuni\u00f3n.<\/span><\/p><p class=\"western\" lang=\"pt-BR\"><span lang=\"es-ES-u-co-trad\">Siendo la hora diez con ocho minutos del d\u00eda quince de octubre de dos mil catorce, en el sal\u00f3n del centro de convenciones FAURGS, Gramado, Rio Grande Del Sul, Brasil, comienza el segundo d\u00eda de sesi\u00f3n de la V Asamblea General de la Federaci\u00f3n Iberoamericana de Sociedades de F\u00edsica (FEIASOFI) presidida por el Dr. Humberto Brandi.<\/span><\/p><p class=\"western\" lang=\"pt-BR\"><span lang=\"es-ES-u-co-trad\">Se encuentran presentes Jo\u00e3o Lerch, presidente de INMETRO, Brasil; Carlos Gonz\u00e1lez, Paraguay; Claudia Mazzeo, Karina Bastida, Joaqu\u00edn Vald\u00e9s y Antonio Jos\u00e9 Ramirez Pastor, Argentina; Eduardo Fausto, Ecuador; Fabiola Ar\u00e9valo Reyes, Chile; Gerardo Jos\u00e9 Padilla V\u00edquez, Costa Rica; Ricardo Galv\u00e3o, Renata Bondim, Am\u00e9rico Trist\u00e3o Bernardes y Humberto Brandi, Brasil; \u00cdtalo Carlos Bove Vanzulli, Uruguay; Jorge Luis N\u00fa\u00f1ez, Panam\u00e1; Jos\u00e9 Herman Mu\u00f1oz, Colombia; Juan Evertsz, Rep\u00fablica Dominicana; Ysabel Reyes Ponce y Mar\u00eda S\u00e1nchez Colina, Cuba; Mirko Raljevic, Bolivia y\u00a0<\/span><span lang=\"es-ES-u-co-trad\">Pablo H\u00e9ctor Rivera<\/span><span lang=\"es-ES-u-co-trad\">, Per\u00fa.<\/span><\/p><p class=\"western\" lang=\"pt-BR\"><span lang=\"es-ES-u-co-trad\">El presidente abre la reuni\u00f3n invitando a Am\u00e9rico Trist\u00e3o Bernardes para presentar su informe sobre \u201cLa Metrolog\u00eda y su Inter\u00e9s para el Desarrollo Cient\u00edfico \u2013 Tecnol\u00f3gico de los Pa\u00edses Iberoamericanos \u2013 Organizaci\u00f3n del Material y Herramientas de Difusi\u00f3n para la Metrolog\u00eda\u201d. La presentaci\u00f3n de Am\u00e9rico se refiere a la propuesta del PROSUL de hacer un \u201cLaboratorio Virtual de Metrolog\u00eda\u201d. El laboratorio virtual es importante para diseminar el conocimiento. Esta propuesta tambi\u00e9n puede servir de ejemplo para que se desarrollen otras propuestas. La idea del proyecto es trabajar en la elaboraci\u00f3n de experimentos que exploren el concepto de incertidumbre y cuyo material resultante sea accesible a todos los profesores y alumnos de la regi\u00f3n. La universidad de Santa Catarina ya tiene algunos desarrollos de este tipo. Humberto destaca la necesidad de invertir y desarrollar esta \u00e1rea del conocimiento, remarcando que es muy importante estudiar la incertidumbre y sus diferencias fundamentales con el concepto de error. Am\u00e9rico termina su intervenci\u00f3n invitando a disertar a los representantes de los institutos de metrolog\u00eda presentes en la reuni\u00f3n. Comienza su charla la representante de Brasil, Renata Bondim, quien se refiere a las acciones posibles en el marco del Proyecto PROSUL \u2013 INMETRO. Presenta en primer t\u00e9rmino a su compa\u00f1ero de trabajo Adriano, quien se encuentra junto a ella. Una de las propuestas del PROSUL es construir un repositorio que tenga como objetivo el aprendizaje. El CICMA tambi\u00e9n promueve acciones vinculadas al aprendizaje. Ejemplo: Existen apostillas y videos que no se restringen s\u00f3lo a la metrolog\u00eda. Se presenta un video y una apostilla a modo de muestra. Estas herramientas son destinadas a los alumnos para que sirvan como material de estudio. Renata comenta tambi\u00e9n que est\u00e1n finalizando un proyecto mediante el cual se crea un laboratorio itinerante para divulgaci\u00f3n de la metrolog\u00eda. Un microb\u00fas va a ser acondicionado como objeto de aprendizaje, con la construcci\u00f3n de un laboratorio en su interior. Esto permitir\u00e1 llevar el conocimiento a lugares alejados de los principales centros. Adriano completa la idea diciendo que hay que transformar los objetos en conocimiento. Crear una interfaz entre los objetos y el conocimiento. Am\u00e9rico agradeci\u00f3 la presencia de Renata y Adriano e invit\u00f3 a Claudia Mazzeo y Karina Bastida del INTI, Argentina, para hacer sus presentaciones.<\/span><span lang=\"es-ES-u-co-trad\">Claudia habl\u00f3 del efecto de algunas informaciones sobre el p\u00fablico. Se refiri\u00f3 tambi\u00e9n a la dificultad que existe en el di\u00e1logo entre los cient\u00edficos y los periodistas, y que afecta la divulgaci\u00f3n y el valor social del conocimiento. Claudia descarg\u00f3 varios videos con peque\u00f1os cursos de metrolog\u00eda online, y ofreci\u00f3 a los asistentes el acceso a los mismos en forma libre. Por su parte, Karina present\u00f3 algunos proyectos audiovisuales hechos en Argentina para divulgar la metrolog\u00eda. A modo de ejemplo se mostr\u00f3 una experiencia con un sistema de balanzas y alturas destinadas a ni\u00f1os de corta edad. Karina inform\u00f3 tambi\u00e9n de la realizaci\u00f3n de un taller sobre metrolog\u00eda \u00f3ptica. Entonces intervino Ricardo Galv\u00e3o, quien sugiri\u00f3 que en la pr\u00f3xima reuni\u00f3n de la FEIASOFI se destine un espacio a la metrolog\u00eda \u00f3ptica, tema sobre el cual se conoce muy poco. Am\u00e9rico complet\u00f3 diciendo que para el a\u00f1o siguiente se pretende hacer un encuentro de estas caracter\u00edsticas vinculado al \u201cA\u00f1o Internacional de la Luz\u201d. Humberto agradeci\u00f3 a Claudia y Karina por sus presentaciones e invit\u00f3 a Marcelo Sponton, del Laboratorio Tecnol\u00f3gico de Uruguay (LATU) a comenzar su disertaci\u00f3n. Marcelo present\u00f3 un proyecto de relaci\u00f3n entre el Instituto Nacional de Metrolog\u00eda y sus usuarios \u2013 2\u00aa fase. Se sabe que no hay gente suficiente para trabajar en la tem\u00e1tica de la Metrolog\u00eda e Infraestructura de la Calidad. Entonces, el objetivo del proyecto es colaborar en la formaci\u00f3n de formadores con cursos presenciales y on-line, facilitando y promoviendo el dise\u00f1o de materiales did\u00e1cticos. A modo de ejemplo se presenta un video elaborado en el marco del proyecto, en el cual Claudia Santo se refiere a t\u00e9cnicas de calibraci\u00f3n. Una vez finalizada la presentaci\u00f3n de Marcelo, Humberto se refiri\u00f3 a la importancia de la Metrolog\u00eda en el desarrollo de los pa\u00edses y a la necesidad de contar con m\u00e9todos confiables para asegurar la calidad de las mediciones. A continuaci\u00f3n, Am\u00e9rico invita a Ysabel para hablar de lo hecho en Cuba. En este pa\u00eds, de acuerdo a lo que manifiesta Ysabel, se realiz\u00f3 una evaluaci\u00f3n de la cultura metrol\u00f3gica. Para este prop\u00f3sito, las industrias fueron relevadas y despu\u00e9s de analizar los resultados de este relevamiento, se concluy\u00f3 que era necesario mejorar el conocimiento metrol\u00f3gico en estas empresas. A tal fin, se desarrollaron planes de acci\u00f3n para mejorar la calidad de la metrolog\u00eda en estos sitios. Por otro lado, Ysabel informa sobre el inter\u00e9s del gobierno cubano en la divulgaci\u00f3n de textos sobre metrolog\u00eda para todos los niveles educativos, y presenta varios libros realizados para este prop\u00f3sito a los participantes. Se destaca la importancia de este material en un pa\u00eds en donde el acceso a medios computacionales es muy precario, y se presentan algunos resultados de la experiencia cubana, la cual podr\u00eda replicarse en otros pa\u00edses de la regi\u00f3n. Humberto agradece la presencia de Karina Bastida, Claudia Mazzeo, Renata Bondim, Adriano, Marcelo Sponton e Ysabel. Finalmente, se solicita a Am\u00e9rico la recopilaci\u00f3n del material presentado en las distintas disertaciones, a fin de que el mismo pueda ser compartido por todos los miembros participantes de la reuni\u00f3n.<\/span><\/p><p class=\"western\" lang=\"pt-BR\"><span lang=\"es-ES-u-co-trad\">Siendo la hora catorce con quince minutos se da por finalizada la reuni\u00f3n.<\/span><\/p>\t\t\t\t\t\t\t\t<\/div>\n\t\t\t\t<\/div>\n\t\t\t\t\t<\/div>\n\t\t\t\t<\/div>\n\t\t\t\t<\/div>\n\t\t","protected":false},"excerpt":{"rendered":"<p>Acta de la V Asamblea FEIASOFI (2014) Siendo la hora trece con veinte minutos del d\u00eda catorce de octubre de dos mil catorce, en el sal\u00f3n del centro de convenciones FAURGS, Gramado, Rio Grande Del Sul, Brasil, da comienzo la V Asamblea General de la Federaci\u00f3n Iberoamericana de Sociedades de F\u00edsica (FEIASOFI) presidida por el [&hellip;]<\/p>\n","protected":false},"author":1,"featured_media":0,"parent":0,"menu_order":0,"comment_status":"closed","ping_status":"closed","template":"elementor_header_footer","meta":{"footnotes":""},"class_list":["post-7637","page","type-page","status-publish","hentry"],"yoast_head":"<!-- This site is optimized with the Yoast SEO plugin v27.1.1 - https:\/\/yoast.com\/product\/yoast-seo-wordpress\/ -->\n<title>Acta de la V Asamblea FEIASOFI (2014) - Feiasofi<\/title>\n<meta name=\"robots\" content=\"index, follow, max-snippet:-1, max-image-preview:large, max-video-preview:-1\" \/>\n<link rel=\"canonical\" href=\"https:\/\/feiasofi.net\/?page_id=7637\" \/>\n<meta property=\"og:locale\" content=\"es_ES\" \/>\n<meta property=\"og:type\" content=\"article\" \/>\n<meta property=\"og:title\" content=\"Acta de la V Asamblea FEIASOFI (2014) - Feiasofi\" \/>\n<meta property=\"og:description\" content=\"Acta de la V Asamblea FEIASOFI (2014) Siendo la hora trece con veinte minutos del d\u00eda catorce de octubre de dos mil catorce, en el sal\u00f3n del centro de convenciones FAURGS, Gramado, Rio Grande Del Sul, Brasil, da comienzo la V Asamblea General de la Federaci\u00f3n Iberoamericana de Sociedades de F\u00edsica (FEIASOFI) presidida por el [&hellip;]\" \/>\n<meta property=\"og:url\" content=\"https:\/\/feiasofi.net\/?page_id=7637\" \/>\n<meta property=\"og:site_name\" content=\"Feiasofi\" \/>\n<meta property=\"article:modified_time\" content=\"2025-04-23T08:25:34+00:00\" \/>\n<meta name=\"twitter:card\" content=\"summary_large_image\" \/>\n<meta name=\"twitter:label1\" content=\"Tiempo de lectura\" \/>\n\t<meta name=\"twitter:data1\" content=\"9 minutos\" \/>\n<script type=\"application\/ld+json\" class=\"yoast-schema-graph\">{\"@context\":\"https:\/\/schema.org\",\"@graph\":[{\"@type\":\"WebPage\",\"@id\":\"https:\/\/feiasofi.net\/?page_id=7637\",\"url\":\"https:\/\/feiasofi.net\/?page_id=7637\",\"name\":\"Acta de la V Asamblea FEIASOFI (2014) - Feiasofi\",\"isPartOf\":{\"@id\":\"https:\/\/feiasofi.net\/#website\"},\"datePublished\":\"2025-04-23T08:23:55+00:00\",\"dateModified\":\"2025-04-23T08:25:34+00:00\",\"breadcrumb\":{\"@id\":\"https:\/\/feiasofi.net\/?page_id=7637#breadcrumb\"},\"inLanguage\":\"es\",\"potentialAction\":[{\"@type\":\"ReadAction\",\"target\":[\"https:\/\/feiasofi.net\/?page_id=7637\"]}]},{\"@type\":\"BreadcrumbList\",\"@id\":\"https:\/\/feiasofi.net\/?page_id=7637#breadcrumb\",\"itemListElement\":[{\"@type\":\"ListItem\",\"position\":1,\"name\":\"Portada\",\"item\":\"https:\/\/feiasofi.net\/\"},{\"@type\":\"ListItem\",\"position\":2,\"name\":\"Acta de la V Asamblea FEIASOFI (2014)\"}]},{\"@type\":\"WebSite\",\"@id\":\"https:\/\/feiasofi.net\/#website\",\"url\":\"https:\/\/feiasofi.net\/\",\"name\":\"Feiasofi\",\"description\":\"\",\"potentialAction\":[{\"@type\":\"SearchAction\",\"target\":{\"@type\":\"EntryPoint\",\"urlTemplate\":\"https:\/\/feiasofi.net\/?s={search_term_string}\"},\"query-input\":{\"@type\":\"PropertyValueSpecification\",\"valueRequired\":true,\"valueName\":\"search_term_string\"}}],\"inLanguage\":\"es\"}]}<\/script>\n<!-- \/ Yoast SEO plugin. -->","yoast_head_json":{"title":"Acta de la V Asamblea FEIASOFI (2014) - Feiasofi","robots":{"index":"index","follow":"follow","max-snippet":"max-snippet:-1","max-image-preview":"max-image-preview:large","max-video-preview":"max-video-preview:-1"},"canonical":"https:\/\/feiasofi.net\/?page_id=7637","og_locale":"es_ES","og_type":"article","og_title":"Acta de la V Asamblea FEIASOFI (2014) - Feiasofi","og_description":"Acta de la V Asamblea FEIASOFI (2014) Siendo la hora trece con veinte minutos del d\u00eda catorce de octubre de dos mil catorce, en el sal\u00f3n del centro de convenciones FAURGS, Gramado, Rio Grande Del Sul, Brasil, da comienzo la V Asamblea General de la Federaci\u00f3n Iberoamericana de Sociedades de F\u00edsica (FEIASOFI) presidida por el [&hellip;]","og_url":"https:\/\/feiasofi.net\/?page_id=7637","og_site_name":"Feiasofi","article_modified_time":"2025-04-23T08:25:34+00:00","twitter_card":"summary_large_image","twitter_misc":{"Tiempo de lectura":"9 minutos"},"schema":{"@context":"https:\/\/schema.org","@graph":[{"@type":"WebPage","@id":"https:\/\/feiasofi.net\/?page_id=7637","url":"https:\/\/feiasofi.net\/?page_id=7637","name":"Acta de la V Asamblea FEIASOFI (2014) - Feiasofi","isPartOf":{"@id":"https:\/\/feiasofi.net\/#website"},"datePublished":"2025-04-23T08:23:55+00:00","dateModified":"2025-04-23T08:25:34+00:00","breadcrumb":{"@id":"https:\/\/feiasofi.net\/?page_id=7637#breadcrumb"},"inLanguage":"es","potentialAction":[{"@type":"ReadAction","target":["https:\/\/feiasofi.net\/?page_id=7637"]}]},{"@type":"BreadcrumbList","@id":"https:\/\/feiasofi.net\/?page_id=7637#breadcrumb","itemListElement":[{"@type":"ListItem","position":1,"name":"Portada","item":"https:\/\/feiasofi.net\/"},{"@type":"ListItem","position":2,"name":"Acta de la V Asamblea FEIASOFI (2014)"}]},{"@type":"WebSite","@id":"https:\/\/feiasofi.net\/#website","url":"https:\/\/feiasofi.net\/","name":"Feiasofi","description":"","potentialAction":[{"@type":"SearchAction","target":{"@type":"EntryPoint","urlTemplate":"https:\/\/feiasofi.net\/?s={search_term_string}"},"query-input":{"@type":"PropertyValueSpecification","valueRequired":true,"valueName":"search_term_string"}}],"inLanguage":"es"}]}},"_links":{"self":[{"href":"https:\/\/feiasofi.net\/index.php?rest_route=\/wp\/v2\/pages\/7637","targetHints":{"allow":["GET"]}}],"collection":[{"href":"https:\/\/feiasofi.net\/index.php?rest_route=\/wp\/v2\/pages"}],"about":[{"href":"https:\/\/feiasofi.net\/index.php?rest_route=\/wp\/v2\/types\/page"}],"author":[{"embeddable":true,"href":"https:\/\/feiasofi.net\/index.php?rest_route=\/wp\/v2\/users\/1"}],"replies":[{"embeddable":true,"href":"https:\/\/feiasofi.net\/index.php?rest_route=%2Fwp%2Fv2%2Fcomments&post=7637"}],"version-history":[{"count":7,"href":"https:\/\/feiasofi.net\/index.php?rest_route=\/wp\/v2\/pages\/7637\/revisions"}],"predecessor-version":[{"id":7645,"href":"https:\/\/feiasofi.net\/index.php?rest_route=\/wp\/v2\/pages\/7637\/revisions\/7645"}],"wp:attachment":[{"href":"https:\/\/feiasofi.net\/index.php?rest_route=%2Fwp%2Fv2%2Fmedia&parent=7637"}],"curies":[{"name":"wp","href":"https:\/\/api.w.org\/{rel}","templated":true}]}}