{"id":7646,"date":"2025-04-23T08:35:57","date_gmt":"2025-04-23T08:35:57","guid":{"rendered":"https:\/\/feiasofi.net\/?page_id=7646"},"modified":"2025-04-23T08:36:54","modified_gmt":"2025-04-23T08:36:54","slug":"noticia-publicada-sobre-la-viii-asamblea-general-feiasofi-zaragoza-espana-julio-2019","status":"publish","type":"page","link":"https:\/\/feiasofi.net\/?page_id=7646","title":{"rendered":"Noticia publicada sobre la VIII Asamblea General FEIASOFI, Zaragoza (Espa\u00f1a) julio 2019"},"content":{"rendered":"\t\t<div data-elementor-type=\"wp-page\" data-elementor-id=\"7646\" class=\"elementor elementor-7646\">\n\t\t\t\t<div class=\"elementor-element elementor-element-578aa18 e-flex e-con-boxed e-con e-parent\" data-id=\"578aa18\" data-element_type=\"container\" data-e-type=\"container\">\n\t\t\t\t\t<div class=\"e-con-inner\">\n\t\t\t\t<div class=\"elementor-element elementor-element-8f8d2c3 elementor-widget elementor-widget-heading\" data-id=\"8f8d2c3\" data-element_type=\"widget\" data-e-type=\"widget\" data-widget_type=\"heading.default\">\n\t\t\t\t<div class=\"elementor-widget-container\">\n\t\t\t\t\t<h2 class=\"elementor-heading-title elementor-size-default\">A\u00f1ade aqu\u00ed tu texto de cabeceraNoticia publicada sobre la VIII Asamblea General FEIASOFI, Zaragoza (Espa\u00f1a) julio 2019<\/h2>\t\t\t\t<\/div>\n\t\t\t\t<\/div>\n\t\t\t\t\t<\/div>\n\t\t\t\t<\/div>\n\t\t<div class=\"elementor-element elementor-element-03d601d e-flex e-con-boxed e-con e-parent\" data-id=\"03d601d\" data-element_type=\"container\" data-e-type=\"container\">\n\t\t\t\t\t<div class=\"e-con-inner\">\n\t\t\t\t<div class=\"elementor-element elementor-element-b335204 elementor-widget elementor-widget-image\" data-id=\"b335204\" data-element_type=\"widget\" data-e-type=\"widget\" data-widget_type=\"image.default\">\n\t\t\t\t<div class=\"elementor-widget-container\">\n\t\t\t\t\t\t\t\t\t\t\t\t\t\t\t<img fetchpriority=\"high\" decoding=\"async\" width=\"800\" height=\"192\" src=\"https:\/\/feiasofi.net\/wp-content\/uploads\/2025\/04\/unnamed.png\" class=\"attachment-large size-large wp-image-7648\" alt=\"\" \/>\t\t\t\t\t\t\t\t\t\t\t\t\t\t\t<\/div>\n\t\t\t\t<\/div>\n\t\t\t\t\t<\/div>\n\t\t\t\t<\/div>\n\t\t<div class=\"elementor-element elementor-element-bb7d128 e-flex e-con-boxed e-con e-parent\" data-id=\"bb7d128\" data-element_type=\"container\" data-e-type=\"container\">\n\t\t\t\t\t<div class=\"e-con-inner\">\n\t\t\t\t<div class=\"elementor-element elementor-element-7ed3f2a elementor-widget elementor-widget-text-editor\" data-id=\"7ed3f2a\" data-element_type=\"widget\" data-e-type=\"widget\" data-widget_type=\"text-editor.default\">\n\t\t\t\t<div class=\"elementor-widget-container\">\n\t\t\t\t\t\t\t\t\t<p dir=\"ltr\">El 19 de julio tuvo lugar en Zaragoza la VIII Asamblea de la Federaci\u00f3n Iberoamericana de Sociedades de F\u00edsica (FEIASOFI) en el marco de la XXXVII Reuni\u00f3n Bienal de laReal Sociedad Espa\u00f1ola de F\u00edsica. A la reuni\u00f3n asistieron los presidentes y representantes de las siguientes Sociedades de F\u00edsica Iberoamericanas: Gustavo Monti (Asociaci\u00f3n F\u00edsica Argentina), Antonio Gomes (Sociedad Brasilera de F\u00edsica), Luis Huerta (Sociedad Chilena de F\u00edsica), Hernando Ariza Calder\u00f3n (Sociedad Colombiana de F\u00edsica), Gerardo Noguera Vega (Colegio de F\u00edsicos de Costa Rica), Mar\u00eda S\u00e1nchez Colina (vicepresidenta de la FEASOFI y Sociedad Cubana de F\u00edsica), Denia Marlenis Cid (Sociedad Dominicana de F\u00edsica), Jos\u00e9 Adolfo de Azc\u00e1rraga (presidente de la RSEF y tesorero de la FEASIOFI), Juan Adolfo Ponciano (Sociedad de F\u00edsica de Guatemala), Nabil Kawas (Sociedad Hondure\u00f1a de F\u00edsica), Luis Arturo Ure\u00f1a-L\u00f3pez (Sociedad Mexicana de F\u00edsica), Cecilia Stari (Sociedad Uruguaya de F\u00edsica), Jorge Stephany (Sociedad Venezolana de F\u00edsica), Antonio J. Ram\u00edrez (presidente saliente, Argentina), Arturo C. Mart\u00ed (Uruguay, presidente de la FEIASOFI).\u00a0 Tambi\u00e9n asisti\u00f3 Jos\u00e9 Leopoldo Esquivel Alvarado, fundador del Colegio de F\u00edsicos de Costa Rica. La Asamblea tuvo lugar gracias a un acuerdo que el presidente de la RSEF firm\u00f3 con la Fundaci\u00f3n BBVA, cuyo generoso patrocinio contribuy\u00f3 decisivamente a que la Asamblea pudiera tener lugar.<\/p><p dir=\"ltr\">En la Asamblea se inform\u00f3 sobre las actividades realizadas desde la anterior reuni\u00f3n, que habia tenido lugar en La Habana en febrero de 2018 (y a la que asisti\u00f3 en representaci\u00f3n de la RSEF su Secretario General Fernando Sols). En la Asamblea se adoptaron importantes compromisos destinados a fortalecer el papel de la FEIASOFI en su \u00e1rea de influencia. En particular, se ratific\u00f3 un acuerdo de reciprocidad de derechos para los miembros de las asociaciones de los pa\u00edses integrantes. Se adopt\u00f3 un nuevo criterio para el pago de las cuotas de membres\u00eda y el compromiso de realizar reuniones bianuales coincidentes con el congreso de alguna de las asociaciones de los pa\u00edses miembros. Asimismo se decidi\u00f3 redoblar el apoyo a la organizaci\u00f3n de la Olimpiada Iberoamericana de F\u00edsica y a la Olimpiada Latinoamericana de F\u00edsica (OLUF). El presidente de la RSEF mencion\u00f3 la posibilidad de que la Revista Espa\u00f1ola de F\u00edsica intercambiara o compartiera art\u00edculos de inter\u00e9s general con revistas similares de otras Sociedades. Esto permitir\u00eda estrechar lazos ante la dificultad econ\u00f3mica que presenta, al menos por ahora, reeditar la antigua Revista de\u00a0 la Uni\u00f3n Iberoamericana de Sociedades de F\u00edsica (que hoy ser\u00eda de la FEIASOFI),\u00a0 cuya publicaci\u00f3n se inici\u00f3 en 2005 y que tuvo una vida ef\u00edmera.<\/p><p dir=\"ltr\">\u00a0\u00a0\u00a0Los presidentes y representantes de las Sociedades de la FEIASOFI aprovecharon su estancia en Zaragoza para mantener encuentros bilaterales y, adem\u00e1s, para participar activamente en los distintos simposios de la Bienal de acuerdo con su especialidad, por lo que puede concluirse que la VIII Asamblea de Zaragoza fue un \u00e9xito.\u00a0<\/p>\t\t\t\t\t\t\t\t<\/div>\n\t\t\t\t<\/div>\n\t\t\t\t\t<\/div>\n\t\t\t\t<\/div>\n\t\t<div class=\"elementor-element elementor-element-4838371 e-flex e-con-boxed e-con e-parent\" data-id=\"4838371\" data-element_type=\"container\" data-e-type=\"container\">\n\t\t\t\t\t<div class=\"e-con-inner\">\n\t\t\t\t<div class=\"elementor-element elementor-element-bee1391 elementor-widget elementor-widget-image\" data-id=\"bee1391\" data-element_type=\"widget\" data-e-type=\"widget\" data-widget_type=\"image.default\">\n\t\t\t\t<div class=\"elementor-widget-container\">\n\t\t\t\t\t\t\t\t\t\t\t\t<figure class=\"wp-caption\">\n\t\t\t\t\t\t\t\t\t\t<img decoding=\"async\" width=\"800\" height=\"311\" src=\"https:\/\/feiasofi.net\/wp-content\/uploads\/2025\/04\/presis_sociedades.jpg\" class=\"attachment-large size-large wp-image-7649\" alt=\"\" \/>\t\t\t\t\t\t\t\t\t\t\t<figcaption class=\"widget-image-caption wp-caption-text\">Presidentes y representantes de las quince Sociedades de la FEIASOFI que participaron en la Asamblea del 18 de julio en Zaragoza<\/figcaption>\n\t\t\t\t\t\t\t\t\t\t<\/figure>\n\t\t\t\t\t\t\t\t\t<\/div>\n\t\t\t\t<\/div>\n\t\t\t\t\t<\/div>\n\t\t\t\t<\/div>\n\t\t\t\t<\/div>\n\t\t","protected":false},"excerpt":{"rendered":"<p>A\u00f1ade aqu\u00ed tu texto de cabeceraNoticia publicada sobre la VIII Asamblea General FEIASOFI, Zaragoza (Espa\u00f1a) julio 2019 El 19 de julio tuvo lugar en Zaragoza la VIII Asamblea de la Federaci\u00f3n Iberoamericana de Sociedades de F\u00edsica (FEIASOFI) en el marco de la XXXVII Reuni\u00f3n Bienal de laReal Sociedad Espa\u00f1ola de F\u00edsica. A la reuni\u00f3n asistieron [&hellip;]<\/p>\n","protected":false},"author":1,"featured_media":0,"parent":0,"menu_order":0,"comment_status":"closed","ping_status":"closed","template":"elementor_header_footer","meta":{"footnotes":""},"class_list":["post-7646","page","type-page","status-publish","hentry"],"yoast_head":"<!-- This site is optimized with the Yoast SEO plugin v27.1.1 - https:\/\/yoast.com\/product\/yoast-seo-wordpress\/ -->\n<title>Noticia publicada sobre la VIII Asamblea General FEIASOFI, Zaragoza (Espa\u00f1a) julio 2019 - Feiasofi<\/title>\n<meta name=\"robots\" content=\"index, follow, max-snippet:-1, max-image-preview:large, max-video-preview:-1\" \/>\n<link rel=\"canonical\" href=\"https:\/\/feiasofi.net\/?page_id=7646\" \/>\n<meta property=\"og:locale\" content=\"es_ES\" \/>\n<meta property=\"og:type\" content=\"article\" \/>\n<meta property=\"og:title\" content=\"Noticia publicada sobre la VIII Asamblea General FEIASOFI, Zaragoza (Espa\u00f1a) julio 2019 - Feiasofi\" \/>\n<meta property=\"og:description\" content=\"A\u00f1ade aqu\u00ed tu texto de cabeceraNoticia publicada sobre la VIII Asamblea General FEIASOFI, Zaragoza (Espa\u00f1a) julio 2019 El 19 de julio tuvo lugar en Zaragoza la VIII Asamblea de la Federaci\u00f3n Iberoamericana de Sociedades de F\u00edsica (FEIASOFI) en el marco de la XXXVII Reuni\u00f3n Bienal de laReal Sociedad Espa\u00f1ola de F\u00edsica. A la reuni\u00f3n asistieron [&hellip;]\" \/>\n<meta property=\"og:url\" content=\"https:\/\/feiasofi.net\/?page_id=7646\" \/>\n<meta property=\"og:site_name\" content=\"Feiasofi\" \/>\n<meta property=\"article:modified_time\" content=\"2025-04-23T08:36:54+00:00\" \/>\n<meta property=\"og:image\" content=\"https:\/\/feiasofi.net\/wp-content\/uploads\/2025\/04\/unnamed.png\" \/>\n\t<meta property=\"og:image:width\" content=\"1600\" \/>\n\t<meta property=\"og:image:height\" content=\"384\" \/>\n\t<meta property=\"og:image:type\" content=\"image\/png\" \/>\n<meta name=\"twitter:card\" content=\"summary_large_image\" \/>\n<meta name=\"twitter:label1\" content=\"Tiempo de lectura\" \/>\n\t<meta name=\"twitter:data1\" content=\"3 minutos\" \/>\n<script type=\"application\/ld+json\" class=\"yoast-schema-graph\">{\"@context\":\"https:\/\/schema.org\",\"@graph\":[{\"@type\":\"WebPage\",\"@id\":\"https:\/\/feiasofi.net\/?page_id=7646\",\"url\":\"https:\/\/feiasofi.net\/?page_id=7646\",\"name\":\"Noticia publicada sobre la VIII Asamblea General FEIASOFI, Zaragoza (Espa\u00f1a) julio 2019 - Feiasofi\",\"isPartOf\":{\"@id\":\"https:\/\/feiasofi.net\/#website\"},\"primaryImageOfPage\":{\"@id\":\"https:\/\/feiasofi.net\/?page_id=7646#primaryimage\"},\"image\":{\"@id\":\"https:\/\/feiasofi.net\/?page_id=7646#primaryimage\"},\"thumbnailUrl\":\"https:\/\/feiasofi.net\/wp-content\/uploads\/2025\/04\/unnamed.png\",\"datePublished\":\"2025-04-23T08:35:57+00:00\",\"dateModified\":\"2025-04-23T08:36:54+00:00\",\"breadcrumb\":{\"@id\":\"https:\/\/feiasofi.net\/?page_id=7646#breadcrumb\"},\"inLanguage\":\"es\",\"potentialAction\":[{\"@type\":\"ReadAction\",\"target\":[\"https:\/\/feiasofi.net\/?page_id=7646\"]}]},{\"@type\":\"ImageObject\",\"inLanguage\":\"es\",\"@id\":\"https:\/\/feiasofi.net\/?page_id=7646#primaryimage\",\"url\":\"https:\/\/feiasofi.net\/wp-content\/uploads\/2025\/04\/unnamed.png\",\"contentUrl\":\"https:\/\/feiasofi.net\/wp-content\/uploads\/2025\/04\/unnamed.png\",\"width\":1600,\"height\":384},{\"@type\":\"BreadcrumbList\",\"@id\":\"https:\/\/feiasofi.net\/?page_id=7646#breadcrumb\",\"itemListElement\":[{\"@type\":\"ListItem\",\"position\":1,\"name\":\"Portada\",\"item\":\"https:\/\/feiasofi.net\/\"},{\"@type\":\"ListItem\",\"position\":2,\"name\":\"Noticia publicada sobre la VIII Asamblea General FEIASOFI, Zaragoza (Espa\u00f1a) julio 2019\"}]},{\"@type\":\"WebSite\",\"@id\":\"https:\/\/feiasofi.net\/#website\",\"url\":\"https:\/\/feiasofi.net\/\",\"name\":\"Feiasofi\",\"description\":\"\",\"potentialAction\":[{\"@type\":\"SearchAction\",\"target\":{\"@type\":\"EntryPoint\",\"urlTemplate\":\"https:\/\/feiasofi.net\/?s={search_term_string}\"},\"query-input\":{\"@type\":\"PropertyValueSpecification\",\"valueRequired\":true,\"valueName\":\"search_term_string\"}}],\"inLanguage\":\"es\"}]}<\/script>\n<!-- \/ Yoast SEO plugin. -->","yoast_head_json":{"title":"Noticia publicada sobre la VIII Asamblea General FEIASOFI, Zaragoza (Espa\u00f1a) julio 2019 - Feiasofi","robots":{"index":"index","follow":"follow","max-snippet":"max-snippet:-1","max-image-preview":"max-image-preview:large","max-video-preview":"max-video-preview:-1"},"canonical":"https:\/\/feiasofi.net\/?page_id=7646","og_locale":"es_ES","og_type":"article","og_title":"Noticia publicada sobre la VIII Asamblea General FEIASOFI, Zaragoza (Espa\u00f1a) julio 2019 - Feiasofi","og_description":"A\u00f1ade aqu\u00ed tu texto de cabeceraNoticia publicada sobre la VIII Asamblea General FEIASOFI, Zaragoza (Espa\u00f1a) julio 2019 El 19 de julio tuvo lugar en Zaragoza la VIII Asamblea de la Federaci\u00f3n Iberoamericana de Sociedades de F\u00edsica (FEIASOFI) en el marco de la XXXVII Reuni\u00f3n Bienal de laReal Sociedad Espa\u00f1ola de F\u00edsica. A la reuni\u00f3n asistieron [&hellip;]","og_url":"https:\/\/feiasofi.net\/?page_id=7646","og_site_name":"Feiasofi","article_modified_time":"2025-04-23T08:36:54+00:00","og_image":[{"width":1600,"height":384,"url":"https:\/\/feiasofi.net\/wp-content\/uploads\/2025\/04\/unnamed.png","type":"image\/png"}],"twitter_card":"summary_large_image","twitter_misc":{"Tiempo de lectura":"3 minutos"},"schema":{"@context":"https:\/\/schema.org","@graph":[{"@type":"WebPage","@id":"https:\/\/feiasofi.net\/?page_id=7646","url":"https:\/\/feiasofi.net\/?page_id=7646","name":"Noticia publicada sobre la VIII Asamblea General FEIASOFI, Zaragoza (Espa\u00f1a) julio 2019 - Feiasofi","isPartOf":{"@id":"https:\/\/feiasofi.net\/#website"},"primaryImageOfPage":{"@id":"https:\/\/feiasofi.net\/?page_id=7646#primaryimage"},"image":{"@id":"https:\/\/feiasofi.net\/?page_id=7646#primaryimage"},"thumbnailUrl":"https:\/\/feiasofi.net\/wp-content\/uploads\/2025\/04\/unnamed.png","datePublished":"2025-04-23T08:35:57+00:00","dateModified":"2025-04-23T08:36:54+00:00","breadcrumb":{"@id":"https:\/\/feiasofi.net\/?page_id=7646#breadcrumb"},"inLanguage":"es","potentialAction":[{"@type":"ReadAction","target":["https:\/\/feiasofi.net\/?page_id=7646"]}]},{"@type":"ImageObject","inLanguage":"es","@id":"https:\/\/feiasofi.net\/?page_id=7646#primaryimage","url":"https:\/\/feiasofi.net\/wp-content\/uploads\/2025\/04\/unnamed.png","contentUrl":"https:\/\/feiasofi.net\/wp-content\/uploads\/2025\/04\/unnamed.png","width":1600,"height":384},{"@type":"BreadcrumbList","@id":"https:\/\/feiasofi.net\/?page_id=7646#breadcrumb","itemListElement":[{"@type":"ListItem","position":1,"name":"Portada","item":"https:\/\/feiasofi.net\/"},{"@type":"ListItem","position":2,"name":"Noticia publicada sobre la VIII Asamblea General FEIASOFI, Zaragoza (Espa\u00f1a) julio 2019"}]},{"@type":"WebSite","@id":"https:\/\/feiasofi.net\/#website","url":"https:\/\/feiasofi.net\/","name":"Feiasofi","description":"","potentialAction":[{"@type":"SearchAction","target":{"@type":"EntryPoint","urlTemplate":"https:\/\/feiasofi.net\/?s={search_term_string}"},"query-input":{"@type":"PropertyValueSpecification","valueRequired":true,"valueName":"search_term_string"}}],"inLanguage":"es"}]}},"_links":{"self":[{"href":"https:\/\/feiasofi.net\/index.php?rest_route=\/wp\/v2\/pages\/7646","targetHints":{"allow":["GET"]}}],"collection":[{"href":"https:\/\/feiasofi.net\/index.php?rest_route=\/wp\/v2\/pages"}],"about":[{"href":"https:\/\/feiasofi.net\/index.php?rest_route=\/wp\/v2\/types\/page"}],"author":[{"embeddable":true,"href":"https:\/\/feiasofi.net\/index.php?rest_route=\/wp\/v2\/users\/1"}],"replies":[{"embeddable":true,"href":"https:\/\/feiasofi.net\/index.php?rest_route=%2Fwp%2Fv2%2Fcomments&post=7646"}],"version-history":[{"count":7,"href":"https:\/\/feiasofi.net\/index.php?rest_route=\/wp\/v2\/pages\/7646\/revisions"}],"predecessor-version":[{"id":7656,"href":"https:\/\/feiasofi.net\/index.php?rest_route=\/wp\/v2\/pages\/7646\/revisions\/7656"}],"wp:attachment":[{"href":"https:\/\/feiasofi.net\/index.php?rest_route=%2Fwp%2Fv2%2Fmedia&parent=7646"}],"curies":[{"name":"wp","href":"https:\/\/api.w.org\/{rel}","templated":true}]}}