{"id":7673,"date":"2025-04-23T08:53:21","date_gmt":"2025-04-23T08:53:21","guid":{"rendered":"https:\/\/feiasofi.net\/?page_id=7673"},"modified":"2025-04-23T08:56:49","modified_gmt":"2025-04-23T08:56:49","slug":"en-las-fronteras-de-la-materia-condensada-vii-fcm2024","status":"publish","type":"page","link":"https:\/\/feiasofi.net\/?page_id=7673","title":{"rendered":"En las Fronteras de la Materia Condensada VII \u2013 FCM2024"},"content":{"rendered":"\t\t<div data-elementor-type=\"wp-page\" data-elementor-id=\"7673\" class=\"elementor elementor-7673\">\n\t\t\t\t<div class=\"elementor-element elementor-element-d5388c0 e-flex e-con-boxed e-con e-parent\" data-id=\"d5388c0\" data-element_type=\"container\" data-e-type=\"container\">\n\t\t\t\t\t<div class=\"e-con-inner\">\n\t\t\t\t<div class=\"elementor-element elementor-element-0401a6d elementor-widget elementor-widget-heading\" data-id=\"0401a6d\" data-element_type=\"widget\" data-e-type=\"widget\" data-widget_type=\"heading.default\">\n\t\t\t\t<div class=\"elementor-widget-container\">\n\t\t\t\t\t<h2 class=\"elementor-heading-title elementor-size-default\">En las Fronteras de la Materia Condensada VII \u2013 FCM2024<\/h2>\t\t\t\t<\/div>\n\t\t\t\t<\/div>\n\t\t\t\t\t<\/div>\n\t\t\t\t<\/div>\n\t\t<div class=\"elementor-element elementor-element-27ea39e e-flex e-con-boxed e-con e-parent\" data-id=\"27ea39e\" data-element_type=\"container\" data-e-type=\"container\">\n\t\t\t\t\t<div class=\"e-con-inner\">\n\t\t\t\t<div class=\"elementor-element elementor-element-8a958d5 elementor-widget elementor-widget-text-editor\" data-id=\"8a958d5\" data-element_type=\"widget\" data-e-type=\"widget\" data-widget_type=\"text-editor.default\">\n\t\t\t\t<div class=\"elementor-widget-container\">\n\t\t\t\t\t\t\t\t\t<p>Del 18 al 20 de diciembre de 2024 se llevar\u00e1 a cabo en el Centro At\u00f3mico Constituyentes de la Comisi\u00f3n Nacional de Energ\u00eda At\u00f3mica de Argentina la VII edici\u00f3n del congreso \u00abEn la Fronteras de la Materia Condensada\u00bb, que reunir\u00e1 a investigadores nacionales e internacionales que trabajan en Materia Condensada para compartir y debatir acerca de los resultados m\u00e1s recientes y las perspectivas futuras del \u00e1rea. Asimismo, esta edici\u00f3n ser\u00e1 una ocasi\u00f3n para celebrar la carrera cient\u00edfica y acad\u00e9mica de la Prof. Ana Mar\u00eda Llois.<\/p><p>Se espera generar un clima apropiado para debates y nuevas colaboraciones en temas de inter\u00e9s actual, tales como:<\/p><ul><li>Nuevas propiedades f\u00edsicas de materiales con aplicaciones: sensores, memorias, dispositivos electr\u00f3nicos, spintronics, etc.<\/li><li>Materiales topol\u00f3gicos y tecnolog\u00edas cu\u00e1nticas.<\/li><li>Magnetismo: propiedades fundamentales, efectos superficiales, interfaces y dimensionalidad.<\/li><li>Materiales para la energ\u00eda y el ambiente: celdas de combustible, litio y cat\u00e1lisis.<\/li><\/ul>\t\t\t\t\t\t\t\t<\/div>\n\t\t\t\t<\/div>\n\t\t\t\t\t<\/div>\n\t\t\t\t<\/div>\n\t\t<div class=\"elementor-element elementor-element-32a3233 e-flex e-con-boxed e-con e-parent\" data-id=\"32a3233\" data-element_type=\"container\" data-e-type=\"container\">\n\t\t\t\t\t<div class=\"e-con-inner\">\n\t\t\t\t<div class=\"elementor-element elementor-element-a15c4a3 elementor-widget elementor-widget-image\" data-id=\"a15c4a3\" data-element_type=\"widget\" data-e-type=\"widget\" data-widget_type=\"image.default\">\n\t\t\t\t<div class=\"elementor-widget-container\">\n\t\t\t\t\t\t\t\t\t\t\t\t\t\t\t<img fetchpriority=\"high\" decoding=\"async\" width=\"550\" height=\"168\" src=\"https:\/\/feiasofi.net\/wp-content\/uploads\/2025\/04\/cnea_logo_fcm_con_atomos_-_550px.png\" class=\"attachment-large size-large wp-image-7675\" alt=\"\" \/>\t\t\t\t\t\t\t\t\t\t\t\t\t\t\t<\/div>\n\t\t\t\t<\/div>\n\t\t\t\t\t<\/div>\n\t\t\t\t<\/div>\n\t\t<div class=\"elementor-element elementor-element-99f291d e-flex e-con-boxed e-con e-parent\" data-id=\"99f291d\" data-element_type=\"container\" data-e-type=\"container\">\n\t\t\t\t\t<div class=\"e-con-inner\">\n\t\t\t\t<div class=\"elementor-element elementor-element-9b7af7f elementor-widget elementor-widget-text-editor\" data-id=\"9b7af7f\" data-element_type=\"widget\" data-e-type=\"widget\" data-widget_type=\"text-editor.default\">\n\t\t\t\t<div class=\"elementor-widget-container\">\n\t\t\t\t\t\t\t\t\t<h2>En las Fronteras de la Materia Condensada VII<\/h2>\n<h2>18 al 20 de diciembre de 2024 &#8211; Buenos Aires, Argentina<\/h2>\n<p>M\u00e1s informaci\u00f3n:&nbsp;<a href=\"https:\/\/www.argentina.gob.ar\/en-las-fronteras-de-la-materia-condensada-vii\">https:\/\/www.argentina.gob.ar\/en-las-fronteras-de-la-materia-condensada-vii<\/a><\/p>\t\t\t\t\t\t\t\t<\/div>\n\t\t\t\t<\/div>\n\t\t\t\t\t<\/div>\n\t\t\t\t<\/div>\n\t\t\t\t<\/div>\n\t\t","protected":false},"excerpt":{"rendered":"<p>En las Fronteras de la Materia Condensada VII \u2013 FCM2024 Del 18 al 20 de diciembre de 2024 se llevar\u00e1 a cabo en el Centro At\u00f3mico Constituyentes de la Comisi\u00f3n Nacional de Energ\u00eda At\u00f3mica de Argentina la VII edici\u00f3n del congreso \u00abEn la Fronteras de la Materia Condensada\u00bb, que reunir\u00e1 a investigadores nacionales e internacionales [&hellip;]<\/p>\n","protected":false},"author":1,"featured_media":0,"parent":0,"menu_order":0,"comment_status":"closed","ping_status":"closed","template":"elementor_header_footer","meta":{"footnotes":""},"class_list":["post-7673","page","type-page","status-publish","hentry"],"yoast_head":"<!-- This site is optimized with the Yoast SEO plugin v27.1.1 - https:\/\/yoast.com\/product\/yoast-seo-wordpress\/ -->\n<title>En las Fronteras de la Materia Condensada VII \u2013 FCM2024 - Feiasofi<\/title>\n<meta name=\"robots\" content=\"index, follow, max-snippet:-1, max-image-preview:large, max-video-preview:-1\" \/>\n<link rel=\"canonical\" href=\"https:\/\/feiasofi.net\/?page_id=7673\" \/>\n<meta property=\"og:locale\" content=\"es_ES\" \/>\n<meta property=\"og:type\" content=\"article\" \/>\n<meta property=\"og:title\" content=\"En las Fronteras de la Materia Condensada VII \u2013 FCM2024 - Feiasofi\" \/>\n<meta property=\"og:description\" content=\"En las Fronteras de la Materia Condensada VII \u2013 FCM2024 Del 18 al 20 de diciembre de 2024 se llevar\u00e1 a cabo en el Centro At\u00f3mico Constituyentes de la Comisi\u00f3n Nacional de Energ\u00eda At\u00f3mica de Argentina la VII edici\u00f3n del congreso \u00abEn la Fronteras de la Materia Condensada\u00bb, que reunir\u00e1 a investigadores nacionales e internacionales [&hellip;]\" \/>\n<meta property=\"og:url\" content=\"https:\/\/feiasofi.net\/?page_id=7673\" \/>\n<meta property=\"og:site_name\" content=\"Feiasofi\" \/>\n<meta property=\"article:modified_time\" content=\"2025-04-23T08:56:49+00:00\" \/>\n<meta property=\"og:image\" content=\"https:\/\/feiasofi.net\/wp-content\/uploads\/2025\/04\/cnea_logo_fcm_con_atomos_-_550px.png\" \/>\n\t<meta property=\"og:image:width\" content=\"550\" \/>\n\t<meta property=\"og:image:height\" content=\"168\" \/>\n\t<meta property=\"og:image:type\" content=\"image\/png\" \/>\n<meta name=\"twitter:card\" content=\"summary_large_image\" \/>\n<meta name=\"twitter:label1\" content=\"Tiempo de lectura\" \/>\n\t<meta name=\"twitter:data1\" content=\"1 minuto\" \/>\n<script type=\"application\/ld+json\" class=\"yoast-schema-graph\">{\"@context\":\"https:\/\/schema.org\",\"@graph\":[{\"@type\":\"WebPage\",\"@id\":\"https:\/\/feiasofi.net\/?page_id=7673\",\"url\":\"https:\/\/feiasofi.net\/?page_id=7673\",\"name\":\"En las Fronteras de la Materia Condensada VII \u2013 FCM2024 - Feiasofi\",\"isPartOf\":{\"@id\":\"https:\/\/feiasofi.net\/#website\"},\"primaryImageOfPage\":{\"@id\":\"https:\/\/feiasofi.net\/?page_id=7673#primaryimage\"},\"image\":{\"@id\":\"https:\/\/feiasofi.net\/?page_id=7673#primaryimage\"},\"thumbnailUrl\":\"https:\/\/feiasofi.net\/wp-content\/uploads\/2025\/04\/cnea_logo_fcm_con_atomos_-_550px.png\",\"datePublished\":\"2025-04-23T08:53:21+00:00\",\"dateModified\":\"2025-04-23T08:56:49+00:00\",\"breadcrumb\":{\"@id\":\"https:\/\/feiasofi.net\/?page_id=7673#breadcrumb\"},\"inLanguage\":\"es\",\"potentialAction\":[{\"@type\":\"ReadAction\",\"target\":[\"https:\/\/feiasofi.net\/?page_id=7673\"]}]},{\"@type\":\"ImageObject\",\"inLanguage\":\"es\",\"@id\":\"https:\/\/feiasofi.net\/?page_id=7673#primaryimage\",\"url\":\"https:\/\/feiasofi.net\/wp-content\/uploads\/2025\/04\/cnea_logo_fcm_con_atomos_-_550px.png\",\"contentUrl\":\"https:\/\/feiasofi.net\/wp-content\/uploads\/2025\/04\/cnea_logo_fcm_con_atomos_-_550px.png\",\"width\":550,\"height\":168},{\"@type\":\"BreadcrumbList\",\"@id\":\"https:\/\/feiasofi.net\/?page_id=7673#breadcrumb\",\"itemListElement\":[{\"@type\":\"ListItem\",\"position\":1,\"name\":\"Portada\",\"item\":\"https:\/\/feiasofi.net\/\"},{\"@type\":\"ListItem\",\"position\":2,\"name\":\"En las Fronteras de la Materia Condensada VII \u2013 FCM2024\"}]},{\"@type\":\"WebSite\",\"@id\":\"https:\/\/feiasofi.net\/#website\",\"url\":\"https:\/\/feiasofi.net\/\",\"name\":\"Feiasofi\",\"description\":\"\",\"potentialAction\":[{\"@type\":\"SearchAction\",\"target\":{\"@type\":\"EntryPoint\",\"urlTemplate\":\"https:\/\/feiasofi.net\/?s={search_term_string}\"},\"query-input\":{\"@type\":\"PropertyValueSpecification\",\"valueRequired\":true,\"valueName\":\"search_term_string\"}}],\"inLanguage\":\"es\"}]}<\/script>\n<!-- \/ Yoast SEO plugin. -->","yoast_head_json":{"title":"En las Fronteras de la Materia Condensada VII \u2013 FCM2024 - Feiasofi","robots":{"index":"index","follow":"follow","max-snippet":"max-snippet:-1","max-image-preview":"max-image-preview:large","max-video-preview":"max-video-preview:-1"},"canonical":"https:\/\/feiasofi.net\/?page_id=7673","og_locale":"es_ES","og_type":"article","og_title":"En las Fronteras de la Materia Condensada VII \u2013 FCM2024 - Feiasofi","og_description":"En las Fronteras de la Materia Condensada VII \u2013 FCM2024 Del 18 al 20 de diciembre de 2024 se llevar\u00e1 a cabo en el Centro At\u00f3mico Constituyentes de la Comisi\u00f3n Nacional de Energ\u00eda At\u00f3mica de Argentina la VII edici\u00f3n del congreso \u00abEn la Fronteras de la Materia Condensada\u00bb, que reunir\u00e1 a investigadores nacionales e internacionales [&hellip;]","og_url":"https:\/\/feiasofi.net\/?page_id=7673","og_site_name":"Feiasofi","article_modified_time":"2025-04-23T08:56:49+00:00","og_image":[{"width":550,"height":168,"url":"https:\/\/feiasofi.net\/wp-content\/uploads\/2025\/04\/cnea_logo_fcm_con_atomos_-_550px.png","type":"image\/png"}],"twitter_card":"summary_large_image","twitter_misc":{"Tiempo de lectura":"1 minuto"},"schema":{"@context":"https:\/\/schema.org","@graph":[{"@type":"WebPage","@id":"https:\/\/feiasofi.net\/?page_id=7673","url":"https:\/\/feiasofi.net\/?page_id=7673","name":"En las Fronteras de la Materia Condensada VII \u2013 FCM2024 - Feiasofi","isPartOf":{"@id":"https:\/\/feiasofi.net\/#website"},"primaryImageOfPage":{"@id":"https:\/\/feiasofi.net\/?page_id=7673#primaryimage"},"image":{"@id":"https:\/\/feiasofi.net\/?page_id=7673#primaryimage"},"thumbnailUrl":"https:\/\/feiasofi.net\/wp-content\/uploads\/2025\/04\/cnea_logo_fcm_con_atomos_-_550px.png","datePublished":"2025-04-23T08:53:21+00:00","dateModified":"2025-04-23T08:56:49+00:00","breadcrumb":{"@id":"https:\/\/feiasofi.net\/?page_id=7673#breadcrumb"},"inLanguage":"es","potentialAction":[{"@type":"ReadAction","target":["https:\/\/feiasofi.net\/?page_id=7673"]}]},{"@type":"ImageObject","inLanguage":"es","@id":"https:\/\/feiasofi.net\/?page_id=7673#primaryimage","url":"https:\/\/feiasofi.net\/wp-content\/uploads\/2025\/04\/cnea_logo_fcm_con_atomos_-_550px.png","contentUrl":"https:\/\/feiasofi.net\/wp-content\/uploads\/2025\/04\/cnea_logo_fcm_con_atomos_-_550px.png","width":550,"height":168},{"@type":"BreadcrumbList","@id":"https:\/\/feiasofi.net\/?page_id=7673#breadcrumb","itemListElement":[{"@type":"ListItem","position":1,"name":"Portada","item":"https:\/\/feiasofi.net\/"},{"@type":"ListItem","position":2,"name":"En las Fronteras de la Materia Condensada VII \u2013 FCM2024"}]},{"@type":"WebSite","@id":"https:\/\/feiasofi.net\/#website","url":"https:\/\/feiasofi.net\/","name":"Feiasofi","description":"","potentialAction":[{"@type":"SearchAction","target":{"@type":"EntryPoint","urlTemplate":"https:\/\/feiasofi.net\/?s={search_term_string}"},"query-input":{"@type":"PropertyValueSpecification","valueRequired":true,"valueName":"search_term_string"}}],"inLanguage":"es"}]}},"_links":{"self":[{"href":"https:\/\/feiasofi.net\/index.php?rest_route=\/wp\/v2\/pages\/7673","targetHints":{"allow":["GET"]}}],"collection":[{"href":"https:\/\/feiasofi.net\/index.php?rest_route=\/wp\/v2\/pages"}],"about":[{"href":"https:\/\/feiasofi.net\/index.php?rest_route=\/wp\/v2\/types\/page"}],"author":[{"embeddable":true,"href":"https:\/\/feiasofi.net\/index.php?rest_route=\/wp\/v2\/users\/1"}],"replies":[{"embeddable":true,"href":"https:\/\/feiasofi.net\/index.php?rest_route=%2Fwp%2Fv2%2Fcomments&post=7673"}],"version-history":[{"count":7,"href":"https:\/\/feiasofi.net\/index.php?rest_route=\/wp\/v2\/pages\/7673\/revisions"}],"predecessor-version":[{"id":7682,"href":"https:\/\/feiasofi.net\/index.php?rest_route=\/wp\/v2\/pages\/7673\/revisions\/7682"}],"wp:attachment":[{"href":"https:\/\/feiasofi.net\/index.php?rest_route=%2Fwp%2Fv2%2Fmedia&parent=7673"}],"curies":[{"name":"wp","href":"https:\/\/api.w.org\/{rel}","templated":true}]}}