{"id":7698,"date":"2025-04-23T09:09:06","date_gmt":"2025-04-23T09:09:06","guid":{"rendered":"https:\/\/feiasofi.net\/?page_id=7698"},"modified":"2025-04-23T10:03:51","modified_gmt":"2025-04-23T10:03:51","slug":"revista-de-la-uisf-numero-6-1-septiembre-2010","status":"publish","type":"page","link":"https:\/\/feiasofi.net\/?page_id=7698","title":{"rendered":"Revista de la UISF. N\u00famero 6\/1 Septiembre 2010"},"content":{"rendered":"\t\t<div data-elementor-type=\"wp-page\" data-elementor-id=\"7698\" class=\"elementor elementor-7698\">\n\t\t\t\t<div class=\"elementor-element elementor-element-b42f367 e-flex e-con-boxed e-con e-parent\" data-id=\"b42f367\" data-element_type=\"container\" data-e-type=\"container\">\n\t\t\t\t\t<div class=\"e-con-inner\">\n\t\t\t\t<div class=\"elementor-element elementor-element-a98ffb6 elementor-widget elementor-widget-image\" data-id=\"a98ffb6\" data-element_type=\"widget\" data-e-type=\"widget\" data-widget_type=\"image.default\">\n\t\t\t\t<div class=\"elementor-widget-container\">\n\t\t\t\t\t\t\t\t\t\t\t\t\t\t\t<img fetchpriority=\"high\" decoding=\"async\" width=\"706\" height=\"128\" src=\"https:\/\/feiasofi.net\/wp-content\/uploads\/2025\/04\/cabecera.gif\" class=\"attachment-large size-large wp-image-7700\" alt=\"\" \/>\t\t\t\t\t\t\t\t\t\t\t\t\t\t\t<\/div>\n\t\t\t\t<\/div>\n\t\t\t\t\t<\/div>\n\t\t\t\t<\/div>\n\t\t<div class=\"elementor-element elementor-element-83a05fb e-flex e-con-boxed e-con e-parent\" data-id=\"83a05fb\" data-element_type=\"container\" data-e-type=\"container\">\n\t\t\t\t\t<div class=\"e-con-inner\">\n\t\t<div class=\"elementor-element elementor-element-61115ee e-con-full e-flex e-con e-child\" data-id=\"61115ee\" data-element_type=\"container\" data-e-type=\"container\">\n\t\t\t\t<div class=\"elementor-element elementor-element-26afc07 elementor-widget elementor-widget-image\" data-id=\"26afc07\" data-element_type=\"widget\" data-e-type=\"widget\" data-widget_type=\"image.default\">\n\t\t\t\t<div class=\"elementor-widget-container\">\n\t\t\t\t\t\t\t\t\t\t\t\t\t\t\t<img decoding=\"async\" width=\"199\" height=\"650\" src=\"https:\/\/feiasofi.net\/wp-content\/uploads\/2025\/04\/barra_lateral.jpg\" class=\"attachment-large size-large wp-image-7701\" alt=\"\" \/>\t\t\t\t\t\t\t\t\t\t\t\t\t\t\t<\/div>\n\t\t\t\t<\/div>\n\t\t\t\t<\/div>\n\t\t<div class=\"elementor-element elementor-element-7b019f3 e-con-full e-flex e-con e-child\" data-id=\"7b019f3\" data-element_type=\"container\" data-e-type=\"container\">\n\t\t\t\t<div class=\"elementor-element elementor-element-0f8b461 elementor-widget elementor-widget-text-editor\" data-id=\"0f8b461\" data-element_type=\"widget\" data-e-type=\"widget\" data-widget_type=\"text-editor.default\">\n\t\t\t\t<div class=\"elementor-widget-container\">\n\t\t\t\t\t\t\t\t\t<table border=\"0\" cellspacing=\"0\" cellpadding=\"0\" align=\"center\"><tbody><tr><td><p><strong><span class=\"\\&quot;Estilo2\\&quot;\"><a href=\"https:\/\/feiasofi.net\/wp-content\/uploads\/2025\/04\/carta_presi.pdf\" target=\"_blank\" rel=\"noopener\">Carta del Presidente de la FEIASOFI \/ Letra do Presidente de FEISASOFI<\/a><\/span><\/strong><\/p><p><strong><span class=\"\\&quot;capitulo\\&quot;\">Foro\/Foro<\/span>\u00a0<\/strong><\/p><ul><li><span class=\"\\&quot;subcapitulo\\&quot;\"><a href=\"https:\/\/feiasofi.net\/wp-content\/uploads\/2025\/04\/foro.pdf\">El cine como arma de destrucci\u00f3n masiva de la ciencia.<\/a><\/span>.<\/li><\/ul><strong><span class=\"\\&quot;capitulo\\&quot;\">F\u00edsica para todos\/F\u00edsica no mundo<\/span><\/strong><ul><li><span class=\"\\&quot;subcapitulo\\&quot;\"><a href=\"https:\/\/feiasofi.net\/wp-content\/uploads\/2025\/04\/FisicaTodos_1.pdf\">Art\u00edculos sobre energ\u00eda en la Revista Iberoamericana de F\u00edsica.<\/a><\/span><\/li><li><span class=\"\\&quot;subcapitulo\\&quot;\"><a href=\"https:\/\/feiasofi.net\/wp-content\/uploads\/2025\/04\/FisicaTodos_2.pdf\">Perspectiva energ\u00e9tica del Hidr\u00f3geno.<\/a><\/span><\/li><li><span class=\"\\&quot;subcapitulo\\&quot;\"><a href=\"https:\/\/feiasofi.net\/wp-content\/uploads\/2025\/04\/FisicaTodos_3.pdf\">Edificaci\u00f3n y materiales de cambio de fase.<\/a><\/span><\/li><li><span class=\"\\&quot;subcapitulo\\&quot;\"><a href=\"https:\/\/feiasofi.net\/wp-content\/uploads\/2025\/04\/FisicaTodos_4.pdf\">Las Centrales Solares Termoel\u00e9ctricas.<\/a><\/span><\/li><li><span class=\"\\&quot;subcapitulo\\&quot;\"><a href=\"https:\/\/feiasofi.net\/wp-content\/uploads\/2025\/04\/FisicaTodos_5.pdf\">Instalaciones Solares T\u00e9rmicas. Especifidades del Dise\u00f1o.<\/a><\/span><\/li><li><span class=\"\\&quot;subcapitulo\\&quot;\"><a href=\"https:\/\/feiasofi.net\/wp-content\/uploads\/2025\/04\/FisicaTodos_6.pdf\">La F\u00edsica de la desnaturalizaci\u00f3n de prote\u00ednas.<\/a><\/span><\/li><li><span class=\"\\&quot;subcapitulo\\&quot;\"><a href=\"https:\/\/feiasofi.net\/wp-content\/uploads\/2025\/04\/FisicaTodos_7.pdf\">El origen del sistema solar revelado del estudio de Meteoritos primitivos y part\u00edculas cometarias.<\/a><\/span><\/li><li><span class=\"\\&quot;subcapitulo\\&quot;\"><a href=\"https:\/\/feiasofi.net\/wp-content\/uploads\/2025\/04\/FisicaTodos_8.pdf\">\u00bfLos \u00e1tomos como osciladores perfectos?<\/a><\/span><\/li><\/ul><strong><span class=\"\\&quot;capitulo\\&quot;\">Aprendiendo F\u00edsica\/Ensino da F\u00edsica<\/span><\/strong><ul><li><span class=\"\\&quot;subcapitulo\\&quot;\"><a href=\"https:\/\/feiasofi.net\/wp-content\/uploads\/2025\/04\/Aprendiendo_1.pdf\">Juguetes en clases y demostraciones de f\u00edsica.<\/a><\/span><\/li><\/ul><strong><span class=\"\\&quot;capitulo\\&quot;\">La Vida de la Ciencia \/ A vida da ci\u00eancia<\/span><\/strong><ul><li><a href=\"https:\/\/feiasofi.net\/wp-content\/uploads\/2025\/04\/VidaCiencia_1.pdf\"><span class=\"\\&quot;subcapitulo\\&quot;\">La Energ\u00eda en el plan Nacional de I+D+I.<\/span><\/a><\/li><li><a href=\"https:\/\/feiasofi.net\/wp-content\/uploads\/2025\/04\/VidaCiencia_2.pdf\"><span class=\"\\&quot;subcapitulo\\&quot;\">Entrevista a Michael E. Fisher.<\/span><\/a><\/li><\/ul><strong><span class=\"\\&quot;capitulo\\&quot;\">Notas hist\u00f3ricas\/Apontamentos historicos<\/span><\/strong><ul><li><a href=\"https:\/\/feiasofi.net\/wp-content\/uploads\/2025\/04\/NotasHistoricas_1.pdf\"><span class=\"\\&quot;subcapitulo\\&quot;\">Una historia en part\u00edculas.<\/span><\/a><\/li><\/ul><strong><span class=\"\\&quot;capitulo\"><a href=\"https:\/\/feiasofi.net\/wp-content\/uploads\/2025\/04\/DeTodo.pdf\">De todo un poco\/De tudo un pouco<\/a><\/span><\/strong><ul><li><span class=\"\\&quot;subcapitulo\\&quot;\">Problemas resueltos de geof\u00edsica.<\/span><\/li><li><span class=\"\\&quot;subcapitulo\\&quot;\">\u201cPhysics for Development\u201d: la Comisi\u00f3n C13 de la IUPAP.<\/span><\/li><li><span class=\"\\&quot;subcapitulo\\&quot;\">5\u00ba Taller Internacional de Termodin\u00e1mica Fuera del Equilibrio.<\/span><\/li><li><span class=\"\\&quot;subcapitulo\\&quot;\">Simposio Internacional sobre Energ\u00edas Renovables y Sustentabilidad.<\/span><\/li><li><span class=\"\\&quot;subcapitulo\\&quot;\">Cumbre del Clima, COP 16.<\/span><\/li><li><span class=\"\\&quot;subcapitulo\\&quot;\">Tercera versi\u00f3n del Congreso de Medios Granulares en Chile.<\/span><\/li><li><span class=\"\\&quot;subcapitulo\\&quot;\">11th Granada Seminar on Computational and Statistical Physics.<\/span><\/li><li><span class=\"\\&quot;subcapitulo\\&quot;\">Portuguese Physics for Health Summer School<\/span><\/li><\/ul><\/td><\/tr><\/tbody><\/table>\t\t\t\t\t\t\t\t<\/div>\n\t\t\t\t<\/div>\n\t\t\t\t<\/div>\n\t\t\t\t\t<\/div>\n\t\t\t\t<\/div>\n\t\t\t\t<\/div>\n\t\t","protected":false},"excerpt":{"rendered":"<p>Carta del Presidente de la FEIASOFI \/ Letra do Presidente de FEISASOFI Foro\/Foro\u00a0 El cine como arma de destrucci\u00f3n masiva de la ciencia.. F\u00edsica para todos\/F\u00edsica no mundo Art\u00edculos sobre energ\u00eda en la Revista Iberoamericana de F\u00edsica. Perspectiva energ\u00e9tica del Hidr\u00f3geno. Edificaci\u00f3n y materiales de cambio de fase. Las Centrales Solares Termoel\u00e9ctricas. Instalaciones Solares T\u00e9rmicas. [&hellip;]<\/p>\n","protected":false},"author":1,"featured_media":0,"parent":0,"menu_order":0,"comment_status":"closed","ping_status":"closed","template":"elementor_header_footer","meta":{"footnotes":""},"class_list":["post-7698","page","type-page","status-publish","hentry"],"yoast_head":"<!-- This site is optimized with the Yoast SEO plugin v27.1.1 - https:\/\/yoast.com\/product\/yoast-seo-wordpress\/ -->\n<title>Revista de la UISF. N\u00famero 6\/1 Septiembre 2010 - Feiasofi<\/title>\n<meta name=\"robots\" content=\"index, follow, max-snippet:-1, max-image-preview:large, max-video-preview:-1\" \/>\n<link rel=\"canonical\" href=\"https:\/\/feiasofi.net\/?page_id=7698\" \/>\n<meta property=\"og:locale\" content=\"es_ES\" \/>\n<meta property=\"og:type\" content=\"article\" \/>\n<meta property=\"og:title\" content=\"Revista de la UISF. N\u00famero 6\/1 Septiembre 2010 - Feiasofi\" \/>\n<meta property=\"og:description\" content=\"Carta del Presidente de la FEIASOFI \/ Letra do Presidente de FEISASOFI Foro\/Foro\u00a0 El cine como arma de destrucci\u00f3n masiva de la ciencia.. F\u00edsica para todos\/F\u00edsica no mundo Art\u00edculos sobre energ\u00eda en la Revista Iberoamericana de F\u00edsica. Perspectiva energ\u00e9tica del Hidr\u00f3geno. Edificaci\u00f3n y materiales de cambio de fase. Las Centrales Solares Termoel\u00e9ctricas. Instalaciones Solares T\u00e9rmicas. [&hellip;]\" \/>\n<meta property=\"og:url\" content=\"https:\/\/feiasofi.net\/?page_id=7698\" \/>\n<meta property=\"og:site_name\" content=\"Feiasofi\" \/>\n<meta property=\"article:modified_time\" content=\"2025-04-23T10:03:51+00:00\" \/>\n<meta property=\"og:image\" content=\"https:\/\/feiasofi.net\/wp-content\/uploads\/2025\/04\/cabecera.gif\" \/>\n\t<meta property=\"og:image:width\" content=\"706\" \/>\n\t<meta property=\"og:image:height\" content=\"128\" \/>\n\t<meta property=\"og:image:type\" content=\"image\/gif\" \/>\n<meta name=\"twitter:card\" content=\"summary_large_image\" \/>\n<meta name=\"twitter:label1\" content=\"Tiempo de lectura\" \/>\n\t<meta name=\"twitter:data1\" content=\"2 minutos\" \/>\n<script type=\"application\/ld+json\" class=\"yoast-schema-graph\">{\"@context\":\"https:\/\/schema.org\",\"@graph\":[{\"@type\":\"WebPage\",\"@id\":\"https:\/\/feiasofi.net\/?page_id=7698\",\"url\":\"https:\/\/feiasofi.net\/?page_id=7698\",\"name\":\"Revista de la UISF. N\u00famero 6\/1 Septiembre 2010 - Feiasofi\",\"isPartOf\":{\"@id\":\"https:\/\/feiasofi.net\/#website\"},\"primaryImageOfPage\":{\"@id\":\"https:\/\/feiasofi.net\/?page_id=7698#primaryimage\"},\"image\":{\"@id\":\"https:\/\/feiasofi.net\/?page_id=7698#primaryimage\"},\"thumbnailUrl\":\"https:\/\/feiasofi.net\/wp-content\/uploads\/2025\/04\/cabecera.gif\",\"datePublished\":\"2025-04-23T09:09:06+00:00\",\"dateModified\":\"2025-04-23T10:03:51+00:00\",\"breadcrumb\":{\"@id\":\"https:\/\/feiasofi.net\/?page_id=7698#breadcrumb\"},\"inLanguage\":\"es\",\"potentialAction\":[{\"@type\":\"ReadAction\",\"target\":[\"https:\/\/feiasofi.net\/?page_id=7698\"]}]},{\"@type\":\"ImageObject\",\"inLanguage\":\"es\",\"@id\":\"https:\/\/feiasofi.net\/?page_id=7698#primaryimage\",\"url\":\"https:\/\/feiasofi.net\/wp-content\/uploads\/2025\/04\/cabecera.gif\",\"contentUrl\":\"https:\/\/feiasofi.net\/wp-content\/uploads\/2025\/04\/cabecera.gif\",\"width\":706,\"height\":128},{\"@type\":\"BreadcrumbList\",\"@id\":\"https:\/\/feiasofi.net\/?page_id=7698#breadcrumb\",\"itemListElement\":[{\"@type\":\"ListItem\",\"position\":1,\"name\":\"Portada\",\"item\":\"https:\/\/feiasofi.net\/\"},{\"@type\":\"ListItem\",\"position\":2,\"name\":\"Revista de la UISF. N\u00famero 6\/1 Septiembre 2010\"}]},{\"@type\":\"WebSite\",\"@id\":\"https:\/\/feiasofi.net\/#website\",\"url\":\"https:\/\/feiasofi.net\/\",\"name\":\"Feiasofi\",\"description\":\"\",\"potentialAction\":[{\"@type\":\"SearchAction\",\"target\":{\"@type\":\"EntryPoint\",\"urlTemplate\":\"https:\/\/feiasofi.net\/?s={search_term_string}\"},\"query-input\":{\"@type\":\"PropertyValueSpecification\",\"valueRequired\":true,\"valueName\":\"search_term_string\"}}],\"inLanguage\":\"es\"}]}<\/script>\n<!-- \/ Yoast SEO plugin. -->","yoast_head_json":{"title":"Revista de la UISF. N\u00famero 6\/1 Septiembre 2010 - Feiasofi","robots":{"index":"index","follow":"follow","max-snippet":"max-snippet:-1","max-image-preview":"max-image-preview:large","max-video-preview":"max-video-preview:-1"},"canonical":"https:\/\/feiasofi.net\/?page_id=7698","og_locale":"es_ES","og_type":"article","og_title":"Revista de la UISF. N\u00famero 6\/1 Septiembre 2010 - Feiasofi","og_description":"Carta del Presidente de la FEIASOFI \/ Letra do Presidente de FEISASOFI Foro\/Foro\u00a0 El cine como arma de destrucci\u00f3n masiva de la ciencia.. F\u00edsica para todos\/F\u00edsica no mundo Art\u00edculos sobre energ\u00eda en la Revista Iberoamericana de F\u00edsica. Perspectiva energ\u00e9tica del Hidr\u00f3geno. Edificaci\u00f3n y materiales de cambio de fase. Las Centrales Solares Termoel\u00e9ctricas. Instalaciones Solares T\u00e9rmicas. [&hellip;]","og_url":"https:\/\/feiasofi.net\/?page_id=7698","og_site_name":"Feiasofi","article_modified_time":"2025-04-23T10:03:51+00:00","og_image":[{"width":706,"height":128,"url":"https:\/\/feiasofi.net\/wp-content\/uploads\/2025\/04\/cabecera.gif","type":"image\/gif"}],"twitter_card":"summary_large_image","twitter_misc":{"Tiempo de lectura":"2 minutos"},"schema":{"@context":"https:\/\/schema.org","@graph":[{"@type":"WebPage","@id":"https:\/\/feiasofi.net\/?page_id=7698","url":"https:\/\/feiasofi.net\/?page_id=7698","name":"Revista de la UISF. N\u00famero 6\/1 Septiembre 2010 - Feiasofi","isPartOf":{"@id":"https:\/\/feiasofi.net\/#website"},"primaryImageOfPage":{"@id":"https:\/\/feiasofi.net\/?page_id=7698#primaryimage"},"image":{"@id":"https:\/\/feiasofi.net\/?page_id=7698#primaryimage"},"thumbnailUrl":"https:\/\/feiasofi.net\/wp-content\/uploads\/2025\/04\/cabecera.gif","datePublished":"2025-04-23T09:09:06+00:00","dateModified":"2025-04-23T10:03:51+00:00","breadcrumb":{"@id":"https:\/\/feiasofi.net\/?page_id=7698#breadcrumb"},"inLanguage":"es","potentialAction":[{"@type":"ReadAction","target":["https:\/\/feiasofi.net\/?page_id=7698"]}]},{"@type":"ImageObject","inLanguage":"es","@id":"https:\/\/feiasofi.net\/?page_id=7698#primaryimage","url":"https:\/\/feiasofi.net\/wp-content\/uploads\/2025\/04\/cabecera.gif","contentUrl":"https:\/\/feiasofi.net\/wp-content\/uploads\/2025\/04\/cabecera.gif","width":706,"height":128},{"@type":"BreadcrumbList","@id":"https:\/\/feiasofi.net\/?page_id=7698#breadcrumb","itemListElement":[{"@type":"ListItem","position":1,"name":"Portada","item":"https:\/\/feiasofi.net\/"},{"@type":"ListItem","position":2,"name":"Revista de la UISF. N\u00famero 6\/1 Septiembre 2010"}]},{"@type":"WebSite","@id":"https:\/\/feiasofi.net\/#website","url":"https:\/\/feiasofi.net\/","name":"Feiasofi","description":"","potentialAction":[{"@type":"SearchAction","target":{"@type":"EntryPoint","urlTemplate":"https:\/\/feiasofi.net\/?s={search_term_string}"},"query-input":{"@type":"PropertyValueSpecification","valueRequired":true,"valueName":"search_term_string"}}],"inLanguage":"es"}]}},"_links":{"self":[{"href":"https:\/\/feiasofi.net\/index.php?rest_route=\/wp\/v2\/pages\/7698","targetHints":{"allow":["GET"]}}],"collection":[{"href":"https:\/\/feiasofi.net\/index.php?rest_route=\/wp\/v2\/pages"}],"about":[{"href":"https:\/\/feiasofi.net\/index.php?rest_route=\/wp\/v2\/types\/page"}],"author":[{"embeddable":true,"href":"https:\/\/feiasofi.net\/index.php?rest_route=\/wp\/v2\/users\/1"}],"replies":[{"embeddable":true,"href":"https:\/\/feiasofi.net\/index.php?rest_route=%2Fwp%2Fv2%2Fcomments&post=7698"}],"version-history":[{"count":10,"href":"https:\/\/feiasofi.net\/index.php?rest_route=\/wp\/v2\/pages\/7698\/revisions"}],"predecessor-version":[{"id":7712,"href":"https:\/\/feiasofi.net\/index.php?rest_route=\/wp\/v2\/pages\/7698\/revisions\/7712"}],"wp:attachment":[{"href":"https:\/\/feiasofi.net\/index.php?rest_route=%2Fwp%2Fv2%2Fmedia&parent=7698"}],"curies":[{"name":"wp","href":"https:\/\/api.w.org\/{rel}","templated":true}]}}