{"id":7766,"date":"2025-04-23T10:42:26","date_gmt":"2025-04-23T10:42:26","guid":{"rendered":"https:\/\/feiasofi.net\/?page_id=7766"},"modified":"2025-04-23T10:58:45","modified_gmt":"2025-04-23T10:58:45","slug":"revista-de-la-uisf-numero-4-1-julio-2008","status":"publish","type":"page","link":"https:\/\/feiasofi.net\/?page_id=7766","title":{"rendered":"Revista de la UISF. N\u00famero 4\/1 Julio 2008"},"content":{"rendered":"\t\t<div data-elementor-type=\"wp-page\" data-elementor-id=\"7766\" class=\"elementor elementor-7766\">\n\t\t\t\t<div class=\"elementor-element elementor-element-cada460 e-flex e-con-boxed e-con e-parent\" data-id=\"cada460\" data-element_type=\"container\" data-e-type=\"container\">\n\t\t\t\t\t<div class=\"e-con-inner\">\n\t\t\t\t<div class=\"elementor-element elementor-element-dd24014 elementor-widget elementor-widget-heading\" data-id=\"dd24014\" data-element_type=\"widget\" data-e-type=\"widget\" data-widget_type=\"heading.default\">\n\t\t\t\t<div class=\"elementor-widget-container\">\n\t\t\t\t\t<h2 class=\"elementor-heading-title elementor-size-default\">Revista de la UISF. N\u00famero 4\/1 Julio 2008<\/h2>\t\t\t\t<\/div>\n\t\t\t\t<\/div>\n\t\t\t\t\t<\/div>\n\t\t\t\t<\/div>\n\t\t<div class=\"elementor-element elementor-element-60c65ee e-flex e-con-boxed e-con e-parent\" data-id=\"60c65ee\" data-element_type=\"container\" data-e-type=\"container\">\n\t\t\t\t\t<div class=\"e-con-inner\">\n\t\t<div class=\"elementor-element elementor-element-8b7ca86 e-con-full e-flex e-con e-child\" data-id=\"8b7ca86\" data-element_type=\"container\" data-e-type=\"container\">\n\t\t\t\t<div class=\"elementor-element elementor-element-0bec96d elementor-widget elementor-widget-image\" data-id=\"0bec96d\" data-element_type=\"widget\" data-e-type=\"widget\" data-widget_type=\"image.default\">\n\t\t\t\t<div class=\"elementor-widget-container\">\n\t\t\t\t\t\t\t\t\t\t\t\t\t\t\t<img fetchpriority=\"high\" decoding=\"async\" width=\"199\" height=\"650\" src=\"https:\/\/feiasofi.net\/wp-content\/uploads\/2025\/04\/barra_lateral.jpg\" class=\"attachment-large size-large wp-image-7701\" alt=\"\" \/>\t\t\t\t\t\t\t\t\t\t\t\t\t\t\t<\/div>\n\t\t\t\t<\/div>\n\t\t\t\t<\/div>\n\t\t<div class=\"elementor-element elementor-element-e8ed720 e-con-full e-flex e-con e-child\" data-id=\"e8ed720\" data-element_type=\"container\" data-e-type=\"container\">\n\t\t\t\t<div class=\"elementor-element elementor-element-07af4fe elementor-widget elementor-widget-text-editor\" data-id=\"07af4fe\" data-element_type=\"widget\" data-e-type=\"widget\" data-widget_type=\"text-editor.default\">\n\t\t\t\t<div class=\"elementor-widget-container\">\n\t\t\t\t\t\t\t\t\t<p><strong>Foto de portada<\/strong>: Imagen de la superficie del primitivo cometa 81P\/Wild en donde se ha realzado la luminosidad de la coma para evidenciar las zonas activas del n\u00facleo productoras de part\u00edculas de polvo. Im\u00e1genes de PET Stardust\/NASA.<\/p><hr \/><h3><a href=\"https:\/\/&quot;http\/rsef.uc3m.es\/images\/UIBF\/carta-feiasofi.pdf\/%22\" target=\"\\&quot;_blank\\&quot;\">Carta del Presidente de la FEIASOFI \/ Letra do Presidente de FEIASOFI<\/a><\/h3><p><strong>F\u00edsica para todos\/F\u00edsica no mundo<\/strong><\/p><ul><li><span class=\"\\&quot;subcapitulo\\&quot;\"><a href=\"https:\/\/&quot;http\/rsef.uc3m.es\/images\/UIBF\/liquido-quaks.pdf\/%22\" target=\"\\&quot;_blank\\&quot;\">L\u00edquido de quarks y gluones.<\/a><\/span>.<\/li><li><span class=\"\\&quot;subcapitulo\\&quot;\"><a href=\"https:\/\/&quot;http\/rsef.uc3m.es\/images\/UIBF\/estabilidad-materia.pdf\/%22\" target=\"\\&quot;_blank\\&quot;\">Estabilidad de la Materia Extra\u00f1a y posibles Estrellas de Quaks.<\/a><\/span><\/li><li><span class=\"\\&quot;subcapitulo\\&quot;\"><a href=\"https:\/\/&quot;http\/rsef.uc3m.es\/images\/UIBF\/mision-stardust.pdf\/%22\" target=\"\\&quot;_blank\\&quot;\">La misi\u00f3n Stardust: Implicaciones Astrof\u00edsicas de las muestras analizadas del cometa 81P\/WILD 2.<\/a><\/span><\/li><li><span class=\"\\&quot;subcapitulo\\&quot;\"><a href=\"https:\/\/&quot;http\/rsef.uc3m.es\/images\/UIBF\/rossby.pdf\/%22\" target=\"\\&quot;_blank\\&quot;\">Solitones de Rossby, modones, en din\u00e1mica de fluidos geof\u00edsicos (metereologia) y en din\u00e1mica de fluidos hamiltonianos (f\u00edsica del plasma).<\/a><\/span><\/li><li><span class=\"\\&quot;subcapitulo\\&quot;\"><a href=\"https:\/\/&quot;http\/rsef.uc3m.es\/images\/UIBF\/coeficiente-friccion.pdf\/%22\" target=\"\\&quot;_blank\\&quot;\">El coeficiente de fricci\u00f3n como una reacci\u00f3n exerg\u00e9tica.<\/a><\/span><\/li><\/ul><p><strong><span class=\"\\&quot;capitulo\\&quot;\">Aprendiendo F\u00edsica\/Ensino da F\u00edsica<\/span><\/strong><\/p><ul><li><span class=\"\\&quot;subcapitulo\\&quot;\"><a href=\"https:\/\/&quot;http\/rsef.uc3m.es\/images\/UIBF\/choque.pdf\/%22\" target=\"\\&quot;_blank\\&quot;\">\u00bfQu\u00e9 es un choque totalmente inel\u00e1stico?.<\/a><\/span><\/li><li><span class=\"\\&quot;subcapitulo\\&quot;\"><a href=\"https:\/\/&quot;http\/rsef.uc3m.es\/images\/UIBF\/interferometro.pdf\/%22\" target=\"\\&quot;_blank\\&quot;\">El Interfer\u00f3metro y el ascensor de Einstein: un posible test del principio de equivalencia.<\/a><\/span><\/li><li><span class=\"\\&quot;subcapitulo\\&quot;\"><a href=\"https:\/\/&quot;http\/rsef.uc3m.es\/images\/UIBF\/tecnologias-informacion.pdf\/%22\" target=\"\\&quot;_blank\\&quot;\">Tecnolog\u00edas de la informaci\u00f3n y la comunicaci\u00f3n aplicadas a proyectos de investigaci\u00f3n en el area de ciencias naturales a nivel escolar.<\/a><\/span><\/li><\/ul><p><strong><span class=\"\\&quot;capitulo\\&quot;\">La Vida de la Ciencia \/ A vida da ci\u00eancia<\/span><\/strong><\/p><ul><li><a href=\"https:\/\/&quot;http\/rsef.uc3m.es\/images\/UIBF\/a%C3%B1o-mundial-fisica.pdf\/%22\" target=\"\\&quot;_blank\\&quot;\"><span class=\"\\&quot;subcapitulo\\&quot;\">El A\u00f1o Mundial de la F\u00edsica en la Universidad de Las Palmas de Gran Canaria.<\/span><\/a><\/li><li><a href=\"https:\/\/&quot;http\/rsef.uc3m.es\/images\/UIBF\/infraestructuras-metrologicas.pdf\/%22\" target=\"\\&quot;_blank\\&quot;\"><span class=\"\\&quot;subcapitulo\\&quot;\">Infraestructura metrol\u00f3gica para desenvolvimento Sustent\u00e1vel nas Am\u00e9ricas: O papel SIM<sup>1-3.<\/sup><\/span><\/a><\/li><\/ul><p><strong><a href=\"https:\/\/&quot;http\/rsef.uc3m.es\/images\/UIBF\/infraestructuras-metrologicas.pdf\/%22\" target=\"\\&quot;_blank\\&quot;\"><sup><span class=\"\\&quot;capitulo\\&quot;\">Notas hist\u00f3ricas\/Apontamentos historicos<\/span><\/sup><\/a><\/strong><\/p><ul><li><sup><a href=\"https:\/\/&quot;http\/rsef.uc3m.es\/images\/UIBF\/historia-fisica.pdf\/%22\" target=\"\\&quot;_blank\\&quot;\"><span class=\"\\&quot;subcapitulo\\&quot;\">La historia de la F\u00edsica en Panam\u00e1.<\/span><\/a><\/sup><\/li><\/ul><p><strong><sup><span class=\"\\&quot;capitulo\\&quot;\"><a href=\"https:\/\/&quot;http\/rsef.uc3m.es\/images\/UIBF\/de-todo.pdf\/%22\" target=\"\\&quot;_blank\\&quot;\">De todo un poco\/De tudo un pouco<\/a><\/span><\/sup><\/strong><\/p><ul><li><sup><span class=\"\\&quot;subcapitulo\\&quot;\">Las carencias de la Realidad. La conciencia, el universo y la mec\u00e1nica cu\u00e1ntica.<\/span><\/sup><\/li><li><sup><span class=\"\\&quot;subcapitulo\\&quot;\">Jos\u00e9 Bernab\u00e9u. Premio Rey Jaime I.<\/span><\/sup><\/li><li><sup><span class=\"\\&quot;subcapitulo\\&quot;\">Carlos Pajares. Premio de Investigaci\u00f3n Galicia 2007.<\/span><\/sup><\/li><li><sup><span class=\"\\&quot;subcapitulo\\&quot;\">Joan A. Bas. Premio EPMA.<\/span><\/sup><\/li><li><sup><span class=\"\\&quot;subcapitulo\\&quot;\">Inmaculada Paz Andrade. Medalla Castelao 2008.<\/span><\/sup><\/li><li><sup><span class=\"\\&quot;subcapitulo\\&quot;\">Stephen Hawking. Premio Fonseca de Divulgaci\u00f3n Cient\u00edfica.<\/span><\/sup><\/li><li><sup><span class=\"\\&quot;subcapitulo\\&quot;\">Conferencia de Anthony J. Leggett en la UCM.<\/span><\/sup><\/li><li><sup><span class=\"\\&quot;subcapitulo\\&quot;\">Jornada homenaje a Manuel Elices Calafat.<\/span><\/sup><\/li><li><sup><span class=\"\\&quot;subcapitulo\\&quot;\">In Memoriam: John Archibald Wheeler (1911-2008).<\/span><\/sup><\/li><li><sup><span class=\"\\&quot;subcapitulo\\&quot;\">In Memoriam: Francisco J. Yndur\u00e1in (1940-2008).<\/span><\/sup><\/li><\/ul>\t\t\t\t\t\t\t\t<\/div>\n\t\t\t\t<\/div>\n\t\t\t\t<\/div>\n\t\t\t\t\t<\/div>\n\t\t\t\t<\/div>\n\t\t\t\t<\/div>\n\t\t","protected":false},"excerpt":{"rendered":"<p>Revista de la UISF. N\u00famero 4\/1 Julio 2008 Foto de portada: Imagen de la superficie del primitivo cometa 81P\/Wild en donde se ha realzado la luminosidad de la coma para evidenciar las zonas activas del n\u00facleo productoras de part\u00edculas de polvo. Im\u00e1genes de PET Stardust\/NASA. Carta del Presidente de la FEIASOFI \/ Letra do Presidente [&hellip;]<\/p>\n","protected":false},"author":1,"featured_media":0,"parent":0,"menu_order":0,"comment_status":"closed","ping_status":"closed","template":"elementor_header_footer","meta":{"footnotes":""},"class_list":["post-7766","page","type-page","status-publish","hentry"],"yoast_head":"<!-- This site is optimized with the Yoast SEO plugin v27.1.1 - https:\/\/yoast.com\/product\/yoast-seo-wordpress\/ -->\n<title>Revista de la UISF. N\u00famero 4\/1 Julio 2008 - Feiasofi<\/title>\n<meta name=\"robots\" content=\"index, follow, max-snippet:-1, max-image-preview:large, max-video-preview:-1\" \/>\n<link rel=\"canonical\" href=\"https:\/\/feiasofi.net\/?page_id=7766\" \/>\n<meta property=\"og:locale\" content=\"es_ES\" \/>\n<meta property=\"og:type\" content=\"article\" \/>\n<meta property=\"og:title\" content=\"Revista de la UISF. N\u00famero 4\/1 Julio 2008 - Feiasofi\" \/>\n<meta property=\"og:description\" content=\"Revista de la UISF. N\u00famero 4\/1 Julio 2008 Foto de portada: Imagen de la superficie del primitivo cometa 81P\/Wild en donde se ha realzado la luminosidad de la coma para evidenciar las zonas activas del n\u00facleo productoras de part\u00edculas de polvo. Im\u00e1genes de PET Stardust\/NASA. Carta del Presidente de la FEIASOFI \/ Letra do Presidente [&hellip;]\" \/>\n<meta property=\"og:url\" content=\"https:\/\/feiasofi.net\/?page_id=7766\" \/>\n<meta property=\"og:site_name\" content=\"Feiasofi\" \/>\n<meta property=\"article:modified_time\" content=\"2025-04-23T10:58:45+00:00\" \/>\n<meta property=\"og:image\" content=\"https:\/\/feiasofi.net\/wp-content\/uploads\/2025\/04\/barra_lateral.jpg\" \/>\n\t<meta property=\"og:image:width\" content=\"199\" \/>\n\t<meta property=\"og:image:height\" content=\"650\" \/>\n\t<meta property=\"og:image:type\" content=\"image\/jpeg\" \/>\n<meta name=\"twitter:card\" content=\"summary_large_image\" \/>\n<meta name=\"twitter:label1\" content=\"Tiempo de lectura\" \/>\n\t<meta name=\"twitter:data1\" content=\"2 minutos\" \/>\n<script type=\"application\/ld+json\" class=\"yoast-schema-graph\">{\"@context\":\"https:\/\/schema.org\",\"@graph\":[{\"@type\":\"WebPage\",\"@id\":\"https:\/\/feiasofi.net\/?page_id=7766\",\"url\":\"https:\/\/feiasofi.net\/?page_id=7766\",\"name\":\"Revista de la UISF. N\u00famero 4\/1 Julio 2008 - Feiasofi\",\"isPartOf\":{\"@id\":\"https:\/\/feiasofi.net\/#website\"},\"primaryImageOfPage\":{\"@id\":\"https:\/\/feiasofi.net\/?page_id=7766#primaryimage\"},\"image\":{\"@id\":\"https:\/\/feiasofi.net\/?page_id=7766#primaryimage\"},\"thumbnailUrl\":\"https:\/\/feiasofi.net\/wp-content\/uploads\/2025\/04\/barra_lateral.jpg\",\"datePublished\":\"2025-04-23T10:42:26+00:00\",\"dateModified\":\"2025-04-23T10:58:45+00:00\",\"breadcrumb\":{\"@id\":\"https:\/\/feiasofi.net\/?page_id=7766#breadcrumb\"},\"inLanguage\":\"es\",\"potentialAction\":[{\"@type\":\"ReadAction\",\"target\":[\"https:\/\/feiasofi.net\/?page_id=7766\"]}]},{\"@type\":\"ImageObject\",\"inLanguage\":\"es\",\"@id\":\"https:\/\/feiasofi.net\/?page_id=7766#primaryimage\",\"url\":\"https:\/\/feiasofi.net\/wp-content\/uploads\/2025\/04\/barra_lateral.jpg\",\"contentUrl\":\"https:\/\/feiasofi.net\/wp-content\/uploads\/2025\/04\/barra_lateral.jpg\",\"width\":199,\"height\":650},{\"@type\":\"BreadcrumbList\",\"@id\":\"https:\/\/feiasofi.net\/?page_id=7766#breadcrumb\",\"itemListElement\":[{\"@type\":\"ListItem\",\"position\":1,\"name\":\"Portada\",\"item\":\"https:\/\/feiasofi.net\/\"},{\"@type\":\"ListItem\",\"position\":2,\"name\":\"Revista de la UISF. N\u00famero 4\/1 Julio 2008\"}]},{\"@type\":\"WebSite\",\"@id\":\"https:\/\/feiasofi.net\/#website\",\"url\":\"https:\/\/feiasofi.net\/\",\"name\":\"Feiasofi\",\"description\":\"\",\"potentialAction\":[{\"@type\":\"SearchAction\",\"target\":{\"@type\":\"EntryPoint\",\"urlTemplate\":\"https:\/\/feiasofi.net\/?s={search_term_string}\"},\"query-input\":{\"@type\":\"PropertyValueSpecification\",\"valueRequired\":true,\"valueName\":\"search_term_string\"}}],\"inLanguage\":\"es\"}]}<\/script>\n<!-- \/ Yoast SEO plugin. -->","yoast_head_json":{"title":"Revista de la UISF. N\u00famero 4\/1 Julio 2008 - Feiasofi","robots":{"index":"index","follow":"follow","max-snippet":"max-snippet:-1","max-image-preview":"max-image-preview:large","max-video-preview":"max-video-preview:-1"},"canonical":"https:\/\/feiasofi.net\/?page_id=7766","og_locale":"es_ES","og_type":"article","og_title":"Revista de la UISF. N\u00famero 4\/1 Julio 2008 - Feiasofi","og_description":"Revista de la UISF. N\u00famero 4\/1 Julio 2008 Foto de portada: Imagen de la superficie del primitivo cometa 81P\/Wild en donde se ha realzado la luminosidad de la coma para evidenciar las zonas activas del n\u00facleo productoras de part\u00edculas de polvo. Im\u00e1genes de PET Stardust\/NASA. Carta del Presidente de la FEIASOFI \/ Letra do Presidente [&hellip;]","og_url":"https:\/\/feiasofi.net\/?page_id=7766","og_site_name":"Feiasofi","article_modified_time":"2025-04-23T10:58:45+00:00","og_image":[{"width":199,"height":650,"url":"https:\/\/feiasofi.net\/wp-content\/uploads\/2025\/04\/barra_lateral.jpg","type":"image\/jpeg"}],"twitter_card":"summary_large_image","twitter_misc":{"Tiempo de lectura":"2 minutos"},"schema":{"@context":"https:\/\/schema.org","@graph":[{"@type":"WebPage","@id":"https:\/\/feiasofi.net\/?page_id=7766","url":"https:\/\/feiasofi.net\/?page_id=7766","name":"Revista de la UISF. N\u00famero 4\/1 Julio 2008 - Feiasofi","isPartOf":{"@id":"https:\/\/feiasofi.net\/#website"},"primaryImageOfPage":{"@id":"https:\/\/feiasofi.net\/?page_id=7766#primaryimage"},"image":{"@id":"https:\/\/feiasofi.net\/?page_id=7766#primaryimage"},"thumbnailUrl":"https:\/\/feiasofi.net\/wp-content\/uploads\/2025\/04\/barra_lateral.jpg","datePublished":"2025-04-23T10:42:26+00:00","dateModified":"2025-04-23T10:58:45+00:00","breadcrumb":{"@id":"https:\/\/feiasofi.net\/?page_id=7766#breadcrumb"},"inLanguage":"es","potentialAction":[{"@type":"ReadAction","target":["https:\/\/feiasofi.net\/?page_id=7766"]}]},{"@type":"ImageObject","inLanguage":"es","@id":"https:\/\/feiasofi.net\/?page_id=7766#primaryimage","url":"https:\/\/feiasofi.net\/wp-content\/uploads\/2025\/04\/barra_lateral.jpg","contentUrl":"https:\/\/feiasofi.net\/wp-content\/uploads\/2025\/04\/barra_lateral.jpg","width":199,"height":650},{"@type":"BreadcrumbList","@id":"https:\/\/feiasofi.net\/?page_id=7766#breadcrumb","itemListElement":[{"@type":"ListItem","position":1,"name":"Portada","item":"https:\/\/feiasofi.net\/"},{"@type":"ListItem","position":2,"name":"Revista de la UISF. N\u00famero 4\/1 Julio 2008"}]},{"@type":"WebSite","@id":"https:\/\/feiasofi.net\/#website","url":"https:\/\/feiasofi.net\/","name":"Feiasofi","description":"","potentialAction":[{"@type":"SearchAction","target":{"@type":"EntryPoint","urlTemplate":"https:\/\/feiasofi.net\/?s={search_term_string}"},"query-input":{"@type":"PropertyValueSpecification","valueRequired":true,"valueName":"search_term_string"}}],"inLanguage":"es"}]}},"_links":{"self":[{"href":"https:\/\/feiasofi.net\/index.php?rest_route=\/wp\/v2\/pages\/7766","targetHints":{"allow":["GET"]}}],"collection":[{"href":"https:\/\/feiasofi.net\/index.php?rest_route=\/wp\/v2\/pages"}],"about":[{"href":"https:\/\/feiasofi.net\/index.php?rest_route=\/wp\/v2\/types\/page"}],"author":[{"embeddable":true,"href":"https:\/\/feiasofi.net\/index.php?rest_route=\/wp\/v2\/users\/1"}],"replies":[{"embeddable":true,"href":"https:\/\/feiasofi.net\/index.php?rest_route=%2Fwp%2Fv2%2Fcomments&post=7766"}],"version-history":[{"count":7,"href":"https:\/\/feiasofi.net\/index.php?rest_route=\/wp\/v2\/pages\/7766\/revisions"}],"predecessor-version":[{"id":7775,"href":"https:\/\/feiasofi.net\/index.php?rest_route=\/wp\/v2\/pages\/7766\/revisions\/7775"}],"wp:attachment":[{"href":"https:\/\/feiasofi.net\/index.php?rest_route=%2Fwp%2Fv2%2Fmedia&parent=7766"}],"curies":[{"name":"wp","href":"https:\/\/api.w.org\/{rel}","templated":true}]}}