{"id":7801,"date":"2025-04-24T13:19:03","date_gmt":"2025-04-24T13:19:03","guid":{"rendered":"https:\/\/feiasofi.net\/?page_id=7801"},"modified":"2025-04-24T13:41:23","modified_gmt":"2025-04-24T13:41:23","slug":"revista-de-la-uisf-numero-3-1-julio-2007","status":"publish","type":"page","link":"https:\/\/feiasofi.net\/?page_id=7801","title":{"rendered":"Revista de la UISF. N\u00famero 3\/1 Julio 2007"},"content":{"rendered":"\t\t<div data-elementor-type=\"wp-page\" data-elementor-id=\"7801\" class=\"elementor elementor-7801\">\n\t\t\t\t<div class=\"elementor-element elementor-element-3c3357f e-flex e-con-boxed e-con e-parent\" data-id=\"3c3357f\" data-element_type=\"container\" data-e-type=\"container\">\n\t\t\t\t\t<div class=\"e-con-inner\">\n\t\t\t\t<div class=\"elementor-element elementor-element-33c7b6d elementor-widget elementor-widget-heading\" data-id=\"33c7b6d\" data-element_type=\"widget\" data-e-type=\"widget\" data-widget_type=\"heading.default\">\n\t\t\t\t<div class=\"elementor-widget-container\">\n\t\t\t\t\t<h2 class=\"elementor-heading-title elementor-size-default\">Revista de la UISF. N\u00famero 3\/1 Julio 2007<\/h2>\t\t\t\t<\/div>\n\t\t\t\t<\/div>\n\t\t\t\t\t<\/div>\n\t\t\t\t<\/div>\n\t\t<div class=\"elementor-element elementor-element-9478c06 e-flex e-con-boxed e-con e-parent\" data-id=\"9478c06\" data-element_type=\"container\" data-e-type=\"container\">\n\t\t\t\t\t<div class=\"e-con-inner\">\n\t\t\t\t<div class=\"elementor-element elementor-element-2f91396 elementor-widget elementor-widget-image\" data-id=\"2f91396\" data-element_type=\"widget\" data-e-type=\"widget\" data-widget_type=\"image.default\">\n\t\t\t\t<div class=\"elementor-widget-container\">\n\t\t\t\t\t\t\t\t\t\t\t\t\t\t\t<img decoding=\"async\" width=\"500\" height=\"91\" src=\"https:\/\/feiasofi.net\/wp-content\/uploads\/2025\/04\/cabecera07.gif\" class=\"attachment-large size-large wp-image-7803\" alt=\"\" \/>\t\t\t\t\t\t\t\t\t\t\t\t\t\t\t<\/div>\n\t\t\t\t<\/div>\n\t\t\t\t\t<\/div>\n\t\t\t\t<\/div>\n\t\t<div class=\"elementor-element elementor-element-b817898 e-flex e-con-boxed e-con e-parent\" data-id=\"b817898\" data-element_type=\"container\" data-e-type=\"container\">\n\t\t\t\t\t<div class=\"e-con-inner\">\n\t\t<div class=\"elementor-element elementor-element-f9e4abc e-con-full e-flex e-con e-child\" data-id=\"f9e4abc\" data-element_type=\"container\" data-e-type=\"container\">\n\t\t\t\t<div class=\"elementor-element elementor-element-b3206ae elementor-widget elementor-widget-image\" data-id=\"b3206ae\" data-element_type=\"widget\" data-e-type=\"widget\" data-widget_type=\"image.default\">\n\t\t\t\t<div class=\"elementor-widget-container\">\n\t\t\t\t\t\t\t\t\t\t\t\t\t\t\t<img fetchpriority=\"high\" decoding=\"async\" width=\"199\" height=\"650\" src=\"https:\/\/feiasofi.net\/wp-content\/uploads\/2025\/04\/barra_lateral.jpg\" class=\"attachment-large size-large wp-image-7701\" alt=\"\" \/>\t\t\t\t\t\t\t\t\t\t\t\t\t\t\t<\/div>\n\t\t\t\t<\/div>\n\t\t\t\t<\/div>\n\t\t<div class=\"elementor-element elementor-element-394ab2f e-con-full e-flex e-con e-child\" data-id=\"394ab2f\" data-element_type=\"container\" data-e-type=\"container\">\n\t\t\t\t<div class=\"elementor-element elementor-element-1f77de6 elementor-widget elementor-widget-text-editor\" data-id=\"1f77de6\" data-element_type=\"widget\" data-e-type=\"widget\" data-widget_type=\"text-editor.default\">\n\t\t\t\t<div class=\"elementor-widget-container\">\n\t\t\t\t\t\t\t\t\t<p><a href=\"https:\/\/feiasofi.net\/wp-content\/uploads\/2025\/04\/carta-feiasofi07.pdf\" target=\"_blank\" rel=\"noopener\"><span class=\"\\&quot;capitulo\\&quot;\">Carta del Presidente de la FEIASOFI \/ Letra do Presidente de FEISASOFI<\/span><\/a><\/p><p><a href=\"https:\/\/feiasofi.net\/wp-content\/uploads\/2025\/04\/carta-rsef07.pdf\" target=\"_blank\" rel=\"noopener\"><span class=\"\\&quot;capitulo\\&quot;\">Carta del Presidente de la RSEF \/ Letra do Presidente de RSEF<\/span><\/a><\/p><p><span class=\"\\&quot;capitulo\\&quot;\"><strong>Encrucijadas \/ Encruzilhadas<\/strong><\/span><\/p><ul><li><span class=\"\\&quot;subcapitulo\\&quot;\"><a href=\"https:\/\/www.feiasofi.net\/imaghttps:\/\/feiasofi.net\/wp-content\/uploads\/2025\/04\/icsu07.pdfs\/revistaibfisica\/num3\/icsu.pdf\" target=\"_blank\" rel=\"noopener\">ICSU, el Consejo Mundial de la Ciencia<\/a>.\u00a0<br \/>Rafael N\u00fa\u00f1ez-Lagos Rogl\u00e1.<\/span><\/li><li><span class=\"\\&quot;subcapitulo\\&quot;\"><a href=\"https:\/\/feiasofi.net\/wp-content\/uploads\/2025\/04\/energia-solar07.pdf\" target=\"_blank\" rel=\"noopener\">Energ\u00eda solar versus biocombustibles<\/a>.\u00a0<br \/>Lu\u00eds Hern\u00e1ndez<\/span><\/li><\/ul><p><span class=\"\\&quot;capitulo\\&quot;\"><strong>Ensayo \/ Ensaio<\/strong><\/span><\/p><ul><li><span class=\"\\&quot;subcapitulo\\&quot;\"><a href=\"https:\/\/feiasofi.net\/wp-content\/uploads\/2025\/04\/fisica-cuantica07.pdf\" target=\"_blank\" rel=\"noopener\">F\u00edsica cu\u00e1ntica y orden racional<\/a>.\u00a0<br \/>Miguel Ferrero, David Salgado y Jos\u00e9 L. S\u00e1nchez-G\u00f3mez<\/span><\/li><\/ul><p><span class=\"\\&quot;capitulo\\&quot;\"><strong>F\u00edsica para todos\/F\u00edsica no mundo<\/strong><\/span><\/p><ul><li><a href=\"https:\/\/feiasofi.net\/wp-content\/uploads\/2025\/04\/magnetoencefalografia07.pdf\" target=\"_blank\" rel=\"noopener\"><span class=\"\\&quot;subcapitulo\\&quot;\">Magnetoencefalograf\u00eda: Un puente entre la F\u00edsica y la Medicina<\/span><\/a>.\u00a0<br \/>Miguel \u00c1ngel Garc\u00eda, Alfonso de Hoyos, Alberto Fern\u00e1ndez Lucas, Tom\u00e1s Ortiz Alonso y Antonio Hernando<\/li><li><span class=\"\\&quot;subcapitulo\\&quot;\"><a href=\"https:\/\/feiasofi.net\/wp-content\/uploads\/2025\/04\/proton07.pdf\" target=\"_blank\" rel=\"noopener\">La estructura del prot\u00f3n y el LHC.<\/a>\u00a0<br \/>F. Barreiro, C. Glasman, J. del Peso y J. Terr\u00f3n<\/span><\/li><li><span class=\"\\&quot;subcapitulo\\&quot;\"><a href=\"https:\/\/feiasofi.net\/wp-content\/uploads\/2025\/04\/estrellas07.pdf\" target=\"_blank\" rel=\"noopener\">Estrellas degeneradas: Enanas blancas, estrellas de Neutrones y de Quarks.<\/a>\u00a0<br \/>A. P\u00e9rez Mart\u00ednez, Daryel Manreza Paret y A. Ulacia Rey<\/span><\/li><li><span class=\"\\&quot;subcapitulo\\&quot;\"><a href=\"https:\/\/feiasofi.net\/wp-content\/uploads\/2025\/04\/superconductores07.pdf\" target=\"_blank\" rel=\"noopener\">\u00bfSer\u00e1n posibles las superconductores a temperatura ambiente?.<\/a>\u00a0\u00a0<br \/>Montserrat Casas, Manuel de Llano, Jos\u00e9 Mar\u00eda Gestino y Honorino Rubio<\/span><\/li><li><span class=\"\\&quot;subcapitulo\\&quot;\"><a href=\"https:\/\/feiasofi.net\/wp-content\/uploads\/2025\/04\/leyes07.pdf\" target=\"_blank\" rel=\"noopener\">Leyes de Escala, Universalidad y renormalizaci\u00f3n en la ocurrencia de los terremotos en espacio, tiempo y tama\u00f1o.<\/a>\u00a0<br \/>\u00c1lvaro Corral<\/span><\/li><\/ul><p><span class=\"\\&quot;capitulo\\&quot;\"><strong>Aprendiendo F\u00edsica\/Ensino da F\u00edsica<\/strong><\/span><\/p><ul><li><span class=\"\\&quot;subcapitulo\\&quot;\"><a href=\"https:\/\/feiasofi.net\/wp-content\/uploads\/2025\/04\/viajes07.pdf\" target=\"_blank\" rel=\"noopener\">Viajes razonablemente suaves.<\/a>\u00a0<br \/>Eduardo D\u00edaz-Miguel Berm\u00fadez<\/span><\/li><li><span class=\"\\&quot;subcapitulo\\&quot;\"><a href=\"https:\/\/feiasofi.net\/wp-content\/uploads\/2025\/04\/hueco07.pdf\" target=\"_blank\" rel=\"noopener\">Comprensi\u00f3n del concepto de hueco en F\u00edsica de Semiconductores: resultados de un estudio con estudiantes de 14-15 a\u00f1os<\/a>.\u00a0<br \/>Antonio Garc\u00eda-Carmona<\/span><\/li><\/ul><p><span class=\"\\&quot;capitulo\\&quot;\"><strong>La Vida de la Ciencia \/ A vida da ci\u00eancia<\/strong><\/span><\/p><ul><li><a href=\"https:\/\/feiasofi.net\/wp-content\/uploads\/2025\/04\/moleculas07.pdf\" target=\"_blank\" rel=\"noopener\"><span class=\"\\&quot;subcapitulo\\&quot;\">Mol\u00e9culas recreadas a escala humana<\/span><\/a>.\u00a0<br \/>Amalia Rodr\u00edguez<\/li><li><a href=\"https:\/\/feiasofi.net\/wp-content\/uploads\/2025\/04\/semilleros07.pdf\" target=\"_blank\" rel=\"noopener\"><span class=\"\\&quot;subcapitulo\\&quot;\">Semilleros de Biof\u00edsica y Astronom\u00eda en la escuela. Primeros pasos para el desarrollo de m\u00f3dulos interactivos de ciencia y tecnolog\u00eda<\/span><\/a>.\u00a0<br \/>Juan Carlos Arias Ca\u00f1\u00f3n, Juan Marlio Coronado, Fabio L. C\u00e1rdenas, Ram\u00f3n Fayad Nafah, Alejandra Cort\u00e9s, Jessica Neira, Adriana Camargo, Lizeth Herrera, Astrid Carrillo, Mar\u00eda Camila Collazos, Camila Cristancho, Laura Catalina Vargas, Marcela Puentes, Juliana Navarro, Diana Ortiz, Nhora Parra, Lizeth Pulido, Gina V\u00e1zquez, Laura Roa, Sonia Ram\u00edrez, Natalia Guerra<\/li><\/ul><p><span class=\"\\&quot;capitulo\\&quot;\"><strong>Notas hist\u00f3ricas\/Apontamentos historicos<\/strong><\/span><\/p><ul><li><a href=\"https:\/\/feiasofi.net\/wp-content\/uploads\/2025\/04\/heisenberg07.pdf\" target=\"_blank\" rel=\"noopener\"><span class=\"\\&quot;subcapitulo\\&quot;\">Heisenberg y el proyecto at\u00f3mico Alem\u00e1n<\/span><\/a>.\u00a0<br \/>Luis J. Boya<\/li><\/ul><p><span class=\"\\&quot;capitulo\\&quot;\"><strong>De todo un poco\/De tudo un pouco<\/strong><\/span><\/p><ul><li><a href=\"https:\/\/feiasofi.net\/wp-content\/uploads\/2025\/04\/bbva07.pdf\" target=\"_blank\" rel=\"noopener\"><span class=\"\\&quot;subcapitulo\\&quot;\">Acto BBVA<\/span><\/a>.\u00a0<br \/>Jos\u00e9 Lu\u00eds S\u00e1nchez G\u00f3mez<\/li><li><a href=\"https:\/\/feiasofi.net\/wp-content\/uploads\/2025\/04\/memoriam07.pdf\" target=\"_blank\" rel=\"noopener\"><span class=\"\\&quot;subcapitulo\\&quot;\">In Memoriam<\/span><\/a>.\u00a0<br \/>Jaume Casademunt<\/li><\/ul>\t\t\t\t\t\t\t\t<\/div>\n\t\t\t\t<\/div>\n\t\t\t\t<\/div>\n\t\t\t\t\t<\/div>\n\t\t\t\t<\/div>\n\t\t\t\t<\/div>\n\t\t","protected":false},"excerpt":{"rendered":"<p>Revista de la UISF. N\u00famero 3\/1 Julio 2007 Carta del Presidente de la FEIASOFI \/ Letra do Presidente de FEISASOFI Carta del Presidente de la RSEF \/ Letra do Presidente de RSEF Encrucijadas \/ Encruzilhadas ICSU, el Consejo Mundial de la Ciencia.\u00a0Rafael N\u00fa\u00f1ez-Lagos Rogl\u00e1. Energ\u00eda solar versus biocombustibles.\u00a0Lu\u00eds Hern\u00e1ndez Ensayo \/ Ensaio F\u00edsica cu\u00e1ntica y [&hellip;]<\/p>\n","protected":false},"author":1,"featured_media":0,"parent":0,"menu_order":0,"comment_status":"closed","ping_status":"closed","template":"elementor_header_footer","meta":{"footnotes":""},"class_list":["post-7801","page","type-page","status-publish","hentry"],"yoast_head":"<!-- This site is optimized with the Yoast SEO plugin v27.1.1 - https:\/\/yoast.com\/product\/yoast-seo-wordpress\/ -->\n<title>Revista de la UISF. N\u00famero 3\/1 Julio 2007 - Feiasofi<\/title>\n<meta name=\"robots\" content=\"index, follow, max-snippet:-1, max-image-preview:large, max-video-preview:-1\" \/>\n<link rel=\"canonical\" href=\"https:\/\/feiasofi.net\/?page_id=7801\" \/>\n<meta property=\"og:locale\" content=\"es_ES\" \/>\n<meta property=\"og:type\" content=\"article\" \/>\n<meta property=\"og:title\" content=\"Revista de la UISF. N\u00famero 3\/1 Julio 2007 - Feiasofi\" \/>\n<meta property=\"og:description\" content=\"Revista de la UISF. N\u00famero 3\/1 Julio 2007 Carta del Presidente de la FEIASOFI \/ Letra do Presidente de FEISASOFI Carta del Presidente de la RSEF \/ Letra do Presidente de RSEF Encrucijadas \/ Encruzilhadas ICSU, el Consejo Mundial de la Ciencia.\u00a0Rafael N\u00fa\u00f1ez-Lagos Rogl\u00e1. Energ\u00eda solar versus biocombustibles.\u00a0Lu\u00eds Hern\u00e1ndez Ensayo \/ Ensaio F\u00edsica cu\u00e1ntica y [&hellip;]\" \/>\n<meta property=\"og:url\" content=\"https:\/\/feiasofi.net\/?page_id=7801\" \/>\n<meta property=\"og:site_name\" content=\"Feiasofi\" \/>\n<meta property=\"article:modified_time\" content=\"2025-04-24T13:41:23+00:00\" \/>\n<meta property=\"og:image\" content=\"https:\/\/feiasofi.net\/wp-content\/uploads\/2025\/04\/cabecera07.gif\" \/>\n\t<meta property=\"og:image:width\" content=\"500\" \/>\n\t<meta property=\"og:image:height\" content=\"91\" \/>\n\t<meta property=\"og:image:type\" content=\"image\/gif\" \/>\n<meta name=\"twitter:card\" content=\"summary_large_image\" \/>\n<meta name=\"twitter:label1\" content=\"Tiempo de lectura\" \/>\n\t<meta name=\"twitter:data1\" content=\"2 minutos\" \/>\n<script type=\"application\/ld+json\" class=\"yoast-schema-graph\">{\"@context\":\"https:\/\/schema.org\",\"@graph\":[{\"@type\":\"WebPage\",\"@id\":\"https:\/\/feiasofi.net\/?page_id=7801\",\"url\":\"https:\/\/feiasofi.net\/?page_id=7801\",\"name\":\"Revista de la UISF. N\u00famero 3\/1 Julio 2007 - Feiasofi\",\"isPartOf\":{\"@id\":\"https:\/\/feiasofi.net\/#website\"},\"primaryImageOfPage\":{\"@id\":\"https:\/\/feiasofi.net\/?page_id=7801#primaryimage\"},\"image\":{\"@id\":\"https:\/\/feiasofi.net\/?page_id=7801#primaryimage\"},\"thumbnailUrl\":\"https:\/\/feiasofi.net\/wp-content\/uploads\/2025\/04\/cabecera07.gif\",\"datePublished\":\"2025-04-24T13:19:03+00:00\",\"dateModified\":\"2025-04-24T13:41:23+00:00\",\"breadcrumb\":{\"@id\":\"https:\/\/feiasofi.net\/?page_id=7801#breadcrumb\"},\"inLanguage\":\"es\",\"potentialAction\":[{\"@type\":\"ReadAction\",\"target\":[\"https:\/\/feiasofi.net\/?page_id=7801\"]}]},{\"@type\":\"ImageObject\",\"inLanguage\":\"es\",\"@id\":\"https:\/\/feiasofi.net\/?page_id=7801#primaryimage\",\"url\":\"https:\/\/feiasofi.net\/wp-content\/uploads\/2025\/04\/cabecera07.gif\",\"contentUrl\":\"https:\/\/feiasofi.net\/wp-content\/uploads\/2025\/04\/cabecera07.gif\",\"width\":500,\"height\":91},{\"@type\":\"BreadcrumbList\",\"@id\":\"https:\/\/feiasofi.net\/?page_id=7801#breadcrumb\",\"itemListElement\":[{\"@type\":\"ListItem\",\"position\":1,\"name\":\"Portada\",\"item\":\"https:\/\/feiasofi.net\/\"},{\"@type\":\"ListItem\",\"position\":2,\"name\":\"Revista de la UISF. N\u00famero 3\/1 Julio 2007\"}]},{\"@type\":\"WebSite\",\"@id\":\"https:\/\/feiasofi.net\/#website\",\"url\":\"https:\/\/feiasofi.net\/\",\"name\":\"Feiasofi\",\"description\":\"\",\"potentialAction\":[{\"@type\":\"SearchAction\",\"target\":{\"@type\":\"EntryPoint\",\"urlTemplate\":\"https:\/\/feiasofi.net\/?s={search_term_string}\"},\"query-input\":{\"@type\":\"PropertyValueSpecification\",\"valueRequired\":true,\"valueName\":\"search_term_string\"}}],\"inLanguage\":\"es\"}]}<\/script>\n<!-- \/ Yoast SEO plugin. -->","yoast_head_json":{"title":"Revista de la UISF. N\u00famero 3\/1 Julio 2007 - Feiasofi","robots":{"index":"index","follow":"follow","max-snippet":"max-snippet:-1","max-image-preview":"max-image-preview:large","max-video-preview":"max-video-preview:-1"},"canonical":"https:\/\/feiasofi.net\/?page_id=7801","og_locale":"es_ES","og_type":"article","og_title":"Revista de la UISF. N\u00famero 3\/1 Julio 2007 - Feiasofi","og_description":"Revista de la UISF. N\u00famero 3\/1 Julio 2007 Carta del Presidente de la FEIASOFI \/ Letra do Presidente de FEISASOFI Carta del Presidente de la RSEF \/ Letra do Presidente de RSEF Encrucijadas \/ Encruzilhadas ICSU, el Consejo Mundial de la Ciencia.\u00a0Rafael N\u00fa\u00f1ez-Lagos Rogl\u00e1. Energ\u00eda solar versus biocombustibles.\u00a0Lu\u00eds Hern\u00e1ndez Ensayo \/ Ensaio F\u00edsica cu\u00e1ntica y [&hellip;]","og_url":"https:\/\/feiasofi.net\/?page_id=7801","og_site_name":"Feiasofi","article_modified_time":"2025-04-24T13:41:23+00:00","og_image":[{"width":500,"height":91,"url":"https:\/\/feiasofi.net\/wp-content\/uploads\/2025\/04\/cabecera07.gif","type":"image\/gif"}],"twitter_card":"summary_large_image","twitter_misc":{"Tiempo de lectura":"2 minutos"},"schema":{"@context":"https:\/\/schema.org","@graph":[{"@type":"WebPage","@id":"https:\/\/feiasofi.net\/?page_id=7801","url":"https:\/\/feiasofi.net\/?page_id=7801","name":"Revista de la UISF. N\u00famero 3\/1 Julio 2007 - Feiasofi","isPartOf":{"@id":"https:\/\/feiasofi.net\/#website"},"primaryImageOfPage":{"@id":"https:\/\/feiasofi.net\/?page_id=7801#primaryimage"},"image":{"@id":"https:\/\/feiasofi.net\/?page_id=7801#primaryimage"},"thumbnailUrl":"https:\/\/feiasofi.net\/wp-content\/uploads\/2025\/04\/cabecera07.gif","datePublished":"2025-04-24T13:19:03+00:00","dateModified":"2025-04-24T13:41:23+00:00","breadcrumb":{"@id":"https:\/\/feiasofi.net\/?page_id=7801#breadcrumb"},"inLanguage":"es","potentialAction":[{"@type":"ReadAction","target":["https:\/\/feiasofi.net\/?page_id=7801"]}]},{"@type":"ImageObject","inLanguage":"es","@id":"https:\/\/feiasofi.net\/?page_id=7801#primaryimage","url":"https:\/\/feiasofi.net\/wp-content\/uploads\/2025\/04\/cabecera07.gif","contentUrl":"https:\/\/feiasofi.net\/wp-content\/uploads\/2025\/04\/cabecera07.gif","width":500,"height":91},{"@type":"BreadcrumbList","@id":"https:\/\/feiasofi.net\/?page_id=7801#breadcrumb","itemListElement":[{"@type":"ListItem","position":1,"name":"Portada","item":"https:\/\/feiasofi.net\/"},{"@type":"ListItem","position":2,"name":"Revista de la UISF. N\u00famero 3\/1 Julio 2007"}]},{"@type":"WebSite","@id":"https:\/\/feiasofi.net\/#website","url":"https:\/\/feiasofi.net\/","name":"Feiasofi","description":"","potentialAction":[{"@type":"SearchAction","target":{"@type":"EntryPoint","urlTemplate":"https:\/\/feiasofi.net\/?s={search_term_string}"},"query-input":{"@type":"PropertyValueSpecification","valueRequired":true,"valueName":"search_term_string"}}],"inLanguage":"es"}]}},"_links":{"self":[{"href":"https:\/\/feiasofi.net\/index.php?rest_route=\/wp\/v2\/pages\/7801","targetHints":{"allow":["GET"]}}],"collection":[{"href":"https:\/\/feiasofi.net\/index.php?rest_route=\/wp\/v2\/pages"}],"about":[{"href":"https:\/\/feiasofi.net\/index.php?rest_route=\/wp\/v2\/types\/page"}],"author":[{"embeddable":true,"href":"https:\/\/feiasofi.net\/index.php?rest_route=\/wp\/v2\/users\/1"}],"replies":[{"embeddable":true,"href":"https:\/\/feiasofi.net\/index.php?rest_route=%2Fwp%2Fv2%2Fcomments&post=7801"}],"version-history":[{"count":7,"href":"https:\/\/feiasofi.net\/index.php?rest_route=\/wp\/v2\/pages\/7801\/revisions"}],"predecessor-version":[{"id":7828,"href":"https:\/\/feiasofi.net\/index.php?rest_route=\/wp\/v2\/pages\/7801\/revisions\/7828"}],"wp:attachment":[{"href":"https:\/\/feiasofi.net\/index.php?rest_route=%2Fwp%2Fv2%2Fmedia&parent=7801"}],"curies":[{"name":"wp","href":"https:\/\/api.w.org\/{rel}","templated":true}]}}