{"id":7832,"date":"2025-04-24T13:51:51","date_gmt":"2025-04-24T13:51:51","guid":{"rendered":"https:\/\/feiasofi.net\/?page_id=7832"},"modified":"2025-04-24T14:05:15","modified_gmt":"2025-04-24T14:05:15","slug":"revista-de-la-uisf-numero-2-1-noviembre-2006","status":"publish","type":"page","link":"https:\/\/feiasofi.net\/?page_id=7832","title":{"rendered":"Revista de la UISF. N\u00famero 2\/1 Noviembre 2006"},"content":{"rendered":"\t\t<div data-elementor-type=\"wp-page\" data-elementor-id=\"7832\" class=\"elementor elementor-7832\">\n\t\t\t\t<div class=\"elementor-element elementor-element-8d46c49 e-flex e-con-boxed e-con e-parent\" data-id=\"8d46c49\" data-element_type=\"container\" data-e-type=\"container\">\n\t\t\t\t\t<div class=\"e-con-inner\">\n\t\t\t\t<div class=\"elementor-element elementor-element-1384f46 elementor-widget elementor-widget-heading\" data-id=\"1384f46\" data-element_type=\"widget\" data-e-type=\"widget\" data-widget_type=\"heading.default\">\n\t\t\t\t<div class=\"elementor-widget-container\">\n\t\t\t\t\t<h2 class=\"elementor-heading-title elementor-size-default\">Revista de la UISF. N\u00famero 2\/1 Noviembre 2006<\/h2>\t\t\t\t<\/div>\n\t\t\t\t<\/div>\n\t\t\t\t\t<\/div>\n\t\t\t\t<\/div>\n\t\t<div class=\"elementor-element elementor-element-a9f6a06 e-flex e-con-boxed e-con e-parent\" data-id=\"a9f6a06\" data-element_type=\"container\" data-e-type=\"container\">\n\t\t\t\t\t<div class=\"e-con-inner\">\n\t\t\t\t<div class=\"elementor-element elementor-element-ffac2e8 elementor-widget elementor-widget-image\" data-id=\"ffac2e8\" data-element_type=\"widget\" data-e-type=\"widget\" data-widget_type=\"image.default\">\n\t\t\t\t<div class=\"elementor-widget-container\">\n\t\t\t\t\t\t\t\t\t\t\t\t\t\t\t<img fetchpriority=\"high\" decoding=\"async\" width=\"706\" height=\"128\" src=\"https:\/\/feiasofi.net\/wp-content\/uploads\/2025\/04\/cabecera06.gif\" class=\"attachment-large size-large wp-image-7852\" alt=\"\" \/>\t\t\t\t\t\t\t\t\t\t\t\t\t\t\t<\/div>\n\t\t\t\t<\/div>\n\t\t\t\t\t<\/div>\n\t\t\t\t<\/div>\n\t\t<div class=\"elementor-element elementor-element-28a380b e-flex e-con-boxed e-con e-parent\" data-id=\"28a380b\" data-element_type=\"container\" data-e-type=\"container\">\n\t\t\t\t\t<div class=\"e-con-inner\">\n\t\t<div class=\"elementor-element elementor-element-0040442 e-con-full e-flex e-con e-child\" data-id=\"0040442\" data-element_type=\"container\" data-e-type=\"container\">\n\t\t\t\t<div class=\"elementor-element elementor-element-5d04219 elementor-widget elementor-widget-image\" data-id=\"5d04219\" data-element_type=\"widget\" data-e-type=\"widget\" data-widget_type=\"image.default\">\n\t\t\t\t<div class=\"elementor-widget-container\">\n\t\t\t\t\t\t\t\t\t\t\t\t\t\t\t<img decoding=\"async\" width=\"199\" height=\"650\" src=\"https:\/\/feiasofi.net\/wp-content\/uploads\/2025\/04\/barra_lateral.jpg\" class=\"attachment-large size-large wp-image-7701\" alt=\"\" \/>\t\t\t\t\t\t\t\t\t\t\t\t\t\t\t<\/div>\n\t\t\t\t<\/div>\n\t\t\t\t<\/div>\n\t\t<div class=\"elementor-element elementor-element-fac005a e-con-full e-flex e-con e-child\" data-id=\"fac005a\" data-element_type=\"container\" data-e-type=\"container\">\n\t\t\t\t<div class=\"elementor-element elementor-element-c2aa25e elementor-widget elementor-widget-text-editor\" data-id=\"c2aa25e\" data-element_type=\"widget\" data-e-type=\"widget\" data-widget_type=\"text-editor.default\">\n\t\t\t\t<div class=\"elementor-widget-container\">\n\t\t\t\t\t\t\t\t\t<table border=\"0\" cellspacing=\"0\" cellpadding=\"0\" align=\"center\"><tbody><tr><td><p align=\"\\&quot;left\\&quot;\"><strong><a href=\"https:\/\/feiasofi.net\/wp-content\/uploads\/2025\/04\/editorial06.pdf\" target=\"_blank\" rel=\"noopener\">Editorial<\/a>.<\/strong><br \/><br \/><strong>Encrucijadas\/Encruzilhadas<\/strong><\/p><ul><li><div align=\"\\&quot;left\\&quot;\"><span class=\"\\&quot;subcapitulo\\&quot;\"><a href=\"https:\/\/feiasofi.net\/wp-content\/uploads\/2025\/04\/encrucijadas06.pdf\" target=\"_blank\" rel=\"noopener\">El problema energ\u00e9tico en el desarrollo global y la energ\u00eda fotovoltaica<\/a>.\u00a0Luis Hern\u00e1ndez<\/span><\/div><\/li><\/ul><p align=\"\\&quot;left\\&quot;\"><strong><span class=\"\\&quot;capitulo\\&quot;\">F\u00edsica para todos\/F\u00edsica no mundo<\/span><\/strong><\/p><ul><li><div align=\"\\&quot;left\\&quot;\"><span class=\"\\&quot;subcapitulo\\&quot;\"><a href=\"https:\/\/feiasofi.net\/wp-content\/uploads\/2025\/04\/cristal06.pdf\" target=\"_blank\" rel=\"noopener\">El cristal aperi\u00f3dico de la vida<\/a>.\u00a0Enrique Maci\u00e1 Barber<\/span><\/div><\/li><li><div align=\"\\&quot;left\\&quot;\"><span class=\"\\&quot;subcapitulo\\&quot;\"><a href=\"https:\/\/feiasofi.net\/wp-content\/uploads\/2025\/04\/espectroscopia06.pdf\" target=\"_blank\" rel=\"noopener\">Aplicaciones de la espectroscopia a materiales optoelectr\u00f3nicos, sensores de radiaci\u00f3n y detecci\u00f3n de alimentos irradiados.<\/a>\u00a0H. Murrieta, J. Garc\u00eda-Sol\u00e9, L. Da Silva, J. Tocho, F. J. L\u00f3pez, J. M. Hern\u00e1ndez, E. Camarillo, U. Caldi\u00f1o, T. Calder\u00f3n, M. Barboza, G. Torchia, H. Ranea Sandoval, F. Agull\u00f3-L\u00f3pez y F. Jaque<\/span><\/div><\/li><li><div align=\"\\&quot;left\\&quot;\"><span class=\"\\&quot;subcapitulo\\&quot;\"><a href=\"https:\/\/feiasofi.net\/wp-content\/uploads\/2025\/04\/interacciones06.pdf\" target=\"_blank\" rel=\"noopener\">Interacciones fundamentales y radiaci\u00f3n c\u00f3smica<\/a>.\u00a0Carlos A. Garc\u00eda Canal y Sergio Sciutto.<\/span><\/div><\/li><li><div align=\"\\&quot;left\\&quot;\"><span class=\"\\&quot;subcapitulo\\&quot;\"><a href=\"https:\/\/feiasofi.net\/wp-content\/uploads\/2025\/04\/teletransportacion06.pdf\" target=\"_blank\" rel=\"noopener\">Teletransportaci\u00f3n cu\u00e1ntica: pasado y presente<\/a>.\u00a0A. Cassinello, A. Gallego y D. Salgado<\/span><\/div><\/li><li><div align=\"\\&quot;left\\&quot;\"><span class=\"\\&quot;subcapitulo\\&quot;\"><a href=\"https:\/\/feiasofi.net\/wp-content\/uploads\/2025\/04\/simetrias06.pdf\" target=\"_blank\" rel=\"noopener\">Simetr\u00edas ex\u00f3ticas: de cuasicristales y otros sistemas pol\u00edticamente incorrectos<\/a>.\u00a0Gerardo G. Naumis<\/span><\/div><\/li><li><div align=\"\\&quot;left\\&quot;\"><span class=\"\\&quot;subcapitulo\\&quot;\"><a href=\"https:\/\/feiasofi.net\/wp-content\/uploads\/2025\/04\/fair06.pdf\">FAIR, una futura instalaci\u00f3n para la investigaci\u00f3n de antiprotones e iones.<\/a>\u00a0Andrea Jungclaus<\/span><\/div><\/li><\/ul><p align=\"\\&quot;left\\&quot;\"><strong><span class=\"\\&quot;capitulo\\&quot;\">Aprendiendo F\u00edsica\/Ensino da F\u00edsica<\/span><\/strong><\/p><ul><li><div align=\"\\&quot;left\\&quot;\"><span class=\"\\&quot;subcapitulo\\&quot;\"><a href=\"https:\/\/feiasofi.net\/wp-content\/uploads\/2025\/04\/aprendiendo06.pdf\" target=\"_blank\" rel=\"noopener\">El concepto \u00abenerg\u00eda\u00bb en la Ense\u00f1anza de las Ciencias.<\/a>\u00a0Arnaldo Gonz\u00e1lez Arias<\/span><\/div><\/li><\/ul><p align=\"\\&quot;left\\&quot;\"><strong><span class=\"\\&quot;capitulo\\&quot;\">La Vida de la Ciencia\/A vida da ci\u00eancia<\/span><\/strong><\/p><ul><li><div align=\"\\&quot;left\\&quot;\"><span class=\"\\&quot;subcapitulo\\&quot;\"><a href=\"https:\/\/feiasofi.net\/wp-content\/uploads\/2025\/04\/olimpiada06.pdf\" target=\"_blank\" rel=\"noopener\">X Olimpiada Iberoamericana de F\u00edsica.<\/a>\u00a0Andrea Cabot y Arturo C. Mart\u00ed<\/span><\/div><\/li><li><div align=\"\\&quot;left\\&quot;\"><span class=\"\\&quot;subcapitulo\\&quot;\"><a href=\"https:\/\/feiasofi.net\/wp-content\/uploads\/2025\/04\/cea06.pdf\" target=\"_blank\" rel=\"noopener\">Llamada a participar en Ciencia en Acci\u00f3n y Adopta una Estrella.<\/a>\u00a0Rosa Mar\u00eda Ros<\/span><\/div><\/li><\/ul><p align=\"\\&quot;left\\&quot;\"><strong><span class=\"\\&quot;capitulo\\&quot;\">Notas hist\u00f3ricas\/Apontamentos historicos<\/span><\/strong><\/p><ul><li><div align=\"\\&quot;left\\&quot;\"><span class=\"\\&quot;subcapitulo\\&quot;\"><a href=\"https:\/\/feiasofi.net\/wp-content\/uploads\/2025\/04\/democrito06.pdf\" target=\"_blank\" rel=\"noopener\">De Dem\u00f3crito a Galileo: el surgimiento de una dualidad.<\/a>\u00a0Jorge N. Cornejo<\/span><\/div><\/li><\/ul><p align=\"\\&quot;left\\&quot;\"><strong><span class=\"\\&quot;capitulo\\&quot;\">De todo un poco\/De tudo un pouco<\/span><\/strong><\/p><ul><li><div align=\"\\&quot;left\\&quot;\"><span class=\"\\&quot;subcapitulo\\&quot;\"><a href=\"https:\/\/feiasofi.net\/wp-content\/uploads\/2025\/04\/NOTICIAS06.pdf\" target=\"_blank\" rel=\"noopener\">Recordando el ICM 2006: Diez d\u00edas de gran ciencia en Madrid.<\/a>\u00a0Alberto Ibort<\/span><\/div><\/li><li><div align=\"\\&quot;left\\&quot;\"><span class=\"\\&quot;subcapitulo\\&quot;\"><a href=\"https:\/\/feiasofi.net\/wp-content\/uploads\/2025\/04\/NOTICIAS206.pdf\" target=\"_blank\" rel=\"noopener\">Singapur XXXVII Olimpiada Internacional de F\u00edsica.<\/a>\u00a0Carmen Pere\u00f1a<\/span><\/div><\/li><li><div align=\"\\&quot;left\\&quot;\"><span class=\"\\&quot;subcapitulo\\&quot;\"><a href=\"https:\/\/feiasofi.net\/wp-content\/uploads\/2025\/04\/NOTICIAS306.pdf\" target=\"_blank\" rel=\"noopener\">II Jornadas de la Ense\u00f1anza de las Ciencias.<\/a>\u00a0Paloma Varela<\/span><\/div><\/li><li><div align=\"\\&quot;left\\&quot;\"><span class=\"\\&quot;subcapitulo\\&quot;\"><a href=\"https:\/\/feiasofi.net\/wp-content\/uploads\/2025\/04\/NOTICIAS406.pdf\" target=\"_blank\" rel=\"noopener\">Primera Asamblea General de la Federaci\u00f3n Iberoamericana de Sociedades de F\u00edsica (FEIASOFI).<\/a>\u00a0Gerardo Delgado Barrio<\/span><\/div><\/li><li><div align=\"\\&quot;left\\&quot;\"><span class=\"\\&quot;subcapitulo\\&quot;\"><a href=\"https:\/\/feiasofi.net\/wp-content\/uploads\/2025\/04\/NOTICIAS506.pdf\" target=\"_blank\" rel=\"noopener\">Congreso Internacional en Montevideo<\/a><\/span><\/div><\/li><li><div align=\"\\&quot;left\\&quot;\"><span class=\"\\&quot;subcapitulo\\&quot;\"><a href=\"https:\/\/feiasofi.net\/wp-content\/uploads\/2025\/04\/NOTICIAS606.pdf\" target=\"_blank\" rel=\"noopener\">Nuevo Premio Nobel de F\u00edsica<\/a><\/span><\/div><\/li><li><div align=\"\\&quot;left\\&quot;\"><span class=\"\\&quot;subcapitulo\\&quot;\"><a href=\"https:\/\/feiasofi.net\/wp-content\/uploads\/2025\/04\/NOTICIAS706.pdf\" target=\"_blank\" rel=\"noopener\">Antonio Luque, director del Instituto de Energ\u00eda Solar, elegido \u00abIngeniero del a\u00f1o 2006\u00bb por el COIT<\/a><\/span><\/div><\/li><\/ul><\/td><\/tr><\/tbody><\/table>\t\t\t\t\t\t\t\t<\/div>\n\t\t\t\t<\/div>\n\t\t\t\t<\/div>\n\t\t\t\t\t<\/div>\n\t\t\t\t<\/div>\n\t\t\t\t<\/div>\n\t\t","protected":false},"excerpt":{"rendered":"<p>Revista de la UISF. N\u00famero 2\/1 Noviembre 2006 Editorial. Encrucijadas\/Encruzilhadas El problema energ\u00e9tico en el desarrollo global y la energ\u00eda fotovoltaica.\u00a0Luis Hern\u00e1ndez F\u00edsica para todos\/F\u00edsica no mundo El cristal aperi\u00f3dico de la vida.\u00a0Enrique Maci\u00e1 Barber Aplicaciones de la espectroscopia a materiales optoelectr\u00f3nicos, sensores de radiaci\u00f3n y detecci\u00f3n de alimentos irradiados.\u00a0H. Murrieta, J. Garc\u00eda-Sol\u00e9, L. Da [&hellip;]<\/p>\n","protected":false},"author":1,"featured_media":0,"parent":0,"menu_order":0,"comment_status":"closed","ping_status":"closed","template":"elementor_header_footer","meta":{"footnotes":""},"class_list":["post-7832","page","type-page","status-publish","hentry"],"yoast_head":"<!-- This site is optimized with the Yoast SEO plugin v27.1.1 - https:\/\/yoast.com\/product\/yoast-seo-wordpress\/ -->\n<title>Revista de la UISF. N\u00famero 2\/1 Noviembre 2006 - Feiasofi<\/title>\n<meta name=\"robots\" content=\"index, follow, max-snippet:-1, max-image-preview:large, max-video-preview:-1\" \/>\n<link rel=\"canonical\" href=\"https:\/\/feiasofi.net\/?page_id=7832\" \/>\n<meta property=\"og:locale\" content=\"es_ES\" \/>\n<meta property=\"og:type\" content=\"article\" \/>\n<meta property=\"og:title\" content=\"Revista de la UISF. N\u00famero 2\/1 Noviembre 2006 - Feiasofi\" \/>\n<meta property=\"og:description\" content=\"Revista de la UISF. N\u00famero 2\/1 Noviembre 2006 Editorial. Encrucijadas\/Encruzilhadas El problema energ\u00e9tico en el desarrollo global y la energ\u00eda fotovoltaica.\u00a0Luis Hern\u00e1ndez F\u00edsica para todos\/F\u00edsica no mundo El cristal aperi\u00f3dico de la vida.\u00a0Enrique Maci\u00e1 Barber Aplicaciones de la espectroscopia a materiales optoelectr\u00f3nicos, sensores de radiaci\u00f3n y detecci\u00f3n de alimentos irradiados.\u00a0H. Murrieta, J. Garc\u00eda-Sol\u00e9, L. Da [&hellip;]\" \/>\n<meta property=\"og:url\" content=\"https:\/\/feiasofi.net\/?page_id=7832\" \/>\n<meta property=\"og:site_name\" content=\"Feiasofi\" \/>\n<meta property=\"article:modified_time\" content=\"2025-04-24T14:05:15+00:00\" \/>\n<meta property=\"og:image\" content=\"https:\/\/feiasofi.net\/wp-content\/uploads\/2025\/04\/cabecera06.gif\" \/>\n\t<meta property=\"og:image:width\" content=\"706\" \/>\n\t<meta property=\"og:image:height\" content=\"128\" \/>\n\t<meta property=\"og:image:type\" content=\"image\/gif\" \/>\n<meta name=\"twitter:card\" content=\"summary_large_image\" \/>\n<meta name=\"twitter:label1\" content=\"Tiempo de lectura\" \/>\n\t<meta name=\"twitter:data1\" content=\"2 minutos\" \/>\n<script type=\"application\/ld+json\" class=\"yoast-schema-graph\">{\"@context\":\"https:\/\/schema.org\",\"@graph\":[{\"@type\":\"WebPage\",\"@id\":\"https:\/\/feiasofi.net\/?page_id=7832\",\"url\":\"https:\/\/feiasofi.net\/?page_id=7832\",\"name\":\"Revista de la UISF. N\u00famero 2\/1 Noviembre 2006 - Feiasofi\",\"isPartOf\":{\"@id\":\"https:\/\/feiasofi.net\/#website\"},\"primaryImageOfPage\":{\"@id\":\"https:\/\/feiasofi.net\/?page_id=7832#primaryimage\"},\"image\":{\"@id\":\"https:\/\/feiasofi.net\/?page_id=7832#primaryimage\"},\"thumbnailUrl\":\"https:\/\/feiasofi.net\/wp-content\/uploads\/2025\/04\/cabecera06.gif\",\"datePublished\":\"2025-04-24T13:51:51+00:00\",\"dateModified\":\"2025-04-24T14:05:15+00:00\",\"breadcrumb\":{\"@id\":\"https:\/\/feiasofi.net\/?page_id=7832#breadcrumb\"},\"inLanguage\":\"es\",\"potentialAction\":[{\"@type\":\"ReadAction\",\"target\":[\"https:\/\/feiasofi.net\/?page_id=7832\"]}]},{\"@type\":\"ImageObject\",\"inLanguage\":\"es\",\"@id\":\"https:\/\/feiasofi.net\/?page_id=7832#primaryimage\",\"url\":\"https:\/\/feiasofi.net\/wp-content\/uploads\/2025\/04\/cabecera06.gif\",\"contentUrl\":\"https:\/\/feiasofi.net\/wp-content\/uploads\/2025\/04\/cabecera06.gif\",\"width\":706,\"height\":128},{\"@type\":\"BreadcrumbList\",\"@id\":\"https:\/\/feiasofi.net\/?page_id=7832#breadcrumb\",\"itemListElement\":[{\"@type\":\"ListItem\",\"position\":1,\"name\":\"Portada\",\"item\":\"https:\/\/feiasofi.net\/\"},{\"@type\":\"ListItem\",\"position\":2,\"name\":\"Revista de la UISF. N\u00famero 2\/1 Noviembre 2006\"}]},{\"@type\":\"WebSite\",\"@id\":\"https:\/\/feiasofi.net\/#website\",\"url\":\"https:\/\/feiasofi.net\/\",\"name\":\"Feiasofi\",\"description\":\"\",\"potentialAction\":[{\"@type\":\"SearchAction\",\"target\":{\"@type\":\"EntryPoint\",\"urlTemplate\":\"https:\/\/feiasofi.net\/?s={search_term_string}\"},\"query-input\":{\"@type\":\"PropertyValueSpecification\",\"valueRequired\":true,\"valueName\":\"search_term_string\"}}],\"inLanguage\":\"es\"}]}<\/script>\n<!-- \/ Yoast SEO plugin. -->","yoast_head_json":{"title":"Revista de la UISF. N\u00famero 2\/1 Noviembre 2006 - Feiasofi","robots":{"index":"index","follow":"follow","max-snippet":"max-snippet:-1","max-image-preview":"max-image-preview:large","max-video-preview":"max-video-preview:-1"},"canonical":"https:\/\/feiasofi.net\/?page_id=7832","og_locale":"es_ES","og_type":"article","og_title":"Revista de la UISF. N\u00famero 2\/1 Noviembre 2006 - Feiasofi","og_description":"Revista de la UISF. N\u00famero 2\/1 Noviembre 2006 Editorial. Encrucijadas\/Encruzilhadas El problema energ\u00e9tico en el desarrollo global y la energ\u00eda fotovoltaica.\u00a0Luis Hern\u00e1ndez F\u00edsica para todos\/F\u00edsica no mundo El cristal aperi\u00f3dico de la vida.\u00a0Enrique Maci\u00e1 Barber Aplicaciones de la espectroscopia a materiales optoelectr\u00f3nicos, sensores de radiaci\u00f3n y detecci\u00f3n de alimentos irradiados.\u00a0H. Murrieta, J. Garc\u00eda-Sol\u00e9, L. Da [&hellip;]","og_url":"https:\/\/feiasofi.net\/?page_id=7832","og_site_name":"Feiasofi","article_modified_time":"2025-04-24T14:05:15+00:00","og_image":[{"width":706,"height":128,"url":"https:\/\/feiasofi.net\/wp-content\/uploads\/2025\/04\/cabecera06.gif","type":"image\/gif"}],"twitter_card":"summary_large_image","twitter_misc":{"Tiempo de lectura":"2 minutos"},"schema":{"@context":"https:\/\/schema.org","@graph":[{"@type":"WebPage","@id":"https:\/\/feiasofi.net\/?page_id=7832","url":"https:\/\/feiasofi.net\/?page_id=7832","name":"Revista de la UISF. N\u00famero 2\/1 Noviembre 2006 - Feiasofi","isPartOf":{"@id":"https:\/\/feiasofi.net\/#website"},"primaryImageOfPage":{"@id":"https:\/\/feiasofi.net\/?page_id=7832#primaryimage"},"image":{"@id":"https:\/\/feiasofi.net\/?page_id=7832#primaryimage"},"thumbnailUrl":"https:\/\/feiasofi.net\/wp-content\/uploads\/2025\/04\/cabecera06.gif","datePublished":"2025-04-24T13:51:51+00:00","dateModified":"2025-04-24T14:05:15+00:00","breadcrumb":{"@id":"https:\/\/feiasofi.net\/?page_id=7832#breadcrumb"},"inLanguage":"es","potentialAction":[{"@type":"ReadAction","target":["https:\/\/feiasofi.net\/?page_id=7832"]}]},{"@type":"ImageObject","inLanguage":"es","@id":"https:\/\/feiasofi.net\/?page_id=7832#primaryimage","url":"https:\/\/feiasofi.net\/wp-content\/uploads\/2025\/04\/cabecera06.gif","contentUrl":"https:\/\/feiasofi.net\/wp-content\/uploads\/2025\/04\/cabecera06.gif","width":706,"height":128},{"@type":"BreadcrumbList","@id":"https:\/\/feiasofi.net\/?page_id=7832#breadcrumb","itemListElement":[{"@type":"ListItem","position":1,"name":"Portada","item":"https:\/\/feiasofi.net\/"},{"@type":"ListItem","position":2,"name":"Revista de la UISF. N\u00famero 2\/1 Noviembre 2006"}]},{"@type":"WebSite","@id":"https:\/\/feiasofi.net\/#website","url":"https:\/\/feiasofi.net\/","name":"Feiasofi","description":"","potentialAction":[{"@type":"SearchAction","target":{"@type":"EntryPoint","urlTemplate":"https:\/\/feiasofi.net\/?s={search_term_string}"},"query-input":{"@type":"PropertyValueSpecification","valueRequired":true,"valueName":"search_term_string"}}],"inLanguage":"es"}]}},"_links":{"self":[{"href":"https:\/\/feiasofi.net\/index.php?rest_route=\/wp\/v2\/pages\/7832","targetHints":{"allow":["GET"]}}],"collection":[{"href":"https:\/\/feiasofi.net\/index.php?rest_route=\/wp\/v2\/pages"}],"about":[{"href":"https:\/\/feiasofi.net\/index.php?rest_route=\/wp\/v2\/types\/page"}],"author":[{"embeddable":true,"href":"https:\/\/feiasofi.net\/index.php?rest_route=\/wp\/v2\/users\/1"}],"replies":[{"embeddable":true,"href":"https:\/\/feiasofi.net\/index.php?rest_route=%2Fwp%2Fv2%2Fcomments&post=7832"}],"version-history":[{"count":10,"href":"https:\/\/feiasofi.net\/index.php?rest_route=\/wp\/v2\/pages\/7832\/revisions"}],"predecessor-version":[{"id":7867,"href":"https:\/\/feiasofi.net\/index.php?rest_route=\/wp\/v2\/pages\/7832\/revisions\/7867"}],"wp:attachment":[{"href":"https:\/\/feiasofi.net\/index.php?rest_route=%2Fwp%2Fv2%2Fmedia&parent=7832"}],"curies":[{"name":"wp","href":"https:\/\/api.w.org\/{rel}","templated":true}]}}