{"id":7868,"date":"2025-04-24T14:07:08","date_gmt":"2025-04-24T14:07:08","guid":{"rendered":"https:\/\/feiasofi.net\/?page_id=7868"},"modified":"2025-04-24T14:37:03","modified_gmt":"2025-04-24T14:37:03","slug":"revista-de-la-uisf-numero-1-1-enero-2005","status":"publish","type":"page","link":"https:\/\/feiasofi.net\/?page_id=7868","title":{"rendered":"Revista de la UISF. N\u00famero 1\/1 Enero 2005"},"content":{"rendered":"\t\t<div data-elementor-type=\"wp-page\" data-elementor-id=\"7868\" class=\"elementor elementor-7868\">\n\t\t\t\t<div class=\"elementor-element elementor-element-054583b e-flex e-con-boxed e-con e-parent\" data-id=\"054583b\" data-element_type=\"container\" data-e-type=\"container\">\n\t\t\t\t\t<div class=\"e-con-inner\">\n\t\t\t\t<div class=\"elementor-element elementor-element-fa859a2 elementor-widget elementor-widget-heading\" data-id=\"fa859a2\" data-element_type=\"widget\" data-e-type=\"widget\" data-widget_type=\"heading.default\">\n\t\t\t\t<div class=\"elementor-widget-container\">\n\t\t\t\t\t<h2 class=\"elementor-heading-title elementor-size-default\">Revista de la UISF. N\u00famero 1\/1 Enero 2005<\/h2>\t\t\t\t<\/div>\n\t\t\t\t<\/div>\n\t\t\t\t\t<\/div>\n\t\t\t\t<\/div>\n\t\t<div class=\"elementor-element elementor-element-1eeaa76 e-flex e-con-boxed e-con e-parent\" data-id=\"1eeaa76\" data-element_type=\"container\" data-e-type=\"container\">\n\t\t\t\t\t<div class=\"e-con-inner\">\n\t\t\t\t<div class=\"elementor-element elementor-element-2a949d3 elementor-widget elementor-widget-image\" data-id=\"2a949d3\" data-element_type=\"widget\" data-e-type=\"widget\" data-widget_type=\"image.default\">\n\t\t\t\t<div class=\"elementor-widget-container\">\n\t\t\t\t\t\t\t\t\t\t\t\t\t\t\t<img decoding=\"async\" width=\"500\" height=\"91\" src=\"https:\/\/feiasofi.net\/wp-content\/uploads\/2025\/04\/cabecera05.gif\" class=\"attachment-large size-large wp-image-7878\" alt=\"\" \/>\t\t\t\t\t\t\t\t\t\t\t\t\t\t\t<\/div>\n\t\t\t\t<\/div>\n\t\t\t\t\t<\/div>\n\t\t\t\t<\/div>\n\t\t<div class=\"elementor-element elementor-element-6be1c12 e-flex e-con-boxed e-con e-parent\" data-id=\"6be1c12\" data-element_type=\"container\" data-e-type=\"container\">\n\t\t\t\t\t<div class=\"e-con-inner\">\n\t\t<div class=\"elementor-element elementor-element-b423530 e-con-full e-flex e-con e-child\" data-id=\"b423530\" data-element_type=\"container\" data-e-type=\"container\">\n\t\t\t\t<div class=\"elementor-element elementor-element-187a7dc elementor-widget elementor-widget-image\" data-id=\"187a7dc\" data-element_type=\"widget\" data-e-type=\"widget\" data-widget_type=\"image.default\">\n\t\t\t\t<div class=\"elementor-widget-container\">\n\t\t\t\t\t\t\t\t\t\t\t\t\t\t\t<img fetchpriority=\"high\" decoding=\"async\" width=\"199\" height=\"650\" src=\"https:\/\/feiasofi.net\/wp-content\/uploads\/2025\/04\/barra_lateral.jpg\" class=\"attachment-large size-large wp-image-7701\" alt=\"\" \/>\t\t\t\t\t\t\t\t\t\t\t\t\t\t\t<\/div>\n\t\t\t\t<\/div>\n\t\t\t\t<\/div>\n\t\t<div class=\"elementor-element elementor-element-4ff0db2 e-con-full e-flex e-con e-child\" data-id=\"4ff0db2\" data-element_type=\"container\" data-e-type=\"container\">\n\t\t\t\t<div class=\"elementor-element elementor-element-e3113d1 elementor-widget elementor-widget-text-editor\" data-id=\"e3113d1\" data-element_type=\"widget\" data-e-type=\"widget\" data-widget_type=\"text-editor.default\">\n\t\t\t\t<div class=\"elementor-widget-container\">\n\t\t\t\t\t\t\t\t\t<table border=\"0\" cellspacing=\"0\" cellpadding=\"0\" align=\"center\"><tbody><tr><td valign=\"top\"><p><a href=\"https:\/\/feiasofi.net\/wp-content\/uploads\/2025\/04\/editorial05.pdf\" target=\"_blank\" rel=\"noopener\"><strong>Editorial.<\/strong><\/a><strong><br \/><\/strong><\/p><p><span class=\"\\&quot;capitulo\\&quot;\"><strong>Encrucijadas\/Encruzilhadas<br \/><\/strong><\/span><\/p><ul><li><span class=\"\\&quot;subcapitulo\\&quot;\"><strong><a href=\"https:\/\/feiasofi.net\/wp-content\/uploads\/2025\/04\/encrucijadas05.pdf\" target=\"_blank\" rel=\"noopener\">La anomal\u00eda del Pioneer.\u00a0<\/a><\/strong>Alberto Ibort<\/span><\/li><\/ul><p><span class=\"\\&quot;capitulo\\&quot;\"><strong>F\u00edsica para todos\/F\u00edsica no mundo<\/strong><\/span><\/p><ul><li><span class=\"\\&quot;subcapitulo\\&quot;\"><a href=\"https:\/\/feiasofi.net\/wp-content\/uploads\/2025\/04\/peteroa05.pdf\" target=\"_blank\" rel=\"noopener\">Proyecto Peteroa, primera estaci\u00f3n de emisi\u00f3n ac\u00fastica en un volc\u00e1n de los Andes.<\/a>\u00a0Jos\u00e9 Ruzzante, Gabriele Paparo, Rosa Piotrkwoski, Mar\u00eda Armeite, Giovanni Gregori, Isabel L\u00f3pez<\/span><\/li><li><span class=\"\\&quot;subcapitulo\\&quot;\"><a href=\"https:\/\/feiasofi.net\/wp-content\/uploads\/2025\/04\/nanociencia05.pdf\" target=\"_blank\" rel=\"noopener\">Nanociencia y Nanotecnolog\u00eda: la Tecnolog\u00eda fundamental del Siglo XXI.<\/a>\u00a0J. M. Mart\u00ednez Duart, Tutor S\u00e1nchez, V. Velasco Rodr\u00edguez<\/span><\/li><li><span class=\"\\&quot;subcapitulo\\&quot;\"><a href=\"https:\/\/feiasofi.net\/wp-content\/uploads\/2025\/04\/dinamica05.pdf\" target=\"_blank\" rel=\"noopener\">Din\u00e1mica No Lineal: Or\u00edgenes y Futuro.<\/a>\u00a0Miguel A. F. Sanju\u00e1n, Jos\u00e9 Manuel Casado V\u00e1zquez.<\/span><\/li><\/ul><p><span class=\"\\&quot;capitulo\\&quot;\"><strong>Aprendiendo F\u00edsica\/Ensino da F\u00edsica<\/strong><\/span><\/p><ul><li><span class=\"\\&quot;subcapitulo\\&quot;\"><a href=\"https:\/\/feiasofi.net\/wp-content\/uploads\/2025\/04\/aprendiendo05.pdf\" target=\"_blank\" rel=\"noopener\">Papel de la pedagog\u00eda en la Educaci\u00f3n superior.<\/a>\u00a0Alfonso Velarde<\/span><\/li><\/ul><p><span class=\"\\&quot;capitulo\\&quot;\"><strong>F\u00edsica en el Mundo \/ F\u00edsica No Mundo<\/strong><\/span><\/p><ul><li><span class=\"\\&quot;subcapitulo\\&quot;\"><a href=\"https:\/\/feiasofi.net\/wp-content\/uploads\/2025\/04\/cromodinamica05.pdf\" target=\"_blank\" rel=\"noopener\">Cromodin\u00e1mica Cu\u00e1ntica: el color de los quarks.<\/a>\u00a0Jorge Casaus, Javier Rodr\u00edguez y Eusebio S\u00e1nchez<\/span><\/li><\/ul><p><span class=\"\\&quot;capitulo\\&quot;\"><strong>Notas hist\u00f3ricas\/Apontamentos historicos<\/strong><\/span><\/p><ul><li><span class=\"\\&quot;subcapitulo\\&quot;\"><a href=\"https:\/\/feiasofi.net\/wp-content\/uploads\/2025\/04\/lombardo05.pdf\" target=\"_blank\" rel=\"noopener\">Bernardo Lombardo, padre de la F\u00edsica en Panam\u00e1.<\/a>\u00a0Eduardo Flores<\/span><\/li><li><span class=\"\\&quot;subcapitulo\\&quot;\"><a href=\"https:\/\/feiasofi.net\/wp-content\/uploads\/2025\/04\/einstein05.pdf\" target=\"_blank\" rel=\"noopener\">Albert Einstein y su Ciencia.<\/a>\u00a0Jos\u00e9 A. de Azc\u00e1rraga<\/span><\/li><li><span class=\"\\&quot;subcapitulo\\&quot;\"><a href=\"https:\/\/feiasofi.net\/wp-content\/uploads\/2025\/04\/cuba05.pdf\" target=\"_blank\" rel=\"noopener\">El despegue de la F\u00edsica en Cuba desde 1959 hasta la d\u00e9cada de los setenta: un enfoque abarcador<\/a>. A. Baracca, V. Fajer, B. Henr\u00edquez.<\/span><\/li><\/ul><p><a href=\"https:\/\/feiasofi.net\/wp-content\/uploads\/2025\/04\/todo_un_poco05.pdf\"><span class=\"\\&quot;capitulo\\&quot;\"><strong>De todo un poco\/De tudo un pouco<\/strong><\/span><\/a><\/p><ul><li><span class=\"\\&quot;subcapitulo\\&quot;\"><strong>Obituario<\/strong><\/span><\/li><li><span class=\"\\&quot;subcapitulo\\&quot;\"><strong>Actividades de celebraci\u00f3n del a\u00f1o Mundial de la F\u00edsica 2005<\/strong><\/span><\/li><li><span class=\"\\&quot;subcapitulo\\&quot;\"><strong>Calendario (provisional) de actividades coorganizadas por la RSEF con motivo del AMF 2005<\/strong><\/span><\/li><\/ul><\/td><\/tr><\/tbody><\/table>\t\t\t\t\t\t\t\t<\/div>\n\t\t\t\t<\/div>\n\t\t\t\t<\/div>\n\t\t\t\t\t<\/div>\n\t\t\t\t<\/div>\n\t\t\t\t<\/div>\n\t\t","protected":false},"excerpt":{"rendered":"<p>Revista de la UISF. N\u00famero 1\/1 Enero 2005 Editorial. Encrucijadas\/Encruzilhadas La anomal\u00eda del Pioneer.\u00a0Alberto Ibort F\u00edsica para todos\/F\u00edsica no mundo Proyecto Peteroa, primera estaci\u00f3n de emisi\u00f3n ac\u00fastica en un volc\u00e1n de los Andes.\u00a0Jos\u00e9 Ruzzante, Gabriele Paparo, Rosa Piotrkwoski, Mar\u00eda Armeite, Giovanni Gregori, Isabel L\u00f3pez Nanociencia y Nanotecnolog\u00eda: la Tecnolog\u00eda fundamental del Siglo XXI.\u00a0J. M. Mart\u00ednez [&hellip;]<\/p>\n","protected":false},"author":1,"featured_media":0,"parent":0,"menu_order":0,"comment_status":"closed","ping_status":"closed","template":"elementor_header_footer","meta":{"footnotes":""},"class_list":["post-7868","page","type-page","status-publish","hentry"],"yoast_head":"<!-- This site is optimized with the Yoast SEO plugin v27.1.1 - https:\/\/yoast.com\/product\/yoast-seo-wordpress\/ -->\n<title>Revista de la UISF. N\u00famero 1\/1 Enero 2005 - Feiasofi<\/title>\n<meta name=\"robots\" content=\"index, follow, max-snippet:-1, max-image-preview:large, max-video-preview:-1\" \/>\n<link rel=\"canonical\" href=\"https:\/\/feiasofi.net\/?page_id=7868\" \/>\n<meta property=\"og:locale\" content=\"es_ES\" \/>\n<meta property=\"og:type\" content=\"article\" \/>\n<meta property=\"og:title\" content=\"Revista de la UISF. N\u00famero 1\/1 Enero 2005 - Feiasofi\" \/>\n<meta property=\"og:description\" content=\"Revista de la UISF. N\u00famero 1\/1 Enero 2005 Editorial. Encrucijadas\/Encruzilhadas La anomal\u00eda del Pioneer.\u00a0Alberto Ibort F\u00edsica para todos\/F\u00edsica no mundo Proyecto Peteroa, primera estaci\u00f3n de emisi\u00f3n ac\u00fastica en un volc\u00e1n de los Andes.\u00a0Jos\u00e9 Ruzzante, Gabriele Paparo, Rosa Piotrkwoski, Mar\u00eda Armeite, Giovanni Gregori, Isabel L\u00f3pez Nanociencia y Nanotecnolog\u00eda: la Tecnolog\u00eda fundamental del Siglo XXI.\u00a0J. M. Mart\u00ednez [&hellip;]\" \/>\n<meta property=\"og:url\" content=\"https:\/\/feiasofi.net\/?page_id=7868\" \/>\n<meta property=\"og:site_name\" content=\"Feiasofi\" \/>\n<meta property=\"article:modified_time\" content=\"2025-04-24T14:37:03+00:00\" \/>\n<meta property=\"og:image\" content=\"https:\/\/feiasofi.net\/wp-content\/uploads\/2025\/04\/cabecera05.gif\" \/>\n\t<meta property=\"og:image:width\" content=\"500\" \/>\n\t<meta property=\"og:image:height\" content=\"91\" \/>\n\t<meta property=\"og:image:type\" content=\"image\/gif\" \/>\n<meta name=\"twitter:card\" content=\"summary_large_image\" \/>\n<meta name=\"twitter:label1\" content=\"Tiempo de lectura\" \/>\n\t<meta name=\"twitter:data1\" content=\"2 minutos\" \/>\n<script type=\"application\/ld+json\" class=\"yoast-schema-graph\">{\"@context\":\"https:\/\/schema.org\",\"@graph\":[{\"@type\":\"WebPage\",\"@id\":\"https:\/\/feiasofi.net\/?page_id=7868\",\"url\":\"https:\/\/feiasofi.net\/?page_id=7868\",\"name\":\"Revista de la UISF. N\u00famero 1\/1 Enero 2005 - Feiasofi\",\"isPartOf\":{\"@id\":\"https:\/\/feiasofi.net\/#website\"},\"primaryImageOfPage\":{\"@id\":\"https:\/\/feiasofi.net\/?page_id=7868#primaryimage\"},\"image\":{\"@id\":\"https:\/\/feiasofi.net\/?page_id=7868#primaryimage\"},\"thumbnailUrl\":\"https:\/\/feiasofi.net\/wp-content\/uploads\/2025\/04\/cabecera05.gif\",\"datePublished\":\"2025-04-24T14:07:08+00:00\",\"dateModified\":\"2025-04-24T14:37:03+00:00\",\"breadcrumb\":{\"@id\":\"https:\/\/feiasofi.net\/?page_id=7868#breadcrumb\"},\"inLanguage\":\"es\",\"potentialAction\":[{\"@type\":\"ReadAction\",\"target\":[\"https:\/\/feiasofi.net\/?page_id=7868\"]}]},{\"@type\":\"ImageObject\",\"inLanguage\":\"es\",\"@id\":\"https:\/\/feiasofi.net\/?page_id=7868#primaryimage\",\"url\":\"https:\/\/feiasofi.net\/wp-content\/uploads\/2025\/04\/cabecera05.gif\",\"contentUrl\":\"https:\/\/feiasofi.net\/wp-content\/uploads\/2025\/04\/cabecera05.gif\",\"width\":500,\"height\":91},{\"@type\":\"BreadcrumbList\",\"@id\":\"https:\/\/feiasofi.net\/?page_id=7868#breadcrumb\",\"itemListElement\":[{\"@type\":\"ListItem\",\"position\":1,\"name\":\"Portada\",\"item\":\"https:\/\/feiasofi.net\/\"},{\"@type\":\"ListItem\",\"position\":2,\"name\":\"Revista de la UISF. N\u00famero 1\/1 Enero 2005\"}]},{\"@type\":\"WebSite\",\"@id\":\"https:\/\/feiasofi.net\/#website\",\"url\":\"https:\/\/feiasofi.net\/\",\"name\":\"Feiasofi\",\"description\":\"\",\"potentialAction\":[{\"@type\":\"SearchAction\",\"target\":{\"@type\":\"EntryPoint\",\"urlTemplate\":\"https:\/\/feiasofi.net\/?s={search_term_string}\"},\"query-input\":{\"@type\":\"PropertyValueSpecification\",\"valueRequired\":true,\"valueName\":\"search_term_string\"}}],\"inLanguage\":\"es\"}]}<\/script>\n<!-- \/ Yoast SEO plugin. -->","yoast_head_json":{"title":"Revista de la UISF. N\u00famero 1\/1 Enero 2005 - Feiasofi","robots":{"index":"index","follow":"follow","max-snippet":"max-snippet:-1","max-image-preview":"max-image-preview:large","max-video-preview":"max-video-preview:-1"},"canonical":"https:\/\/feiasofi.net\/?page_id=7868","og_locale":"es_ES","og_type":"article","og_title":"Revista de la UISF. N\u00famero 1\/1 Enero 2005 - Feiasofi","og_description":"Revista de la UISF. N\u00famero 1\/1 Enero 2005 Editorial. Encrucijadas\/Encruzilhadas La anomal\u00eda del Pioneer.\u00a0Alberto Ibort F\u00edsica para todos\/F\u00edsica no mundo Proyecto Peteroa, primera estaci\u00f3n de emisi\u00f3n ac\u00fastica en un volc\u00e1n de los Andes.\u00a0Jos\u00e9 Ruzzante, Gabriele Paparo, Rosa Piotrkwoski, Mar\u00eda Armeite, Giovanni Gregori, Isabel L\u00f3pez Nanociencia y Nanotecnolog\u00eda: la Tecnolog\u00eda fundamental del Siglo XXI.\u00a0J. M. Mart\u00ednez [&hellip;]","og_url":"https:\/\/feiasofi.net\/?page_id=7868","og_site_name":"Feiasofi","article_modified_time":"2025-04-24T14:37:03+00:00","og_image":[{"width":500,"height":91,"url":"https:\/\/feiasofi.net\/wp-content\/uploads\/2025\/04\/cabecera05.gif","type":"image\/gif"}],"twitter_card":"summary_large_image","twitter_misc":{"Tiempo de lectura":"2 minutos"},"schema":{"@context":"https:\/\/schema.org","@graph":[{"@type":"WebPage","@id":"https:\/\/feiasofi.net\/?page_id=7868","url":"https:\/\/feiasofi.net\/?page_id=7868","name":"Revista de la UISF. N\u00famero 1\/1 Enero 2005 - Feiasofi","isPartOf":{"@id":"https:\/\/feiasofi.net\/#website"},"primaryImageOfPage":{"@id":"https:\/\/feiasofi.net\/?page_id=7868#primaryimage"},"image":{"@id":"https:\/\/feiasofi.net\/?page_id=7868#primaryimage"},"thumbnailUrl":"https:\/\/feiasofi.net\/wp-content\/uploads\/2025\/04\/cabecera05.gif","datePublished":"2025-04-24T14:07:08+00:00","dateModified":"2025-04-24T14:37:03+00:00","breadcrumb":{"@id":"https:\/\/feiasofi.net\/?page_id=7868#breadcrumb"},"inLanguage":"es","potentialAction":[{"@type":"ReadAction","target":["https:\/\/feiasofi.net\/?page_id=7868"]}]},{"@type":"ImageObject","inLanguage":"es","@id":"https:\/\/feiasofi.net\/?page_id=7868#primaryimage","url":"https:\/\/feiasofi.net\/wp-content\/uploads\/2025\/04\/cabecera05.gif","contentUrl":"https:\/\/feiasofi.net\/wp-content\/uploads\/2025\/04\/cabecera05.gif","width":500,"height":91},{"@type":"BreadcrumbList","@id":"https:\/\/feiasofi.net\/?page_id=7868#breadcrumb","itemListElement":[{"@type":"ListItem","position":1,"name":"Portada","item":"https:\/\/feiasofi.net\/"},{"@type":"ListItem","position":2,"name":"Revista de la UISF. N\u00famero 1\/1 Enero 2005"}]},{"@type":"WebSite","@id":"https:\/\/feiasofi.net\/#website","url":"https:\/\/feiasofi.net\/","name":"Feiasofi","description":"","potentialAction":[{"@type":"SearchAction","target":{"@type":"EntryPoint","urlTemplate":"https:\/\/feiasofi.net\/?s={search_term_string}"},"query-input":{"@type":"PropertyValueSpecification","valueRequired":true,"valueName":"search_term_string"}}],"inLanguage":"es"}]}},"_links":{"self":[{"href":"https:\/\/feiasofi.net\/index.php?rest_route=\/wp\/v2\/pages\/7868","targetHints":{"allow":["GET"]}}],"collection":[{"href":"https:\/\/feiasofi.net\/index.php?rest_route=\/wp\/v2\/pages"}],"about":[{"href":"https:\/\/feiasofi.net\/index.php?rest_route=\/wp\/v2\/types\/page"}],"author":[{"embeddable":true,"href":"https:\/\/feiasofi.net\/index.php?rest_route=\/wp\/v2\/users\/1"}],"replies":[{"embeddable":true,"href":"https:\/\/feiasofi.net\/index.php?rest_route=%2Fwp%2Fv2%2Fcomments&post=7868"}],"version-history":[{"count":10,"href":"https:\/\/feiasofi.net\/index.php?rest_route=\/wp\/v2\/pages\/7868\/revisions"}],"predecessor-version":[{"id":7896,"href":"https:\/\/feiasofi.net\/index.php?rest_route=\/wp\/v2\/pages\/7868\/revisions\/7896"}],"wp:attachment":[{"href":"https:\/\/feiasofi.net\/index.php?rest_route=%2Fwp%2Fv2%2Fmedia&parent=7868"}],"curies":[{"name":"wp","href":"https:\/\/api.w.org\/{rel}","templated":true}]}}