{"id":8045,"date":"2025-04-30T09:12:33","date_gmt":"2025-04-30T09:12:33","guid":{"rendered":"https:\/\/feiasofi.net\/?page_id=8045"},"modified":"2025-11-19T12:34:08","modified_gmt":"2025-11-19T12:34:08","slug":"otras-sociedades-de-fisica","status":"publish","type":"page","link":"https:\/\/feiasofi.net\/?page_id=8045","title":{"rendered":"Otras Sociedades de F\u00edsica"},"content":{"rendered":"\t\t<div data-elementor-type=\"wp-page\" data-elementor-id=\"8045\" class=\"elementor elementor-8045\">\n\t\t\t\t<div class=\"elementor-element elementor-element-13efdc0 e-con-full e-flex e-con e-parent\" data-id=\"13efdc0\" data-element_type=\"container\" data-e-type=\"container\">\n\t\t\t\t<div class=\"elementor-element elementor-element-e84d89a elementor-widget elementor-widget-text-editor\" data-id=\"e84d89a\" data-element_type=\"widget\" data-e-type=\"widget\" data-widget_type=\"text-editor.default\">\n\t\t\t\t<div class=\"elementor-widget-container\">\n\t\t\t\t\t\t\t\t\t<h2 style=\"text-align: center;\">Otras Sociedades de F\u00edsica<\/h2><p style=\"text-align: center;\"><a href=\"https:\/\/journals.aps.org\/\">American Physical Society<\/a><\/p><p style=\"text-align: center;\"><a href=\"https:\/\/www.aip.org\/\">American Institute of Physics<\/a><\/p><p style=\"text-align: center;\"><a href=\"https:\/\/members.eps.org\/\">European Physical Society<\/a><\/p><p style=\"text-align: center;\"><a href=\"https:\/\/www.dpg-physik.de\/\">German Physical Society<\/a><\/p><p style=\"text-align: center;\"><a href=\"https:\/\/www.jps.or.jp\/\">The Physical Society of Japan<\/a><\/p><p style=\"text-align: center;\"><a href=\"https:\/\/www.israelphysicalsociety.org\/\">Israel Physical Society<\/a><\/p><p style=\"text-align: center;\"><a href=\"https:\/\/en.sif.it\/\">Italian Physical Society<\/a><\/p><p style=\"text-align: center;\"><a href=\"http:\/\/www.kva.se\">Asociaci\u00f3n F\u00edsica de Suecia<\/a><\/p><p style=\"text-align: center;\"><a href=\"https:\/\/danskfysiskselskab.dk\/\">Asociaci\u00f3n F\u00edsica de Dinamarca<\/a><\/p><p style=\"text-align: center;\"><a href=\"https:\/\/claffisica.org.br\/\">Centro Latinoamericano de F\u00edsica<\/a><\/p><p style=\"text-align: center;\"><a href=\"https:\/\/www.academie-sciences.fr\/\">Sociedad Francesa de F\u00edsica<\/a><\/p><p style=\"text-align: center;\"><a href=\"https:\/\/cap.ca\/\">Sociedad Canadiense de F\u00edsica<\/a><\/p>\t\t\t\t\t\t\t\t<\/div>\n\t\t\t\t<\/div>\n\t\t\t\t<\/div>\n\t\t\t\t<\/div>\n\t\t","protected":false},"excerpt":{"rendered":"<p>Otras Sociedades de F\u00edsica American Physical Society American Institute of Physics European Physical Society German Physical Society The Physical Society of Japan Israel Physical Society Italian Physical Society Asociaci\u00f3n F\u00edsica de Suecia Asociaci\u00f3n F\u00edsica de Dinamarca Centro Latinoamericano de F\u00edsica Sociedad Francesa de F\u00edsica Sociedad Canadiense de F\u00edsica<\/p>\n","protected":false},"author":1,"featured_media":0,"parent":0,"menu_order":0,"comment_status":"closed","ping_status":"closed","template":"elementor_header_footer","meta":{"footnotes":""},"class_list":["post-8045","page","type-page","status-publish","hentry"],"yoast_head":"<!-- This site is optimized with the Yoast SEO plugin v27.1.1 - https:\/\/yoast.com\/product\/yoast-seo-wordpress\/ -->\n<title>Otras Sociedades de F\u00edsica - Feiasofi<\/title>\n<meta name=\"robots\" content=\"index, follow, max-snippet:-1, max-image-preview:large, max-video-preview:-1\" \/>\n<link rel=\"canonical\" href=\"https:\/\/feiasofi.net\/?page_id=8045\" \/>\n<meta property=\"og:locale\" content=\"es_ES\" \/>\n<meta property=\"og:type\" content=\"article\" \/>\n<meta property=\"og:title\" content=\"Otras Sociedades de F\u00edsica - Feiasofi\" \/>\n<meta property=\"og:description\" content=\"Otras Sociedades de F\u00edsica American Physical Society American Institute of Physics European Physical Society German Physical Society The Physical Society of Japan Israel Physical Society Italian Physical Society Asociaci\u00f3n F\u00edsica de Suecia Asociaci\u00f3n F\u00edsica de Dinamarca Centro Latinoamericano de F\u00edsica Sociedad Francesa de F\u00edsica Sociedad Canadiense de F\u00edsica\" \/>\n<meta property=\"og:url\" content=\"https:\/\/feiasofi.net\/?page_id=8045\" \/>\n<meta property=\"og:site_name\" content=\"Feiasofi\" \/>\n<meta property=\"article:modified_time\" content=\"2025-11-19T12:34:08+00:00\" \/>\n<meta name=\"twitter:card\" content=\"summary_large_image\" \/>\n<meta name=\"twitter:label1\" content=\"Tiempo de lectura\" \/>\n\t<meta name=\"twitter:data1\" content=\"1 minuto\" \/>\n<script type=\"application\/ld+json\" class=\"yoast-schema-graph\">{\"@context\":\"https:\/\/schema.org\",\"@graph\":[{\"@type\":\"WebPage\",\"@id\":\"https:\/\/feiasofi.net\/?page_id=8045\",\"url\":\"https:\/\/feiasofi.net\/?page_id=8045\",\"name\":\"Otras Sociedades de F\u00edsica - Feiasofi\",\"isPartOf\":{\"@id\":\"https:\/\/feiasofi.net\/#website\"},\"datePublished\":\"2025-04-30T09:12:33+00:00\",\"dateModified\":\"2025-11-19T12:34:08+00:00\",\"breadcrumb\":{\"@id\":\"https:\/\/feiasofi.net\/?page_id=8045#breadcrumb\"},\"inLanguage\":\"es\",\"potentialAction\":[{\"@type\":\"ReadAction\",\"target\":[\"https:\/\/feiasofi.net\/?page_id=8045\"]}]},{\"@type\":\"BreadcrumbList\",\"@id\":\"https:\/\/feiasofi.net\/?page_id=8045#breadcrumb\",\"itemListElement\":[{\"@type\":\"ListItem\",\"position\":1,\"name\":\"Portada\",\"item\":\"https:\/\/feiasofi.net\/\"},{\"@type\":\"ListItem\",\"position\":2,\"name\":\"Otras Sociedades de F\u00edsica\"}]},{\"@type\":\"WebSite\",\"@id\":\"https:\/\/feiasofi.net\/#website\",\"url\":\"https:\/\/feiasofi.net\/\",\"name\":\"Feiasofi\",\"description\":\"\",\"potentialAction\":[{\"@type\":\"SearchAction\",\"target\":{\"@type\":\"EntryPoint\",\"urlTemplate\":\"https:\/\/feiasofi.net\/?s={search_term_string}\"},\"query-input\":{\"@type\":\"PropertyValueSpecification\",\"valueRequired\":true,\"valueName\":\"search_term_string\"}}],\"inLanguage\":\"es\"}]}<\/script>\n<!-- \/ Yoast SEO plugin. -->","yoast_head_json":{"title":"Otras Sociedades de F\u00edsica - Feiasofi","robots":{"index":"index","follow":"follow","max-snippet":"max-snippet:-1","max-image-preview":"max-image-preview:large","max-video-preview":"max-video-preview:-1"},"canonical":"https:\/\/feiasofi.net\/?page_id=8045","og_locale":"es_ES","og_type":"article","og_title":"Otras Sociedades de F\u00edsica - Feiasofi","og_description":"Otras Sociedades de F\u00edsica American Physical Society American Institute of Physics European Physical Society German Physical Society The Physical Society of Japan Israel Physical Society Italian Physical Society Asociaci\u00f3n F\u00edsica de Suecia Asociaci\u00f3n F\u00edsica de Dinamarca Centro Latinoamericano de F\u00edsica Sociedad Francesa de F\u00edsica Sociedad Canadiense de F\u00edsica","og_url":"https:\/\/feiasofi.net\/?page_id=8045","og_site_name":"Feiasofi","article_modified_time":"2025-11-19T12:34:08+00:00","twitter_card":"summary_large_image","twitter_misc":{"Tiempo de lectura":"1 minuto"},"schema":{"@context":"https:\/\/schema.org","@graph":[{"@type":"WebPage","@id":"https:\/\/feiasofi.net\/?page_id=8045","url":"https:\/\/feiasofi.net\/?page_id=8045","name":"Otras Sociedades de F\u00edsica - Feiasofi","isPartOf":{"@id":"https:\/\/feiasofi.net\/#website"},"datePublished":"2025-04-30T09:12:33+00:00","dateModified":"2025-11-19T12:34:08+00:00","breadcrumb":{"@id":"https:\/\/feiasofi.net\/?page_id=8045#breadcrumb"},"inLanguage":"es","potentialAction":[{"@type":"ReadAction","target":["https:\/\/feiasofi.net\/?page_id=8045"]}]},{"@type":"BreadcrumbList","@id":"https:\/\/feiasofi.net\/?page_id=8045#breadcrumb","itemListElement":[{"@type":"ListItem","position":1,"name":"Portada","item":"https:\/\/feiasofi.net\/"},{"@type":"ListItem","position":2,"name":"Otras Sociedades de F\u00edsica"}]},{"@type":"WebSite","@id":"https:\/\/feiasofi.net\/#website","url":"https:\/\/feiasofi.net\/","name":"Feiasofi","description":"","potentialAction":[{"@type":"SearchAction","target":{"@type":"EntryPoint","urlTemplate":"https:\/\/feiasofi.net\/?s={search_term_string}"},"query-input":{"@type":"PropertyValueSpecification","valueRequired":true,"valueName":"search_term_string"}}],"inLanguage":"es"}]}},"_links":{"self":[{"href":"https:\/\/feiasofi.net\/index.php?rest_route=\/wp\/v2\/pages\/8045","targetHints":{"allow":["GET"]}}],"collection":[{"href":"https:\/\/feiasofi.net\/index.php?rest_route=\/wp\/v2\/pages"}],"about":[{"href":"https:\/\/feiasofi.net\/index.php?rest_route=\/wp\/v2\/types\/page"}],"author":[{"embeddable":true,"href":"https:\/\/feiasofi.net\/index.php?rest_route=\/wp\/v2\/users\/1"}],"replies":[{"embeddable":true,"href":"https:\/\/feiasofi.net\/index.php?rest_route=%2Fwp%2Fv2%2Fcomments&post=8045"}],"version-history":[{"count":13,"href":"https:\/\/feiasofi.net\/index.php?rest_route=\/wp\/v2\/pages\/8045\/revisions"}],"predecessor-version":[{"id":9042,"href":"https:\/\/feiasofi.net\/index.php?rest_route=\/wp\/v2\/pages\/8045\/revisions\/9042"}],"wp:attachment":[{"href":"https:\/\/feiasofi.net\/index.php?rest_route=%2Fwp%2Fv2%2Fmedia&parent=8045"}],"curies":[{"name":"wp","href":"https:\/\/api.w.org\/{rel}","templated":true}]}}