{"id":8056,"date":"2025-04-30T10:13:33","date_gmt":"2025-04-30T10:13:33","guid":{"rendered":"https:\/\/feiasofi.net\/?page_id=8056"},"modified":"2025-11-25T09:18:48","modified_gmt":"2025-11-25T09:18:48","slug":"instituciones-y-administraciones-publicas","status":"publish","type":"page","link":"https:\/\/feiasofi.net\/?page_id=8056","title":{"rendered":"Instituciones y Administraciones P\u00fablicas"},"content":{"rendered":"\t\t<div data-elementor-type=\"wp-page\" data-elementor-id=\"8056\" class=\"elementor elementor-8056\">\n\t\t\t\t<div class=\"elementor-element elementor-element-d187d38 e-flex e-con-boxed e-con e-parent\" data-id=\"d187d38\" data-element_type=\"container\" data-e-type=\"container\">\n\t\t\t\t\t<div class=\"e-con-inner\">\n\t\t\t\t<div class=\"elementor-element elementor-element-b3acfc6 elementor-widget elementor-widget-text-editor\" data-id=\"b3acfc6\" data-element_type=\"widget\" data-e-type=\"widget\" data-widget_type=\"text-editor.default\">\n\t\t\t\t<div class=\"elementor-widget-container\">\n\t\t\t\t\t\t\t\t\t<h2 style=\"text-align: center;\">Instituciones y Administraciones P\u00fablicas<\/h2><p style=\"text-align: center;\"><a href=\"https:\/\/www.iop.org\/\">Physics Web (del Institute of Physics)<\/a><\/p><p style=\"text-align: center;\"><a href=\"https:\/\/www.lbl.gov\/\">Lawrence Berkeley National Laboratory. USA<\/a><\/p><p style=\"text-align: center;\"><a href=\"https:\/\/www.lanl.gov\/\">Los Alamos National Laboratory. USA<\/a><\/p><p style=\"text-align: center;\"><a href=\"https:\/\/www.aecid.es\/\">Agencia Espa\u00f1ola de Cooperaci\u00f3n Internacional<\/a><\/p><p style=\"text-align: center;\"><a href=\"https:\/\/www.csic.es\/es\">Consejo Superior de Investigaciones Cient\u00edficas<\/a><\/p><p style=\"text-align: center;\"><a href=\"https:\/\/lms.conahcyt.mx\/\">Consejo Nacional de Humanidades, Ciencias y Tecnolog\u00edas (M\u00e9xico)<\/a><\/p><p style=\"text-align: center;\"><a href=\"https:\/\/www.conacyt.gov.py\/\">Consejo Nacional de Ciencia y Tecnolog\u00eda (Paraguay)<\/a><\/p><p style=\"text-align: center;\"><a href=\"https:\/\/www.minedu.gob.bo\/index.php?option=com_djmediatools&amp;view=category&amp;id=61&amp;Itemid=949\/\">Viceministerio de Ciencia y Tecnolog\u00eda (Bolivia)<\/a><\/p><p style=\"text-align: center;\"><a href=\"https:\/\/www.conicet.gov.ar\/\">Consejo Nacional de Investigaciones Cient\u00edficas y T\u00e9cnicas (Argentina)<\/a><\/p><p style=\"text-align: center;\"><a href=\"https:\/\/www.argentina.gob.ar\/cnea\">Comisi\u00f3n Nacional de Energ\u00eda At\u00f3mica (Argentina)<\/a><\/p><p style=\"text-align: center;\"><a href=\"https:\/\/oei.int\/\">Organizaci\u00f3n de Estados Iberoamericanos<\/a><\/p>\t\t\t\t\t\t\t\t<\/div>\n\t\t\t\t<\/div>\n\t\t\t\t\t<\/div>\n\t\t\t\t<\/div>\n\t\t\t\t<\/div>\n\t\t","protected":false},"excerpt":{"rendered":"<p>Instituciones y Administraciones P\u00fablicas Physics Web (del Institute of Physics) Lawrence Berkeley National Laboratory. USA Los Alamos National Laboratory. USA Agencia Espa\u00f1ola de Cooperaci\u00f3n Internacional Consejo Superior de Investigaciones Cient\u00edficas Consejo Nacional de Humanidades, Ciencias y Tecnolog\u00edas (M\u00e9xico) Consejo Nacional de Ciencia y Tecnolog\u00eda (Paraguay) Viceministerio de Ciencia y Tecnolog\u00eda (Bolivia) Consejo Nacional de Investigaciones [&hellip;]<\/p>\n","protected":false},"author":1,"featured_media":0,"parent":0,"menu_order":0,"comment_status":"closed","ping_status":"closed","template":"elementor_header_footer","meta":{"footnotes":""},"class_list":["post-8056","page","type-page","status-publish","hentry"],"yoast_head":"<!-- This site is optimized with the Yoast SEO plugin v27.1.1 - https:\/\/yoast.com\/product\/yoast-seo-wordpress\/ -->\n<title>Instituciones y Administraciones P\u00fablicas - Feiasofi<\/title>\n<meta name=\"robots\" content=\"index, follow, max-snippet:-1, max-image-preview:large, max-video-preview:-1\" \/>\n<link rel=\"canonical\" href=\"https:\/\/feiasofi.net\/?page_id=8056\" \/>\n<meta property=\"og:locale\" content=\"es_ES\" \/>\n<meta property=\"og:type\" content=\"article\" \/>\n<meta property=\"og:title\" content=\"Instituciones y Administraciones P\u00fablicas - Feiasofi\" \/>\n<meta property=\"og:description\" content=\"Instituciones y Administraciones P\u00fablicas Physics Web (del Institute of Physics) Lawrence Berkeley National Laboratory. USA Los Alamos National Laboratory. USA Agencia Espa\u00f1ola de Cooperaci\u00f3n Internacional Consejo Superior de Investigaciones Cient\u00edficas Consejo Nacional de Humanidades, Ciencias y Tecnolog\u00edas (M\u00e9xico) Consejo Nacional de Ciencia y Tecnolog\u00eda (Paraguay) Viceministerio de Ciencia y Tecnolog\u00eda (Bolivia) Consejo Nacional de Investigaciones [&hellip;]\" \/>\n<meta property=\"og:url\" content=\"https:\/\/feiasofi.net\/?page_id=8056\" \/>\n<meta property=\"og:site_name\" content=\"Feiasofi\" \/>\n<meta property=\"article:modified_time\" content=\"2025-11-25T09:18:48+00:00\" \/>\n<meta name=\"twitter:card\" content=\"summary_large_image\" \/>\n<meta name=\"twitter:label1\" content=\"Tiempo de lectura\" \/>\n\t<meta name=\"twitter:data1\" content=\"1 minuto\" \/>\n<script type=\"application\/ld+json\" class=\"yoast-schema-graph\">{\"@context\":\"https:\/\/schema.org\",\"@graph\":[{\"@type\":\"WebPage\",\"@id\":\"https:\/\/feiasofi.net\/?page_id=8056\",\"url\":\"https:\/\/feiasofi.net\/?page_id=8056\",\"name\":\"Instituciones y Administraciones P\u00fablicas - Feiasofi\",\"isPartOf\":{\"@id\":\"https:\/\/feiasofi.net\/#website\"},\"datePublished\":\"2025-04-30T10:13:33+00:00\",\"dateModified\":\"2025-11-25T09:18:48+00:00\",\"breadcrumb\":{\"@id\":\"https:\/\/feiasofi.net\/?page_id=8056#breadcrumb\"},\"inLanguage\":\"es\",\"potentialAction\":[{\"@type\":\"ReadAction\",\"target\":[\"https:\/\/feiasofi.net\/?page_id=8056\"]}]},{\"@type\":\"BreadcrumbList\",\"@id\":\"https:\/\/feiasofi.net\/?page_id=8056#breadcrumb\",\"itemListElement\":[{\"@type\":\"ListItem\",\"position\":1,\"name\":\"Portada\",\"item\":\"https:\/\/feiasofi.net\/\"},{\"@type\":\"ListItem\",\"position\":2,\"name\":\"Instituciones y Administraciones P\u00fablicas\"}]},{\"@type\":\"WebSite\",\"@id\":\"https:\/\/feiasofi.net\/#website\",\"url\":\"https:\/\/feiasofi.net\/\",\"name\":\"Feiasofi\",\"description\":\"\",\"potentialAction\":[{\"@type\":\"SearchAction\",\"target\":{\"@type\":\"EntryPoint\",\"urlTemplate\":\"https:\/\/feiasofi.net\/?s={search_term_string}\"},\"query-input\":{\"@type\":\"PropertyValueSpecification\",\"valueRequired\":true,\"valueName\":\"search_term_string\"}}],\"inLanguage\":\"es\"}]}<\/script>\n<!-- \/ Yoast SEO plugin. -->","yoast_head_json":{"title":"Instituciones y Administraciones P\u00fablicas - Feiasofi","robots":{"index":"index","follow":"follow","max-snippet":"max-snippet:-1","max-image-preview":"max-image-preview:large","max-video-preview":"max-video-preview:-1"},"canonical":"https:\/\/feiasofi.net\/?page_id=8056","og_locale":"es_ES","og_type":"article","og_title":"Instituciones y Administraciones P\u00fablicas - Feiasofi","og_description":"Instituciones y Administraciones P\u00fablicas Physics Web (del Institute of Physics) Lawrence Berkeley National Laboratory. USA Los Alamos National Laboratory. USA Agencia Espa\u00f1ola de Cooperaci\u00f3n Internacional Consejo Superior de Investigaciones Cient\u00edficas Consejo Nacional de Humanidades, Ciencias y Tecnolog\u00edas (M\u00e9xico) Consejo Nacional de Ciencia y Tecnolog\u00eda (Paraguay) Viceministerio de Ciencia y Tecnolog\u00eda (Bolivia) Consejo Nacional de Investigaciones [&hellip;]","og_url":"https:\/\/feiasofi.net\/?page_id=8056","og_site_name":"Feiasofi","article_modified_time":"2025-11-25T09:18:48+00:00","twitter_card":"summary_large_image","twitter_misc":{"Tiempo de lectura":"1 minuto"},"schema":{"@context":"https:\/\/schema.org","@graph":[{"@type":"WebPage","@id":"https:\/\/feiasofi.net\/?page_id=8056","url":"https:\/\/feiasofi.net\/?page_id=8056","name":"Instituciones y Administraciones P\u00fablicas - Feiasofi","isPartOf":{"@id":"https:\/\/feiasofi.net\/#website"},"datePublished":"2025-04-30T10:13:33+00:00","dateModified":"2025-11-25T09:18:48+00:00","breadcrumb":{"@id":"https:\/\/feiasofi.net\/?page_id=8056#breadcrumb"},"inLanguage":"es","potentialAction":[{"@type":"ReadAction","target":["https:\/\/feiasofi.net\/?page_id=8056"]}]},{"@type":"BreadcrumbList","@id":"https:\/\/feiasofi.net\/?page_id=8056#breadcrumb","itemListElement":[{"@type":"ListItem","position":1,"name":"Portada","item":"https:\/\/feiasofi.net\/"},{"@type":"ListItem","position":2,"name":"Instituciones y Administraciones P\u00fablicas"}]},{"@type":"WebSite","@id":"https:\/\/feiasofi.net\/#website","url":"https:\/\/feiasofi.net\/","name":"Feiasofi","description":"","potentialAction":[{"@type":"SearchAction","target":{"@type":"EntryPoint","urlTemplate":"https:\/\/feiasofi.net\/?s={search_term_string}"},"query-input":{"@type":"PropertyValueSpecification","valueRequired":true,"valueName":"search_term_string"}}],"inLanguage":"es"}]}},"_links":{"self":[{"href":"https:\/\/feiasofi.net\/index.php?rest_route=\/wp\/v2\/pages\/8056","targetHints":{"allow":["GET"]}}],"collection":[{"href":"https:\/\/feiasofi.net\/index.php?rest_route=\/wp\/v2\/pages"}],"about":[{"href":"https:\/\/feiasofi.net\/index.php?rest_route=\/wp\/v2\/types\/page"}],"author":[{"embeddable":true,"href":"https:\/\/feiasofi.net\/index.php?rest_route=\/wp\/v2\/users\/1"}],"replies":[{"embeddable":true,"href":"https:\/\/feiasofi.net\/index.php?rest_route=%2Fwp%2Fv2%2Fcomments&post=8056"}],"version-history":[{"count":10,"href":"https:\/\/feiasofi.net\/index.php?rest_route=\/wp\/v2\/pages\/8056\/revisions"}],"predecessor-version":[{"id":9049,"href":"https:\/\/feiasofi.net\/index.php?rest_route=\/wp\/v2\/pages\/8056\/revisions\/9049"}],"wp:attachment":[{"href":"https:\/\/feiasofi.net\/index.php?rest_route=%2Fwp%2Fv2%2Fmedia&parent=8056"}],"curies":[{"name":"wp","href":"https:\/\/api.w.org\/{rel}","templated":true}]}}