{"id":8073,"date":"2025-05-05T14:29:11","date_gmt":"2025-05-05T14:29:11","guid":{"rendered":"https:\/\/feiasofi.net\/?page_id=8073"},"modified":"2025-11-25T09:25:27","modified_gmt":"2025-11-25T09:25:27","slug":"centros-educativos-y-de-investigacion-en-el-mundo","status":"publish","type":"page","link":"https:\/\/feiasofi.net\/?page_id=8073","title":{"rendered":"Centros educativos y de investigaci\u00f3n en el mundo"},"content":{"rendered":"\t\t<div data-elementor-type=\"wp-page\" data-elementor-id=\"8073\" class=\"elementor elementor-8073\">\n\t\t\t\t<div class=\"elementor-element elementor-element-5bc9d10 e-flex e-con-boxed e-con e-parent\" data-id=\"5bc9d10\" data-element_type=\"container\" data-e-type=\"container\">\n\t\t\t\t\t<div class=\"e-con-inner\">\n\t\t\t\t<div class=\"elementor-element elementor-element-e88bdb2 elementor-widget elementor-widget-heading\" data-id=\"e88bdb2\" data-element_type=\"widget\" data-e-type=\"widget\" data-widget_type=\"heading.default\">\n\t\t\t\t<div class=\"elementor-widget-container\">\n\t\t\t\t\t<h2 class=\"elementor-heading-title elementor-size-default\">Centros educativos y de investigaci\u00f3n en el mundo<\/h2>\t\t\t\t<\/div>\n\t\t\t\t<\/div>\n\t\t\t\t\t<\/div>\n\t\t\t\t<\/div>\n\t\t<div class=\"elementor-element elementor-element-ff66249 e-flex e-con-boxed e-con e-parent\" data-id=\"ff66249\" data-element_type=\"container\" data-e-type=\"container\">\n\t\t\t\t\t<div class=\"e-con-inner\">\n\t\t\t\t<div class=\"elementor-element elementor-element-b81d915 elementor-widget elementor-widget-text-editor\" data-id=\"b81d915\" data-element_type=\"widget\" data-e-type=\"widget\" data-widget_type=\"text-editor.default\">\n\t\t\t\t<div class=\"elementor-widget-container\">\n\t\t\t\t\t\t\t\t\t<p style=\"text-align: center;\"><a href=\"https:\/\/web.mit.edu\/redingtn\/www\/netadv\/\">The net advance of physics, del MIT<\/a><\/p><p style=\"text-align: center;\"><a href=\"https:\/\/pdg.lbl.gov\/\">Particle Data Group<\/a><\/p><p style=\"text-align: center;\"><a href=\"https:\/\/astrobiology.com\/\">The Astrobiology Web<\/a><\/p><p style=\"text-align: center;\"><a href=\"https:\/\/www6.slac.stanford.edu\/\">Stanford Linear Accelerator (Stanford)<\/a><\/p><p style=\"text-align: center;\"><a href=\"https:\/\/home.cern\/\">C.E.R.N., European Laboratory for Particle Physics<\/a><\/p><p style=\"text-align: center;\"><a href=\"https:\/\/www.ictp.it\/\">I.C.T.P.,The Abdus Salam International Centre for Theoretical Physics, Trieste<\/a><\/p><p style=\"text-align: center;\"><a href=\"https:\/\/www.usra.edu\/\">U.S.R.A,The Universities Space Research Association<\/a><\/p><p style=\"text-align: center;\"><a href=\"https:\/\/www.nist.gov\/physics\">Laboratorio de F\u00edsica del NIST (National Institute of Standards and Technology)<\/a><\/p><p style=\"text-align: center;\"><a href=\"https:\/\/www.stsci.edu\/hst\">Hubble Space Telescope Science Institute<\/a><\/p><p style=\"text-align: center;\"><a href=\"https:\/\/www.seti.org\/\">The SETI Institute<\/a><\/p><p style=\"text-align: center;\"><a href=\"https:\/\/www.ciemat.es\/\">Centro de Investigaciones Energ\u00e9ticas, Medioambientales y Tecnol\u00f3gicas (CIEMAT &#8211; Espa\u00f1a)<\/a><\/p><p style=\"text-align: center;\"><a href=\"https:\/\/www.learndev.org\/\">Learning Development Institute<\/a><\/p>\t\t\t\t\t\t\t\t<\/div>\n\t\t\t\t<\/div>\n\t\t\t\t\t<\/div>\n\t\t\t\t<\/div>\n\t\t\t\t<\/div>\n\t\t","protected":false},"excerpt":{"rendered":"<p>Centros educativos y de investigaci\u00f3n en el mundo The net advance of physics, del MIT Particle Data Group The Astrobiology Web Stanford Linear Accelerator (Stanford) C.E.R.N., European Laboratory for Particle Physics I.C.T.P.,The Abdus Salam International Centre for Theoretical Physics, Trieste U.S.R.A,The Universities Space Research Association Laboratorio de F\u00edsica del NIST (National Institute of Standards and [&hellip;]<\/p>\n","protected":false},"author":1,"featured_media":0,"parent":0,"menu_order":0,"comment_status":"closed","ping_status":"closed","template":"elementor_header_footer","meta":{"footnotes":""},"class_list":["post-8073","page","type-page","status-publish","hentry"],"yoast_head":"<!-- This site is optimized with the Yoast SEO plugin v27.1.1 - https:\/\/yoast.com\/product\/yoast-seo-wordpress\/ -->\n<title>Centros educativos y de investigaci\u00f3n en el mundo - Feiasofi<\/title>\n<meta name=\"robots\" content=\"index, follow, max-snippet:-1, max-image-preview:large, max-video-preview:-1\" \/>\n<link rel=\"canonical\" href=\"https:\/\/feiasofi.net\/?page_id=8073\" \/>\n<meta property=\"og:locale\" content=\"es_ES\" \/>\n<meta property=\"og:type\" content=\"article\" \/>\n<meta property=\"og:title\" content=\"Centros educativos y de investigaci\u00f3n en el mundo - Feiasofi\" \/>\n<meta property=\"og:description\" content=\"Centros educativos y de investigaci\u00f3n en el mundo The net advance of physics, del MIT Particle Data Group The Astrobiology Web Stanford Linear Accelerator (Stanford) C.E.R.N., European Laboratory for Particle Physics I.C.T.P.,The Abdus Salam International Centre for Theoretical Physics, Trieste U.S.R.A,The Universities Space Research Association Laboratorio de F\u00edsica del NIST (National Institute of Standards and [&hellip;]\" \/>\n<meta property=\"og:url\" content=\"https:\/\/feiasofi.net\/?page_id=8073\" \/>\n<meta property=\"og:site_name\" content=\"Feiasofi\" \/>\n<meta property=\"article:modified_time\" content=\"2025-11-25T09:25:27+00:00\" \/>\n<meta name=\"twitter:card\" content=\"summary_large_image\" \/>\n<meta name=\"twitter:label1\" content=\"Tiempo de lectura\" \/>\n\t<meta name=\"twitter:data1\" content=\"1 minuto\" \/>\n<script type=\"application\/ld+json\" class=\"yoast-schema-graph\">{\"@context\":\"https:\/\/schema.org\",\"@graph\":[{\"@type\":\"WebPage\",\"@id\":\"https:\/\/feiasofi.net\/?page_id=8073\",\"url\":\"https:\/\/feiasofi.net\/?page_id=8073\",\"name\":\"Centros educativos y de investigaci\u00f3n en el mundo - Feiasofi\",\"isPartOf\":{\"@id\":\"https:\/\/feiasofi.net\/#website\"},\"datePublished\":\"2025-05-05T14:29:11+00:00\",\"dateModified\":\"2025-11-25T09:25:27+00:00\",\"breadcrumb\":{\"@id\":\"https:\/\/feiasofi.net\/?page_id=8073#breadcrumb\"},\"inLanguage\":\"es\",\"potentialAction\":[{\"@type\":\"ReadAction\",\"target\":[\"https:\/\/feiasofi.net\/?page_id=8073\"]}]},{\"@type\":\"BreadcrumbList\",\"@id\":\"https:\/\/feiasofi.net\/?page_id=8073#breadcrumb\",\"itemListElement\":[{\"@type\":\"ListItem\",\"position\":1,\"name\":\"Portada\",\"item\":\"https:\/\/feiasofi.net\/\"},{\"@type\":\"ListItem\",\"position\":2,\"name\":\"Centros educativos y de investigaci\u00f3n en el mundo\"}]},{\"@type\":\"WebSite\",\"@id\":\"https:\/\/feiasofi.net\/#website\",\"url\":\"https:\/\/feiasofi.net\/\",\"name\":\"Feiasofi\",\"description\":\"\",\"potentialAction\":[{\"@type\":\"SearchAction\",\"target\":{\"@type\":\"EntryPoint\",\"urlTemplate\":\"https:\/\/feiasofi.net\/?s={search_term_string}\"},\"query-input\":{\"@type\":\"PropertyValueSpecification\",\"valueRequired\":true,\"valueName\":\"search_term_string\"}}],\"inLanguage\":\"es\"}]}<\/script>\n<!-- \/ Yoast SEO plugin. -->","yoast_head_json":{"title":"Centros educativos y de investigaci\u00f3n en el mundo - Feiasofi","robots":{"index":"index","follow":"follow","max-snippet":"max-snippet:-1","max-image-preview":"max-image-preview:large","max-video-preview":"max-video-preview:-1"},"canonical":"https:\/\/feiasofi.net\/?page_id=8073","og_locale":"es_ES","og_type":"article","og_title":"Centros educativos y de investigaci\u00f3n en el mundo - Feiasofi","og_description":"Centros educativos y de investigaci\u00f3n en el mundo The net advance of physics, del MIT Particle Data Group The Astrobiology Web Stanford Linear Accelerator (Stanford) C.E.R.N., European Laboratory for Particle Physics I.C.T.P.,The Abdus Salam International Centre for Theoretical Physics, Trieste U.S.R.A,The Universities Space Research Association Laboratorio de F\u00edsica del NIST (National Institute of Standards and [&hellip;]","og_url":"https:\/\/feiasofi.net\/?page_id=8073","og_site_name":"Feiasofi","article_modified_time":"2025-11-25T09:25:27+00:00","twitter_card":"summary_large_image","twitter_misc":{"Tiempo de lectura":"1 minuto"},"schema":{"@context":"https:\/\/schema.org","@graph":[{"@type":"WebPage","@id":"https:\/\/feiasofi.net\/?page_id=8073","url":"https:\/\/feiasofi.net\/?page_id=8073","name":"Centros educativos y de investigaci\u00f3n en el mundo - Feiasofi","isPartOf":{"@id":"https:\/\/feiasofi.net\/#website"},"datePublished":"2025-05-05T14:29:11+00:00","dateModified":"2025-11-25T09:25:27+00:00","breadcrumb":{"@id":"https:\/\/feiasofi.net\/?page_id=8073#breadcrumb"},"inLanguage":"es","potentialAction":[{"@type":"ReadAction","target":["https:\/\/feiasofi.net\/?page_id=8073"]}]},{"@type":"BreadcrumbList","@id":"https:\/\/feiasofi.net\/?page_id=8073#breadcrumb","itemListElement":[{"@type":"ListItem","position":1,"name":"Portada","item":"https:\/\/feiasofi.net\/"},{"@type":"ListItem","position":2,"name":"Centros educativos y de investigaci\u00f3n en el mundo"}]},{"@type":"WebSite","@id":"https:\/\/feiasofi.net\/#website","url":"https:\/\/feiasofi.net\/","name":"Feiasofi","description":"","potentialAction":[{"@type":"SearchAction","target":{"@type":"EntryPoint","urlTemplate":"https:\/\/feiasofi.net\/?s={search_term_string}"},"query-input":{"@type":"PropertyValueSpecification","valueRequired":true,"valueName":"search_term_string"}}],"inLanguage":"es"}]}},"_links":{"self":[{"href":"https:\/\/feiasofi.net\/index.php?rest_route=\/wp\/v2\/pages\/8073","targetHints":{"allow":["GET"]}}],"collection":[{"href":"https:\/\/feiasofi.net\/index.php?rest_route=\/wp\/v2\/pages"}],"about":[{"href":"https:\/\/feiasofi.net\/index.php?rest_route=\/wp\/v2\/types\/page"}],"author":[{"embeddable":true,"href":"https:\/\/feiasofi.net\/index.php?rest_route=\/wp\/v2\/users\/1"}],"replies":[{"embeddable":true,"href":"https:\/\/feiasofi.net\/index.php?rest_route=%2Fwp%2Fv2%2Fcomments&post=8073"}],"version-history":[{"count":10,"href":"https:\/\/feiasofi.net\/index.php?rest_route=\/wp\/v2\/pages\/8073\/revisions"}],"predecessor-version":[{"id":9052,"href":"https:\/\/feiasofi.net\/index.php?rest_route=\/wp\/v2\/pages\/8073\/revisions\/9052"}],"wp:attachment":[{"href":"https:\/\/feiasofi.net\/index.php?rest_route=%2Fwp%2Fv2%2Fmedia&parent=8073"}],"curies":[{"name":"wp","href":"https:\/\/api.w.org\/{rel}","templated":true}]}}