{"id":8082,"date":"2025-05-05T14:44:57","date_gmt":"2025-05-05T14:44:57","guid":{"rendered":"https:\/\/feiasofi.net\/?page_id=8082"},"modified":"2025-11-25T09:29:20","modified_gmt":"2025-11-25T09:29:20","slug":"actualidad-e-informacion-sobre-fisica","status":"publish","type":"page","link":"https:\/\/feiasofi.net\/?page_id=8082","title":{"rendered":"Actualidad e Informaci\u00f3n sobre F\u00edsica"},"content":{"rendered":"\t\t<div data-elementor-type=\"wp-page\" data-elementor-id=\"8082\" class=\"elementor elementor-8082\">\n\t\t\t\t<div class=\"elementor-element elementor-element-c1faef7 e-flex e-con-boxed e-con e-parent\" data-id=\"c1faef7\" data-element_type=\"container\" data-e-type=\"container\">\n\t\t\t\t\t<div class=\"e-con-inner\">\n\t\t\t\t<div class=\"elementor-element elementor-element-2036548 elementor-widget elementor-widget-heading\" data-id=\"2036548\" data-element_type=\"widget\" data-e-type=\"widget\" data-widget_type=\"heading.default\">\n\t\t\t\t<div class=\"elementor-widget-container\">\n\t\t\t\t\t<h2 class=\"elementor-heading-title elementor-size-default\">Actualidad e Informaci\u00f3n sobre F\u00edsica<\/h2>\t\t\t\t<\/div>\n\t\t\t\t<\/div>\n\t\t\t\t\t<\/div>\n\t\t\t\t<\/div>\n\t\t<div class=\"elementor-element elementor-element-ce33e65 e-flex e-con-boxed e-con e-parent\" data-id=\"ce33e65\" data-element_type=\"container\" data-e-type=\"container\">\n\t\t\t\t\t<div class=\"e-con-inner\">\n\t\t\t\t<div class=\"elementor-element elementor-element-202dfb9 elementor-widget elementor-widget-text-editor\" data-id=\"202dfb9\" data-element_type=\"widget\" data-e-type=\"widget\" data-widget_type=\"text-editor.default\">\n\t\t\t\t<div class=\"elementor-widget-container\">\n\t\t\t\t\t\t\t\t\t<p style=\"text-align: center;\"><a href=\"https:\/\/www.aip.org\/research\">The Center for History in Physics<\/a><\/p><p style=\"text-align: center;\"><a href=\"https:\/\/www.sciencedirect.com\/journal\/nuclear-physics\">Nuclear Physics, Elsevier Publishing Company<\/a><\/p><p style=\"text-align: center;\"><a href=\"https:\/\/www.cyted.org\/\">Programa Iberoamericano de Ciencia y Tecnolog\u00eda para el Desarrollo<\/a><\/p>\t\t\t\t\t\t\t\t<\/div>\n\t\t\t\t<\/div>\n\t\t\t\t\t<\/div>\n\t\t\t\t<\/div>\n\t\t\t\t<\/div>\n\t\t","protected":false},"excerpt":{"rendered":"<p>Actualidad e Informaci\u00f3n sobre F\u00edsica The Center for History in Physics Nuclear Physics, Elsevier Publishing Company Programa Iberoamericano de Ciencia y Tecnolog\u00eda para el Desarrollo<\/p>\n","protected":false},"author":1,"featured_media":0,"parent":0,"menu_order":0,"comment_status":"closed","ping_status":"closed","template":"elementor_header_footer","meta":{"footnotes":""},"class_list":["post-8082","page","type-page","status-publish","hentry"],"yoast_head":"<!-- This site is optimized with the Yoast SEO plugin v27.1.1 - https:\/\/yoast.com\/product\/yoast-seo-wordpress\/ -->\n<title>Actualidad e Informaci\u00f3n sobre F\u00edsica - Feiasofi<\/title>\n<meta name=\"robots\" content=\"index, follow, max-snippet:-1, max-image-preview:large, max-video-preview:-1\" \/>\n<link rel=\"canonical\" href=\"https:\/\/feiasofi.net\/?page_id=8082\" \/>\n<meta property=\"og:locale\" content=\"es_ES\" \/>\n<meta property=\"og:type\" content=\"article\" \/>\n<meta property=\"og:title\" content=\"Actualidad e Informaci\u00f3n sobre F\u00edsica - Feiasofi\" \/>\n<meta property=\"og:description\" content=\"Actualidad e Informaci\u00f3n sobre F\u00edsica The Center for History in Physics Nuclear Physics, Elsevier Publishing Company Programa Iberoamericano de Ciencia y Tecnolog\u00eda para el Desarrollo\" \/>\n<meta property=\"og:url\" content=\"https:\/\/feiasofi.net\/?page_id=8082\" \/>\n<meta property=\"og:site_name\" content=\"Feiasofi\" \/>\n<meta property=\"article:modified_time\" content=\"2025-11-25T09:29:20+00:00\" \/>\n<meta name=\"twitter:card\" content=\"summary_large_image\" \/>\n<meta name=\"twitter:label1\" content=\"Tiempo de lectura\" \/>\n\t<meta name=\"twitter:data1\" content=\"1 minuto\" \/>\n<script type=\"application\/ld+json\" class=\"yoast-schema-graph\">{\"@context\":\"https:\/\/schema.org\",\"@graph\":[{\"@type\":\"WebPage\",\"@id\":\"https:\/\/feiasofi.net\/?page_id=8082\",\"url\":\"https:\/\/feiasofi.net\/?page_id=8082\",\"name\":\"Actualidad e Informaci\u00f3n sobre F\u00edsica - Feiasofi\",\"isPartOf\":{\"@id\":\"https:\/\/feiasofi.net\/#website\"},\"datePublished\":\"2025-05-05T14:44:57+00:00\",\"dateModified\":\"2025-11-25T09:29:20+00:00\",\"breadcrumb\":{\"@id\":\"https:\/\/feiasofi.net\/?page_id=8082#breadcrumb\"},\"inLanguage\":\"es\",\"potentialAction\":[{\"@type\":\"ReadAction\",\"target\":[\"https:\/\/feiasofi.net\/?page_id=8082\"]}]},{\"@type\":\"BreadcrumbList\",\"@id\":\"https:\/\/feiasofi.net\/?page_id=8082#breadcrumb\",\"itemListElement\":[{\"@type\":\"ListItem\",\"position\":1,\"name\":\"Portada\",\"item\":\"https:\/\/feiasofi.net\/\"},{\"@type\":\"ListItem\",\"position\":2,\"name\":\"Actualidad e Informaci\u00f3n sobre F\u00edsica\"}]},{\"@type\":\"WebSite\",\"@id\":\"https:\/\/feiasofi.net\/#website\",\"url\":\"https:\/\/feiasofi.net\/\",\"name\":\"Feiasofi\",\"description\":\"\",\"potentialAction\":[{\"@type\":\"SearchAction\",\"target\":{\"@type\":\"EntryPoint\",\"urlTemplate\":\"https:\/\/feiasofi.net\/?s={search_term_string}\"},\"query-input\":{\"@type\":\"PropertyValueSpecification\",\"valueRequired\":true,\"valueName\":\"search_term_string\"}}],\"inLanguage\":\"es\"}]}<\/script>\n<!-- \/ Yoast SEO plugin. -->","yoast_head_json":{"title":"Actualidad e Informaci\u00f3n sobre F\u00edsica - Feiasofi","robots":{"index":"index","follow":"follow","max-snippet":"max-snippet:-1","max-image-preview":"max-image-preview:large","max-video-preview":"max-video-preview:-1"},"canonical":"https:\/\/feiasofi.net\/?page_id=8082","og_locale":"es_ES","og_type":"article","og_title":"Actualidad e Informaci\u00f3n sobre F\u00edsica - Feiasofi","og_description":"Actualidad e Informaci\u00f3n sobre F\u00edsica The Center for History in Physics Nuclear Physics, Elsevier Publishing Company Programa Iberoamericano de Ciencia y Tecnolog\u00eda para el Desarrollo","og_url":"https:\/\/feiasofi.net\/?page_id=8082","og_site_name":"Feiasofi","article_modified_time":"2025-11-25T09:29:20+00:00","twitter_card":"summary_large_image","twitter_misc":{"Tiempo de lectura":"1 minuto"},"schema":{"@context":"https:\/\/schema.org","@graph":[{"@type":"WebPage","@id":"https:\/\/feiasofi.net\/?page_id=8082","url":"https:\/\/feiasofi.net\/?page_id=8082","name":"Actualidad e Informaci\u00f3n sobre F\u00edsica - Feiasofi","isPartOf":{"@id":"https:\/\/feiasofi.net\/#website"},"datePublished":"2025-05-05T14:44:57+00:00","dateModified":"2025-11-25T09:29:20+00:00","breadcrumb":{"@id":"https:\/\/feiasofi.net\/?page_id=8082#breadcrumb"},"inLanguage":"es","potentialAction":[{"@type":"ReadAction","target":["https:\/\/feiasofi.net\/?page_id=8082"]}]},{"@type":"BreadcrumbList","@id":"https:\/\/feiasofi.net\/?page_id=8082#breadcrumb","itemListElement":[{"@type":"ListItem","position":1,"name":"Portada","item":"https:\/\/feiasofi.net\/"},{"@type":"ListItem","position":2,"name":"Actualidad e Informaci\u00f3n sobre F\u00edsica"}]},{"@type":"WebSite","@id":"https:\/\/feiasofi.net\/#website","url":"https:\/\/feiasofi.net\/","name":"Feiasofi","description":"","potentialAction":[{"@type":"SearchAction","target":{"@type":"EntryPoint","urlTemplate":"https:\/\/feiasofi.net\/?s={search_term_string}"},"query-input":{"@type":"PropertyValueSpecification","valueRequired":true,"valueName":"search_term_string"}}],"inLanguage":"es"}]}},"_links":{"self":[{"href":"https:\/\/feiasofi.net\/index.php?rest_route=\/wp\/v2\/pages\/8082","targetHints":{"allow":["GET"]}}],"collection":[{"href":"https:\/\/feiasofi.net\/index.php?rest_route=\/wp\/v2\/pages"}],"about":[{"href":"https:\/\/feiasofi.net\/index.php?rest_route=\/wp\/v2\/types\/page"}],"author":[{"embeddable":true,"href":"https:\/\/feiasofi.net\/index.php?rest_route=\/wp\/v2\/users\/1"}],"replies":[{"embeddable":true,"href":"https:\/\/feiasofi.net\/index.php?rest_route=%2Fwp%2Fv2%2Fcomments&post=8082"}],"version-history":[{"count":10,"href":"https:\/\/feiasofi.net\/index.php?rest_route=\/wp\/v2\/pages\/8082\/revisions"}],"predecessor-version":[{"id":9055,"href":"https:\/\/feiasofi.net\/index.php?rest_route=\/wp\/v2\/pages\/8082\/revisions\/9055"}],"wp:attachment":[{"href":"https:\/\/feiasofi.net\/index.php?rest_route=%2Fwp%2Fv2%2Fmedia&parent=8082"}],"curies":[{"name":"wp","href":"https:\/\/api.w.org\/{rel}","templated":true}]}}