{"id":8129,"date":"2025-05-05T15:12:50","date_gmt":"2025-05-05T15:12:50","guid":{"rendered":"https:\/\/feiasofi.net\/?page_id=8129"},"modified":"2026-02-03T10:33:41","modified_gmt":"2026-02-03T10:33:41","slug":"cursos-de-interes-en-fisica-avanzada","status":"publish","type":"page","link":"https:\/\/feiasofi.net\/?page_id=8129","title":{"rendered":"Cursos de inter\u00e9s en F\u00edsica avanzada"},"content":{"rendered":"\t\t<div data-elementor-type=\"wp-page\" data-elementor-id=\"8129\" class=\"elementor elementor-8129\">\n\t\t\t\t<div class=\"elementor-element elementor-element-6f5b356 e-flex e-con-boxed e-con e-parent\" data-id=\"6f5b356\" data-element_type=\"container\" data-e-type=\"container\">\n\t\t\t\t\t<div class=\"e-con-inner\">\n\t\t\t\t<div class=\"elementor-element elementor-element-5e120ac elementor-widget elementor-widget-heading\" data-id=\"5e120ac\" data-element_type=\"widget\" data-e-type=\"widget\" data-widget_type=\"heading.default\">\n\t\t\t\t<div class=\"elementor-widget-container\">\n\t\t\t\t\t<h2 class=\"elementor-heading-title elementor-size-default\">Cursos de inter\u00e9s en F\u00edsica avanzada<\/h2>\t\t\t\t<\/div>\n\t\t\t\t<\/div>\n\t\t\t\t\t<\/div>\n\t\t\t\t<\/div>\n\t\t<div class=\"elementor-element elementor-element-568562c e-flex e-con-boxed e-con e-parent\" data-id=\"568562c\" data-element_type=\"container\" data-e-type=\"container\">\n\t\t\t\t\t<div class=\"e-con-inner\">\n\t\t\t\t<div class=\"elementor-element elementor-element-dd5ea7a elementor-widget elementor-widget-text-editor\" data-id=\"dd5ea7a\" data-element_type=\"widget\" data-e-type=\"widget\" data-widget_type=\"text-editor.default\">\n\t\t\t\t<div class=\"elementor-widget-container\">\n\t\t\t\t\t\t\t\t\t<p style=\"text-align: center;\"><a href=\"http:\/\/www.sc.ehu.es\/sbweb\/fisica\/\">F\u00edsica con ordenador &#8211; Curso Interactivo de F\u00edsica en Internet<\/a><\/p><p style=\"text-align: center;\"><a href=\"http:\/\/hyperphysics.phy-astr.gsu.edu\/hbase\/index.html\">HyperPhysics<\/a><\/p>\t\t\t\t\t\t\t\t<\/div>\n\t\t\t\t<\/div>\n\t\t\t\t\t<\/div>\n\t\t\t\t<\/div>\n\t\t\t\t<\/div>\n\t\t","protected":false},"excerpt":{"rendered":"<p>Cursos de inter\u00e9s en F\u00edsica avanzada F\u00edsica con ordenador &#8211; Curso Interactivo de F\u00edsica en Internet HyperPhysics<\/p>\n","protected":false},"author":1,"featured_media":0,"parent":0,"menu_order":0,"comment_status":"closed","ping_status":"closed","template":"elementor_header_footer","meta":{"footnotes":""},"class_list":["post-8129","page","type-page","status-publish","hentry"],"yoast_head":"<!-- This site is optimized with the Yoast SEO plugin v27.1.1 - https:\/\/yoast.com\/product\/yoast-seo-wordpress\/ -->\n<title>Cursos de inter\u00e9s en F\u00edsica avanzada - Feiasofi<\/title>\n<meta name=\"robots\" content=\"index, follow, max-snippet:-1, max-image-preview:large, max-video-preview:-1\" \/>\n<link rel=\"canonical\" href=\"https:\/\/feiasofi.net\/?page_id=8129\" \/>\n<meta property=\"og:locale\" content=\"es_ES\" \/>\n<meta property=\"og:type\" content=\"article\" \/>\n<meta property=\"og:title\" content=\"Cursos de inter\u00e9s en F\u00edsica avanzada - Feiasofi\" \/>\n<meta property=\"og:description\" content=\"Cursos de inter\u00e9s en F\u00edsica avanzada F\u00edsica con ordenador &#8211; Curso Interactivo de F\u00edsica en Internet HyperPhysics\" \/>\n<meta property=\"og:url\" content=\"https:\/\/feiasofi.net\/?page_id=8129\" \/>\n<meta property=\"og:site_name\" content=\"Feiasofi\" \/>\n<meta property=\"article:modified_time\" content=\"2026-02-03T10:33:41+00:00\" \/>\n<meta name=\"twitter:card\" content=\"summary_large_image\" \/>\n<meta name=\"twitter:label1\" content=\"Tiempo de lectura\" \/>\n\t<meta name=\"twitter:data1\" content=\"1 minuto\" \/>\n<script type=\"application\/ld+json\" class=\"yoast-schema-graph\">{\"@context\":\"https:\/\/schema.org\",\"@graph\":[{\"@type\":\"WebPage\",\"@id\":\"https:\/\/feiasofi.net\/?page_id=8129\",\"url\":\"https:\/\/feiasofi.net\/?page_id=8129\",\"name\":\"Cursos de inter\u00e9s en F\u00edsica avanzada - Feiasofi\",\"isPartOf\":{\"@id\":\"https:\/\/feiasofi.net\/#website\"},\"datePublished\":\"2025-05-05T15:12:50+00:00\",\"dateModified\":\"2026-02-03T10:33:41+00:00\",\"breadcrumb\":{\"@id\":\"https:\/\/feiasofi.net\/?page_id=8129#breadcrumb\"},\"inLanguage\":\"es\",\"potentialAction\":[{\"@type\":\"ReadAction\",\"target\":[\"https:\/\/feiasofi.net\/?page_id=8129\"]}]},{\"@type\":\"BreadcrumbList\",\"@id\":\"https:\/\/feiasofi.net\/?page_id=8129#breadcrumb\",\"itemListElement\":[{\"@type\":\"ListItem\",\"position\":1,\"name\":\"Portada\",\"item\":\"https:\/\/feiasofi.net\/\"},{\"@type\":\"ListItem\",\"position\":2,\"name\":\"Cursos de inter\u00e9s en F\u00edsica avanzada\"}]},{\"@type\":\"WebSite\",\"@id\":\"https:\/\/feiasofi.net\/#website\",\"url\":\"https:\/\/feiasofi.net\/\",\"name\":\"Feiasofi\",\"description\":\"\",\"potentialAction\":[{\"@type\":\"SearchAction\",\"target\":{\"@type\":\"EntryPoint\",\"urlTemplate\":\"https:\/\/feiasofi.net\/?s={search_term_string}\"},\"query-input\":{\"@type\":\"PropertyValueSpecification\",\"valueRequired\":true,\"valueName\":\"search_term_string\"}}],\"inLanguage\":\"es\"}]}<\/script>\n<!-- \/ Yoast SEO plugin. -->","yoast_head_json":{"title":"Cursos de inter\u00e9s en F\u00edsica avanzada - Feiasofi","robots":{"index":"index","follow":"follow","max-snippet":"max-snippet:-1","max-image-preview":"max-image-preview:large","max-video-preview":"max-video-preview:-1"},"canonical":"https:\/\/feiasofi.net\/?page_id=8129","og_locale":"es_ES","og_type":"article","og_title":"Cursos de inter\u00e9s en F\u00edsica avanzada - Feiasofi","og_description":"Cursos de inter\u00e9s en F\u00edsica avanzada F\u00edsica con ordenador &#8211; Curso Interactivo de F\u00edsica en Internet HyperPhysics","og_url":"https:\/\/feiasofi.net\/?page_id=8129","og_site_name":"Feiasofi","article_modified_time":"2026-02-03T10:33:41+00:00","twitter_card":"summary_large_image","twitter_misc":{"Tiempo de lectura":"1 minuto"},"schema":{"@context":"https:\/\/schema.org","@graph":[{"@type":"WebPage","@id":"https:\/\/feiasofi.net\/?page_id=8129","url":"https:\/\/feiasofi.net\/?page_id=8129","name":"Cursos de inter\u00e9s en F\u00edsica avanzada - Feiasofi","isPartOf":{"@id":"https:\/\/feiasofi.net\/#website"},"datePublished":"2025-05-05T15:12:50+00:00","dateModified":"2026-02-03T10:33:41+00:00","breadcrumb":{"@id":"https:\/\/feiasofi.net\/?page_id=8129#breadcrumb"},"inLanguage":"es","potentialAction":[{"@type":"ReadAction","target":["https:\/\/feiasofi.net\/?page_id=8129"]}]},{"@type":"BreadcrumbList","@id":"https:\/\/feiasofi.net\/?page_id=8129#breadcrumb","itemListElement":[{"@type":"ListItem","position":1,"name":"Portada","item":"https:\/\/feiasofi.net\/"},{"@type":"ListItem","position":2,"name":"Cursos de inter\u00e9s en F\u00edsica avanzada"}]},{"@type":"WebSite","@id":"https:\/\/feiasofi.net\/#website","url":"https:\/\/feiasofi.net\/","name":"Feiasofi","description":"","potentialAction":[{"@type":"SearchAction","target":{"@type":"EntryPoint","urlTemplate":"https:\/\/feiasofi.net\/?s={search_term_string}"},"query-input":{"@type":"PropertyValueSpecification","valueRequired":true,"valueName":"search_term_string"}}],"inLanguage":"es"}]}},"_links":{"self":[{"href":"https:\/\/feiasofi.net\/index.php?rest_route=\/wp\/v2\/pages\/8129","targetHints":{"allow":["GET"]}}],"collection":[{"href":"https:\/\/feiasofi.net\/index.php?rest_route=\/wp\/v2\/pages"}],"about":[{"href":"https:\/\/feiasofi.net\/index.php?rest_route=\/wp\/v2\/types\/page"}],"author":[{"embeddable":true,"href":"https:\/\/feiasofi.net\/index.php?rest_route=\/wp\/v2\/users\/1"}],"replies":[{"embeddable":true,"href":"https:\/\/feiasofi.net\/index.php?rest_route=%2Fwp%2Fv2%2Fcomments&post=8129"}],"version-history":[{"count":10,"href":"https:\/\/feiasofi.net\/index.php?rest_route=\/wp\/v2\/pages\/8129\/revisions"}],"predecessor-version":[{"id":9147,"href":"https:\/\/feiasofi.net\/index.php?rest_route=\/wp\/v2\/pages\/8129\/revisions\/9147"}],"wp:attachment":[{"href":"https:\/\/feiasofi.net\/index.php?rest_route=%2Fwp%2Fv2%2Fmedia&parent=8129"}],"curies":[{"name":"wp","href":"https:\/\/api.w.org\/{rel}","templated":true}]}}