{"id":8147,"date":"2025-05-05T15:25:45","date_gmt":"2025-05-05T15:25:45","guid":{"rendered":"https:\/\/feiasofi.net\/?page_id=8147"},"modified":"2025-05-05T15:26:38","modified_gmt":"2025-05-05T15:26:38","slug":"fundaciones","status":"publish","type":"page","link":"https:\/\/feiasofi.net\/?page_id=8147","title":{"rendered":"Fundaciones"},"content":{"rendered":"\t\t<div data-elementor-type=\"wp-page\" data-elementor-id=\"8147\" class=\"elementor elementor-8147\">\n\t\t\t\t<div class=\"elementor-element elementor-element-7d734f2 e-flex e-con-boxed e-con e-parent\" data-id=\"7d734f2\" data-element_type=\"container\" data-e-type=\"container\">\n\t\t\t\t\t<div class=\"e-con-inner\">\n\t\t\t\t<div class=\"elementor-element elementor-element-ab02499 elementor-widget elementor-widget-heading\" data-id=\"ab02499\" data-element_type=\"widget\" data-e-type=\"widget\" data-widget_type=\"heading.default\">\n\t\t\t\t<div class=\"elementor-widget-container\">\n\t\t\t\t\t<h2 class=\"elementor-heading-title elementor-size-default\">Fundaciones<\/h2>\t\t\t\t<\/div>\n\t\t\t\t<\/div>\n\t\t\t\t\t<\/div>\n\t\t\t\t<\/div>\n\t\t<div class=\"elementor-element elementor-element-905a6a8 e-flex e-con-boxed e-con e-parent\" data-id=\"905a6a8\" data-element_type=\"container\" data-e-type=\"container\">\n\t\t\t\t\t<div class=\"e-con-inner\">\n\t\t\t\t<div class=\"elementor-element elementor-element-7fb3148 elementor-widget elementor-widget-text-editor\" data-id=\"7fb3148\" data-element_type=\"widget\" data-e-type=\"widget\" data-widget_type=\"text-editor.default\">\n\t\t\t\t<div class=\"elementor-widget-container\">\n\t\t\t\t\t\t\t\t\t<p style=\"text-align: center;\"><a href=\"https:\/\/www.feiasofi.net\/index.php\/enlaces?task=weblink.go&amp;id=76\">European Science Foundation<\/a><\/p><p style=\"text-align: center;\"><a href=\"https:\/\/www.feiasofi.net\/index.php\/enlaces?task=weblink.go&amp;id=87\">Fundaci\u00f3n Espa\u00f1ola para la Ciencia y la Tecnolog\u00eda<\/a><\/p><p style=\"text-align: center;\"><a href=\"https:\/\/www.feiasofi.net\/index.php\/enlaces?task=weblink.go&amp;id=100\">Fundaci\u00f3n BBVA<\/a><\/p><p style=\"text-align: center;\"><a href=\"https:\/\/www.feiasofi.net\/index.php\/enlaces?task=weblink.go&amp;id=101\">Fundaci\u00f3n Ram\u00f3n Areces<\/a><\/p><p style=\"text-align: center;\"><a href=\"https:\/\/www.feiasofi.net\/index.php\/enlaces?task=weblink.go&amp;id=102\">Fundaci\u00f3n Telef\u00f3nica<\/a><\/p><p style=\"text-align: center;\"><a href=\"https:\/\/www.feiasofi.net\/index.php\/enlaces?task=weblink.go&amp;id=103\">Fundaci\u00f3n Santander Central Hispano<\/a><\/p><p style=\"text-align: center;\"><a href=\"https:\/\/www.feiasofi.net\/index.php\/enlaces?task=weblink.go&amp;id=104\">Fundaci\u00f3n Santillana<\/a><\/p><p style=\"text-align: center;\"><a href=\"https:\/\/www.feiasofi.net\/index.php\/enlaces?task=weblink.go&amp;id=105\">Fundaci\u00f3n Iberdrola<\/a><\/p><p style=\"text-align: center;\"><a href=\"https:\/\/www.feiasofi.net\/index.php\/enlaces?task=weblink.go&amp;id=106\">Fundaci\u00f3n Endesa<\/a><\/p><p style=\"text-align: center;\"><a href=\"https:\/\/www.feiasofi.net\/index.php\/enlaces?task=weblink.go&amp;id=107\">Fundaci\u00f3n COTEC para la Innovaci\u00f3n Tecnol\u00f3gica<\/a><\/p><p style=\"text-align: center;\"><a href=\"https:\/\/www.feiasofi.net\/index.php\/enlaces?task=weblink.go&amp;id=108\">Fundaci\u00f3n Carolina<\/a><\/p>\t\t\t\t\t\t\t\t<\/div>\n\t\t\t\t<\/div>\n\t\t\t\t\t<\/div>\n\t\t\t\t<\/div>\n\t\t\t\t<\/div>\n\t\t","protected":false},"excerpt":{"rendered":"<p>Fundaciones European Science Foundation Fundaci\u00f3n Espa\u00f1ola para la Ciencia y la Tecnolog\u00eda Fundaci\u00f3n BBVA Fundaci\u00f3n Ram\u00f3n Areces Fundaci\u00f3n Telef\u00f3nica Fundaci\u00f3n Santander Central Hispano Fundaci\u00f3n Santillana Fundaci\u00f3n Iberdrola Fundaci\u00f3n Endesa Fundaci\u00f3n COTEC para la Innovaci\u00f3n Tecnol\u00f3gica Fundaci\u00f3n Carolina<\/p>\n","protected":false},"author":1,"featured_media":0,"parent":0,"menu_order":0,"comment_status":"closed","ping_status":"closed","template":"elementor_header_footer","meta":{"footnotes":""},"class_list":["post-8147","page","type-page","status-publish","hentry"],"yoast_head":"<!-- This site is optimized with the Yoast SEO plugin v27.1.1 - https:\/\/yoast.com\/product\/yoast-seo-wordpress\/ -->\n<title>Fundaciones - Feiasofi<\/title>\n<meta name=\"robots\" content=\"index, follow, max-snippet:-1, max-image-preview:large, max-video-preview:-1\" \/>\n<link rel=\"canonical\" href=\"https:\/\/feiasofi.net\/?page_id=8147\" \/>\n<meta property=\"og:locale\" content=\"es_ES\" \/>\n<meta property=\"og:type\" content=\"article\" \/>\n<meta property=\"og:title\" content=\"Fundaciones - Feiasofi\" \/>\n<meta property=\"og:description\" content=\"Fundaciones European Science Foundation Fundaci\u00f3n Espa\u00f1ola para la Ciencia y la Tecnolog\u00eda Fundaci\u00f3n BBVA Fundaci\u00f3n Ram\u00f3n Areces Fundaci\u00f3n Telef\u00f3nica Fundaci\u00f3n Santander Central Hispano Fundaci\u00f3n Santillana Fundaci\u00f3n Iberdrola Fundaci\u00f3n Endesa Fundaci\u00f3n COTEC para la Innovaci\u00f3n Tecnol\u00f3gica Fundaci\u00f3n Carolina\" \/>\n<meta property=\"og:url\" content=\"https:\/\/feiasofi.net\/?page_id=8147\" \/>\n<meta property=\"og:site_name\" content=\"Feiasofi\" \/>\n<meta property=\"article:modified_time\" content=\"2025-05-05T15:26:38+00:00\" \/>\n<meta name=\"twitter:card\" content=\"summary_large_image\" \/>\n<meta name=\"twitter:label1\" content=\"Tiempo de lectura\" \/>\n\t<meta name=\"twitter:data1\" content=\"1 minuto\" \/>\n<script type=\"application\/ld+json\" class=\"yoast-schema-graph\">{\"@context\":\"https:\/\/schema.org\",\"@graph\":[{\"@type\":\"WebPage\",\"@id\":\"https:\/\/feiasofi.net\/?page_id=8147\",\"url\":\"https:\/\/feiasofi.net\/?page_id=8147\",\"name\":\"Fundaciones - Feiasofi\",\"isPartOf\":{\"@id\":\"https:\/\/feiasofi.net\/#website\"},\"datePublished\":\"2025-05-05T15:25:45+00:00\",\"dateModified\":\"2025-05-05T15:26:38+00:00\",\"breadcrumb\":{\"@id\":\"https:\/\/feiasofi.net\/?page_id=8147#breadcrumb\"},\"inLanguage\":\"es\",\"potentialAction\":[{\"@type\":\"ReadAction\",\"target\":[\"https:\/\/feiasofi.net\/?page_id=8147\"]}]},{\"@type\":\"BreadcrumbList\",\"@id\":\"https:\/\/feiasofi.net\/?page_id=8147#breadcrumb\",\"itemListElement\":[{\"@type\":\"ListItem\",\"position\":1,\"name\":\"Portada\",\"item\":\"https:\/\/feiasofi.net\/\"},{\"@type\":\"ListItem\",\"position\":2,\"name\":\"Fundaciones\"}]},{\"@type\":\"WebSite\",\"@id\":\"https:\/\/feiasofi.net\/#website\",\"url\":\"https:\/\/feiasofi.net\/\",\"name\":\"Feiasofi\",\"description\":\"\",\"potentialAction\":[{\"@type\":\"SearchAction\",\"target\":{\"@type\":\"EntryPoint\",\"urlTemplate\":\"https:\/\/feiasofi.net\/?s={search_term_string}\"},\"query-input\":{\"@type\":\"PropertyValueSpecification\",\"valueRequired\":true,\"valueName\":\"search_term_string\"}}],\"inLanguage\":\"es\"}]}<\/script>\n<!-- \/ Yoast SEO plugin. -->","yoast_head_json":{"title":"Fundaciones - Feiasofi","robots":{"index":"index","follow":"follow","max-snippet":"max-snippet:-1","max-image-preview":"max-image-preview:large","max-video-preview":"max-video-preview:-1"},"canonical":"https:\/\/feiasofi.net\/?page_id=8147","og_locale":"es_ES","og_type":"article","og_title":"Fundaciones - Feiasofi","og_description":"Fundaciones European Science Foundation Fundaci\u00f3n Espa\u00f1ola para la Ciencia y la Tecnolog\u00eda Fundaci\u00f3n BBVA Fundaci\u00f3n Ram\u00f3n Areces Fundaci\u00f3n Telef\u00f3nica Fundaci\u00f3n Santander Central Hispano Fundaci\u00f3n Santillana Fundaci\u00f3n Iberdrola Fundaci\u00f3n Endesa Fundaci\u00f3n COTEC para la Innovaci\u00f3n Tecnol\u00f3gica Fundaci\u00f3n Carolina","og_url":"https:\/\/feiasofi.net\/?page_id=8147","og_site_name":"Feiasofi","article_modified_time":"2025-05-05T15:26:38+00:00","twitter_card":"summary_large_image","twitter_misc":{"Tiempo de lectura":"1 minuto"},"schema":{"@context":"https:\/\/schema.org","@graph":[{"@type":"WebPage","@id":"https:\/\/feiasofi.net\/?page_id=8147","url":"https:\/\/feiasofi.net\/?page_id=8147","name":"Fundaciones - Feiasofi","isPartOf":{"@id":"https:\/\/feiasofi.net\/#website"},"datePublished":"2025-05-05T15:25:45+00:00","dateModified":"2025-05-05T15:26:38+00:00","breadcrumb":{"@id":"https:\/\/feiasofi.net\/?page_id=8147#breadcrumb"},"inLanguage":"es","potentialAction":[{"@type":"ReadAction","target":["https:\/\/feiasofi.net\/?page_id=8147"]}]},{"@type":"BreadcrumbList","@id":"https:\/\/feiasofi.net\/?page_id=8147#breadcrumb","itemListElement":[{"@type":"ListItem","position":1,"name":"Portada","item":"https:\/\/feiasofi.net\/"},{"@type":"ListItem","position":2,"name":"Fundaciones"}]},{"@type":"WebSite","@id":"https:\/\/feiasofi.net\/#website","url":"https:\/\/feiasofi.net\/","name":"Feiasofi","description":"","potentialAction":[{"@type":"SearchAction","target":{"@type":"EntryPoint","urlTemplate":"https:\/\/feiasofi.net\/?s={search_term_string}"},"query-input":{"@type":"PropertyValueSpecification","valueRequired":true,"valueName":"search_term_string"}}],"inLanguage":"es"}]}},"_links":{"self":[{"href":"https:\/\/feiasofi.net\/index.php?rest_route=\/wp\/v2\/pages\/8147","targetHints":{"allow":["GET"]}}],"collection":[{"href":"https:\/\/feiasofi.net\/index.php?rest_route=\/wp\/v2\/pages"}],"about":[{"href":"https:\/\/feiasofi.net\/index.php?rest_route=\/wp\/v2\/types\/page"}],"author":[{"embeddable":true,"href":"https:\/\/feiasofi.net\/index.php?rest_route=\/wp\/v2\/users\/1"}],"replies":[{"embeddable":true,"href":"https:\/\/feiasofi.net\/index.php?rest_route=%2Fwp%2Fv2%2Fcomments&post=8147"}],"version-history":[{"count":7,"href":"https:\/\/feiasofi.net\/index.php?rest_route=\/wp\/v2\/pages\/8147\/revisions"}],"predecessor-version":[{"id":8155,"href":"https:\/\/feiasofi.net\/index.php?rest_route=\/wp\/v2\/pages\/8147\/revisions\/8155"}],"wp:attachment":[{"href":"https:\/\/feiasofi.net\/index.php?rest_route=%2Fwp%2Fv2%2Fmedia&parent=8147"}],"curies":[{"name":"wp","href":"https:\/\/api.w.org\/{rel}","templated":true}]}}