{"id":8575,"date":"2025-05-09T11:33:38","date_gmt":"2025-05-09T11:33:38","guid":{"rendered":"https:\/\/feiasofi.net\/?page_id=8575"},"modified":"2025-05-09T11:38:34","modified_gmt":"2025-05-09T11:38:34","slug":"real-sociedad-espanola-de-fisica","status":"publish","type":"page","link":"https:\/\/feiasofi.net\/?page_id=8575","title":{"rendered":"Real Sociedad Espa\u00f1ola de F\u00edsica"},"content":{"rendered":"\t\t<div data-elementor-type=\"wp-page\" data-elementor-id=\"8575\" class=\"elementor elementor-8575\">\n\t\t\t\t<div class=\"elementor-element elementor-element-b1b8fe0 e-flex e-con-boxed e-con e-parent\" data-id=\"b1b8fe0\" data-element_type=\"container\" data-e-type=\"container\">\n\t\t\t\t\t<div class=\"e-con-inner\">\n\t\t\t\t<div class=\"elementor-element elementor-element-f722b8c elementor-widget elementor-widget-heading\" data-id=\"f722b8c\" data-element_type=\"widget\" data-e-type=\"widget\" data-widget_type=\"heading.default\">\n\t\t\t\t<div class=\"elementor-widget-container\">\n\t\t\t\t\t<h2 class=\"elementor-heading-title elementor-size-default\">Real Sociedad Espa\u00f1ola de F\u00edsica<\/h2>\t\t\t\t<\/div>\n\t\t\t\t<\/div>\n\t\t\t\t\t<\/div>\n\t\t\t\t<\/div>\n\t\t<div class=\"elementor-element elementor-element-7513c08 e-flex e-con-boxed e-con e-parent\" data-id=\"7513c08\" data-element_type=\"container\" data-e-type=\"container\">\n\t\t\t\t\t<div class=\"e-con-inner\">\n\t\t<div class=\"elementor-element elementor-element-bd35c24 e-con-full e-flex e-con e-child\" data-id=\"bd35c24\" data-element_type=\"container\" data-e-type=\"container\">\n\t\t\t\t<div class=\"elementor-element elementor-element-ba9fc37 elementor-widget elementor-widget-image\" data-id=\"ba9fc37\" data-element_type=\"widget\" data-e-type=\"widget\" data-widget_type=\"image.default\">\n\t\t\t\t<div class=\"elementor-widget-container\">\n\t\t\t\t\t\t\t\t\t\t\t\t\t\t\t<img decoding=\"async\" width=\"90\" height=\"60\" src=\"https:\/\/feiasofi.net\/wp-content\/uploads\/2025\/05\/flag_spain.gif\" class=\"attachment-large size-large wp-image-8576\" alt=\"\" \/>\t\t\t\t\t\t\t\t\t\t\t\t\t\t\t<\/div>\n\t\t\t\t<\/div>\n\t\t\t\t<\/div>\n\t\t<div class=\"elementor-element elementor-element-b8462ae e-con-full e-flex e-con e-child\" data-id=\"b8462ae\" data-element_type=\"container\" data-e-type=\"container\">\n\t\t\t\t<div class=\"elementor-element elementor-element-cbe01ee elementor-widget__width-initial elementor-widget-tablet__width-initial elementor-widget elementor-widget-text-editor\" data-id=\"cbe01ee\" data-element_type=\"widget\" data-e-type=\"widget\" data-widget_type=\"text-editor.default\">\n\t\t\t\t<div class=\"elementor-widget-container\">\n\t\t\t\t\t\t\t\t\t<p>La<strong>\u00a0Real Sociedad Espa\u00f1ola de F\u00edsica\u00a0<\/strong>(RSEF, en ingl\u00e9s\u00a0<em>Spanish Royal Physics Society<\/em>) es una instituci\u00f3n sin\u00a0\u00e1nimo de lucro continuadora de la rama de f\u00edsica de laoriginalmente Real Sociedad Espa\u00f1ola de F\u00edsica y Qu\u00edmica\u00a0que se cre\u00f3 en 1903.<\/p>\t\t\t\t\t\t\t\t<\/div>\n\t\t\t\t<\/div>\n\t\t\t\t<\/div>\n\t\t\t\t\t<\/div>\n\t\t\t\t<\/div>\n\t\t<div class=\"elementor-element elementor-element-714eadc8 e-flex e-con-boxed e-con e-parent\" data-id=\"714eadc8\" data-element_type=\"container\" data-e-type=\"container\">\n\t\t\t\t\t<div class=\"e-con-inner\">\n\t\t\t\t<div class=\"elementor-element elementor-element-2b5a4ca3 elementor-widget elementor-widget-text-editor\" data-id=\"2b5a4ca3\" data-element_type=\"widget\" data-e-type=\"widget\" data-widget_type=\"text-editor.default\">\n\t\t\t\t<div class=\"elementor-widget-container\">\n\t\t\t\t\t\t\t\t\t\n<p>La RSEF tiene por objetivo promover el desarrollo de la\u00a0f\u00edsica en los aspectos de conocimiento b\u00e1sico y en sus aplicaciones,\u00a0as\u00ed como fomentar la investigaci\u00f3n cient\u00edfica y su ense\u00f1anza en\u00a0todos los \u00e1mbitos educativos. La RSEF desarrolla su actividad en\u00a0toda Espa\u00f1a y, adem\u00e1s, mantiene relaciones internacionales en\u00a0los \u00e1mbitos que le son propios, como con la European Physical\u00a0Sciety, de la que es miembro y, en particular, con Iberoam\u00e9rica.<\/p>\n<p>\u00a0<\/p>\n\n<p>Para facilitar el cumplimiento de sus fines, la RSEF est\u00e1\u00a0estructurada en Grupos Especializados, Divisiones, Secciones Locales y\u00a0Secci\u00f3n Exterior. Los primeros re\u00fanen especialistas de uno\u00a0o varios campos de la f\u00edsica de cualquier nacionalidad,\u00a0con el objetivo com\u00fan de impulsar su desarrollo\u00a0cient\u00edfico o su proyecci\u00f3n social en el marco de la RSEF.<\/p>\n<p>\u00a0<\/p>\n\n<p>Las Secciones Locales agrupan a los miembros de la Sociedad de\u00a0un \u00e1rea geogr\u00e1fica determinada que consideran conveniente\u00a0asociarse para el mejor cumplimiento de los fines de la RSEF\u00a0en esa \u00e1rea. Finalmente, la Secci\u00f3n Exterior agrupa a los miembros\u00a0de la RSEF que se encuentran fuera de Espa\u00f1a.<\/p>\n<p>\u00a0<\/p>\n\n<p>El presidente de la RSEF es Luis Vi\u00f1a Liste, Dpto. de F\u00edsica de Materiales. Univeridad Aut\u00f3noma de Madrid.\u00a0En la\u00a0<a href=\"https:\/\/rsef.es\/\" target=\"_blank\" rel=\"noreferrer noopener\">web de la RSEF\u00a0<\/a>, se puede\u00a0encontrar informaci\u00f3n detallada sobre la misma.<\/p>\n\n<p>\u00a0<\/p>\n\t\t\t\t\t\t\t\t<\/div>\n\t\t\t\t<\/div>\n\t\t\t\t\t<\/div>\n\t\t\t\t<\/div>\n\t\t\t\t<\/div>\n\t\t","protected":false},"excerpt":{"rendered":"<p>Real Sociedad Espa\u00f1ola de F\u00edsica La\u00a0Real Sociedad Espa\u00f1ola de F\u00edsica\u00a0(RSEF, en ingl\u00e9s\u00a0Spanish Royal Physics Society) es una instituci\u00f3n sin\u00a0\u00e1nimo de lucro continuadora de la rama de f\u00edsica de laoriginalmente Real Sociedad Espa\u00f1ola de F\u00edsica y Qu\u00edmica\u00a0que se cre\u00f3 en 1903. La RSEF tiene por objetivo promover el desarrollo de la\u00a0f\u00edsica en los aspectos de conocimiento [&hellip;]<\/p>\n","protected":false},"author":1,"featured_media":0,"parent":0,"menu_order":0,"comment_status":"closed","ping_status":"closed","template":"elementor_header_footer","meta":{"footnotes":""},"class_list":["post-8575","page","type-page","status-publish","hentry"],"yoast_head":"<!-- This site is optimized with the Yoast SEO plugin v27.1.1 - https:\/\/yoast.com\/product\/yoast-seo-wordpress\/ -->\n<title>Real Sociedad Espa\u00f1ola de F\u00edsica - Feiasofi<\/title>\n<meta name=\"robots\" content=\"index, follow, max-snippet:-1, max-image-preview:large, max-video-preview:-1\" \/>\n<link rel=\"canonical\" href=\"https:\/\/feiasofi.net\/?page_id=8575\" \/>\n<meta property=\"og:locale\" content=\"es_ES\" \/>\n<meta property=\"og:type\" content=\"article\" \/>\n<meta property=\"og:title\" content=\"Real Sociedad Espa\u00f1ola de F\u00edsica - Feiasofi\" \/>\n<meta property=\"og:description\" content=\"Real Sociedad Espa\u00f1ola de F\u00edsica La\u00a0Real Sociedad Espa\u00f1ola de F\u00edsica\u00a0(RSEF, en ingl\u00e9s\u00a0Spanish Royal Physics Society) es una instituci\u00f3n sin\u00a0\u00e1nimo de lucro continuadora de la rama de f\u00edsica de laoriginalmente Real Sociedad Espa\u00f1ola de F\u00edsica y Qu\u00edmica\u00a0que se cre\u00f3 en 1903. La RSEF tiene por objetivo promover el desarrollo de la\u00a0f\u00edsica en los aspectos de conocimiento [&hellip;]\" \/>\n<meta property=\"og:url\" content=\"https:\/\/feiasofi.net\/?page_id=8575\" \/>\n<meta property=\"og:site_name\" content=\"Feiasofi\" \/>\n<meta property=\"article:modified_time\" content=\"2025-05-09T11:38:34+00:00\" \/>\n<meta property=\"og:image\" content=\"https:\/\/feiasofi.net\/wp-content\/uploads\/2025\/05\/flag_spain.gif\" \/>\n\t<meta property=\"og:image:width\" content=\"90\" \/>\n\t<meta property=\"og:image:height\" content=\"60\" \/>\n\t<meta property=\"og:image:type\" content=\"image\/gif\" \/>\n<meta name=\"twitter:card\" content=\"summary_large_image\" \/>\n<meta name=\"twitter:label1\" content=\"Tiempo de lectura\" \/>\n\t<meta name=\"twitter:data1\" content=\"2 minutos\" \/>\n<script type=\"application\/ld+json\" class=\"yoast-schema-graph\">{\"@context\":\"https:\/\/schema.org\",\"@graph\":[{\"@type\":\"WebPage\",\"@id\":\"https:\/\/feiasofi.net\/?page_id=8575\",\"url\":\"https:\/\/feiasofi.net\/?page_id=8575\",\"name\":\"Real Sociedad Espa\u00f1ola de F\u00edsica - Feiasofi\",\"isPartOf\":{\"@id\":\"https:\/\/feiasofi.net\/#website\"},\"primaryImageOfPage\":{\"@id\":\"https:\/\/feiasofi.net\/?page_id=8575#primaryimage\"},\"image\":{\"@id\":\"https:\/\/feiasofi.net\/?page_id=8575#primaryimage\"},\"thumbnailUrl\":\"https:\/\/feiasofi.net\/wp-content\/uploads\/2025\/05\/flag_spain.gif\",\"datePublished\":\"2025-05-09T11:33:38+00:00\",\"dateModified\":\"2025-05-09T11:38:34+00:00\",\"breadcrumb\":{\"@id\":\"https:\/\/feiasofi.net\/?page_id=8575#breadcrumb\"},\"inLanguage\":\"es\",\"potentialAction\":[{\"@type\":\"ReadAction\",\"target\":[\"https:\/\/feiasofi.net\/?page_id=8575\"]}]},{\"@type\":\"ImageObject\",\"inLanguage\":\"es\",\"@id\":\"https:\/\/feiasofi.net\/?page_id=8575#primaryimage\",\"url\":\"https:\/\/feiasofi.net\/wp-content\/uploads\/2025\/05\/flag_spain.gif\",\"contentUrl\":\"https:\/\/feiasofi.net\/wp-content\/uploads\/2025\/05\/flag_spain.gif\",\"width\":90,\"height\":60},{\"@type\":\"BreadcrumbList\",\"@id\":\"https:\/\/feiasofi.net\/?page_id=8575#breadcrumb\",\"itemListElement\":[{\"@type\":\"ListItem\",\"position\":1,\"name\":\"Portada\",\"item\":\"https:\/\/feiasofi.net\/\"},{\"@type\":\"ListItem\",\"position\":2,\"name\":\"Real Sociedad Espa\u00f1ola de F\u00edsica\"}]},{\"@type\":\"WebSite\",\"@id\":\"https:\/\/feiasofi.net\/#website\",\"url\":\"https:\/\/feiasofi.net\/\",\"name\":\"Feiasofi\",\"description\":\"\",\"potentialAction\":[{\"@type\":\"SearchAction\",\"target\":{\"@type\":\"EntryPoint\",\"urlTemplate\":\"https:\/\/feiasofi.net\/?s={search_term_string}\"},\"query-input\":{\"@type\":\"PropertyValueSpecification\",\"valueRequired\":true,\"valueName\":\"search_term_string\"}}],\"inLanguage\":\"es\"}]}<\/script>\n<!-- \/ Yoast SEO plugin. -->","yoast_head_json":{"title":"Real Sociedad Espa\u00f1ola de F\u00edsica - Feiasofi","robots":{"index":"index","follow":"follow","max-snippet":"max-snippet:-1","max-image-preview":"max-image-preview:large","max-video-preview":"max-video-preview:-1"},"canonical":"https:\/\/feiasofi.net\/?page_id=8575","og_locale":"es_ES","og_type":"article","og_title":"Real Sociedad Espa\u00f1ola de F\u00edsica - Feiasofi","og_description":"Real Sociedad Espa\u00f1ola de F\u00edsica La\u00a0Real Sociedad Espa\u00f1ola de F\u00edsica\u00a0(RSEF, en ingl\u00e9s\u00a0Spanish Royal Physics Society) es una instituci\u00f3n sin\u00a0\u00e1nimo de lucro continuadora de la rama de f\u00edsica de laoriginalmente Real Sociedad Espa\u00f1ola de F\u00edsica y Qu\u00edmica\u00a0que se cre\u00f3 en 1903. La RSEF tiene por objetivo promover el desarrollo de la\u00a0f\u00edsica en los aspectos de conocimiento [&hellip;]","og_url":"https:\/\/feiasofi.net\/?page_id=8575","og_site_name":"Feiasofi","article_modified_time":"2025-05-09T11:38:34+00:00","og_image":[{"width":90,"height":60,"url":"https:\/\/feiasofi.net\/wp-content\/uploads\/2025\/05\/flag_spain.gif","type":"image\/gif"}],"twitter_card":"summary_large_image","twitter_misc":{"Tiempo de lectura":"2 minutos"},"schema":{"@context":"https:\/\/schema.org","@graph":[{"@type":"WebPage","@id":"https:\/\/feiasofi.net\/?page_id=8575","url":"https:\/\/feiasofi.net\/?page_id=8575","name":"Real Sociedad Espa\u00f1ola de F\u00edsica - Feiasofi","isPartOf":{"@id":"https:\/\/feiasofi.net\/#website"},"primaryImageOfPage":{"@id":"https:\/\/feiasofi.net\/?page_id=8575#primaryimage"},"image":{"@id":"https:\/\/feiasofi.net\/?page_id=8575#primaryimage"},"thumbnailUrl":"https:\/\/feiasofi.net\/wp-content\/uploads\/2025\/05\/flag_spain.gif","datePublished":"2025-05-09T11:33:38+00:00","dateModified":"2025-05-09T11:38:34+00:00","breadcrumb":{"@id":"https:\/\/feiasofi.net\/?page_id=8575#breadcrumb"},"inLanguage":"es","potentialAction":[{"@type":"ReadAction","target":["https:\/\/feiasofi.net\/?page_id=8575"]}]},{"@type":"ImageObject","inLanguage":"es","@id":"https:\/\/feiasofi.net\/?page_id=8575#primaryimage","url":"https:\/\/feiasofi.net\/wp-content\/uploads\/2025\/05\/flag_spain.gif","contentUrl":"https:\/\/feiasofi.net\/wp-content\/uploads\/2025\/05\/flag_spain.gif","width":90,"height":60},{"@type":"BreadcrumbList","@id":"https:\/\/feiasofi.net\/?page_id=8575#breadcrumb","itemListElement":[{"@type":"ListItem","position":1,"name":"Portada","item":"https:\/\/feiasofi.net\/"},{"@type":"ListItem","position":2,"name":"Real Sociedad Espa\u00f1ola de F\u00edsica"}]},{"@type":"WebSite","@id":"https:\/\/feiasofi.net\/#website","url":"https:\/\/feiasofi.net\/","name":"Feiasofi","description":"","potentialAction":[{"@type":"SearchAction","target":{"@type":"EntryPoint","urlTemplate":"https:\/\/feiasofi.net\/?s={search_term_string}"},"query-input":{"@type":"PropertyValueSpecification","valueRequired":true,"valueName":"search_term_string"}}],"inLanguage":"es"}]}},"_links":{"self":[{"href":"https:\/\/feiasofi.net\/index.php?rest_route=\/wp\/v2\/pages\/8575","targetHints":{"allow":["GET"]}}],"collection":[{"href":"https:\/\/feiasofi.net\/index.php?rest_route=\/wp\/v2\/pages"}],"about":[{"href":"https:\/\/feiasofi.net\/index.php?rest_route=\/wp\/v2\/types\/page"}],"author":[{"embeddable":true,"href":"https:\/\/feiasofi.net\/index.php?rest_route=\/wp\/v2\/users\/1"}],"replies":[{"embeddable":true,"href":"https:\/\/feiasofi.net\/index.php?rest_route=%2Fwp%2Fv2%2Fcomments&post=8575"}],"version-history":[{"count":6,"href":"https:\/\/feiasofi.net\/index.php?rest_route=\/wp\/v2\/pages\/8575\/revisions"}],"predecessor-version":[{"id":8583,"href":"https:\/\/feiasofi.net\/index.php?rest_route=\/wp\/v2\/pages\/8575\/revisions\/8583"}],"wp:attachment":[{"href":"https:\/\/feiasofi.net\/index.php?rest_route=%2Fwp%2Fv2%2Fmedia&parent=8575"}],"curies":[{"name":"wp","href":"https:\/\/api.w.org\/{rel}","templated":true}]}}