{"id":8586,"date":"2025-05-09T11:40:26","date_gmt":"2025-05-09T11:40:26","guid":{"rendered":"https:\/\/feiasofi.net\/?page_id=8586"},"modified":"2025-05-12T14:51:33","modified_gmt":"2025-05-12T14:51:33","slug":"asociacion-guatemalteca-de-fisica","status":"publish","type":"page","link":"https:\/\/feiasofi.net\/?page_id=8586","title":{"rendered":"Asociaci\u00f3n Guatemalteca de F\u00edsica"},"content":{"rendered":"\t\t<div data-elementor-type=\"wp-page\" data-elementor-id=\"8586\" class=\"elementor elementor-8586\">\n\t\t\t\t<div class=\"elementor-element elementor-element-84be932 e-flex e-con-boxed e-con e-parent\" data-id=\"84be932\" data-element_type=\"container\" data-e-type=\"container\">\n\t\t\t\t\t<div class=\"e-con-inner\">\n\t\t\t\t<div class=\"elementor-element elementor-element-0d0838f elementor-widget elementor-widget-heading\" data-id=\"0d0838f\" data-element_type=\"widget\" data-e-type=\"widget\" data-widget_type=\"heading.default\">\n\t\t\t\t<div class=\"elementor-widget-container\">\n\t\t\t\t\t<h2 class=\"elementor-heading-title elementor-size-default\">Asociaci\u00f3n Guatemalteca de F\u00edsica<\/h2>\t\t\t\t<\/div>\n\t\t\t\t<\/div>\n\t\t\t\t\t<\/div>\n\t\t\t\t<\/div>\n\t\t<div class=\"elementor-element elementor-element-e6bf444 e-flex e-con-boxed e-con e-parent\" data-id=\"e6bf444\" data-element_type=\"container\" data-e-type=\"container\">\n\t\t\t\t\t<div class=\"e-con-inner\">\n\t\t<div class=\"elementor-element elementor-element-427c8c4 e-con-full e-flex e-con e-child\" data-id=\"427c8c4\" data-element_type=\"container\" data-e-type=\"container\">\n\t\t\t\t<div class=\"elementor-element elementor-element-aedea0a elementor-widget elementor-widget-image\" data-id=\"aedea0a\" data-element_type=\"widget\" data-e-type=\"widget\" data-widget_type=\"image.default\">\n\t\t\t\t<div class=\"elementor-widget-container\">\n\t\t\t\t\t\t\t\t\t\t\t\t\t\t\t<img decoding=\"async\" width=\"96\" height=\"60\" src=\"https:\/\/feiasofi.net\/wp-content\/uploads\/2025\/05\/flag_guatemala.gif\" class=\"attachment-large size-large wp-image-8588\" alt=\"\" \/>\t\t\t\t\t\t\t\t\t\t\t\t\t\t\t<\/div>\n\t\t\t\t<\/div>\n\t\t\t\t<\/div>\n\t\t<div class=\"elementor-element elementor-element-96e13a6 e-con-full e-flex e-con e-child\" data-id=\"96e13a6\" data-element_type=\"container\" data-e-type=\"container\">\n\t\t\t\t<div class=\"elementor-element elementor-element-9ae07d8 elementor-widget-tablet__width-initial elementor-widget elementor-widget-text-editor\" data-id=\"9ae07d8\" data-element_type=\"widget\" data-e-type=\"widget\" data-widget_type=\"text-editor.default\">\n\t\t\t\t<div class=\"elementor-widget-container\">\n\t\t\t\t\t\t\t\t\t<p><strong>Web:\u00a0<\/strong><a href=\"http:\/\/agfisica.org.gt\/\">http:\/\/agfisica.org.gt\/<\/a><\/p><p><strong>Presidente:<\/strong>\u00a0<a href=\"https:\/\/ecfm.usac.edu.gt\/node\/26\">Rodrigo Sacahui<\/a><\/p><p>Vicepresidente: Beatriz Cosenza<\/p><p>Secretario: Jos\u00e9 Alfredo de Le\u00f3n<\/p><div>Tesorera: Daniela Mendoza<\/div><div>Vocal I: Juan Carlos C\u00f3rdoba<\/div><div>Vocal II: Alexander Rojas<\/div><div>Vocal III: Subadra Echeverr\u00eda.<\/div>\t\t\t\t\t\t\t\t<\/div>\n\t\t\t\t<\/div>\n\t\t\t\t<\/div>\n\t\t\t\t\t<\/div>\n\t\t\t\t<\/div>\n\t\t<div class=\"elementor-element elementor-element-7defdff e-flex e-con-boxed e-con e-parent\" data-id=\"7defdff\" data-element_type=\"container\" data-e-type=\"container\">\n\t\t\t\t\t<div class=\"e-con-inner\">\n\t\t\t\t<div class=\"elementor-element elementor-element-681edac elementor-widget elementor-widget-text-editor\" data-id=\"681edac\" data-element_type=\"widget\" data-e-type=\"widget\" data-widget_type=\"text-editor.default\">\n\t\t\t\t<div class=\"elementor-widget-container\">\n\t\t\t\t\t\t\t\t\t<p>La Asociaci\u00f3n Guatemalteca de F\u00edsica, es una Asociaci\u00f3n Privada, de car\u00e1cter cient\u00edfico, cultural y educativo. Apol\u00edtica, sin fines de lucro, que acoge en su seno a los egresados de las Universidades del Pa\u00eds, en la carrera de F\u00edsica; estudiantes de F\u00edsica del pa\u00eds as\u00ed como a personas jur\u00eddicas o individuales que sean admitidas en la misma, de acuerdo con la ley, los estatutos y las resoluciones de la Asamblea General. El domicilio de la Asociaci\u00f3n Guatemalteca de F\u00edsica es el Departamento de Guatemala y su sede est\u00e1 ubicada en la ciudad capital.<\/p><p align=\"&quot;left&quot;\"><strong>Los fines y objetivos de la Asociaci\u00f3n son:<\/strong><\/p><ul><li><div align=\"&quot;left&quot;\">a) promover el desarrollo y la divulgaci\u00f3n de la f\u00edsica<\/div><\/li><li><div align=\"&quot;left&quot;\">b) promover las aplicaciones de la f\u00edsica para coadyuvar al desarrollo cient\u00edfico del pa\u00eds<\/div><\/li><li><div align=\"&quot;left&quot;\">c) auspiciar el intercambio con entidades cient\u00edfico-tecnol\u00f3gicas que promuevan la ense\u00f1anza, el aprendizaje y la investigaci\u00f3n de la f\u00edsica en el territorio guatemalteco y en el extranjero<\/div><\/li><li><div align=\"&quot;left&quot;\">d) planear programas, proponer cambios para el mejoramiento acad\u00e9mico nacional dentro del \u00e1mbito de su competencia y<\/div><\/li><li><div align=\"&quot;left&quot;\">e) procurar el bienestar y mejoramiento profesional de todos sus miembros.<\/div><\/li><\/ul>\t\t\t\t\t\t\t\t<\/div>\n\t\t\t\t<\/div>\n\t\t\t\t\t<\/div>\n\t\t\t\t<\/div>\n\t\t\t\t<\/div>\n\t\t","protected":false},"excerpt":{"rendered":"<p>Asociaci\u00f3n Guatemalteca de F\u00edsica Web:\u00a0http:\/\/agfisica.org.gt\/ Presidente:\u00a0Rodrigo Sacahui Vicepresidente: Beatriz Cosenza Secretario: Jos\u00e9 Alfredo de Le\u00f3n Tesorera: Daniela MendozaVocal I: Juan Carlos C\u00f3rdobaVocal II: Alexander RojasVocal III: Subadra Echeverr\u00eda. La Asociaci\u00f3n Guatemalteca de F\u00edsica, es una Asociaci\u00f3n Privada, de car\u00e1cter cient\u00edfico, cultural y educativo. Apol\u00edtica, sin fines de lucro, que acoge en su seno a los [&hellip;]<\/p>\n","protected":false},"author":1,"featured_media":0,"parent":0,"menu_order":0,"comment_status":"closed","ping_status":"closed","template":"elementor_header_footer","meta":{"footnotes":""},"class_list":["post-8586","page","type-page","status-publish","hentry"],"yoast_head":"<!-- This site is optimized with the Yoast SEO plugin v27.1.1 - https:\/\/yoast.com\/product\/yoast-seo-wordpress\/ -->\n<title>Asociaci\u00f3n Guatemalteca de F\u00edsica - Feiasofi<\/title>\n<meta name=\"robots\" content=\"index, follow, max-snippet:-1, max-image-preview:large, max-video-preview:-1\" \/>\n<link rel=\"canonical\" href=\"https:\/\/feiasofi.net\/?page_id=8586\" \/>\n<meta property=\"og:locale\" content=\"es_ES\" \/>\n<meta property=\"og:type\" content=\"article\" \/>\n<meta property=\"og:title\" content=\"Asociaci\u00f3n Guatemalteca de F\u00edsica - Feiasofi\" \/>\n<meta property=\"og:description\" content=\"Asociaci\u00f3n Guatemalteca de F\u00edsica Web:\u00a0http:\/\/agfisica.org.gt\/ Presidente:\u00a0Rodrigo Sacahui Vicepresidente: Beatriz Cosenza Secretario: Jos\u00e9 Alfredo de Le\u00f3n Tesorera: Daniela MendozaVocal I: Juan Carlos C\u00f3rdobaVocal II: Alexander RojasVocal III: Subadra Echeverr\u00eda. La Asociaci\u00f3n Guatemalteca de F\u00edsica, es una Asociaci\u00f3n Privada, de car\u00e1cter cient\u00edfico, cultural y educativo. Apol\u00edtica, sin fines de lucro, que acoge en su seno a los [&hellip;]\" \/>\n<meta property=\"og:url\" content=\"https:\/\/feiasofi.net\/?page_id=8586\" \/>\n<meta property=\"og:site_name\" content=\"Feiasofi\" \/>\n<meta property=\"article:modified_time\" content=\"2025-05-12T14:51:33+00:00\" \/>\n<meta property=\"og:image\" content=\"https:\/\/feiasofi.net\/wp-content\/uploads\/2025\/05\/flag_guatemala.gif\" \/>\n\t<meta property=\"og:image:width\" content=\"96\" \/>\n\t<meta property=\"og:image:height\" content=\"60\" \/>\n\t<meta property=\"og:image:type\" content=\"image\/gif\" \/>\n<meta name=\"twitter:card\" content=\"summary_large_image\" \/>\n<meta name=\"twitter:label1\" content=\"Tiempo de lectura\" \/>\n\t<meta name=\"twitter:data1\" content=\"2 minutos\" \/>\n<script type=\"application\/ld+json\" class=\"yoast-schema-graph\">{\"@context\":\"https:\/\/schema.org\",\"@graph\":[{\"@type\":\"WebPage\",\"@id\":\"https:\/\/feiasofi.net\/?page_id=8586\",\"url\":\"https:\/\/feiasofi.net\/?page_id=8586\",\"name\":\"Asociaci\u00f3n Guatemalteca de F\u00edsica - Feiasofi\",\"isPartOf\":{\"@id\":\"https:\/\/feiasofi.net\/#website\"},\"primaryImageOfPage\":{\"@id\":\"https:\/\/feiasofi.net\/?page_id=8586#primaryimage\"},\"image\":{\"@id\":\"https:\/\/feiasofi.net\/?page_id=8586#primaryimage\"},\"thumbnailUrl\":\"https:\/\/feiasofi.net\/wp-content\/uploads\/2025\/05\/flag_guatemala.gif\",\"datePublished\":\"2025-05-09T11:40:26+00:00\",\"dateModified\":\"2025-05-12T14:51:33+00:00\",\"breadcrumb\":{\"@id\":\"https:\/\/feiasofi.net\/?page_id=8586#breadcrumb\"},\"inLanguage\":\"es\",\"potentialAction\":[{\"@type\":\"ReadAction\",\"target\":[\"https:\/\/feiasofi.net\/?page_id=8586\"]}]},{\"@type\":\"ImageObject\",\"inLanguage\":\"es\",\"@id\":\"https:\/\/feiasofi.net\/?page_id=8586#primaryimage\",\"url\":\"https:\/\/feiasofi.net\/wp-content\/uploads\/2025\/05\/flag_guatemala.gif\",\"contentUrl\":\"https:\/\/feiasofi.net\/wp-content\/uploads\/2025\/05\/flag_guatemala.gif\",\"width\":96,\"height\":60},{\"@type\":\"BreadcrumbList\",\"@id\":\"https:\/\/feiasofi.net\/?page_id=8586#breadcrumb\",\"itemListElement\":[{\"@type\":\"ListItem\",\"position\":1,\"name\":\"Portada\",\"item\":\"https:\/\/feiasofi.net\/\"},{\"@type\":\"ListItem\",\"position\":2,\"name\":\"Asociaci\u00f3n Guatemalteca de F\u00edsica\"}]},{\"@type\":\"WebSite\",\"@id\":\"https:\/\/feiasofi.net\/#website\",\"url\":\"https:\/\/feiasofi.net\/\",\"name\":\"Feiasofi\",\"description\":\"\",\"potentialAction\":[{\"@type\":\"SearchAction\",\"target\":{\"@type\":\"EntryPoint\",\"urlTemplate\":\"https:\/\/feiasofi.net\/?s={search_term_string}\"},\"query-input\":{\"@type\":\"PropertyValueSpecification\",\"valueRequired\":true,\"valueName\":\"search_term_string\"}}],\"inLanguage\":\"es\"}]}<\/script>\n<!-- \/ Yoast SEO plugin. -->","yoast_head_json":{"title":"Asociaci\u00f3n Guatemalteca de F\u00edsica - Feiasofi","robots":{"index":"index","follow":"follow","max-snippet":"max-snippet:-1","max-image-preview":"max-image-preview:large","max-video-preview":"max-video-preview:-1"},"canonical":"https:\/\/feiasofi.net\/?page_id=8586","og_locale":"es_ES","og_type":"article","og_title":"Asociaci\u00f3n Guatemalteca de F\u00edsica - Feiasofi","og_description":"Asociaci\u00f3n Guatemalteca de F\u00edsica Web:\u00a0http:\/\/agfisica.org.gt\/ Presidente:\u00a0Rodrigo Sacahui Vicepresidente: Beatriz Cosenza Secretario: Jos\u00e9 Alfredo de Le\u00f3n Tesorera: Daniela MendozaVocal I: Juan Carlos C\u00f3rdobaVocal II: Alexander RojasVocal III: Subadra Echeverr\u00eda. La Asociaci\u00f3n Guatemalteca de F\u00edsica, es una Asociaci\u00f3n Privada, de car\u00e1cter cient\u00edfico, cultural y educativo. Apol\u00edtica, sin fines de lucro, que acoge en su seno a los [&hellip;]","og_url":"https:\/\/feiasofi.net\/?page_id=8586","og_site_name":"Feiasofi","article_modified_time":"2025-05-12T14:51:33+00:00","og_image":[{"width":96,"height":60,"url":"https:\/\/feiasofi.net\/wp-content\/uploads\/2025\/05\/flag_guatemala.gif","type":"image\/gif"}],"twitter_card":"summary_large_image","twitter_misc":{"Tiempo de lectura":"2 minutos"},"schema":{"@context":"https:\/\/schema.org","@graph":[{"@type":"WebPage","@id":"https:\/\/feiasofi.net\/?page_id=8586","url":"https:\/\/feiasofi.net\/?page_id=8586","name":"Asociaci\u00f3n Guatemalteca de F\u00edsica - Feiasofi","isPartOf":{"@id":"https:\/\/feiasofi.net\/#website"},"primaryImageOfPage":{"@id":"https:\/\/feiasofi.net\/?page_id=8586#primaryimage"},"image":{"@id":"https:\/\/feiasofi.net\/?page_id=8586#primaryimage"},"thumbnailUrl":"https:\/\/feiasofi.net\/wp-content\/uploads\/2025\/05\/flag_guatemala.gif","datePublished":"2025-05-09T11:40:26+00:00","dateModified":"2025-05-12T14:51:33+00:00","breadcrumb":{"@id":"https:\/\/feiasofi.net\/?page_id=8586#breadcrumb"},"inLanguage":"es","potentialAction":[{"@type":"ReadAction","target":["https:\/\/feiasofi.net\/?page_id=8586"]}]},{"@type":"ImageObject","inLanguage":"es","@id":"https:\/\/feiasofi.net\/?page_id=8586#primaryimage","url":"https:\/\/feiasofi.net\/wp-content\/uploads\/2025\/05\/flag_guatemala.gif","contentUrl":"https:\/\/feiasofi.net\/wp-content\/uploads\/2025\/05\/flag_guatemala.gif","width":96,"height":60},{"@type":"BreadcrumbList","@id":"https:\/\/feiasofi.net\/?page_id=8586#breadcrumb","itemListElement":[{"@type":"ListItem","position":1,"name":"Portada","item":"https:\/\/feiasofi.net\/"},{"@type":"ListItem","position":2,"name":"Asociaci\u00f3n Guatemalteca de F\u00edsica"}]},{"@type":"WebSite","@id":"https:\/\/feiasofi.net\/#website","url":"https:\/\/feiasofi.net\/","name":"Feiasofi","description":"","potentialAction":[{"@type":"SearchAction","target":{"@type":"EntryPoint","urlTemplate":"https:\/\/feiasofi.net\/?s={search_term_string}"},"query-input":{"@type":"PropertyValueSpecification","valueRequired":true,"valueName":"search_term_string"}}],"inLanguage":"es"}]}},"_links":{"self":[{"href":"https:\/\/feiasofi.net\/index.php?rest_route=\/wp\/v2\/pages\/8586","targetHints":{"allow":["GET"]}}],"collection":[{"href":"https:\/\/feiasofi.net\/index.php?rest_route=\/wp\/v2\/pages"}],"about":[{"href":"https:\/\/feiasofi.net\/index.php?rest_route=\/wp\/v2\/types\/page"}],"author":[{"embeddable":true,"href":"https:\/\/feiasofi.net\/index.php?rest_route=\/wp\/v2\/users\/1"}],"replies":[{"embeddable":true,"href":"https:\/\/feiasofi.net\/index.php?rest_route=%2Fwp%2Fv2%2Fcomments&post=8586"}],"version-history":[{"count":7,"href":"https:\/\/feiasofi.net\/index.php?rest_route=\/wp\/v2\/pages\/8586\/revisions"}],"predecessor-version":[{"id":8722,"href":"https:\/\/feiasofi.net\/index.php?rest_route=\/wp\/v2\/pages\/8586\/revisions\/8722"}],"wp:attachment":[{"href":"https:\/\/feiasofi.net\/index.php?rest_route=%2Fwp%2Fv2%2Fmedia&parent=8586"}],"curies":[{"name":"wp","href":"https:\/\/api.w.org\/{rel}","templated":true}]}}