{"id":8593,"date":"2025-05-09T11:45:10","date_gmt":"2025-05-09T11:45:10","guid":{"rendered":"https:\/\/feiasofi.net\/?page_id=8593"},"modified":"2025-11-26T16:16:42","modified_gmt":"2025-11-26T16:16:42","slug":"sociedad-hondurena-de-fisica","status":"publish","type":"page","link":"https:\/\/feiasofi.net\/?page_id=8593","title":{"rendered":"Sociedad Hondure\u00f1a de F\u00edsica"},"content":{"rendered":"\t\t<div data-elementor-type=\"wp-page\" data-elementor-id=\"8593\" class=\"elementor elementor-8593\">\n\t\t\t\t<div class=\"elementor-element elementor-element-2038877 e-flex e-con-boxed e-con e-parent\" data-id=\"2038877\" data-element_type=\"container\" data-e-type=\"container\">\n\t\t\t\t\t<div class=\"e-con-inner\">\n\t\t\t\t<div class=\"elementor-element elementor-element-319ffa6 elementor-widget elementor-widget-heading\" data-id=\"319ffa6\" data-element_type=\"widget\" data-e-type=\"widget\" data-widget_type=\"heading.default\">\n\t\t\t\t<div class=\"elementor-widget-container\">\n\t\t\t\t\t<h2 class=\"elementor-heading-title elementor-size-default\">Sociedad Hondure\u00f1a de F\u00edsica<\/h2>\t\t\t\t<\/div>\n\t\t\t\t<\/div>\n\t\t\t\t\t<\/div>\n\t\t\t\t<\/div>\n\t\t<div class=\"elementor-element elementor-element-90b64f0 e-flex e-con-boxed e-con e-parent\" data-id=\"90b64f0\" data-element_type=\"container\" data-e-type=\"container\">\n\t\t\t\t\t<div class=\"e-con-inner\">\n\t\t<div class=\"elementor-element elementor-element-eb3a529 e-con-full e-flex e-con e-child\" data-id=\"eb3a529\" data-element_type=\"container\" data-e-type=\"container\">\n\t\t\t\t<div class=\"elementor-element elementor-element-3f1a7a5 elementor-widget elementor-widget-image\" data-id=\"3f1a7a5\" data-element_type=\"widget\" data-e-type=\"widget\" data-widget_type=\"image.default\">\n\t\t\t\t<div class=\"elementor-widget-container\">\n\t\t\t\t\t\t\t\t\t\t\t\t\t\t\t<img decoding=\"async\" width=\"90\" height=\"60\" src=\"https:\/\/feiasofi.net\/wp-content\/uploads\/2025\/05\/flag_honduras.gif\" class=\"attachment-large size-large wp-image-8595\" alt=\"\" \/>\t\t\t\t\t\t\t\t\t\t\t\t\t\t\t<\/div>\n\t\t\t\t<\/div>\n\t\t\t\t<\/div>\n\t\t<div class=\"elementor-element elementor-element-fb2efd0 e-con-full e-flex e-con e-child\" data-id=\"fb2efd0\" data-element_type=\"container\" data-e-type=\"container\">\n\t\t\t\t<div class=\"elementor-element elementor-element-0432c7c elementor-widget elementor-widget-text-editor\" data-id=\"0432c7c\" data-element_type=\"widget\" data-e-type=\"widget\" data-widget_type=\"text-editor.default\">\n\t\t\t\t<div class=\"elementor-widget-container\">\n\t\t\t\t\t\t\t\t\t<p><strong>Presidente<\/strong>: Nabil Kawas<br \/><strong>email<\/strong>:\u00a0<span class=\"gI\"><span class=\"qu\" tabindex=\"-1\"><span class=\"go\"><span id=\"cloakf58996e274d85ddd015e0430479ba0c1\"><a href=\"mailto:nkawask@gmail.com\">nkawask at gmail dot com<\/a><\/span><\/span><\/span><\/span><br \/><strong>Web<\/strong>: en preparaci\u00f3n<\/p><p><em style=\"color: #dd0055; font-family: 'Archivo Narrow'; font-size: 14px;\"><strong style=\"font-weight: bold;\"><a style=\"color: #1abc9c; background-image: initial; background-position: initial; background-size: initial; background-repeat: initial; background-attachment: initial; background-origin: initial; background-clip: initial; cursor: pointer;\" href=\"https:\/\/www.feiasofi.net\/images\/PDF\/poster_sociedad_hondure%C3%B1a__de_fisica.pdf\">Poster de la Sociedad Hondure\u00f1a de F\u00edsica (Reuni\u00f3n de La Habana, 2018)<\/a><\/strong><\/em><\/p>\t\t\t\t\t\t\t\t<\/div>\n\t\t\t\t<\/div>\n\t\t\t\t<\/div>\n\t\t\t\t\t<\/div>\n\t\t\t\t<\/div>\n\t\t\t\t<\/div>\n\t\t","protected":false},"excerpt":{"rendered":"<p>Sociedad Hondure\u00f1a de F\u00edsica Presidente: Nabil Kawasemail:\u00a0nkawask at gmail dot comWeb: en preparaci\u00f3n Poster de la Sociedad Hondure\u00f1a de F\u00edsica (Reuni\u00f3n de La Habana, 2018)<\/p>\n","protected":false},"author":1,"featured_media":0,"parent":0,"menu_order":0,"comment_status":"closed","ping_status":"closed","template":"elementor_header_footer","meta":{"footnotes":""},"class_list":["post-8593","page","type-page","status-publish","hentry"],"yoast_head":"<!-- This site is optimized with the Yoast SEO plugin v27.1.1 - https:\/\/yoast.com\/product\/yoast-seo-wordpress\/ -->\n<title>Sociedad Hondure\u00f1a de F\u00edsica - Feiasofi<\/title>\n<meta name=\"robots\" content=\"index, follow, max-snippet:-1, max-image-preview:large, max-video-preview:-1\" \/>\n<link rel=\"canonical\" href=\"https:\/\/feiasofi.net\/?page_id=8593\" \/>\n<meta property=\"og:locale\" content=\"es_ES\" \/>\n<meta property=\"og:type\" content=\"article\" \/>\n<meta property=\"og:title\" content=\"Sociedad Hondure\u00f1a de F\u00edsica - Feiasofi\" \/>\n<meta property=\"og:description\" content=\"Sociedad Hondure\u00f1a de F\u00edsica Presidente: Nabil Kawasemail:\u00a0nkawask at gmail dot comWeb: en preparaci\u00f3n Poster de la Sociedad Hondure\u00f1a de F\u00edsica (Reuni\u00f3n de La Habana, 2018)\" \/>\n<meta property=\"og:url\" content=\"https:\/\/feiasofi.net\/?page_id=8593\" \/>\n<meta property=\"og:site_name\" content=\"Feiasofi\" \/>\n<meta property=\"article:modified_time\" content=\"2025-11-26T16:16:42+00:00\" \/>\n<meta property=\"og:image\" content=\"https:\/\/feiasofi.net\/wp-content\/uploads\/2025\/05\/flag_honduras.gif\" \/>\n\t<meta property=\"og:image:width\" content=\"90\" \/>\n\t<meta property=\"og:image:height\" content=\"60\" \/>\n\t<meta property=\"og:image:type\" content=\"image\/gif\" \/>\n<meta name=\"twitter:card\" content=\"summary_large_image\" \/>\n<meta name=\"twitter:label1\" content=\"Tiempo de lectura\" \/>\n\t<meta name=\"twitter:data1\" content=\"1 minuto\" \/>\n<script type=\"application\/ld+json\" class=\"yoast-schema-graph\">{\"@context\":\"https:\/\/schema.org\",\"@graph\":[{\"@type\":\"WebPage\",\"@id\":\"https:\/\/feiasofi.net\/?page_id=8593\",\"url\":\"https:\/\/feiasofi.net\/?page_id=8593\",\"name\":\"Sociedad Hondure\u00f1a de F\u00edsica - Feiasofi\",\"isPartOf\":{\"@id\":\"https:\/\/feiasofi.net\/#website\"},\"primaryImageOfPage\":{\"@id\":\"https:\/\/feiasofi.net\/?page_id=8593#primaryimage\"},\"image\":{\"@id\":\"https:\/\/feiasofi.net\/?page_id=8593#primaryimage\"},\"thumbnailUrl\":\"https:\/\/feiasofi.net\/wp-content\/uploads\/2025\/05\/flag_honduras.gif\",\"datePublished\":\"2025-05-09T11:45:10+00:00\",\"dateModified\":\"2025-11-26T16:16:42+00:00\",\"breadcrumb\":{\"@id\":\"https:\/\/feiasofi.net\/?page_id=8593#breadcrumb\"},\"inLanguage\":\"es\",\"potentialAction\":[{\"@type\":\"ReadAction\",\"target\":[\"https:\/\/feiasofi.net\/?page_id=8593\"]}]},{\"@type\":\"ImageObject\",\"inLanguage\":\"es\",\"@id\":\"https:\/\/feiasofi.net\/?page_id=8593#primaryimage\",\"url\":\"https:\/\/feiasofi.net\/wp-content\/uploads\/2025\/05\/flag_honduras.gif\",\"contentUrl\":\"https:\/\/feiasofi.net\/wp-content\/uploads\/2025\/05\/flag_honduras.gif\",\"width\":90,\"height\":60},{\"@type\":\"BreadcrumbList\",\"@id\":\"https:\/\/feiasofi.net\/?page_id=8593#breadcrumb\",\"itemListElement\":[{\"@type\":\"ListItem\",\"position\":1,\"name\":\"Portada\",\"item\":\"https:\/\/feiasofi.net\/\"},{\"@type\":\"ListItem\",\"position\":2,\"name\":\"Sociedad Hondure\u00f1a de F\u00edsica\"}]},{\"@type\":\"WebSite\",\"@id\":\"https:\/\/feiasofi.net\/#website\",\"url\":\"https:\/\/feiasofi.net\/\",\"name\":\"Feiasofi\",\"description\":\"\",\"potentialAction\":[{\"@type\":\"SearchAction\",\"target\":{\"@type\":\"EntryPoint\",\"urlTemplate\":\"https:\/\/feiasofi.net\/?s={search_term_string}\"},\"query-input\":{\"@type\":\"PropertyValueSpecification\",\"valueRequired\":true,\"valueName\":\"search_term_string\"}}],\"inLanguage\":\"es\"}]}<\/script>\n<!-- \/ Yoast SEO plugin. -->","yoast_head_json":{"title":"Sociedad Hondure\u00f1a de F\u00edsica - Feiasofi","robots":{"index":"index","follow":"follow","max-snippet":"max-snippet:-1","max-image-preview":"max-image-preview:large","max-video-preview":"max-video-preview:-1"},"canonical":"https:\/\/feiasofi.net\/?page_id=8593","og_locale":"es_ES","og_type":"article","og_title":"Sociedad Hondure\u00f1a de F\u00edsica - Feiasofi","og_description":"Sociedad Hondure\u00f1a de F\u00edsica Presidente: Nabil Kawasemail:\u00a0nkawask at gmail dot comWeb: en preparaci\u00f3n Poster de la Sociedad Hondure\u00f1a de F\u00edsica (Reuni\u00f3n de La Habana, 2018)","og_url":"https:\/\/feiasofi.net\/?page_id=8593","og_site_name":"Feiasofi","article_modified_time":"2025-11-26T16:16:42+00:00","og_image":[{"width":90,"height":60,"url":"https:\/\/feiasofi.net\/wp-content\/uploads\/2025\/05\/flag_honduras.gif","type":"image\/gif"}],"twitter_card":"summary_large_image","twitter_misc":{"Tiempo de lectura":"1 minuto"},"schema":{"@context":"https:\/\/schema.org","@graph":[{"@type":"WebPage","@id":"https:\/\/feiasofi.net\/?page_id=8593","url":"https:\/\/feiasofi.net\/?page_id=8593","name":"Sociedad Hondure\u00f1a de F\u00edsica - Feiasofi","isPartOf":{"@id":"https:\/\/feiasofi.net\/#website"},"primaryImageOfPage":{"@id":"https:\/\/feiasofi.net\/?page_id=8593#primaryimage"},"image":{"@id":"https:\/\/feiasofi.net\/?page_id=8593#primaryimage"},"thumbnailUrl":"https:\/\/feiasofi.net\/wp-content\/uploads\/2025\/05\/flag_honduras.gif","datePublished":"2025-05-09T11:45:10+00:00","dateModified":"2025-11-26T16:16:42+00:00","breadcrumb":{"@id":"https:\/\/feiasofi.net\/?page_id=8593#breadcrumb"},"inLanguage":"es","potentialAction":[{"@type":"ReadAction","target":["https:\/\/feiasofi.net\/?page_id=8593"]}]},{"@type":"ImageObject","inLanguage":"es","@id":"https:\/\/feiasofi.net\/?page_id=8593#primaryimage","url":"https:\/\/feiasofi.net\/wp-content\/uploads\/2025\/05\/flag_honduras.gif","contentUrl":"https:\/\/feiasofi.net\/wp-content\/uploads\/2025\/05\/flag_honduras.gif","width":90,"height":60},{"@type":"BreadcrumbList","@id":"https:\/\/feiasofi.net\/?page_id=8593#breadcrumb","itemListElement":[{"@type":"ListItem","position":1,"name":"Portada","item":"https:\/\/feiasofi.net\/"},{"@type":"ListItem","position":2,"name":"Sociedad Hondure\u00f1a de F\u00edsica"}]},{"@type":"WebSite","@id":"https:\/\/feiasofi.net\/#website","url":"https:\/\/feiasofi.net\/","name":"Feiasofi","description":"","potentialAction":[{"@type":"SearchAction","target":{"@type":"EntryPoint","urlTemplate":"https:\/\/feiasofi.net\/?s={search_term_string}"},"query-input":{"@type":"PropertyValueSpecification","valueRequired":true,"valueName":"search_term_string"}}],"inLanguage":"es"}]}},"_links":{"self":[{"href":"https:\/\/feiasofi.net\/index.php?rest_route=\/wp\/v2\/pages\/8593","targetHints":{"allow":["GET"]}}],"collection":[{"href":"https:\/\/feiasofi.net\/index.php?rest_route=\/wp\/v2\/pages"}],"about":[{"href":"https:\/\/feiasofi.net\/index.php?rest_route=\/wp\/v2\/types\/page"}],"author":[{"embeddable":true,"href":"https:\/\/feiasofi.net\/index.php?rest_route=\/wp\/v2\/users\/1"}],"replies":[{"embeddable":true,"href":"https:\/\/feiasofi.net\/index.php?rest_route=%2Fwp%2Fv2%2Fcomments&post=8593"}],"version-history":[{"count":10,"href":"https:\/\/feiasofi.net\/index.php?rest_route=\/wp\/v2\/pages\/8593\/revisions"}],"predecessor-version":[{"id":9102,"href":"https:\/\/feiasofi.net\/index.php?rest_route=\/wp\/v2\/pages\/8593\/revisions\/9102"}],"wp:attachment":[{"href":"https:\/\/feiasofi.net\/index.php?rest_route=%2Fwp%2Fv2%2Fmedia&parent=8593"}],"curies":[{"name":"wp","href":"https:\/\/api.w.org\/{rel}","templated":true}]}}