{"id":8618,"date":"2025-05-12T13:21:27","date_gmt":"2025-05-12T13:21:27","guid":{"rendered":"https:\/\/feiasofi.net\/?page_id=8618"},"modified":"2025-11-26T16:17:48","modified_gmt":"2025-11-26T16:17:48","slug":"asociacion-de-fisicos-nicaraguenses","status":"publish","type":"page","link":"https:\/\/feiasofi.net\/?page_id=8618","title":{"rendered":"Asociaci\u00f3n de F\u00edsicos Nicarag\u00fcenses"},"content":{"rendered":"\t\t<div data-elementor-type=\"wp-page\" data-elementor-id=\"8618\" class=\"elementor elementor-8618\">\n\t\t\t\t<div class=\"elementor-element elementor-element-d586681 e-flex e-con-boxed e-con e-parent\" data-id=\"d586681\" data-element_type=\"container\" data-e-type=\"container\">\n\t\t\t\t\t<div class=\"e-con-inner\">\n\t\t\t\t<div class=\"elementor-element elementor-element-8857c15 elementor-widget elementor-widget-heading\" data-id=\"8857c15\" data-element_type=\"widget\" data-e-type=\"widget\" data-widget_type=\"heading.default\">\n\t\t\t\t<div class=\"elementor-widget-container\">\n\t\t\t\t\t<h2 class=\"elementor-heading-title elementor-size-default\">Asociaci\u00f3n de F\u00edsicos Nicarag\u00fcenses<\/h2>\t\t\t\t<\/div>\n\t\t\t\t<\/div>\n\t\t\t\t\t<\/div>\n\t\t\t\t<\/div>\n\t\t<div class=\"elementor-element elementor-element-a8e333e e-flex e-con-boxed e-con e-parent\" data-id=\"a8e333e\" data-element_type=\"container\" data-e-type=\"container\">\n\t\t\t\t\t<div class=\"e-con-inner\">\n\t\t<div class=\"elementor-element elementor-element-439ce6c e-con-full e-flex e-con e-child\" data-id=\"439ce6c\" data-element_type=\"container\" data-e-type=\"container\">\n\t\t\t\t<div class=\"elementor-element elementor-element-da0fe61 elementor-widget elementor-widget-image\" data-id=\"da0fe61\" data-element_type=\"widget\" data-e-type=\"widget\" data-widget_type=\"image.default\">\n\t\t\t\t<div class=\"elementor-widget-container\">\n\t\t\t\t\t\t\t\t\t\t\t\t\t\t\t<img decoding=\"async\" width=\"90\" height=\"60\" src=\"https:\/\/feiasofi.net\/wp-content\/uploads\/2025\/05\/flag_nicaragua.gif\" class=\"attachment-large size-large wp-image-8623\" alt=\"\" \/>\t\t\t\t\t\t\t\t\t\t\t\t\t\t\t<\/div>\n\t\t\t\t<\/div>\n\t\t\t\t<\/div>\n\t\t<div class=\"elementor-element elementor-element-91b46cf e-con-full e-flex e-con e-child\" data-id=\"91b46cf\" data-element_type=\"container\" data-e-type=\"container\">\n\t\t\t\t<div class=\"elementor-element elementor-element-cc3c74b elementor-widget elementor-widget-text-editor\" data-id=\"cc3c74b\" data-element_type=\"widget\" data-e-type=\"widget\" data-widget_type=\"text-editor.default\">\n\t\t\t\t<div class=\"elementor-widget-container\">\n\t\t\t\t\t\t\t\t\t<p><strong>Representante provisional<\/strong>: Byron Ram\u00f3n Gonz\u00e1lez Montenegro<br \/>Facultad de Ciencias e Ingenier\u00edas<br \/>Universidad Nacional Aut\u00f3noma de Nicaragua<br \/><strong>Email<\/strong>:\u00a0<span id=\"cloak15393213f8cd84a1a9fd9209a921ddf8\"><\/span><a href=\"mailto:bygomon2000@yahoo.com\">bygomon2000 at yahoo dot com<\/a><\/p>\t\t\t\t\t\t\t\t<\/div>\n\t\t\t\t<\/div>\n\t\t\t\t<\/div>\n\t\t\t\t\t<\/div>\n\t\t\t\t<\/div>\n\t\t<div class=\"elementor-element elementor-element-c1eabcc e-flex e-con-boxed e-con e-parent\" data-id=\"c1eabcc\" data-element_type=\"container\" data-e-type=\"container\">\n\t\t\t\t\t<div class=\"e-con-inner\">\n\t\t\t\t<div class=\"elementor-element elementor-element-0b1379c elementor-widget elementor-widget-text-editor\" data-id=\"0b1379c\" data-element_type=\"widget\" data-e-type=\"widget\" data-widget_type=\"text-editor.default\">\n\t\t\t\t<div class=\"elementor-widget-container\">\n\t\t\t\t\t\t\t\t\t<p><strong>Representante alterna:<\/strong>\u00a0Alina Mar\u00eda Ort\u00edz<br \/>Facultad de Ciencias e Ingenier\u00edas<br \/>Universidad Nacional Aut\u00f3noma de Nicaragua<br \/><strong>Email:<\/strong>\u00a0<span id=\"cloak6240c0516bc65e0cb8271ee44bd00e84\"><a href=\"mailto:alifisica@yahoo.com\">alifisica at yahoo dot com<\/a><\/span><a href=\"mailto:alifisica@yahoo.com\" target=\"_blank\" rel=\"noopener\"><br \/><\/a><strong>Direcci\u00f3n<\/strong>: Rotonda Universitaria Rigoberto L\u00f3pez P\u00e9rez, 150 Metros al Este. C\u00f3digo postal: 663<br \/><strong>Tel\u00e9fonos<\/strong>: 505 2278 6764 | 505 2278 6769 Extensi\u00f3n: 5175<\/p><p>\u00a0<\/p><p>La Asociciaci\u00f3n de F\u00edsicos Nicarag\u00fcenses se encuentra en proceso de refundaci\u00f3n.<\/p><p align=\"&quot;left&quot;\"><strong>Objetivos generales:<\/strong><\/p><ul><li><div align=\"&quot;left&quot;\">a) Velar por los Intereses Propios de los asociados en concordancia con los intereses generales de la Sociedad Nicarag\u00fcense<\/div><\/li><li><div align=\"&quot;left&quot;\">b) Organizar a los Profesionales de la F\u00edsica para contribuir al desarrollo del proceso Cient\u00edfico y T\u00e9cnico del pa\u00eds.<\/div><\/li><li><div align=\"&quot;left&quot;\">c) Recomendar acciones concretas, consecuentes y viables con la situaci\u00f3n del pa\u00eds, que conduzcan a la soluci\u00f3n de problemas nacionales vinculados a la F\u00edsica.<\/div><\/li><li><div align=\"&quot;left&quot;\">d) Contribuir a que el ejercicio profesional adquiera un car\u00e1cter de funci\u00f3n social.<\/div><\/li><\/ul><p align=\"&quot;left&quot;\"><strong>Objetivos particulares:<\/strong><\/p><ul><li><div align=\"&quot;left&quot;\">a) Impulsar el mejoramiento Acad\u00e9mico y la Superaci\u00f3n Profesional de sus Asociados.<\/div><\/li><li><div align=\"&quot;left&quot;\">b) Favorecer el acercamiento e intercambio de experiencias entre los miembros de la entidad en los \u00e1mbitos profesional y social.<\/div><\/li><li><div align=\"&quot;left&quot;\">c) Defender y proteger, tanto el prestigio de la entidad, como el ejercicio de la profesi\u00f3n.<\/div><\/li><li><div align=\"&quot;left&quot;\">d) Promover y fortalecer relaciones con otras agrupaciones an\u00e1logas nacionales y\/o extranjeras.<\/div><\/li><li><div align=\"&quot;left&quot;\">e) Promover el mejoramiento de la ense\u00f1anza de la F\u00edsica en todos sus niveles.<\/div><\/li><\/ul><p align=\"&quot;left&quot;\"><strong>L\u00edneas de acci\u00f3n:<\/strong><\/p><p align=\"&quot;left&quot;\">En congruencia con los objetivos generales y particulares, la asociaci\u00f3n desarrollar\u00e1 las siguientes acciones:<\/p><ul><li><div align=\"&quot;left&quot;\">a) Brindar colaboraci\u00f3n para que el componente de F\u00edsica de los curr\u00edcula de secundaria del pa\u00eds sean consecuentes en su contenido cient\u00edfico-t\u00e9cnico con la realidad nacional.<\/div><\/li><li><div align=\"&quot;left&quot;\">b) Promover, organizar y participar en eventos nacionales e internacionales que est\u00e9n relacionados con la F\u00edsica y\/o su ense\u00f1anza.<\/div><\/li><li><div align=\"&quot;left&quot;\">c) Integrar comisiones de trabajo con miembros de la asociaci\u00f3n para contribuir al an\u00e1lisis y discusi\u00f3n de temas nacionales en el campo did\u00e1ctico, cient\u00edfico y tecnol\u00f3gico.<\/div><\/li><li><div align=\"&quot;left&quot;\">d) Patrocinar, organizar y liderar el montaje de congresos, seminarios simposia y otros eventos similares en \u00e1reas espec\u00edficas de la F\u00edsica.<\/div><\/li><li><div align=\"&quot;left&quot;\">e) Editar una revista o bolet\u00edn que sirva como \u00f3rgano de informaci\u00f3n de la entidad.<\/div><\/li><li><div align=\"&quot;left&quot;\">f) Pronunciarse, despu\u00e9s de un adecuado estudio, sobre problemas de inter\u00e9s nacional, cuando las circunstancias lo requieran.<\/div><\/li><li><div align=\"&quot;left&quot;\">g) Prestar asesoramiento cient\u00edfico-t\u00e9cnico a entidades nacionales e internacionales que lo soliciten.<\/div><\/li><li><div align=\"&quot;left&quot;\">h) Gestionar ante el sector p\u00fablico y privado el otorgamiento de becas que favorezcan a los miembros de la asociaci\u00f3n, d\u00e1ndoles la oportunidad de superar sus conocimientos y experiencias.<\/div><\/li><li><div align=\"&quot;left&quot;\">i) Promover la creaci\u00f3n de un centro de documentaci\u00f3n especializado en las diversas \u00e1reas de la f\u00edsica.<\/div><\/li><\/ul>\t\t\t\t\t\t\t\t<\/div>\n\t\t\t\t<\/div>\n\t\t\t\t\t<\/div>\n\t\t\t\t<\/div>\n\t\t\t\t<\/div>\n\t\t","protected":false},"excerpt":{"rendered":"<p>Asociaci\u00f3n de F\u00edsicos Nicarag\u00fcenses Representante provisional: Byron Ram\u00f3n Gonz\u00e1lez MontenegroFacultad de Ciencias e Ingenier\u00edasUniversidad Nacional Aut\u00f3noma de NicaraguaEmail:\u00a0bygomon2000 at yahoo dot com Representante alterna:\u00a0Alina Mar\u00eda Ort\u00edzFacultad de Ciencias e Ingenier\u00edasUniversidad Nacional Aut\u00f3noma de NicaraguaEmail:\u00a0alifisica at yahoo dot comDirecci\u00f3n: Rotonda Universitaria Rigoberto L\u00f3pez P\u00e9rez, 150 Metros al Este. C\u00f3digo postal: 663Tel\u00e9fonos: 505 2278 6764 | 505 [&hellip;]<\/p>\n","protected":false},"author":1,"featured_media":0,"parent":0,"menu_order":0,"comment_status":"closed","ping_status":"closed","template":"elementor_header_footer","meta":{"footnotes":""},"class_list":["post-8618","page","type-page","status-publish","hentry"],"yoast_head":"<!-- This site is optimized with the Yoast SEO plugin v27.1.1 - https:\/\/yoast.com\/product\/yoast-seo-wordpress\/ -->\n<title>Asociaci\u00f3n de F\u00edsicos Nicarag\u00fcenses - Feiasofi<\/title>\n<meta name=\"robots\" content=\"index, follow, max-snippet:-1, max-image-preview:large, max-video-preview:-1\" \/>\n<link rel=\"canonical\" href=\"https:\/\/feiasofi.net\/?page_id=8618\" \/>\n<meta property=\"og:locale\" content=\"es_ES\" \/>\n<meta property=\"og:type\" content=\"article\" \/>\n<meta property=\"og:title\" content=\"Asociaci\u00f3n de F\u00edsicos Nicarag\u00fcenses - Feiasofi\" \/>\n<meta property=\"og:description\" content=\"Asociaci\u00f3n de F\u00edsicos Nicarag\u00fcenses Representante provisional: Byron Ram\u00f3n Gonz\u00e1lez MontenegroFacultad de Ciencias e Ingenier\u00edasUniversidad Nacional Aut\u00f3noma de NicaraguaEmail:\u00a0bygomon2000 at yahoo dot com Representante alterna:\u00a0Alina Mar\u00eda Ort\u00edzFacultad de Ciencias e Ingenier\u00edasUniversidad Nacional Aut\u00f3noma de NicaraguaEmail:\u00a0alifisica at yahoo dot comDirecci\u00f3n: Rotonda Universitaria Rigoberto L\u00f3pez P\u00e9rez, 150 Metros al Este. C\u00f3digo postal: 663Tel\u00e9fonos: 505 2278 6764 | 505 [&hellip;]\" \/>\n<meta property=\"og:url\" content=\"https:\/\/feiasofi.net\/?page_id=8618\" \/>\n<meta property=\"og:site_name\" content=\"Feiasofi\" \/>\n<meta property=\"article:modified_time\" content=\"2025-11-26T16:17:48+00:00\" \/>\n<meta property=\"og:image\" content=\"https:\/\/feiasofi.net\/wp-content\/uploads\/2025\/05\/flag_nicaragua.gif\" \/>\n\t<meta property=\"og:image:width\" content=\"90\" \/>\n\t<meta property=\"og:image:height\" content=\"60\" \/>\n\t<meta property=\"og:image:type\" content=\"image\/gif\" \/>\n<meta name=\"twitter:card\" content=\"summary_large_image\" \/>\n<meta name=\"twitter:label1\" content=\"Tiempo de lectura\" \/>\n\t<meta name=\"twitter:data1\" content=\"3 minutos\" \/>\n<script type=\"application\/ld+json\" class=\"yoast-schema-graph\">{\"@context\":\"https:\/\/schema.org\",\"@graph\":[{\"@type\":\"WebPage\",\"@id\":\"https:\/\/feiasofi.net\/?page_id=8618\",\"url\":\"https:\/\/feiasofi.net\/?page_id=8618\",\"name\":\"Asociaci\u00f3n de F\u00edsicos Nicarag\u00fcenses - Feiasofi\",\"isPartOf\":{\"@id\":\"https:\/\/feiasofi.net\/#website\"},\"primaryImageOfPage\":{\"@id\":\"https:\/\/feiasofi.net\/?page_id=8618#primaryimage\"},\"image\":{\"@id\":\"https:\/\/feiasofi.net\/?page_id=8618#primaryimage\"},\"thumbnailUrl\":\"https:\/\/feiasofi.net\/wp-content\/uploads\/2025\/05\/flag_nicaragua.gif\",\"datePublished\":\"2025-05-12T13:21:27+00:00\",\"dateModified\":\"2025-11-26T16:17:48+00:00\",\"breadcrumb\":{\"@id\":\"https:\/\/feiasofi.net\/?page_id=8618#breadcrumb\"},\"inLanguage\":\"es\",\"potentialAction\":[{\"@type\":\"ReadAction\",\"target\":[\"https:\/\/feiasofi.net\/?page_id=8618\"]}]},{\"@type\":\"ImageObject\",\"inLanguage\":\"es\",\"@id\":\"https:\/\/feiasofi.net\/?page_id=8618#primaryimage\",\"url\":\"https:\/\/feiasofi.net\/wp-content\/uploads\/2025\/05\/flag_nicaragua.gif\",\"contentUrl\":\"https:\/\/feiasofi.net\/wp-content\/uploads\/2025\/05\/flag_nicaragua.gif\",\"width\":90,\"height\":60},{\"@type\":\"BreadcrumbList\",\"@id\":\"https:\/\/feiasofi.net\/?page_id=8618#breadcrumb\",\"itemListElement\":[{\"@type\":\"ListItem\",\"position\":1,\"name\":\"Portada\",\"item\":\"https:\/\/feiasofi.net\/\"},{\"@type\":\"ListItem\",\"position\":2,\"name\":\"Asociaci\u00f3n de F\u00edsicos Nicarag\u00fcenses\"}]},{\"@type\":\"WebSite\",\"@id\":\"https:\/\/feiasofi.net\/#website\",\"url\":\"https:\/\/feiasofi.net\/\",\"name\":\"Feiasofi\",\"description\":\"\",\"potentialAction\":[{\"@type\":\"SearchAction\",\"target\":{\"@type\":\"EntryPoint\",\"urlTemplate\":\"https:\/\/feiasofi.net\/?s={search_term_string}\"},\"query-input\":{\"@type\":\"PropertyValueSpecification\",\"valueRequired\":true,\"valueName\":\"search_term_string\"}}],\"inLanguage\":\"es\"}]}<\/script>\n<!-- \/ Yoast SEO plugin. -->","yoast_head_json":{"title":"Asociaci\u00f3n de F\u00edsicos Nicarag\u00fcenses - Feiasofi","robots":{"index":"index","follow":"follow","max-snippet":"max-snippet:-1","max-image-preview":"max-image-preview:large","max-video-preview":"max-video-preview:-1"},"canonical":"https:\/\/feiasofi.net\/?page_id=8618","og_locale":"es_ES","og_type":"article","og_title":"Asociaci\u00f3n de F\u00edsicos Nicarag\u00fcenses - Feiasofi","og_description":"Asociaci\u00f3n de F\u00edsicos Nicarag\u00fcenses Representante provisional: Byron Ram\u00f3n Gonz\u00e1lez MontenegroFacultad de Ciencias e Ingenier\u00edasUniversidad Nacional Aut\u00f3noma de NicaraguaEmail:\u00a0bygomon2000 at yahoo dot com Representante alterna:\u00a0Alina Mar\u00eda Ort\u00edzFacultad de Ciencias e Ingenier\u00edasUniversidad Nacional Aut\u00f3noma de NicaraguaEmail:\u00a0alifisica at yahoo dot comDirecci\u00f3n: Rotonda Universitaria Rigoberto L\u00f3pez P\u00e9rez, 150 Metros al Este. C\u00f3digo postal: 663Tel\u00e9fonos: 505 2278 6764 | 505 [&hellip;]","og_url":"https:\/\/feiasofi.net\/?page_id=8618","og_site_name":"Feiasofi","article_modified_time":"2025-11-26T16:17:48+00:00","og_image":[{"width":90,"height":60,"url":"https:\/\/feiasofi.net\/wp-content\/uploads\/2025\/05\/flag_nicaragua.gif","type":"image\/gif"}],"twitter_card":"summary_large_image","twitter_misc":{"Tiempo de lectura":"3 minutos"},"schema":{"@context":"https:\/\/schema.org","@graph":[{"@type":"WebPage","@id":"https:\/\/feiasofi.net\/?page_id=8618","url":"https:\/\/feiasofi.net\/?page_id=8618","name":"Asociaci\u00f3n de F\u00edsicos Nicarag\u00fcenses - Feiasofi","isPartOf":{"@id":"https:\/\/feiasofi.net\/#website"},"primaryImageOfPage":{"@id":"https:\/\/feiasofi.net\/?page_id=8618#primaryimage"},"image":{"@id":"https:\/\/feiasofi.net\/?page_id=8618#primaryimage"},"thumbnailUrl":"https:\/\/feiasofi.net\/wp-content\/uploads\/2025\/05\/flag_nicaragua.gif","datePublished":"2025-05-12T13:21:27+00:00","dateModified":"2025-11-26T16:17:48+00:00","breadcrumb":{"@id":"https:\/\/feiasofi.net\/?page_id=8618#breadcrumb"},"inLanguage":"es","potentialAction":[{"@type":"ReadAction","target":["https:\/\/feiasofi.net\/?page_id=8618"]}]},{"@type":"ImageObject","inLanguage":"es","@id":"https:\/\/feiasofi.net\/?page_id=8618#primaryimage","url":"https:\/\/feiasofi.net\/wp-content\/uploads\/2025\/05\/flag_nicaragua.gif","contentUrl":"https:\/\/feiasofi.net\/wp-content\/uploads\/2025\/05\/flag_nicaragua.gif","width":90,"height":60},{"@type":"BreadcrumbList","@id":"https:\/\/feiasofi.net\/?page_id=8618#breadcrumb","itemListElement":[{"@type":"ListItem","position":1,"name":"Portada","item":"https:\/\/feiasofi.net\/"},{"@type":"ListItem","position":2,"name":"Asociaci\u00f3n de F\u00edsicos Nicarag\u00fcenses"}]},{"@type":"WebSite","@id":"https:\/\/feiasofi.net\/#website","url":"https:\/\/feiasofi.net\/","name":"Feiasofi","description":"","potentialAction":[{"@type":"SearchAction","target":{"@type":"EntryPoint","urlTemplate":"https:\/\/feiasofi.net\/?s={search_term_string}"},"query-input":{"@type":"PropertyValueSpecification","valueRequired":true,"valueName":"search_term_string"}}],"inLanguage":"es"}]}},"_links":{"self":[{"href":"https:\/\/feiasofi.net\/index.php?rest_route=\/wp\/v2\/pages\/8618","targetHints":{"allow":["GET"]}}],"collection":[{"href":"https:\/\/feiasofi.net\/index.php?rest_route=\/wp\/v2\/pages"}],"about":[{"href":"https:\/\/feiasofi.net\/index.php?rest_route=\/wp\/v2\/types\/page"}],"author":[{"embeddable":true,"href":"https:\/\/feiasofi.net\/index.php?rest_route=\/wp\/v2\/users\/1"}],"replies":[{"embeddable":true,"href":"https:\/\/feiasofi.net\/index.php?rest_route=%2Fwp%2Fv2%2Fcomments&post=8618"}],"version-history":[{"count":10,"href":"https:\/\/feiasofi.net\/index.php?rest_route=\/wp\/v2\/pages\/8618\/revisions"}],"predecessor-version":[{"id":9108,"href":"https:\/\/feiasofi.net\/index.php?rest_route=\/wp\/v2\/pages\/8618\/revisions\/9108"}],"wp:attachment":[{"href":"https:\/\/feiasofi.net\/index.php?rest_route=%2Fwp%2Fv2%2Fmedia&parent=8618"}],"curies":[{"name":"wp","href":"https:\/\/api.w.org\/{rel}","templated":true}]}}