{"id":8641,"date":"2025-05-12T13:31:14","date_gmt":"2025-05-12T13:31:14","guid":{"rendered":"https:\/\/feiasofi.net\/?page_id=8641"},"modified":"2025-05-12T13:31:38","modified_gmt":"2025-05-12T13:31:38","slug":"sociedad-panamena-de-fisica","status":"publish","type":"page","link":"https:\/\/feiasofi.net\/?page_id=8641","title":{"rendered":"Sociedad Paname\u00f1a de F\u00edsica"},"content":{"rendered":"\t\t<div data-elementor-type=\"wp-page\" data-elementor-id=\"8641\" class=\"elementor elementor-8641\">\n\t\t\t\t<div class=\"elementor-element elementor-element-fc4e7bb e-flex e-con-boxed e-con e-parent\" data-id=\"fc4e7bb\" data-element_type=\"container\" data-e-type=\"container\">\n\t\t\t\t\t<div class=\"e-con-inner\">\n\t\t\t\t<div class=\"elementor-element elementor-element-3d44f22 elementor-widget elementor-widget-heading\" data-id=\"3d44f22\" data-element_type=\"widget\" data-e-type=\"widget\" data-widget_type=\"heading.default\">\n\t\t\t\t<div class=\"elementor-widget-container\">\n\t\t\t\t\t<h2 class=\"elementor-heading-title elementor-size-default\">Sociedad Paname\u00f1a de F\u00edsica<\/h2>\t\t\t\t<\/div>\n\t\t\t\t<\/div>\n\t\t\t\t\t<\/div>\n\t\t\t\t<\/div>\n\t\t<div class=\"elementor-element elementor-element-7b76999 e-flex e-con-boxed e-con e-parent\" data-id=\"7b76999\" data-element_type=\"container\" data-e-type=\"container\">\n\t\t\t\t\t<div class=\"e-con-inner\">\n\t\t<div class=\"elementor-element elementor-element-55472f0 e-con-full e-flex e-con e-child\" data-id=\"55472f0\" data-element_type=\"container\" data-e-type=\"container\">\n\t\t\t\t<div class=\"elementor-element elementor-element-f49363d elementor-widget elementor-widget-image\" data-id=\"f49363d\" data-element_type=\"widget\" data-e-type=\"widget\" data-widget_type=\"image.default\">\n\t\t\t\t<div class=\"elementor-widget-container\">\n\t\t\t\t\t\t\t\t\t\t\t\t\t\t\t<img decoding=\"async\" width=\"90\" height=\"60\" src=\"https:\/\/feiasofi.net\/wp-content\/uploads\/2025\/05\/flag_panama.gif\" class=\"attachment-large size-large wp-image-8643\" alt=\"\" \/>\t\t\t\t\t\t\t\t\t\t\t\t\t\t\t<\/div>\n\t\t\t\t<\/div>\n\t\t\t\t<\/div>\n\t\t<div class=\"elementor-element elementor-element-4b90d2c e-con-full e-flex e-con e-child\" data-id=\"4b90d2c\" data-element_type=\"container\" data-e-type=\"container\">\n\t\t\t\t<div class=\"elementor-element elementor-element-13f1ca0 elementor-widget elementor-widget-text-editor\" data-id=\"13f1ca0\" data-element_type=\"widget\" data-e-type=\"widget\" data-widget_type=\"text-editor.default\">\n\t\t\t\t<div class=\"elementor-widget-container\">\n\t\t\t\t\t\t\t\t\t<p><strong>Presidente<\/strong>: Dr. Ildemar Abrego<br \/><strong>Web<\/strong>:<a href=\"http:\/\/www.panamaspf.org\/\">Sociedad Paname\u00f1a de F\u00edsica<\/a><\/p>\t\t\t\t\t\t\t\t<\/div>\n\t\t\t\t<\/div>\n\t\t\t\t<\/div>\n\t\t\t\t\t<\/div>\n\t\t\t\t<\/div>\n\t\t<div class=\"elementor-element elementor-element-1ed29c0 e-flex e-con-boxed e-con e-parent\" data-id=\"1ed29c0\" data-element_type=\"container\" data-e-type=\"container\">\n\t\t\t\t\t<div class=\"e-con-inner\">\n\t\t\t\t<div class=\"elementor-element elementor-element-cd398da elementor-widget elementor-widget-text-editor\" data-id=\"cd398da\" data-element_type=\"widget\" data-e-type=\"widget\" data-widget_type=\"text-editor.default\">\n\t\t\t\t<div class=\"elementor-widget-container\">\n\t\t\t\t\t\t\t\t\t<p align=\"&quot;left&quot;\">Personalidad Jur\u00eddica: La Sociedad Paname\u00f1a de F\u00edsica (S.P.F.) es una Organizaci\u00f3n sin fines de lucro, integrada por docentes de f\u00edsica de nuestra escuela media y universitaria, lo mismo que por estudiantes de f\u00edsica y por miembros de otras \u00e1reas afines.<\/p><p align=\"&quot;left&quot;\">Fue fundada el 29 de enero de 1999, Documento 59393, Ficha C-16017, Folio: 28-12-99.<\/p><p align=\"&quot;left&quot;\">El objetivo fundamental es promover a todos los niveles, el avance de la Ciencia en general y de la F\u00edsica en particular.<\/p><p align=\"&quot;left&quot;\"><strong>Los fines de la SPF son:<\/strong><\/p><ul><li><div align=\"&quot;left&quot;\">Promover el desarrollo, fomento y divulgaci\u00f3n de la F\u00edsica en todos sus campos.<\/div><\/li><li><div align=\"&quot;left&quot;\">Promover el bienestar y el mejoramiento profesional y acad\u00e9mico de sus miembros.<\/div><\/li><li><div align=\"&quot;left&quot;\">Promover el mejoramiento de la ense\u00f1anza de la F\u00edsica en todos sus niveles.<\/div><\/li><li><div align=\"&quot;left&quot;\">Incentivar el debate acad\u00e9mico y cient\u00edfico entre sus miembros.<\/div><\/li><li><div align=\"&quot;left&quot;\">Promover la publicaci\u00f3n de trabajos de F\u00edsica de orden cient\u00edfico, tecnol\u00f3gico, pedag\u00f3gico y cultural.<\/div><\/li><li><div align=\"&quot;left&quot;\">Incentivar el intercambio con organizaciones que persigan fines similares.<\/div><\/li><\/ul><p align=\"&quot;left&quot;\">Es una Sociedad afiliada a la Federaci\u00f3n Latinoamericana de Sociedades de F\u00edsica (Fe.La.So.Fi.), a la Uni\u00f3n Iberoamericana de Sociedades de F\u00edsica y a la Sociedad Centroamericana y del Caribe de F\u00edsica (SOCECAF)<\/p><p align=\"&quot;left&quot;\"><strong>II Congreso Nacional de F\u00edsica de Panam\u00e1<\/strong><\/p><p align=\"&quot;left&quot;\">Desde el pasado 30 de Julio al 3 de Agosto de 2007 se celebr\u00f3 la 2\u00aa edici\u00f3n del CONGRESO NACIONAL DE F\u00cdSICA DE PANAM\u00c1 en el que participaron destacados miembros de la Comunidad Cient\u00edfica tanto nacional como internacional.<br \/><a title=\"&quot;II\" href=\"https:\/\/www.feiasofi.net\/%22images\/PDF\/congresopanama.pdf%22\" target=\"&quot;_blank&quot;\"><strong>Para acceder al programa completo de ponencias y participaciones haz clic aqu\u00ed.<\/strong><\/a><br \/><br \/><strong>Ponencias del Congreso de Libre Acceso<br \/><\/strong>(haz clic sobre el t\u00edtulo para descargar el archivo en formato PDF)<\/p><ul><li><div align=\"&quot;left&quot;\"><a title=\"&quot;F\u00edsica\" href=\"https:\/\/www.feiasofi.net\/%22images\/PDF\/congresopanamaFisicaeIndutria_rev5.pdf%22\" target=\"&quot;_blank&quot;\"><strong>F\u00edsica e Industria (Carlos Beitia)<\/strong><\/a>\u00a0(2.53 MB)<\/div><\/li><li><div align=\"&quot;left&quot;\"><a title=\"&quot;Metrologia\" href=\"https:\/\/www.feiasofi.net\/%22images\/PDF\/congresopanamaFisicaeIndutria_Metrologia_rev5.pdf%22\" target=\"&quot;_blank&quot;\"><strong>Metrolog\u00eda en la industria del Semiconductor a la frontera del micro y nano mundo (Carlos Beitia)<\/strong><\/a>\u00a0(3.20 MB)<\/div><\/li><\/ul>\t\t\t\t\t\t\t\t<\/div>\n\t\t\t\t<\/div>\n\t\t\t\t\t<\/div>\n\t\t\t\t<\/div>\n\t\t\t\t<\/div>\n\t\t","protected":false},"excerpt":{"rendered":"<p>Sociedad Paname\u00f1a de F\u00edsica Presidente: Dr. Ildemar AbregoWeb:Sociedad Paname\u00f1a de F\u00edsica Personalidad Jur\u00eddica: La Sociedad Paname\u00f1a de F\u00edsica (S.P.F.) es una Organizaci\u00f3n sin fines de lucro, integrada por docentes de f\u00edsica de nuestra escuela media y universitaria, lo mismo que por estudiantes de f\u00edsica y por miembros de otras \u00e1reas afines. Fue fundada el 29 [&hellip;]<\/p>\n","protected":false},"author":1,"featured_media":0,"parent":0,"menu_order":0,"comment_status":"closed","ping_status":"closed","template":"elementor_header_footer","meta":{"footnotes":""},"class_list":["post-8641","page","type-page","status-publish","hentry"],"yoast_head":"<!-- This site is optimized with the Yoast SEO plugin v27.1.1 - https:\/\/yoast.com\/product\/yoast-seo-wordpress\/ -->\n<title>Sociedad Paname\u00f1a de F\u00edsica - Feiasofi<\/title>\n<meta name=\"robots\" content=\"index, follow, max-snippet:-1, max-image-preview:large, max-video-preview:-1\" \/>\n<link rel=\"canonical\" href=\"https:\/\/feiasofi.net\/?page_id=8641\" \/>\n<meta property=\"og:locale\" content=\"es_ES\" \/>\n<meta property=\"og:type\" content=\"article\" \/>\n<meta property=\"og:title\" content=\"Sociedad Paname\u00f1a de F\u00edsica - Feiasofi\" \/>\n<meta property=\"og:description\" content=\"Sociedad Paname\u00f1a de F\u00edsica Presidente: Dr. Ildemar AbregoWeb:Sociedad Paname\u00f1a de F\u00edsica Personalidad Jur\u00eddica: La Sociedad Paname\u00f1a de F\u00edsica (S.P.F.) es una Organizaci\u00f3n sin fines de lucro, integrada por docentes de f\u00edsica de nuestra escuela media y universitaria, lo mismo que por estudiantes de f\u00edsica y por miembros de otras \u00e1reas afines. Fue fundada el 29 [&hellip;]\" \/>\n<meta property=\"og:url\" content=\"https:\/\/feiasofi.net\/?page_id=8641\" \/>\n<meta property=\"og:site_name\" content=\"Feiasofi\" \/>\n<meta property=\"article:modified_time\" content=\"2025-05-12T13:31:38+00:00\" \/>\n<meta property=\"og:image\" content=\"https:\/\/feiasofi.net\/wp-content\/uploads\/2025\/05\/flag_panama.gif\" \/>\n\t<meta property=\"og:image:width\" content=\"90\" \/>\n\t<meta property=\"og:image:height\" content=\"60\" \/>\n\t<meta property=\"og:image:type\" content=\"image\/gif\" \/>\n<meta name=\"twitter:card\" content=\"summary_large_image\" \/>\n<meta name=\"twitter:label1\" content=\"Tiempo de lectura\" \/>\n\t<meta name=\"twitter:data1\" content=\"2 minutos\" \/>\n<script type=\"application\/ld+json\" class=\"yoast-schema-graph\">{\"@context\":\"https:\/\/schema.org\",\"@graph\":[{\"@type\":\"WebPage\",\"@id\":\"https:\/\/feiasofi.net\/?page_id=8641\",\"url\":\"https:\/\/feiasofi.net\/?page_id=8641\",\"name\":\"Sociedad Paname\u00f1a de F\u00edsica - Feiasofi\",\"isPartOf\":{\"@id\":\"https:\/\/feiasofi.net\/#website\"},\"primaryImageOfPage\":{\"@id\":\"https:\/\/feiasofi.net\/?page_id=8641#primaryimage\"},\"image\":{\"@id\":\"https:\/\/feiasofi.net\/?page_id=8641#primaryimage\"},\"thumbnailUrl\":\"https:\/\/feiasofi.net\/wp-content\/uploads\/2025\/05\/flag_panama.gif\",\"datePublished\":\"2025-05-12T13:31:14+00:00\",\"dateModified\":\"2025-05-12T13:31:38+00:00\",\"breadcrumb\":{\"@id\":\"https:\/\/feiasofi.net\/?page_id=8641#breadcrumb\"},\"inLanguage\":\"es\",\"potentialAction\":[{\"@type\":\"ReadAction\",\"target\":[\"https:\/\/feiasofi.net\/?page_id=8641\"]}]},{\"@type\":\"ImageObject\",\"inLanguage\":\"es\",\"@id\":\"https:\/\/feiasofi.net\/?page_id=8641#primaryimage\",\"url\":\"https:\/\/feiasofi.net\/wp-content\/uploads\/2025\/05\/flag_panama.gif\",\"contentUrl\":\"https:\/\/feiasofi.net\/wp-content\/uploads\/2025\/05\/flag_panama.gif\",\"width\":90,\"height\":60},{\"@type\":\"BreadcrumbList\",\"@id\":\"https:\/\/feiasofi.net\/?page_id=8641#breadcrumb\",\"itemListElement\":[{\"@type\":\"ListItem\",\"position\":1,\"name\":\"Portada\",\"item\":\"https:\/\/feiasofi.net\/\"},{\"@type\":\"ListItem\",\"position\":2,\"name\":\"Sociedad Paname\u00f1a de F\u00edsica\"}]},{\"@type\":\"WebSite\",\"@id\":\"https:\/\/feiasofi.net\/#website\",\"url\":\"https:\/\/feiasofi.net\/\",\"name\":\"Feiasofi\",\"description\":\"\",\"potentialAction\":[{\"@type\":\"SearchAction\",\"target\":{\"@type\":\"EntryPoint\",\"urlTemplate\":\"https:\/\/feiasofi.net\/?s={search_term_string}\"},\"query-input\":{\"@type\":\"PropertyValueSpecification\",\"valueRequired\":true,\"valueName\":\"search_term_string\"}}],\"inLanguage\":\"es\"}]}<\/script>\n<!-- \/ Yoast SEO plugin. -->","yoast_head_json":{"title":"Sociedad Paname\u00f1a de F\u00edsica - Feiasofi","robots":{"index":"index","follow":"follow","max-snippet":"max-snippet:-1","max-image-preview":"max-image-preview:large","max-video-preview":"max-video-preview:-1"},"canonical":"https:\/\/feiasofi.net\/?page_id=8641","og_locale":"es_ES","og_type":"article","og_title":"Sociedad Paname\u00f1a de F\u00edsica - Feiasofi","og_description":"Sociedad Paname\u00f1a de F\u00edsica Presidente: Dr. Ildemar AbregoWeb:Sociedad Paname\u00f1a de F\u00edsica Personalidad Jur\u00eddica: La Sociedad Paname\u00f1a de F\u00edsica (S.P.F.) es una Organizaci\u00f3n sin fines de lucro, integrada por docentes de f\u00edsica de nuestra escuela media y universitaria, lo mismo que por estudiantes de f\u00edsica y por miembros de otras \u00e1reas afines. Fue fundada el 29 [&hellip;]","og_url":"https:\/\/feiasofi.net\/?page_id=8641","og_site_name":"Feiasofi","article_modified_time":"2025-05-12T13:31:38+00:00","og_image":[{"width":90,"height":60,"url":"https:\/\/feiasofi.net\/wp-content\/uploads\/2025\/05\/flag_panama.gif","type":"image\/gif"}],"twitter_card":"summary_large_image","twitter_misc":{"Tiempo de lectura":"2 minutos"},"schema":{"@context":"https:\/\/schema.org","@graph":[{"@type":"WebPage","@id":"https:\/\/feiasofi.net\/?page_id=8641","url":"https:\/\/feiasofi.net\/?page_id=8641","name":"Sociedad Paname\u00f1a de F\u00edsica - Feiasofi","isPartOf":{"@id":"https:\/\/feiasofi.net\/#website"},"primaryImageOfPage":{"@id":"https:\/\/feiasofi.net\/?page_id=8641#primaryimage"},"image":{"@id":"https:\/\/feiasofi.net\/?page_id=8641#primaryimage"},"thumbnailUrl":"https:\/\/feiasofi.net\/wp-content\/uploads\/2025\/05\/flag_panama.gif","datePublished":"2025-05-12T13:31:14+00:00","dateModified":"2025-05-12T13:31:38+00:00","breadcrumb":{"@id":"https:\/\/feiasofi.net\/?page_id=8641#breadcrumb"},"inLanguage":"es","potentialAction":[{"@type":"ReadAction","target":["https:\/\/feiasofi.net\/?page_id=8641"]}]},{"@type":"ImageObject","inLanguage":"es","@id":"https:\/\/feiasofi.net\/?page_id=8641#primaryimage","url":"https:\/\/feiasofi.net\/wp-content\/uploads\/2025\/05\/flag_panama.gif","contentUrl":"https:\/\/feiasofi.net\/wp-content\/uploads\/2025\/05\/flag_panama.gif","width":90,"height":60},{"@type":"BreadcrumbList","@id":"https:\/\/feiasofi.net\/?page_id=8641#breadcrumb","itemListElement":[{"@type":"ListItem","position":1,"name":"Portada","item":"https:\/\/feiasofi.net\/"},{"@type":"ListItem","position":2,"name":"Sociedad Paname\u00f1a de F\u00edsica"}]},{"@type":"WebSite","@id":"https:\/\/feiasofi.net\/#website","url":"https:\/\/feiasofi.net\/","name":"Feiasofi","description":"","potentialAction":[{"@type":"SearchAction","target":{"@type":"EntryPoint","urlTemplate":"https:\/\/feiasofi.net\/?s={search_term_string}"},"query-input":{"@type":"PropertyValueSpecification","valueRequired":true,"valueName":"search_term_string"}}],"inLanguage":"es"}]}},"_links":{"self":[{"href":"https:\/\/feiasofi.net\/index.php?rest_route=\/wp\/v2\/pages\/8641","targetHints":{"allow":["GET"]}}],"collection":[{"href":"https:\/\/feiasofi.net\/index.php?rest_route=\/wp\/v2\/pages"}],"about":[{"href":"https:\/\/feiasofi.net\/index.php?rest_route=\/wp\/v2\/types\/page"}],"author":[{"embeddable":true,"href":"https:\/\/feiasofi.net\/index.php?rest_route=\/wp\/v2\/users\/1"}],"replies":[{"embeddable":true,"href":"https:\/\/feiasofi.net\/index.php?rest_route=%2Fwp%2Fv2%2Fcomments&post=8641"}],"version-history":[{"count":7,"href":"https:\/\/feiasofi.net\/index.php?rest_route=\/wp\/v2\/pages\/8641\/revisions"}],"predecessor-version":[{"id":8651,"href":"https:\/\/feiasofi.net\/index.php?rest_route=\/wp\/v2\/pages\/8641\/revisions\/8651"}],"wp:attachment":[{"href":"https:\/\/feiasofi.net\/index.php?rest_route=%2Fwp%2Fv2%2Fmedia&parent=8641"}],"curies":[{"name":"wp","href":"https:\/\/api.w.org\/{rel}","templated":true}]}}