{"id":8648,"date":"2025-05-12T13:32:21","date_gmt":"2025-05-12T13:32:21","guid":{"rendered":"https:\/\/feiasofi.net\/?page_id=8648"},"modified":"2025-11-26T16:19:09","modified_gmt":"2025-11-26T16:19:09","slug":"sociedad-peruana-de-fisica","status":"publish","type":"page","link":"https:\/\/feiasofi.net\/?page_id=8648","title":{"rendered":"Sociedad Peruana de F\u00edsica"},"content":{"rendered":"\t\t<div data-elementor-type=\"wp-page\" data-elementor-id=\"8648\" class=\"elementor elementor-8648\">\n\t\t\t\t<div class=\"elementor-element elementor-element-5ac2c6c e-flex e-con-boxed e-con e-parent\" data-id=\"5ac2c6c\" data-element_type=\"container\" data-e-type=\"container\">\n\t\t\t\t\t<div class=\"e-con-inner\">\n\t\t\t\t<div class=\"elementor-element elementor-element-9de9344 elementor-widget elementor-widget-heading\" data-id=\"9de9344\" data-element_type=\"widget\" data-e-type=\"widget\" data-widget_type=\"heading.default\">\n\t\t\t\t<div class=\"elementor-widget-container\">\n\t\t\t\t\t<h2 class=\"elementor-heading-title elementor-size-default\">Sociedad Peruana de F\u00edsica<\/h2>\t\t\t\t<\/div>\n\t\t\t\t<\/div>\n\t\t\t\t\t<\/div>\n\t\t\t\t<\/div>\n\t\t<div class=\"elementor-element elementor-element-0c80f99 e-flex e-con-boxed e-con e-parent\" data-id=\"0c80f99\" data-element_type=\"container\" data-e-type=\"container\">\n\t\t\t\t\t<div class=\"e-con-inner\">\n\t\t<div class=\"elementor-element elementor-element-3cebed5 e-con-full e-flex e-con e-child\" data-id=\"3cebed5\" data-element_type=\"container\" data-e-type=\"container\">\n\t\t\t\t<div class=\"elementor-element elementor-element-2ab7b43 elementor-widget elementor-widget-image\" data-id=\"2ab7b43\" data-element_type=\"widget\" data-e-type=\"widget\" data-widget_type=\"image.default\">\n\t\t\t\t<div class=\"elementor-widget-container\">\n\t\t\t\t\t\t\t\t\t\t\t\t\t\t\t<img decoding=\"async\" width=\"84\" height=\"60\" src=\"https:\/\/feiasofi.net\/wp-content\/uploads\/2025\/05\/flag_peru.gif\" class=\"attachment-large size-large wp-image-8653\" alt=\"\" \/>\t\t\t\t\t\t\t\t\t\t\t\t\t\t\t<\/div>\n\t\t\t\t<\/div>\n\t\t\t\t<\/div>\n\t\t<div class=\"elementor-element elementor-element-0e098c7 e-con-full e-flex e-con e-child\" data-id=\"0e098c7\" data-element_type=\"container\" data-e-type=\"container\">\n\t\t\t\t<div class=\"elementor-element elementor-element-dd92dd5 elementor-widget elementor-widget-text-editor\" data-id=\"dd92dd5\" data-element_type=\"widget\" data-e-type=\"widget\" data-widget_type=\"text-editor.default\">\n\t\t\t\t<div class=\"elementor-widget-container\">\n\t\t\t\t\t\t\t\t\t<p><strong>Presidente<\/strong>: Carlos Landauro S\u00e1enz<br \/><strong>email<\/strong>:\u00a0<span id=\"cloak841d47b2e5d3cb54dc1217da4b4aa8c3\"><a href=\"mailto:soperfi@soperfi.org.pe\">soperfi at soperfi dot org dot pe<\/a><\/span><br \/><strong>Web<\/strong>:\u00a0<a href=\"http:\/\/www.soperfi.org\/\">SOPERFI<\/a><\/p><p><strong>Vicepresidente<\/strong>: Pablo Rivera Riofano<br \/><strong>Secretario<\/strong>: Carlos Landauro S\u00e1enz<br \/><strong>Tesorero<\/strong>: Jaime Vento Flores<br \/><strong>Sec. Promoci\u00f3n<\/strong>: C\u00e9sar Aguirre C\u00e9spedes<\/p>\t\t\t\t\t\t\t\t<\/div>\n\t\t\t\t<\/div>\n\t\t\t\t<\/div>\n\t\t\t\t\t<\/div>\n\t\t\t\t<\/div>\n\t\t<div class=\"elementor-element elementor-element-9979161 e-flex e-con-boxed e-con e-parent\" data-id=\"9979161\" data-element_type=\"container\" data-e-type=\"container\">\n\t\t\t\t\t<div class=\"e-con-inner\">\n\t\t\t\t<div class=\"elementor-element elementor-element-06e6fe9 elementor-widget elementor-widget-text-editor\" data-id=\"06e6fe9\" data-element_type=\"widget\" data-e-type=\"widget\" data-widget_type=\"text-editor.default\">\n\t\t\t\t<div class=\"elementor-widget-container\">\n\t\t\t\t\t\t\t\t\t<p>\u00a0La Sociedad Peruana de F\u00edsica -SOPERFI- fundad el 23 de marzo de 1975 es una asociaci\u00f3n que agrupa profesionales que se dedican a las ciencias f\u00edscias en sus diferentes campos de la f\u00edscia b\u00e1sica y aplicada. Es una instituci\u00f3n ajena a toda actividad pol\u00edtica y religiosa de car\u00e1cter militante.<\/p><p>La Sociedad Peruana de F\u00edsica \u2013SOPERFI- inscrita en los Registros P\u00fablicos del Per\u00fa con la ficha registral PR 01801503, es una asociaci\u00f3n que agrupa profesionales que se dedican a las Ciencias F\u00edsicas en sus diferentes campos b\u00e1sicos y aplicaciones. Es una instituci\u00f3n ajena a toda actividad pol\u00edtica y religiosa de car\u00e1cter militante. Son objetivos de la Sociedad fomentar el desarrollo de la investigaci\u00f3n cient\u00edfica en el campo de la F\u00edsica, promover el mejoramiento de la ense\u00f1anza de esa disciplina en todos los niveles, divulgar su conocimiento, procurar el reconocimiento de la profesi\u00f3n del F\u00edsico y participar en la soluci\u00f3n de los grandes problemas nacionales.<br \/>Para el logro de sus objetivos, SOPERFI se propone:<\/p><div align=\"&quot;left&quot;\"><ul><li>Organizar reuniones cient\u00edficas peri\u00f3dicas destinadas a exponer los trabajos cient\u00edficos de sus asociados y de cient\u00edficos especialmente invitados.<\/li><li>Difundir los trabajos de investigaci\u00f3n presentados a las reuniones peri\u00f3dicas.<\/li><li>Promover el mejoramiento de la ense\u00f1anza de la F\u00edsica y ciencias afines desarrollando actividades y programas en todos los niveles y a lo largo de todo el pa\u00eds.<\/li><li>Mantener relaciones con otras sociedades cient\u00edficas nacionales o internacionales, privadas o estatales para el intercambio de informaciones.<\/li><li>Propiciar un censo permanente de los recursos humanos y materiales con que cuenta el pa\u00eds en el campo de la f\u00edsica y ciencias afines.<\/li><li>Asesorar a los organismos gubernamentales o internacionales en asuntos o problemas de car\u00e1cter cient\u00edfico, en los casos que le sea requerido.<\/li><li>Fomentar la participaci\u00f3n de la Sociedad en las actividades que sean necesarios para el cumplimiento de sus fines.<\/li><\/ul><\/div>\t\t\t\t\t\t\t\t<\/div>\n\t\t\t\t<\/div>\n\t\t\t\t\t<\/div>\n\t\t\t\t<\/div>\n\t\t\t\t<\/div>\n\t\t","protected":false},"excerpt":{"rendered":"<p>Sociedad Peruana de F\u00edsica Presidente: Carlos Landauro S\u00e1enzemail:\u00a0soperfi at soperfi dot org dot peWeb:\u00a0SOPERFI Vicepresidente: Pablo Rivera RiofanoSecretario: Carlos Landauro S\u00e1enzTesorero: Jaime Vento FloresSec. Promoci\u00f3n: C\u00e9sar Aguirre C\u00e9spedes \u00a0La Sociedad Peruana de F\u00edsica -SOPERFI- fundad el 23 de marzo de 1975 es una asociaci\u00f3n que agrupa profesionales que se dedican a las ciencias f\u00edscias en [&hellip;]<\/p>\n","protected":false},"author":1,"featured_media":0,"parent":0,"menu_order":0,"comment_status":"closed","ping_status":"closed","template":"elementor_header_footer","meta":{"footnotes":""},"class_list":["post-8648","page","type-page","status-publish","hentry"],"yoast_head":"<!-- This site is optimized with the Yoast SEO plugin v27.1.1 - https:\/\/yoast.com\/product\/yoast-seo-wordpress\/ -->\n<title>Sociedad Peruana de F\u00edsica - Feiasofi<\/title>\n<meta name=\"robots\" content=\"index, follow, max-snippet:-1, max-image-preview:large, max-video-preview:-1\" \/>\n<link rel=\"canonical\" href=\"https:\/\/feiasofi.net\/?page_id=8648\" \/>\n<meta property=\"og:locale\" content=\"es_ES\" \/>\n<meta property=\"og:type\" content=\"article\" \/>\n<meta property=\"og:title\" content=\"Sociedad Peruana de F\u00edsica - Feiasofi\" \/>\n<meta property=\"og:description\" content=\"Sociedad Peruana de F\u00edsica Presidente: Carlos Landauro S\u00e1enzemail:\u00a0soperfi at soperfi dot org dot peWeb:\u00a0SOPERFI Vicepresidente: Pablo Rivera RiofanoSecretario: Carlos Landauro S\u00e1enzTesorero: Jaime Vento FloresSec. Promoci\u00f3n: C\u00e9sar Aguirre C\u00e9spedes \u00a0La Sociedad Peruana de F\u00edsica -SOPERFI- fundad el 23 de marzo de 1975 es una asociaci\u00f3n que agrupa profesionales que se dedican a las ciencias f\u00edscias en [&hellip;]\" \/>\n<meta property=\"og:url\" content=\"https:\/\/feiasofi.net\/?page_id=8648\" \/>\n<meta property=\"og:site_name\" content=\"Feiasofi\" \/>\n<meta property=\"article:modified_time\" content=\"2025-11-26T16:19:09+00:00\" \/>\n<meta property=\"og:image\" content=\"https:\/\/feiasofi.net\/wp-content\/uploads\/2025\/05\/flag_peru.gif\" \/>\n\t<meta property=\"og:image:width\" content=\"84\" \/>\n\t<meta property=\"og:image:height\" content=\"60\" \/>\n\t<meta property=\"og:image:type\" content=\"image\/gif\" \/>\n<meta name=\"twitter:card\" content=\"summary_large_image\" \/>\n<meta name=\"twitter:label1\" content=\"Tiempo de lectura\" \/>\n\t<meta name=\"twitter:data1\" content=\"2 minutos\" \/>\n<script type=\"application\/ld+json\" class=\"yoast-schema-graph\">{\"@context\":\"https:\/\/schema.org\",\"@graph\":[{\"@type\":\"WebPage\",\"@id\":\"https:\/\/feiasofi.net\/?page_id=8648\",\"url\":\"https:\/\/feiasofi.net\/?page_id=8648\",\"name\":\"Sociedad Peruana de F\u00edsica - Feiasofi\",\"isPartOf\":{\"@id\":\"https:\/\/feiasofi.net\/#website\"},\"primaryImageOfPage\":{\"@id\":\"https:\/\/feiasofi.net\/?page_id=8648#primaryimage\"},\"image\":{\"@id\":\"https:\/\/feiasofi.net\/?page_id=8648#primaryimage\"},\"thumbnailUrl\":\"https:\/\/feiasofi.net\/wp-content\/uploads\/2025\/05\/flag_peru.gif\",\"datePublished\":\"2025-05-12T13:32:21+00:00\",\"dateModified\":\"2025-11-26T16:19:09+00:00\",\"breadcrumb\":{\"@id\":\"https:\/\/feiasofi.net\/?page_id=8648#breadcrumb\"},\"inLanguage\":\"es\",\"potentialAction\":[{\"@type\":\"ReadAction\",\"target\":[\"https:\/\/feiasofi.net\/?page_id=8648\"]}]},{\"@type\":\"ImageObject\",\"inLanguage\":\"es\",\"@id\":\"https:\/\/feiasofi.net\/?page_id=8648#primaryimage\",\"url\":\"https:\/\/feiasofi.net\/wp-content\/uploads\/2025\/05\/flag_peru.gif\",\"contentUrl\":\"https:\/\/feiasofi.net\/wp-content\/uploads\/2025\/05\/flag_peru.gif\",\"width\":84,\"height\":60},{\"@type\":\"BreadcrumbList\",\"@id\":\"https:\/\/feiasofi.net\/?page_id=8648#breadcrumb\",\"itemListElement\":[{\"@type\":\"ListItem\",\"position\":1,\"name\":\"Portada\",\"item\":\"https:\/\/feiasofi.net\/\"},{\"@type\":\"ListItem\",\"position\":2,\"name\":\"Sociedad Peruana de F\u00edsica\"}]},{\"@type\":\"WebSite\",\"@id\":\"https:\/\/feiasofi.net\/#website\",\"url\":\"https:\/\/feiasofi.net\/\",\"name\":\"Feiasofi\",\"description\":\"\",\"potentialAction\":[{\"@type\":\"SearchAction\",\"target\":{\"@type\":\"EntryPoint\",\"urlTemplate\":\"https:\/\/feiasofi.net\/?s={search_term_string}\"},\"query-input\":{\"@type\":\"PropertyValueSpecification\",\"valueRequired\":true,\"valueName\":\"search_term_string\"}}],\"inLanguage\":\"es\"}]}<\/script>\n<!-- \/ Yoast SEO plugin. -->","yoast_head_json":{"title":"Sociedad Peruana de F\u00edsica - Feiasofi","robots":{"index":"index","follow":"follow","max-snippet":"max-snippet:-1","max-image-preview":"max-image-preview:large","max-video-preview":"max-video-preview:-1"},"canonical":"https:\/\/feiasofi.net\/?page_id=8648","og_locale":"es_ES","og_type":"article","og_title":"Sociedad Peruana de F\u00edsica - Feiasofi","og_description":"Sociedad Peruana de F\u00edsica Presidente: Carlos Landauro S\u00e1enzemail:\u00a0soperfi at soperfi dot org dot peWeb:\u00a0SOPERFI Vicepresidente: Pablo Rivera RiofanoSecretario: Carlos Landauro S\u00e1enzTesorero: Jaime Vento FloresSec. Promoci\u00f3n: C\u00e9sar Aguirre C\u00e9spedes \u00a0La Sociedad Peruana de F\u00edsica -SOPERFI- fundad el 23 de marzo de 1975 es una asociaci\u00f3n que agrupa profesionales que se dedican a las ciencias f\u00edscias en [&hellip;]","og_url":"https:\/\/feiasofi.net\/?page_id=8648","og_site_name":"Feiasofi","article_modified_time":"2025-11-26T16:19:09+00:00","og_image":[{"width":84,"height":60,"url":"https:\/\/feiasofi.net\/wp-content\/uploads\/2025\/05\/flag_peru.gif","type":"image\/gif"}],"twitter_card":"summary_large_image","twitter_misc":{"Tiempo de lectura":"2 minutos"},"schema":{"@context":"https:\/\/schema.org","@graph":[{"@type":"WebPage","@id":"https:\/\/feiasofi.net\/?page_id=8648","url":"https:\/\/feiasofi.net\/?page_id=8648","name":"Sociedad Peruana de F\u00edsica - Feiasofi","isPartOf":{"@id":"https:\/\/feiasofi.net\/#website"},"primaryImageOfPage":{"@id":"https:\/\/feiasofi.net\/?page_id=8648#primaryimage"},"image":{"@id":"https:\/\/feiasofi.net\/?page_id=8648#primaryimage"},"thumbnailUrl":"https:\/\/feiasofi.net\/wp-content\/uploads\/2025\/05\/flag_peru.gif","datePublished":"2025-05-12T13:32:21+00:00","dateModified":"2025-11-26T16:19:09+00:00","breadcrumb":{"@id":"https:\/\/feiasofi.net\/?page_id=8648#breadcrumb"},"inLanguage":"es","potentialAction":[{"@type":"ReadAction","target":["https:\/\/feiasofi.net\/?page_id=8648"]}]},{"@type":"ImageObject","inLanguage":"es","@id":"https:\/\/feiasofi.net\/?page_id=8648#primaryimage","url":"https:\/\/feiasofi.net\/wp-content\/uploads\/2025\/05\/flag_peru.gif","contentUrl":"https:\/\/feiasofi.net\/wp-content\/uploads\/2025\/05\/flag_peru.gif","width":84,"height":60},{"@type":"BreadcrumbList","@id":"https:\/\/feiasofi.net\/?page_id=8648#breadcrumb","itemListElement":[{"@type":"ListItem","position":1,"name":"Portada","item":"https:\/\/feiasofi.net\/"},{"@type":"ListItem","position":2,"name":"Sociedad Peruana de F\u00edsica"}]},{"@type":"WebSite","@id":"https:\/\/feiasofi.net\/#website","url":"https:\/\/feiasofi.net\/","name":"Feiasofi","description":"","potentialAction":[{"@type":"SearchAction","target":{"@type":"EntryPoint","urlTemplate":"https:\/\/feiasofi.net\/?s={search_term_string}"},"query-input":{"@type":"PropertyValueSpecification","valueRequired":true,"valueName":"search_term_string"}}],"inLanguage":"es"}]}},"_links":{"self":[{"href":"https:\/\/feiasofi.net\/index.php?rest_route=\/wp\/v2\/pages\/8648","targetHints":{"allow":["GET"]}}],"collection":[{"href":"https:\/\/feiasofi.net\/index.php?rest_route=\/wp\/v2\/pages"}],"about":[{"href":"https:\/\/feiasofi.net\/index.php?rest_route=\/wp\/v2\/types\/page"}],"author":[{"embeddable":true,"href":"https:\/\/feiasofi.net\/index.php?rest_route=\/wp\/v2\/users\/1"}],"replies":[{"embeddable":true,"href":"https:\/\/feiasofi.net\/index.php?rest_route=%2Fwp%2Fv2%2Fcomments&post=8648"}],"version-history":[{"count":13,"href":"https:\/\/feiasofi.net\/index.php?rest_route=\/wp\/v2\/pages\/8648\/revisions"}],"predecessor-version":[{"id":9114,"href":"https:\/\/feiasofi.net\/index.php?rest_route=\/wp\/v2\/pages\/8648\/revisions\/9114"}],"wp:attachment":[{"href":"https:\/\/feiasofi.net\/index.php?rest_route=%2Fwp%2Fv2%2Fmedia&parent=8648"}],"curies":[{"name":"wp","href":"https:\/\/api.w.org\/{rel}","templated":true}]}}