{"id":8671,"date":"2025-05-12T14:02:46","date_gmt":"2025-05-12T14:02:46","guid":{"rendered":"https:\/\/feiasofi.net\/?page_id=8671"},"modified":"2025-11-26T16:20:16","modified_gmt":"2025-11-26T16:20:16","slug":"sociedad-dominicana-de-fisica","status":"publish","type":"page","link":"https:\/\/feiasofi.net\/?page_id=8671","title":{"rendered":"Sociedad Dominicana de F\u00edsica"},"content":{"rendered":"\t\t<div data-elementor-type=\"wp-page\" data-elementor-id=\"8671\" class=\"elementor elementor-8671\">\n\t\t\t\t<div class=\"elementor-element elementor-element-540606e e-flex e-con-boxed e-con e-parent\" data-id=\"540606e\" data-element_type=\"container\" data-e-type=\"container\">\n\t\t\t\t\t<div class=\"e-con-inner\">\n\t\t\t\t<div class=\"elementor-element elementor-element-df4fe88 elementor-widget elementor-widget-heading\" data-id=\"df4fe88\" data-element_type=\"widget\" data-e-type=\"widget\" data-widget_type=\"heading.default\">\n\t\t\t\t<div class=\"elementor-widget-container\">\n\t\t\t\t\t<h2 class=\"elementor-heading-title elementor-size-default\">Sociedad Dominicana de F\u00edsica<\/h2>\t\t\t\t<\/div>\n\t\t\t\t<\/div>\n\t\t\t\t\t<\/div>\n\t\t\t\t<\/div>\n\t\t<div class=\"elementor-element elementor-element-b24ef27 e-flex e-con-boxed e-con e-parent\" data-id=\"b24ef27\" data-element_type=\"container\" data-e-type=\"container\">\n\t\t\t\t\t<div class=\"e-con-inner\">\n\t\t<div class=\"elementor-element elementor-element-199656e e-con-full e-flex e-con e-child\" data-id=\"199656e\" data-element_type=\"container\" data-e-type=\"container\">\n\t\t\t\t<div class=\"elementor-element elementor-element-1982199 elementor-widget elementor-widget-image\" data-id=\"1982199\" data-element_type=\"widget\" data-e-type=\"widget\" data-widget_type=\"image.default\">\n\t\t\t\t<div class=\"elementor-widget-container\">\n\t\t\t\t\t\t\t\t\t\t\t\t\t\t\t<img decoding=\"async\" width=\"96\" height=\"60\" src=\"https:\/\/feiasofi.net\/wp-content\/uploads\/2025\/05\/flag_dominican_republic.gif\" class=\"attachment-large size-large wp-image-8673\" alt=\"\" \/>\t\t\t\t\t\t\t\t\t\t\t\t\t\t\t<\/div>\n\t\t\t\t<\/div>\n\t\t\t\t<\/div>\n\t\t<div class=\"elementor-element elementor-element-c5bf04d e-con-full e-flex e-con e-child\" data-id=\"c5bf04d\" data-element_type=\"container\" data-e-type=\"container\">\n\t\t\t\t<div class=\"elementor-element elementor-element-0acfb30 elementor-widget elementor-widget-text-editor\" data-id=\"0acfb30\" data-element_type=\"widget\" data-e-type=\"widget\" data-widget_type=\"text-editor.default\">\n\t\t\t\t<div class=\"elementor-widget-container\">\n\t\t\t\t\t\t\t\t\t<p><strong>Presidente<\/strong>:\u00a0Dr.Melvin Arias<\/p><p><strong>email:\u00a0<\/strong><span id=\"cloak71f1fbf40f0652f5775af9a70da4f3d0\"><a href=\"mailto:sodofi@gmail.com\">sodofi at gmail dot com<\/a><\/span><a href=\"mailto:cid2713@yahoo.com\"><br \/><\/a><\/p><p><strong>Web<\/strong>:\u00a0<a href=\"http:\/\/www.sodofi.org\/\">SoDoFi<\/a><\/p>\t\t\t\t\t\t\t\t<\/div>\n\t\t\t\t<\/div>\n\t\t\t\t<\/div>\n\t\t\t\t\t<\/div>\n\t\t\t\t<\/div>\n\t\t<div class=\"elementor-element elementor-element-a8eb279 e-flex e-con-boxed e-con e-parent\" data-id=\"a8eb279\" data-element_type=\"container\" data-e-type=\"container\">\n\t\t\t\t\t<div class=\"e-con-inner\">\n\t\t\t\t<div class=\"elementor-element elementor-element-30f4c7e elementor-widget elementor-widget-text-editor\" data-id=\"30f4c7e\" data-element_type=\"widget\" data-e-type=\"widget\" data-widget_type=\"text-editor.default\">\n\t\t\t\t<div class=\"elementor-widget-container\">\n\t\t\t\t\t\t\t\t\t<p style=\"text-align: center;\"><strong>Sociedad Dominicana de F\u00edsica<\/strong><\/p><p style=\"text-align: center;\"><em>\u201cTransmite tu pasi\u00f3n por la F\u00edsica\u201d<\/em><\/p><p><em>\u00a0<\/em><\/p><p><strong>Breve historia de la f\u00edsica en la Rep\u00fablica Dominicana<\/strong><\/p><p>La F\u00edsica hace su aparici\u00f3n como temas de F\u00edsica en la asignatura Ciencias Filos\u00f3ficas en el 1852. Para el 1866 aparece el Instituto Profesional y la C\u00e1tedra de Ciencias F\u00edsicas. Dos d\u00e9cadas despu\u00e9s en el 1882 con los cambios en el Instituto Profesional se inician cursos de F\u00edsica para distintas profesiones. Con las escuelas normales surge la asignatura Nociones Fundamentales de F\u00edsica y Qu\u00edmica. El Instituto Profesional tuvo varios a\u00f1os cerrado y fue en 1914 que se restituy\u00f3, ahora retomando el nombre de Universidad de Santo Domingo, abriendo con cinco Facultades, entre ellas las de Farmacia y Ciencias Qu\u00edmicas, Medicina y Ciencias Naturales y la de Ciencias F\u00edsicas y Matem\u00e1ticas; en todas ellas se impart\u00eda cursos de F\u00edsica. Hubo una licenciatura en ciencias f\u00edsicas y matem\u00e1ticas, y para el 1937 aparec\u00eda el primer graduado. Para ese entonces, fueron publicadas las obras de Dr. Ar\u00edstides Fiallo Cabral (1876-1931): Estudios de la Ciencia Universal y Errores de la F\u00edsica, La Teor\u00eda Bioc\u00f3smica de la Gravitaci\u00f3n Universal, y la del profesor Osvaldo Garc\u00eda de la Concha (1878-1930): La C\u00f3smica.<\/p><p>En 1964 las autoridades de la Universidad Aut\u00f3noma de Santo Domingo crearon el Centro Universitario de Estudios Generales (CUEG). En el CUEG hab\u00eda una secci\u00f3n de f\u00edsica y su primer director fue el ingeniero Jos\u00e9 Osvaldo Reyes Jim\u00e9nez (Reyito). Esta secci\u00f3n de f\u00edsica agrup\u00f3 todos los profesores que impart\u00edan la asignatura en las distintas facultades de la universidad. Esto logr\u00f3 que los profesores Juan Selman, V\u00edctor D\u00edaz Newman,\u00a0Bienvenida\u00a0Balc\u00e1cer y Margarita Heredia, fueran transferidos desde la Facultad de Medicina; los profesores Jos\u00e9 Octavio Reyes Jim\u00e9nez, Odalis Acosta, Tirso \u00c1lvarez y V\u00edctor Macarrulla, provenientes de la Facultad de Ingenier\u00eda y Arquitectura; mientras que las profesoras Mercedes Sabater de Macarrulla y L\u00eddice Messina llegaron procedentes de la Facultad de Farmacia y Ciencias Qu\u00edmicas a la secci\u00f3n de f\u00edsica del CUEG. Para la capacitaci\u00f3n en la metodolog\u00eda del Comit\u00e9 de Estudio de Ciencias F\u00edsicas (PSSC, por sus siglas en ingl\u00e9s) del Instituto Tecnol\u00f3gico de Massachussets y en el manejo del equipo de laboratorio se contrataron los servicios del Dr. Juan Puig Tom\u00e1s y del Dr. Manuel Tebas Peir\u00f3, del recinto de Mayag\u00fcez de la Universidad de Puerto Rico. Entre los aspirantes a profesores de f\u00edsica se encontraban los ingenieros Franz Heinsen y Julio Santos Cayado.<\/p><p>El 21 de junio de 1966, las nuevas autoridades y el Movimiento Renovador, cambiaron el nombre del CUEG por Colegio Universitario (CU) y al mismo tiempo crearon la Facultad de Ciencias y sus departamentos, entre ellos el departamento de F\u00edsica. El departamento de F\u00edsica inici\u00f3 sus labores con 10 profesores, casi todos a tiempo completo. La primera directora fue la profesora Mercedes Sabater de Macarrulla, quien, junto a su equipo, r\u00e1pidamente comenz\u00f3 a preparar el camino para la creaci\u00f3n de la carrera de la licenciatura en f\u00edsica. En la preparaci\u00f3n de este proyecto se recibi\u00f3 la asesor\u00eda del Dr. Jacob Enoch, de la Universidad de Kansas. Los profesores Odalis Acosta y Tirso \u00c1lvarez fueron enviados a Kansas a cursar maestr\u00eda en F\u00edsica. En esos d\u00edas fueron contratados los servicios docentes del Lic. Din\u00e1poles Soto Bello, proveniente del Instituto Tecnol\u00f3gico de Monterrey, M\u00e9xico. El Consejo Universitario aprob\u00f3 la creaci\u00f3n de la carrera de f\u00edsica el 25 de octubre de 1967, mediante la Res. No.67-374. La carrera de licenciatura en f\u00edsica inici\u00f3 con 17 estudiantes.<\/p><p>La profesora Macarrulla hizo diligencias para la contrataci\u00f3n de un asesor para el departamento y dicha asesor\u00eda recay\u00f3 sobre el Dr. Gustavo Rathe, de nacionalidad argentina y quien fungi\u00f3 como profesor hasta su muerte.<\/p><p>El 28 de octubre de 1972 se invisti\u00f3 el primer grupo de licenciados en f\u00edsica en la Rep\u00fablica Dominicana: Roger Acosta, David Alemany, Rodolfo Ben\u00edtez, Lulio Blanchard, Osiris Bonilla, Antonio Fern\u00e1ndez, Clara Elena Florenz\u00e1n, Alberto Hosking, Nicol\u00e1s Mad\u00e9, Andr\u00e9s Ogando, Nirto Pe\u00f1a y Arismendy Rodr\u00edguez. Al finalizar los 70\u2019s, ya se hab\u00edan graduado 41 estudiantes, en los 80\u2019s se graduaron 26 y al finalizar los 90\u2019s se licenciaron 9 f\u00edsicos. Es importante resaltar que el programa de clases de la licenciatura en f\u00edsica de la UASD que se utiliza hoy d\u00eda fue dise\u00f1ado en el periodo 1993-1996, durante la gesti\u00f3n del Prof. Editrudis Beltr\u00e1n. En ese mismo periodo se realizaron mejoras considerables en la infraestructura f\u00edsica del departamento, incluyendo los laboratorios docentes y las oficinas.<\/p><p>La Universidad Nacional Pedro Henr\u00edquez Ure\u00f1a (UNPHU) tambi\u00e9n tuvo la carrera de licenciatura en f\u00edsica, de la misma se graduaron alrededor de 15 estudiantes. En ella se destaca la actividad cient\u00edfica y las publicaciones de los profesores Luciano Sbriz, M. Villagr\u00e1n, Gino Valconi Reyes y Mois\u00e9s \u00c1lvarez, al final de la d\u00e9cada de los 80\u2019s e inicio de los 90\u2019s.<\/p><p>En el a\u00f1o 2000, el Departamento de F\u00edsica de la Universidad Aut\u00f3noma de Santo Domingo, durante la direcci\u00f3n del Profesor Lilio Tirso Ortiz, contrata al Dr. Nikolay Sukhomlin, con el prop\u00f3sito de dise\u00f1ar los programas de postgrado: a) especialidad en f\u00edsica para docentes, b) maestr\u00eda en f\u00edsica para docentes y c) maestr\u00eda en telecomunicaciones. El Dr. Sukhomlin, se dedic\u00f3 a la ense\u00f1anza tanto del grado como de postgrado, la mentor\u00eda y la investigaci\u00f3n con estudiantes y profesores; fomentando la investigaci\u00f3n entre sus estudiantes y pares hasta su muerte en el 2010. Junto a Nikolay cabe reconocer la labor de los profesores F\u00e9lix Cid, Jos\u00e9 Antonio Scott Gilleard y Antonio Fern\u00e1ndez en los cursos de la c\u00e1tedra de avanzada de licenciatura en f\u00edsica que impartieron para esa \u00e9poca. En esa d\u00e9cada se invistieron 23 nuevos f\u00edsicos, mientras que desde el 2011 al 2018 se han graduado 20, para un total de 130 licenciados en f\u00edsica en la Universidad Aut\u00f3noma de Santo Domingo. En \u00e9stas dos \u00faltimas d\u00e9cadas se ha intensificado la promoci\u00f3n de la carrera por medio de olimpiadas nacionales e internacionales en f\u00edsica, visita a liceos\/colegios de secundaria, ferias cient\u00edficas y promociones publicitarias. Desde los primeros graduados, la formaci\u00f3n en maestr\u00eda y doctorado en f\u00edsica ha continuado en pa\u00edses como: Puerto Rico, Estados Unidos, M\u00e9xico, Rusia y Espa\u00f1a. De la Universidad de Puerto Rico en R\u00edo Piedras proceden actualmente la mayor cantidad de doctores en f\u00edsica egresado de la carrera.<\/p><p>El Fondo Nacional de Innovaci\u00f3n y Desarrollo Cient\u00edfico y Tecnol\u00f3gico (FONDOCyT) del Ministerio de Educaci\u00f3n Superior Ciencia y Tecnolog\u00eda (MESCyT)\u00a0ha\u00a0contribuido a dinamizar la investigaci\u00f3n en f\u00edsica, a desarrollar infraestructura cient\u00edfica y fortalecer la ense\u00f1anza, as\u00ed como las recientes disposiciones para la creaci\u00f3n de las licenciaturas en f\u00edsica orientadas a la educaci\u00f3n secundaria. En la actualidad la actividad cient\u00edfica en f\u00edsica se centra en la Universidad Aut\u00f3noma de Santo Domingo (UASD),\u00a0<a href=\"https:\/\/www.pucmm.edu.do\/\" target=\"_blank\" rel=\"noopener\" data-saferedirecturl=\"https:\/\/www.google.com\/url?q=https:\/\/www.pucmm.edu.do\/&amp;source=gmail&amp;ust=1540296060868000&amp;usg=AFQjCNEQkmTCGmj6NkyH1laPLwc_CFg-1Q\">Pontificia Universidad Cat\u00f3lica Madre y Maestra (PUCMM) y el Instituto Tecnol\u00f3gico de Santo Domingo (INTEC).<\/a><\/p><p>Los aportes para redactar esta breve historia de la f\u00edsica en Rep\u00fablica Dominicana proceden del Panel de Historia de la F\u00edsica en la Republica Dominicana coordinado por la Sociedad Dominicana de F\u00edsica con los profesores expositores: Lulio Blanchard (UCSD), Lilio Tirso Ortiz (UASD), Miriam Astacio (UASD), Erika Montero (UASD), Arismendy Rodr\u00edguez (PUCMM), Luciano Sbriz (INTEC) y Mois\u00e9s \u00c1lvarez (UNPHU).<\/p><div>\u00a0<\/div><div><p>Enlaces directos:<\/p><p>P\u00e1gina de facebook<\/p><p><a href=\"https:\/\/www.facebook.com\/sodofird\" target=\"_blank\" rel=\"noopener\" data-saferedirecturl=\"https:\/\/www.google.com\/url?q=https:\/\/www.facebook.com\/sodofird&amp;source=gmail&amp;ust=1540296060868000&amp;usg=AFQjCNEStvejZepMpqNpDoYdH37smq6btA\">https:\/\/www.facebook.com\/<wbr \/>sodofird<\/a><\/p><p>Instagram: @sodofird<\/p><p><a href=\"https:\/\/instagram.com\/sodofird\" target=\"_blank\" rel=\"noopener\" data-saferedirecturl=\"https:\/\/www.google.com\/url?q=https:\/\/instagram.com\/sodofird&amp;source=gmail&amp;ust=1540296060868000&amp;usg=AFQjCNGaMGl4D45GBXux8iCeFciusYmYjg\">https:\/\/instagram.com\/sodofird<\/a><\/p><p>Twitter: @sodofird<\/p><p><a href=\"https:\/\/twitter.com\/sodofird\" target=\"_blank\" rel=\"noopener\" data-saferedirecturl=\"https:\/\/www.google.com\/url?q=https:\/\/twitter.com\/sodofird&amp;source=gmail&amp;ust=1540296060868000&amp;usg=AFQjCNFcGq0kaRxaMtwNxyhWTIeZnrI9iA\">https:\/\/twitter.com\/sodofird<\/a><\/p><p>Web:<\/p><p><a href=\"http:\/\/www.sodofi.org\/\" target=\"_blank\" rel=\"noopener\" data-saferedirecturl=\"https:\/\/www.google.com\/url?q=http:\/\/www.sodofi.org&amp;source=gmail&amp;ust=1540296060868000&amp;usg=AFQjCNGQ90z8U5yArQsWluNaXiH2h5wCrw\">www.sodofi.org<\/a><\/p><p>e-mail:<\/p><p><span id=\"cloakc0cc4e1f0f2607053163690e13dd989c\"><a href=\"mailto:sodofi@gmail.com\" target=\"_blank\" rel=\"noopener\">sodofi@gmail.com<\/a><\/span><\/p><\/div>\t\t\t\t\t\t\t\t<\/div>\n\t\t\t\t<\/div>\n\t\t\t\t\t<\/div>\n\t\t\t\t<\/div>\n\t\t\t\t<\/div>\n\t\t","protected":false},"excerpt":{"rendered":"<p>Sociedad Dominicana de F\u00edsica Presidente:\u00a0Dr.Melvin Arias email:\u00a0sodofi at gmail dot com Web:\u00a0SoDoFi Sociedad Dominicana de F\u00edsica \u201cTransmite tu pasi\u00f3n por la F\u00edsica\u201d \u00a0 Breve historia de la f\u00edsica en la Rep\u00fablica Dominicana La F\u00edsica hace su aparici\u00f3n como temas de F\u00edsica en la asignatura Ciencias Filos\u00f3ficas en el 1852. Para el 1866 aparece el Instituto [&hellip;]<\/p>\n","protected":false},"author":1,"featured_media":0,"parent":0,"menu_order":0,"comment_status":"closed","ping_status":"closed","template":"elementor_header_footer","meta":{"footnotes":""},"class_list":["post-8671","page","type-page","status-publish","hentry"],"yoast_head":"<!-- This site is optimized with the Yoast SEO plugin v27.1.1 - https:\/\/yoast.com\/product\/yoast-seo-wordpress\/ -->\n<title>Sociedad Dominicana de F\u00edsica - Feiasofi<\/title>\n<meta name=\"robots\" content=\"index, follow, max-snippet:-1, max-image-preview:large, max-video-preview:-1\" \/>\n<link rel=\"canonical\" href=\"https:\/\/feiasofi.net\/?page_id=8671\" \/>\n<meta property=\"og:locale\" content=\"es_ES\" \/>\n<meta property=\"og:type\" content=\"article\" \/>\n<meta property=\"og:title\" content=\"Sociedad Dominicana de F\u00edsica - Feiasofi\" \/>\n<meta property=\"og:description\" content=\"Sociedad Dominicana de F\u00edsica Presidente:\u00a0Dr.Melvin Arias email:\u00a0sodofi at gmail dot com Web:\u00a0SoDoFi Sociedad Dominicana de F\u00edsica \u201cTransmite tu pasi\u00f3n por la F\u00edsica\u201d \u00a0 Breve historia de la f\u00edsica en la Rep\u00fablica Dominicana La F\u00edsica hace su aparici\u00f3n como temas de F\u00edsica en la asignatura Ciencias Filos\u00f3ficas en el 1852. Para el 1866 aparece el Instituto [&hellip;]\" \/>\n<meta property=\"og:url\" content=\"https:\/\/feiasofi.net\/?page_id=8671\" \/>\n<meta property=\"og:site_name\" content=\"Feiasofi\" \/>\n<meta property=\"article:modified_time\" content=\"2025-11-26T16:20:16+00:00\" \/>\n<meta property=\"og:image\" content=\"https:\/\/feiasofi.net\/wp-content\/uploads\/2025\/05\/flag_dominican_republic.gif\" \/>\n\t<meta property=\"og:image:width\" content=\"96\" \/>\n\t<meta property=\"og:image:height\" content=\"60\" \/>\n\t<meta property=\"og:image:type\" content=\"image\/gif\" \/>\n<meta name=\"twitter:card\" content=\"summary_large_image\" \/>\n<meta name=\"twitter:label1\" content=\"Tiempo de lectura\" \/>\n\t<meta name=\"twitter:data1\" content=\"6 minutos\" \/>\n<script type=\"application\/ld+json\" class=\"yoast-schema-graph\">{\"@context\":\"https:\/\/schema.org\",\"@graph\":[{\"@type\":\"WebPage\",\"@id\":\"https:\/\/feiasofi.net\/?page_id=8671\",\"url\":\"https:\/\/feiasofi.net\/?page_id=8671\",\"name\":\"Sociedad Dominicana de F\u00edsica - Feiasofi\",\"isPartOf\":{\"@id\":\"https:\/\/feiasofi.net\/#website\"},\"primaryImageOfPage\":{\"@id\":\"https:\/\/feiasofi.net\/?page_id=8671#primaryimage\"},\"image\":{\"@id\":\"https:\/\/feiasofi.net\/?page_id=8671#primaryimage\"},\"thumbnailUrl\":\"https:\/\/feiasofi.net\/wp-content\/uploads\/2025\/05\/flag_dominican_republic.gif\",\"datePublished\":\"2025-05-12T14:02:46+00:00\",\"dateModified\":\"2025-11-26T16:20:16+00:00\",\"breadcrumb\":{\"@id\":\"https:\/\/feiasofi.net\/?page_id=8671#breadcrumb\"},\"inLanguage\":\"es\",\"potentialAction\":[{\"@type\":\"ReadAction\",\"target\":[\"https:\/\/feiasofi.net\/?page_id=8671\"]}]},{\"@type\":\"ImageObject\",\"inLanguage\":\"es\",\"@id\":\"https:\/\/feiasofi.net\/?page_id=8671#primaryimage\",\"url\":\"https:\/\/feiasofi.net\/wp-content\/uploads\/2025\/05\/flag_dominican_republic.gif\",\"contentUrl\":\"https:\/\/feiasofi.net\/wp-content\/uploads\/2025\/05\/flag_dominican_republic.gif\",\"width\":96,\"height\":60},{\"@type\":\"BreadcrumbList\",\"@id\":\"https:\/\/feiasofi.net\/?page_id=8671#breadcrumb\",\"itemListElement\":[{\"@type\":\"ListItem\",\"position\":1,\"name\":\"Portada\",\"item\":\"https:\/\/feiasofi.net\/\"},{\"@type\":\"ListItem\",\"position\":2,\"name\":\"Sociedad Dominicana de F\u00edsica\"}]},{\"@type\":\"WebSite\",\"@id\":\"https:\/\/feiasofi.net\/#website\",\"url\":\"https:\/\/feiasofi.net\/\",\"name\":\"Feiasofi\",\"description\":\"\",\"potentialAction\":[{\"@type\":\"SearchAction\",\"target\":{\"@type\":\"EntryPoint\",\"urlTemplate\":\"https:\/\/feiasofi.net\/?s={search_term_string}\"},\"query-input\":{\"@type\":\"PropertyValueSpecification\",\"valueRequired\":true,\"valueName\":\"search_term_string\"}}],\"inLanguage\":\"es\"}]}<\/script>\n<!-- \/ Yoast SEO plugin. -->","yoast_head_json":{"title":"Sociedad Dominicana de F\u00edsica - Feiasofi","robots":{"index":"index","follow":"follow","max-snippet":"max-snippet:-1","max-image-preview":"max-image-preview:large","max-video-preview":"max-video-preview:-1"},"canonical":"https:\/\/feiasofi.net\/?page_id=8671","og_locale":"es_ES","og_type":"article","og_title":"Sociedad Dominicana de F\u00edsica - Feiasofi","og_description":"Sociedad Dominicana de F\u00edsica Presidente:\u00a0Dr.Melvin Arias email:\u00a0sodofi at gmail dot com Web:\u00a0SoDoFi Sociedad Dominicana de F\u00edsica \u201cTransmite tu pasi\u00f3n por la F\u00edsica\u201d \u00a0 Breve historia de la f\u00edsica en la Rep\u00fablica Dominicana La F\u00edsica hace su aparici\u00f3n como temas de F\u00edsica en la asignatura Ciencias Filos\u00f3ficas en el 1852. Para el 1866 aparece el Instituto [&hellip;]","og_url":"https:\/\/feiasofi.net\/?page_id=8671","og_site_name":"Feiasofi","article_modified_time":"2025-11-26T16:20:16+00:00","og_image":[{"width":96,"height":60,"url":"https:\/\/feiasofi.net\/wp-content\/uploads\/2025\/05\/flag_dominican_republic.gif","type":"image\/gif"}],"twitter_card":"summary_large_image","twitter_misc":{"Tiempo de lectura":"6 minutos"},"schema":{"@context":"https:\/\/schema.org","@graph":[{"@type":"WebPage","@id":"https:\/\/feiasofi.net\/?page_id=8671","url":"https:\/\/feiasofi.net\/?page_id=8671","name":"Sociedad Dominicana de F\u00edsica - Feiasofi","isPartOf":{"@id":"https:\/\/feiasofi.net\/#website"},"primaryImageOfPage":{"@id":"https:\/\/feiasofi.net\/?page_id=8671#primaryimage"},"image":{"@id":"https:\/\/feiasofi.net\/?page_id=8671#primaryimage"},"thumbnailUrl":"https:\/\/feiasofi.net\/wp-content\/uploads\/2025\/05\/flag_dominican_republic.gif","datePublished":"2025-05-12T14:02:46+00:00","dateModified":"2025-11-26T16:20:16+00:00","breadcrumb":{"@id":"https:\/\/feiasofi.net\/?page_id=8671#breadcrumb"},"inLanguage":"es","potentialAction":[{"@type":"ReadAction","target":["https:\/\/feiasofi.net\/?page_id=8671"]}]},{"@type":"ImageObject","inLanguage":"es","@id":"https:\/\/feiasofi.net\/?page_id=8671#primaryimage","url":"https:\/\/feiasofi.net\/wp-content\/uploads\/2025\/05\/flag_dominican_republic.gif","contentUrl":"https:\/\/feiasofi.net\/wp-content\/uploads\/2025\/05\/flag_dominican_republic.gif","width":96,"height":60},{"@type":"BreadcrumbList","@id":"https:\/\/feiasofi.net\/?page_id=8671#breadcrumb","itemListElement":[{"@type":"ListItem","position":1,"name":"Portada","item":"https:\/\/feiasofi.net\/"},{"@type":"ListItem","position":2,"name":"Sociedad Dominicana de F\u00edsica"}]},{"@type":"WebSite","@id":"https:\/\/feiasofi.net\/#website","url":"https:\/\/feiasofi.net\/","name":"Feiasofi","description":"","potentialAction":[{"@type":"SearchAction","target":{"@type":"EntryPoint","urlTemplate":"https:\/\/feiasofi.net\/?s={search_term_string}"},"query-input":{"@type":"PropertyValueSpecification","valueRequired":true,"valueName":"search_term_string"}}],"inLanguage":"es"}]}},"_links":{"self":[{"href":"https:\/\/feiasofi.net\/index.php?rest_route=\/wp\/v2\/pages\/8671","targetHints":{"allow":["GET"]}}],"collection":[{"href":"https:\/\/feiasofi.net\/index.php?rest_route=\/wp\/v2\/pages"}],"about":[{"href":"https:\/\/feiasofi.net\/index.php?rest_route=\/wp\/v2\/types\/page"}],"author":[{"embeddable":true,"href":"https:\/\/feiasofi.net\/index.php?rest_route=\/wp\/v2\/users\/1"}],"replies":[{"embeddable":true,"href":"https:\/\/feiasofi.net\/index.php?rest_route=%2Fwp%2Fv2%2Fcomments&post=8671"}],"version-history":[{"count":10,"href":"https:\/\/feiasofi.net\/index.php?rest_route=\/wp\/v2\/pages\/8671\/revisions"}],"predecessor-version":[{"id":9120,"href":"https:\/\/feiasofi.net\/index.php?rest_route=\/wp\/v2\/pages\/8671\/revisions\/9120"}],"wp:attachment":[{"href":"https:\/\/feiasofi.net\/index.php?rest_route=%2Fwp%2Fv2%2Fmedia&parent=8671"}],"curies":[{"name":"wp","href":"https:\/\/api.w.org\/{rel}","templated":true}]}}