{"id":8681,"date":"2025-05-12T14:07:29","date_gmt":"2025-05-12T14:07:29","guid":{"rendered":"https:\/\/feiasofi.net\/?page_id=8681"},"modified":"2025-11-26T16:20:51","modified_gmt":"2025-11-26T16:20:51","slug":"sociedad-uruguaya-de-fisica","status":"publish","type":"page","link":"https:\/\/feiasofi.net\/?page_id=8681","title":{"rendered":"Sociedad Uruguaya de F\u00edsica"},"content":{"rendered":"\t\t<div data-elementor-type=\"wp-page\" data-elementor-id=\"8681\" class=\"elementor elementor-8681\">\n\t\t\t\t<div class=\"elementor-element elementor-element-2a0b12f e-flex e-con-boxed e-con e-parent\" data-id=\"2a0b12f\" data-element_type=\"container\" data-e-type=\"container\">\n\t\t\t\t\t<div class=\"e-con-inner\">\n\t\t\t\t<div class=\"elementor-element elementor-element-94513ba elementor-widget elementor-widget-heading\" data-id=\"94513ba\" data-element_type=\"widget\" data-e-type=\"widget\" data-widget_type=\"heading.default\">\n\t\t\t\t<div class=\"elementor-widget-container\">\n\t\t\t\t\t<h2 class=\"elementor-heading-title elementor-size-default\">Sociedad Uruguaya de F\u00edsica<\/h2>\t\t\t\t<\/div>\n\t\t\t\t<\/div>\n\t\t\t\t\t<\/div>\n\t\t\t\t<\/div>\n\t\t<div class=\"elementor-element elementor-element-d0a699b e-flex e-con-boxed e-con e-parent\" data-id=\"d0a699b\" data-element_type=\"container\" data-e-type=\"container\">\n\t\t\t\t\t<div class=\"e-con-inner\">\n\t\t<div class=\"elementor-element elementor-element-f8dce33 e-con-full e-flex e-con e-child\" data-id=\"f8dce33\" data-element_type=\"container\" data-e-type=\"container\">\n\t\t\t\t<div class=\"elementor-element elementor-element-5efa802 elementor-widget elementor-widget-image\" data-id=\"5efa802\" data-element_type=\"widget\" data-e-type=\"widget\" data-widget_type=\"image.default\">\n\t\t\t\t<div class=\"elementor-widget-container\">\n\t\t\t\t\t\t\t\t\t\t\t\t\t\t\t<img decoding=\"async\" width=\"90\" height=\"60\" src=\"https:\/\/feiasofi.net\/wp-content\/uploads\/2025\/05\/flag_uruguay.gif\" class=\"attachment-large size-large wp-image-8683\" alt=\"\" \/>\t\t\t\t\t\t\t\t\t\t\t\t\t\t\t<\/div>\n\t\t\t\t<\/div>\n\t\t\t\t<\/div>\n\t\t<div class=\"elementor-element elementor-element-b4a7813 e-con-full e-flex e-con e-child\" data-id=\"b4a7813\" data-element_type=\"container\" data-e-type=\"container\">\n\t\t\t\t<div class=\"elementor-element elementor-element-42ce92e elementor-widget elementor-widget-text-editor\" data-id=\"42ce92e\" data-element_type=\"widget\" data-e-type=\"widget\" data-widget_type=\"text-editor.default\">\n\t\t\t\t<div class=\"elementor-widget-container\">\n\t\t\t\t\t\t\t\t\t<p><strong>Presidente<\/strong>: Sof\u00eda Favre<br \/><strong>Email<\/strong>:\u00a0<span id=\"cloak43816c45e7d7cc3e87952198f464377b\"><a href=\"mailto:suf@fisica.edu.uy\">suf at fisica dot edu dot uy<\/a><\/span><br \/><strong>Web<\/strong>:\u00a0<a href=\"http:\/\/suf.fisica.edu.uy\/\">http:\/\/suf.fisica.edu.uy<\/a><strong><br \/>Vice-presidente:<\/strong>\u00a0Ricardo Faccio<br \/><strong>Secretaria:<\/strong>\u00a0Lucia Amy<br \/><strong>Tesorera:<\/strong>\u00a0Tom\u00e1s Urruzola<br \/><strong>Vocal:<\/strong>\u00a0Nicol\u00e1s Pan<\/p>\t\t\t\t\t\t\t\t<\/div>\n\t\t\t\t<\/div>\n\t\t\t\t<\/div>\n\t\t\t\t\t<\/div>\n\t\t\t\t<\/div>\n\t\t<div class=\"elementor-element elementor-element-ef0430d e-flex e-con-boxed e-con e-parent\" data-id=\"ef0430d\" data-element_type=\"container\" data-e-type=\"container\">\n\t\t\t\t\t<div class=\"e-con-inner\">\n\t\t\t\t<div class=\"elementor-element elementor-element-de83a58 elementor-widget elementor-widget-text-editor\" data-id=\"de83a58\" data-element_type=\"widget\" data-e-type=\"widget\" data-widget_type=\"text-editor.default\">\n\t\t\t\t<div class=\"elementor-widget-container\">\n\t\t\t\t\t\t\t\t\t<p>La Sociedad Uruguaya de F\u00edsica es una entidad sin fines de lucro,\u00a0 creada en Montevideo el 5 de agosto de 1992. Entre sus cometidos se encuentran el de fomentar la investigaci\u00f3n en F\u00edsica en el pa\u00eds.<br \/>La S.U.F. es miembro de la FELASOFI y FEIASOFI, y mantiene convenios de reciprocidad con la American Physical Society (APS).<\/p><p>\u00a0<\/p><p>\u00a0<\/p>\t\t\t\t\t\t\t\t<\/div>\n\t\t\t\t<\/div>\n\t\t\t\t\t<\/div>\n\t\t\t\t<\/div>\n\t\t<div class=\"elementor-element elementor-element-cfd165f e-flex e-con-boxed e-con e-parent\" data-id=\"cfd165f\" data-element_type=\"container\" data-e-type=\"container\">\n\t\t\t\t\t<div class=\"e-con-inner\">\n\t\t\t\t<div class=\"elementor-element elementor-element-05cb462 elementor-widget elementor-widget-image\" data-id=\"05cb462\" data-element_type=\"widget\" data-e-type=\"widget\" data-widget_type=\"image.default\">\n\t\t\t\t<div class=\"elementor-widget-container\">\n\t\t\t\t\t\t\t\t\t\t\t\t\t\t\t<img fetchpriority=\"high\" decoding=\"async\" width=\"688\" height=\"1024\" src=\"https:\/\/feiasofi.net\/wp-content\/uploads\/2025\/05\/suf-feiasofi2018-final.jpg\" class=\"attachment-large size-large wp-image-8684\" alt=\"\" \/>\t\t\t\t\t\t\t\t\t\t\t\t\t\t\t<\/div>\n\t\t\t\t<\/div>\n\t\t\t\t\t<\/div>\n\t\t\t\t<\/div>\n\t\t\t\t<\/div>\n\t\t","protected":false},"excerpt":{"rendered":"<p>Sociedad Uruguaya de F\u00edsica Presidente: Sof\u00eda FavreEmail:\u00a0suf at fisica dot edu dot uyWeb:\u00a0http:\/\/suf.fisica.edu.uyVice-presidente:\u00a0Ricardo FaccioSecretaria:\u00a0Lucia AmyTesorera:\u00a0Tom\u00e1s UrruzolaVocal:\u00a0Nicol\u00e1s Pan La Sociedad Uruguaya de F\u00edsica es una entidad sin fines de lucro,\u00a0 creada en Montevideo el 5 de agosto de 1992. Entre sus cometidos se encuentran el de fomentar la investigaci\u00f3n en F\u00edsica en el pa\u00eds.La S.U.F. es [&hellip;]<\/p>\n","protected":false},"author":1,"featured_media":0,"parent":0,"menu_order":0,"comment_status":"closed","ping_status":"closed","template":"elementor_header_footer","meta":{"footnotes":""},"class_list":["post-8681","page","type-page","status-publish","hentry"],"yoast_head":"<!-- This site is optimized with the Yoast SEO plugin v27.1.1 - https:\/\/yoast.com\/product\/yoast-seo-wordpress\/ -->\n<title>Sociedad Uruguaya de F\u00edsica - Feiasofi<\/title>\n<meta name=\"robots\" content=\"index, follow, max-snippet:-1, max-image-preview:large, max-video-preview:-1\" \/>\n<link rel=\"canonical\" href=\"https:\/\/feiasofi.net\/?page_id=8681\" \/>\n<meta property=\"og:locale\" content=\"es_ES\" \/>\n<meta property=\"og:type\" content=\"article\" \/>\n<meta property=\"og:title\" content=\"Sociedad Uruguaya de F\u00edsica - Feiasofi\" \/>\n<meta property=\"og:description\" content=\"Sociedad Uruguaya de F\u00edsica Presidente: Sof\u00eda FavreEmail:\u00a0suf at fisica dot edu dot uyWeb:\u00a0http:\/\/suf.fisica.edu.uyVice-presidente:\u00a0Ricardo FaccioSecretaria:\u00a0Lucia AmyTesorera:\u00a0Tom\u00e1s UrruzolaVocal:\u00a0Nicol\u00e1s Pan La Sociedad Uruguaya de F\u00edsica es una entidad sin fines de lucro,\u00a0 creada en Montevideo el 5 de agosto de 1992. Entre sus cometidos se encuentran el de fomentar la investigaci\u00f3n en F\u00edsica en el pa\u00eds.La S.U.F. es [&hellip;]\" \/>\n<meta property=\"og:url\" content=\"https:\/\/feiasofi.net\/?page_id=8681\" \/>\n<meta property=\"og:site_name\" content=\"Feiasofi\" \/>\n<meta property=\"article:modified_time\" content=\"2025-11-26T16:20:51+00:00\" \/>\n<meta property=\"og:image\" content=\"https:\/\/feiasofi.net\/wp-content\/uploads\/2025\/05\/flag_uruguay.gif\" \/>\n\t<meta property=\"og:image:width\" content=\"90\" \/>\n\t<meta property=\"og:image:height\" content=\"60\" \/>\n\t<meta property=\"og:image:type\" content=\"image\/gif\" \/>\n<meta name=\"twitter:card\" content=\"summary_large_image\" \/>\n<meta name=\"twitter:label1\" content=\"Tiempo de lectura\" \/>\n\t<meta name=\"twitter:data1\" content=\"1 minuto\" \/>\n<script type=\"application\/ld+json\" class=\"yoast-schema-graph\">{\"@context\":\"https:\/\/schema.org\",\"@graph\":[{\"@type\":\"WebPage\",\"@id\":\"https:\/\/feiasofi.net\/?page_id=8681\",\"url\":\"https:\/\/feiasofi.net\/?page_id=8681\",\"name\":\"Sociedad Uruguaya de F\u00edsica - Feiasofi\",\"isPartOf\":{\"@id\":\"https:\/\/feiasofi.net\/#website\"},\"primaryImageOfPage\":{\"@id\":\"https:\/\/feiasofi.net\/?page_id=8681#primaryimage\"},\"image\":{\"@id\":\"https:\/\/feiasofi.net\/?page_id=8681#primaryimage\"},\"thumbnailUrl\":\"https:\/\/feiasofi.net\/wp-content\/uploads\/2025\/05\/flag_uruguay.gif\",\"datePublished\":\"2025-05-12T14:07:29+00:00\",\"dateModified\":\"2025-11-26T16:20:51+00:00\",\"breadcrumb\":{\"@id\":\"https:\/\/feiasofi.net\/?page_id=8681#breadcrumb\"},\"inLanguage\":\"es\",\"potentialAction\":[{\"@type\":\"ReadAction\",\"target\":[\"https:\/\/feiasofi.net\/?page_id=8681\"]}]},{\"@type\":\"ImageObject\",\"inLanguage\":\"es\",\"@id\":\"https:\/\/feiasofi.net\/?page_id=8681#primaryimage\",\"url\":\"https:\/\/feiasofi.net\/wp-content\/uploads\/2025\/05\/flag_uruguay.gif\",\"contentUrl\":\"https:\/\/feiasofi.net\/wp-content\/uploads\/2025\/05\/flag_uruguay.gif\",\"width\":90,\"height\":60},{\"@type\":\"BreadcrumbList\",\"@id\":\"https:\/\/feiasofi.net\/?page_id=8681#breadcrumb\",\"itemListElement\":[{\"@type\":\"ListItem\",\"position\":1,\"name\":\"Portada\",\"item\":\"https:\/\/feiasofi.net\/\"},{\"@type\":\"ListItem\",\"position\":2,\"name\":\"Sociedad Uruguaya de F\u00edsica\"}]},{\"@type\":\"WebSite\",\"@id\":\"https:\/\/feiasofi.net\/#website\",\"url\":\"https:\/\/feiasofi.net\/\",\"name\":\"Feiasofi\",\"description\":\"\",\"potentialAction\":[{\"@type\":\"SearchAction\",\"target\":{\"@type\":\"EntryPoint\",\"urlTemplate\":\"https:\/\/feiasofi.net\/?s={search_term_string}\"},\"query-input\":{\"@type\":\"PropertyValueSpecification\",\"valueRequired\":true,\"valueName\":\"search_term_string\"}}],\"inLanguage\":\"es\"}]}<\/script>\n<!-- \/ Yoast SEO plugin. -->","yoast_head_json":{"title":"Sociedad Uruguaya de F\u00edsica - Feiasofi","robots":{"index":"index","follow":"follow","max-snippet":"max-snippet:-1","max-image-preview":"max-image-preview:large","max-video-preview":"max-video-preview:-1"},"canonical":"https:\/\/feiasofi.net\/?page_id=8681","og_locale":"es_ES","og_type":"article","og_title":"Sociedad Uruguaya de F\u00edsica - Feiasofi","og_description":"Sociedad Uruguaya de F\u00edsica Presidente: Sof\u00eda FavreEmail:\u00a0suf at fisica dot edu dot uyWeb:\u00a0http:\/\/suf.fisica.edu.uyVice-presidente:\u00a0Ricardo FaccioSecretaria:\u00a0Lucia AmyTesorera:\u00a0Tom\u00e1s UrruzolaVocal:\u00a0Nicol\u00e1s Pan La Sociedad Uruguaya de F\u00edsica es una entidad sin fines de lucro,\u00a0 creada en Montevideo el 5 de agosto de 1992. Entre sus cometidos se encuentran el de fomentar la investigaci\u00f3n en F\u00edsica en el pa\u00eds.La S.U.F. es [&hellip;]","og_url":"https:\/\/feiasofi.net\/?page_id=8681","og_site_name":"Feiasofi","article_modified_time":"2025-11-26T16:20:51+00:00","og_image":[{"width":90,"height":60,"url":"https:\/\/feiasofi.net\/wp-content\/uploads\/2025\/05\/flag_uruguay.gif","type":"image\/gif"}],"twitter_card":"summary_large_image","twitter_misc":{"Tiempo de lectura":"1 minuto"},"schema":{"@context":"https:\/\/schema.org","@graph":[{"@type":"WebPage","@id":"https:\/\/feiasofi.net\/?page_id=8681","url":"https:\/\/feiasofi.net\/?page_id=8681","name":"Sociedad Uruguaya de F\u00edsica - Feiasofi","isPartOf":{"@id":"https:\/\/feiasofi.net\/#website"},"primaryImageOfPage":{"@id":"https:\/\/feiasofi.net\/?page_id=8681#primaryimage"},"image":{"@id":"https:\/\/feiasofi.net\/?page_id=8681#primaryimage"},"thumbnailUrl":"https:\/\/feiasofi.net\/wp-content\/uploads\/2025\/05\/flag_uruguay.gif","datePublished":"2025-05-12T14:07:29+00:00","dateModified":"2025-11-26T16:20:51+00:00","breadcrumb":{"@id":"https:\/\/feiasofi.net\/?page_id=8681#breadcrumb"},"inLanguage":"es","potentialAction":[{"@type":"ReadAction","target":["https:\/\/feiasofi.net\/?page_id=8681"]}]},{"@type":"ImageObject","inLanguage":"es","@id":"https:\/\/feiasofi.net\/?page_id=8681#primaryimage","url":"https:\/\/feiasofi.net\/wp-content\/uploads\/2025\/05\/flag_uruguay.gif","contentUrl":"https:\/\/feiasofi.net\/wp-content\/uploads\/2025\/05\/flag_uruguay.gif","width":90,"height":60},{"@type":"BreadcrumbList","@id":"https:\/\/feiasofi.net\/?page_id=8681#breadcrumb","itemListElement":[{"@type":"ListItem","position":1,"name":"Portada","item":"https:\/\/feiasofi.net\/"},{"@type":"ListItem","position":2,"name":"Sociedad Uruguaya de F\u00edsica"}]},{"@type":"WebSite","@id":"https:\/\/feiasofi.net\/#website","url":"https:\/\/feiasofi.net\/","name":"Feiasofi","description":"","potentialAction":[{"@type":"SearchAction","target":{"@type":"EntryPoint","urlTemplate":"https:\/\/feiasofi.net\/?s={search_term_string}"},"query-input":{"@type":"PropertyValueSpecification","valueRequired":true,"valueName":"search_term_string"}}],"inLanguage":"es"}]}},"_links":{"self":[{"href":"https:\/\/feiasofi.net\/index.php?rest_route=\/wp\/v2\/pages\/8681","targetHints":{"allow":["GET"]}}],"collection":[{"href":"https:\/\/feiasofi.net\/index.php?rest_route=\/wp\/v2\/pages"}],"about":[{"href":"https:\/\/feiasofi.net\/index.php?rest_route=\/wp\/v2\/types\/page"}],"author":[{"embeddable":true,"href":"https:\/\/feiasofi.net\/index.php?rest_route=\/wp\/v2\/users\/1"}],"replies":[{"embeddable":true,"href":"https:\/\/feiasofi.net\/index.php?rest_route=%2Fwp%2Fv2%2Fcomments&post=8681"}],"version-history":[{"count":10,"href":"https:\/\/feiasofi.net\/index.php?rest_route=\/wp\/v2\/pages\/8681\/revisions"}],"predecessor-version":[{"id":9123,"href":"https:\/\/feiasofi.net\/index.php?rest_route=\/wp\/v2\/pages\/8681\/revisions\/9123"}],"wp:attachment":[{"href":"https:\/\/feiasofi.net\/index.php?rest_route=%2Fwp%2Fv2%2Fmedia&parent=8681"}],"curies":[{"name":"wp","href":"https:\/\/api.w.org\/{rel}","templated":true}]}}