{"id":8692,"date":"2025-05-12T14:13:56","date_gmt":"2025-05-12T14:13:56","guid":{"rendered":"https:\/\/feiasofi.net\/?page_id=8692"},"modified":"2025-11-26T16:21:47","modified_gmt":"2025-11-26T16:21:47","slug":"sociedad-venezolana-de-fisica","status":"publish","type":"page","link":"https:\/\/feiasofi.net\/?page_id=8692","title":{"rendered":"Sociedad Venezolana de F\u00edsica"},"content":{"rendered":"\t\t<div data-elementor-type=\"wp-page\" data-elementor-id=\"8692\" class=\"elementor elementor-8692\">\n\t\t\t\t<div class=\"elementor-element elementor-element-39ec605 e-flex e-con-boxed e-con e-parent\" data-id=\"39ec605\" data-element_type=\"container\" data-e-type=\"container\">\n\t\t\t\t\t<div class=\"e-con-inner\">\n\t\t\t\t<div class=\"elementor-element elementor-element-1a46fe6 elementor-widget elementor-widget-heading\" data-id=\"1a46fe6\" data-element_type=\"widget\" data-e-type=\"widget\" data-widget_type=\"heading.default\">\n\t\t\t\t<div class=\"elementor-widget-container\">\n\t\t\t\t\t<h2 class=\"elementor-heading-title elementor-size-default\">Sociedad Venezolana de F\u00edsica<\/h2>\t\t\t\t<\/div>\n\t\t\t\t<\/div>\n\t\t\t\t\t<\/div>\n\t\t\t\t<\/div>\n\t\t<div class=\"elementor-element elementor-element-8d570ac e-flex e-con-boxed e-con e-parent\" data-id=\"8d570ac\" data-element_type=\"container\" data-e-type=\"container\">\n\t\t\t\t\t<div class=\"e-con-inner\">\n\t\t<div class=\"elementor-element elementor-element-974d320 e-con-full e-flex e-con e-child\" data-id=\"974d320\" data-element_type=\"container\" data-e-type=\"container\">\n\t\t\t\t<div class=\"elementor-element elementor-element-f82c08a elementor-widget elementor-widget-image\" data-id=\"f82c08a\" data-element_type=\"widget\" data-e-type=\"widget\" data-widget_type=\"image.default\">\n\t\t\t\t<div class=\"elementor-widget-container\">\n\t\t\t\t\t\t\t\t\t\t\t\t\t\t\t<img decoding=\"async\" width=\"90\" height=\"60\" src=\"https:\/\/feiasofi.net\/wp-content\/uploads\/2025\/05\/flag_venezuela.gif\" class=\"attachment-large size-large wp-image-8694\" alt=\"\" \/>\t\t\t\t\t\t\t\t\t\t\t\t\t\t\t<\/div>\n\t\t\t\t<\/div>\n\t\t\t\t<\/div>\n\t\t<div class=\"elementor-element elementor-element-2fe2286 e-con-full e-flex e-con e-child\" data-id=\"2fe2286\" data-element_type=\"container\" data-e-type=\"container\">\n\t\t\t\t<div class=\"elementor-element elementor-element-c8bf568 elementor-widget elementor-widget-text-editor\" data-id=\"c8bf568\" data-element_type=\"widget\" data-e-type=\"widget\" data-widget_type=\"text-editor.default\">\n\t\t\t\t<div class=\"elementor-widget-container\">\n\t\t\t\t\t\t\t\t\t<p><strong>Presidente<\/strong>:\u00a0Jorge Stephany<br \/><strong>email<\/strong>:\u00a0<span id=\"cloakd9b291e47a88b194cbce73245d9159ae\">svf at fis dot usb dot ve, svf at fisica dot ciens dot ucv dot ve<\/span>\u00a0<br \/><strong>Web<\/strong>:\u00a0<a href=\"http:\/\/fisica.ciens.ucv.ve\/svf\">http:\/\/fisica.ciens.ucv.ve\/svf<\/a>\u00a0<\/p><p><strong>Direcci\u00f3n:<\/strong>\u00a0Sociedad Venezolana de F\u00edsica (SVF)\u00a0AP 89000, Caracas 1081-A, Venezuela<\/p>\t\t\t\t\t\t\t\t<\/div>\n\t\t\t\t<\/div>\n\t\t\t\t<\/div>\n\t\t\t\t\t<\/div>\n\t\t\t\t<\/div>\n\t\t<div class=\"elementor-element elementor-element-cbe0850 e-flex e-con-boxed e-con e-parent\" data-id=\"cbe0850\" data-element_type=\"container\" data-e-type=\"container\">\n\t\t\t\t\t<div class=\"e-con-inner\">\n\t\t\t\t<div class=\"elementor-element elementor-element-7064163 elementor-widget elementor-widget-text-editor\" data-id=\"7064163\" data-element_type=\"widget\" data-e-type=\"widget\" data-widget_type=\"text-editor.default\">\n\t\t\t\t<div class=\"elementor-widget-container\">\n\t\t\t\t\t\t\t\t\t<p>Constituyen los objetivos de la Sociedad:<\/p><ul><li style=\"list-style-type: none;\"><ul><li>a) Fomentar la investigaci\u00f3n en F\u00edsica.<\/li><li>b) Agrupar a todos los investigadores en F\u00edsica y fomentar su mutua comunicaci\u00f3n.<\/li><li>c) Asesorar a los organismos competentes en la ense\u00f1anza e investigaci\u00f3n en F\u00edsica a todos sus niveles. En particular, la Sociedad establecer\u00e1 criterios m\u00ednimos de calidad para la ense\u00f1anza en F\u00edsica a todos sus niveles y velar\u00e1, en la medida de sus posibilidades, por el cumplimiento de tales criterios.<\/li><li>d) Fomentar la participaci\u00f3n de los profesionales de la F\u00edsica en las actividades del pa\u00eds que se relacionen con la F\u00edsica y sus aplicaciones.<\/li><\/ul><\/li><\/ul><p>Para lograr estos objetivos la Sociedad podr\u00e1:<\/p><ul><li style=\"list-style-type: none;\"><ul><li>1) Promover reuniones, conferencias, cursos, simposios, publicaciones ocasionales y peri\u00f3dicas, as\u00ed como cualquier otra actividad que considerare conveniente.<\/li><li>2) Procurar la obtenci\u00f3n de los recursos econ\u00f3micos que fueren necesarios o convenientes para el logro de sus fines.<\/li><li>3) Realizar cualquier tipo de acto jur\u00eddico, incluyendo la celebraci\u00f3n de contratos, que sea considerado necesario para llevar a cabo sus objetivos.<\/li><li>4) Llevar a cabo cualquier otro tipo de acci\u00f3n que se juzgue conveniente a sus fines, ya que las anteriores no son taxativas.<\/li><\/ul><\/li><\/ul>\t\t\t\t\t\t\t\t<\/div>\n\t\t\t\t<\/div>\n\t\t\t\t\t<\/div>\n\t\t\t\t<\/div>\n\t\t\t\t<\/div>\n\t\t","protected":false},"excerpt":{"rendered":"<p>Sociedad Venezolana de F\u00edsica Presidente:\u00a0Jorge Stephanyemail:\u00a0svf at fis dot usb dot ve, svf at fisica dot ciens dot ucv dot ve\u00a0Web:\u00a0http:\/\/fisica.ciens.ucv.ve\/svf\u00a0 Direcci\u00f3n:\u00a0Sociedad Venezolana de F\u00edsica (SVF)\u00a0AP 89000, Caracas 1081-A, Venezuela Constituyen los objetivos de la Sociedad: a) Fomentar la investigaci\u00f3n en F\u00edsica. b) Agrupar a todos los investigadores en F\u00edsica y fomentar su mutua comunicaci\u00f3n. [&hellip;]<\/p>\n","protected":false},"author":1,"featured_media":0,"parent":0,"menu_order":0,"comment_status":"closed","ping_status":"closed","template":"elementor_header_footer","meta":{"footnotes":""},"class_list":["post-8692","page","type-page","status-publish","hentry"],"yoast_head":"<!-- This site is optimized with the Yoast SEO plugin v27.1.1 - https:\/\/yoast.com\/product\/yoast-seo-wordpress\/ -->\n<title>Sociedad Venezolana de F\u00edsica - Feiasofi<\/title>\n<meta name=\"robots\" content=\"index, follow, max-snippet:-1, max-image-preview:large, max-video-preview:-1\" \/>\n<link rel=\"canonical\" href=\"https:\/\/feiasofi.net\/?page_id=8692\" \/>\n<meta property=\"og:locale\" content=\"es_ES\" \/>\n<meta property=\"og:type\" content=\"article\" \/>\n<meta property=\"og:title\" content=\"Sociedad Venezolana de F\u00edsica - Feiasofi\" \/>\n<meta property=\"og:description\" content=\"Sociedad Venezolana de F\u00edsica Presidente:\u00a0Jorge Stephanyemail:\u00a0svf at fis dot usb dot ve, svf at fisica dot ciens dot ucv dot ve\u00a0Web:\u00a0http:\/\/fisica.ciens.ucv.ve\/svf\u00a0 Direcci\u00f3n:\u00a0Sociedad Venezolana de F\u00edsica (SVF)\u00a0AP 89000, Caracas 1081-A, Venezuela Constituyen los objetivos de la Sociedad: a) Fomentar la investigaci\u00f3n en F\u00edsica. b) Agrupar a todos los investigadores en F\u00edsica y fomentar su mutua comunicaci\u00f3n. [&hellip;]\" \/>\n<meta property=\"og:url\" content=\"https:\/\/feiasofi.net\/?page_id=8692\" \/>\n<meta property=\"og:site_name\" content=\"Feiasofi\" \/>\n<meta property=\"article:modified_time\" content=\"2025-11-26T16:21:47+00:00\" \/>\n<meta property=\"og:image\" content=\"https:\/\/feiasofi.net\/wp-content\/uploads\/2025\/05\/flag_venezuela.gif\" \/>\n\t<meta property=\"og:image:width\" content=\"90\" \/>\n\t<meta property=\"og:image:height\" content=\"60\" \/>\n\t<meta property=\"og:image:type\" content=\"image\/gif\" \/>\n<meta name=\"twitter:card\" content=\"summary_large_image\" \/>\n<meta name=\"twitter:label1\" content=\"Tiempo de lectura\" \/>\n\t<meta name=\"twitter:data1\" content=\"2 minutos\" \/>\n<script type=\"application\/ld+json\" class=\"yoast-schema-graph\">{\"@context\":\"https:\/\/schema.org\",\"@graph\":[{\"@type\":\"WebPage\",\"@id\":\"https:\/\/feiasofi.net\/?page_id=8692\",\"url\":\"https:\/\/feiasofi.net\/?page_id=8692\",\"name\":\"Sociedad Venezolana de F\u00edsica - Feiasofi\",\"isPartOf\":{\"@id\":\"https:\/\/feiasofi.net\/#website\"},\"primaryImageOfPage\":{\"@id\":\"https:\/\/feiasofi.net\/?page_id=8692#primaryimage\"},\"image\":{\"@id\":\"https:\/\/feiasofi.net\/?page_id=8692#primaryimage\"},\"thumbnailUrl\":\"https:\/\/feiasofi.net\/wp-content\/uploads\/2025\/05\/flag_venezuela.gif\",\"datePublished\":\"2025-05-12T14:13:56+00:00\",\"dateModified\":\"2025-11-26T16:21:47+00:00\",\"breadcrumb\":{\"@id\":\"https:\/\/feiasofi.net\/?page_id=8692#breadcrumb\"},\"inLanguage\":\"es\",\"potentialAction\":[{\"@type\":\"ReadAction\",\"target\":[\"https:\/\/feiasofi.net\/?page_id=8692\"]}]},{\"@type\":\"ImageObject\",\"inLanguage\":\"es\",\"@id\":\"https:\/\/feiasofi.net\/?page_id=8692#primaryimage\",\"url\":\"https:\/\/feiasofi.net\/wp-content\/uploads\/2025\/05\/flag_venezuela.gif\",\"contentUrl\":\"https:\/\/feiasofi.net\/wp-content\/uploads\/2025\/05\/flag_venezuela.gif\",\"width\":90,\"height\":60},{\"@type\":\"BreadcrumbList\",\"@id\":\"https:\/\/feiasofi.net\/?page_id=8692#breadcrumb\",\"itemListElement\":[{\"@type\":\"ListItem\",\"position\":1,\"name\":\"Portada\",\"item\":\"https:\/\/feiasofi.net\/\"},{\"@type\":\"ListItem\",\"position\":2,\"name\":\"Sociedad Venezolana de F\u00edsica\"}]},{\"@type\":\"WebSite\",\"@id\":\"https:\/\/feiasofi.net\/#website\",\"url\":\"https:\/\/feiasofi.net\/\",\"name\":\"Feiasofi\",\"description\":\"\",\"potentialAction\":[{\"@type\":\"SearchAction\",\"target\":{\"@type\":\"EntryPoint\",\"urlTemplate\":\"https:\/\/feiasofi.net\/?s={search_term_string}\"},\"query-input\":{\"@type\":\"PropertyValueSpecification\",\"valueRequired\":true,\"valueName\":\"search_term_string\"}}],\"inLanguage\":\"es\"}]}<\/script>\n<!-- \/ Yoast SEO plugin. -->","yoast_head_json":{"title":"Sociedad Venezolana de F\u00edsica - Feiasofi","robots":{"index":"index","follow":"follow","max-snippet":"max-snippet:-1","max-image-preview":"max-image-preview:large","max-video-preview":"max-video-preview:-1"},"canonical":"https:\/\/feiasofi.net\/?page_id=8692","og_locale":"es_ES","og_type":"article","og_title":"Sociedad Venezolana de F\u00edsica - Feiasofi","og_description":"Sociedad Venezolana de F\u00edsica Presidente:\u00a0Jorge Stephanyemail:\u00a0svf at fis dot usb dot ve, svf at fisica dot ciens dot ucv dot ve\u00a0Web:\u00a0http:\/\/fisica.ciens.ucv.ve\/svf\u00a0 Direcci\u00f3n:\u00a0Sociedad Venezolana de F\u00edsica (SVF)\u00a0AP 89000, Caracas 1081-A, Venezuela Constituyen los objetivos de la Sociedad: a) Fomentar la investigaci\u00f3n en F\u00edsica. b) Agrupar a todos los investigadores en F\u00edsica y fomentar su mutua comunicaci\u00f3n. [&hellip;]","og_url":"https:\/\/feiasofi.net\/?page_id=8692","og_site_name":"Feiasofi","article_modified_time":"2025-11-26T16:21:47+00:00","og_image":[{"width":90,"height":60,"url":"https:\/\/feiasofi.net\/wp-content\/uploads\/2025\/05\/flag_venezuela.gif","type":"image\/gif"}],"twitter_card":"summary_large_image","twitter_misc":{"Tiempo de lectura":"2 minutos"},"schema":{"@context":"https:\/\/schema.org","@graph":[{"@type":"WebPage","@id":"https:\/\/feiasofi.net\/?page_id=8692","url":"https:\/\/feiasofi.net\/?page_id=8692","name":"Sociedad Venezolana de F\u00edsica - Feiasofi","isPartOf":{"@id":"https:\/\/feiasofi.net\/#website"},"primaryImageOfPage":{"@id":"https:\/\/feiasofi.net\/?page_id=8692#primaryimage"},"image":{"@id":"https:\/\/feiasofi.net\/?page_id=8692#primaryimage"},"thumbnailUrl":"https:\/\/feiasofi.net\/wp-content\/uploads\/2025\/05\/flag_venezuela.gif","datePublished":"2025-05-12T14:13:56+00:00","dateModified":"2025-11-26T16:21:47+00:00","breadcrumb":{"@id":"https:\/\/feiasofi.net\/?page_id=8692#breadcrumb"},"inLanguage":"es","potentialAction":[{"@type":"ReadAction","target":["https:\/\/feiasofi.net\/?page_id=8692"]}]},{"@type":"ImageObject","inLanguage":"es","@id":"https:\/\/feiasofi.net\/?page_id=8692#primaryimage","url":"https:\/\/feiasofi.net\/wp-content\/uploads\/2025\/05\/flag_venezuela.gif","contentUrl":"https:\/\/feiasofi.net\/wp-content\/uploads\/2025\/05\/flag_venezuela.gif","width":90,"height":60},{"@type":"BreadcrumbList","@id":"https:\/\/feiasofi.net\/?page_id=8692#breadcrumb","itemListElement":[{"@type":"ListItem","position":1,"name":"Portada","item":"https:\/\/feiasofi.net\/"},{"@type":"ListItem","position":2,"name":"Sociedad Venezolana de F\u00edsica"}]},{"@type":"WebSite","@id":"https:\/\/feiasofi.net\/#website","url":"https:\/\/feiasofi.net\/","name":"Feiasofi","description":"","potentialAction":[{"@type":"SearchAction","target":{"@type":"EntryPoint","urlTemplate":"https:\/\/feiasofi.net\/?s={search_term_string}"},"query-input":{"@type":"PropertyValueSpecification","valueRequired":true,"valueName":"search_term_string"}}],"inLanguage":"es"}]}},"_links":{"self":[{"href":"https:\/\/feiasofi.net\/index.php?rest_route=\/wp\/v2\/pages\/8692","targetHints":{"allow":["GET"]}}],"collection":[{"href":"https:\/\/feiasofi.net\/index.php?rest_route=\/wp\/v2\/pages"}],"about":[{"href":"https:\/\/feiasofi.net\/index.php?rest_route=\/wp\/v2\/types\/page"}],"author":[{"embeddable":true,"href":"https:\/\/feiasofi.net\/index.php?rest_route=\/wp\/v2\/users\/1"}],"replies":[{"embeddable":true,"href":"https:\/\/feiasofi.net\/index.php?rest_route=%2Fwp%2Fv2%2Fcomments&post=8692"}],"version-history":[{"count":10,"href":"https:\/\/feiasofi.net\/index.php?rest_route=\/wp\/v2\/pages\/8692\/revisions"}],"predecessor-version":[{"id":9126,"href":"https:\/\/feiasofi.net\/index.php?rest_route=\/wp\/v2\/pages\/8692\/revisions\/9126"}],"wp:attachment":[{"href":"https:\/\/feiasofi.net\/index.php?rest_route=%2Fwp%2Fv2%2Fmedia&parent=8692"}],"curies":[{"name":"wp","href":"https:\/\/api.w.org\/{rel}","templated":true}]}}