{"id":8702,"date":"2025-05-12T14:22:43","date_gmt":"2025-05-12T14:22:43","guid":{"rendered":"https:\/\/feiasofi.net\/?page_id=8702"},"modified":"2025-05-12T14:23:52","modified_gmt":"2025-05-12T14:23:52","slug":"sociedad-centroamericana-y-del-caribe-de-fisica","status":"publish","type":"page","link":"https:\/\/feiasofi.net\/?page_id=8702","title":{"rendered":"Sociedad Centroamericana y del Caribe de F\u00edsica"},"content":{"rendered":"\t\t<div data-elementor-type=\"wp-page\" data-elementor-id=\"8702\" class=\"elementor elementor-8702\">\n\t\t\t\t<div class=\"elementor-element elementor-element-3d49d07 e-flex e-con-boxed e-con e-parent\" data-id=\"3d49d07\" data-element_type=\"container\" data-e-type=\"container\">\n\t\t\t\t\t<div class=\"e-con-inner\">\n\t\t\t\t<div class=\"elementor-element elementor-element-1405e1a elementor-widget elementor-widget-heading\" data-id=\"1405e1a\" data-element_type=\"widget\" data-e-type=\"widget\" data-widget_type=\"heading.default\">\n\t\t\t\t<div class=\"elementor-widget-container\">\n\t\t\t\t\t<h2 class=\"elementor-heading-title elementor-size-default\">Sociedad Centroamericana y del Caribe de F\u00edsica<\/h2>\t\t\t\t<\/div>\n\t\t\t\t<\/div>\n\t\t\t\t\t<\/div>\n\t\t\t\t<\/div>\n\t\t<div class=\"elementor-element elementor-element-76f210b e-flex e-con-boxed e-con e-parent\" data-id=\"76f210b\" data-element_type=\"container\" data-e-type=\"container\">\n\t\t\t\t\t<div class=\"e-con-inner\">\n\t\t\t\t<div class=\"elementor-element elementor-element-06a768c elementor-widget elementor-widget-text-editor\" data-id=\"06a768c\" data-element_type=\"widget\" data-e-type=\"widget\" data-widget_type=\"text-editor.default\">\n\t\t\t\t<div class=\"elementor-widget-container\">\n\t\t\t\t\t\t\t\t\t<div><p><strong>Sociedad Centroamericana y del Caribe de F\u00edsica<br \/>SOCECAF<br \/>Presidente<\/strong>:\u00a0<br \/><strong>email<\/strong>: \u00a0<br \/><strong>Web<\/strong>: En preparaci\u00f3n<a href=\"https:\/\/www.feiasofi.net\/%22http:\/www.geocities.com\/cocecaf%22\" target=\"&quot;_blank&quot;\"><br \/><\/a><\/p><p align=\"&quot;left&quot;\">La Sociedad Centroamericana y del Caribe de F\u00edsica es una Organizaci\u00f3n sin fines de lucro, que agrupa a sociedades, asociaciones y colegios de F\u00edsicos de El Salvador, Cuba, Guatemala, Costa Rica, Panam\u00e1, Honduras, Nicaragua y Rep\u00fablica Dominicana.<\/p><p align=\"&quot;left&quot;\"><strong>Los fines de la SOCECAF son:<\/strong><\/p><ul><li><div align=\"&quot;left&quot;\">Luchar por el desarrollo, fomento y divulgaci\u00f3n de la F\u00edsica en todos sus campos.<\/div><\/li><li><div align=\"&quot;left&quot;\">Promover la aplicaci\u00f3n de la F\u00edsica para lograr el progreso cient\u00edfico, tecnol\u00f3gico y cultural de los pa\u00edses miembros.<\/div><\/li><li><div align=\"&quot;left&quot;\">Promover el intercambio cient\u00edfico entre sus miembros.<\/div><\/li><li><div align=\"&quot;left&quot;\">Mantener intercambio cient\u00edfico con organizaciones que persigan fines similares.<\/div><\/li><li><div align=\"&quot;left&quot;\">Promover el bienestar y mejoramiento de la ense\u00f1anza y la investigaci\u00f3n de la F\u00edsica en todos sus niveles.<\/div><\/li><\/ul><\/div><p class=\"article-tags\">Tags:\u00a0<a href=\"https:\/\/www.feiasofi.net\/index.php\/component\/tags\/tag\/socecaf\">SOCECAF,\u00a0<\/a>,\u00a0<a href=\"https:\/\/www.feiasofi.net\/index.php\/component\/tags\/tag\/paises-miembros\">Pa\u00edses Miembros<\/a><\/p>\t\t\t\t\t\t\t\t<\/div>\n\t\t\t\t<\/div>\n\t\t\t\t\t<\/div>\n\t\t\t\t<\/div>\n\t\t\t\t<\/div>\n\t\t","protected":false},"excerpt":{"rendered":"<p>Sociedad Centroamericana y del Caribe de F\u00edsica Sociedad Centroamericana y del Caribe de F\u00edsicaSOCECAFPresidente:\u00a0email: \u00a0Web: En preparaci\u00f3n La Sociedad Centroamericana y del Caribe de F\u00edsica es una Organizaci\u00f3n sin fines de lucro, que agrupa a sociedades, asociaciones y colegios de F\u00edsicos de El Salvador, Cuba, Guatemala, Costa Rica, Panam\u00e1, Honduras, Nicaragua y Rep\u00fablica Dominicana. Los [&hellip;]<\/p>\n","protected":false},"author":1,"featured_media":0,"parent":0,"menu_order":0,"comment_status":"closed","ping_status":"closed","template":"elementor_header_footer","meta":{"footnotes":""},"class_list":["post-8702","page","type-page","status-publish","hentry"],"yoast_head":"<!-- This site is optimized with the Yoast SEO plugin v27.1.1 - https:\/\/yoast.com\/product\/yoast-seo-wordpress\/ -->\n<title>Sociedad Centroamericana y del Caribe de F\u00edsica - Feiasofi<\/title>\n<meta name=\"robots\" content=\"index, follow, max-snippet:-1, max-image-preview:large, max-video-preview:-1\" \/>\n<link rel=\"canonical\" href=\"https:\/\/feiasofi.net\/?page_id=8702\" \/>\n<meta property=\"og:locale\" content=\"es_ES\" \/>\n<meta property=\"og:type\" content=\"article\" \/>\n<meta property=\"og:title\" content=\"Sociedad Centroamericana y del Caribe de F\u00edsica - Feiasofi\" \/>\n<meta property=\"og:description\" content=\"Sociedad Centroamericana y del Caribe de F\u00edsica Sociedad Centroamericana y del Caribe de F\u00edsicaSOCECAFPresidente:\u00a0email: \u00a0Web: En preparaci\u00f3n La Sociedad Centroamericana y del Caribe de F\u00edsica es una Organizaci\u00f3n sin fines de lucro, que agrupa a sociedades, asociaciones y colegios de F\u00edsicos de El Salvador, Cuba, Guatemala, Costa Rica, Panam\u00e1, Honduras, Nicaragua y Rep\u00fablica Dominicana. Los [&hellip;]\" \/>\n<meta property=\"og:url\" content=\"https:\/\/feiasofi.net\/?page_id=8702\" \/>\n<meta property=\"og:site_name\" content=\"Feiasofi\" \/>\n<meta property=\"article:modified_time\" content=\"2025-05-12T14:23:52+00:00\" \/>\n<meta name=\"twitter:card\" content=\"summary_large_image\" \/>\n<meta name=\"twitter:label1\" content=\"Tiempo de lectura\" \/>\n\t<meta name=\"twitter:data1\" content=\"1 minuto\" \/>\n<script type=\"application\/ld+json\" class=\"yoast-schema-graph\">{\"@context\":\"https:\/\/schema.org\",\"@graph\":[{\"@type\":\"WebPage\",\"@id\":\"https:\/\/feiasofi.net\/?page_id=8702\",\"url\":\"https:\/\/feiasofi.net\/?page_id=8702\",\"name\":\"Sociedad Centroamericana y del Caribe de F\u00edsica - Feiasofi\",\"isPartOf\":{\"@id\":\"https:\/\/feiasofi.net\/#website\"},\"datePublished\":\"2025-05-12T14:22:43+00:00\",\"dateModified\":\"2025-05-12T14:23:52+00:00\",\"breadcrumb\":{\"@id\":\"https:\/\/feiasofi.net\/?page_id=8702#breadcrumb\"},\"inLanguage\":\"es\",\"potentialAction\":[{\"@type\":\"ReadAction\",\"target\":[\"https:\/\/feiasofi.net\/?page_id=8702\"]}]},{\"@type\":\"BreadcrumbList\",\"@id\":\"https:\/\/feiasofi.net\/?page_id=8702#breadcrumb\",\"itemListElement\":[{\"@type\":\"ListItem\",\"position\":1,\"name\":\"Portada\",\"item\":\"https:\/\/feiasofi.net\/\"},{\"@type\":\"ListItem\",\"position\":2,\"name\":\"Sociedad Centroamericana y del Caribe de F\u00edsica\"}]},{\"@type\":\"WebSite\",\"@id\":\"https:\/\/feiasofi.net\/#website\",\"url\":\"https:\/\/feiasofi.net\/\",\"name\":\"Feiasofi\",\"description\":\"\",\"potentialAction\":[{\"@type\":\"SearchAction\",\"target\":{\"@type\":\"EntryPoint\",\"urlTemplate\":\"https:\/\/feiasofi.net\/?s={search_term_string}\"},\"query-input\":{\"@type\":\"PropertyValueSpecification\",\"valueRequired\":true,\"valueName\":\"search_term_string\"}}],\"inLanguage\":\"es\"}]}<\/script>\n<!-- \/ Yoast SEO plugin. -->","yoast_head_json":{"title":"Sociedad Centroamericana y del Caribe de F\u00edsica - Feiasofi","robots":{"index":"index","follow":"follow","max-snippet":"max-snippet:-1","max-image-preview":"max-image-preview:large","max-video-preview":"max-video-preview:-1"},"canonical":"https:\/\/feiasofi.net\/?page_id=8702","og_locale":"es_ES","og_type":"article","og_title":"Sociedad Centroamericana y del Caribe de F\u00edsica - Feiasofi","og_description":"Sociedad Centroamericana y del Caribe de F\u00edsica Sociedad Centroamericana y del Caribe de F\u00edsicaSOCECAFPresidente:\u00a0email: \u00a0Web: En preparaci\u00f3n La Sociedad Centroamericana y del Caribe de F\u00edsica es una Organizaci\u00f3n sin fines de lucro, que agrupa a sociedades, asociaciones y colegios de F\u00edsicos de El Salvador, Cuba, Guatemala, Costa Rica, Panam\u00e1, Honduras, Nicaragua y Rep\u00fablica Dominicana. Los [&hellip;]","og_url":"https:\/\/feiasofi.net\/?page_id=8702","og_site_name":"Feiasofi","article_modified_time":"2025-05-12T14:23:52+00:00","twitter_card":"summary_large_image","twitter_misc":{"Tiempo de lectura":"1 minuto"},"schema":{"@context":"https:\/\/schema.org","@graph":[{"@type":"WebPage","@id":"https:\/\/feiasofi.net\/?page_id=8702","url":"https:\/\/feiasofi.net\/?page_id=8702","name":"Sociedad Centroamericana y del Caribe de F\u00edsica - Feiasofi","isPartOf":{"@id":"https:\/\/feiasofi.net\/#website"},"datePublished":"2025-05-12T14:22:43+00:00","dateModified":"2025-05-12T14:23:52+00:00","breadcrumb":{"@id":"https:\/\/feiasofi.net\/?page_id=8702#breadcrumb"},"inLanguage":"es","potentialAction":[{"@type":"ReadAction","target":["https:\/\/feiasofi.net\/?page_id=8702"]}]},{"@type":"BreadcrumbList","@id":"https:\/\/feiasofi.net\/?page_id=8702#breadcrumb","itemListElement":[{"@type":"ListItem","position":1,"name":"Portada","item":"https:\/\/feiasofi.net\/"},{"@type":"ListItem","position":2,"name":"Sociedad Centroamericana y del Caribe de F\u00edsica"}]},{"@type":"WebSite","@id":"https:\/\/feiasofi.net\/#website","url":"https:\/\/feiasofi.net\/","name":"Feiasofi","description":"","potentialAction":[{"@type":"SearchAction","target":{"@type":"EntryPoint","urlTemplate":"https:\/\/feiasofi.net\/?s={search_term_string}"},"query-input":{"@type":"PropertyValueSpecification","valueRequired":true,"valueName":"search_term_string"}}],"inLanguage":"es"}]}},"_links":{"self":[{"href":"https:\/\/feiasofi.net\/index.php?rest_route=\/wp\/v2\/pages\/8702","targetHints":{"allow":["GET"]}}],"collection":[{"href":"https:\/\/feiasofi.net\/index.php?rest_route=\/wp\/v2\/pages"}],"about":[{"href":"https:\/\/feiasofi.net\/index.php?rest_route=\/wp\/v2\/types\/page"}],"author":[{"embeddable":true,"href":"https:\/\/feiasofi.net\/index.php?rest_route=\/wp\/v2\/users\/1"}],"replies":[{"embeddable":true,"href":"https:\/\/feiasofi.net\/index.php?rest_route=%2Fwp%2Fv2%2Fcomments&post=8702"}],"version-history":[{"count":7,"href":"https:\/\/feiasofi.net\/index.php?rest_route=\/wp\/v2\/pages\/8702\/revisions"}],"predecessor-version":[{"id":8710,"href":"https:\/\/feiasofi.net\/index.php?rest_route=\/wp\/v2\/pages\/8702\/revisions\/8710"}],"wp:attachment":[{"href":"https:\/\/feiasofi.net\/index.php?rest_route=%2Fwp%2Fv2%2Fmedia&parent=8702"}],"curies":[{"name":"wp","href":"https:\/\/api.w.org\/{rel}","templated":true}]}}